{"id":141781,"date":"2026-04-15T11:00:09","date_gmt":"2026-04-15T09:00:09","guid":{"rendered":"https:\/\/primacover.com\/primacover\/"},"modified":"2026-04-22T10:02:22","modified_gmt":"2026-04-22T08:02:22","slug":"primacover","status":"publish","type":"page","link":"https:\/\/primacover.com\/da\/","title":{"rendered":"PrimaCover"},"content":{"rendered":"\n<div class=\"wp-block-group\"><div class=\"wp-block-group__inner-container is-layout-flow wp-block-group-is-layout-flow\">\n<h1 class=\"wp-block-heading has-text-align-center\" id=\"h-rent-og-sikkert-arbejde-med-primacover\"><strong>Rent og sikkert arbejde med PrimaCover<\/strong><\/h1>\n\n\n\n<h2 class=\"wp-block-heading has-text-align-center\" id=\"h-afdaekningsmateriale-afdaekningsfilt-afdaekningsfolie-stovdore-og-specialtape\">Afd\u00e6kningsmateriale, afd\u00e6kningsfilt, afd\u00e6kningsfolie, st\u00f8vd\u00f8re og specialtape<\/h2>\n<\/div><\/div>\n\n\n\n<div class=\"wp-block-group\"><div class=\"wp-block-group__inner-container is-layout-flow wp-block-group-is-layout-flow\">\n<div class=\"wp-block-columns has-3-columns is-layout-flex wp-container-core-columns-is-layout-9d6595d7 wp-block-columns-is-layout-flex\">\n<div class=\"wp-block-column is-layout-flow wp-block-column-is-layout-flow\">\n<h3 class=\"wp-block-heading\" id=\"h-afdaekningsfilt-afdaekningsfolie-og-stovdore\">Afd\u00e6kningsfilt, afd\u00e6kningsfolie og st\u00f8vd\u00f8re<\/h3>\n\n\n\n<p><strong><strong><strong>Bygge-, ombygnings- og renoveringsarbejder skal udf\u00f8res p\u00e5 en ren og sikker m\u00e5de. Beskyt derfor underlaget og arbejdsmilj\u00f8et med PrimaCover produkter.<\/strong><\/strong><\/strong><\/p>\n\n\n\n<p>Vi har et hurtigt voksende sortiment af afd\u00e6kningsfilt, afd\u00e6kningsfolie, st\u00f8vd\u00f8re og tape. Da PrimaCover har egen produktudvikling og produktion, kan alle brugere regne med gennemt\u00e6nkte produkter af h\u00f8j kvalitet. Disse afd\u00e6kningsmaterialer i topkvalitet bruges dagligt i praksis af virksomheder, ansatte og freelancere inden for en lang r\u00e6kke forskellige brancher:<\/p>\n\n\n\n<ul class=\"wp-block-list\">\n<li>Byggeri<\/li>\n\n\n\n<li>Renovering<\/li>\n\n\n\n<li>Efterbehandling<\/li>\n\n\n\n<li>Renovering<\/li>\n\n\n\n<li>Maling<\/li>\n\n\n\n<li>G\u00f8r-det-selv (DIY)<\/li>\n\n\n\n<li>Teknisk vedligeholdelse<\/li>\n\n\n\n<li>Arrangementer<\/li>\n\n\n\n<li>S\u00f8fart<\/li>\n\n\n\n<li>etc<\/li>\n<\/ul>\n<\/div>\n\n\n\n<div class=\"wp-block-column is-layout-flow wp-block-column-is-layout-flow\">\n<h3 class=\"wp-block-heading\" id=\"h-fordelene-ved-primacover\">Fordelene ved PrimaCover<\/h3>\n\n\n\n<ul class=\"wp-block-list\">\n<li>Sikker beskyttelse af gulve, trapper og lokaler<\/li>\n\n\n\n<li>Forebygger reparationsomkostninger og tvister<\/li>\n\n\n\n<li>Produktudvikling med brugerens behov for \u00f8je<\/li>\n\n\n\n<li>Kvalitet, der har bevist sit v\u00e6rd i praksis<\/li>\n\n\n\n<li>Professionelt udseende<\/li>\n<\/ul>\n<\/div>\n\n\n\n<div class=\"wp-block-column is-layout-flow wp-block-column-is-layout-flow\">\n<figure class=\"wp-block-image size-large\"><img loading=\"lazy\" decoding=\"async\" width=\"600\" height=\"399\" src=\"https:\/\/primacover.com\/wp-content\/uploads\/2021\/03\/PrimaCover-Robust-Prefab-Trap.jpg\" alt=\"PrimaCover Robust Prefab Trap\" class=\"wp-image-14659\" srcset=\"https:\/\/primacover.com\/wp-content\/uploads\/2021\/03\/PrimaCover-Robust-Prefab-Trap.jpg 600w, https:\/\/primacover.com\/wp-content\/uploads\/2021\/03\/PrimaCover-Robust-Prefab-Trap-300x200.jpg 300w\" sizes=\"auto, (max-width: 600px) 100vw, 600px\" \/><\/figure>\n\n\n\n<figure class=\"wp-block-embed is-type-video is-provider-youtube wp-block-embed-youtube wp-embed-aspect-16-9 wp-has-aspect-ratio\"><div class=\"wp-block-embed__wrapper\">\n<iframe loading=\"lazy\" title=\"PrimaCover afdekvlies - Beschermt tegen vallend gereedschap\" width=\"1200\" height=\"675\" src=\"https:\/\/www.youtube.com\/embed\/TsP2ez8h7IU?feature=oembed&#038;enablejsapi=1&#038;origin=https:\/\/primacover.com\" frameborder=\"0\" allow=\"accelerometer; autoplay; clipboard-write; encrypted-media; gyroscope; picture-in-picture; web-share\" referrerpolicy=\"strict-origin-when-cross-origin\" allowfullscreen><\/iframe>\n<\/div><\/figure>\n\n\n\n<p><\/p>\n<\/div>\n<\/div>\n<\/div><\/div>\n\n\n\n<div class=\"wp-block-columns has-base-background-color has-background is-layout-flex wp-container-core-columns-is-layout-9d6595d7 wp-block-columns-is-layout-flex\">\n<div class=\"wp-block-column is-layout-flow wp-block-column-is-layout-flow\" style=\"flex-basis:33%\">\n<h3 class=\"wp-block-heading\" id=\"h-primacover-produktoversigt\">PrimaCover produktoversigt<\/h3>\n\n\n\n<p class=\"has-contrast-color has-text-color\">PrimaCover er det perfekte valg for byggefirmaer, renoveringsfirmaer og malere. Til bygge-, nybyggeri-, renoverings- og vedligeholdelsesopgaver er det et sikkert valg, n\u00e5r det g\u00e6lder beskyttelse og afd\u00e6kning af gulve og trapper.<\/p>\n\n\n\n<p><a href=\"https:\/\/primacover.com\/da\/\">G\u00e5 till produkter \u2026&gt;<\/a><\/p>\n<\/div>\n\n\n\n<div class=\"wp-block-column is-layout-flow wp-block-column-is-layout-flow\" style=\"flex-basis:33%\">\n<figure class=\"wp-block-image\"><a href=\"https:\/\/primacover.com\/datasheets\/Trifold_PrimaCover_DA_v01.pdf\"><img decoding=\"async\" src=\"https:\/\/primacover.com\/wp-content\/uploads\/2020\/11\/PrimaCover_promoblock_METR.png\" alt=\"PrimaCover Brochure NL\"\/><\/a><\/figure>\n<\/div>\n\n\n\n<div class=\"wp-block-column is-layout-flow wp-block-column-is-layout-flow\" style=\"flex-basis:33%\">\n<h3 class=\"wp-block-heading has-contrast-2-color has-text-color\" id=\"h-vores-produkter-giver-sikkerhed\">Vores produkter giver sikkerhed<\/h3>\n\n\n\n<p>Hvor vigtigt det er at beskytte underlaget og milj\u00f8et under arbejdet, bliver f\u00f8rst tydeligt n\u00e5r malingsd\u00e5sen tabes. Eller n\u00e5r en dunk med olie v\u00e6lter. Hver dag bruges vores produkter p\u00e5 byggepladser og skibe, i hjem og p\u00e5 hospitaler, ved monumenter og p\u00e5 museer.<\/p>\n\n\n\n<p class=\"has-contrast-2-color has-text-color\">Vores produkter giver tryghed. Hvad kan vi g\u00f8re for dig? <a href=\"\/da\/?page_id=141799\">Kontakt os!<\/a><\/p>\n<\/div>\n<\/div>\n\n\n\n\n\n<div class=\"wp-block-group\"><div class=\"wp-block-group__inner-container is-layout-flow wp-block-group-is-layout-flow\">\n<div class=\"wp-block-columns has-3-columns is-layout-flex wp-container-core-columns-is-layout-9d6595d7 wp-block-columns-is-layout-flex\">\n<div class=\"wp-block-column is-layout-flow wp-block-column-is-layout-flow\">\n<figure class=\"wp-block-image size-large\"><img loading=\"lazy\" decoding=\"async\" width=\"600\" height=\"399\" src=\"https:\/\/primacover.com\/wp-content\/uploads\/2021\/03\/PrimaCover-afdekvlies-Steiger-Praktijk.jpg\" alt=\"PrimaCover afdekvlies Steiger Praktijk\" class=\"wp-image-14660\" srcset=\"https:\/\/primacover.com\/wp-content\/uploads\/2021\/03\/PrimaCover-afdekvlies-Steiger-Praktijk.jpg 600w, https:\/\/primacover.com\/wp-content\/uploads\/2021\/03\/PrimaCover-afdekvlies-Steiger-Praktijk-300x200.jpg 300w\" sizes=\"auto, (max-width: 600px) 100vw, 600px\" \/><\/figure>\n\n\n\n<h3 class=\"wp-block-heading\" id=\"h-bygge-nybyggeri-renoverings-og-ejendomsvedligeholdelse\">Bygge-, nybyggeri-, renoverings- og ejendomsvedligeholdelse<\/h3>\n\n\n\n<p>PrimaCover er det perfekte valg for byggefirmaer, renoveringsfirmaer og malere. Til byggeri, nybyggeri, renovering og ejendomsvedligeholdelse er det et sikkert valg til beskyttelse og afd\u00e6kning af gulve og trapper.<\/p>\n\n\n\n<p><strong><strong><strong>Nogle eksempler:<\/strong><\/strong><\/strong><\/p>\n\n\n\n<ul class=\"wp-block-list\">\n<li>Afd\u00e6kning af pr\u00e6fabrikerede betonelementer under byggeprojekter<\/li>\n\n\n\n<li>Beskyttelse af parket, fliser, natursten osv. under renovering<\/li>\n\n\n\n<li>Beskyttelse af gulve og trapper under pudsning og maling<\/li>\n<\/ul>\n<\/div>\n\n\n\n<div class=\"wp-block-column is-layout-flow wp-block-column-is-layout-flow\">\n<figure class=\"wp-block-image size-large\"><img loading=\"lazy\" decoding=\"async\" width=\"600\" height=\"399\" src=\"https:\/\/primacover.com\/wp-content\/uploads\/2021\/03\/PrimaCover-Evenementen-Sportvloer.jpg\" alt=\"PrimaCover Evenementen Sporthal\" class=\"wp-image-14661\" srcset=\"https:\/\/primacover.com\/wp-content\/uploads\/2021\/03\/PrimaCover-Evenementen-Sportvloer.jpg 600w, https:\/\/primacover.com\/wp-content\/uploads\/2021\/03\/PrimaCover-Evenementen-Sportvloer-300x200.jpg 300w\" sizes=\"auto, (max-width: 600px) 100vw, 600px\" \/><\/figure>\n\n\n\n<h3 class=\"wp-block-heading\" id=\"h-arrangementer\">Arrangementer<\/h3>\n\n\n\n<p>Brug PrimaCover ogs\u00e5 under arrangementer. Ved at d\u00e6kke gulvet beskytter du overfladerne og skaber en behagelig akustik.<\/p>\n\n\n\n<p><strong><strong><strong><strong><strong><strong>Nogle eksempler:<\/strong><\/strong><\/strong><\/strong><\/strong><\/strong><\/p>\n\n\n\n<ul class=\"wp-block-list\">\n<li>Beskyttelse af gymnastiksalsgulvet under eksamen<\/li>\n\n\n\n<li>Beskyttelse af gulvet under opstilling af udstillingsstande<\/li>\n\n\n\n<li>Skabelse af gangarealer, ogs\u00e5 i omr\u00e5der med stor trafik<\/li>\n<\/ul>\n<\/div>\n\n\n\n<div class=\"wp-block-column is-layout-flow wp-block-column-is-layout-flow\">\n<figure class=\"wp-block-image size-large\"><img loading=\"lazy\" decoding=\"async\" width=\"600\" height=\"399\" src=\"https:\/\/primacover.com\/wp-content\/uploads\/2021\/03\/PrimaCover-trapje-huis-nieuwbouw.jpg\" alt=\"\" class=\"wp-image-14662\" srcset=\"https:\/\/primacover.com\/wp-content\/uploads\/2021\/03\/PrimaCover-trapje-huis-nieuwbouw.jpg 600w, https:\/\/primacover.com\/wp-content\/uploads\/2021\/03\/PrimaCover-trapje-huis-nieuwbouw-300x200.jpg 300w\" sizes=\"auto, (max-width: 600px) 100vw, 600px\" \/><\/figure>\n<\/div>\n<\/div>\n<\/div><\/div>\n\n\n\n<h2 class=\"gb-headline gb-headline-ffe793dc gb-headline-text\">Aktuelt<\/h2>\n\n\n<div class=\"gb-container gb-container-7661cff9\">\n\n<div class=\"gb-grid-wrapper gb-grid-wrapper-c6fad5c1 gb-query-loop-wrapper\"><\/div>\n\n<div class=\"gb-container gb-container-3e536a86 gb-query-loop-pagination\">\n\n\n\n\n\n<\/div>\n\n<\/div>","protected":false},"excerpt":{"rendered":"<p>Rent og sikkert arbejde med PrimaCover Afd\u00e6kningsmateriale, afd\u00e6kningsfilt, afd\u00e6kningsfolie, st\u00f8vd\u00f8re og specialtape Afd\u00e6kningsfilt, afd\u00e6kningsfolie og st\u00f8vd\u00f8re Bygge-, ombygnings- og renoveringsarbejder<\/p>\n","protected":false},"author":8,"featured_media":0,"parent":0,"menu_order":10,"comment_status":"closed","ping_status":"closed","template":"","meta":{"generate_page_header":"","footnotes":""},"class_list":["post-141781","page","type-page","status-publish"],"yoast_head":"<!-- This site is optimized with the Yoast SEO Premium plugin v27.4 (Yoast SEO v27.4) - https:\/\/yoast.com\/product\/yoast-seo-premium-wordpress\/ -->\n<title>PrimaCover Afdekvlies, afdekfolie tapes en ritsdoorgangen<\/title>\n<meta name=\"description\" content=\"PrimaCover afdekmaterialen, afdekvliezen, afdekfolies, ritsdoorgangen en tapes om vloeren en trappen te beschermen tijdens ombouw, renovatie en onderhoud.\" \/>\n<meta name=\"robots\" content=\"index, follow, max-snippet:-1, max-image-preview:large, max-video-preview:-1\" \/>\n<link rel=\"canonical\" href=\"https:\/\/primacover.com\/da\/\" \/>\n<meta property=\"og:locale\" content=\"da_DK\" \/>\n<meta property=\"og:type\" content=\"article\" \/>\n<meta property=\"og:title\" content=\"PrimaCover\" \/>\n<meta property=\"og:description\" content=\"PrimaCover afdekmaterialen, afdekvliezen, afdekfolies, ritsdoorgangen en tapes om vloeren en trappen te beschermen tijdens ombouw, renovatie en onderhoud.\" \/>\n<meta property=\"og:url\" content=\"https:\/\/primacover.com\/da\/\" \/>\n<meta property=\"og:site_name\" content=\"PrimaCover\" \/>\n<meta property=\"article:publisher\" content=\"https:\/\/www.facebook.com\/PrimaverdeBV\" \/>\n<meta property=\"article:modified_time\" content=\"2026-04-22T08:02:22+00:00\" \/>\n<meta property=\"og:image\" content=\"https:\/\/primacover.com\/wp-content\/uploads\/2021\/03\/PrimaCover-Robust-Prefab-Trap.jpg\" \/>\n\t<meta property=\"og:image:width\" content=\"600\" \/>\n\t<meta property=\"og:image:height\" content=\"399\" \/>\n\t<meta property=\"og:image:type\" content=\"image\/jpeg\" \/>\n<meta name=\"twitter:card\" content=\"summary_large_image\" \/>\n<meta name=\"twitter:label1\" content=\"Estimeret l\u00e6setid\" \/>\n\t<meta name=\"twitter:data1\" content=\"8 minutter\" \/>\n<script type=\"application\/ld+json\" class=\"yoast-schema-graph\">{\"@context\":\"https:\\\/\\\/schema.org\",\"@graph\":[{\"@type\":\"WebPage\",\"@id\":\"https:\\\/\\\/primacover.com\\\/da\\\/\",\"url\":\"https:\\\/\\\/primacover.com\\\/da\\\/\",\"name\":\"PrimaCover Afdekvlies, afdekfolie tapes en ritsdoorgangen\",\"isPartOf\":{\"@id\":\"https:\\\/\\\/primacover.com\\\/da\\\/#website\"},\"primaryImageOfPage\":{\"@id\":\"https:\\\/\\\/primacover.com\\\/da\\\/#primaryimage\"},\"image\":{\"@id\":\"https:\\\/\\\/primacover.com\\\/da\\\/#primaryimage\"},\"thumbnailUrl\":\"https:\\\/\\\/primacover.com\\\/wp-content\\\/uploads\\\/2021\\\/03\\\/PrimaCover-Robust-Prefab-Trap.jpg\",\"datePublished\":\"2026-04-15T09:00:09+00:00\",\"dateModified\":\"2026-04-22T08:02:22+00:00\",\"description\":\"PrimaCover afdekmaterialen, afdekvliezen, afdekfolies, ritsdoorgangen en tapes om vloeren en trappen te beschermen tijdens ombouw, renovatie en onderhoud.\",\"breadcrumb\":{\"@id\":\"https:\\\/\\\/primacover.com\\\/da\\\/#breadcrumb\"},\"inLanguage\":\"da-DK\",\"potentialAction\":[{\"@type\":\"ReadAction\",\"target\":[\"https:\\\/\\\/primacover.com\\\/da\\\/\"]}]},{\"@type\":\"ImageObject\",\"inLanguage\":\"da-DK\",\"@id\":\"https:\\\/\\\/primacover.com\\\/da\\\/#primaryimage\",\"url\":\"https:\\\/\\\/primacover.com\\\/wp-content\\\/uploads\\\/2021\\\/03\\\/PrimaCover-Robust-Prefab-Trap.jpg\",\"contentUrl\":\"https:\\\/\\\/primacover.com\\\/wp-content\\\/uploads\\\/2021\\\/03\\\/PrimaCover-Robust-Prefab-Trap.jpg\"},{\"@type\":\"BreadcrumbList\",\"@id\":\"https:\\\/\\\/primacover.com\\\/da\\\/#breadcrumb\",\"itemListElement\":[{\"@type\":\"ListItem\",\"position\":1,\"name\":\"Home\",\"item\":\"https:\\\/\\\/primacover.com\\\/da\\\/\"},{\"@type\":\"ListItem\",\"position\":2,\"name\":\"PrimaCover\"}]},{\"@type\":\"WebSite\",\"@id\":\"https:\\\/\\\/primacover.com\\\/da\\\/#website\",\"url\":\"https:\\\/\\\/primacover.com\\\/da\\\/\",\"name\":\"PrimaCover\",\"description\":\"afdekvlies-afdekfolie-stofdeuren, coveringmaterials-dustdoors\",\"publisher\":{\"@id\":\"https:\\\/\\\/primacover.com\\\/da\\\/#organization\"},\"potentialAction\":[{\"@type\":\"SearchAction\",\"target\":{\"@type\":\"EntryPoint\",\"urlTemplate\":\"https:\\\/\\\/primacover.com\\\/da\\\/?s={search_term_string}\"},\"query-input\":{\"@type\":\"PropertyValueSpecification\",\"valueRequired\":true,\"valueName\":\"search_term_string\"}}],\"inLanguage\":\"da-DK\"},{\"@type\":\"Organization\",\"@id\":\"https:\\\/\\\/primacover.com\\\/da\\\/#organization\",\"name\":\"PrimaCover\",\"url\":\"https:\\\/\\\/primacover.com\\\/da\\\/\",\"logo\":{\"@type\":\"ImageObject\",\"inLanguage\":\"da-DK\",\"@id\":\"https:\\\/\\\/primacover.com\\\/da\\\/#\\\/schema\\\/logo\\\/image\\\/\",\"url\":\"\",\"contentUrl\":\"\",\"caption\":\"PrimaCover\"},\"image\":{\"@id\":\"https:\\\/\\\/primacover.com\\\/da\\\/#\\\/schema\\\/logo\\\/image\\\/\"},\"sameAs\":[\"https:\\\/\\\/www.facebook.com\\\/PrimaverdeBV\",\"https:\\\/\\\/nl.linkedin.com\\\/company\\\/primaverde\",\"https:\\\/\\\/www.youtube.com\\\/channel\\\/UC3DwQqj8f8tatLdSFA0aWwA\"]}]}<\/script>\n<!-- \/ Yoast SEO Premium plugin. -->","yoast_head_json":{"title":"PrimaCover Afdekvlies, afdekfolie tapes en ritsdoorgangen","description":"PrimaCover afdekmaterialen, afdekvliezen, afdekfolies, ritsdoorgangen en tapes om vloeren en trappen te beschermen tijdens ombouw, renovatie en onderhoud.","robots":{"index":"index","follow":"follow","max-snippet":"max-snippet:-1","max-image-preview":"max-image-preview:large","max-video-preview":"max-video-preview:-1"},"canonical":"https:\/\/primacover.com\/da\/","og_locale":"da_DK","og_type":"article","og_title":"PrimaCover","og_description":"PrimaCover afdekmaterialen, afdekvliezen, afdekfolies, ritsdoorgangen en tapes om vloeren en trappen te beschermen tijdens ombouw, renovatie en onderhoud.","og_url":"https:\/\/primacover.com\/da\/","og_site_name":"PrimaCover","article_publisher":"https:\/\/www.facebook.com\/PrimaverdeBV","article_modified_time":"2026-04-22T08:02:22+00:00","og_image":[{"width":600,"height":399,"url":"https:\/\/primacover.com\/wp-content\/uploads\/2021\/03\/PrimaCover-Robust-Prefab-Trap.jpg","type":"image\/jpeg"}],"twitter_card":"summary_large_image","twitter_misc":{"Estimeret l\u00e6setid":"8 minutter"},"schema":{"@context":"https:\/\/schema.org","@graph":[{"@type":"WebPage","@id":"https:\/\/primacover.com\/da\/","url":"https:\/\/primacover.com\/da\/","name":"PrimaCover Afdekvlies, afdekfolie tapes en ritsdoorgangen","isPartOf":{"@id":"https:\/\/primacover.com\/da\/#website"},"primaryImageOfPage":{"@id":"https:\/\/primacover.com\/da\/#primaryimage"},"image":{"@id":"https:\/\/primacover.com\/da\/#primaryimage"},"thumbnailUrl":"https:\/\/primacover.com\/wp-content\/uploads\/2021\/03\/PrimaCover-Robust-Prefab-Trap.jpg","datePublished":"2026-04-15T09:00:09+00:00","dateModified":"2026-04-22T08:02:22+00:00","description":"PrimaCover afdekmaterialen, afdekvliezen, afdekfolies, ritsdoorgangen en tapes om vloeren en trappen te beschermen tijdens ombouw, renovatie en onderhoud.","breadcrumb":{"@id":"https:\/\/primacover.com\/da\/#breadcrumb"},"inLanguage":"da-DK","potentialAction":[{"@type":"ReadAction","target":["https:\/\/primacover.com\/da\/"]}]},{"@type":"ImageObject","inLanguage":"da-DK","@id":"https:\/\/primacover.com\/da\/#primaryimage","url":"https:\/\/primacover.com\/wp-content\/uploads\/2021\/03\/PrimaCover-Robust-Prefab-Trap.jpg","contentUrl":"https:\/\/primacover.com\/wp-content\/uploads\/2021\/03\/PrimaCover-Robust-Prefab-Trap.jpg"},{"@type":"BreadcrumbList","@id":"https:\/\/primacover.com\/da\/#breadcrumb","itemListElement":[{"@type":"ListItem","position":1,"name":"Home","item":"https:\/\/primacover.com\/da\/"},{"@type":"ListItem","position":2,"name":"PrimaCover"}]},{"@type":"WebSite","@id":"https:\/\/primacover.com\/da\/#website","url":"https:\/\/primacover.com\/da\/","name":"PrimaCover","description":"afdekvlies-afdekfolie-stofdeuren, coveringmaterials-dustdoors","publisher":{"@id":"https:\/\/primacover.com\/da\/#organization"},"potentialAction":[{"@type":"SearchAction","target":{"@type":"EntryPoint","urlTemplate":"https:\/\/primacover.com\/da\/?s={search_term_string}"},"query-input":{"@type":"PropertyValueSpecification","valueRequired":true,"valueName":"search_term_string"}}],"inLanguage":"da-DK"},{"@type":"Organization","@id":"https:\/\/primacover.com\/da\/#organization","name":"PrimaCover","url":"https:\/\/primacover.com\/da\/","logo":{"@type":"ImageObject","inLanguage":"da-DK","@id":"https:\/\/primacover.com\/da\/#\/schema\/logo\/image\/","url":"","contentUrl":"","caption":"PrimaCover"},"image":{"@id":"https:\/\/primacover.com\/da\/#\/schema\/logo\/image\/"},"sameAs":["https:\/\/www.facebook.com\/PrimaverdeBV","https:\/\/nl.linkedin.com\/company\/primaverde","https:\/\/www.youtube.com\/channel\/UC3DwQqj8f8tatLdSFA0aWwA"]}]}},"_links":{"self":[{"href":"https:\/\/primacover.com\/da\/wp-json\/wp\/v2\/pages\/141781","targetHints":{"allow":["GET"]}}],"collection":[{"href":"https:\/\/primacover.com\/da\/wp-json\/wp\/v2\/pages"}],"about":[{"href":"https:\/\/primacover.com\/da\/wp-json\/wp\/v2\/types\/page"}],"author":[{"embeddable":true,"href":"https:\/\/primacover.com\/da\/wp-json\/wp\/v2\/users\/8"}],"replies":[{"embeddable":true,"href":"https:\/\/primacover.com\/da\/wp-json\/wp\/v2\/comments?post=141781"}],"version-history":[{"count":7,"href":"https:\/\/primacover.com\/da\/wp-json\/wp\/v2\/pages\/141781\/revisions"}],"predecessor-version":[{"id":142209,"href":"https:\/\/primacover.com\/da\/wp-json\/wp\/v2\/pages\/141781\/revisions\/142209"}],"wp:attachment":[{"href":"https:\/\/primacover.com\/da\/wp-json\/wp\/v2\/media?parent=141781"}],"curies":[{"name":"wp","href":"https:\/\/api.w.org\/{rel}","templated":true}]}}