{"id":141829,"date":"2025-05-08T15:03:51","date_gmt":"2025-05-08T13:03:51","guid":{"rendered":"https:\/\/primacover.com\/?post_type=product&#038;p=141829"},"modified":"2026-04-15T14:21:03","modified_gmt":"2026-04-15T12:21:03","slug":"primacover-film-dispenser","status":"publish","type":"product","link":"https:\/\/primacover.com\/da\/product\/primacover-film-dispenser\/","title":{"rendered":"PrimaCover Film Dispenser"},"content":{"rendered":"<h2>Ergonomisk udruller<\/h2>\n<p>Med PrimaCover Film Dispenser bliver det hurtigere, nemmere og mere komfortabelt end nogensinde at p\u00e5f\u00f8re beskyttelsesfolie p\u00e5 gulve og trapper. Dette praktiske v\u00e6rkt\u00f8j er specielt udviklet til effektiv brug af PrimaCover Carpet og Hardfloor folie. Besv\u00e6r med ruller og anstrengende arbejdsstillinger h\u00f8rer nu fortiden til.<\/p>\n<p>Takket v\u00e6re det ergonomiske design arbejder du ikke kun mere rent, men ogs\u00e5 hurtigere. Desuden reducerer du risikoen for fysiske gener. PrimaCover Film Dispenser giver optimal kontrol og greb, for et stramt slutresultat med et solidt p\u00e5f\u00f8rt beskyttende lag.<\/p>\n<p><strong>Egenskaber:<\/strong><\/p>\n<ul>\n<li>Egnet for folieruller med en bredde p\u00e5 62,5 cm (50 eller 100 mikron)<\/li>\n<li>Teleskopstang med klikksystem (justerbar fra 1 til 2 m)<\/li>\n<li>H\u00e5ndtag til brug p\u00e5 trapper (uden stang)<\/li>\n<li>Egnet til langvarig og intensiv brug<\/li>\n<li>M\u00e5l: 115 x 20 x 25 cm (L x B x H)<\/li>\n<\/ul>\n<p><strong>Ans\u00f8gninger:<\/strong><\/p>\n<ul>\n<li>Egnet til PrimaCover Carpet og PrimaCover Hardfloor<\/li>\n<li>Egnet til gulve og trapper<\/li>\n<\/ul>\n<p><strong>Instruktioner:<\/strong><\/p>\n<ul>\n<li>Test produktets egnethed p\u00e5 forh\u00e5nd.<\/li>\n<li>Sluk golvvarme f\u00f8r brug.<\/li>\n<\/ul>\n","protected":false},"excerpt":{"rendered":"<p>Ergonomisk udruller Med PrimaCover Film Dispenser bliver det hurtigere, nemmere og mere komfortabelt end nogensinde at p\u00e5f\u00f8re beskyttelsesfolie p\u00e5 gulve<\/p>\n","protected":false},"featured_media":141836,"menu_order":0,"template":"","meta":{"generate_page_header":""},"product_brand":[],"product_cat":[4405],"product_tag":[],"class_list":{"0":"post-141829","1":"product","2":"type-product","3":"status-publish","4":"has-post-thumbnail","6":"product_cat-tilbehor","7":"","8":"woocommerce-text-align-center","9":"woocommerce-image-align-center","10":"do-quantity-buttons","12":"first","13":"instock","14":"shipping-taxable","15":"product-type-simple"},"yoast_head":"<!-- This site is optimized with the Yoast SEO Premium plugin v27.4 (Yoast SEO v27.4) - https:\/\/yoast.com\/product\/yoast-seo-premium-wordpress\/ -->\n<title>PrimaCover Film Dispenser<\/title>\n<meta name=\"robots\" content=\"index, follow, max-snippet:-1, max-image-preview:large, max-video-preview:-1\" \/>\n<link rel=\"canonical\" href=\"https:\/\/primacover.com\/da\/product\/primacover-film-dispenser\/\" \/>\n<meta property=\"og:locale\" content=\"da_DK\" \/>\n<meta property=\"og:type\" content=\"article\" \/>\n<meta property=\"og:title\" content=\"PrimaCover Film Dispenser\" \/>\n<meta property=\"og:description\" content=\"Ergonomisk udruller Med PrimaCover Film Dispenser bliver det hurtigere, nemmere og mere komfortabelt end nogensinde at p\u00e5f\u00f8re beskyttelsesfolie p\u00e5 gulve\" \/>\n<meta property=\"og:url\" content=\"https:\/\/primacover.com\/da\/product\/primacover-film-dispenser\/\" \/>\n<meta property=\"og:site_name\" content=\"PrimaCover\" \/>\n<meta property=\"article:publisher\" content=\"https:\/\/www.facebook.com\/PrimaverdeBV\" \/>\n<meta property=\"article:modified_time\" content=\"2026-04-15T12:21:03+00:00\" \/>\n<meta property=\"og:image\" content=\"https:\/\/primacover.com\/wp-content\/uploads\/2025\/05\/Film-Dispenser_P0NZ_s01-1.jpg\" \/>\n\t<meta property=\"og:image:width\" content=\"600\" \/>\n\t<meta property=\"og:image:height\" content=\"600\" \/>\n\t<meta property=\"og:image:type\" content=\"image\/jpeg\" \/>\n<meta name=\"twitter:card\" content=\"summary_large_image\" \/>\n<meta name=\"twitter:label1\" content=\"Pris\" \/>\n\t<meta name=\"twitter:data1\" content=\"\" \/>\n\t<meta name=\"twitter:label2\" content=\"Tilg\u00e6ngelighed\" \/>\n\t<meta name=\"twitter:data2\" content=\"P\u00e5 lager\" \/>\n<script type=\"application\/ld+json\" class=\"yoast-schema-graph\">{\"@context\":\"https:\\\/\\\/schema.org\",\"@graph\":[{\"@type\":\"WebPage\",\"@id\":\"https:\\\/\\\/primacover.com\\\/da\\\/product\\\/primacover-film-dispenser\\\/\",\"url\":\"https:\\\/\\\/primacover.com\\\/da\\\/product\\\/primacover-film-dispenser\\\/\",\"name\":\"PrimaCover Film Dispenser\",\"isPartOf\":{\"@id\":\"https:\\\/\\\/primacover.com\\\/da\\\/#website\"},\"primaryImageOfPage\":{\"@id\":\"https:\\\/\\\/primacover.com\\\/da\\\/product\\\/primacover-film-dispenser\\\/#primaryimage\"},\"image\":{\"@id\":\"https:\\\/\\\/primacover.com\\\/da\\\/product\\\/primacover-film-dispenser\\\/#primaryimage\"},\"thumbnailUrl\":\"https:\\\/\\\/primacover.com\\\/wp-content\\\/uploads\\\/2025\\\/05\\\/Film-Dispenser_P0NZ_s01-1.jpg\",\"datePublished\":\"2025-05-08T13:03:51+00:00\",\"dateModified\":\"2026-04-15T12:21:03+00:00\",\"breadcrumb\":{\"@id\":\"https:\\\/\\\/primacover.com\\\/da\\\/product\\\/primacover-film-dispenser\\\/#breadcrumb\"},\"inLanguage\":\"da-DK\",\"potentialAction\":[{\"@type\":\"ReadAction\",\"target\":[\"https:\\\/\\\/primacover.com\\\/da\\\/product\\\/primacover-film-dispenser\\\/\"]}]},{\"@type\":\"ImageObject\",\"inLanguage\":\"da-DK\",\"@id\":\"https:\\\/\\\/primacover.com\\\/da\\\/product\\\/primacover-film-dispenser\\\/#primaryimage\",\"url\":\"https:\\\/\\\/primacover.com\\\/wp-content\\\/uploads\\\/2025\\\/05\\\/Film-Dispenser_P0NZ_s01-1.jpg\",\"contentUrl\":\"https:\\\/\\\/primacover.com\\\/wp-content\\\/uploads\\\/2025\\\/05\\\/Film-Dispenser_P0NZ_s01-1.jpg\",\"width\":600,\"height\":600},{\"@type\":\"BreadcrumbList\",\"@id\":\"https:\\\/\\\/primacover.com\\\/da\\\/product\\\/primacover-film-dispenser\\\/#breadcrumb\",\"itemListElement\":[{\"@type\":\"ListItem\",\"position\":1,\"name\":\"Home\",\"item\":\"https:\\\/\\\/primacover.com\\\/da\\\/\"},{\"@type\":\"ListItem\",\"position\":2,\"name\":\"Produkter\",\"item\":\"https:\\\/\\\/primacover.com\\\/da\\\/producten\\\/\"},{\"@type\":\"ListItem\",\"position\":3,\"name\":\"PrimaCover Film Dispenser\"}]},{\"@type\":\"WebSite\",\"@id\":\"https:\\\/\\\/primacover.com\\\/da\\\/#website\",\"url\":\"https:\\\/\\\/primacover.com\\\/da\\\/\",\"name\":\"PrimaCover\",\"description\":\"afdekvlies-afdekfolie-stofdeuren, coveringmaterials-dustdoors\",\"publisher\":{\"@id\":\"https:\\\/\\\/primacover.com\\\/da\\\/#organization\"},\"potentialAction\":[{\"@type\":\"SearchAction\",\"target\":{\"@type\":\"EntryPoint\",\"urlTemplate\":\"https:\\\/\\\/primacover.com\\\/da\\\/?s={search_term_string}\"},\"query-input\":{\"@type\":\"PropertyValueSpecification\",\"valueRequired\":true,\"valueName\":\"search_term_string\"}}],\"inLanguage\":\"da-DK\"},{\"@type\":\"Organization\",\"@id\":\"https:\\\/\\\/primacover.com\\\/da\\\/#organization\",\"name\":\"PrimaCover\",\"url\":\"https:\\\/\\\/primacover.com\\\/da\\\/\",\"logo\":{\"@type\":\"ImageObject\",\"inLanguage\":\"da-DK\",\"@id\":\"https:\\\/\\\/primacover.com\\\/da\\\/#\\\/schema\\\/logo\\\/image\\\/\",\"url\":\"\",\"contentUrl\":\"\",\"caption\":\"PrimaCover\"},\"image\":{\"@id\":\"https:\\\/\\\/primacover.com\\\/da\\\/#\\\/schema\\\/logo\\\/image\\\/\"},\"sameAs\":[\"https:\\\/\\\/www.facebook.com\\\/PrimaverdeBV\",\"https:\\\/\\\/nl.linkedin.com\\\/company\\\/primaverde\",\"https:\\\/\\\/www.youtube.com\\\/channel\\\/UC3DwQqj8f8tatLdSFA0aWwA\"]}]}<\/script>\n<meta property=\"product:price:currency\" content=\"EUR\" \/>\n<meta property=\"og:availability\" content=\"instock\" \/>\n<meta property=\"product:availability\" content=\"instock\" \/>\n<meta property=\"product:condition\" content=\"new\" \/>\n<!-- \/ Yoast SEO Premium plugin. -->","yoast_head_json":{"title":"PrimaCover Film Dispenser","robots":{"index":"index","follow":"follow","max-snippet":"max-snippet:-1","max-image-preview":"max-image-preview:large","max-video-preview":"max-video-preview:-1"},"canonical":"https:\/\/primacover.com\/da\/product\/primacover-film-dispenser\/","og_locale":"da_DK","og_type":"article","og_title":"PrimaCover Film Dispenser","og_description":"Ergonomisk udruller Med PrimaCover Film Dispenser bliver det hurtigere, nemmere og mere komfortabelt end nogensinde at p\u00e5f\u00f8re beskyttelsesfolie p\u00e5 gulve","og_url":"https:\/\/primacover.com\/da\/product\/primacover-film-dispenser\/","og_site_name":"PrimaCover","article_publisher":"https:\/\/www.facebook.com\/PrimaverdeBV","article_modified_time":"2026-04-15T12:21:03+00:00","og_image":[{"width":600,"height":600,"url":"https:\/\/primacover.com\/wp-content\/uploads\/2025\/05\/Film-Dispenser_P0NZ_s01-1.jpg","type":"image\/jpeg"}],"twitter_card":"summary_large_image","twitter_misc":{"Pris":"","Tilg\u00e6ngelighed":"P\u00e5 lager"},"schema":{"@context":"https:\/\/schema.org","@graph":[{"@type":"WebPage","@id":"https:\/\/primacover.com\/da\/product\/primacover-film-dispenser\/","url":"https:\/\/primacover.com\/da\/product\/primacover-film-dispenser\/","name":"PrimaCover Film Dispenser","isPartOf":{"@id":"https:\/\/primacover.com\/da\/#website"},"primaryImageOfPage":{"@id":"https:\/\/primacover.com\/da\/product\/primacover-film-dispenser\/#primaryimage"},"image":{"@id":"https:\/\/primacover.com\/da\/product\/primacover-film-dispenser\/#primaryimage"},"thumbnailUrl":"https:\/\/primacover.com\/wp-content\/uploads\/2025\/05\/Film-Dispenser_P0NZ_s01-1.jpg","datePublished":"2025-05-08T13:03:51+00:00","dateModified":"2026-04-15T12:21:03+00:00","breadcrumb":{"@id":"https:\/\/primacover.com\/da\/product\/primacover-film-dispenser\/#breadcrumb"},"inLanguage":"da-DK","potentialAction":[{"@type":"ReadAction","target":["https:\/\/primacover.com\/da\/product\/primacover-film-dispenser\/"]}]},{"@type":"ImageObject","inLanguage":"da-DK","@id":"https:\/\/primacover.com\/da\/product\/primacover-film-dispenser\/#primaryimage","url":"https:\/\/primacover.com\/wp-content\/uploads\/2025\/05\/Film-Dispenser_P0NZ_s01-1.jpg","contentUrl":"https:\/\/primacover.com\/wp-content\/uploads\/2025\/05\/Film-Dispenser_P0NZ_s01-1.jpg","width":600,"height":600},{"@type":"BreadcrumbList","@id":"https:\/\/primacover.com\/da\/product\/primacover-film-dispenser\/#breadcrumb","itemListElement":[{"@type":"ListItem","position":1,"name":"Home","item":"https:\/\/primacover.com\/da\/"},{"@type":"ListItem","position":2,"name":"Produkter","item":"https:\/\/primacover.com\/da\/producten\/"},{"@type":"ListItem","position":3,"name":"PrimaCover Film Dispenser"}]},{"@type":"WebSite","@id":"https:\/\/primacover.com\/da\/#website","url":"https:\/\/primacover.com\/da\/","name":"PrimaCover","description":"afdekvlies-afdekfolie-stofdeuren, coveringmaterials-dustdoors","publisher":{"@id":"https:\/\/primacover.com\/da\/#organization"},"potentialAction":[{"@type":"SearchAction","target":{"@type":"EntryPoint","urlTemplate":"https:\/\/primacover.com\/da\/?s={search_term_string}"},"query-input":{"@type":"PropertyValueSpecification","valueRequired":true,"valueName":"search_term_string"}}],"inLanguage":"da-DK"},{"@type":"Organization","@id":"https:\/\/primacover.com\/da\/#organization","name":"PrimaCover","url":"https:\/\/primacover.com\/da\/","logo":{"@type":"ImageObject","inLanguage":"da-DK","@id":"https:\/\/primacover.com\/da\/#\/schema\/logo\/image\/","url":"","contentUrl":"","caption":"PrimaCover"},"image":{"@id":"https:\/\/primacover.com\/da\/#\/schema\/logo\/image\/"},"sameAs":["https:\/\/www.facebook.com\/PrimaverdeBV","https:\/\/nl.linkedin.com\/company\/primaverde","https:\/\/www.youtube.com\/channel\/UC3DwQqj8f8tatLdSFA0aWwA"]}]},"product_price_currency":"EUR","og_availability":"instock","product_availability":"instock","product_condition":"new"},"_links":{"self":[{"href":"https:\/\/primacover.com\/da\/wp-json\/wp\/v2\/product\/141829","targetHints":{"allow":["GET"]}}],"collection":[{"href":"https:\/\/primacover.com\/da\/wp-json\/wp\/v2\/product"}],"about":[{"href":"https:\/\/primacover.com\/da\/wp-json\/wp\/v2\/types\/product"}],"wp:featuredmedia":[{"embeddable":true,"href":"https:\/\/primacover.com\/da\/wp-json\/wp\/v2\/media\/141836"}],"wp:attachment":[{"href":"https:\/\/primacover.com\/da\/wp-json\/wp\/v2\/media?parent=141829"}],"wp:term":[{"taxonomy":"product_brand","embeddable":true,"href":"https:\/\/primacover.com\/da\/wp-json\/wp\/v2\/product_brand?post=141829"},{"taxonomy":"product_cat","embeddable":true,"href":"https:\/\/primacover.com\/da\/wp-json\/wp\/v2\/product_cat?post=141829"},{"taxonomy":"product_tag","embeddable":true,"href":"https:\/\/primacover.com\/da\/wp-json\/wp\/v2\/product_tag?post=141829"}],"curies":[{"name":"wp","href":"https:\/\/api.w.org\/{rel}","templated":true}]}}