{"id":141897,"date":"2025-04-23T08:45:26","date_gmt":"2025-04-23T06:45:26","guid":{"rendered":"https:\/\/primacover.com\/?post_type=product&#038;p=141897"},"modified":"2026-04-03T11:50:42","modified_gmt":"2026-04-03T09:50:42","slug":"primacover-airtape","status":"publish","type":"product","link":"https:\/\/primacover.com\/da\/product\/primacover-airtape\/","title":{"rendered":"PrimaCover Airtape"},"content":{"rendered":"<h2>\u00c5ndbar fugetape til afd\u00e6kningsmaterialer<\/h2>\n<p>PrimaCover Airtape er specielt udviklet til sikker sammenf\u00f8jning af damp\u00e5bene og \u00e5ndbare afd\u00e6kningsmaterialer (s\u00e5som PrimaCover Active, Ram Board og PrimaCover Defend). Det \u00e5ndbare kl\u00e6belag med mikropunkter lader underlaget fordampe og\/eller h\u00e6rde uden problemer, mens afd\u00e6kningsmaterialerne forbliver sikkert p\u00e5 plads.<\/p>\n<p><strong>Egenskaber:<\/strong><\/p>\n<ul>\n<li>B\u00e6rer:\u00e5ndbar PP non-woven<\/li>\n<li>Limlag: syntetisk gummi<\/li>\n<li>Vandgennemtr\u00e6ngelighed: 10 l\/m\u00b2\/min<\/li>\n<li>Luftgennemtr\u00e6ngelighed: 750 l\/m\u00b2\/min<\/li>\n<li>Tr\u00e6kstyrke: 70 N\/25 mm<\/li>\n<li>Temperaturbestandighed: min. -20 \u00b0C \/ maks. +80 \u00b0C<\/li>\n<li>Unikt mikropunktlimlag <\/li>\n<li>M\u00e5l: 50 mm x 33 m<\/li>\n<\/ul>\n<p><strong>Ans\u00f8gninger:<\/strong><\/p>\n<ul>\n<li>Perfekt til at samle afd\u00e6kningsmaterialer p\u00e5 synlig beton, natursten, st\u00f8bte gulve og meget mere.<\/li>\n<\/ul>\n<p><strong>Instruktioner:<\/strong><\/p>\n<ul>\n<li>Overfladen skal v\u00e6re fri for smuds og fedt.<\/li>\n<li>Med undtagelse af PrimaCover Active kan afd\u00e6kningsmaterialerne limes sammen uden overlapning. PrimaCover Active afd\u00e6kningsbanerne skal l\u00e6gges med 10 cm overlapning, f\u00f8r de samles med Airtape. Tryk dem godt fast! (2 kg pr. 25 mm).<\/li>\n<li>Test tapens egnethed p\u00e5 forh\u00e5nd.<\/li>\n<\/ul>\n","protected":false},"excerpt":{"rendered":"<p>\u00c5ndbar fugetape til afd\u00e6kningsmaterialer PrimaCover Airtape er specielt udviklet til sikker sammenf\u00f8jning af damp\u00e5bene og \u00e5ndbare afd\u00e6kningsmaterialer (s\u00e5som PrimaCover Active,<\/p>\n","protected":false},"featured_media":141908,"menu_order":1,"template":"","meta":{"generate_page_header":""},"product_brand":[],"product_cat":[],"product_tag":[],"class_list":{"0":"post-141897","1":"product","2":"type-product","3":"status-publish","4":"has-post-thumbnail","6":"","7":"woocommerce-text-align-center","8":"woocommerce-image-align-center","9":"do-quantity-buttons","11":"first","12":"instock","13":"shipping-taxable","14":"product-type-simple"},"yoast_head":"<!-- This site is optimized with the Yoast SEO Premium plugin v26.7 (Yoast SEO v27.3) - https:\/\/yoast.com\/product\/yoast-seo-premium-wordpress\/ -->\n<title>PrimaCover Airtape<\/title>\n<meta name=\"robots\" content=\"index, follow, max-snippet:-1, max-image-preview:large, max-video-preview:-1\" \/>\n<link rel=\"canonical\" href=\"https:\/\/primacover.com\/da\/product\/primacover-airtape\/\" \/>\n<meta property=\"og:locale\" content=\"da_DK\" \/>\n<meta property=\"og:type\" content=\"article\" \/>\n<meta property=\"og:title\" content=\"PrimaCover Airtape\" \/>\n<meta property=\"og:description\" content=\"\u00c5ndbar fugetape til afd\u00e6kningsmaterialer PrimaCover Airtape er specielt udviklet til sikker sammenf\u00f8jning af damp\u00e5bene og \u00e5ndbare afd\u00e6kningsmaterialer (s\u00e5som PrimaCover Active,\" \/>\n<meta property=\"og:url\" content=\"https:\/\/primacover.com\/da\/product\/primacover-airtape\/\" \/>\n<meta property=\"og:site_name\" content=\"PrimaCover\" \/>\n<meta property=\"article:publisher\" content=\"https:\/\/www.facebook.com\/PrimaverdeBV\" \/>\n<meta property=\"article:modified_time\" content=\"2026-04-03T09:50:42+00:00\" \/>\n<meta property=\"og:image\" content=\"https:\/\/primacover.com\/wp-content\/uploads\/2025\/04\/Airtape_P0NZ_s01.jpg\" \/>\n\t<meta property=\"og:image:width\" content=\"600\" \/>\n\t<meta property=\"og:image:height\" content=\"400\" \/>\n\t<meta property=\"og:image:type\" content=\"image\/jpeg\" \/>\n<meta name=\"twitter:card\" content=\"summary_large_image\" \/>\n<meta name=\"twitter:label1\" content=\"Price\" \/>\n\t<meta name=\"twitter:data1\" content=\"\" \/>\n\t<meta name=\"twitter:label2\" content=\"Availability\" \/>\n\t<meta name=\"twitter:data2\" content=\"In stock\" \/>\n<script type=\"application\/ld+json\" class=\"yoast-schema-graph\">{\"@context\":\"https:\\\/\\\/schema.org\",\"@graph\":[{\"@type\":\"WebPage\",\"@id\":\"https:\\\/\\\/primacover.com\\\/da\\\/product\\\/primacover-airtape\\\/\",\"url\":\"https:\\\/\\\/primacover.com\\\/da\\\/product\\\/primacover-airtape\\\/\",\"name\":\"PrimaCover Airtape\",\"isPartOf\":{\"@id\":\"https:\\\/\\\/primacover.com\\\/da\\\/#website\"},\"primaryImageOfPage\":{\"@id\":\"https:\\\/\\\/primacover.com\\\/da\\\/product\\\/primacover-airtape\\\/#primaryimage\"},\"image\":{\"@id\":\"https:\\\/\\\/primacover.com\\\/da\\\/product\\\/primacover-airtape\\\/#primaryimage\"},\"thumbnailUrl\":\"https:\\\/\\\/primacover.com\\\/wp-content\\\/uploads\\\/2025\\\/04\\\/Airtape_P0NZ_s01.jpg\",\"datePublished\":\"2025-04-23T06:45:26+00:00\",\"dateModified\":\"2026-04-03T09:50:42+00:00\",\"breadcrumb\":{\"@id\":\"https:\\\/\\\/primacover.com\\\/da\\\/product\\\/primacover-airtape\\\/#breadcrumb\"},\"inLanguage\":\"da-DK\",\"potentialAction\":[{\"@type\":\"ReadAction\",\"target\":[\"https:\\\/\\\/primacover.com\\\/da\\\/product\\\/primacover-airtape\\\/\"]}]},{\"@type\":\"ImageObject\",\"inLanguage\":\"da-DK\",\"@id\":\"https:\\\/\\\/primacover.com\\\/da\\\/product\\\/primacover-airtape\\\/#primaryimage\",\"url\":\"https:\\\/\\\/primacover.com\\\/wp-content\\\/uploads\\\/2025\\\/04\\\/Airtape_P0NZ_s01.jpg\",\"contentUrl\":\"https:\\\/\\\/primacover.com\\\/wp-content\\\/uploads\\\/2025\\\/04\\\/Airtape_P0NZ_s01.jpg\",\"width\":600,\"height\":400},{\"@type\":\"BreadcrumbList\",\"@id\":\"https:\\\/\\\/primacover.com\\\/da\\\/product\\\/primacover-airtape\\\/#breadcrumb\",\"itemListElement\":[{\"@type\":\"ListItem\",\"position\":1,\"name\":\"Home\",\"item\":\"https:\\\/\\\/primacover.com\\\/da\\\/\"},{\"@type\":\"ListItem\",\"position\":2,\"name\":\"Produkter\",\"item\":\"https:\\\/\\\/primacover.com\\\/da\\\/?page_id=141809\"},{\"@type\":\"ListItem\",\"position\":3,\"name\":\"PrimaCover Airtape\"}]},{\"@type\":\"WebSite\",\"@id\":\"https:\\\/\\\/primacover.com\\\/da\\\/#website\",\"url\":\"https:\\\/\\\/primacover.com\\\/da\\\/\",\"name\":\"PrimaCover\",\"description\":\"afdekvlies-afdekfolie-stofdeuren, coveringmaterials-dustdoors\",\"publisher\":{\"@id\":\"https:\\\/\\\/primacover.com\\\/da\\\/#organization\"},\"potentialAction\":[{\"@type\":\"SearchAction\",\"target\":{\"@type\":\"EntryPoint\",\"urlTemplate\":\"https:\\\/\\\/primacover.com\\\/da\\\/?s={search_term_string}\"},\"query-input\":{\"@type\":\"PropertyValueSpecification\",\"valueRequired\":true,\"valueName\":\"search_term_string\"}}],\"inLanguage\":\"da-DK\"},{\"@type\":\"Organization\",\"@id\":\"https:\\\/\\\/primacover.com\\\/da\\\/#organization\",\"name\":\"PrimaCover\",\"url\":\"https:\\\/\\\/primacover.com\\\/da\\\/\",\"logo\":{\"@type\":\"ImageObject\",\"inLanguage\":\"da-DK\",\"@id\":\"https:\\\/\\\/primacover.com\\\/da\\\/#\\\/schema\\\/logo\\\/image\\\/\",\"url\":\"\",\"contentUrl\":\"\",\"caption\":\"PrimaCover\"},\"image\":{\"@id\":\"https:\\\/\\\/primacover.com\\\/da\\\/#\\\/schema\\\/logo\\\/image\\\/\"},\"sameAs\":[\"https:\\\/\\\/www.facebook.com\\\/PrimaverdeBV\",\"https:\\\/\\\/nl.linkedin.com\\\/company\\\/primaverde\",\"https:\\\/\\\/www.youtube.com\\\/channel\\\/UC3DwQqj8f8tatLdSFA0aWwA\"]}]}<\/script>\n<meta property=\"product:price:currency\" content=\"EUR\" \/>\n<meta property=\"og:availability\" content=\"instock\" \/>\n<meta property=\"product:availability\" content=\"instock\" \/>\n<meta property=\"product:condition\" content=\"new\" \/>\n<!-- \/ Yoast SEO Premium plugin. -->","yoast_head_json":{"title":"PrimaCover Airtape","robots":{"index":"index","follow":"follow","max-snippet":"max-snippet:-1","max-image-preview":"max-image-preview:large","max-video-preview":"max-video-preview:-1"},"canonical":"https:\/\/primacover.com\/da\/product\/primacover-airtape\/","og_locale":"da_DK","og_type":"article","og_title":"PrimaCover Airtape","og_description":"\u00c5ndbar fugetape til afd\u00e6kningsmaterialer PrimaCover Airtape er specielt udviklet til sikker sammenf\u00f8jning af damp\u00e5bene og \u00e5ndbare afd\u00e6kningsmaterialer (s\u00e5som PrimaCover Active,","og_url":"https:\/\/primacover.com\/da\/product\/primacover-airtape\/","og_site_name":"PrimaCover","article_publisher":"https:\/\/www.facebook.com\/PrimaverdeBV","article_modified_time":"2026-04-03T09:50:42+00:00","og_image":[{"width":600,"height":400,"url":"https:\/\/primacover.com\/wp-content\/uploads\/2025\/04\/Airtape_P0NZ_s01.jpg","type":"image\/jpeg"}],"twitter_card":"summary_large_image","twitter_misc":{"Price":"","Availability":"In stock"},"schema":{"@context":"https:\/\/schema.org","@graph":[{"@type":"WebPage","@id":"https:\/\/primacover.com\/da\/product\/primacover-airtape\/","url":"https:\/\/primacover.com\/da\/product\/primacover-airtape\/","name":"PrimaCover Airtape","isPartOf":{"@id":"https:\/\/primacover.com\/da\/#website"},"primaryImageOfPage":{"@id":"https:\/\/primacover.com\/da\/product\/primacover-airtape\/#primaryimage"},"image":{"@id":"https:\/\/primacover.com\/da\/product\/primacover-airtape\/#primaryimage"},"thumbnailUrl":"https:\/\/primacover.com\/wp-content\/uploads\/2025\/04\/Airtape_P0NZ_s01.jpg","datePublished":"2025-04-23T06:45:26+00:00","dateModified":"2026-04-03T09:50:42+00:00","breadcrumb":{"@id":"https:\/\/primacover.com\/da\/product\/primacover-airtape\/#breadcrumb"},"inLanguage":"da-DK","potentialAction":[{"@type":"ReadAction","target":["https:\/\/primacover.com\/da\/product\/primacover-airtape\/"]}]},{"@type":"ImageObject","inLanguage":"da-DK","@id":"https:\/\/primacover.com\/da\/product\/primacover-airtape\/#primaryimage","url":"https:\/\/primacover.com\/wp-content\/uploads\/2025\/04\/Airtape_P0NZ_s01.jpg","contentUrl":"https:\/\/primacover.com\/wp-content\/uploads\/2025\/04\/Airtape_P0NZ_s01.jpg","width":600,"height":400},{"@type":"BreadcrumbList","@id":"https:\/\/primacover.com\/da\/product\/primacover-airtape\/#breadcrumb","itemListElement":[{"@type":"ListItem","position":1,"name":"Home","item":"https:\/\/primacover.com\/da\/"},{"@type":"ListItem","position":2,"name":"Produkter","item":"https:\/\/primacover.com\/da\/?page_id=141809"},{"@type":"ListItem","position":3,"name":"PrimaCover Airtape"}]},{"@type":"WebSite","@id":"https:\/\/primacover.com\/da\/#website","url":"https:\/\/primacover.com\/da\/","name":"PrimaCover","description":"afdekvlies-afdekfolie-stofdeuren, coveringmaterials-dustdoors","publisher":{"@id":"https:\/\/primacover.com\/da\/#organization"},"potentialAction":[{"@type":"SearchAction","target":{"@type":"EntryPoint","urlTemplate":"https:\/\/primacover.com\/da\/?s={search_term_string}"},"query-input":{"@type":"PropertyValueSpecification","valueRequired":true,"valueName":"search_term_string"}}],"inLanguage":"da-DK"},{"@type":"Organization","@id":"https:\/\/primacover.com\/da\/#organization","name":"PrimaCover","url":"https:\/\/primacover.com\/da\/","logo":{"@type":"ImageObject","inLanguage":"da-DK","@id":"https:\/\/primacover.com\/da\/#\/schema\/logo\/image\/","url":"","contentUrl":"","caption":"PrimaCover"},"image":{"@id":"https:\/\/primacover.com\/da\/#\/schema\/logo\/image\/"},"sameAs":["https:\/\/www.facebook.com\/PrimaverdeBV","https:\/\/nl.linkedin.com\/company\/primaverde","https:\/\/www.youtube.com\/channel\/UC3DwQqj8f8tatLdSFA0aWwA"]}]},"product_price_currency":"EUR","og_availability":"instock","product_availability":"instock","product_condition":"new"},"_links":{"self":[{"href":"https:\/\/primacover.com\/da\/wp-json\/wp\/v2\/product\/141897","targetHints":{"allow":["GET"]}}],"collection":[{"href":"https:\/\/primacover.com\/da\/wp-json\/wp\/v2\/product"}],"about":[{"href":"https:\/\/primacover.com\/da\/wp-json\/wp\/v2\/types\/product"}],"wp:featuredmedia":[{"embeddable":true,"href":"https:\/\/primacover.com\/da\/wp-json\/wp\/v2\/media\/141908"}],"wp:attachment":[{"href":"https:\/\/primacover.com\/da\/wp-json\/wp\/v2\/media?parent=141897"}],"wp:term":[{"taxonomy":"product_brand","embeddable":true,"href":"https:\/\/primacover.com\/da\/wp-json\/wp\/v2\/product_brand?post=141897"},{"taxonomy":"product_cat","embeddable":true,"href":"https:\/\/primacover.com\/da\/wp-json\/wp\/v2\/product_cat?post=141897"},{"taxonomy":"product_tag","embeddable":true,"href":"https:\/\/primacover.com\/da\/wp-json\/wp\/v2\/product_tag?post=141897"}],"curies":[{"name":"wp","href":"https:\/\/api.w.org\/{rel}","templated":true}]}}