{"id":141913,"date":"2024-06-27T15:56:52","date_gmt":"2024-06-27T13:56:52","guid":{"rendered":"https:\/\/primacover.com\/?post_type=product&#038;p=141913"},"modified":"2026-04-03T11:36:09","modified_gmt":"2026-04-03T09:36:09","slug":"primacover-cutter-premium","status":"publish","type":"product","link":"https:\/\/primacover.com\/da\/product\/primacover-cutter-premium\/","title":{"rendered":"PrimaCover Cutter Premium"},"content":{"rendered":"<h2>PrimaCover Cutter Premium folie- og filtkniv<\/h2>\n<p>PrimaCover Cutter Premium er en ergonomisk sikkerhedskniv til sk\u00e6ring af en lang r\u00e6kke materialer, b\u00e5de tykke og tynde. Den sk\u00e6rer ubesv\u00e6ret gennem afd\u00e6kningsfilt, afd\u00e6kningsfolie, tape og pap. Takket v\u00e6re det ergonomiske design ligger kniven sikkert og behageligt i h\u00e5nden.<\/p>\n<p>Hver PrimaCover Cutter Premium leveres som standard med to knivblade, inklusive en reservekniv i h\u00e5ndtaget. Da hvert knivblad har to skarpe sider, har du altid 4 sk\u00e6reflader til r\u00e5dighed.<\/p>\n<p><strong>Egenskaber:<\/strong><\/p>\n<ul>\n<li>Robust sk\u00e6rehoved<\/li>\n<li>Reservesk\u00e6r i h\u00e5ndtaget<\/li>\n<li>Ergonomisk formet<\/li>\n<li>Let (38 gram)<\/li>\n<li>GS-certifikat: S 60169808<\/li>\n<li>M\u00e5l (LxBxH): 152mm x 12mm x 40mm<\/li>\n<\/ul>\n<p><strong>Ans\u00f8gninger:<\/strong><\/p>\n<ul>\n<li>Til sk\u00e6ring af forskellige materialer, fra afd\u00e6kningsfolie til pap. (inkl. filt)<\/li>\n<\/ul>\n<p><strong>Instruktioner:<\/strong><\/p>\n<ul>\n<li>PrimaCover Cutter Premium er skarp. Udskift sk\u00e6rebladet regelm\u00e6ssigt for at sikre optimal sk\u00e6reydelse.<\/li>\n<li>Udskiftning af kniv: \u00c5bn h\u00e5ndtaget p\u00e5 oversiden for at l\u00e5se magasinet med udskiftningskniven op og samtidig l\u00e5se det robuste knivhoved op, s\u00e5 du hurtigt og nemt kan udskifte kniven.<\/li>\n<\/ul>\n","protected":false},"excerpt":{"rendered":"<p>PrimaCover Cutter Premium folie- og filtkniv PrimaCover Cutter Premium er en ergonomisk sikkerhedskniv til sk\u00e6ring af en lang r\u00e6kke materialer,<\/p>\n","protected":false},"featured_media":141917,"menu_order":4,"template":"","meta":{"generate_page_header":""},"product_brand":[],"product_cat":[],"product_tag":[],"class_list":{"0":"post-141913","1":"product","2":"type-product","3":"status-publish","4":"has-post-thumbnail","6":"","7":"woocommerce-text-align-center","8":"woocommerce-image-align-center","9":"do-quantity-buttons","11":"first","12":"instock","13":"shipping-taxable","14":"product-type-simple"},"yoast_head":"<!-- This site is optimized with the Yoast SEO Premium plugin v26.7 (Yoast SEO v27.2) - https:\/\/yoast.com\/product\/yoast-seo-premium-wordpress\/ -->\n<title>PrimaCover Cutter Premium<\/title>\n<meta name=\"robots\" content=\"index, follow, max-snippet:-1, max-image-preview:large, max-video-preview:-1\" \/>\n<link rel=\"canonical\" href=\"https:\/\/primacover.com\/da\/product\/primacover-cutter-premium\/\" \/>\n<meta property=\"og:locale\" content=\"da_DK\" \/>\n<meta property=\"og:type\" content=\"article\" \/>\n<meta property=\"og:title\" content=\"PrimaCover Cutter Premium\" \/>\n<meta property=\"og:description\" content=\"PrimaCover Cutter Premium folie- og filtkniv PrimaCover Cutter Premium er en ergonomisk sikkerhedskniv til sk\u00e6ring af en lang r\u00e6kke materialer,\" \/>\n<meta property=\"og:url\" content=\"https:\/\/primacover.com\/da\/product\/primacover-cutter-premium\/\" \/>\n<meta property=\"og:site_name\" content=\"PrimaCover\" \/>\n<meta property=\"article:publisher\" content=\"https:\/\/www.facebook.com\/PrimaverdeBV\" \/>\n<meta property=\"article:modified_time\" content=\"2026-04-03T09:36:09+00:00\" \/>\n<meta property=\"og:image\" content=\"https:\/\/primacover.com\/wp-content\/uploads\/2024\/06\/Cutter-Premium_P0NZ_s01.jpg\" \/>\n\t<meta property=\"og:image:width\" content=\"600\" \/>\n\t<meta property=\"og:image:height\" content=\"600\" \/>\n\t<meta property=\"og:image:type\" content=\"image\/jpeg\" \/>\n<meta name=\"twitter:card\" content=\"summary_large_image\" \/>\n<meta name=\"twitter:label1\" content=\"Price\" \/>\n\t<meta name=\"twitter:data1\" content=\"\" \/>\n\t<meta name=\"twitter:label2\" content=\"Availability\" \/>\n\t<meta name=\"twitter:data2\" content=\"In stock\" \/>\n<script type=\"application\/ld+json\" class=\"yoast-schema-graph\">{\"@context\":\"https:\/\/schema.org\",\"@graph\":[{\"@type\":\"WebPage\",\"@id\":\"https:\/\/primacover.com\/da\/product\/primacover-cutter-premium\/\",\"url\":\"https:\/\/primacover.com\/da\/product\/primacover-cutter-premium\/\",\"name\":\"PrimaCover Cutter Premium\",\"isPartOf\":{\"@id\":\"https:\/\/primacover.com\/da\/#website\"},\"primaryImageOfPage\":{\"@id\":\"https:\/\/primacover.com\/da\/product\/primacover-cutter-premium\/#primaryimage\"},\"image\":{\"@id\":\"https:\/\/primacover.com\/da\/product\/primacover-cutter-premium\/#primaryimage\"},\"thumbnailUrl\":\"https:\/\/primacover.com\/wp-content\/uploads\/2024\/06\/Cutter-Premium_P0NZ_s01.jpg\",\"datePublished\":\"2024-06-27T13:56:52+00:00\",\"dateModified\":\"2026-04-03T09:36:09+00:00\",\"breadcrumb\":{\"@id\":\"https:\/\/primacover.com\/da\/product\/primacover-cutter-premium\/#breadcrumb\"},\"inLanguage\":\"da-DK\",\"potentialAction\":[{\"@type\":\"ReadAction\",\"target\":[\"https:\/\/primacover.com\/da\/product\/primacover-cutter-premium\/\"]}]},{\"@type\":\"ImageObject\",\"inLanguage\":\"da-DK\",\"@id\":\"https:\/\/primacover.com\/da\/product\/primacover-cutter-premium\/#primaryimage\",\"url\":\"https:\/\/primacover.com\/wp-content\/uploads\/2024\/06\/Cutter-Premium_P0NZ_s01.jpg\",\"contentUrl\":\"https:\/\/primacover.com\/wp-content\/uploads\/2024\/06\/Cutter-Premium_P0NZ_s01.jpg\",\"width\":600,\"height\":600,\"caption\":\"PrimaCover Cutter Premium Praktijkfoto 01\"},{\"@type\":\"BreadcrumbList\",\"@id\":\"https:\/\/primacover.com\/da\/product\/primacover-cutter-premium\/#breadcrumb\",\"itemListElement\":[{\"@type\":\"ListItem\",\"position\":1,\"name\":\"Home\",\"item\":\"https:\/\/primacover.com\/da\/\"},{\"@type\":\"ListItem\",\"position\":2,\"name\":\"Produkter\",\"item\":\"https:\/\/primacover.com\/da\/?page_id=141809\"},{\"@type\":\"ListItem\",\"position\":3,\"name\":\"PrimaCover Cutter Premium\"}]},{\"@type\":\"WebSite\",\"@id\":\"https:\/\/primacover.com\/da\/#website\",\"url\":\"https:\/\/primacover.com\/da\/\",\"name\":\"PrimaCover\",\"description\":\"afdekvlies-afdekfolie-stofdeuren, coveringmaterials-dustdoors\",\"publisher\":{\"@id\":\"https:\/\/primacover.com\/da\/#organization\"},\"potentialAction\":[{\"@type\":\"SearchAction\",\"target\":{\"@type\":\"EntryPoint\",\"urlTemplate\":\"https:\/\/primacover.com\/da\/?s={search_term_string}\"},\"query-input\":{\"@type\":\"PropertyValueSpecification\",\"valueRequired\":true,\"valueName\":\"search_term_string\"}}],\"inLanguage\":\"da-DK\"},{\"@type\":\"Organization\",\"@id\":\"https:\/\/primacover.com\/da\/#organization\",\"name\":\"PrimaCover\",\"url\":\"https:\/\/primacover.com\/da\/\",\"logo\":{\"@type\":\"ImageObject\",\"inLanguage\":\"da-DK\",\"@id\":\"https:\/\/primacover.com\/da\/#\/schema\/logo\/image\/\",\"url\":\"\",\"contentUrl\":\"\",\"caption\":\"PrimaCover\"},\"image\":{\"@id\":\"https:\/\/primacover.com\/da\/#\/schema\/logo\/image\/\"},\"sameAs\":[\"https:\/\/www.facebook.com\/PrimaverdeBV\",\"https:\/\/nl.linkedin.com\/company\/primaverde\",\"https:\/\/www.youtube.com\/channel\/UC3DwQqj8f8tatLdSFA0aWwA\"]}]}<\/script>\n<meta property=\"product:price:currency\" content=\"EUR\" \/>\n<meta property=\"og:availability\" content=\"instock\" \/>\n<meta property=\"product:availability\" content=\"instock\" \/>\n<meta property=\"product:condition\" content=\"new\" \/>\n<!-- \/ Yoast SEO Premium plugin. -->","yoast_head_json":{"title":"PrimaCover Cutter Premium","robots":{"index":"index","follow":"follow","max-snippet":"max-snippet:-1","max-image-preview":"max-image-preview:large","max-video-preview":"max-video-preview:-1"},"canonical":"https:\/\/primacover.com\/da\/product\/primacover-cutter-premium\/","og_locale":"da_DK","og_type":"article","og_title":"PrimaCover Cutter Premium","og_description":"PrimaCover Cutter Premium folie- og filtkniv PrimaCover Cutter Premium er en ergonomisk sikkerhedskniv til sk\u00e6ring af en lang r\u00e6kke materialer,","og_url":"https:\/\/primacover.com\/da\/product\/primacover-cutter-premium\/","og_site_name":"PrimaCover","article_publisher":"https:\/\/www.facebook.com\/PrimaverdeBV","article_modified_time":"2026-04-03T09:36:09+00:00","og_image":[{"width":600,"height":600,"url":"https:\/\/primacover.com\/wp-content\/uploads\/2024\/06\/Cutter-Premium_P0NZ_s01.jpg","type":"image\/jpeg"}],"twitter_card":"summary_large_image","twitter_misc":{"Price":"","Availability":"In stock"},"schema":{"@context":"https:\/\/schema.org","@graph":[{"@type":"WebPage","@id":"https:\/\/primacover.com\/da\/product\/primacover-cutter-premium\/","url":"https:\/\/primacover.com\/da\/product\/primacover-cutter-premium\/","name":"PrimaCover Cutter Premium","isPartOf":{"@id":"https:\/\/primacover.com\/da\/#website"},"primaryImageOfPage":{"@id":"https:\/\/primacover.com\/da\/product\/primacover-cutter-premium\/#primaryimage"},"image":{"@id":"https:\/\/primacover.com\/da\/product\/primacover-cutter-premium\/#primaryimage"},"thumbnailUrl":"https:\/\/primacover.com\/wp-content\/uploads\/2024\/06\/Cutter-Premium_P0NZ_s01.jpg","datePublished":"2024-06-27T13:56:52+00:00","dateModified":"2026-04-03T09:36:09+00:00","breadcrumb":{"@id":"https:\/\/primacover.com\/da\/product\/primacover-cutter-premium\/#breadcrumb"},"inLanguage":"da-DK","potentialAction":[{"@type":"ReadAction","target":["https:\/\/primacover.com\/da\/product\/primacover-cutter-premium\/"]}]},{"@type":"ImageObject","inLanguage":"da-DK","@id":"https:\/\/primacover.com\/da\/product\/primacover-cutter-premium\/#primaryimage","url":"https:\/\/primacover.com\/wp-content\/uploads\/2024\/06\/Cutter-Premium_P0NZ_s01.jpg","contentUrl":"https:\/\/primacover.com\/wp-content\/uploads\/2024\/06\/Cutter-Premium_P0NZ_s01.jpg","width":600,"height":600,"caption":"PrimaCover Cutter Premium Praktijkfoto 01"},{"@type":"BreadcrumbList","@id":"https:\/\/primacover.com\/da\/product\/primacover-cutter-premium\/#breadcrumb","itemListElement":[{"@type":"ListItem","position":1,"name":"Home","item":"https:\/\/primacover.com\/da\/"},{"@type":"ListItem","position":2,"name":"Produkter","item":"https:\/\/primacover.com\/da\/?page_id=141809"},{"@type":"ListItem","position":3,"name":"PrimaCover Cutter Premium"}]},{"@type":"WebSite","@id":"https:\/\/primacover.com\/da\/#website","url":"https:\/\/primacover.com\/da\/","name":"PrimaCover","description":"afdekvlies-afdekfolie-stofdeuren, coveringmaterials-dustdoors","publisher":{"@id":"https:\/\/primacover.com\/da\/#organization"},"potentialAction":[{"@type":"SearchAction","target":{"@type":"EntryPoint","urlTemplate":"https:\/\/primacover.com\/da\/?s={search_term_string}"},"query-input":{"@type":"PropertyValueSpecification","valueRequired":true,"valueName":"search_term_string"}}],"inLanguage":"da-DK"},{"@type":"Organization","@id":"https:\/\/primacover.com\/da\/#organization","name":"PrimaCover","url":"https:\/\/primacover.com\/da\/","logo":{"@type":"ImageObject","inLanguage":"da-DK","@id":"https:\/\/primacover.com\/da\/#\/schema\/logo\/image\/","url":"","contentUrl":"","caption":"PrimaCover"},"image":{"@id":"https:\/\/primacover.com\/da\/#\/schema\/logo\/image\/"},"sameAs":["https:\/\/www.facebook.com\/PrimaverdeBV","https:\/\/nl.linkedin.com\/company\/primaverde","https:\/\/www.youtube.com\/channel\/UC3DwQqj8f8tatLdSFA0aWwA"]}]},"product_price_currency":"EUR","og_availability":"instock","product_availability":"instock","product_condition":"new"},"_links":{"self":[{"href":"https:\/\/primacover.com\/da\/wp-json\/wp\/v2\/product\/141913","targetHints":{"allow":["GET"]}}],"collection":[{"href":"https:\/\/primacover.com\/da\/wp-json\/wp\/v2\/product"}],"about":[{"href":"https:\/\/primacover.com\/da\/wp-json\/wp\/v2\/types\/product"}],"wp:featuredmedia":[{"embeddable":true,"href":"https:\/\/primacover.com\/da\/wp-json\/wp\/v2\/media\/141917"}],"wp:attachment":[{"href":"https:\/\/primacover.com\/da\/wp-json\/wp\/v2\/media?parent=141913"}],"wp:term":[{"taxonomy":"product_brand","embeddable":true,"href":"https:\/\/primacover.com\/da\/wp-json\/wp\/v2\/product_brand?post=141913"},{"taxonomy":"product_cat","embeddable":true,"href":"https:\/\/primacover.com\/da\/wp-json\/wp\/v2\/product_cat?post=141913"},{"taxonomy":"product_tag","embeddable":true,"href":"https:\/\/primacover.com\/da\/wp-json\/wp\/v2\/product_tag?post=141913"}],"curies":[{"name":"wp","href":"https:\/\/api.w.org\/{rel}","templated":true}]}}