{"id":142030,"date":"2022-05-02T12:54:30","date_gmt":"2022-05-02T10:54:30","guid":{"rendered":"https:\/\/primacover.com\/?post_type=product&#038;p=142030"},"modified":"2026-04-03T11:30:49","modified_gmt":"2026-04-03T09:30:49","slug":"primacover-carpetsaver","status":"publish","type":"product","link":"https:\/\/primacover.com\/da\/product\/primacover-carpetsaver\/","title":{"rendered":"PrimaCover Carpetsaver"},"content":{"rendered":"<h2>Afd\u00e6kningsfilt til t\u00e6pper<\/h2>\n<p>PrimaCover Carpetsaver er specielt udviklet til at d\u00e6kke t\u00e6pper. Det giver fremragende beskyttelse under en lang r\u00e6kke arbejder, s\u00e5som bygge-, renoverings-, pudse- og malerarbejde.<\/p>\n<p><strong>Egenskaber:<\/strong><\/p>\n<ul>\n<li>Ekstra st\u00e6rk med en kombination af LDPE-folie og en overflade af genanvendt polyesterfilt.<\/li>\n<li>Beskytter mod mekaniske skader<\/li>\n<li>V\u00e6sket\u00e6t<\/li>\n<li>Nem forarbejdning<\/li>\n<li>Genplacerbar<\/li>\n<li>Sikkert kl\u00e6bemiddel p\u00e5 basis af opl\u00f8sningsmiddel<\/li>\n<li>Certificeret BG Bau<\/li>\n<\/ul>\n<p><strong>Ans\u00f8gninger:<\/strong><\/p>\n<ul>\n<li>Udviklet specielt til t\u00e6pper<\/li>\n<li>Til gulve og trapper<\/li>\n<\/ul>\n<p><strong>Instruktioner:<\/strong><\/p>\n<ul>\n<li>Test produktets egnethed p\u00e5 forh\u00e5nd.<\/li>\n<li>Sluk golvvarme f\u00f8r brug.<\/li>\n<li>Skal fjernes senest 3 m\u00e5neder efter p\u00e5f\u00f8ring.<\/li>\n<\/ul>\n","protected":false},"excerpt":{"rendered":"<h2>Afdekvlies voor tapijt<\/h2>\n","protected":false},"featured_media":142073,"menu_order":24,"template":"","meta":{"generate_page_header":""},"product_brand":[],"product_cat":[],"product_tag":[],"class_list":{"0":"post-142030","1":"product","2":"type-product","3":"status-publish","4":"has-post-thumbnail","6":"","7":"woocommerce-text-align-center","8":"woocommerce-image-align-center","9":"do-quantity-buttons","11":"first","12":"instock","13":"shipping-taxable","14":"product-type-simple"},"yoast_head":"<!-- This site is optimized with the Yoast SEO Premium plugin v26.7 (Yoast SEO v27.2) - https:\/\/yoast.com\/product\/yoast-seo-premium-wordpress\/ -->\n<title>PrimaCover Carpetsaver<\/title>\n<meta name=\"robots\" content=\"index, follow, max-snippet:-1, max-image-preview:large, max-video-preview:-1\" \/>\n<link rel=\"canonical\" href=\"https:\/\/primacover.com\/da\/product\/primacover-carpetsaver\/\" \/>\n<meta property=\"og:locale\" content=\"da_DK\" \/>\n<meta property=\"og:type\" content=\"article\" \/>\n<meta property=\"og:title\" content=\"PrimaCover Carpetsaver\" \/>\n<meta property=\"og:description\" content=\"Afdekvlies voor tapijt\" \/>\n<meta property=\"og:url\" content=\"https:\/\/primacover.com\/da\/product\/primacover-carpetsaver\/\" \/>\n<meta property=\"og:site_name\" content=\"PrimaCover\" \/>\n<meta property=\"article:publisher\" content=\"https:\/\/www.facebook.com\/PrimaverdeBV\" \/>\n<meta property=\"article:modified_time\" content=\"2026-04-03T09:30:49+00:00\" \/>\n<meta property=\"og:image\" content=\"https:\/\/primacover.com\/wp-content\/uploads\/2022\/04\/Carpetsaver_P0NZ_s01.jpg\" \/>\n\t<meta property=\"og:image:width\" content=\"600\" \/>\n\t<meta property=\"og:image:height\" content=\"600\" \/>\n\t<meta property=\"og:image:type\" content=\"image\/jpeg\" \/>\n<meta name=\"twitter:card\" content=\"summary_large_image\" \/>\n<meta name=\"twitter:label1\" content=\"Price\" \/>\n\t<meta name=\"twitter:data1\" content=\"\" \/>\n\t<meta name=\"twitter:label2\" content=\"Availability\" \/>\n\t<meta name=\"twitter:data2\" content=\"In stock\" \/>\n<script type=\"application\/ld+json\" class=\"yoast-schema-graph\">{\"@context\":\"https:\/\/schema.org\",\"@graph\":[{\"@type\":\"WebPage\",\"@id\":\"https:\/\/primacover.com\/da\/product\/primacover-carpetsaver\/\",\"url\":\"https:\/\/primacover.com\/da\/product\/primacover-carpetsaver\/\",\"name\":\"PrimaCover Carpetsaver\",\"isPartOf\":{\"@id\":\"https:\/\/primacover.com\/da\/#website\"},\"primaryImageOfPage\":{\"@id\":\"https:\/\/primacover.com\/da\/product\/primacover-carpetsaver\/#primaryimage\"},\"image\":{\"@id\":\"https:\/\/primacover.com\/da\/product\/primacover-carpetsaver\/#primaryimage\"},\"thumbnailUrl\":\"https:\/\/primacover.com\/wp-content\/uploads\/2022\/04\/Carpetsaver_P0NZ_s01.jpg\",\"datePublished\":\"2022-05-02T10:54:30+00:00\",\"dateModified\":\"2026-04-03T09:30:49+00:00\",\"breadcrumb\":{\"@id\":\"https:\/\/primacover.com\/da\/product\/primacover-carpetsaver\/#breadcrumb\"},\"inLanguage\":\"da-DK\",\"potentialAction\":[{\"@type\":\"ReadAction\",\"target\":[\"https:\/\/primacover.com\/da\/product\/primacover-carpetsaver\/\"]}]},{\"@type\":\"ImageObject\",\"inLanguage\":\"da-DK\",\"@id\":\"https:\/\/primacover.com\/da\/product\/primacover-carpetsaver\/#primaryimage\",\"url\":\"https:\/\/primacover.com\/wp-content\/uploads\/2022\/04\/Carpetsaver_P0NZ_s01.jpg\",\"contentUrl\":\"https:\/\/primacover.com\/wp-content\/uploads\/2022\/04\/Carpetsaver_P0NZ_s01.jpg\",\"width\":600,\"height\":600,\"caption\":\"900014 PrimaCover Carpetsaver Praktijk gs1_01\"},{\"@type\":\"BreadcrumbList\",\"@id\":\"https:\/\/primacover.com\/da\/product\/primacover-carpetsaver\/#breadcrumb\",\"itemListElement\":[{\"@type\":\"ListItem\",\"position\":1,\"name\":\"Home\",\"item\":\"https:\/\/primacover.com\/da\/\"},{\"@type\":\"ListItem\",\"position\":2,\"name\":\"Produkter\",\"item\":\"https:\/\/primacover.com\/da\/?page_id=141809\"},{\"@type\":\"ListItem\",\"position\":3,\"name\":\"PrimaCover Carpetsaver\"}]},{\"@type\":\"WebSite\",\"@id\":\"https:\/\/primacover.com\/da\/#website\",\"url\":\"https:\/\/primacover.com\/da\/\",\"name\":\"PrimaCover\",\"description\":\"afdekvlies-afdekfolie-stofdeuren, coveringmaterials-dustdoors\",\"publisher\":{\"@id\":\"https:\/\/primacover.com\/da\/#organization\"},\"potentialAction\":[{\"@type\":\"SearchAction\",\"target\":{\"@type\":\"EntryPoint\",\"urlTemplate\":\"https:\/\/primacover.com\/da\/?s={search_term_string}\"},\"query-input\":{\"@type\":\"PropertyValueSpecification\",\"valueRequired\":true,\"valueName\":\"search_term_string\"}}],\"inLanguage\":\"da-DK\"},{\"@type\":\"Organization\",\"@id\":\"https:\/\/primacover.com\/da\/#organization\",\"name\":\"PrimaCover\",\"url\":\"https:\/\/primacover.com\/da\/\",\"logo\":{\"@type\":\"ImageObject\",\"inLanguage\":\"da-DK\",\"@id\":\"https:\/\/primacover.com\/da\/#\/schema\/logo\/image\/\",\"url\":\"\",\"contentUrl\":\"\",\"caption\":\"PrimaCover\"},\"image\":{\"@id\":\"https:\/\/primacover.com\/da\/#\/schema\/logo\/image\/\"},\"sameAs\":[\"https:\/\/www.facebook.com\/PrimaverdeBV\",\"https:\/\/nl.linkedin.com\/company\/primaverde\",\"https:\/\/www.youtube.com\/channel\/UC3DwQqj8f8tatLdSFA0aWwA\"]}]}<\/script>\n<meta property=\"product:price:currency\" content=\"EUR\" \/>\n<meta property=\"og:availability\" content=\"instock\" \/>\n<meta property=\"product:availability\" content=\"instock\" \/>\n<meta property=\"product:retailer_item_id\" content=\"PC900013\" \/>\n<meta property=\"product:condition\" content=\"new\" \/>\n<!-- \/ Yoast SEO Premium plugin. -->","yoast_head_json":{"title":"PrimaCover Carpetsaver","robots":{"index":"index","follow":"follow","max-snippet":"max-snippet:-1","max-image-preview":"max-image-preview:large","max-video-preview":"max-video-preview:-1"},"canonical":"https:\/\/primacover.com\/da\/product\/primacover-carpetsaver\/","og_locale":"da_DK","og_type":"article","og_title":"PrimaCover Carpetsaver","og_description":"Afdekvlies voor tapijt","og_url":"https:\/\/primacover.com\/da\/product\/primacover-carpetsaver\/","og_site_name":"PrimaCover","article_publisher":"https:\/\/www.facebook.com\/PrimaverdeBV","article_modified_time":"2026-04-03T09:30:49+00:00","og_image":[{"width":600,"height":600,"url":"https:\/\/primacover.com\/wp-content\/uploads\/2022\/04\/Carpetsaver_P0NZ_s01.jpg","type":"image\/jpeg"}],"twitter_card":"summary_large_image","twitter_misc":{"Price":"","Availability":"In stock"},"schema":{"@context":"https:\/\/schema.org","@graph":[{"@type":"WebPage","@id":"https:\/\/primacover.com\/da\/product\/primacover-carpetsaver\/","url":"https:\/\/primacover.com\/da\/product\/primacover-carpetsaver\/","name":"PrimaCover Carpetsaver","isPartOf":{"@id":"https:\/\/primacover.com\/da\/#website"},"primaryImageOfPage":{"@id":"https:\/\/primacover.com\/da\/product\/primacover-carpetsaver\/#primaryimage"},"image":{"@id":"https:\/\/primacover.com\/da\/product\/primacover-carpetsaver\/#primaryimage"},"thumbnailUrl":"https:\/\/primacover.com\/wp-content\/uploads\/2022\/04\/Carpetsaver_P0NZ_s01.jpg","datePublished":"2022-05-02T10:54:30+00:00","dateModified":"2026-04-03T09:30:49+00:00","breadcrumb":{"@id":"https:\/\/primacover.com\/da\/product\/primacover-carpetsaver\/#breadcrumb"},"inLanguage":"da-DK","potentialAction":[{"@type":"ReadAction","target":["https:\/\/primacover.com\/da\/product\/primacover-carpetsaver\/"]}]},{"@type":"ImageObject","inLanguage":"da-DK","@id":"https:\/\/primacover.com\/da\/product\/primacover-carpetsaver\/#primaryimage","url":"https:\/\/primacover.com\/wp-content\/uploads\/2022\/04\/Carpetsaver_P0NZ_s01.jpg","contentUrl":"https:\/\/primacover.com\/wp-content\/uploads\/2022\/04\/Carpetsaver_P0NZ_s01.jpg","width":600,"height":600,"caption":"900014 PrimaCover Carpetsaver Praktijk gs1_01"},{"@type":"BreadcrumbList","@id":"https:\/\/primacover.com\/da\/product\/primacover-carpetsaver\/#breadcrumb","itemListElement":[{"@type":"ListItem","position":1,"name":"Home","item":"https:\/\/primacover.com\/da\/"},{"@type":"ListItem","position":2,"name":"Produkter","item":"https:\/\/primacover.com\/da\/?page_id=141809"},{"@type":"ListItem","position":3,"name":"PrimaCover Carpetsaver"}]},{"@type":"WebSite","@id":"https:\/\/primacover.com\/da\/#website","url":"https:\/\/primacover.com\/da\/","name":"PrimaCover","description":"afdekvlies-afdekfolie-stofdeuren, coveringmaterials-dustdoors","publisher":{"@id":"https:\/\/primacover.com\/da\/#organization"},"potentialAction":[{"@type":"SearchAction","target":{"@type":"EntryPoint","urlTemplate":"https:\/\/primacover.com\/da\/?s={search_term_string}"},"query-input":{"@type":"PropertyValueSpecification","valueRequired":true,"valueName":"search_term_string"}}],"inLanguage":"da-DK"},{"@type":"Organization","@id":"https:\/\/primacover.com\/da\/#organization","name":"PrimaCover","url":"https:\/\/primacover.com\/da\/","logo":{"@type":"ImageObject","inLanguage":"da-DK","@id":"https:\/\/primacover.com\/da\/#\/schema\/logo\/image\/","url":"","contentUrl":"","caption":"PrimaCover"},"image":{"@id":"https:\/\/primacover.com\/da\/#\/schema\/logo\/image\/"},"sameAs":["https:\/\/www.facebook.com\/PrimaverdeBV","https:\/\/nl.linkedin.com\/company\/primaverde","https:\/\/www.youtube.com\/channel\/UC3DwQqj8f8tatLdSFA0aWwA"]}]},"product_price_currency":"EUR","og_availability":"instock","product_availability":"instock","product_retailer_item_id":"PC900013","product_condition":"new"},"_links":{"self":[{"href":"https:\/\/primacover.com\/da\/wp-json\/wp\/v2\/product\/142030","targetHints":{"allow":["GET"]}}],"collection":[{"href":"https:\/\/primacover.com\/da\/wp-json\/wp\/v2\/product"}],"about":[{"href":"https:\/\/primacover.com\/da\/wp-json\/wp\/v2\/types\/product"}],"wp:featuredmedia":[{"embeddable":true,"href":"https:\/\/primacover.com\/da\/wp-json\/wp\/v2\/media\/142073"}],"wp:attachment":[{"href":"https:\/\/primacover.com\/da\/wp-json\/wp\/v2\/media?parent=142030"}],"wp:term":[{"taxonomy":"product_brand","embeddable":true,"href":"https:\/\/primacover.com\/da\/wp-json\/wp\/v2\/product_brand?post=142030"},{"taxonomy":"product_cat","embeddable":true,"href":"https:\/\/primacover.com\/da\/wp-json\/wp\/v2\/product_cat?post=142030"},{"taxonomy":"product_tag","embeddable":true,"href":"https:\/\/primacover.com\/da\/wp-json\/wp\/v2\/product_tag?post=142030"}],"curies":[{"name":"wp","href":"https:\/\/api.w.org\/{rel}","templated":true}]}}