{"id":142210,"date":"2026-05-13T11:13:24","date_gmt":"2026-05-13T09:13:24","guid":{"rendered":"https:\/\/primacover.com\/product\/primacover-carpet-fr\/"},"modified":"2026-05-13T10:43:16","modified_gmt":"2026-05-13T08:43:16","slug":"primacover-carpet-fr","status":"publish","type":"product","link":"https:\/\/primacover.com\/da\/product\/primacover-carpet-fr\/","title":{"rendered":"PrimaCover Carpet FR"},"content":{"rendered":"<h2>Multifunktionel flammeh\u00e6mmende t\u00e6ppefolie<\/h2>\n<p>PrimaCover Carpet FR er en st\u00e6rk, selvkl\u00e6bende og flammeh\u00e6mmende beskyttelsesfolie, der er specielt udviklet til sikker afd\u00e6kning af t\u00e6pper p\u00e5 gulve og trapper. Folien kl\u00e6ber p\u00e5lideligt, beskytter effektivt og er nem at fjerne efter brug uden at efterlade limrester. Ideel til brug ved indretning af projekter, maritime anvendelser og under bygge-, f\u00e6rdigg\u00f8relses-, renoverings- og malerarbejder, hvor ekstra brandsikkerhed er p\u00e5kr\u00e6vet.<\/p>\n<p><strong>Egenskaber:<\/strong><\/p>\n<ul>\n<li>Flammeh\u00e6mmende (i henhold til EN 13501-1 Bfl s1)<\/li>\n<li>Selvkl\u00e6bende<\/li>\n<li>Let at fjerne uden limrester<\/li>\n<li>Tykkelse 50\u00b5m<\/li>\n<li>Egnet til PrimaCover Film Dispenser<\/li>\n<li>M\u00e5l:<\/li>\n<li>62,5cm x 100m<\/li>\n<\/ul>\n<p><strong>Ans\u00f8gninger:<\/strong><\/p>\n<ul>\n<li>Specielt til textilgulvbel\u00e6gning<\/li>\n<li>Til gulve og trapper<\/li>\n<\/ul>\n<p><strong>Instruktioner:<\/strong><\/p>\n<ul>\n<li>Test produktets egnethed p\u00e5 forh\u00e5nd.<\/li>\n<li>Sluk golvvarme f\u00f8r brug.<\/li>\n<\/ul>\n","protected":false},"excerpt":{"rendered":"<h2>Zelfklevende beschermfolie voor tapijt<\/h2>\n","protected":false},"featured_media":142212,"menu_order":30,"template":"","meta":{"generate_page_header":""},"product_brand":[],"product_cat":[4406],"product_tag":[4444,4447],"class_list":{"0":"post-142210","1":"product","2":"type-product","3":"status-publish","4":"has-post-thumbnail","6":"product_cat-afdaekningsfolie","7":"product_tag-eksisterende-og-gennemtorret-indeholder-ingen-fugt","8":"product_tag-selvklaebende","9":"pa_breedte-0-625","10":"pa_eenheid-m","11":"pa_foliedikte-4459","12":"pa_foliedikte-4452","13":"pa_lengte-4455","14":"pa_matten30-0-0x30","15":"pa_merk-primacover","16":"pa_objecttypen-gulv","17":"pa_objecttypen-trappe","18":"pa_ondergrond-tapijt-hoogpolig","19":"pa_ondergrond-tapijt-laagpolig","20":"","21":"woocommerce-text-align-center","22":"woocommerce-image-align-center","23":"do-quantity-buttons","25":"first","26":"instock","27":"shipping-taxable","28":"product-type-simple"},"yoast_head":"<!-- This site is optimized with the Yoast SEO Premium plugin v27.4 (Yoast SEO v27.6) - https:\/\/yoast.com\/product\/yoast-seo-premium-wordpress\/ -->\n<title>PrimaCover Carpet Afdekfolie<\/title>\n<meta name=\"description\" content=\"PrimaCover Carpet is een sterke, zelfklevende, waterdichte folie voor het veilig afdekken van tapijt op vloeren en trappen tijdens projectinrichting, bouw-, afbouw-, renovatie- en schilderwerken. Kan eenvoudig verwijderd worden zonder lijmresten achter te laten (tot 4 weken).\" \/>\n<meta name=\"robots\" content=\"index, follow, max-snippet:-1, max-image-preview:large, max-video-preview:-1\" \/>\n<link rel=\"canonical\" href=\"https:\/\/primacover.com\/da\/product\/primacover-carpet-fr\/\" \/>\n<meta property=\"og:locale\" content=\"da_DK\" \/>\n<meta property=\"og:type\" content=\"article\" \/>\n<meta property=\"og:title\" content=\"PrimaCover Carpet FR\" \/>\n<meta property=\"og:description\" content=\"PrimaCover Carpet is een sterke, zelfklevende, waterdichte folie voor het veilig afdekken van tapijt op vloeren en trappen tijdens projectinrichting, bouw-, afbouw-, renovatie- en schilderwerken. Kan eenvoudig verwijderd worden zonder lijmresten achter te laten (tot 4 weken).\" \/>\n<meta property=\"og:url\" content=\"https:\/\/primacover.com\/da\/product\/primacover-carpet-fr\/\" \/>\n<meta property=\"og:site_name\" content=\"PrimaCover\" \/>\n<meta property=\"article:publisher\" content=\"https:\/\/www.facebook.com\/PrimaverdeBV\" \/>\n<meta property=\"og:image\" content=\"https:\/\/primacover.com\/wp-content\/uploads\/2026\/02\/CarpetFR_P0NZ_s02-scaled.jpg\" \/>\n\t<meta property=\"og:image:width\" content=\"2560\" \/>\n\t<meta property=\"og:image:height\" content=\"2560\" \/>\n\t<meta property=\"og:image:type\" content=\"image\/jpeg\" \/>\n<meta name=\"twitter:card\" content=\"summary_large_image\" \/>\n<meta name=\"twitter:label1\" content=\"Pris\" \/>\n\t<meta name=\"twitter:data1\" content=\"\" \/>\n\t<meta name=\"twitter:label2\" content=\"Tilg\u00e6ngelighed\" \/>\n\t<meta name=\"twitter:data2\" content=\"P\u00e5 lager\" \/>\n<script type=\"application\/ld+json\" class=\"yoast-schema-graph\">{\"@context\":\"https:\\\/\\\/schema.org\",\"@graph\":[{\"@type\":\"WebPage\",\"@id\":\"https:\\\/\\\/primacover.com\\\/da\\\/product\\\/primacover-carpet-fr\\\/\",\"url\":\"https:\\\/\\\/primacover.com\\\/da\\\/product\\\/primacover-carpet-fr\\\/\",\"name\":\"PrimaCover Carpet Afdekfolie\",\"isPartOf\":{\"@id\":\"https:\\\/\\\/primacover.com\\\/da\\\/#website\"},\"primaryImageOfPage\":{\"@id\":\"https:\\\/\\\/primacover.com\\\/da\\\/product\\\/primacover-carpet-fr\\\/#primaryimage\"},\"image\":{\"@id\":\"https:\\\/\\\/primacover.com\\\/da\\\/product\\\/primacover-carpet-fr\\\/#primaryimage\"},\"thumbnailUrl\":\"https:\\\/\\\/primacover.com\\\/wp-content\\\/uploads\\\/2026\\\/02\\\/CarpetFR_P0NZ_s02-scaled.jpg\",\"datePublished\":\"2026-05-13T09:13:24+00:00\",\"description\":\"PrimaCover Carpet is een sterke, zelfklevende, waterdichte folie voor het veilig afdekken van tapijt op vloeren en trappen tijdens projectinrichting, bouw-, afbouw-, renovatie- en schilderwerken. Kan eenvoudig verwijderd worden zonder lijmresten achter te laten (tot 4 weken).\",\"breadcrumb\":{\"@id\":\"https:\\\/\\\/primacover.com\\\/da\\\/product\\\/primacover-carpet-fr\\\/#breadcrumb\"},\"inLanguage\":\"da-DK\",\"potentialAction\":[{\"@type\":\"ReadAction\",\"target\":[\"https:\\\/\\\/primacover.com\\\/da\\\/product\\\/primacover-carpet-fr\\\/\"]}]},{\"@type\":\"ImageObject\",\"inLanguage\":\"da-DK\",\"@id\":\"https:\\\/\\\/primacover.com\\\/da\\\/product\\\/primacover-carpet-fr\\\/#primaryimage\",\"url\":\"https:\\\/\\\/primacover.com\\\/wp-content\\\/uploads\\\/2026\\\/02\\\/CarpetFR_P0NZ_s02-scaled.jpg\",\"contentUrl\":\"https:\\\/\\\/primacover.com\\\/wp-content\\\/uploads\\\/2026\\\/02\\\/CarpetFR_P0NZ_s02-scaled.jpg\",\"width\":2560,\"height\":2560},{\"@type\":\"BreadcrumbList\",\"@id\":\"https:\\\/\\\/primacover.com\\\/da\\\/product\\\/primacover-carpet-fr\\\/#breadcrumb\",\"itemListElement\":[{\"@type\":\"ListItem\",\"position\":1,\"name\":\"Home\",\"item\":\"https:\\\/\\\/primacover.com\\\/da\\\/\"},{\"@type\":\"ListItem\",\"position\":2,\"name\":\"Produkter\",\"item\":\"https:\\\/\\\/primacover.com\\\/da\\\/producten\\\/\"},{\"@type\":\"ListItem\",\"position\":3,\"name\":\"Privat: PrimaCover Carpet FR\"}]},{\"@type\":\"WebSite\",\"@id\":\"https:\\\/\\\/primacover.com\\\/da\\\/#website\",\"url\":\"https:\\\/\\\/primacover.com\\\/da\\\/\",\"name\":\"PrimaCover\",\"description\":\"afdekvlies-afdekfolie-stofdeuren, coveringmaterials-dustdoors\",\"publisher\":{\"@id\":\"https:\\\/\\\/primacover.com\\\/da\\\/#organization\"},\"potentialAction\":[{\"@type\":\"SearchAction\",\"target\":{\"@type\":\"EntryPoint\",\"urlTemplate\":\"https:\\\/\\\/primacover.com\\\/da\\\/?s={search_term_string}\"},\"query-input\":{\"@type\":\"PropertyValueSpecification\",\"valueRequired\":true,\"valueName\":\"search_term_string\"}}],\"inLanguage\":\"da-DK\"},{\"@type\":\"Organization\",\"@id\":\"https:\\\/\\\/primacover.com\\\/da\\\/#organization\",\"name\":\"PrimaCover\",\"url\":\"https:\\\/\\\/primacover.com\\\/da\\\/\",\"logo\":{\"@type\":\"ImageObject\",\"inLanguage\":\"da-DK\",\"@id\":\"https:\\\/\\\/primacover.com\\\/da\\\/#\\\/schema\\\/logo\\\/image\\\/\",\"url\":\"\",\"contentUrl\":\"\",\"caption\":\"PrimaCover\"},\"image\":{\"@id\":\"https:\\\/\\\/primacover.com\\\/da\\\/#\\\/schema\\\/logo\\\/image\\\/\"},\"sameAs\":[\"https:\\\/\\\/www.facebook.com\\\/PrimaverdeBV\",\"https:\\\/\\\/nl.linkedin.com\\\/company\\\/primaverde\",\"https:\\\/\\\/www.youtube.com\\\/channel\\\/UC3DwQqj8f8tatLdSFA0aWwA\"]}]}<\/script>\n<meta property=\"product:brand\" content=\"PrimaCover\" \/>\n<meta property=\"product:price:currency\" content=\"EUR\" \/>\n<meta property=\"og:availability\" content=\"instock\" \/>\n<meta property=\"product:availability\" content=\"instock\" \/>\n<meta property=\"product:condition\" content=\"new\" \/>\n<!-- \/ Yoast SEO Premium plugin. -->","yoast_head_json":{"title":"PrimaCover Carpet Afdekfolie","description":"PrimaCover Carpet is een sterke, zelfklevende, waterdichte folie voor het veilig afdekken van tapijt op vloeren en trappen tijdens projectinrichting, bouw-, afbouw-, renovatie- en schilderwerken. Kan eenvoudig verwijderd worden zonder lijmresten achter te laten (tot 4 weken).","robots":{"index":"index","follow":"follow","max-snippet":"max-snippet:-1","max-image-preview":"max-image-preview:large","max-video-preview":"max-video-preview:-1"},"canonical":"https:\/\/primacover.com\/da\/product\/primacover-carpet-fr\/","og_locale":"da_DK","og_type":"article","og_title":"PrimaCover Carpet FR","og_description":"PrimaCover Carpet is een sterke, zelfklevende, waterdichte folie voor het veilig afdekken van tapijt op vloeren en trappen tijdens projectinrichting, bouw-, afbouw-, renovatie- en schilderwerken. Kan eenvoudig verwijderd worden zonder lijmresten achter te laten (tot 4 weken).","og_url":"https:\/\/primacover.com\/da\/product\/primacover-carpet-fr\/","og_site_name":"PrimaCover","article_publisher":"https:\/\/www.facebook.com\/PrimaverdeBV","og_image":[{"width":2560,"height":2560,"url":"https:\/\/primacover.com\/wp-content\/uploads\/2026\/02\/CarpetFR_P0NZ_s02-scaled.jpg","type":"image\/jpeg"}],"twitter_card":"summary_large_image","twitter_misc":{"Pris":"","Tilg\u00e6ngelighed":"P\u00e5 lager"},"schema":{"@context":"https:\/\/schema.org","@graph":[{"@type":"WebPage","@id":"https:\/\/primacover.com\/da\/product\/primacover-carpet-fr\/","url":"https:\/\/primacover.com\/da\/product\/primacover-carpet-fr\/","name":"PrimaCover Carpet Afdekfolie","isPartOf":{"@id":"https:\/\/primacover.com\/da\/#website"},"primaryImageOfPage":{"@id":"https:\/\/primacover.com\/da\/product\/primacover-carpet-fr\/#primaryimage"},"image":{"@id":"https:\/\/primacover.com\/da\/product\/primacover-carpet-fr\/#primaryimage"},"thumbnailUrl":"https:\/\/primacover.com\/wp-content\/uploads\/2026\/02\/CarpetFR_P0NZ_s02-scaled.jpg","datePublished":"2026-05-13T09:13:24+00:00","description":"PrimaCover Carpet is een sterke, zelfklevende, waterdichte folie voor het veilig afdekken van tapijt op vloeren en trappen tijdens projectinrichting, bouw-, afbouw-, renovatie- en schilderwerken. Kan eenvoudig verwijderd worden zonder lijmresten achter te laten (tot 4 weken).","breadcrumb":{"@id":"https:\/\/primacover.com\/da\/product\/primacover-carpet-fr\/#breadcrumb"},"inLanguage":"da-DK","potentialAction":[{"@type":"ReadAction","target":["https:\/\/primacover.com\/da\/product\/primacover-carpet-fr\/"]}]},{"@type":"ImageObject","inLanguage":"da-DK","@id":"https:\/\/primacover.com\/da\/product\/primacover-carpet-fr\/#primaryimage","url":"https:\/\/primacover.com\/wp-content\/uploads\/2026\/02\/CarpetFR_P0NZ_s02-scaled.jpg","contentUrl":"https:\/\/primacover.com\/wp-content\/uploads\/2026\/02\/CarpetFR_P0NZ_s02-scaled.jpg","width":2560,"height":2560},{"@type":"BreadcrumbList","@id":"https:\/\/primacover.com\/da\/product\/primacover-carpet-fr\/#breadcrumb","itemListElement":[{"@type":"ListItem","position":1,"name":"Home","item":"https:\/\/primacover.com\/da\/"},{"@type":"ListItem","position":2,"name":"Produkter","item":"https:\/\/primacover.com\/da\/producten\/"},{"@type":"ListItem","position":3,"name":"Privat: PrimaCover Carpet FR"}]},{"@type":"WebSite","@id":"https:\/\/primacover.com\/da\/#website","url":"https:\/\/primacover.com\/da\/","name":"PrimaCover","description":"afdekvlies-afdekfolie-stofdeuren, coveringmaterials-dustdoors","publisher":{"@id":"https:\/\/primacover.com\/da\/#organization"},"potentialAction":[{"@type":"SearchAction","target":{"@type":"EntryPoint","urlTemplate":"https:\/\/primacover.com\/da\/?s={search_term_string}"},"query-input":{"@type":"PropertyValueSpecification","valueRequired":true,"valueName":"search_term_string"}}],"inLanguage":"da-DK"},{"@type":"Organization","@id":"https:\/\/primacover.com\/da\/#organization","name":"PrimaCover","url":"https:\/\/primacover.com\/da\/","logo":{"@type":"ImageObject","inLanguage":"da-DK","@id":"https:\/\/primacover.com\/da\/#\/schema\/logo\/image\/","url":"","contentUrl":"","caption":"PrimaCover"},"image":{"@id":"https:\/\/primacover.com\/da\/#\/schema\/logo\/image\/"},"sameAs":["https:\/\/www.facebook.com\/PrimaverdeBV","https:\/\/nl.linkedin.com\/company\/primaverde","https:\/\/www.youtube.com\/channel\/UC3DwQqj8f8tatLdSFA0aWwA"]}]},"product_brand":"PrimaCover","product_price_currency":"EUR","og_availability":"instock","product_availability":"instock","product_condition":"new"},"_links":{"self":[{"href":"https:\/\/primacover.com\/da\/wp-json\/wp\/v2\/product\/142210","targetHints":{"allow":["GET"]}}],"collection":[{"href":"https:\/\/primacover.com\/da\/wp-json\/wp\/v2\/product"}],"about":[{"href":"https:\/\/primacover.com\/da\/wp-json\/wp\/v2\/types\/product"}],"wp:featuredmedia":[{"embeddable":true,"href":"https:\/\/primacover.com\/da\/wp-json\/wp\/v2\/media\/142212"}],"wp:attachment":[{"href":"https:\/\/primacover.com\/da\/wp-json\/wp\/v2\/media?parent=142210"}],"wp:term":[{"taxonomy":"product_brand","embeddable":true,"href":"https:\/\/primacover.com\/da\/wp-json\/wp\/v2\/product_brand?post=142210"},{"taxonomy":"product_cat","embeddable":true,"href":"https:\/\/primacover.com\/da\/wp-json\/wp\/v2\/product_cat?post=142210"},{"taxonomy":"product_tag","embeddable":true,"href":"https:\/\/primacover.com\/da\/wp-json\/wp\/v2\/product_tag?post=142210"}],"curies":[{"name":"wp","href":"https:\/\/api.w.org\/{rel}","templated":true}]}}