{"id":16349,"date":"2016-08-14T17:39:09","date_gmt":"2016-08-14T15:39:09","guid":{"rendered":"https:\/\/primacover.com\/home-2\/"},"modified":"2025-04-30T13:59:15","modified_gmt":"2025-04-30T11:59:15","slug":"primacover","status":"publish","type":"page","link":"https:\/\/primacover.com\/de\/","title":{"rendered":"PrimaCover"},"content":{"rendered":"\n<div class=\"wp-block-group\"><div class=\"wp-block-group__inner-container is-layout-flow wp-block-group-is-layout-flow\">\n<h1 class=\"wp-block-heading has-text-align-center\" id=\"h-sauber-amp-sicher-bauen-und-renovieren-mit-primacover\">SAUBER &amp; SICHER BAUEN UND RENOVIEREN MIT PRIMACOVER<\/h1>\n\n\n\n<h2 class=\"wp-block-heading has-text-align-center\" id=\"h-abdeckmaterialen-abdeckvliesen-schutzfolien-staubschutzturen-und-spezielle-klebebandern\">Abdeckmaterialen, Abdeckvliesen, Schutzfolien, Staubschutzt\u00fcren und spezielle Klebeb\u00e4ndern<\/h2>\n<\/div><\/div>\n\n\n\n<div class=\"wp-block-group\"><div class=\"wp-block-group__inner-container is-layout-flow wp-block-group-is-layout-flow\">\n<div class=\"wp-block-columns has-3-columns is-layout-flex wp-container-core-columns-is-layout-9d6595d7 wp-block-columns-is-layout-flex\">\n<div class=\"wp-block-column is-layout-flow wp-block-column-is-layout-flow\">\n<h3 class=\"wp-block-heading\" id=\"h-abdeckvliese-schutzfolien-und-staubschutzture\">Abdeckvliese, Schutzfolien und Staubschutzt\u00fcre<\/h3>\n\n\n\n<p><strong>Bauen, Umbauen und Renovieren muss sauber und sicher erfolgen. Sch\u00fctzen Sie daher den Untergrund und die Arbeitsumgebung mit PrimaCover-Produkten.&nbsp;<\/strong><\/p>\n\n\n\n<p>Wir haben ein schnell wachsendes Angebot an Abdeckfliesen, Schutzfolien, Staubschutzt\u00fcren und Klebeb\u00e4ndern. Da PrimaCover seine Produkte <a href=\"https:\/\/primaverde.nl\">selbst <\/a>entwickelt und herstellt, k\u00f6nnen sich alle auf durchdachte und qualitativ hochwertige Produkte verlassen. Diese Schutzmaterialien in A-Qualit\u00e4t werden in der Praxis t\u00e4glich von Unternehmen, Angestellten und Selbstst\u00e4ndigen verwendet in den unterschiedlichsten Branchen:<\/p>\n\n\n\n<ul class=\"wp-block-list\">\n<li>Bau<\/li>\n\n\n\n<li>Renovierung<\/li>\n\n\n\n<li>R\u00fcckbau<\/li>\n\n\n\n<li>Umbau<\/li>\n\n\n\n<li>Malerarbeiten<\/li>\n\n\n\n<li>DIY<\/li>\n\n\n\n<li>Technische Wartung<\/li>\n\n\n\n<li>Veranstaltungen<\/li>\n\n\n\n<li>Maritim<\/li>\n\n\n\n<li>usw.<\/li>\n<\/ul>\n<\/div>\n\n\n\n<div class=\"wp-block-column is-layout-flow wp-block-column-is-layout-flow\">\n<h3 class=\"wp-block-heading\" id=\"h-die-vorteile-von-primacover\">Die Vorteile von PrimaCover<\/h3>\n\n\n\n<ul class=\"wp-block-list\">\n<li>Sicherer Schutz von B\u00f6den, Treppen und R\u00e4umen<\/li>\n\n\n\n<li>Verhindert Reparaturkosten und Diskussionen<\/li>\n\n\n\n<li>Produktentwicklung mit Anwendernutzen als Ausgangsbasis<\/li>\n\n\n\n<li>Praxis bew\u00e4hrte Qualit\u00e4t<\/li>\n\n\n\n<li>Professioneles Erscheinungsbild<\/li>\n<\/ul>\n<\/div>\n\n\n\n<div class=\"wp-block-column is-layout-flow wp-block-column-is-layout-flow\">\n<figure class=\"wp-block-image size-large\"><img loading=\"lazy\" decoding=\"async\" width=\"600\" height=\"399\" src=\"https:\/\/primacover.com\/wp-content\/uploads\/2021\/03\/PrimaCover-Robust-Prefab-Trap.jpg\" alt=\"PrimaCover Robust Prefab Trap\" class=\"wp-image-14664\" srcset=\"https:\/\/primacover.com\/wp-content\/uploads\/2021\/03\/PrimaCover-Robust-Prefab-Trap.jpg 600w, https:\/\/primacover.com\/wp-content\/uploads\/2021\/03\/PrimaCover-Robust-Prefab-Trap-300x200.jpg 300w\" sizes=\"auto, (max-width: 600px) 100vw, 600px\" \/><\/figure>\n\n\n\n<figure class=\"wp-block-embed is-type-video is-provider-youtube wp-block-embed-youtube wp-embed-aspect-16-9 wp-has-aspect-ratio\"><div class=\"wp-block-embed__wrapper\">\n<iframe loading=\"lazy\" title=\"PrimaCover Standard  - DEUTSCH\" width=\"1200\" height=\"675\" src=\"https:\/\/www.youtube.com\/embed\/RtYSzLKlfQU?feature=oembed\" frameborder=\"0\" allow=\"accelerometer; autoplay; clipboard-write; encrypted-media; gyroscope; picture-in-picture; web-share\" allowfullscreen><\/iframe>\n<\/div><\/figure>\n\n\n\n<p><\/p>\n<\/div>\n<\/div>\n<\/div><\/div>\n\n\n\n<div class=\"wp-block-columns has-base-background-color has-background is-layout-flex wp-container-core-columns-is-layout-9d6595d7 wp-block-columns-is-layout-flex\">\n<div class=\"wp-block-column is-layout-flow wp-block-column-is-layout-flow\">\n<h3 class=\"wp-block-heading\" id=\"h-primacover-produktubersicht\">PrimaCover Produkt\u00fcbersicht<\/h3>\n\n\n\n<p>PrimaCover ist bei Bau-, Renoviererungs- und Malernunternehmen zu \u201aHause\u2018. Eine sichere Wahl f\u00fcr Bau, Neubau, Renovierung und Instandhaltung von Immobilien, wenn es um den Schutz und die Abdeckung von B\u00f6den und Treppen geht.<\/p>\n\n\n\n<p><a href=\"https:\/\/primacover.com\/de\/produkte\/\">Zu den Produkten \u2026&gt;<\/a><\/p>\n\n\n\n<p><a href=\"https:\/\/primacover.com\/datasheets\/PC_Drieluik_DE_DIG_v20.pdf\">Prospekt herunterladen \u2026><\/a><\/p>\n<\/div>\n\n\n\n<div class=\"wp-block-column is-layout-flow wp-block-column-is-layout-flow\">\n<figure class=\"wp-block-image size-full\"><a href=\"https:\/\/primacover.com\/datasheets\/PC_Drieluik_DE_DIG_v20.pdf\"><img decoding=\"async\" src=\"https:\/\/primacover.com\/wp-content\/uploads\/2020\/11\/PrimaCover_promoblock_METR.png\" alt=\"PrimaCover Brochure NL\" class=\"wp-image-13888\"\/><\/a><\/figure>\n<\/div>\n\n\n\n<div class=\"wp-block-column is-layout-flow wp-block-column-is-layout-flow\">\n<h3 class=\"wp-block-heading\" id=\"h-unsere-produkte-bieten-sicherheit\">Unsere Produkte bieten Sicherheit<\/h3>\n\n\n\n<p>Wie wichtig es ist, w\u00e4hrend Arbeiten B\u00f6den, Oberfl\u00e4chen und die Umwelt zu sch\u00fctzen, wird erst klar, wenn der Farbtopf herunterf\u00e4llt. Oder wenn ein Beh\u00e4lter mit \u00d6l umgesto\u00dfen wird. Jeden Tag werden unsere Produkte auf Baustellen und auf Schiffen, in Heimen und Krankenh\u00e4usern, in Denkm\u00e4lern und Museen eingesetzt.<\/p>\n\n\n\n<p>Unsere Produkte bieten Sicherheit. Was k\u00f6nnen wir f\u00fcr Sie tun?&nbsp;Nehmen Sie&nbsp;<a href=\"https:\/\/primacover.com\/de\/kontakt\/\">Kontakt&nbsp;<\/a>auf!<\/p>\n<\/div>\n<\/div>\n\n\n\n<div class=\"wp-block-group\"><div class=\"wp-block-group__inner-container is-layout-flow wp-block-group-is-layout-flow\">\n<div class=\"wp-block-columns has-3-columns is-layout-flex wp-container-core-columns-is-layout-9d6595d7 wp-block-columns-is-layout-flex\">\n<div class=\"wp-block-column is-layout-flow wp-block-column-is-layout-flow\">\n<figure class=\"wp-block-image size-large\"><img loading=\"lazy\" decoding=\"async\" width=\"600\" height=\"399\" src=\"https:\/\/primacover.com\/wp-content\/uploads\/2021\/03\/PrimaCover-afdekvlies-Steiger-Praktijk.jpg\" alt=\"PrimaCover afdekvlies Steiger Praktijk\" class=\"wp-image-16352\" srcset=\"https:\/\/primacover.com\/wp-content\/uploads\/2021\/03\/PrimaCover-afdekvlies-Steiger-Praktijk.jpg 600w, https:\/\/primacover.com\/wp-content\/uploads\/2021\/03\/PrimaCover-afdekvlies-Steiger-Praktijk-300x200.jpg 300w\" sizes=\"auto, (max-width: 600px) 100vw, 600px\" \/><\/figure>\n\n\n\n<h3 class=\"wp-block-heading\" id=\"h-bau-neubau-renovierung-und-instandhaltung-von-immobilien\">Bau, Neubau, Renovierung und Instandhaltung von Immobilien<\/h3>\n\n\n\n<p>PrimaCover ist bei Bau-, Renoviererungs- und Malernunternehmen zu &#8218;Hause&#8216;. Eine sichere Wahl f\u00fcr Bau, Neubau, Renovierung und Instandhaltung von Immobilien, wenn es um den Schutz und die Abdeckung von B\u00f6den und Treppen geht.<\/p>\n\n\n\n<p><strong>Einige Beispiele:<\/strong><\/p>\n\n\n\n<ul class=\"wp-block-list\">\n<li>Abdeckung von Betonfertigteilen w\u00e4hrend des Projektaufbaus<\/li>\n\n\n\n<li>Abdeckung von Parkett, Fliesen, Naturstein usw. w\u00e4hrend Renovierungsarbeiten<\/li>\n\n\n\n<li>Schutz von B\u00f6den und Treppen beim Verputzen und Malerarbeiten<\/li>\n<\/ul>\n<\/div>\n\n\n\n<div class=\"wp-block-column is-layout-flow wp-block-column-is-layout-flow\">\n<figure class=\"wp-block-image size-large\"><img loading=\"lazy\" decoding=\"async\" width=\"600\" height=\"399\" src=\"https:\/\/primacover.com\/wp-content\/uploads\/2021\/03\/PrimaCover-Evenementen-Sportvloer.jpg\" alt=\"PrimaCover Evenementen Sporthal\" class=\"wp-image-16353\" srcset=\"https:\/\/primacover.com\/wp-content\/uploads\/2021\/03\/PrimaCover-Evenementen-Sportvloer.jpg 600w, https:\/\/primacover.com\/wp-content\/uploads\/2021\/03\/PrimaCover-Evenementen-Sportvloer-300x200.jpg 300w\" sizes=\"auto, (max-width: 600px) 100vw, 600px\" \/><\/figure>\n\n\n\n<h3 class=\"wp-block-heading\" id=\"h-veranstaltungen\">Veranstaltungen<\/h3>\n\n\n\n<p>Verwende PrimaCover auch bei Veranstaltungen. Indem Sie den Boden abdecken, sch\u00fctzen Sie den Untergrund und schaffen eine angenehme Akustik.<\/p>\n\n\n\n<p><strong> <strong>Einige Beispiele:<\/strong> <\/strong><\/p>\n\n\n\n<ul class=\"wp-block-list\">\n<li>Abdecken von Turnhallenb\u00f6den w\u00e4hrend Pr\u00fcfungen<\/li>\n\n\n\n<li>Bodenschutz beim Aufbau von Messest\u00e4nden<\/li>\n\n\n\n<li>Die Gestaltung von Laufwegen, sogar f\u00fcr hochfrequentierte Bereiche geeignet.<\/li>\n<\/ul>\n\n\n\n<p><\/p>\n<\/div>\n\n\n\n<div class=\"wp-block-column is-layout-flow wp-block-column-is-layout-flow\">\n<figure class=\"wp-block-image size-large\"><img loading=\"lazy\" decoding=\"async\" width=\"600\" height=\"399\" src=\"https:\/\/primacover.com\/wp-content\/uploads\/2021\/03\/PrimaCover-trapje-huis-nieuwbouw.jpg\" alt=\"\" class=\"wp-image-16354\" srcset=\"https:\/\/primacover.com\/wp-content\/uploads\/2021\/03\/PrimaCover-trapje-huis-nieuwbouw.jpg 600w, https:\/\/primacover.com\/wp-content\/uploads\/2021\/03\/PrimaCover-trapje-huis-nieuwbouw-300x200.jpg 300w\" sizes=\"auto, (max-width: 600px) 100vw, 600px\" \/><\/figure>\n<\/div>\n<\/div>\n<\/div><\/div>\n","protected":false},"excerpt":{"rendered":"<p>SAUBER &amp; SICHER BAUEN UND RENOVIEREN MIT PRIMACOVER Abdeckmaterialen, Abdeckvliesen, Schutzfolien, Staubschutzt\u00fcren und spezielle Klebeb\u00e4ndern Abdeckvliese, Schutzfolien und Staubschutzt\u00fcre Bauen,<\/p>\n","protected":false},"author":1,"featured_media":0,"parent":0,"menu_order":10,"comment_status":"closed","ping_status":"closed","template":"","meta":{"generate_page_header":"","footnotes":""},"class_list":["post-16349","page","type-page","status-publish"],"yoast_head":"<!-- This site is optimized with the Yoast SEO Premium plugin v26.7 (Yoast SEO v27.3) - https:\/\/yoast.com\/product\/yoast-seo-premium-wordpress\/ -->\n<title>PrimaCover Abdeckmaterialen, Abdeckvliesen, Schutzfolien, Staubschutz<\/title>\n<meta name=\"description\" content=\"Sicher bauen und renovieren mit PrimaCover. Abdeckmaterialen, Abdeckvliesen, Schutzfolien, Staubschutzt\u00fcren und spezielle Klebeb\u00e4ndern\" \/>\n<meta name=\"robots\" content=\"index, follow, max-snippet:-1, max-image-preview:large, max-video-preview:-1\" \/>\n<link rel=\"canonical\" href=\"https:\/\/primacover.com\/de\/\" \/>\n<meta property=\"og:locale\" content=\"de_DE\" \/>\n<meta property=\"og:type\" content=\"article\" \/>\n<meta property=\"og:title\" content=\"PrimaCover\" \/>\n<meta property=\"og:description\" content=\"Sicher bauen und renovieren mit PrimaCover. Abdeckmaterialen, Abdeckvliesen, Schutzfolien, Staubschutzt\u00fcren und spezielle Klebeb\u00e4ndern\" \/>\n<meta property=\"og:url\" content=\"https:\/\/primacover.com\/de\/\" \/>\n<meta property=\"og:site_name\" content=\"PrimaCover\" \/>\n<meta property=\"article:publisher\" content=\"https:\/\/www.facebook.com\/PrimaverdeBV\" \/>\n<meta property=\"article:modified_time\" content=\"2025-04-30T11:59:15+00:00\" \/>\n<meta property=\"og:image\" content=\"https:\/\/primacover.com\/wp-content\/uploads\/2021\/03\/PrimaCover-Robust-Prefab-Trap.jpg\" \/>\n\t<meta property=\"og:image:width\" content=\"600\" \/>\n\t<meta property=\"og:image:height\" content=\"399\" \/>\n\t<meta property=\"og:image:type\" content=\"image\/jpeg\" \/>\n<meta name=\"twitter:card\" content=\"summary_large_image\" \/>\n<meta name=\"twitter:label1\" content=\"Gesch\u00e4tzte Lesezeit\" \/>\n\t<meta name=\"twitter:data1\" content=\"3\u00a0Minuten\" \/>\n<script type=\"application\/ld+json\" class=\"yoast-schema-graph\">{\"@context\":\"https:\\\/\\\/schema.org\",\"@graph\":[{\"@type\":\"WebPage\",\"@id\":\"https:\\\/\\\/primacover.com\\\/de\\\/\",\"url\":\"https:\\\/\\\/primacover.com\\\/de\\\/\",\"name\":\"PrimaCover Abdeckmaterialen, Abdeckvliesen, Schutzfolien, Staubschutz\",\"isPartOf\":{\"@id\":\"https:\\\/\\\/primacover.com\\\/de\\\/#website\"},\"primaryImageOfPage\":{\"@id\":\"https:\\\/\\\/primacover.com\\\/de\\\/#primaryimage\"},\"image\":{\"@id\":\"https:\\\/\\\/primacover.com\\\/de\\\/#primaryimage\"},\"thumbnailUrl\":\"https:\\\/\\\/primacover.com\\\/wp-content\\\/uploads\\\/2021\\\/03\\\/PrimaCover-Robust-Prefab-Trap.jpg\",\"datePublished\":\"2016-08-14T15:39:09+00:00\",\"dateModified\":\"2025-04-30T11:59:15+00:00\",\"description\":\"Sicher bauen und renovieren mit PrimaCover. Abdeckmaterialen, Abdeckvliesen, Schutzfolien, Staubschutzt\u00fcren und spezielle Klebeb\u00e4ndern\",\"breadcrumb\":{\"@id\":\"https:\\\/\\\/primacover.com\\\/de\\\/#breadcrumb\"},\"inLanguage\":\"de\",\"potentialAction\":[{\"@type\":\"ReadAction\",\"target\":[\"https:\\\/\\\/primacover.com\\\/de\\\/\"]}]},{\"@type\":\"ImageObject\",\"inLanguage\":\"de\",\"@id\":\"https:\\\/\\\/primacover.com\\\/de\\\/#primaryimage\",\"url\":\"https:\\\/\\\/primacover.com\\\/wp-content\\\/uploads\\\/2021\\\/03\\\/PrimaCover-Robust-Prefab-Trap.jpg\",\"contentUrl\":\"https:\\\/\\\/primacover.com\\\/wp-content\\\/uploads\\\/2021\\\/03\\\/PrimaCover-Robust-Prefab-Trap.jpg\"},{\"@type\":\"BreadcrumbList\",\"@id\":\"https:\\\/\\\/primacover.com\\\/de\\\/#breadcrumb\",\"itemListElement\":[{\"@type\":\"ListItem\",\"position\":1,\"name\":\"Home\",\"item\":\"https:\\\/\\\/primacover.com\\\/de\\\/\"},{\"@type\":\"ListItem\",\"position\":2,\"name\":\"PrimaCover\"}]},{\"@type\":\"WebSite\",\"@id\":\"https:\\\/\\\/primacover.com\\\/de\\\/#website\",\"url\":\"https:\\\/\\\/primacover.com\\\/de\\\/\",\"name\":\"PrimaCover\",\"description\":\"afdekvlies-afdekfolie-stofdeuren, coveringmaterials-dustdoors\",\"publisher\":{\"@id\":\"https:\\\/\\\/primacover.com\\\/de\\\/#organization\"},\"potentialAction\":[{\"@type\":\"SearchAction\",\"target\":{\"@type\":\"EntryPoint\",\"urlTemplate\":\"https:\\\/\\\/primacover.com\\\/de\\\/?s={search_term_string}\"},\"query-input\":{\"@type\":\"PropertyValueSpecification\",\"valueRequired\":true,\"valueName\":\"search_term_string\"}}],\"inLanguage\":\"de\"},{\"@type\":\"Organization\",\"@id\":\"https:\\\/\\\/primacover.com\\\/de\\\/#organization\",\"name\":\"PrimaCover\",\"url\":\"https:\\\/\\\/primacover.com\\\/de\\\/\",\"logo\":{\"@type\":\"ImageObject\",\"inLanguage\":\"de\",\"@id\":\"https:\\\/\\\/primacover.com\\\/de\\\/#\\\/schema\\\/logo\\\/image\\\/\",\"url\":\"\",\"contentUrl\":\"\",\"caption\":\"PrimaCover\"},\"image\":{\"@id\":\"https:\\\/\\\/primacover.com\\\/de\\\/#\\\/schema\\\/logo\\\/image\\\/\"},\"sameAs\":[\"https:\\\/\\\/www.facebook.com\\\/PrimaverdeBV\",\"https:\\\/\\\/nl.linkedin.com\\\/company\\\/primaverde\",\"https:\\\/\\\/www.youtube.com\\\/channel\\\/UC3DwQqj8f8tatLdSFA0aWwA\"]}]}<\/script>\n<!-- \/ Yoast SEO Premium plugin. -->","yoast_head_json":{"title":"PrimaCover Abdeckmaterialen, Abdeckvliesen, Schutzfolien, Staubschutz","description":"Sicher bauen und renovieren mit PrimaCover. Abdeckmaterialen, Abdeckvliesen, Schutzfolien, Staubschutzt\u00fcren und spezielle Klebeb\u00e4ndern","robots":{"index":"index","follow":"follow","max-snippet":"max-snippet:-1","max-image-preview":"max-image-preview:large","max-video-preview":"max-video-preview:-1"},"canonical":"https:\/\/primacover.com\/de\/","og_locale":"de_DE","og_type":"article","og_title":"PrimaCover","og_description":"Sicher bauen und renovieren mit PrimaCover. Abdeckmaterialen, Abdeckvliesen, Schutzfolien, Staubschutzt\u00fcren und spezielle Klebeb\u00e4ndern","og_url":"https:\/\/primacover.com\/de\/","og_site_name":"PrimaCover","article_publisher":"https:\/\/www.facebook.com\/PrimaverdeBV","article_modified_time":"2025-04-30T11:59:15+00:00","og_image":[{"width":600,"height":399,"url":"https:\/\/primacover.com\/wp-content\/uploads\/2021\/03\/PrimaCover-Robust-Prefab-Trap.jpg","type":"image\/jpeg"}],"twitter_card":"summary_large_image","twitter_misc":{"Gesch\u00e4tzte Lesezeit":"3\u00a0Minuten"},"schema":{"@context":"https:\/\/schema.org","@graph":[{"@type":"WebPage","@id":"https:\/\/primacover.com\/de\/","url":"https:\/\/primacover.com\/de\/","name":"PrimaCover Abdeckmaterialen, Abdeckvliesen, Schutzfolien, Staubschutz","isPartOf":{"@id":"https:\/\/primacover.com\/de\/#website"},"primaryImageOfPage":{"@id":"https:\/\/primacover.com\/de\/#primaryimage"},"image":{"@id":"https:\/\/primacover.com\/de\/#primaryimage"},"thumbnailUrl":"https:\/\/primacover.com\/wp-content\/uploads\/2021\/03\/PrimaCover-Robust-Prefab-Trap.jpg","datePublished":"2016-08-14T15:39:09+00:00","dateModified":"2025-04-30T11:59:15+00:00","description":"Sicher bauen und renovieren mit PrimaCover. Abdeckmaterialen, Abdeckvliesen, Schutzfolien, Staubschutzt\u00fcren und spezielle Klebeb\u00e4ndern","breadcrumb":{"@id":"https:\/\/primacover.com\/de\/#breadcrumb"},"inLanguage":"de","potentialAction":[{"@type":"ReadAction","target":["https:\/\/primacover.com\/de\/"]}]},{"@type":"ImageObject","inLanguage":"de","@id":"https:\/\/primacover.com\/de\/#primaryimage","url":"https:\/\/primacover.com\/wp-content\/uploads\/2021\/03\/PrimaCover-Robust-Prefab-Trap.jpg","contentUrl":"https:\/\/primacover.com\/wp-content\/uploads\/2021\/03\/PrimaCover-Robust-Prefab-Trap.jpg"},{"@type":"BreadcrumbList","@id":"https:\/\/primacover.com\/de\/#breadcrumb","itemListElement":[{"@type":"ListItem","position":1,"name":"Home","item":"https:\/\/primacover.com\/de\/"},{"@type":"ListItem","position":2,"name":"PrimaCover"}]},{"@type":"WebSite","@id":"https:\/\/primacover.com\/de\/#website","url":"https:\/\/primacover.com\/de\/","name":"PrimaCover","description":"afdekvlies-afdekfolie-stofdeuren, coveringmaterials-dustdoors","publisher":{"@id":"https:\/\/primacover.com\/de\/#organization"},"potentialAction":[{"@type":"SearchAction","target":{"@type":"EntryPoint","urlTemplate":"https:\/\/primacover.com\/de\/?s={search_term_string}"},"query-input":{"@type":"PropertyValueSpecification","valueRequired":true,"valueName":"search_term_string"}}],"inLanguage":"de"},{"@type":"Organization","@id":"https:\/\/primacover.com\/de\/#organization","name":"PrimaCover","url":"https:\/\/primacover.com\/de\/","logo":{"@type":"ImageObject","inLanguage":"de","@id":"https:\/\/primacover.com\/de\/#\/schema\/logo\/image\/","url":"","contentUrl":"","caption":"PrimaCover"},"image":{"@id":"https:\/\/primacover.com\/de\/#\/schema\/logo\/image\/"},"sameAs":["https:\/\/www.facebook.com\/PrimaverdeBV","https:\/\/nl.linkedin.com\/company\/primaverde","https:\/\/www.youtube.com\/channel\/UC3DwQqj8f8tatLdSFA0aWwA"]}]}},"_links":{"self":[{"href":"https:\/\/primacover.com\/de\/wp-json\/wp\/v2\/pages\/16349","targetHints":{"allow":["GET"]}}],"collection":[{"href":"https:\/\/primacover.com\/de\/wp-json\/wp\/v2\/pages"}],"about":[{"href":"https:\/\/primacover.com\/de\/wp-json\/wp\/v2\/types\/page"}],"author":[{"embeddable":true,"href":"https:\/\/primacover.com\/de\/wp-json\/wp\/v2\/users\/1"}],"replies":[{"embeddable":true,"href":"https:\/\/primacover.com\/de\/wp-json\/wp\/v2\/comments?post=16349"}],"version-history":[{"count":0,"href":"https:\/\/primacover.com\/de\/wp-json\/wp\/v2\/pages\/16349\/revisions"}],"wp:attachment":[{"href":"https:\/\/primacover.com\/de\/wp-json\/wp\/v2\/media?parent=16349"}],"curies":[{"name":"wp","href":"https:\/\/api.w.org\/{rel}","templated":true}]}}