{"id":131674,"date":"2022-05-02T12:54:36","date_gmt":"2022-05-02T10:54:36","guid":{"rendered":"https:\/\/primacover.com\/product\/primacover-robust\/"},"modified":"2026-04-03T11:33:32","modified_gmt":"2026-04-03T09:33:32","slug":"primacover-robust","status":"publish","type":"product","link":"https:\/\/primacover.com\/de\/product\/primacover-robust\/","title":{"rendered":"PrimaCover Robust"},"content":{"rendered":"<h2>Selbsthaftendes sehr starkes Abdeckvlies<\/h2>\n<p>PrimaCover Robust ist ein 3-schichtiges, selbsthaftendes Abdeckvlies. Speziell entwickelt f\u00fcr das Abdecken von Fertigbetonteilen und f\u00fcr Projekte bei denen extra Bodenschutz gefragt ist. Bietet einen optimalen Schutz gegen Feuchtigkeit und mechanische Besch\u00e4digungen w\u00e4hrend der ganzen Bauphase.<\/p>\n<p><strong>Eigenschaften:<\/strong><\/p>\n<ul>\n<li>Sehr stark<\/li>\n<li>Fl\u00fcssigkeitsdicht<\/li>\n<li>Rutschsicher<\/li>\n<li>Selbsthaftend<\/li>\n<li>Stossd\u00e4mpfend<\/li>\n<\/ul>\n<p><strong>Anwendung:<\/strong><\/p>\n<ul>\n<li>F\u00fcr vollst\u00e4ndig trockenen harte Untergr\u00fcnden.<\/li>\n<li>F\u00fcr Fertigelemente und Betonuntergr\u00fcnde.<\/li>\n<li>Geeignet f\u00fcr B\u00f6den und Treppen.<\/li>\n<li>F\u00fcr Innen und Aussen.<\/li>\n<\/ul>\n<p><strong>Anleitung:<\/strong><\/p>\n<ul>\n<li>Eignung des Produktes im Voraus testen.<\/li>\n<li>Fussbodenheizung  vor der Verlegung ausschalten.<\/li>\n<\/ul>\n","protected":false},"excerpt":{"rendered":"<h2>Selbsthaftendes sehr starkes Abdeckvlies<\/h2>\n","protected":false},"featured_media":129477,"menu_order":20,"template":"","meta":{"generate_page_header":""},"product_brand":[],"product_cat":[459],"product_tag":[3397,3119],"class_list":{"0":"post-131674","1":"product","2":"type-product","3":"status-publish","4":"has-post-thumbnail","6":"product_cat-abdeckvlies","7":"product_tag-bestehend-durchgetrocknet-enthalt-keine-feuchtigkeit","8":"product_tag-selbsthaftend-de","9":"pa_breedte-1-de","10":"pa_breedte-2-de","11":"pa_eenheid-m-de-2","12":"pa_foliedikte-0-de","13":"pa_frame-0-de","14":"pa_lengte-25-de-2","15":"pa_matten30-0-0x30-de","16":"pa_merk-primacover-de-2","17":"pa_objecttypen-boden","18":"pa_objecttypen-treppe","19":"pa_ondergrond-beton-fertigelementen","20":"pa_ondergrond-gussboden-kunststoff","21":"pa_ondergrond-gussboden-zement","22":"pa_ondergrond-holz","23":"pa_ondergrond-keramik-fliese","24":"pa_ondergrond-kunststoff","25":"pa_ondergrond-laminat","26":"pa_ondergrond-linoleum-de","27":"pa_ondergrond-naturstein","28":"pa_ondergrond-parkett","29":"pa_ondergrond-pvc-polyurethan-oberschicht","30":"pa_ondergrond-vinyl-de","31":"","32":"woocommerce-text-align-center","33":"woocommerce-image-align-center","34":"do-quantity-buttons","36":"first","37":"instock","38":"shipping-taxable","39":"product-type-simple"},"yoast_head":"<!-- This site is optimized with the Yoast SEO Premium plugin v26.7 (Yoast SEO v27.3) - https:\/\/yoast.com\/product\/yoast-seo-premium-wordpress\/ -->\n<title>Abdeckvlies PrimaCover Robust<\/title>\n<meta name=\"description\" content=\"PrimaCover Robust ist ein 3-schichtiges, selbsthaftendes Abdeckvlies. Speziell entwickelt f\u00fcr das Abdecken von Fertigbetonteilen und f\u00fcr Projekte bei denen extra Bodenschutz gefragt ist. Bietet einen optimalen Schutz gegen Feuchtigkeit und mechanische Besch\u00e4digungen w\u00e4hrend der ganzen Bauphase.\" \/>\n<meta name=\"robots\" content=\"index, follow, max-snippet:-1, max-image-preview:large, max-video-preview:-1\" \/>\n<link rel=\"canonical\" href=\"https:\/\/primacover.com\/de\/product\/primacover-robust\/\" \/>\n<meta property=\"og:locale\" content=\"de_DE\" \/>\n<meta property=\"og:type\" content=\"article\" \/>\n<meta property=\"og:title\" content=\"PrimaCover Robust\" \/>\n<meta property=\"og:description\" content=\"PrimaCover Robust ist ein 3-schichtiges, selbsthaftendes Abdeckvlies. Speziell entwickelt f\u00fcr das Abdecken von Fertigbetonteilen und f\u00fcr Projekte bei denen extra Bodenschutz gefragt ist. Bietet einen optimalen Schutz gegen Feuchtigkeit und mechanische Besch\u00e4digungen w\u00e4hrend der ganzen Bauphase.\" \/>\n<meta property=\"og:url\" content=\"https:\/\/primacover.com\/de\/product\/primacover-robust\/\" \/>\n<meta property=\"og:site_name\" content=\"PrimaCover\" \/>\n<meta property=\"article:publisher\" content=\"https:\/\/www.facebook.com\/PrimaverdeBV\" \/>\n<meta property=\"article:modified_time\" content=\"2026-04-03T09:33:32+00:00\" \/>\n<meta property=\"og:image\" content=\"https:\/\/primacover.com\/wp-content\/uploads\/2022\/04\/Robust_P0NZ_s01.jpg\" \/>\n\t<meta property=\"og:image:width\" content=\"600\" \/>\n\t<meta property=\"og:image:height\" content=\"600\" \/>\n\t<meta property=\"og:image:type\" content=\"image\/jpeg\" \/>\n<meta name=\"twitter:card\" content=\"summary_large_image\" \/>\n<meta name=\"twitter:label1\" content=\"Preis\" \/>\n\t<meta name=\"twitter:data1\" content=\"\" \/>\n\t<meta name=\"twitter:label2\" content=\"Verf\u00fcgbarkeit\" \/>\n\t<meta name=\"twitter:data2\" content=\"Auf Lager\" \/>\n<script type=\"application\/ld+json\" class=\"yoast-schema-graph\">{\"@context\":\"https:\\\/\\\/schema.org\",\"@graph\":[{\"@type\":\"WebPage\",\"@id\":\"https:\\\/\\\/primacover.com\\\/de\\\/product\\\/primacover-robust\\\/\",\"url\":\"https:\\\/\\\/primacover.com\\\/de\\\/product\\\/primacover-robust\\\/\",\"name\":\"Abdeckvlies PrimaCover Robust\",\"isPartOf\":{\"@id\":\"https:\\\/\\\/primacover.com\\\/de\\\/#website\"},\"primaryImageOfPage\":{\"@id\":\"https:\\\/\\\/primacover.com\\\/de\\\/product\\\/primacover-robust\\\/#primaryimage\"},\"image\":{\"@id\":\"https:\\\/\\\/primacover.com\\\/de\\\/product\\\/primacover-robust\\\/#primaryimage\"},\"thumbnailUrl\":\"https:\\\/\\\/primacover.com\\\/wp-content\\\/uploads\\\/2022\\\/04\\\/Robust_P0NZ_s01.jpg\",\"datePublished\":\"2022-05-02T10:54:36+00:00\",\"dateModified\":\"2026-04-03T09:33:32+00:00\",\"description\":\"PrimaCover Robust ist ein 3-schichtiges, selbsthaftendes Abdeckvlies. Speziell entwickelt f\u00fcr das Abdecken von Fertigbetonteilen und f\u00fcr Projekte bei denen extra Bodenschutz gefragt ist. Bietet einen optimalen Schutz gegen Feuchtigkeit und mechanische Besch\u00e4digungen w\u00e4hrend der ganzen Bauphase.\",\"breadcrumb\":{\"@id\":\"https:\\\/\\\/primacover.com\\\/de\\\/product\\\/primacover-robust\\\/#breadcrumb\"},\"inLanguage\":\"de\",\"potentialAction\":[{\"@type\":\"ReadAction\",\"target\":[\"https:\\\/\\\/primacover.com\\\/de\\\/product\\\/primacover-robust\\\/\"]}]},{\"@type\":\"ImageObject\",\"inLanguage\":\"de\",\"@id\":\"https:\\\/\\\/primacover.com\\\/de\\\/product\\\/primacover-robust\\\/#primaryimage\",\"url\":\"https:\\\/\\\/primacover.com\\\/wp-content\\\/uploads\\\/2022\\\/04\\\/Robust_P0NZ_s01.jpg\",\"contentUrl\":\"https:\\\/\\\/primacover.com\\\/wp-content\\\/uploads\\\/2022\\\/04\\\/Robust_P0NZ_s01.jpg\",\"width\":600,\"height\":600,\"caption\":\"900035 PrimaCover Robust Praxis gs1_01\"},{\"@type\":\"BreadcrumbList\",\"@id\":\"https:\\\/\\\/primacover.com\\\/de\\\/product\\\/primacover-robust\\\/#breadcrumb\",\"itemListElement\":[{\"@type\":\"ListItem\",\"position\":1,\"name\":\"Home\",\"item\":\"https:\\\/\\\/primacover.com\\\/de\\\/\"},{\"@type\":\"ListItem\",\"position\":2,\"name\":\"Produkte\",\"item\":\"https:\\\/\\\/primacover.com\\\/de\\\/produkte\\\/\"},{\"@type\":\"ListItem\",\"position\":3,\"name\":\"PrimaCover Robust\"}]},{\"@type\":\"WebSite\",\"@id\":\"https:\\\/\\\/primacover.com\\\/de\\\/#website\",\"url\":\"https:\\\/\\\/primacover.com\\\/de\\\/\",\"name\":\"PrimaCover\",\"description\":\"afdekvlies-afdekfolie-stofdeuren, coveringmaterials-dustdoors\",\"publisher\":{\"@id\":\"https:\\\/\\\/primacover.com\\\/de\\\/#organization\"},\"potentialAction\":[{\"@type\":\"SearchAction\",\"target\":{\"@type\":\"EntryPoint\",\"urlTemplate\":\"https:\\\/\\\/primacover.com\\\/de\\\/?s={search_term_string}\"},\"query-input\":{\"@type\":\"PropertyValueSpecification\",\"valueRequired\":true,\"valueName\":\"search_term_string\"}}],\"inLanguage\":\"de\"},{\"@type\":\"Organization\",\"@id\":\"https:\\\/\\\/primacover.com\\\/de\\\/#organization\",\"name\":\"PrimaCover\",\"url\":\"https:\\\/\\\/primacover.com\\\/de\\\/\",\"logo\":{\"@type\":\"ImageObject\",\"inLanguage\":\"de\",\"@id\":\"https:\\\/\\\/primacover.com\\\/de\\\/#\\\/schema\\\/logo\\\/image\\\/\",\"url\":\"\",\"contentUrl\":\"\",\"caption\":\"PrimaCover\"},\"image\":{\"@id\":\"https:\\\/\\\/primacover.com\\\/de\\\/#\\\/schema\\\/logo\\\/image\\\/\"},\"sameAs\":[\"https:\\\/\\\/www.facebook.com\\\/PrimaverdeBV\",\"https:\\\/\\\/nl.linkedin.com\\\/company\\\/primaverde\",\"https:\\\/\\\/www.youtube.com\\\/channel\\\/UC3DwQqj8f8tatLdSFA0aWwA\"]}]}<\/script>\n<meta property=\"product:brand\" content=\"PrimaCover\" \/>\n<meta property=\"product:price:currency\" content=\"EUR\" \/>\n<meta property=\"og:availability\" content=\"instock\" \/>\n<meta property=\"product:availability\" content=\"instock\" \/>\n<meta property=\"product:retailer_item_id\" content=\"PC900034\" \/>\n<meta property=\"product:condition\" content=\"new\" \/>\n<!-- \/ Yoast SEO Premium plugin. -->","yoast_head_json":{"title":"Abdeckvlies PrimaCover Robust","description":"PrimaCover Robust ist ein 3-schichtiges, selbsthaftendes Abdeckvlies. Speziell entwickelt f\u00fcr das Abdecken von Fertigbetonteilen und f\u00fcr Projekte bei denen extra Bodenschutz gefragt ist. Bietet einen optimalen Schutz gegen Feuchtigkeit und mechanische Besch\u00e4digungen w\u00e4hrend der ganzen Bauphase.","robots":{"index":"index","follow":"follow","max-snippet":"max-snippet:-1","max-image-preview":"max-image-preview:large","max-video-preview":"max-video-preview:-1"},"canonical":"https:\/\/primacover.com\/de\/product\/primacover-robust\/","og_locale":"de_DE","og_type":"article","og_title":"PrimaCover Robust","og_description":"PrimaCover Robust ist ein 3-schichtiges, selbsthaftendes Abdeckvlies. Speziell entwickelt f\u00fcr das Abdecken von Fertigbetonteilen und f\u00fcr Projekte bei denen extra Bodenschutz gefragt ist. Bietet einen optimalen Schutz gegen Feuchtigkeit und mechanische Besch\u00e4digungen w\u00e4hrend der ganzen Bauphase.","og_url":"https:\/\/primacover.com\/de\/product\/primacover-robust\/","og_site_name":"PrimaCover","article_publisher":"https:\/\/www.facebook.com\/PrimaverdeBV","article_modified_time":"2026-04-03T09:33:32+00:00","og_image":[{"width":600,"height":600,"url":"https:\/\/primacover.com\/wp-content\/uploads\/2022\/04\/Robust_P0NZ_s01.jpg","type":"image\/jpeg"}],"twitter_card":"summary_large_image","twitter_misc":{"Preis":"","Verf\u00fcgbarkeit":"Auf Lager"},"schema":{"@context":"https:\/\/schema.org","@graph":[{"@type":"WebPage","@id":"https:\/\/primacover.com\/de\/product\/primacover-robust\/","url":"https:\/\/primacover.com\/de\/product\/primacover-robust\/","name":"Abdeckvlies PrimaCover Robust","isPartOf":{"@id":"https:\/\/primacover.com\/de\/#website"},"primaryImageOfPage":{"@id":"https:\/\/primacover.com\/de\/product\/primacover-robust\/#primaryimage"},"image":{"@id":"https:\/\/primacover.com\/de\/product\/primacover-robust\/#primaryimage"},"thumbnailUrl":"https:\/\/primacover.com\/wp-content\/uploads\/2022\/04\/Robust_P0NZ_s01.jpg","datePublished":"2022-05-02T10:54:36+00:00","dateModified":"2026-04-03T09:33:32+00:00","description":"PrimaCover Robust ist ein 3-schichtiges, selbsthaftendes Abdeckvlies. Speziell entwickelt f\u00fcr das Abdecken von Fertigbetonteilen und f\u00fcr Projekte bei denen extra Bodenschutz gefragt ist. Bietet einen optimalen Schutz gegen Feuchtigkeit und mechanische Besch\u00e4digungen w\u00e4hrend der ganzen Bauphase.","breadcrumb":{"@id":"https:\/\/primacover.com\/de\/product\/primacover-robust\/#breadcrumb"},"inLanguage":"de","potentialAction":[{"@type":"ReadAction","target":["https:\/\/primacover.com\/de\/product\/primacover-robust\/"]}]},{"@type":"ImageObject","inLanguage":"de","@id":"https:\/\/primacover.com\/de\/product\/primacover-robust\/#primaryimage","url":"https:\/\/primacover.com\/wp-content\/uploads\/2022\/04\/Robust_P0NZ_s01.jpg","contentUrl":"https:\/\/primacover.com\/wp-content\/uploads\/2022\/04\/Robust_P0NZ_s01.jpg","width":600,"height":600,"caption":"900035 PrimaCover Robust Praxis gs1_01"},{"@type":"BreadcrumbList","@id":"https:\/\/primacover.com\/de\/product\/primacover-robust\/#breadcrumb","itemListElement":[{"@type":"ListItem","position":1,"name":"Home","item":"https:\/\/primacover.com\/de\/"},{"@type":"ListItem","position":2,"name":"Produkte","item":"https:\/\/primacover.com\/de\/produkte\/"},{"@type":"ListItem","position":3,"name":"PrimaCover Robust"}]},{"@type":"WebSite","@id":"https:\/\/primacover.com\/de\/#website","url":"https:\/\/primacover.com\/de\/","name":"PrimaCover","description":"afdekvlies-afdekfolie-stofdeuren, coveringmaterials-dustdoors","publisher":{"@id":"https:\/\/primacover.com\/de\/#organization"},"potentialAction":[{"@type":"SearchAction","target":{"@type":"EntryPoint","urlTemplate":"https:\/\/primacover.com\/de\/?s={search_term_string}"},"query-input":{"@type":"PropertyValueSpecification","valueRequired":true,"valueName":"search_term_string"}}],"inLanguage":"de"},{"@type":"Organization","@id":"https:\/\/primacover.com\/de\/#organization","name":"PrimaCover","url":"https:\/\/primacover.com\/de\/","logo":{"@type":"ImageObject","inLanguage":"de","@id":"https:\/\/primacover.com\/de\/#\/schema\/logo\/image\/","url":"","contentUrl":"","caption":"PrimaCover"},"image":{"@id":"https:\/\/primacover.com\/de\/#\/schema\/logo\/image\/"},"sameAs":["https:\/\/www.facebook.com\/PrimaverdeBV","https:\/\/nl.linkedin.com\/company\/primaverde","https:\/\/www.youtube.com\/channel\/UC3DwQqj8f8tatLdSFA0aWwA"]}]},"product_brand":"PrimaCover","product_price_currency":"EUR","og_availability":"instock","product_availability":"instock","product_retailer_item_id":"PC900034","product_condition":"new"},"_links":{"self":[{"href":"https:\/\/primacover.com\/de\/wp-json\/wp\/v2\/product\/131674","targetHints":{"allow":["GET"]}}],"collection":[{"href":"https:\/\/primacover.com\/de\/wp-json\/wp\/v2\/product"}],"about":[{"href":"https:\/\/primacover.com\/de\/wp-json\/wp\/v2\/types\/product"}],"wp:featuredmedia":[{"embeddable":true,"href":"https:\/\/primacover.com\/de\/wp-json\/wp\/v2\/media\/129477"}],"wp:attachment":[{"href":"https:\/\/primacover.com\/de\/wp-json\/wp\/v2\/media?parent=131674"}],"wp:term":[{"taxonomy":"product_brand","embeddable":true,"href":"https:\/\/primacover.com\/de\/wp-json\/wp\/v2\/product_brand?post=131674"},{"taxonomy":"product_cat","embeddable":true,"href":"https:\/\/primacover.com\/de\/wp-json\/wp\/v2\/product_cat?post=131674"},{"taxonomy":"product_tag","embeddable":true,"href":"https:\/\/primacover.com\/de\/wp-json\/wp\/v2\/product_tag?post=131674"}],"curies":[{"name":"wp","href":"https:\/\/api.w.org\/{rel}","templated":true}]}}