{"id":131677,"date":"2022-05-02T12:54:39","date_gmt":"2022-05-02T10:54:39","guid":{"rendered":"https:\/\/primacover.com\/product\/primacover-active\/"},"modified":"2026-04-03T11:29:32","modified_gmt":"2026-04-03T09:29:32","slug":"primacover-active","status":"publish","type":"product","link":"https:\/\/primacover.com\/de\/product\/primacover-active\/","title":{"rendered":"PrimaCover Active"},"content":{"rendered":"<h2>Atmungsaktives Abdeckvlies<\/h2>\n<p>PrimaCover Active ist ein selbsthaftendes und atmungsaktives Polyestervlies. Die mehrschichtige Membrane an der Oberseite l\u00e4sst Feuchtigkeit entweichen und verhindert das eindringen von Fl\u00fcssigkeiten. Es ist feuchtigkeitsregulierend und speziell entwickelt f\u00fcr feuchtigkeitsempfindliche B\u00f6den wie Naturstein und Sichtbeton.<\/p>\n<p><strong>Eigenschaften:<\/strong><\/p>\n<ul>\n<li>Atmungsaktiv (1,2l\/m\u00b2\/24h)<\/li>\n<li>Fl\u00fcssigkeitsdicht<\/li>\n<li>Rutschsicher<\/li>\n<li>Selbsthaftend<\/li>\n<li>Stossd\u00e4mpfend<\/li>\n<\/ul>\n<p><strong>Anwendung:<\/strong><\/p>\n<ul>\n<li>Speziell entwickelt f\u00fcr frisch verlegte und  behandelte B\u00f6den.<\/li>\n<li>F\u00fcr Naturstein und Sichtbeton.<\/li>\n<li>Geeignet f\u00fcr B\u00f6den und Treppen.<\/li>\n<\/ul>\n<p><strong>Anleitung:<\/strong><\/p>\n<ul>\n<li>Eignung des Produktes im Voraus testen.<\/li>\n<li>Fussbodenheizung  vor der Verlegung ausschalten.<\/li>\n<\/ul>\n","protected":false},"excerpt":{"rendered":"<h2>Atmungsaktives Abdeckvlies<\/h2>\n","protected":false},"featured_media":129545,"menu_order":18,"template":"","meta":{"generate_page_header":""},"product_brand":[],"product_cat":[459],"product_tag":[3397,3398,3119,3399],"class_list":{"0":"post-131677","1":"product","2":"type-product","3":"status-publish","4":"has-post-thumbnail","6":"product_cat-abdeckvlies","7":"product_tag-bestehend-durchgetrocknet-enthalt-keine-feuchtigkeit","8":"product_tag-frisch-verlegt","9":"product_tag-selbsthaftend-de","10":"product_tag-vor-kurzem-behandelt","11":"pa_breedte-1-de","12":"pa_breedte-2-de","13":"pa_eenheid-m-de-2","14":"pa_foliedikte-0-de","15":"pa_frame-0-de","16":"pa_lengte-25-de-2","17":"pa_lengte-50-de-2","18":"pa_matten30-0-0x30-de","19":"pa_merk-primacover-de-2","20":"pa_objecttypen-boden","21":"pa_objecttypen-treppe","22":"pa_ondergrond-beton-fertigelementen","23":"pa_ondergrond-gussboden-kunststoff","24":"pa_ondergrond-gussboden-zement","25":"pa_ondergrond-holz-unbehandelt","26":"pa_ondergrond-kunststoff","27":"pa_ondergrond-naturstein","28":"pa_ondergrond-vinyl-de","29":"","30":"woocommerce-text-align-center","31":"woocommerce-image-align-center","32":"do-quantity-buttons","34":"first","35":"instock","36":"shipping-taxable","37":"product-type-simple"},"yoast_head":"<!-- This site is optimized with the Yoast SEO Premium plugin v26.7 (Yoast SEO v27.3) - https:\/\/yoast.com\/product\/yoast-seo-premium-wordpress\/ -->\n<title>Abdeckvlies PrimaCover Active<\/title>\n<meta name=\"description\" content=\"PrimaCover Active ist ein selbsthaftendes und atmungsaktives Polyestervlies. Die mehrschichtige Membrane an der Oberseite l\u00e4sst Feuchtigkeit entweichen und verhindert das eindringen von Fl\u00fcssigkeiten. Es ist feuchtigkeitsregulierend und speziell entwickelt f\u00fcr feuchtigkeitsempfindliche B\u00f6den wie Naturstein und Gussb\u00f6den.\" \/>\n<meta name=\"robots\" content=\"index, follow, max-snippet:-1, max-image-preview:large, max-video-preview:-1\" \/>\n<link rel=\"canonical\" href=\"https:\/\/primacover.com\/de\/product\/primacover-active\/\" \/>\n<meta property=\"og:locale\" content=\"de_DE\" \/>\n<meta property=\"og:type\" content=\"article\" \/>\n<meta property=\"og:title\" content=\"PrimaCover Active\" \/>\n<meta property=\"og:description\" content=\"PrimaCover Active ist ein selbsthaftendes und atmungsaktives Polyestervlies. Die mehrschichtige Membrane an der Oberseite l\u00e4sst Feuchtigkeit entweichen und verhindert das eindringen von Fl\u00fcssigkeiten. Es ist feuchtigkeitsregulierend und speziell entwickelt f\u00fcr feuchtigkeitsempfindliche B\u00f6den wie Naturstein und Gussb\u00f6den.\" \/>\n<meta property=\"og:url\" content=\"https:\/\/primacover.com\/de\/product\/primacover-active\/\" \/>\n<meta property=\"og:site_name\" content=\"PrimaCover\" \/>\n<meta property=\"article:publisher\" content=\"https:\/\/www.facebook.com\/PrimaverdeBV\" \/>\n<meta property=\"article:modified_time\" content=\"2026-04-03T09:29:32+00:00\" \/>\n<meta property=\"og:image\" content=\"https:\/\/primacover.com\/wp-content\/uploads\/2022\/04\/Active_P0NZ_s01.jpg\" \/>\n\t<meta property=\"og:image:width\" content=\"600\" \/>\n\t<meta property=\"og:image:height\" content=\"600\" \/>\n\t<meta property=\"og:image:type\" content=\"image\/jpeg\" \/>\n<meta name=\"twitter:card\" content=\"summary_large_image\" \/>\n<meta name=\"twitter:label1\" content=\"Preis\" \/>\n\t<meta name=\"twitter:data1\" content=\"\" \/>\n\t<meta name=\"twitter:label2\" content=\"Verf\u00fcgbarkeit\" \/>\n\t<meta name=\"twitter:data2\" content=\"Auf Lager\" \/>\n<script type=\"application\/ld+json\" class=\"yoast-schema-graph\">{\"@context\":\"https:\\\/\\\/schema.org\",\"@graph\":[{\"@type\":\"WebPage\",\"@id\":\"https:\\\/\\\/primacover.com\\\/de\\\/product\\\/primacover-active\\\/\",\"url\":\"https:\\\/\\\/primacover.com\\\/de\\\/product\\\/primacover-active\\\/\",\"name\":\"Abdeckvlies PrimaCover Active\",\"isPartOf\":{\"@id\":\"https:\\\/\\\/primacover.com\\\/de\\\/#website\"},\"primaryImageOfPage\":{\"@id\":\"https:\\\/\\\/primacover.com\\\/de\\\/product\\\/primacover-active\\\/#primaryimage\"},\"image\":{\"@id\":\"https:\\\/\\\/primacover.com\\\/de\\\/product\\\/primacover-active\\\/#primaryimage\"},\"thumbnailUrl\":\"https:\\\/\\\/primacover.com\\\/wp-content\\\/uploads\\\/2022\\\/04\\\/Active_P0NZ_s01.jpg\",\"datePublished\":\"2022-05-02T10:54:39+00:00\",\"dateModified\":\"2026-04-03T09:29:32+00:00\",\"description\":\"PrimaCover Active ist ein selbsthaftendes und atmungsaktives Polyestervlies. Die mehrschichtige Membrane an der Oberseite l\u00e4sst Feuchtigkeit entweichen und verhindert das eindringen von Fl\u00fcssigkeiten. Es ist feuchtigkeitsregulierend und speziell entwickelt f\u00fcr feuchtigkeitsempfindliche B\u00f6den wie Naturstein und Gussb\u00f6den.\",\"breadcrumb\":{\"@id\":\"https:\\\/\\\/primacover.com\\\/de\\\/product\\\/primacover-active\\\/#breadcrumb\"},\"inLanguage\":\"de\",\"potentialAction\":[{\"@type\":\"ReadAction\",\"target\":[\"https:\\\/\\\/primacover.com\\\/de\\\/product\\\/primacover-active\\\/\"]}]},{\"@type\":\"ImageObject\",\"inLanguage\":\"de\",\"@id\":\"https:\\\/\\\/primacover.com\\\/de\\\/product\\\/primacover-active\\\/#primaryimage\",\"url\":\"https:\\\/\\\/primacover.com\\\/wp-content\\\/uploads\\\/2022\\\/04\\\/Active_P0NZ_s01.jpg\",\"contentUrl\":\"https:\\\/\\\/primacover.com\\\/wp-content\\\/uploads\\\/2022\\\/04\\\/Active_P0NZ_s01.jpg\",\"width\":600,\"height\":600,\"caption\":\"900044 PrimaCover Active Praxis gs1_01\"},{\"@type\":\"BreadcrumbList\",\"@id\":\"https:\\\/\\\/primacover.com\\\/de\\\/product\\\/primacover-active\\\/#breadcrumb\",\"itemListElement\":[{\"@type\":\"ListItem\",\"position\":1,\"name\":\"Home\",\"item\":\"https:\\\/\\\/primacover.com\\\/de\\\/\"},{\"@type\":\"ListItem\",\"position\":2,\"name\":\"Produkte\",\"item\":\"https:\\\/\\\/primacover.com\\\/de\\\/produkte\\\/\"},{\"@type\":\"ListItem\",\"position\":3,\"name\":\"PrimaCover Active\"}]},{\"@type\":\"WebSite\",\"@id\":\"https:\\\/\\\/primacover.com\\\/de\\\/#website\",\"url\":\"https:\\\/\\\/primacover.com\\\/de\\\/\",\"name\":\"PrimaCover\",\"description\":\"afdekvlies-afdekfolie-stofdeuren, coveringmaterials-dustdoors\",\"publisher\":{\"@id\":\"https:\\\/\\\/primacover.com\\\/de\\\/#organization\"},\"potentialAction\":[{\"@type\":\"SearchAction\",\"target\":{\"@type\":\"EntryPoint\",\"urlTemplate\":\"https:\\\/\\\/primacover.com\\\/de\\\/?s={search_term_string}\"},\"query-input\":{\"@type\":\"PropertyValueSpecification\",\"valueRequired\":true,\"valueName\":\"search_term_string\"}}],\"inLanguage\":\"de\"},{\"@type\":\"Organization\",\"@id\":\"https:\\\/\\\/primacover.com\\\/de\\\/#organization\",\"name\":\"PrimaCover\",\"url\":\"https:\\\/\\\/primacover.com\\\/de\\\/\",\"logo\":{\"@type\":\"ImageObject\",\"inLanguage\":\"de\",\"@id\":\"https:\\\/\\\/primacover.com\\\/de\\\/#\\\/schema\\\/logo\\\/image\\\/\",\"url\":\"\",\"contentUrl\":\"\",\"caption\":\"PrimaCover\"},\"image\":{\"@id\":\"https:\\\/\\\/primacover.com\\\/de\\\/#\\\/schema\\\/logo\\\/image\\\/\"},\"sameAs\":[\"https:\\\/\\\/www.facebook.com\\\/PrimaverdeBV\",\"https:\\\/\\\/nl.linkedin.com\\\/company\\\/primaverde\",\"https:\\\/\\\/www.youtube.com\\\/channel\\\/UC3DwQqj8f8tatLdSFA0aWwA\"]}]}<\/script>\n<meta property=\"product:brand\" content=\"PrimaCover\" \/>\n<meta property=\"product:price:currency\" content=\"EUR\" \/>\n<meta property=\"og:availability\" content=\"instock\" \/>\n<meta property=\"product:availability\" content=\"instock\" \/>\n<meta property=\"product:retailer_item_id\" content=\"PC900046\" \/>\n<meta property=\"product:condition\" content=\"new\" \/>\n<!-- \/ Yoast SEO Premium plugin. -->","yoast_head_json":{"title":"Abdeckvlies PrimaCover Active","description":"PrimaCover Active ist ein selbsthaftendes und atmungsaktives Polyestervlies. Die mehrschichtige Membrane an der Oberseite l\u00e4sst Feuchtigkeit entweichen und verhindert das eindringen von Fl\u00fcssigkeiten. Es ist feuchtigkeitsregulierend und speziell entwickelt f\u00fcr feuchtigkeitsempfindliche B\u00f6den wie Naturstein und Gussb\u00f6den.","robots":{"index":"index","follow":"follow","max-snippet":"max-snippet:-1","max-image-preview":"max-image-preview:large","max-video-preview":"max-video-preview:-1"},"canonical":"https:\/\/primacover.com\/de\/product\/primacover-active\/","og_locale":"de_DE","og_type":"article","og_title":"PrimaCover Active","og_description":"PrimaCover Active ist ein selbsthaftendes und atmungsaktives Polyestervlies. Die mehrschichtige Membrane an der Oberseite l\u00e4sst Feuchtigkeit entweichen und verhindert das eindringen von Fl\u00fcssigkeiten. Es ist feuchtigkeitsregulierend und speziell entwickelt f\u00fcr feuchtigkeitsempfindliche B\u00f6den wie Naturstein und Gussb\u00f6den.","og_url":"https:\/\/primacover.com\/de\/product\/primacover-active\/","og_site_name":"PrimaCover","article_publisher":"https:\/\/www.facebook.com\/PrimaverdeBV","article_modified_time":"2026-04-03T09:29:32+00:00","og_image":[{"width":600,"height":600,"url":"https:\/\/primacover.com\/wp-content\/uploads\/2022\/04\/Active_P0NZ_s01.jpg","type":"image\/jpeg"}],"twitter_card":"summary_large_image","twitter_misc":{"Preis":"","Verf\u00fcgbarkeit":"Auf Lager"},"schema":{"@context":"https:\/\/schema.org","@graph":[{"@type":"WebPage","@id":"https:\/\/primacover.com\/de\/product\/primacover-active\/","url":"https:\/\/primacover.com\/de\/product\/primacover-active\/","name":"Abdeckvlies PrimaCover Active","isPartOf":{"@id":"https:\/\/primacover.com\/de\/#website"},"primaryImageOfPage":{"@id":"https:\/\/primacover.com\/de\/product\/primacover-active\/#primaryimage"},"image":{"@id":"https:\/\/primacover.com\/de\/product\/primacover-active\/#primaryimage"},"thumbnailUrl":"https:\/\/primacover.com\/wp-content\/uploads\/2022\/04\/Active_P0NZ_s01.jpg","datePublished":"2022-05-02T10:54:39+00:00","dateModified":"2026-04-03T09:29:32+00:00","description":"PrimaCover Active ist ein selbsthaftendes und atmungsaktives Polyestervlies. Die mehrschichtige Membrane an der Oberseite l\u00e4sst Feuchtigkeit entweichen und verhindert das eindringen von Fl\u00fcssigkeiten. Es ist feuchtigkeitsregulierend und speziell entwickelt f\u00fcr feuchtigkeitsempfindliche B\u00f6den wie Naturstein und Gussb\u00f6den.","breadcrumb":{"@id":"https:\/\/primacover.com\/de\/product\/primacover-active\/#breadcrumb"},"inLanguage":"de","potentialAction":[{"@type":"ReadAction","target":["https:\/\/primacover.com\/de\/product\/primacover-active\/"]}]},{"@type":"ImageObject","inLanguage":"de","@id":"https:\/\/primacover.com\/de\/product\/primacover-active\/#primaryimage","url":"https:\/\/primacover.com\/wp-content\/uploads\/2022\/04\/Active_P0NZ_s01.jpg","contentUrl":"https:\/\/primacover.com\/wp-content\/uploads\/2022\/04\/Active_P0NZ_s01.jpg","width":600,"height":600,"caption":"900044 PrimaCover Active Praxis gs1_01"},{"@type":"BreadcrumbList","@id":"https:\/\/primacover.com\/de\/product\/primacover-active\/#breadcrumb","itemListElement":[{"@type":"ListItem","position":1,"name":"Home","item":"https:\/\/primacover.com\/de\/"},{"@type":"ListItem","position":2,"name":"Produkte","item":"https:\/\/primacover.com\/de\/produkte\/"},{"@type":"ListItem","position":3,"name":"PrimaCover Active"}]},{"@type":"WebSite","@id":"https:\/\/primacover.com\/de\/#website","url":"https:\/\/primacover.com\/de\/","name":"PrimaCover","description":"afdekvlies-afdekfolie-stofdeuren, coveringmaterials-dustdoors","publisher":{"@id":"https:\/\/primacover.com\/de\/#organization"},"potentialAction":[{"@type":"SearchAction","target":{"@type":"EntryPoint","urlTemplate":"https:\/\/primacover.com\/de\/?s={search_term_string}"},"query-input":{"@type":"PropertyValueSpecification","valueRequired":true,"valueName":"search_term_string"}}],"inLanguage":"de"},{"@type":"Organization","@id":"https:\/\/primacover.com\/de\/#organization","name":"PrimaCover","url":"https:\/\/primacover.com\/de\/","logo":{"@type":"ImageObject","inLanguage":"de","@id":"https:\/\/primacover.com\/de\/#\/schema\/logo\/image\/","url":"","contentUrl":"","caption":"PrimaCover"},"image":{"@id":"https:\/\/primacover.com\/de\/#\/schema\/logo\/image\/"},"sameAs":["https:\/\/www.facebook.com\/PrimaverdeBV","https:\/\/nl.linkedin.com\/company\/primaverde","https:\/\/www.youtube.com\/channel\/UC3DwQqj8f8tatLdSFA0aWwA"]}]},"product_brand":"PrimaCover","product_price_currency":"EUR","og_availability":"instock","product_availability":"instock","product_retailer_item_id":"PC900046","product_condition":"new"},"_links":{"self":[{"href":"https:\/\/primacover.com\/de\/wp-json\/wp\/v2\/product\/131677","targetHints":{"allow":["GET"]}}],"collection":[{"href":"https:\/\/primacover.com\/de\/wp-json\/wp\/v2\/product"}],"about":[{"href":"https:\/\/primacover.com\/de\/wp-json\/wp\/v2\/types\/product"}],"wp:featuredmedia":[{"embeddable":true,"href":"https:\/\/primacover.com\/de\/wp-json\/wp\/v2\/media\/129545"}],"wp:attachment":[{"href":"https:\/\/primacover.com\/de\/wp-json\/wp\/v2\/media?parent=131677"}],"wp:term":[{"taxonomy":"product_brand","embeddable":true,"href":"https:\/\/primacover.com\/de\/wp-json\/wp\/v2\/product_brand?post=131677"},{"taxonomy":"product_cat","embeddable":true,"href":"https:\/\/primacover.com\/de\/wp-json\/wp\/v2\/product_cat?post=131677"},{"taxonomy":"product_tag","embeddable":true,"href":"https:\/\/primacover.com\/de\/wp-json\/wp\/v2\/product_tag?post=131677"}],"curies":[{"name":"wp","href":"https:\/\/api.w.org\/{rel}","templated":true}]}}