{"id":131710,"date":"2022-05-02T12:55:12","date_gmt":"2022-05-02T10:55:12","guid":{"rendered":"https:\/\/primacover.com\/product\/primacover-absorb\/"},"modified":"2026-04-03T11:29:03","modified_gmt":"2026-04-03T09:29:03","slug":"primacover-absorb","status":"publish","type":"product","link":"https:\/\/primacover.com\/de\/product\/primacover-absorb\/","title":{"rendered":"PrimaCover Absorb"},"content":{"rendered":"<h2>Stark absorbierendes Abdeckvlies<\/h2>\n<p>PrimaCover Absorb ist ein fl\u00fcssigkeitsdichtes, selbsthaftendes Abdeckvlies, dass mit einer Folienzwischenschicht ausgestattet ist. Dank der Viskoseoberfl\u00e4che kann es grosse Mengen von Fl\u00fcssigkeiten aufnehmen. H\u00e4lt sogar l\u00f6semittelhaltigen Fl\u00fcssigkeiten wie Farben, Klebern und Entfettern stand.<\/p>\n<p><strong>Eigenschaften:<\/strong><\/p>\n<ul>\n<li>Enormes Absorbierendes verm\u00f6gen (1 Liter\/m\u00b2)<\/li>\n<li>Fl\u00fcssigkeitsdicht und l\u00f6semittelbest\u00e4ndig<\/li>\n<li>Rutschsicher<\/li>\n<li>Selbsthaftend<\/li>\n<li>Stossd\u00e4mpfend<\/li>\n<li>Fusselfrei<\/li>\n<\/ul>\n<p><strong>Anwendung:<\/strong><\/p>\n<ul>\n<li>F\u00fcr vollst\u00e4ndig trockenen harte Untergr\u00fcnden.<\/li>\n<li>Geeignet f\u00fcr B\u00f6den und Treppen.<\/li>\n<\/ul>\n<p><strong>Anleitung:<\/strong><\/p>\n<ul>\n<li>Eignung des Produktes im Voraus testen.<\/li>\n<li>Fussbodenheizung  vor der Verlegung ausschalten.<\/li>\n<\/ul>\n","protected":false},"excerpt":{"rendered":"<h2>Stark absorbierendes Abdeckvlies<\/h2>\n","protected":false},"featured_media":130186,"menu_order":22,"template":"","meta":{"generate_page_header":""},"product_brand":[],"product_cat":[459],"product_tag":[3397,3119],"class_list":{"0":"post-131710","1":"product","2":"type-product","3":"status-publish","4":"has-post-thumbnail","6":"product_cat-abdeckvlies","7":"product_tag-bestehend-durchgetrocknet-enthalt-keine-feuchtigkeit","8":"product_tag-selbsthaftend-de","9":"pa_breedte-1-de","10":"pa_eenheid-m-de-2","11":"pa_foliedikte-0-de","12":"pa_frame-0-de","13":"pa_lengte-25-de-2","14":"pa_matten30-0-0x30-de","15":"pa_merk-primacover-de-2","16":"pa_objecttypen-boden","17":"pa_objecttypen-treppe","18":"pa_ondergrond-beton-fertigelementen","19":"pa_ondergrond-gussboden-kunststoff","20":"pa_ondergrond-gussboden-zement","21":"pa_ondergrond-holz","22":"pa_ondergrond-keramik-fliese","23":"pa_ondergrond-kunststoff","24":"pa_ondergrond-laminat","25":"pa_ondergrond-linoleum-de","26":"pa_ondergrond-naturstein","27":"pa_ondergrond-parkett","28":"pa_ondergrond-pvc-polyurethan-oberschicht","29":"pa_ondergrond-vinyl-de","30":"","31":"woocommerce-text-align-center","32":"woocommerce-image-align-center","33":"do-quantity-buttons","35":"first","36":"instock","37":"shipping-taxable","38":"product-type-simple"},"yoast_head":"<!-- This site is optimized with the Yoast SEO Premium plugin v26.7 (Yoast SEO v27.3) - https:\/\/yoast.com\/product\/yoast-seo-premium-wordpress\/ -->\n<title>Abdeckvlies PrimaCover Absorb<\/title>\n<meta name=\"description\" content=\"PrimaCover Absorb ist ein fl\u00fcssigkeitsdichtes, selbsthaftendes Abdeckvlies, dass mit einer Folienzwischenschicht ausgestattet ist. Dank der Viskoseoberfl\u00e4che kann es grosse Mengen von Fl\u00fcssigkeiten aufnehmen. H\u00e4lt sogar l\u00f6semittelhaltigen Fl\u00fcssigkeiten wie Farben, Klebern und Entfettern stand.\" \/>\n<meta name=\"robots\" content=\"index, follow, max-snippet:-1, max-image-preview:large, max-video-preview:-1\" \/>\n<link rel=\"canonical\" href=\"https:\/\/primacover.com\/de\/product\/primacover-absorb\/\" \/>\n<meta property=\"og:locale\" content=\"de_DE\" \/>\n<meta property=\"og:type\" content=\"article\" \/>\n<meta property=\"og:title\" content=\"PrimaCover Absorb\" \/>\n<meta property=\"og:description\" content=\"PrimaCover Absorb ist ein fl\u00fcssigkeitsdichtes, selbsthaftendes Abdeckvlies, dass mit einer Folienzwischenschicht ausgestattet ist. Dank der Viskoseoberfl\u00e4che kann es grosse Mengen von Fl\u00fcssigkeiten aufnehmen. H\u00e4lt sogar l\u00f6semittelhaltigen Fl\u00fcssigkeiten wie Farben, Klebern und Entfettern stand.\" \/>\n<meta property=\"og:url\" content=\"https:\/\/primacover.com\/de\/product\/primacover-absorb\/\" \/>\n<meta property=\"og:site_name\" content=\"PrimaCover\" \/>\n<meta property=\"article:publisher\" content=\"https:\/\/www.facebook.com\/PrimaverdeBV\" \/>\n<meta property=\"article:modified_time\" content=\"2026-04-03T09:29:03+00:00\" \/>\n<meta property=\"og:image\" content=\"https:\/\/primacover.com\/wp-content\/uploads\/2022\/04\/Absorb_P0NZ_s01.jpg\" \/>\n\t<meta property=\"og:image:width\" content=\"600\" \/>\n\t<meta property=\"og:image:height\" content=\"600\" \/>\n\t<meta property=\"og:image:type\" content=\"image\/jpeg\" \/>\n<meta name=\"twitter:card\" content=\"summary_large_image\" \/>\n<meta name=\"twitter:label1\" content=\"Preis\" \/>\n\t<meta name=\"twitter:data1\" content=\"\" \/>\n\t<meta name=\"twitter:label2\" content=\"Verf\u00fcgbarkeit\" \/>\n\t<meta name=\"twitter:data2\" content=\"Auf Lager\" \/>\n<script type=\"application\/ld+json\" class=\"yoast-schema-graph\">{\"@context\":\"https:\\\/\\\/schema.org\",\"@graph\":[{\"@type\":\"WebPage\",\"@id\":\"https:\\\/\\\/primacover.com\\\/de\\\/product\\\/primacover-absorb\\\/\",\"url\":\"https:\\\/\\\/primacover.com\\\/de\\\/product\\\/primacover-absorb\\\/\",\"name\":\"Abdeckvlies PrimaCover Absorb\",\"isPartOf\":{\"@id\":\"https:\\\/\\\/primacover.com\\\/de\\\/#website\"},\"primaryImageOfPage\":{\"@id\":\"https:\\\/\\\/primacover.com\\\/de\\\/product\\\/primacover-absorb\\\/#primaryimage\"},\"image\":{\"@id\":\"https:\\\/\\\/primacover.com\\\/de\\\/product\\\/primacover-absorb\\\/#primaryimage\"},\"thumbnailUrl\":\"https:\\\/\\\/primacover.com\\\/wp-content\\\/uploads\\\/2022\\\/04\\\/Absorb_P0NZ_s01.jpg\",\"datePublished\":\"2022-05-02T10:55:12+00:00\",\"dateModified\":\"2026-04-03T09:29:03+00:00\",\"description\":\"PrimaCover Absorb ist ein fl\u00fcssigkeitsdichtes, selbsthaftendes Abdeckvlies, dass mit einer Folienzwischenschicht ausgestattet ist. Dank der Viskoseoberfl\u00e4che kann es grosse Mengen von Fl\u00fcssigkeiten aufnehmen. H\u00e4lt sogar l\u00f6semittelhaltigen Fl\u00fcssigkeiten wie Farben, Klebern und Entfettern stand.\",\"breadcrumb\":{\"@id\":\"https:\\\/\\\/primacover.com\\\/de\\\/product\\\/primacover-absorb\\\/#breadcrumb\"},\"inLanguage\":\"de\",\"potentialAction\":[{\"@type\":\"ReadAction\",\"target\":[\"https:\\\/\\\/primacover.com\\\/de\\\/product\\\/primacover-absorb\\\/\"]}]},{\"@type\":\"ImageObject\",\"inLanguage\":\"de\",\"@id\":\"https:\\\/\\\/primacover.com\\\/de\\\/product\\\/primacover-absorb\\\/#primaryimage\",\"url\":\"https:\\\/\\\/primacover.com\\\/wp-content\\\/uploads\\\/2022\\\/04\\\/Absorb_P0NZ_s01.jpg\",\"contentUrl\":\"https:\\\/\\\/primacover.com\\\/wp-content\\\/uploads\\\/2022\\\/04\\\/Absorb_P0NZ_s01.jpg\",\"width\":600,\"height\":600,\"caption\":\"900037 PrimaCover Absorb Praxis gs1_01\"},{\"@type\":\"BreadcrumbList\",\"@id\":\"https:\\\/\\\/primacover.com\\\/de\\\/product\\\/primacover-absorb\\\/#breadcrumb\",\"itemListElement\":[{\"@type\":\"ListItem\",\"position\":1,\"name\":\"Home\",\"item\":\"https:\\\/\\\/primacover.com\\\/de\\\/\"},{\"@type\":\"ListItem\",\"position\":2,\"name\":\"Produkte\",\"item\":\"https:\\\/\\\/primacover.com\\\/de\\\/produkte\\\/\"},{\"@type\":\"ListItem\",\"position\":3,\"name\":\"PrimaCover Absorb\"}]},{\"@type\":\"WebSite\",\"@id\":\"https:\\\/\\\/primacover.com\\\/de\\\/#website\",\"url\":\"https:\\\/\\\/primacover.com\\\/de\\\/\",\"name\":\"PrimaCover\",\"description\":\"afdekvlies-afdekfolie-stofdeuren, coveringmaterials-dustdoors\",\"publisher\":{\"@id\":\"https:\\\/\\\/primacover.com\\\/de\\\/#organization\"},\"potentialAction\":[{\"@type\":\"SearchAction\",\"target\":{\"@type\":\"EntryPoint\",\"urlTemplate\":\"https:\\\/\\\/primacover.com\\\/de\\\/?s={search_term_string}\"},\"query-input\":{\"@type\":\"PropertyValueSpecification\",\"valueRequired\":true,\"valueName\":\"search_term_string\"}}],\"inLanguage\":\"de\"},{\"@type\":\"Organization\",\"@id\":\"https:\\\/\\\/primacover.com\\\/de\\\/#organization\",\"name\":\"PrimaCover\",\"url\":\"https:\\\/\\\/primacover.com\\\/de\\\/\",\"logo\":{\"@type\":\"ImageObject\",\"inLanguage\":\"de\",\"@id\":\"https:\\\/\\\/primacover.com\\\/de\\\/#\\\/schema\\\/logo\\\/image\\\/\",\"url\":\"\",\"contentUrl\":\"\",\"caption\":\"PrimaCover\"},\"image\":{\"@id\":\"https:\\\/\\\/primacover.com\\\/de\\\/#\\\/schema\\\/logo\\\/image\\\/\"},\"sameAs\":[\"https:\\\/\\\/www.facebook.com\\\/PrimaverdeBV\",\"https:\\\/\\\/nl.linkedin.com\\\/company\\\/primaverde\",\"https:\\\/\\\/www.youtube.com\\\/channel\\\/UC3DwQqj8f8tatLdSFA0aWwA\"]}]}<\/script>\n<meta property=\"product:brand\" content=\"PrimaCover\" \/>\n<meta property=\"product:price:currency\" content=\"EUR\" \/>\n<meta property=\"og:availability\" content=\"instock\" \/>\n<meta property=\"product:availability\" content=\"instock\" \/>\n<meta property=\"product:retailer_item_id\" content=\"PC900037\" \/>\n<meta property=\"product:condition\" content=\"new\" \/>\n<!-- \/ Yoast SEO Premium plugin. -->","yoast_head_json":{"title":"Abdeckvlies PrimaCover Absorb","description":"PrimaCover Absorb ist ein fl\u00fcssigkeitsdichtes, selbsthaftendes Abdeckvlies, dass mit einer Folienzwischenschicht ausgestattet ist. Dank der Viskoseoberfl\u00e4che kann es grosse Mengen von Fl\u00fcssigkeiten aufnehmen. H\u00e4lt sogar l\u00f6semittelhaltigen Fl\u00fcssigkeiten wie Farben, Klebern und Entfettern stand.","robots":{"index":"index","follow":"follow","max-snippet":"max-snippet:-1","max-image-preview":"max-image-preview:large","max-video-preview":"max-video-preview:-1"},"canonical":"https:\/\/primacover.com\/de\/product\/primacover-absorb\/","og_locale":"de_DE","og_type":"article","og_title":"PrimaCover Absorb","og_description":"PrimaCover Absorb ist ein fl\u00fcssigkeitsdichtes, selbsthaftendes Abdeckvlies, dass mit einer Folienzwischenschicht ausgestattet ist. Dank der Viskoseoberfl\u00e4che kann es grosse Mengen von Fl\u00fcssigkeiten aufnehmen. H\u00e4lt sogar l\u00f6semittelhaltigen Fl\u00fcssigkeiten wie Farben, Klebern und Entfettern stand.","og_url":"https:\/\/primacover.com\/de\/product\/primacover-absorb\/","og_site_name":"PrimaCover","article_publisher":"https:\/\/www.facebook.com\/PrimaverdeBV","article_modified_time":"2026-04-03T09:29:03+00:00","og_image":[{"width":600,"height":600,"url":"https:\/\/primacover.com\/wp-content\/uploads\/2022\/04\/Absorb_P0NZ_s01.jpg","type":"image\/jpeg"}],"twitter_card":"summary_large_image","twitter_misc":{"Preis":"","Verf\u00fcgbarkeit":"Auf Lager"},"schema":{"@context":"https:\/\/schema.org","@graph":[{"@type":"WebPage","@id":"https:\/\/primacover.com\/de\/product\/primacover-absorb\/","url":"https:\/\/primacover.com\/de\/product\/primacover-absorb\/","name":"Abdeckvlies PrimaCover Absorb","isPartOf":{"@id":"https:\/\/primacover.com\/de\/#website"},"primaryImageOfPage":{"@id":"https:\/\/primacover.com\/de\/product\/primacover-absorb\/#primaryimage"},"image":{"@id":"https:\/\/primacover.com\/de\/product\/primacover-absorb\/#primaryimage"},"thumbnailUrl":"https:\/\/primacover.com\/wp-content\/uploads\/2022\/04\/Absorb_P0NZ_s01.jpg","datePublished":"2022-05-02T10:55:12+00:00","dateModified":"2026-04-03T09:29:03+00:00","description":"PrimaCover Absorb ist ein fl\u00fcssigkeitsdichtes, selbsthaftendes Abdeckvlies, dass mit einer Folienzwischenschicht ausgestattet ist. Dank der Viskoseoberfl\u00e4che kann es grosse Mengen von Fl\u00fcssigkeiten aufnehmen. H\u00e4lt sogar l\u00f6semittelhaltigen Fl\u00fcssigkeiten wie Farben, Klebern und Entfettern stand.","breadcrumb":{"@id":"https:\/\/primacover.com\/de\/product\/primacover-absorb\/#breadcrumb"},"inLanguage":"de","potentialAction":[{"@type":"ReadAction","target":["https:\/\/primacover.com\/de\/product\/primacover-absorb\/"]}]},{"@type":"ImageObject","inLanguage":"de","@id":"https:\/\/primacover.com\/de\/product\/primacover-absorb\/#primaryimage","url":"https:\/\/primacover.com\/wp-content\/uploads\/2022\/04\/Absorb_P0NZ_s01.jpg","contentUrl":"https:\/\/primacover.com\/wp-content\/uploads\/2022\/04\/Absorb_P0NZ_s01.jpg","width":600,"height":600,"caption":"900037 PrimaCover Absorb Praxis gs1_01"},{"@type":"BreadcrumbList","@id":"https:\/\/primacover.com\/de\/product\/primacover-absorb\/#breadcrumb","itemListElement":[{"@type":"ListItem","position":1,"name":"Home","item":"https:\/\/primacover.com\/de\/"},{"@type":"ListItem","position":2,"name":"Produkte","item":"https:\/\/primacover.com\/de\/produkte\/"},{"@type":"ListItem","position":3,"name":"PrimaCover Absorb"}]},{"@type":"WebSite","@id":"https:\/\/primacover.com\/de\/#website","url":"https:\/\/primacover.com\/de\/","name":"PrimaCover","description":"afdekvlies-afdekfolie-stofdeuren, coveringmaterials-dustdoors","publisher":{"@id":"https:\/\/primacover.com\/de\/#organization"},"potentialAction":[{"@type":"SearchAction","target":{"@type":"EntryPoint","urlTemplate":"https:\/\/primacover.com\/de\/?s={search_term_string}"},"query-input":{"@type":"PropertyValueSpecification","valueRequired":true,"valueName":"search_term_string"}}],"inLanguage":"de"},{"@type":"Organization","@id":"https:\/\/primacover.com\/de\/#organization","name":"PrimaCover","url":"https:\/\/primacover.com\/de\/","logo":{"@type":"ImageObject","inLanguage":"de","@id":"https:\/\/primacover.com\/de\/#\/schema\/logo\/image\/","url":"","contentUrl":"","caption":"PrimaCover"},"image":{"@id":"https:\/\/primacover.com\/de\/#\/schema\/logo\/image\/"},"sameAs":["https:\/\/www.facebook.com\/PrimaverdeBV","https:\/\/nl.linkedin.com\/company\/primaverde","https:\/\/www.youtube.com\/channel\/UC3DwQqj8f8tatLdSFA0aWwA"]}]},"product_brand":"PrimaCover","product_price_currency":"EUR","og_availability":"instock","product_availability":"instock","product_retailer_item_id":"PC900037","product_condition":"new"},"_links":{"self":[{"href":"https:\/\/primacover.com\/de\/wp-json\/wp\/v2\/product\/131710","targetHints":{"allow":["GET"]}}],"collection":[{"href":"https:\/\/primacover.com\/de\/wp-json\/wp\/v2\/product"}],"about":[{"href":"https:\/\/primacover.com\/de\/wp-json\/wp\/v2\/types\/product"}],"wp:featuredmedia":[{"embeddable":true,"href":"https:\/\/primacover.com\/de\/wp-json\/wp\/v2\/media\/130186"}],"wp:attachment":[{"href":"https:\/\/primacover.com\/de\/wp-json\/wp\/v2\/media?parent=131710"}],"wp:term":[{"taxonomy":"product_brand","embeddable":true,"href":"https:\/\/primacover.com\/de\/wp-json\/wp\/v2\/product_brand?post=131710"},{"taxonomy":"product_cat","embeddable":true,"href":"https:\/\/primacover.com\/de\/wp-json\/wp\/v2\/product_cat?post=131710"},{"taxonomy":"product_tag","embeddable":true,"href":"https:\/\/primacover.com\/de\/wp-json\/wp\/v2\/product_tag?post=131710"}],"curies":[{"name":"wp","href":"https:\/\/api.w.org\/{rel}","templated":true}]}}