{"id":131712,"date":"2022-05-02T12:55:12","date_gmt":"2022-05-02T10:55:12","guid":{"rendered":"https:\/\/primacover.com\/product\/primacover-protection-board\/"},"modified":"2025-10-02T13:07:32","modified_gmt":"2025-10-02T11:07:32","slug":"primacover-protection-board","status":"publish","type":"product","link":"https:\/\/primacover.com\/de\/product\/primacover-protection-board\/","title":{"rendered":"PrimaCover Protection board"},"content":{"rendered":"<h2>Universelles Abdeckkarton<\/h2>\n<p>PrimaCover Protection Board ist ein Abdeckkarton f\u00fcr den universellen Einsatz. Geeignet f\u00fcr Ausbau- und Renovierungsarbeiten wie Verputzen, Spritzputz und Malerarbeiten. Sch\u00fctzt gegen Schmutz, Feuchtigkeit und mechanischer Besch\u00e4digung.<\/p>\n<p><strong>Eigenschaften:<\/strong><\/p>\n<ul>\n<li>Rutschfeste Oberseite.<\/li>\n<li>Neutrale Ausf\u00fchrung, ohne Aufdruck.<\/li>\n<li>Ohne Kunststoffbeschichtung, zu 100% recycelbar.<\/li>\n<\/ul>\n<p><strong>Anwendung:<\/strong><\/p>\n<ul>\n<li>F\u00fcr vollst\u00e4ndig trockenen harte Untergr\u00fcnden.<\/li>\n<\/ul>\n<p><strong>Anleitung:<\/strong><\/p>\n<ul>\n<li>Eignung des Produktes im Voraus testen.<\/li>\n<\/ul>\n","protected":false},"excerpt":{"rendered":"<h2>Universelles Abdeckkarton<\/h2>\n","protected":false},"featured_media":130228,"menu_order":27,"template":"","meta":{"generate_page_header":""},"product_brand":[],"product_cat":[459],"product_tag":[3397],"class_list":{"0":"post-131712","1":"product","2":"type-product","3":"status-publish","4":"has-post-thumbnail","6":"product_cat-abdeckvlies","7":"product_tag-bestehend-durchgetrocknet-enthalt-keine-feuchtigkeit","8":"pa_breedte-0-675-de","9":"pa_breedte-1-3-de","10":"pa_eenheid-m-de-2","11":"pa_foliedikte-250-de","12":"pa_frame-0-de","13":"pa_lengte-38-de","14":"pa_lengte-73-5-de","15":"pa_matten30-0-0x30-de","16":"pa_merk-primacover-de-2","17":"pa_objecttypen-boden","18":"pa_ondergrond-beton-fertigelementen","19":"pa_ondergrond-gussboden-kunststoff","20":"pa_ondergrond-gussboden-zement","21":"pa_ondergrond-holz","22":"pa_ondergrond-keramik-fliese","23":"pa_ondergrond-kunststoff","24":"pa_ondergrond-laminat","25":"pa_ondergrond-linoleum-de","26":"pa_ondergrond-naturstein","27":"pa_ondergrond-parkett","28":"pa_ondergrond-pvc-polyurethan-oberschicht","29":"pa_ondergrond-vinyl-de","30":"","31":"woocommerce-text-align-center","32":"woocommerce-image-align-center","33":"do-quantity-buttons","35":"first","36":"instock","37":"shipping-taxable","38":"product-type-simple"},"yoast_head":"<!-- This site is optimized with the Yoast SEO Premium plugin v26.7 (Yoast SEO v27.3) - https:\/\/yoast.com\/product\/yoast-seo-premium-wordpress\/ -->\n<title>Abdeckvlies PrimaCover Protection board<\/title>\n<meta name=\"description\" content=\"PrimaCover Protection Board ist ein Abdeckkarton f\u00fcr den universellen Einsatz. Geeignet f\u00fcr Ausbau- und Renovierungsarbeiten wie Verputzen, Spritzputz und Malerarbeiten. Sch\u00fctzt gegen Schmutz, Feuchtigkeit und mechanischer Besch\u00e4digung.\" \/>\n<meta name=\"robots\" content=\"index, follow, max-snippet:-1, max-image-preview:large, max-video-preview:-1\" \/>\n<link rel=\"canonical\" href=\"https:\/\/primacover.com\/de\/product\/primacover-protection-board\/\" \/>\n<meta property=\"og:locale\" content=\"de_DE\" \/>\n<meta property=\"og:type\" content=\"article\" \/>\n<meta property=\"og:title\" content=\"PrimaCover Protection board\" \/>\n<meta property=\"og:description\" content=\"PrimaCover Protection Board ist ein Abdeckkarton f\u00fcr den universellen Einsatz. Geeignet f\u00fcr Ausbau- und Renovierungsarbeiten wie Verputzen, Spritzputz und Malerarbeiten. Sch\u00fctzt gegen Schmutz, Feuchtigkeit und mechanischer Besch\u00e4digung.\" \/>\n<meta property=\"og:url\" content=\"https:\/\/primacover.com\/de\/product\/primacover-protection-board\/\" \/>\n<meta property=\"og:site_name\" content=\"PrimaCover\" \/>\n<meta property=\"article:publisher\" content=\"https:\/\/www.facebook.com\/PrimaverdeBV\" \/>\n<meta property=\"article:modified_time\" content=\"2025-10-02T11:07:32+00:00\" \/>\n<meta property=\"og:image\" content=\"https:\/\/primacover.com\/wp-content\/uploads\/2022\/04\/Protection-board_P0NZ_s01.jpg\" \/>\n\t<meta property=\"og:image:width\" content=\"600\" \/>\n\t<meta property=\"og:image:height\" content=\"600\" \/>\n\t<meta property=\"og:image:type\" content=\"image\/jpeg\" \/>\n<meta name=\"twitter:card\" content=\"summary_large_image\" \/>\n<meta name=\"twitter:label1\" content=\"Preis\" \/>\n\t<meta name=\"twitter:data1\" content=\"\" \/>\n\t<meta name=\"twitter:label2\" content=\"Verf\u00fcgbarkeit\" \/>\n\t<meta name=\"twitter:data2\" content=\"Auf Lager\" \/>\n<script type=\"application\/ld+json\" class=\"yoast-schema-graph\">{\"@context\":\"https:\\\/\\\/schema.org\",\"@graph\":[{\"@type\":\"WebPage\",\"@id\":\"https:\\\/\\\/primacover.com\\\/de\\\/product\\\/primacover-protection-board\\\/\",\"url\":\"https:\\\/\\\/primacover.com\\\/de\\\/product\\\/primacover-protection-board\\\/\",\"name\":\"Abdeckvlies PrimaCover Protection board\",\"isPartOf\":{\"@id\":\"https:\\\/\\\/primacover.com\\\/de\\\/#website\"},\"primaryImageOfPage\":{\"@id\":\"https:\\\/\\\/primacover.com\\\/de\\\/product\\\/primacover-protection-board\\\/#primaryimage\"},\"image\":{\"@id\":\"https:\\\/\\\/primacover.com\\\/de\\\/product\\\/primacover-protection-board\\\/#primaryimage\"},\"thumbnailUrl\":\"https:\\\/\\\/primacover.com\\\/wp-content\\\/uploads\\\/2022\\\/04\\\/Protection-board_P0NZ_s01.jpg\",\"datePublished\":\"2022-05-02T10:55:12+00:00\",\"dateModified\":\"2025-10-02T11:07:32+00:00\",\"description\":\"PrimaCover Protection Board ist ein Abdeckkarton f\u00fcr den universellen Einsatz. Geeignet f\u00fcr Ausbau- und Renovierungsarbeiten wie Verputzen, Spritzputz und Malerarbeiten. Sch\u00fctzt gegen Schmutz, Feuchtigkeit und mechanischer Besch\u00e4digung.\",\"breadcrumb\":{\"@id\":\"https:\\\/\\\/primacover.com\\\/de\\\/product\\\/primacover-protection-board\\\/#breadcrumb\"},\"inLanguage\":\"de\",\"potentialAction\":[{\"@type\":\"ReadAction\",\"target\":[\"https:\\\/\\\/primacover.com\\\/de\\\/product\\\/primacover-protection-board\\\/\"]}]},{\"@type\":\"ImageObject\",\"inLanguage\":\"de\",\"@id\":\"https:\\\/\\\/primacover.com\\\/de\\\/product\\\/primacover-protection-board\\\/#primaryimage\",\"url\":\"https:\\\/\\\/primacover.com\\\/wp-content\\\/uploads\\\/2022\\\/04\\\/Protection-board_P0NZ_s01.jpg\",\"contentUrl\":\"https:\\\/\\\/primacover.com\\\/wp-content\\\/uploads\\\/2022\\\/04\\\/Protection-board_P0NZ_s01.jpg\",\"width\":600,\"height\":600,\"caption\":\"900092 PrimaCover Protection board Praxis gs1_01\"},{\"@type\":\"BreadcrumbList\",\"@id\":\"https:\\\/\\\/primacover.com\\\/de\\\/product\\\/primacover-protection-board\\\/#breadcrumb\",\"itemListElement\":[{\"@type\":\"ListItem\",\"position\":1,\"name\":\"Home\",\"item\":\"https:\\\/\\\/primacover.com\\\/de\\\/\"},{\"@type\":\"ListItem\",\"position\":2,\"name\":\"Produkte\",\"item\":\"https:\\\/\\\/primacover.com\\\/de\\\/produkte\\\/\"},{\"@type\":\"ListItem\",\"position\":3,\"name\":\"PrimaCover Protection board\"}]},{\"@type\":\"WebSite\",\"@id\":\"https:\\\/\\\/primacover.com\\\/de\\\/#website\",\"url\":\"https:\\\/\\\/primacover.com\\\/de\\\/\",\"name\":\"PrimaCover\",\"description\":\"afdekvlies-afdekfolie-stofdeuren, coveringmaterials-dustdoors\",\"publisher\":{\"@id\":\"https:\\\/\\\/primacover.com\\\/de\\\/#organization\"},\"potentialAction\":[{\"@type\":\"SearchAction\",\"target\":{\"@type\":\"EntryPoint\",\"urlTemplate\":\"https:\\\/\\\/primacover.com\\\/de\\\/?s={search_term_string}\"},\"query-input\":{\"@type\":\"PropertyValueSpecification\",\"valueRequired\":true,\"valueName\":\"search_term_string\"}}],\"inLanguage\":\"de\"},{\"@type\":\"Organization\",\"@id\":\"https:\\\/\\\/primacover.com\\\/de\\\/#organization\",\"name\":\"PrimaCover\",\"url\":\"https:\\\/\\\/primacover.com\\\/de\\\/\",\"logo\":{\"@type\":\"ImageObject\",\"inLanguage\":\"de\",\"@id\":\"https:\\\/\\\/primacover.com\\\/de\\\/#\\\/schema\\\/logo\\\/image\\\/\",\"url\":\"\",\"contentUrl\":\"\",\"caption\":\"PrimaCover\"},\"image\":{\"@id\":\"https:\\\/\\\/primacover.com\\\/de\\\/#\\\/schema\\\/logo\\\/image\\\/\"},\"sameAs\":[\"https:\\\/\\\/www.facebook.com\\\/PrimaverdeBV\",\"https:\\\/\\\/nl.linkedin.com\\\/company\\\/primaverde\",\"https:\\\/\\\/www.youtube.com\\\/channel\\\/UC3DwQqj8f8tatLdSFA0aWwA\"]}]}<\/script>\n<meta property=\"product:brand\" content=\"PrimaCover\" \/>\n<meta property=\"product:price:currency\" content=\"EUR\" \/>\n<meta property=\"og:availability\" content=\"instock\" \/>\n<meta property=\"product:availability\" content=\"instock\" \/>\n<meta property=\"product:retailer_item_id\" content=\"PC900633\" \/>\n<meta property=\"product:condition\" content=\"new\" \/>\n<!-- \/ Yoast SEO Premium plugin. -->","yoast_head_json":{"title":"Abdeckvlies PrimaCover Protection board","description":"PrimaCover Protection Board ist ein Abdeckkarton f\u00fcr den universellen Einsatz. Geeignet f\u00fcr Ausbau- und Renovierungsarbeiten wie Verputzen, Spritzputz und Malerarbeiten. Sch\u00fctzt gegen Schmutz, Feuchtigkeit und mechanischer Besch\u00e4digung.","robots":{"index":"index","follow":"follow","max-snippet":"max-snippet:-1","max-image-preview":"max-image-preview:large","max-video-preview":"max-video-preview:-1"},"canonical":"https:\/\/primacover.com\/de\/product\/primacover-protection-board\/","og_locale":"de_DE","og_type":"article","og_title":"PrimaCover Protection board","og_description":"PrimaCover Protection Board ist ein Abdeckkarton f\u00fcr den universellen Einsatz. Geeignet f\u00fcr Ausbau- und Renovierungsarbeiten wie Verputzen, Spritzputz und Malerarbeiten. Sch\u00fctzt gegen Schmutz, Feuchtigkeit und mechanischer Besch\u00e4digung.","og_url":"https:\/\/primacover.com\/de\/product\/primacover-protection-board\/","og_site_name":"PrimaCover","article_publisher":"https:\/\/www.facebook.com\/PrimaverdeBV","article_modified_time":"2025-10-02T11:07:32+00:00","og_image":[{"width":600,"height":600,"url":"https:\/\/primacover.com\/wp-content\/uploads\/2022\/04\/Protection-board_P0NZ_s01.jpg","type":"image\/jpeg"}],"twitter_card":"summary_large_image","twitter_misc":{"Preis":"","Verf\u00fcgbarkeit":"Auf Lager"},"schema":{"@context":"https:\/\/schema.org","@graph":[{"@type":"WebPage","@id":"https:\/\/primacover.com\/de\/product\/primacover-protection-board\/","url":"https:\/\/primacover.com\/de\/product\/primacover-protection-board\/","name":"Abdeckvlies PrimaCover Protection board","isPartOf":{"@id":"https:\/\/primacover.com\/de\/#website"},"primaryImageOfPage":{"@id":"https:\/\/primacover.com\/de\/product\/primacover-protection-board\/#primaryimage"},"image":{"@id":"https:\/\/primacover.com\/de\/product\/primacover-protection-board\/#primaryimage"},"thumbnailUrl":"https:\/\/primacover.com\/wp-content\/uploads\/2022\/04\/Protection-board_P0NZ_s01.jpg","datePublished":"2022-05-02T10:55:12+00:00","dateModified":"2025-10-02T11:07:32+00:00","description":"PrimaCover Protection Board ist ein Abdeckkarton f\u00fcr den universellen Einsatz. Geeignet f\u00fcr Ausbau- und Renovierungsarbeiten wie Verputzen, Spritzputz und Malerarbeiten. Sch\u00fctzt gegen Schmutz, Feuchtigkeit und mechanischer Besch\u00e4digung.","breadcrumb":{"@id":"https:\/\/primacover.com\/de\/product\/primacover-protection-board\/#breadcrumb"},"inLanguage":"de","potentialAction":[{"@type":"ReadAction","target":["https:\/\/primacover.com\/de\/product\/primacover-protection-board\/"]}]},{"@type":"ImageObject","inLanguage":"de","@id":"https:\/\/primacover.com\/de\/product\/primacover-protection-board\/#primaryimage","url":"https:\/\/primacover.com\/wp-content\/uploads\/2022\/04\/Protection-board_P0NZ_s01.jpg","contentUrl":"https:\/\/primacover.com\/wp-content\/uploads\/2022\/04\/Protection-board_P0NZ_s01.jpg","width":600,"height":600,"caption":"900092 PrimaCover Protection board Praxis gs1_01"},{"@type":"BreadcrumbList","@id":"https:\/\/primacover.com\/de\/product\/primacover-protection-board\/#breadcrumb","itemListElement":[{"@type":"ListItem","position":1,"name":"Home","item":"https:\/\/primacover.com\/de\/"},{"@type":"ListItem","position":2,"name":"Produkte","item":"https:\/\/primacover.com\/de\/produkte\/"},{"@type":"ListItem","position":3,"name":"PrimaCover Protection board"}]},{"@type":"WebSite","@id":"https:\/\/primacover.com\/de\/#website","url":"https:\/\/primacover.com\/de\/","name":"PrimaCover","description":"afdekvlies-afdekfolie-stofdeuren, coveringmaterials-dustdoors","publisher":{"@id":"https:\/\/primacover.com\/de\/#organization"},"potentialAction":[{"@type":"SearchAction","target":{"@type":"EntryPoint","urlTemplate":"https:\/\/primacover.com\/de\/?s={search_term_string}"},"query-input":{"@type":"PropertyValueSpecification","valueRequired":true,"valueName":"search_term_string"}}],"inLanguage":"de"},{"@type":"Organization","@id":"https:\/\/primacover.com\/de\/#organization","name":"PrimaCover","url":"https:\/\/primacover.com\/de\/","logo":{"@type":"ImageObject","inLanguage":"de","@id":"https:\/\/primacover.com\/de\/#\/schema\/logo\/image\/","url":"","contentUrl":"","caption":"PrimaCover"},"image":{"@id":"https:\/\/primacover.com\/de\/#\/schema\/logo\/image\/"},"sameAs":["https:\/\/www.facebook.com\/PrimaverdeBV","https:\/\/nl.linkedin.com\/company\/primaverde","https:\/\/www.youtube.com\/channel\/UC3DwQqj8f8tatLdSFA0aWwA"]}]},"product_brand":"PrimaCover","product_price_currency":"EUR","og_availability":"instock","product_availability":"instock","product_retailer_item_id":"PC900633","product_condition":"new"},"_links":{"self":[{"href":"https:\/\/primacover.com\/de\/wp-json\/wp\/v2\/product\/131712","targetHints":{"allow":["GET"]}}],"collection":[{"href":"https:\/\/primacover.com\/de\/wp-json\/wp\/v2\/product"}],"about":[{"href":"https:\/\/primacover.com\/de\/wp-json\/wp\/v2\/types\/product"}],"wp:featuredmedia":[{"embeddable":true,"href":"https:\/\/primacover.com\/de\/wp-json\/wp\/v2\/media\/130228"}],"wp:attachment":[{"href":"https:\/\/primacover.com\/de\/wp-json\/wp\/v2\/media?parent=131712"}],"wp:term":[{"taxonomy":"product_brand","embeddable":true,"href":"https:\/\/primacover.com\/de\/wp-json\/wp\/v2\/product_brand?post=131712"},{"taxonomy":"product_cat","embeddable":true,"href":"https:\/\/primacover.com\/de\/wp-json\/wp\/v2\/product_cat?post=131712"},{"taxonomy":"product_tag","embeddable":true,"href":"https:\/\/primacover.com\/de\/wp-json\/wp\/v2\/product_tag?post=131712"}],"curies":[{"name":"wp","href":"https:\/\/api.w.org\/{rel}","templated":true}]}}