{"id":131720,"date":"2022-05-02T12:55:21","date_gmt":"2022-05-02T10:55:21","guid":{"rendered":"https:\/\/primacover.com\/product\/primacover-defend\/"},"modified":"2026-04-03T11:50:54","modified_gmt":"2026-04-03T09:50:54","slug":"primacover-defend","status":"publish","type":"product","link":"https:\/\/primacover.com\/de\/product\/primacover-defend\/","title":{"rendered":"PrimaCover Defend"},"content":{"rendered":"<h2>Vliesfaserplatte<\/h2>\n<p>Dicke, stark belastbare Vliesfaserrolle, auch erh\u00e4ltlich als Einzelplatten f\u00fcr den maximalen Schutz von verschiedenen Oberfl\u00e4chen. Verhindert mechanische Besch\u00e4digung verursacht durch Bauschutt, Druckbelastung, rollendes Material, usw. Durch das grosse Format k\u00f6nnen auch gr\u00f6\u00dfere Fl\u00e4chen effizient gesch\u00fctzt werden. Leicht anzupassen mit Schere oder Cuttermesser.<\/p>\n<p><strong>Eigenschaften:<\/strong><\/p>\n<ul>\n<li>100% dampfoffen und somit f\u00fcr feuchte Untergr\u00fcnde<\/li>\n<li>Leicht auf mass zu schneiden<\/li>\n<li>Sehr hohe mechanische Schutzwirkung auch bei Punktlast<\/li>\n<li>Wiederverwendbar<\/li>\n<li>Praktisch fusselfrei<\/li>\n<li>Dicke: ca. 4mm.<\/li>\n<li>Erh\u00e4ltlich in Rollen (25m x 1m)  und als Einzelplatten (80cm x 120cm)<\/li>\n<\/ul>\n<p><strong>Anwendung:<\/strong><\/p>\n<ul>\n<li>Geeignet f\u00fcr fast alle Untergr\u00fcnde, einschlie\u00dflich Naturstein und Parkett.<\/li>\n<\/ul>\n<p><strong>Anleitung:<\/strong><\/p>\n<ul>\n<li>Bei schweren Belastung die Kanten mit einem geeigneten Tape verbinden. F\u00fcr einen fl\u00fcssigkeitsdichten Schutz kann z. B. PrimaCover Standard oder PrimaCover Active darunter verlegt werden. <\/li>\n<li>Eignung des Produktes im Voraus testen.<\/li>\n<\/ul>\n","protected":false},"excerpt":{"rendered":"<h2>Vliesfaserplatte<\/h2>\n","protected":false},"featured_media":130345,"menu_order":26,"template":"","meta":{"generate_page_header":""},"product_brand":[],"product_cat":[459],"product_tag":[3397,3398,3399],"class_list":{"0":"post-131720","1":"product","2":"type-product","3":"status-publish","4":"has-post-thumbnail","6":"product_cat-abdeckvlies","7":"product_tag-bestehend-durchgetrocknet-enthalt-keine-feuchtigkeit","8":"product_tag-frisch-verlegt","9":"product_tag-vor-kurzem-behandelt","10":"pa_breedte-1-2-de","11":"pa_eenheid-m-de-2","12":"pa_foliedikte-4000-de","13":"pa_frame-0-de","14":"pa_lengte-0-8-de","15":"pa_matten30-0-0x30-de","16":"pa_merk-primacover-de-2","17":"pa_objecttypen-boden","18":"pa_ondergrond-beton-fertigelementen","19":"pa_ondergrond-gussboden-kunststoff","20":"pa_ondergrond-gussboden-zement","21":"pa_ondergrond-holz","22":"pa_ondergrond-holz-unbehandelt","23":"pa_ondergrond-keramik-fliese","24":"pa_ondergrond-kunststoff","25":"pa_ondergrond-laminat","26":"pa_ondergrond-linoleum-de","27":"pa_ondergrond-naturstein","28":"pa_ondergrond-parkett","29":"pa_ondergrond-pvc-polyurethan-oberschicht","30":"pa_ondergrond-teppich-hochflor","31":"pa_ondergrond-teppich-niederflor","32":"pa_ondergrond-vinyl-de","33":"","34":"woocommerce-text-align-center","35":"woocommerce-image-align-center","36":"do-quantity-buttons","38":"first","39":"instock","40":"shipping-taxable","41":"product-type-simple"},"yoast_head":"<!-- This site is optimized with the Yoast SEO Premium plugin v26.7 (Yoast SEO v27.3) - https:\/\/yoast.com\/product\/yoast-seo-premium-wordpress\/ -->\n<title>Abdeckvlies PrimaCover Defend<\/title>\n<meta name=\"description\" content=\"Dicke, stark belastbare Vliesfaserplatte f\u00fcr den maximalen Schutz von verschiedenen Oberfl\u00e4chen. Verhindert mechanische Besch\u00e4digung verursacht durch Bauschutt, Druckbelastung, rollendes Material, usw. Durch das grosse Format k\u00f6nnen auch gr\u00f6\u00dfere Fl\u00e4chen effizient gesch\u00fctzt werden. Leicht anzupassen mit Schere oder Cuttermesser.\" \/>\n<meta name=\"robots\" content=\"index, follow, max-snippet:-1, max-image-preview:large, max-video-preview:-1\" \/>\n<link rel=\"canonical\" href=\"https:\/\/primacover.com\/de\/product\/primacover-defend\/\" \/>\n<meta property=\"og:locale\" content=\"de_DE\" \/>\n<meta property=\"og:type\" content=\"article\" \/>\n<meta property=\"og:title\" content=\"PrimaCover Defend\" \/>\n<meta property=\"og:description\" content=\"Dicke, stark belastbare Vliesfaserplatte f\u00fcr den maximalen Schutz von verschiedenen Oberfl\u00e4chen. Verhindert mechanische Besch\u00e4digung verursacht durch Bauschutt, Druckbelastung, rollendes Material, usw. Durch das grosse Format k\u00f6nnen auch gr\u00f6\u00dfere Fl\u00e4chen effizient gesch\u00fctzt werden. Leicht anzupassen mit Schere oder Cuttermesser.\" \/>\n<meta property=\"og:url\" content=\"https:\/\/primacover.com\/de\/product\/primacover-defend\/\" \/>\n<meta property=\"og:site_name\" content=\"PrimaCover\" \/>\n<meta property=\"article:publisher\" content=\"https:\/\/www.facebook.com\/PrimaverdeBV\" \/>\n<meta property=\"article:modified_time\" content=\"2026-04-03T09:50:54+00:00\" \/>\n<meta property=\"og:image\" content=\"https:\/\/primacover.com\/wp-content\/uploads\/2022\/04\/Defend_P0NZ_s01.jpg\" \/>\n\t<meta property=\"og:image:width\" content=\"600\" \/>\n\t<meta property=\"og:image:height\" content=\"600\" \/>\n\t<meta property=\"og:image:type\" content=\"image\/jpeg\" \/>\n<meta name=\"twitter:card\" content=\"summary_large_image\" \/>\n<meta name=\"twitter:label1\" content=\"Preis\" \/>\n\t<meta name=\"twitter:data1\" content=\"\" \/>\n\t<meta name=\"twitter:label2\" content=\"Verf\u00fcgbarkeit\" \/>\n\t<meta name=\"twitter:data2\" content=\"Auf Lager\" \/>\n<script type=\"application\/ld+json\" class=\"yoast-schema-graph\">{\"@context\":\"https:\\\/\\\/schema.org\",\"@graph\":[{\"@type\":\"WebPage\",\"@id\":\"https:\\\/\\\/primacover.com\\\/de\\\/product\\\/primacover-defend\\\/\",\"url\":\"https:\\\/\\\/primacover.com\\\/de\\\/product\\\/primacover-defend\\\/\",\"name\":\"Abdeckvlies PrimaCover Defend\",\"isPartOf\":{\"@id\":\"https:\\\/\\\/primacover.com\\\/de\\\/#website\"},\"primaryImageOfPage\":{\"@id\":\"https:\\\/\\\/primacover.com\\\/de\\\/product\\\/primacover-defend\\\/#primaryimage\"},\"image\":{\"@id\":\"https:\\\/\\\/primacover.com\\\/de\\\/product\\\/primacover-defend\\\/#primaryimage\"},\"thumbnailUrl\":\"https:\\\/\\\/primacover.com\\\/wp-content\\\/uploads\\\/2022\\\/04\\\/Defend_P0NZ_s01.jpg\",\"datePublished\":\"2022-05-02T10:55:21+00:00\",\"dateModified\":\"2026-04-03T09:50:54+00:00\",\"description\":\"Dicke, stark belastbare Vliesfaserplatte f\u00fcr den maximalen Schutz von verschiedenen Oberfl\u00e4chen. Verhindert mechanische Besch\u00e4digung verursacht durch Bauschutt, Druckbelastung, rollendes Material, usw. Durch das grosse Format k\u00f6nnen auch gr\u00f6\u00dfere Fl\u00e4chen effizient gesch\u00fctzt werden. Leicht anzupassen mit Schere oder Cuttermesser.\",\"breadcrumb\":{\"@id\":\"https:\\\/\\\/primacover.com\\\/de\\\/product\\\/primacover-defend\\\/#breadcrumb\"},\"inLanguage\":\"de\",\"potentialAction\":[{\"@type\":\"ReadAction\",\"target\":[\"https:\\\/\\\/primacover.com\\\/de\\\/product\\\/primacover-defend\\\/\"]}]},{\"@type\":\"ImageObject\",\"inLanguage\":\"de\",\"@id\":\"https:\\\/\\\/primacover.com\\\/de\\\/product\\\/primacover-defend\\\/#primaryimage\",\"url\":\"https:\\\/\\\/primacover.com\\\/wp-content\\\/uploads\\\/2022\\\/04\\\/Defend_P0NZ_s01.jpg\",\"contentUrl\":\"https:\\\/\\\/primacover.com\\\/wp-content\\\/uploads\\\/2022\\\/04\\\/Defend_P0NZ_s01.jpg\",\"width\":600,\"height\":600,\"caption\":\"900029 PrimaCover Defend Praxis gs1_01\"},{\"@type\":\"BreadcrumbList\",\"@id\":\"https:\\\/\\\/primacover.com\\\/de\\\/product\\\/primacover-defend\\\/#breadcrumb\",\"itemListElement\":[{\"@type\":\"ListItem\",\"position\":1,\"name\":\"Home\",\"item\":\"https:\\\/\\\/primacover.com\\\/de\\\/\"},{\"@type\":\"ListItem\",\"position\":2,\"name\":\"Produkte\",\"item\":\"https:\\\/\\\/primacover.com\\\/de\\\/produkte\\\/\"},{\"@type\":\"ListItem\",\"position\":3,\"name\":\"PrimaCover Defend\"}]},{\"@type\":\"WebSite\",\"@id\":\"https:\\\/\\\/primacover.com\\\/de\\\/#website\",\"url\":\"https:\\\/\\\/primacover.com\\\/de\\\/\",\"name\":\"PrimaCover\",\"description\":\"afdekvlies-afdekfolie-stofdeuren, coveringmaterials-dustdoors\",\"publisher\":{\"@id\":\"https:\\\/\\\/primacover.com\\\/de\\\/#organization\"},\"potentialAction\":[{\"@type\":\"SearchAction\",\"target\":{\"@type\":\"EntryPoint\",\"urlTemplate\":\"https:\\\/\\\/primacover.com\\\/de\\\/?s={search_term_string}\"},\"query-input\":{\"@type\":\"PropertyValueSpecification\",\"valueRequired\":true,\"valueName\":\"search_term_string\"}}],\"inLanguage\":\"de\"},{\"@type\":\"Organization\",\"@id\":\"https:\\\/\\\/primacover.com\\\/de\\\/#organization\",\"name\":\"PrimaCover\",\"url\":\"https:\\\/\\\/primacover.com\\\/de\\\/\",\"logo\":{\"@type\":\"ImageObject\",\"inLanguage\":\"de\",\"@id\":\"https:\\\/\\\/primacover.com\\\/de\\\/#\\\/schema\\\/logo\\\/image\\\/\",\"url\":\"\",\"contentUrl\":\"\",\"caption\":\"PrimaCover\"},\"image\":{\"@id\":\"https:\\\/\\\/primacover.com\\\/de\\\/#\\\/schema\\\/logo\\\/image\\\/\"},\"sameAs\":[\"https:\\\/\\\/www.facebook.com\\\/PrimaverdeBV\",\"https:\\\/\\\/nl.linkedin.com\\\/company\\\/primaverde\",\"https:\\\/\\\/www.youtube.com\\\/channel\\\/UC3DwQqj8f8tatLdSFA0aWwA\"]}]}<\/script>\n<meta property=\"product:brand\" content=\"PrimaCover\" \/>\n<meta property=\"product:price:currency\" content=\"EUR\" \/>\n<meta property=\"og:availability\" content=\"instock\" \/>\n<meta property=\"product:availability\" content=\"instock\" \/>\n<meta property=\"product:retailer_item_id\" content=\"PC900029\" \/>\n<meta property=\"product:condition\" content=\"new\" \/>\n<!-- \/ Yoast SEO Premium plugin. -->","yoast_head_json":{"title":"Abdeckvlies PrimaCover Defend","description":"Dicke, stark belastbare Vliesfaserplatte f\u00fcr den maximalen Schutz von verschiedenen Oberfl\u00e4chen. Verhindert mechanische Besch\u00e4digung verursacht durch Bauschutt, Druckbelastung, rollendes Material, usw. Durch das grosse Format k\u00f6nnen auch gr\u00f6\u00dfere Fl\u00e4chen effizient gesch\u00fctzt werden. Leicht anzupassen mit Schere oder Cuttermesser.","robots":{"index":"index","follow":"follow","max-snippet":"max-snippet:-1","max-image-preview":"max-image-preview:large","max-video-preview":"max-video-preview:-1"},"canonical":"https:\/\/primacover.com\/de\/product\/primacover-defend\/","og_locale":"de_DE","og_type":"article","og_title":"PrimaCover Defend","og_description":"Dicke, stark belastbare Vliesfaserplatte f\u00fcr den maximalen Schutz von verschiedenen Oberfl\u00e4chen. Verhindert mechanische Besch\u00e4digung verursacht durch Bauschutt, Druckbelastung, rollendes Material, usw. Durch das grosse Format k\u00f6nnen auch gr\u00f6\u00dfere Fl\u00e4chen effizient gesch\u00fctzt werden. Leicht anzupassen mit Schere oder Cuttermesser.","og_url":"https:\/\/primacover.com\/de\/product\/primacover-defend\/","og_site_name":"PrimaCover","article_publisher":"https:\/\/www.facebook.com\/PrimaverdeBV","article_modified_time":"2026-04-03T09:50:54+00:00","og_image":[{"width":600,"height":600,"url":"https:\/\/primacover.com\/wp-content\/uploads\/2022\/04\/Defend_P0NZ_s01.jpg","type":"image\/jpeg"}],"twitter_card":"summary_large_image","twitter_misc":{"Preis":"","Verf\u00fcgbarkeit":"Auf Lager"},"schema":{"@context":"https:\/\/schema.org","@graph":[{"@type":"WebPage","@id":"https:\/\/primacover.com\/de\/product\/primacover-defend\/","url":"https:\/\/primacover.com\/de\/product\/primacover-defend\/","name":"Abdeckvlies PrimaCover Defend","isPartOf":{"@id":"https:\/\/primacover.com\/de\/#website"},"primaryImageOfPage":{"@id":"https:\/\/primacover.com\/de\/product\/primacover-defend\/#primaryimage"},"image":{"@id":"https:\/\/primacover.com\/de\/product\/primacover-defend\/#primaryimage"},"thumbnailUrl":"https:\/\/primacover.com\/wp-content\/uploads\/2022\/04\/Defend_P0NZ_s01.jpg","datePublished":"2022-05-02T10:55:21+00:00","dateModified":"2026-04-03T09:50:54+00:00","description":"Dicke, stark belastbare Vliesfaserplatte f\u00fcr den maximalen Schutz von verschiedenen Oberfl\u00e4chen. Verhindert mechanische Besch\u00e4digung verursacht durch Bauschutt, Druckbelastung, rollendes Material, usw. Durch das grosse Format k\u00f6nnen auch gr\u00f6\u00dfere Fl\u00e4chen effizient gesch\u00fctzt werden. Leicht anzupassen mit Schere oder Cuttermesser.","breadcrumb":{"@id":"https:\/\/primacover.com\/de\/product\/primacover-defend\/#breadcrumb"},"inLanguage":"de","potentialAction":[{"@type":"ReadAction","target":["https:\/\/primacover.com\/de\/product\/primacover-defend\/"]}]},{"@type":"ImageObject","inLanguage":"de","@id":"https:\/\/primacover.com\/de\/product\/primacover-defend\/#primaryimage","url":"https:\/\/primacover.com\/wp-content\/uploads\/2022\/04\/Defend_P0NZ_s01.jpg","contentUrl":"https:\/\/primacover.com\/wp-content\/uploads\/2022\/04\/Defend_P0NZ_s01.jpg","width":600,"height":600,"caption":"900029 PrimaCover Defend Praxis gs1_01"},{"@type":"BreadcrumbList","@id":"https:\/\/primacover.com\/de\/product\/primacover-defend\/#breadcrumb","itemListElement":[{"@type":"ListItem","position":1,"name":"Home","item":"https:\/\/primacover.com\/de\/"},{"@type":"ListItem","position":2,"name":"Produkte","item":"https:\/\/primacover.com\/de\/produkte\/"},{"@type":"ListItem","position":3,"name":"PrimaCover Defend"}]},{"@type":"WebSite","@id":"https:\/\/primacover.com\/de\/#website","url":"https:\/\/primacover.com\/de\/","name":"PrimaCover","description":"afdekvlies-afdekfolie-stofdeuren, coveringmaterials-dustdoors","publisher":{"@id":"https:\/\/primacover.com\/de\/#organization"},"potentialAction":[{"@type":"SearchAction","target":{"@type":"EntryPoint","urlTemplate":"https:\/\/primacover.com\/de\/?s={search_term_string}"},"query-input":{"@type":"PropertyValueSpecification","valueRequired":true,"valueName":"search_term_string"}}],"inLanguage":"de"},{"@type":"Organization","@id":"https:\/\/primacover.com\/de\/#organization","name":"PrimaCover","url":"https:\/\/primacover.com\/de\/","logo":{"@type":"ImageObject","inLanguage":"de","@id":"https:\/\/primacover.com\/de\/#\/schema\/logo\/image\/","url":"","contentUrl":"","caption":"PrimaCover"},"image":{"@id":"https:\/\/primacover.com\/de\/#\/schema\/logo\/image\/"},"sameAs":["https:\/\/www.facebook.com\/PrimaverdeBV","https:\/\/nl.linkedin.com\/company\/primaverde","https:\/\/www.youtube.com\/channel\/UC3DwQqj8f8tatLdSFA0aWwA"]}]},"product_brand":"PrimaCover","product_price_currency":"EUR","og_availability":"instock","product_availability":"instock","product_retailer_item_id":"PC900029","product_condition":"new"},"_links":{"self":[{"href":"https:\/\/primacover.com\/de\/wp-json\/wp\/v2\/product\/131720","targetHints":{"allow":["GET"]}}],"collection":[{"href":"https:\/\/primacover.com\/de\/wp-json\/wp\/v2\/product"}],"about":[{"href":"https:\/\/primacover.com\/de\/wp-json\/wp\/v2\/types\/product"}],"wp:featuredmedia":[{"embeddable":true,"href":"https:\/\/primacover.com\/de\/wp-json\/wp\/v2\/media\/130345"}],"wp:attachment":[{"href":"https:\/\/primacover.com\/de\/wp-json\/wp\/v2\/media?parent=131720"}],"wp:term":[{"taxonomy":"product_brand","embeddable":true,"href":"https:\/\/primacover.com\/de\/wp-json\/wp\/v2\/product_brand?post=131720"},{"taxonomy":"product_cat","embeddable":true,"href":"https:\/\/primacover.com\/de\/wp-json\/wp\/v2\/product_cat?post=131720"},{"taxonomy":"product_tag","embeddable":true,"href":"https:\/\/primacover.com\/de\/wp-json\/wp\/v2\/product_tag?post=131720"}],"curies":[{"name":"wp","href":"https:\/\/api.w.org\/{rel}","templated":true}]}}