{"id":131723,"date":"2022-05-02T12:55:24","date_gmt":"2022-05-02T10:55:24","guid":{"rendered":"https:\/\/primacover.com\/product\/primacover-zipper\/"},"modified":"2026-04-03T11:36:46","modified_gmt":"2026-04-03T09:36:46","slug":"primacover-zipper","status":"publish","type":"product","link":"https:\/\/primacover.com\/de\/product\/primacover-zipper\/","title":{"rendered":"PrimaCover Zipper"},"content":{"rendered":"<h2>Selbstklebender Rei\u00dfverschluss (2 St\u00fcck)<\/h2>\n<p>Macht schnell einen Durchgang in jeder Stoffwand und Folie. Sehr h\u00f6he Qualit\u00e4t, deswegen f\u00fcr l\u00e4ngere Eins\u00e4tze geeignet.Verwenden Sie 1 Rei\u00dfverschluss f\u00fcr eine normale \u00d6ffnung oder 2 Rei\u00dfverschl\u00fcsse f\u00fcr eine extra breite \u00d6ffnung.<\/p>\n<p><strong>Eigenschaften:<\/strong><\/p>\n<ul>\n<li>Hervorragende Haftung, extra breite selbstklebende Zonen<\/li>\n<li>H\u00f6he Qualit\u00e4t, gut gleitendes Rei\u00dfverschluss<\/li>\n<li>7,6cm x 213cm<\/li>\n<\/ul>\n<p><strong>Anwendung:<\/strong><\/p>\n<ul>\n<li>Zum Erstellen von Rei\u00dfverschlusst\u00fcren in Folie oder Stoffwand<\/li>\n<\/ul>\n<p><strong>Anleitung:<\/strong><\/p>\n<ul>\n<li>Lege Folie oder Stoffwand auf eine ebene Fl\u00e4che, klebe den Rei\u00dfverschluss an die gew\u00fcnschte Stelle und dr\u00fccke ihn an. Schneide die Folie oder Stoffwand durch den ge\u00f6ffneten Rei\u00dfverschluss durch. 2 Rei\u00dfverschl\u00fcsse parallel f\u00fcr einen breite \u00d6ffnung.<\/li>\n<\/ul>\n","protected":false},"excerpt":{"rendered":"<h2>Selbstklebender Rei\u00dfverschluss (2 St\u00fcck)<\/h2>\n","protected":false},"featured_media":130388,"menu_order":36,"template":"","meta":{"generate_page_header":""},"product_brand":[],"product_cat":[462],"product_tag":[3119],"class_list":{"0":"post-131723","1":"product","2":"type-product","3":"status-publish","4":"has-post-thumbnail","6":"product_cat-staubschutztuer","7":"product_tag-selbsthaftend-de","8":"pa_breedte-0-106-de","9":"pa_eenheid-m-de-2","10":"pa_foliedikte-150-de","11":"pa_frame-0-de","12":"pa_lengte-2-13-de","13":"pa_matten30-0-0x30-de","14":"pa_merk-primacover-de-2","15":"pa_objecttypen-staubkontrolle","16":"pa_ondergrond-kunststoff","17":"","18":"woocommerce-text-align-center","19":"woocommerce-image-align-center","20":"do-quantity-buttons","22":"first","23":"instock","24":"shipping-taxable","25":"product-type-simple"},"yoast_head":"<!-- This site is optimized with the Yoast SEO Premium plugin v26.7 (Yoast SEO v27.3) - https:\/\/yoast.com\/product\/yoast-seo-premium-wordpress\/ -->\n<title>Staubschutzt\u00fcr PrimaCover Zipper<\/title>\n<meta name=\"description\" content=\"Macht schnell einen Durchgang in jeder Stoffwand und Folie. Sehr h\u00f6he Qualit\u00e4t, deswegen f\u00fcr l\u00e4ngere Eins\u00e4tze geeignet.Verwenden Sie 1 Rei\u00dfverschluss f\u00fcr eine normale \u00d6ffnung oder 2 Rei\u00dfverschl\u00fcsse f\u00fcr eine extra breite \u00d6ffnung.\" \/>\n<meta name=\"robots\" content=\"index, follow, max-snippet:-1, max-image-preview:large, max-video-preview:-1\" \/>\n<link rel=\"canonical\" href=\"https:\/\/primacover.com\/de\/product\/primacover-zipper\/\" \/>\n<meta property=\"og:locale\" content=\"de_DE\" \/>\n<meta property=\"og:type\" content=\"article\" \/>\n<meta property=\"og:title\" content=\"PrimaCover Zipper\" \/>\n<meta property=\"og:description\" content=\"Macht schnell einen Durchgang in jeder Stoffwand und Folie. Sehr h\u00f6he Qualit\u00e4t, deswegen f\u00fcr l\u00e4ngere Eins\u00e4tze geeignet.Verwenden Sie 1 Rei\u00dfverschluss f\u00fcr eine normale \u00d6ffnung oder 2 Rei\u00dfverschl\u00fcsse f\u00fcr eine extra breite \u00d6ffnung.\" \/>\n<meta property=\"og:url\" content=\"https:\/\/primacover.com\/de\/product\/primacover-zipper\/\" \/>\n<meta property=\"og:site_name\" content=\"PrimaCover\" \/>\n<meta property=\"article:publisher\" content=\"https:\/\/www.facebook.com\/PrimaverdeBV\" \/>\n<meta property=\"article:modified_time\" content=\"2026-04-03T09:36:46+00:00\" \/>\n<meta property=\"og:image\" content=\"https:\/\/primacover.com\/wp-content\/uploads\/2022\/04\/Zipper_P0NZ_s03.jpg\" \/>\n\t<meta property=\"og:image:width\" content=\"600\" \/>\n\t<meta property=\"og:image:height\" content=\"600\" \/>\n\t<meta property=\"og:image:type\" content=\"image\/jpeg\" \/>\n<meta name=\"twitter:card\" content=\"summary_large_image\" \/>\n<meta name=\"twitter:label1\" content=\"Preis\" \/>\n\t<meta name=\"twitter:data1\" content=\"\" \/>\n\t<meta name=\"twitter:label2\" content=\"Verf\u00fcgbarkeit\" \/>\n\t<meta name=\"twitter:data2\" content=\"Auf Lager\" \/>\n<script type=\"application\/ld+json\" class=\"yoast-schema-graph\">{\"@context\":\"https:\\\/\\\/schema.org\",\"@graph\":[{\"@type\":\"WebPage\",\"@id\":\"https:\\\/\\\/primacover.com\\\/de\\\/product\\\/primacover-zipper\\\/\",\"url\":\"https:\\\/\\\/primacover.com\\\/de\\\/product\\\/primacover-zipper\\\/\",\"name\":\"Staubschutzt\u00fcr PrimaCover Zipper\",\"isPartOf\":{\"@id\":\"https:\\\/\\\/primacover.com\\\/de\\\/#website\"},\"primaryImageOfPage\":{\"@id\":\"https:\\\/\\\/primacover.com\\\/de\\\/product\\\/primacover-zipper\\\/#primaryimage\"},\"image\":{\"@id\":\"https:\\\/\\\/primacover.com\\\/de\\\/product\\\/primacover-zipper\\\/#primaryimage\"},\"thumbnailUrl\":\"https:\\\/\\\/primacover.com\\\/wp-content\\\/uploads\\\/2022\\\/04\\\/Zipper_P0NZ_s03.jpg\",\"datePublished\":\"2022-05-02T10:55:24+00:00\",\"dateModified\":\"2026-04-03T09:36:46+00:00\",\"description\":\"Macht schnell einen Durchgang in jeder Stoffwand und Folie. Sehr h\u00f6he Qualit\u00e4t, deswegen f\u00fcr l\u00e4ngere Eins\u00e4tze geeignet.Verwenden Sie 1 Rei\u00dfverschluss f\u00fcr eine normale \u00d6ffnung oder 2 Rei\u00dfverschl\u00fcsse f\u00fcr eine extra breite \u00d6ffnung.\",\"breadcrumb\":{\"@id\":\"https:\\\/\\\/primacover.com\\\/de\\\/product\\\/primacover-zipper\\\/#breadcrumb\"},\"inLanguage\":\"de\",\"potentialAction\":[{\"@type\":\"ReadAction\",\"target\":[\"https:\\\/\\\/primacover.com\\\/de\\\/product\\\/primacover-zipper\\\/\"]}]},{\"@type\":\"ImageObject\",\"inLanguage\":\"de\",\"@id\":\"https:\\\/\\\/primacover.com\\\/de\\\/product\\\/primacover-zipper\\\/#primaryimage\",\"url\":\"https:\\\/\\\/primacover.com\\\/wp-content\\\/uploads\\\/2022\\\/04\\\/Zipper_P0NZ_s03.jpg\",\"contentUrl\":\"https:\\\/\\\/primacover.com\\\/wp-content\\\/uploads\\\/2022\\\/04\\\/Zipper_P0NZ_s03.jpg\",\"width\":600,\"height\":600,\"caption\":\"900004 PrimaCover Zipper Praxis gs1_01\"},{\"@type\":\"BreadcrumbList\",\"@id\":\"https:\\\/\\\/primacover.com\\\/de\\\/product\\\/primacover-zipper\\\/#breadcrumb\",\"itemListElement\":[{\"@type\":\"ListItem\",\"position\":1,\"name\":\"Home\",\"item\":\"https:\\\/\\\/primacover.com\\\/de\\\/\"},{\"@type\":\"ListItem\",\"position\":2,\"name\":\"Produkte\",\"item\":\"https:\\\/\\\/primacover.com\\\/de\\\/produkte\\\/\"},{\"@type\":\"ListItem\",\"position\":3,\"name\":\"PrimaCover Zipper\"}]},{\"@type\":\"WebSite\",\"@id\":\"https:\\\/\\\/primacover.com\\\/de\\\/#website\",\"url\":\"https:\\\/\\\/primacover.com\\\/de\\\/\",\"name\":\"PrimaCover\",\"description\":\"afdekvlies-afdekfolie-stofdeuren, coveringmaterials-dustdoors\",\"publisher\":{\"@id\":\"https:\\\/\\\/primacover.com\\\/de\\\/#organization\"},\"potentialAction\":[{\"@type\":\"SearchAction\",\"target\":{\"@type\":\"EntryPoint\",\"urlTemplate\":\"https:\\\/\\\/primacover.com\\\/de\\\/?s={search_term_string}\"},\"query-input\":{\"@type\":\"PropertyValueSpecification\",\"valueRequired\":true,\"valueName\":\"search_term_string\"}}],\"inLanguage\":\"de\"},{\"@type\":\"Organization\",\"@id\":\"https:\\\/\\\/primacover.com\\\/de\\\/#organization\",\"name\":\"PrimaCover\",\"url\":\"https:\\\/\\\/primacover.com\\\/de\\\/\",\"logo\":{\"@type\":\"ImageObject\",\"inLanguage\":\"de\",\"@id\":\"https:\\\/\\\/primacover.com\\\/de\\\/#\\\/schema\\\/logo\\\/image\\\/\",\"url\":\"\",\"contentUrl\":\"\",\"caption\":\"PrimaCover\"},\"image\":{\"@id\":\"https:\\\/\\\/primacover.com\\\/de\\\/#\\\/schema\\\/logo\\\/image\\\/\"},\"sameAs\":[\"https:\\\/\\\/www.facebook.com\\\/PrimaverdeBV\",\"https:\\\/\\\/nl.linkedin.com\\\/company\\\/primaverde\",\"https:\\\/\\\/www.youtube.com\\\/channel\\\/UC3DwQqj8f8tatLdSFA0aWwA\"]}]}<\/script>\n<meta property=\"product:brand\" content=\"PrimaCover\" \/>\n<meta property=\"product:price:currency\" content=\"EUR\" \/>\n<meta property=\"og:availability\" content=\"instock\" \/>\n<meta property=\"product:availability\" content=\"instock\" \/>\n<meta property=\"product:retailer_item_id\" content=\"PC900004\" \/>\n<meta property=\"product:condition\" content=\"new\" \/>\n<!-- \/ Yoast SEO Premium plugin. -->","yoast_head_json":{"title":"Staubschutzt\u00fcr PrimaCover Zipper","description":"Macht schnell einen Durchgang in jeder Stoffwand und Folie. Sehr h\u00f6he Qualit\u00e4t, deswegen f\u00fcr l\u00e4ngere Eins\u00e4tze geeignet.Verwenden Sie 1 Rei\u00dfverschluss f\u00fcr eine normale \u00d6ffnung oder 2 Rei\u00dfverschl\u00fcsse f\u00fcr eine extra breite \u00d6ffnung.","robots":{"index":"index","follow":"follow","max-snippet":"max-snippet:-1","max-image-preview":"max-image-preview:large","max-video-preview":"max-video-preview:-1"},"canonical":"https:\/\/primacover.com\/de\/product\/primacover-zipper\/","og_locale":"de_DE","og_type":"article","og_title":"PrimaCover Zipper","og_description":"Macht schnell einen Durchgang in jeder Stoffwand und Folie. Sehr h\u00f6he Qualit\u00e4t, deswegen f\u00fcr l\u00e4ngere Eins\u00e4tze geeignet.Verwenden Sie 1 Rei\u00dfverschluss f\u00fcr eine normale \u00d6ffnung oder 2 Rei\u00dfverschl\u00fcsse f\u00fcr eine extra breite \u00d6ffnung.","og_url":"https:\/\/primacover.com\/de\/product\/primacover-zipper\/","og_site_name":"PrimaCover","article_publisher":"https:\/\/www.facebook.com\/PrimaverdeBV","article_modified_time":"2026-04-03T09:36:46+00:00","og_image":[{"width":600,"height":600,"url":"https:\/\/primacover.com\/wp-content\/uploads\/2022\/04\/Zipper_P0NZ_s03.jpg","type":"image\/jpeg"}],"twitter_card":"summary_large_image","twitter_misc":{"Preis":"","Verf\u00fcgbarkeit":"Auf Lager"},"schema":{"@context":"https:\/\/schema.org","@graph":[{"@type":"WebPage","@id":"https:\/\/primacover.com\/de\/product\/primacover-zipper\/","url":"https:\/\/primacover.com\/de\/product\/primacover-zipper\/","name":"Staubschutzt\u00fcr PrimaCover Zipper","isPartOf":{"@id":"https:\/\/primacover.com\/de\/#website"},"primaryImageOfPage":{"@id":"https:\/\/primacover.com\/de\/product\/primacover-zipper\/#primaryimage"},"image":{"@id":"https:\/\/primacover.com\/de\/product\/primacover-zipper\/#primaryimage"},"thumbnailUrl":"https:\/\/primacover.com\/wp-content\/uploads\/2022\/04\/Zipper_P0NZ_s03.jpg","datePublished":"2022-05-02T10:55:24+00:00","dateModified":"2026-04-03T09:36:46+00:00","description":"Macht schnell einen Durchgang in jeder Stoffwand und Folie. Sehr h\u00f6he Qualit\u00e4t, deswegen f\u00fcr l\u00e4ngere Eins\u00e4tze geeignet.Verwenden Sie 1 Rei\u00dfverschluss f\u00fcr eine normale \u00d6ffnung oder 2 Rei\u00dfverschl\u00fcsse f\u00fcr eine extra breite \u00d6ffnung.","breadcrumb":{"@id":"https:\/\/primacover.com\/de\/product\/primacover-zipper\/#breadcrumb"},"inLanguage":"de","potentialAction":[{"@type":"ReadAction","target":["https:\/\/primacover.com\/de\/product\/primacover-zipper\/"]}]},{"@type":"ImageObject","inLanguage":"de","@id":"https:\/\/primacover.com\/de\/product\/primacover-zipper\/#primaryimage","url":"https:\/\/primacover.com\/wp-content\/uploads\/2022\/04\/Zipper_P0NZ_s03.jpg","contentUrl":"https:\/\/primacover.com\/wp-content\/uploads\/2022\/04\/Zipper_P0NZ_s03.jpg","width":600,"height":600,"caption":"900004 PrimaCover Zipper Praxis gs1_01"},{"@type":"BreadcrumbList","@id":"https:\/\/primacover.com\/de\/product\/primacover-zipper\/#breadcrumb","itemListElement":[{"@type":"ListItem","position":1,"name":"Home","item":"https:\/\/primacover.com\/de\/"},{"@type":"ListItem","position":2,"name":"Produkte","item":"https:\/\/primacover.com\/de\/produkte\/"},{"@type":"ListItem","position":3,"name":"PrimaCover Zipper"}]},{"@type":"WebSite","@id":"https:\/\/primacover.com\/de\/#website","url":"https:\/\/primacover.com\/de\/","name":"PrimaCover","description":"afdekvlies-afdekfolie-stofdeuren, coveringmaterials-dustdoors","publisher":{"@id":"https:\/\/primacover.com\/de\/#organization"},"potentialAction":[{"@type":"SearchAction","target":{"@type":"EntryPoint","urlTemplate":"https:\/\/primacover.com\/de\/?s={search_term_string}"},"query-input":{"@type":"PropertyValueSpecification","valueRequired":true,"valueName":"search_term_string"}}],"inLanguage":"de"},{"@type":"Organization","@id":"https:\/\/primacover.com\/de\/#organization","name":"PrimaCover","url":"https:\/\/primacover.com\/de\/","logo":{"@type":"ImageObject","inLanguage":"de","@id":"https:\/\/primacover.com\/de\/#\/schema\/logo\/image\/","url":"","contentUrl":"","caption":"PrimaCover"},"image":{"@id":"https:\/\/primacover.com\/de\/#\/schema\/logo\/image\/"},"sameAs":["https:\/\/www.facebook.com\/PrimaverdeBV","https:\/\/nl.linkedin.com\/company\/primaverde","https:\/\/www.youtube.com\/channel\/UC3DwQqj8f8tatLdSFA0aWwA"]}]},"product_brand":"PrimaCover","product_price_currency":"EUR","og_availability":"instock","product_availability":"instock","product_retailer_item_id":"PC900004","product_condition":"new"},"_links":{"self":[{"href":"https:\/\/primacover.com\/de\/wp-json\/wp\/v2\/product\/131723","targetHints":{"allow":["GET"]}}],"collection":[{"href":"https:\/\/primacover.com\/de\/wp-json\/wp\/v2\/product"}],"about":[{"href":"https:\/\/primacover.com\/de\/wp-json\/wp\/v2\/types\/product"}],"wp:featuredmedia":[{"embeddable":true,"href":"https:\/\/primacover.com\/de\/wp-json\/wp\/v2\/media\/130388"}],"wp:attachment":[{"href":"https:\/\/primacover.com\/de\/wp-json\/wp\/v2\/media?parent=131723"}],"wp:term":[{"taxonomy":"product_brand","embeddable":true,"href":"https:\/\/primacover.com\/de\/wp-json\/wp\/v2\/product_brand?post=131723"},{"taxonomy":"product_cat","embeddable":true,"href":"https:\/\/primacover.com\/de\/wp-json\/wp\/v2\/product_cat?post=131723"},{"taxonomy":"product_tag","embeddable":true,"href":"https:\/\/primacover.com\/de\/wp-json\/wp\/v2\/product_tag?post=131723"}],"curies":[{"name":"wp","href":"https:\/\/api.w.org\/{rel}","templated":true}]}}