{"id":131730,"date":"2022-05-02T12:55:30","date_gmt":"2022-05-02T10:55:30","guid":{"rendered":"https:\/\/primacover.com\/product\/primacover-zipper-door-u\/"},"modified":"2026-04-03T11:37:41","modified_gmt":"2026-04-03T09:37:41","slug":"primacover-zipper-door-u","status":"publish","type":"product","link":"https:\/\/primacover.com\/de\/product\/primacover-zipper-door-u\/","title":{"rendered":"PrimaCover Zipper Door U"},"content":{"rendered":"<h2>Staubschutzt\u00fcr mit U-Reissverschluss<\/h2>\n<p>Staubschutz-T\u00fcr mit vormontiertem U-Reissverschluss, mit zwei Schiebern zum einfach \u00d6ffnen und Schliessen. Schnelle und einfache Montage auf jeden Durchgang. Speziell entwickelt f\u00fcr Situationen mit einem hohen Risiko von Staubentwicklung am Boden. Durch die Befestigung der Unterkante der Zipper Door U am Boden kann der Durchgang staubdicht gemacht werden.<\/p>\n<p><strong>Eigenschaften:<\/strong><\/p>\n<ul>\n<li>Reissverschluss (2 Schiebern) auf Folie gen\u00e4ht<\/li>\n<li>Gr\u00f6sse: 250cm x 120cm<\/li>\n<li>\u00d6ffnung: 180cm x 70cm<\/li>\n<li>Starke, transparente Folie (150\u00b5m)<\/li>\n<\/ul>\n<p><strong>Anwendung:<\/strong><\/p>\n<ul>\n<li>Geeignet f\u00fcr verschiedenen \u00dcntergr\u00fcnden.<\/li>\n<li>F\u00fcr hochfrequentierte Bereiche und l\u00e4ngere Eins\u00e4tze.<\/li>\n<\/ul>\n<p><strong>Anleitung:<\/strong><\/p>\n<ul>\n<li>Mit doppelseitigem Klebeband (nicht mitgeliefert) auf die gew\u00fcnschte Untergrund befestigen<\/li>\n<li>Eignung des Klebeband im Voraus testen.<\/li>\n<\/ul>\n","protected":false},"excerpt":{"rendered":"<h2>Staubschutzt\u00fcr mit U-Reissverschluss<\/h2>\n","protected":false},"featured_media":139021,"menu_order":35,"template":"","meta":{"generate_page_header":""},"product_brand":[],"product_cat":[462],"product_tag":[],"class_list":{"0":"post-131730","1":"product","2":"type-product","3":"status-publish","4":"has-post-thumbnail","6":"product_cat-staubschutztuer","7":"pa_breedte-0-172-de","8":"pa_eenheid-m-de-2","9":"pa_foliedikte-150-de","10":"pa_frame-0-de","11":"pa_lengte-2-5-de","12":"pa_matten30-0-0x30-de","13":"pa_merk-primacover-de-2","14":"pa_objecttypen-staubkontrolle","15":"pa_objecttypen-tur","16":"pa_ondergrond-kunststoff","17":"","18":"woocommerce-text-align-center","19":"woocommerce-image-align-center","20":"do-quantity-buttons","22":"first","23":"instock","24":"shipping-taxable","25":"product-type-simple"},"yoast_head":"<!-- This site is optimized with the Yoast SEO Premium plugin v26.7 (Yoast SEO v27.3) - https:\/\/yoast.com\/product\/yoast-seo-premium-wordpress\/ -->\n<title>Staubschutzt\u00fcr PrimaCover Zipper Door U<\/title>\n<meta name=\"description\" content=\"PrimaCover Zipper Door U kann mit doppelseitigem Klebeband (nicht mitgeliefert) problemlos an verschiedenen Oberfl\u00e4chen befestigt werden. Durch die extra starke Folie und den aufgen\u00e4hten Reissverschluss ist die PrimaCover Zipper Door U bestens f\u00fcr hochfrequentierte Bereiche und l\u00e4ngere Eins\u00e4tze geeignet.\" \/>\n<meta name=\"robots\" content=\"index, follow, max-snippet:-1, max-image-preview:large, max-video-preview:-1\" \/>\n<link rel=\"canonical\" href=\"https:\/\/primacover.com\/de\/product\/primacover-zipper-door-u\/\" \/>\n<meta property=\"og:locale\" content=\"de_DE\" \/>\n<meta property=\"og:type\" content=\"article\" \/>\n<meta property=\"og:title\" content=\"PrimaCover Zipper Door U\" \/>\n<meta property=\"og:description\" content=\"PrimaCover Zipper Door U kann mit doppelseitigem Klebeband (nicht mitgeliefert) problemlos an verschiedenen Oberfl\u00e4chen befestigt werden. Durch die extra starke Folie und den aufgen\u00e4hten Reissverschluss ist die PrimaCover Zipper Door U bestens f\u00fcr hochfrequentierte Bereiche und l\u00e4ngere Eins\u00e4tze geeignet.\" \/>\n<meta property=\"og:url\" content=\"https:\/\/primacover.com\/de\/product\/primacover-zipper-door-u\/\" \/>\n<meta property=\"og:site_name\" content=\"PrimaCover\" \/>\n<meta property=\"article:publisher\" content=\"https:\/\/www.facebook.com\/PrimaverdeBV\" \/>\n<meta property=\"article:modified_time\" content=\"2026-04-03T09:37:41+00:00\" \/>\n<meta property=\"og:image\" content=\"https:\/\/primacover.com\/wp-content\/uploads\/2022\/04\/08719439005129_A1N1_s01.jpg\" \/>\n\t<meta property=\"og:image:width\" content=\"600\" \/>\n\t<meta property=\"og:image:height\" content=\"600\" \/>\n\t<meta property=\"og:image:type\" content=\"image\/jpeg\" \/>\n<meta name=\"twitter:card\" content=\"summary_large_image\" \/>\n<meta name=\"twitter:label1\" content=\"Preis\" \/>\n\t<meta name=\"twitter:data1\" content=\"\" \/>\n\t<meta name=\"twitter:label2\" content=\"Verf\u00fcgbarkeit\" \/>\n\t<meta name=\"twitter:data2\" content=\"Auf Lager\" \/>\n<script type=\"application\/ld+json\" class=\"yoast-schema-graph\">{\"@context\":\"https:\\\/\\\/schema.org\",\"@graph\":[{\"@type\":\"WebPage\",\"@id\":\"https:\\\/\\\/primacover.com\\\/de\\\/product\\\/primacover-zipper-door-u\\\/\",\"url\":\"https:\\\/\\\/primacover.com\\\/de\\\/product\\\/primacover-zipper-door-u\\\/\",\"name\":\"Staubschutzt\u00fcr PrimaCover Zipper Door U\",\"isPartOf\":{\"@id\":\"https:\\\/\\\/primacover.com\\\/de\\\/#website\"},\"primaryImageOfPage\":{\"@id\":\"https:\\\/\\\/primacover.com\\\/de\\\/product\\\/primacover-zipper-door-u\\\/#primaryimage\"},\"image\":{\"@id\":\"https:\\\/\\\/primacover.com\\\/de\\\/product\\\/primacover-zipper-door-u\\\/#primaryimage\"},\"thumbnailUrl\":\"https:\\\/\\\/primacover.com\\\/wp-content\\\/uploads\\\/2022\\\/05\\\/Zipper-Door-U_P0NZ_s01.png\",\"datePublished\":\"2022-05-02T10:55:30+00:00\",\"dateModified\":\"2026-04-03T09:37:41+00:00\",\"description\":\"PrimaCover Zipper Door U kann mit doppelseitigem Klebeband (nicht mitgeliefert) problemlos an verschiedenen Oberfl\u00e4chen befestigt werden. Durch die extra starke Folie und den aufgen\u00e4hten Reissverschluss ist die PrimaCover Zipper Door U bestens f\u00fcr hochfrequentierte Bereiche und l\u00e4ngere Eins\u00e4tze geeignet.\",\"breadcrumb\":{\"@id\":\"https:\\\/\\\/primacover.com\\\/de\\\/product\\\/primacover-zipper-door-u\\\/#breadcrumb\"},\"inLanguage\":\"de\",\"potentialAction\":[{\"@type\":\"ReadAction\",\"target\":[\"https:\\\/\\\/primacover.com\\\/de\\\/product\\\/primacover-zipper-door-u\\\/\"]}]},{\"@type\":\"ImageObject\",\"inLanguage\":\"de\",\"@id\":\"https:\\\/\\\/primacover.com\\\/de\\\/product\\\/primacover-zipper-door-u\\\/#primaryimage\",\"url\":\"https:\\\/\\\/primacover.com\\\/wp-content\\\/uploads\\\/2022\\\/05\\\/Zipper-Door-U_P0NZ_s01.png\",\"contentUrl\":\"https:\\\/\\\/primacover.com\\\/wp-content\\\/uploads\\\/2022\\\/05\\\/Zipper-Door-U_P0NZ_s01.png\",\"width\":4800,\"height\":4800},{\"@type\":\"BreadcrumbList\",\"@id\":\"https:\\\/\\\/primacover.com\\\/de\\\/product\\\/primacover-zipper-door-u\\\/#breadcrumb\",\"itemListElement\":[{\"@type\":\"ListItem\",\"position\":1,\"name\":\"Home\",\"item\":\"https:\\\/\\\/primacover.com\\\/de\\\/\"},{\"@type\":\"ListItem\",\"position\":2,\"name\":\"Produkte\",\"item\":\"https:\\\/\\\/primacover.com\\\/de\\\/produkte\\\/\"},{\"@type\":\"ListItem\",\"position\":3,\"name\":\"PrimaCover Zipper Door U\"}]},{\"@type\":\"WebSite\",\"@id\":\"https:\\\/\\\/primacover.com\\\/de\\\/#website\",\"url\":\"https:\\\/\\\/primacover.com\\\/de\\\/\",\"name\":\"PrimaCover\",\"description\":\"afdekvlies-afdekfolie-stofdeuren, coveringmaterials-dustdoors\",\"publisher\":{\"@id\":\"https:\\\/\\\/primacover.com\\\/de\\\/#organization\"},\"potentialAction\":[{\"@type\":\"SearchAction\",\"target\":{\"@type\":\"EntryPoint\",\"urlTemplate\":\"https:\\\/\\\/primacover.com\\\/de\\\/?s={search_term_string}\"},\"query-input\":{\"@type\":\"PropertyValueSpecification\",\"valueRequired\":true,\"valueName\":\"search_term_string\"}}],\"inLanguage\":\"de\"},{\"@type\":\"Organization\",\"@id\":\"https:\\\/\\\/primacover.com\\\/de\\\/#organization\",\"name\":\"PrimaCover\",\"url\":\"https:\\\/\\\/primacover.com\\\/de\\\/\",\"logo\":{\"@type\":\"ImageObject\",\"inLanguage\":\"de\",\"@id\":\"https:\\\/\\\/primacover.com\\\/de\\\/#\\\/schema\\\/logo\\\/image\\\/\",\"url\":\"\",\"contentUrl\":\"\",\"caption\":\"PrimaCover\"},\"image\":{\"@id\":\"https:\\\/\\\/primacover.com\\\/de\\\/#\\\/schema\\\/logo\\\/image\\\/\"},\"sameAs\":[\"https:\\\/\\\/www.facebook.com\\\/PrimaverdeBV\",\"https:\\\/\\\/nl.linkedin.com\\\/company\\\/primaverde\",\"https:\\\/\\\/www.youtube.com\\\/channel\\\/UC3DwQqj8f8tatLdSFA0aWwA\"]}]}<\/script>\n<meta property=\"product:brand\" content=\"PrimaCover\" \/>\n<meta property=\"product:price:currency\" content=\"EUR\" \/>\n<meta property=\"og:availability\" content=\"instock\" \/>\n<meta property=\"product:availability\" content=\"instock\" \/>\n<meta property=\"product:retailer_item_id\" content=\"PC900512\" \/>\n<meta property=\"product:condition\" content=\"new\" \/>\n<!-- \/ Yoast SEO Premium plugin. -->","yoast_head_json":{"title":"Staubschutzt\u00fcr PrimaCover Zipper Door U","description":"PrimaCover Zipper Door U kann mit doppelseitigem Klebeband (nicht mitgeliefert) problemlos an verschiedenen Oberfl\u00e4chen befestigt werden. Durch die extra starke Folie und den aufgen\u00e4hten Reissverschluss ist die PrimaCover Zipper Door U bestens f\u00fcr hochfrequentierte Bereiche und l\u00e4ngere Eins\u00e4tze geeignet.","robots":{"index":"index","follow":"follow","max-snippet":"max-snippet:-1","max-image-preview":"max-image-preview:large","max-video-preview":"max-video-preview:-1"},"canonical":"https:\/\/primacover.com\/de\/product\/primacover-zipper-door-u\/","og_locale":"de_DE","og_type":"article","og_title":"PrimaCover Zipper Door U","og_description":"PrimaCover Zipper Door U kann mit doppelseitigem Klebeband (nicht mitgeliefert) problemlos an verschiedenen Oberfl\u00e4chen befestigt werden. Durch die extra starke Folie und den aufgen\u00e4hten Reissverschluss ist die PrimaCover Zipper Door U bestens f\u00fcr hochfrequentierte Bereiche und l\u00e4ngere Eins\u00e4tze geeignet.","og_url":"https:\/\/primacover.com\/de\/product\/primacover-zipper-door-u\/","og_site_name":"PrimaCover","article_publisher":"https:\/\/www.facebook.com\/PrimaverdeBV","article_modified_time":"2026-04-03T09:37:41+00:00","og_image":[{"width":600,"height":600,"url":"https:\/\/primacover.com\/wp-content\/uploads\/2022\/04\/08719439005129_A1N1_s01.jpg","type":"image\/jpeg"}],"twitter_card":"summary_large_image","twitter_misc":{"Preis":"","Verf\u00fcgbarkeit":"Auf Lager"},"schema":{"@context":"https:\/\/schema.org","@graph":[{"@type":"WebPage","@id":"https:\/\/primacover.com\/de\/product\/primacover-zipper-door-u\/","url":"https:\/\/primacover.com\/de\/product\/primacover-zipper-door-u\/","name":"Staubschutzt\u00fcr PrimaCover Zipper Door U","isPartOf":{"@id":"https:\/\/primacover.com\/de\/#website"},"primaryImageOfPage":{"@id":"https:\/\/primacover.com\/de\/product\/primacover-zipper-door-u\/#primaryimage"},"image":{"@id":"https:\/\/primacover.com\/de\/product\/primacover-zipper-door-u\/#primaryimage"},"thumbnailUrl":"https:\/\/primacover.com\/wp-content\/uploads\/2022\/05\/Zipper-Door-U_P0NZ_s01.png","datePublished":"2022-05-02T10:55:30+00:00","dateModified":"2026-04-03T09:37:41+00:00","description":"PrimaCover Zipper Door U kann mit doppelseitigem Klebeband (nicht mitgeliefert) problemlos an verschiedenen Oberfl\u00e4chen befestigt werden. Durch die extra starke Folie und den aufgen\u00e4hten Reissverschluss ist die PrimaCover Zipper Door U bestens f\u00fcr hochfrequentierte Bereiche und l\u00e4ngere Eins\u00e4tze geeignet.","breadcrumb":{"@id":"https:\/\/primacover.com\/de\/product\/primacover-zipper-door-u\/#breadcrumb"},"inLanguage":"de","potentialAction":[{"@type":"ReadAction","target":["https:\/\/primacover.com\/de\/product\/primacover-zipper-door-u\/"]}]},{"@type":"ImageObject","inLanguage":"de","@id":"https:\/\/primacover.com\/de\/product\/primacover-zipper-door-u\/#primaryimage","url":"https:\/\/primacover.com\/wp-content\/uploads\/2022\/05\/Zipper-Door-U_P0NZ_s01.png","contentUrl":"https:\/\/primacover.com\/wp-content\/uploads\/2022\/05\/Zipper-Door-U_P0NZ_s01.png","width":4800,"height":4800},{"@type":"BreadcrumbList","@id":"https:\/\/primacover.com\/de\/product\/primacover-zipper-door-u\/#breadcrumb","itemListElement":[{"@type":"ListItem","position":1,"name":"Home","item":"https:\/\/primacover.com\/de\/"},{"@type":"ListItem","position":2,"name":"Produkte","item":"https:\/\/primacover.com\/de\/produkte\/"},{"@type":"ListItem","position":3,"name":"PrimaCover Zipper Door U"}]},{"@type":"WebSite","@id":"https:\/\/primacover.com\/de\/#website","url":"https:\/\/primacover.com\/de\/","name":"PrimaCover","description":"afdekvlies-afdekfolie-stofdeuren, coveringmaterials-dustdoors","publisher":{"@id":"https:\/\/primacover.com\/de\/#organization"},"potentialAction":[{"@type":"SearchAction","target":{"@type":"EntryPoint","urlTemplate":"https:\/\/primacover.com\/de\/?s={search_term_string}"},"query-input":{"@type":"PropertyValueSpecification","valueRequired":true,"valueName":"search_term_string"}}],"inLanguage":"de"},{"@type":"Organization","@id":"https:\/\/primacover.com\/de\/#organization","name":"PrimaCover","url":"https:\/\/primacover.com\/de\/","logo":{"@type":"ImageObject","inLanguage":"de","@id":"https:\/\/primacover.com\/de\/#\/schema\/logo\/image\/","url":"","contentUrl":"","caption":"PrimaCover"},"image":{"@id":"https:\/\/primacover.com\/de\/#\/schema\/logo\/image\/"},"sameAs":["https:\/\/www.facebook.com\/PrimaverdeBV","https:\/\/nl.linkedin.com\/company\/primaverde","https:\/\/www.youtube.com\/channel\/UC3DwQqj8f8tatLdSFA0aWwA"]}]},"product_brand":"PrimaCover","product_price_currency":"EUR","og_availability":"instock","product_availability":"instock","product_retailer_item_id":"PC900512","product_condition":"new"},"_links":{"self":[{"href":"https:\/\/primacover.com\/de\/wp-json\/wp\/v2\/product\/131730","targetHints":{"allow":["GET"]}}],"collection":[{"href":"https:\/\/primacover.com\/de\/wp-json\/wp\/v2\/product"}],"about":[{"href":"https:\/\/primacover.com\/de\/wp-json\/wp\/v2\/types\/product"}],"wp:featuredmedia":[{"embeddable":true,"href":"https:\/\/primacover.com\/de\/wp-json\/wp\/v2\/media\/139021"}],"wp:attachment":[{"href":"https:\/\/primacover.com\/de\/wp-json\/wp\/v2\/media?parent=131730"}],"wp:term":[{"taxonomy":"product_brand","embeddable":true,"href":"https:\/\/primacover.com\/de\/wp-json\/wp\/v2\/product_brand?post=131730"},{"taxonomy":"product_cat","embeddable":true,"href":"https:\/\/primacover.com\/de\/wp-json\/wp\/v2\/product_cat?post=131730"},{"taxonomy":"product_tag","embeddable":true,"href":"https:\/\/primacover.com\/de\/wp-json\/wp\/v2\/product_tag?post=131730"}],"curies":[{"name":"wp","href":"https:\/\/api.w.org\/{rel}","templated":true}]}}