{"id":134113,"date":"2023-01-20T14:26:44","date_gmt":"2023-01-20T13:26:44","guid":{"rendered":"https:\/\/primacover.com\/?post_type=product&#038;p=134113"},"modified":"2026-04-03T11:32:31","modified_gmt":"2026-04-03T09:32:31","slug":"primacover-lite","status":"publish","type":"product","link":"https:\/\/primacover.com\/de\/product\/primacover-lite\/","title":{"rendered":"PrimaCover Lite"},"content":{"rendered":"<h2>PRIMACOVER LITE<\/h2>\n<p>PrimaCover Lite ist ein selbsthaftendes, leichtes Abdeckvlies. Es sch\u00fctzt bei der Montage, beim Malen und bei anderen allgemeinen Anwendungen. Die fl\u00fcssigkeitsdichte Deckschicht verhindert das Eindringen von Farbe und Schmutz. Die weiche Unterschicht aus Polyestervlies sch\u00fctzt vor leichten bis mittleren Sch\u00e4den.<\/p>\n<p><strong>Eigenschaften:<\/strong><\/p>\n<ul>\n<li>Fl\u00fcssigkeitsdicht<\/li>\n<li>Selbsthaftend<\/li>\n<li>Wiederverwendbar<\/li>\n<li>Hergestellt aus recycelten Polyesterfasern<\/li>\n<\/ul>\n<p><strong>Anwendung:<\/strong><\/p>\n<ul>\n<li>F\u00fcr vollst\u00e4ndig trockene Hartb\u00f6den<\/li>\n<\/ul>\n<p><strong>Anleitung:<\/strong><\/p>\n<ul>\n<li>Eignung des Produktes im Voraus testen.<\/li>\n<li>Fussbodenheizung  vor der Verlegung ausschalten.<\/li>\n<\/ul>\n","protected":false},"excerpt":{"rendered":"<h2>PRIMACOVER LITE<\/h2>\n","protected":false},"featured_media":134189,"menu_order":14,"template":"","meta":{"generate_page_header":""},"product_brand":[],"product_cat":[459],"product_tag":[3397,3119],"class_list":{"0":"post-134113","1":"product","2":"type-product","3":"status-publish","4":"has-post-thumbnail","6":"product_cat-abdeckvlies","7":"product_tag-bestehend-durchgetrocknet-enthalt-keine-feuchtigkeit","8":"product_tag-selbsthaftend-de","9":"pa_breedte-0-65-de","10":"pa_breedte-1-de","11":"pa_breedte-2-de","12":"pa_eenheid-m-de-2","13":"pa_foliedikte-40-de","14":"pa_frame-0-de","15":"pa_lengte-25-de-2","16":"pa_lengte-50-de-2","17":"pa_matten30-0-0x30-de","18":"pa_merk-primacover-de-2","19":"pa_objecttypen-boden","20":"pa_objecttypen-treppe","21":"pa_ondergrond-beton-fertigelementen","22":"pa_ondergrond-gussboden-kunststoff","23":"pa_ondergrond-gussboden-zement","24":"pa_ondergrond-holz","25":"pa_ondergrond-keramik-fliese","26":"pa_ondergrond-kunststoff","27":"pa_ondergrond-laminat","28":"pa_ondergrond-linoleum-de","29":"pa_ondergrond-naturstein","30":"pa_ondergrond-parkett","31":"pa_ondergrond-pvc-polyurethan-oberschicht","32":"pa_ondergrond-vinyl-de","33":"","34":"woocommerce-text-align-center","35":"woocommerce-image-align-center","36":"do-quantity-buttons","38":"first","39":"instock","40":"shipping-taxable","41":"product-type-simple"},"yoast_head":"<!-- This site is optimized with the Yoast SEO Premium plugin v26.7 (Yoast SEO v27.3) - https:\/\/yoast.com\/product\/yoast-seo-premium-wordpress\/ -->\n<title>Abdeckvlies PrimaCover Lite<\/title>\n<meta name=\"description\" content=\"PrimaCover Lite ist ein Abdeckvlies das w\u00e4hrend der Bauphase einen hervorragenden Schutz gegen Schmutz, Feuchtigkeit, Rollmaterial und fallenden Werkzeugen bietet.\" \/>\n<meta name=\"robots\" content=\"index, follow, max-snippet:-1, max-image-preview:large, max-video-preview:-1\" \/>\n<link rel=\"canonical\" href=\"https:\/\/primacover.com\/de\/product\/primacover-lite\/\" \/>\n<meta property=\"og:locale\" content=\"de_DE\" \/>\n<meta property=\"og:type\" content=\"article\" \/>\n<meta property=\"og:title\" content=\"PrimaCover Lite\" \/>\n<meta property=\"og:description\" content=\"PrimaCover Lite ist ein Abdeckvlies das w\u00e4hrend der Bauphase einen hervorragenden Schutz gegen Schmutz, Feuchtigkeit, Rollmaterial und fallenden Werkzeugen bietet.\" \/>\n<meta property=\"og:url\" content=\"https:\/\/primacover.com\/de\/product\/primacover-lite\/\" \/>\n<meta property=\"og:site_name\" content=\"PrimaCover\" \/>\n<meta property=\"article:publisher\" content=\"https:\/\/www.facebook.com\/PrimaverdeBV\" \/>\n<meta property=\"article:modified_time\" content=\"2026-04-03T09:32:31+00:00\" \/>\n<meta property=\"og:image\" content=\"https:\/\/primacover.com\/wp-content\/uploads\/2023\/01\/Lite_P0NZ_s01.png\" \/>\n\t<meta property=\"og:image:width\" content=\"625\" \/>\n\t<meta property=\"og:image:height\" content=\"625\" \/>\n\t<meta property=\"og:image:type\" content=\"image\/png\" \/>\n<meta name=\"twitter:card\" content=\"summary_large_image\" \/>\n<meta name=\"twitter:label1\" content=\"Preis\" \/>\n\t<meta name=\"twitter:data1\" content=\"\" \/>\n\t<meta name=\"twitter:label2\" content=\"Verf\u00fcgbarkeit\" \/>\n\t<meta name=\"twitter:data2\" content=\"Auf Lager\" \/>\n<script type=\"application\/ld+json\" class=\"yoast-schema-graph\">{\"@context\":\"https:\\\/\\\/schema.org\",\"@graph\":[{\"@type\":\"WebPage\",\"@id\":\"https:\\\/\\\/primacover.com\\\/de\\\/product\\\/primacover-lite\\\/\",\"url\":\"https:\\\/\\\/primacover.com\\\/de\\\/product\\\/primacover-lite\\\/\",\"name\":\"Abdeckvlies PrimaCover Lite\",\"isPartOf\":{\"@id\":\"https:\\\/\\\/primacover.com\\\/de\\\/#website\"},\"primaryImageOfPage\":{\"@id\":\"https:\\\/\\\/primacover.com\\\/de\\\/product\\\/primacover-lite\\\/#primaryimage\"},\"image\":{\"@id\":\"https:\\\/\\\/primacover.com\\\/de\\\/product\\\/primacover-lite\\\/#primaryimage\"},\"thumbnailUrl\":\"https:\\\/\\\/primacover.com\\\/wp-content\\\/uploads\\\/2023\\\/01\\\/Lite_P0NZ_s01.png\",\"datePublished\":\"2023-01-20T13:26:44+00:00\",\"dateModified\":\"2026-04-03T09:32:31+00:00\",\"description\":\"PrimaCover Lite ist ein Abdeckvlies das w\u00e4hrend der Bauphase einen hervorragenden Schutz gegen Schmutz, Feuchtigkeit, Rollmaterial und fallenden Werkzeugen bietet.\",\"breadcrumb\":{\"@id\":\"https:\\\/\\\/primacover.com\\\/de\\\/product\\\/primacover-lite\\\/#breadcrumb\"},\"inLanguage\":\"de\",\"potentialAction\":[{\"@type\":\"ReadAction\",\"target\":[\"https:\\\/\\\/primacover.com\\\/de\\\/product\\\/primacover-lite\\\/\"]}]},{\"@type\":\"ImageObject\",\"inLanguage\":\"de\",\"@id\":\"https:\\\/\\\/primacover.com\\\/de\\\/product\\\/primacover-lite\\\/#primaryimage\",\"url\":\"https:\\\/\\\/primacover.com\\\/wp-content\\\/uploads\\\/2023\\\/01\\\/Lite_P0NZ_s01.png\",\"contentUrl\":\"https:\\\/\\\/primacover.com\\\/wp-content\\\/uploads\\\/2023\\\/01\\\/Lite_P0NZ_s01.png\",\"width\":625,\"height\":625,\"caption\":\"PrimaCover Lite 600x600 roll entree\"},{\"@type\":\"BreadcrumbList\",\"@id\":\"https:\\\/\\\/primacover.com\\\/de\\\/product\\\/primacover-lite\\\/#breadcrumb\",\"itemListElement\":[{\"@type\":\"ListItem\",\"position\":1,\"name\":\"Home\",\"item\":\"https:\\\/\\\/primacover.com\\\/de\\\/\"},{\"@type\":\"ListItem\",\"position\":2,\"name\":\"Produkte\",\"item\":\"https:\\\/\\\/primacover.com\\\/de\\\/produkte\\\/\"},{\"@type\":\"ListItem\",\"position\":3,\"name\":\"PrimaCover Lite\"}]},{\"@type\":\"WebSite\",\"@id\":\"https:\\\/\\\/primacover.com\\\/de\\\/#website\",\"url\":\"https:\\\/\\\/primacover.com\\\/de\\\/\",\"name\":\"PrimaCover\",\"description\":\"afdekvlies-afdekfolie-stofdeuren, coveringmaterials-dustdoors\",\"publisher\":{\"@id\":\"https:\\\/\\\/primacover.com\\\/de\\\/#organization\"},\"potentialAction\":[{\"@type\":\"SearchAction\",\"target\":{\"@type\":\"EntryPoint\",\"urlTemplate\":\"https:\\\/\\\/primacover.com\\\/de\\\/?s={search_term_string}\"},\"query-input\":{\"@type\":\"PropertyValueSpecification\",\"valueRequired\":true,\"valueName\":\"search_term_string\"}}],\"inLanguage\":\"de\"},{\"@type\":\"Organization\",\"@id\":\"https:\\\/\\\/primacover.com\\\/de\\\/#organization\",\"name\":\"PrimaCover\",\"url\":\"https:\\\/\\\/primacover.com\\\/de\\\/\",\"logo\":{\"@type\":\"ImageObject\",\"inLanguage\":\"de\",\"@id\":\"https:\\\/\\\/primacover.com\\\/de\\\/#\\\/schema\\\/logo\\\/image\\\/\",\"url\":\"\",\"contentUrl\":\"\",\"caption\":\"PrimaCover\"},\"image\":{\"@id\":\"https:\\\/\\\/primacover.com\\\/de\\\/#\\\/schema\\\/logo\\\/image\\\/\"},\"sameAs\":[\"https:\\\/\\\/www.facebook.com\\\/PrimaverdeBV\",\"https:\\\/\\\/nl.linkedin.com\\\/company\\\/primaverde\",\"https:\\\/\\\/www.youtube.com\\\/channel\\\/UC3DwQqj8f8tatLdSFA0aWwA\"]}]}<\/script>\n<meta property=\"product:brand\" content=\"PrimaCover\" \/>\n<meta property=\"product:price:currency\" content=\"EUR\" \/>\n<meta property=\"og:availability\" content=\"instock\" \/>\n<meta property=\"product:availability\" content=\"instock\" \/>\n<meta property=\"product:retailer_item_id\" content=\"PC900718\" \/>\n<meta property=\"product:condition\" content=\"new\" \/>\n<!-- \/ Yoast SEO Premium plugin. -->","yoast_head_json":{"title":"Abdeckvlies PrimaCover Lite","description":"PrimaCover Lite ist ein Abdeckvlies das w\u00e4hrend der Bauphase einen hervorragenden Schutz gegen Schmutz, Feuchtigkeit, Rollmaterial und fallenden Werkzeugen bietet.","robots":{"index":"index","follow":"follow","max-snippet":"max-snippet:-1","max-image-preview":"max-image-preview:large","max-video-preview":"max-video-preview:-1"},"canonical":"https:\/\/primacover.com\/de\/product\/primacover-lite\/","og_locale":"de_DE","og_type":"article","og_title":"PrimaCover Lite","og_description":"PrimaCover Lite ist ein Abdeckvlies das w\u00e4hrend der Bauphase einen hervorragenden Schutz gegen Schmutz, Feuchtigkeit, Rollmaterial und fallenden Werkzeugen bietet.","og_url":"https:\/\/primacover.com\/de\/product\/primacover-lite\/","og_site_name":"PrimaCover","article_publisher":"https:\/\/www.facebook.com\/PrimaverdeBV","article_modified_time":"2026-04-03T09:32:31+00:00","og_image":[{"width":625,"height":625,"url":"https:\/\/primacover.com\/wp-content\/uploads\/2023\/01\/Lite_P0NZ_s01.png","type":"image\/png"}],"twitter_card":"summary_large_image","twitter_misc":{"Preis":"","Verf\u00fcgbarkeit":"Auf Lager"},"schema":{"@context":"https:\/\/schema.org","@graph":[{"@type":"WebPage","@id":"https:\/\/primacover.com\/de\/product\/primacover-lite\/","url":"https:\/\/primacover.com\/de\/product\/primacover-lite\/","name":"Abdeckvlies PrimaCover Lite","isPartOf":{"@id":"https:\/\/primacover.com\/de\/#website"},"primaryImageOfPage":{"@id":"https:\/\/primacover.com\/de\/product\/primacover-lite\/#primaryimage"},"image":{"@id":"https:\/\/primacover.com\/de\/product\/primacover-lite\/#primaryimage"},"thumbnailUrl":"https:\/\/primacover.com\/wp-content\/uploads\/2023\/01\/Lite_P0NZ_s01.png","datePublished":"2023-01-20T13:26:44+00:00","dateModified":"2026-04-03T09:32:31+00:00","description":"PrimaCover Lite ist ein Abdeckvlies das w\u00e4hrend der Bauphase einen hervorragenden Schutz gegen Schmutz, Feuchtigkeit, Rollmaterial und fallenden Werkzeugen bietet.","breadcrumb":{"@id":"https:\/\/primacover.com\/de\/product\/primacover-lite\/#breadcrumb"},"inLanguage":"de","potentialAction":[{"@type":"ReadAction","target":["https:\/\/primacover.com\/de\/product\/primacover-lite\/"]}]},{"@type":"ImageObject","inLanguage":"de","@id":"https:\/\/primacover.com\/de\/product\/primacover-lite\/#primaryimage","url":"https:\/\/primacover.com\/wp-content\/uploads\/2023\/01\/Lite_P0NZ_s01.png","contentUrl":"https:\/\/primacover.com\/wp-content\/uploads\/2023\/01\/Lite_P0NZ_s01.png","width":625,"height":625,"caption":"PrimaCover Lite 600x600 roll entree"},{"@type":"BreadcrumbList","@id":"https:\/\/primacover.com\/de\/product\/primacover-lite\/#breadcrumb","itemListElement":[{"@type":"ListItem","position":1,"name":"Home","item":"https:\/\/primacover.com\/de\/"},{"@type":"ListItem","position":2,"name":"Produkte","item":"https:\/\/primacover.com\/de\/produkte\/"},{"@type":"ListItem","position":3,"name":"PrimaCover Lite"}]},{"@type":"WebSite","@id":"https:\/\/primacover.com\/de\/#website","url":"https:\/\/primacover.com\/de\/","name":"PrimaCover","description":"afdekvlies-afdekfolie-stofdeuren, coveringmaterials-dustdoors","publisher":{"@id":"https:\/\/primacover.com\/de\/#organization"},"potentialAction":[{"@type":"SearchAction","target":{"@type":"EntryPoint","urlTemplate":"https:\/\/primacover.com\/de\/?s={search_term_string}"},"query-input":{"@type":"PropertyValueSpecification","valueRequired":true,"valueName":"search_term_string"}}],"inLanguage":"de"},{"@type":"Organization","@id":"https:\/\/primacover.com\/de\/#organization","name":"PrimaCover","url":"https:\/\/primacover.com\/de\/","logo":{"@type":"ImageObject","inLanguage":"de","@id":"https:\/\/primacover.com\/de\/#\/schema\/logo\/image\/","url":"","contentUrl":"","caption":"PrimaCover"},"image":{"@id":"https:\/\/primacover.com\/de\/#\/schema\/logo\/image\/"},"sameAs":["https:\/\/www.facebook.com\/PrimaverdeBV","https:\/\/nl.linkedin.com\/company\/primaverde","https:\/\/www.youtube.com\/channel\/UC3DwQqj8f8tatLdSFA0aWwA"]}]},"product_brand":"PrimaCover","product_price_currency":"EUR","og_availability":"instock","product_availability":"instock","product_retailer_item_id":"PC900718","product_condition":"new"},"_links":{"self":[{"href":"https:\/\/primacover.com\/de\/wp-json\/wp\/v2\/product\/134113","targetHints":{"allow":["GET"]}}],"collection":[{"href":"https:\/\/primacover.com\/de\/wp-json\/wp\/v2\/product"}],"about":[{"href":"https:\/\/primacover.com\/de\/wp-json\/wp\/v2\/types\/product"}],"wp:featuredmedia":[{"embeddable":true,"href":"https:\/\/primacover.com\/de\/wp-json\/wp\/v2\/media\/134189"}],"wp:attachment":[{"href":"https:\/\/primacover.com\/de\/wp-json\/wp\/v2\/media?parent=134113"}],"wp:term":[{"taxonomy":"product_brand","embeddable":true,"href":"https:\/\/primacover.com\/de\/wp-json\/wp\/v2\/product_brand?post=134113"},{"taxonomy":"product_cat","embeddable":true,"href":"https:\/\/primacover.com\/de\/wp-json\/wp\/v2\/product_cat?post=134113"},{"taxonomy":"product_tag","embeddable":true,"href":"https:\/\/primacover.com\/de\/wp-json\/wp\/v2\/product_tag?post=134113"}],"curies":[{"name":"wp","href":"https:\/\/api.w.org\/{rel}","templated":true}]}}