{"id":137833,"date":"2024-06-27T15:56:52","date_gmt":"2024-06-27T13:56:52","guid":{"rendered":"https:\/\/primacover.com\/product\/primacover-cutter-premium\/"},"modified":"2026-04-03T11:35:58","modified_gmt":"2026-04-03T09:35:58","slug":"primacover-cutter-premium","status":"publish","type":"product","link":"https:\/\/primacover.com\/de\/product\/primacover-cutter-premium\/","title":{"rendered":"PrimaCover Cutter Premium"},"content":{"rendered":"<h2>PrimaCover Cutter Premium Folien- und Vliesmesser<\/h2>\n<p>PrimaCover Cutter Premium ist ein ergonomisches Sicherheitsmesser zum Schneiden einer Vielzahl von Materialien, sowohl dicker als auch d\u00fcnner. Es schneidet m\u00fchelos durch Abdeckvliese, Schutzfolien, B\u00e4nder, Filz und Karton. Dank seiner ergonomischen Form liegt das Messer fest und bequem in der Hand. <\/p>\n<p>Jedes PrimaCover Cutter Premium wird standardm\u00e4\u00dfig mit zwei Klingen geliefert, einschlie\u00dflich einer Ersatzklinge im Griff. Da jede Klinge \u00fcber zwei scharfe Seiten verf\u00fcgt, haben Sie somit immer 4 Schneidekanten.<\/p>\n<p><strong>Eigenschaften:<\/strong><\/p>\n<ul>\n<li>Robuster Klingenkopf<\/li>\n<li>Ersatzklinge im Griff<\/li>\n<li>Ergonomisch geformt<\/li>\n<li>Leichtes Gewicht (38 gr.)<\/li>\n<li>GS-Zertifikat: S 60169808<\/li>\n<li>Abmessungen (LxBxH): 152mm x 12mm x 40mm<\/li>\n<\/ul>\n<p><strong>Anwendung:<\/strong><\/p>\n<ul>\n<li>Zum Schneiden einer Vielzahl von Materialien, von Abdeckvlies bis zu Karton ( inklusive Filz)<\/li>\n<\/ul>\n<p><strong>Anleitung:<\/strong><\/p>\n<ul>\n<li>Der PrimaCover Cutter Premium ist scharf. Wechseln Sie das Schneidemesser regelm\u00e4\u00dfig aus, um eine optimale Schneideleistung zu gew\u00e4hrleisten.<\/li>\n<li>Klinge auswechseln: \u00d6ffnen Sie den Griff an der Oberseite, um das Magazin mit der Ersatzklinge zu entriegeln, und entriegeln Sie gleichzeitig den robusten Klingenkopf, so dass Sie die Klinge schnell und m\u00fchelos austauschen k\u00f6nnen.<\/li>\n<\/ul>\n","protected":false},"excerpt":{"rendered":"<p>PrimaCover Cutter Premium Folien- und Vliesmesser PrimaCover Cutter Premium ist ein ergonomisches Sicherheitsmesser zum Schneiden einer Vielzahl von Materialien, sowohl<\/p>\n","protected":false},"featured_media":139064,"menu_order":4,"template":"","meta":{"generate_page_header":""},"product_brand":[],"product_cat":[1753],"product_tag":[],"class_list":{"0":"post-137833","1":"product","2":"type-product","3":"status-publish","4":"has-post-thumbnail","6":"product_cat-zubehoer","7":"","8":"woocommerce-text-align-center","9":"woocommerce-image-align-center","10":"do-quantity-buttons","12":"first","13":"instock","14":"shipping-taxable","15":"product-type-simple"},"yoast_head":"<!-- This site is optimized with the Yoast SEO Premium plugin v26.7 (Yoast SEO v27.2) - https:\/\/yoast.com\/product\/yoast-seo-premium-wordpress\/ -->\n<title>PrimaCover Cutter Premium<\/title>\n<meta name=\"robots\" content=\"index, follow, max-snippet:-1, max-image-preview:large, max-video-preview:-1\" \/>\n<link rel=\"canonical\" href=\"https:\/\/primacover.com\/de\/product\/primacover-cutter-premium\/\" \/>\n<meta property=\"og:locale\" content=\"de_DE\" \/>\n<meta property=\"og:type\" content=\"article\" \/>\n<meta property=\"og:title\" content=\"PrimaCover Cutter Premium\" \/>\n<meta property=\"og:description\" content=\"PrimaCover Cutter Premium Folien- und Vliesmesser PrimaCover Cutter Premium ist ein ergonomisches Sicherheitsmesser zum Schneiden einer Vielzahl von Materialien, sowohl\" \/>\n<meta property=\"og:url\" content=\"https:\/\/primacover.com\/de\/product\/primacover-cutter-premium\/\" \/>\n<meta property=\"og:site_name\" content=\"PrimaCover\" \/>\n<meta property=\"article:publisher\" content=\"https:\/\/www.facebook.com\/PrimaverdeBV\" \/>\n<meta property=\"article:modified_time\" content=\"2026-04-03T09:35:58+00:00\" \/>\n<meta property=\"og:image\" content=\"https:\/\/primacover.com\/wp-content\/uploads\/2024\/06\/08719439007673_A1N0_s01.jpg\" \/>\n\t<meta property=\"og:image:width\" content=\"600\" \/>\n\t<meta property=\"og:image:height\" content=\"600\" \/>\n\t<meta property=\"og:image:type\" content=\"image\/jpeg\" \/>\n<meta name=\"twitter:card\" content=\"summary_large_image\" \/>\n<meta name=\"twitter:label1\" content=\"Preis\" \/>\n\t<meta name=\"twitter:data1\" content=\"\" \/>\n\t<meta name=\"twitter:label2\" content=\"Verf\u00fcgbarkeit\" \/>\n\t<meta name=\"twitter:data2\" content=\"Auf Lager\" \/>\n<script type=\"application\/ld+json\" class=\"yoast-schema-graph\">{\"@context\":\"https:\/\/schema.org\",\"@graph\":[{\"@type\":\"WebPage\",\"@id\":\"https:\/\/primacover.com\/de\/product\/primacover-cutter-premium\/\",\"url\":\"https:\/\/primacover.com\/de\/product\/primacover-cutter-premium\/\",\"name\":\"PrimaCover Cutter Premium\",\"isPartOf\":{\"@id\":\"https:\/\/primacover.com\/de\/#website\"},\"primaryImageOfPage\":{\"@id\":\"https:\/\/primacover.com\/de\/product\/primacover-cutter-premium\/#primaryimage\"},\"image\":{\"@id\":\"https:\/\/primacover.com\/de\/product\/primacover-cutter-premium\/#primaryimage\"},\"thumbnailUrl\":\"https:\/\/primacover.com\/wp-content\/uploads\/2024\/06\/Cutter-Premium_P0NZ_s01.jpg\",\"datePublished\":\"2024-06-27T13:56:52+00:00\",\"dateModified\":\"2026-04-03T09:35:58+00:00\",\"breadcrumb\":{\"@id\":\"https:\/\/primacover.com\/de\/product\/primacover-cutter-premium\/#breadcrumb\"},\"inLanguage\":\"de\",\"potentialAction\":[{\"@type\":\"ReadAction\",\"target\":[\"https:\/\/primacover.com\/de\/product\/primacover-cutter-premium\/\"]}]},{\"@type\":\"ImageObject\",\"inLanguage\":\"de\",\"@id\":\"https:\/\/primacover.com\/de\/product\/primacover-cutter-premium\/#primaryimage\",\"url\":\"https:\/\/primacover.com\/wp-content\/uploads\/2024\/06\/Cutter-Premium_P0NZ_s01.jpg\",\"contentUrl\":\"https:\/\/primacover.com\/wp-content\/uploads\/2024\/06\/Cutter-Premium_P0NZ_s01.jpg\",\"width\":600,\"height\":600,\"caption\":\"PrimaCover Cutter Premium Praktijkfoto 01\"},{\"@type\":\"BreadcrumbList\",\"@id\":\"https:\/\/primacover.com\/de\/product\/primacover-cutter-premium\/#breadcrumb\",\"itemListElement\":[{\"@type\":\"ListItem\",\"position\":1,\"name\":\"Home\",\"item\":\"https:\/\/primacover.com\/de\/\"},{\"@type\":\"ListItem\",\"position\":2,\"name\":\"Produkte\",\"item\":\"https:\/\/primacover.com\/de\/produkte\/\"},{\"@type\":\"ListItem\",\"position\":3,\"name\":\"PrimaCover Cutter Premium\"}]},{\"@type\":\"WebSite\",\"@id\":\"https:\/\/primacover.com\/de\/#website\",\"url\":\"https:\/\/primacover.com\/de\/\",\"name\":\"PrimaCover\",\"description\":\"afdekvlies-afdekfolie-stofdeuren, coveringmaterials-dustdoors\",\"publisher\":{\"@id\":\"https:\/\/primacover.com\/de\/#organization\"},\"potentialAction\":[{\"@type\":\"SearchAction\",\"target\":{\"@type\":\"EntryPoint\",\"urlTemplate\":\"https:\/\/primacover.com\/de\/?s={search_term_string}\"},\"query-input\":{\"@type\":\"PropertyValueSpecification\",\"valueRequired\":true,\"valueName\":\"search_term_string\"}}],\"inLanguage\":\"de\"},{\"@type\":\"Organization\",\"@id\":\"https:\/\/primacover.com\/de\/#organization\",\"name\":\"PrimaCover\",\"url\":\"https:\/\/primacover.com\/de\/\",\"logo\":{\"@type\":\"ImageObject\",\"inLanguage\":\"de\",\"@id\":\"https:\/\/primacover.com\/de\/#\/schema\/logo\/image\/\",\"url\":\"\",\"contentUrl\":\"\",\"caption\":\"PrimaCover\"},\"image\":{\"@id\":\"https:\/\/primacover.com\/de\/#\/schema\/logo\/image\/\"},\"sameAs\":[\"https:\/\/www.facebook.com\/PrimaverdeBV\",\"https:\/\/nl.linkedin.com\/company\/primaverde\",\"https:\/\/www.youtube.com\/channel\/UC3DwQqj8f8tatLdSFA0aWwA\"]}]}<\/script>\n<meta property=\"product:price:currency\" content=\"EUR\" \/>\n<meta property=\"og:availability\" content=\"instock\" \/>\n<meta property=\"product:availability\" content=\"instock\" \/>\n<meta property=\"product:condition\" content=\"new\" \/>\n<!-- \/ Yoast SEO Premium plugin. -->","yoast_head_json":{"title":"PrimaCover Cutter Premium","robots":{"index":"index","follow":"follow","max-snippet":"max-snippet:-1","max-image-preview":"max-image-preview:large","max-video-preview":"max-video-preview:-1"},"canonical":"https:\/\/primacover.com\/de\/product\/primacover-cutter-premium\/","og_locale":"de_DE","og_type":"article","og_title":"PrimaCover Cutter Premium","og_description":"PrimaCover Cutter Premium Folien- und Vliesmesser PrimaCover Cutter Premium ist ein ergonomisches Sicherheitsmesser zum Schneiden einer Vielzahl von Materialien, sowohl","og_url":"https:\/\/primacover.com\/de\/product\/primacover-cutter-premium\/","og_site_name":"PrimaCover","article_publisher":"https:\/\/www.facebook.com\/PrimaverdeBV","article_modified_time":"2026-04-03T09:35:58+00:00","og_image":[{"width":600,"height":600,"url":"https:\/\/primacover.com\/wp-content\/uploads\/2024\/06\/08719439007673_A1N0_s01.jpg","type":"image\/jpeg"}],"twitter_card":"summary_large_image","twitter_misc":{"Preis":"","Verf\u00fcgbarkeit":"Auf Lager"},"schema":{"@context":"https:\/\/schema.org","@graph":[{"@type":"WebPage","@id":"https:\/\/primacover.com\/de\/product\/primacover-cutter-premium\/","url":"https:\/\/primacover.com\/de\/product\/primacover-cutter-premium\/","name":"PrimaCover Cutter Premium","isPartOf":{"@id":"https:\/\/primacover.com\/de\/#website"},"primaryImageOfPage":{"@id":"https:\/\/primacover.com\/de\/product\/primacover-cutter-premium\/#primaryimage"},"image":{"@id":"https:\/\/primacover.com\/de\/product\/primacover-cutter-premium\/#primaryimage"},"thumbnailUrl":"https:\/\/primacover.com\/wp-content\/uploads\/2024\/06\/Cutter-Premium_P0NZ_s01.jpg","datePublished":"2024-06-27T13:56:52+00:00","dateModified":"2026-04-03T09:35:58+00:00","breadcrumb":{"@id":"https:\/\/primacover.com\/de\/product\/primacover-cutter-premium\/#breadcrumb"},"inLanguage":"de","potentialAction":[{"@type":"ReadAction","target":["https:\/\/primacover.com\/de\/product\/primacover-cutter-premium\/"]}]},{"@type":"ImageObject","inLanguage":"de","@id":"https:\/\/primacover.com\/de\/product\/primacover-cutter-premium\/#primaryimage","url":"https:\/\/primacover.com\/wp-content\/uploads\/2024\/06\/Cutter-Premium_P0NZ_s01.jpg","contentUrl":"https:\/\/primacover.com\/wp-content\/uploads\/2024\/06\/Cutter-Premium_P0NZ_s01.jpg","width":600,"height":600,"caption":"PrimaCover Cutter Premium Praktijkfoto 01"},{"@type":"BreadcrumbList","@id":"https:\/\/primacover.com\/de\/product\/primacover-cutter-premium\/#breadcrumb","itemListElement":[{"@type":"ListItem","position":1,"name":"Home","item":"https:\/\/primacover.com\/de\/"},{"@type":"ListItem","position":2,"name":"Produkte","item":"https:\/\/primacover.com\/de\/produkte\/"},{"@type":"ListItem","position":3,"name":"PrimaCover Cutter Premium"}]},{"@type":"WebSite","@id":"https:\/\/primacover.com\/de\/#website","url":"https:\/\/primacover.com\/de\/","name":"PrimaCover","description":"afdekvlies-afdekfolie-stofdeuren, coveringmaterials-dustdoors","publisher":{"@id":"https:\/\/primacover.com\/de\/#organization"},"potentialAction":[{"@type":"SearchAction","target":{"@type":"EntryPoint","urlTemplate":"https:\/\/primacover.com\/de\/?s={search_term_string}"},"query-input":{"@type":"PropertyValueSpecification","valueRequired":true,"valueName":"search_term_string"}}],"inLanguage":"de"},{"@type":"Organization","@id":"https:\/\/primacover.com\/de\/#organization","name":"PrimaCover","url":"https:\/\/primacover.com\/de\/","logo":{"@type":"ImageObject","inLanguage":"de","@id":"https:\/\/primacover.com\/de\/#\/schema\/logo\/image\/","url":"","contentUrl":"","caption":"PrimaCover"},"image":{"@id":"https:\/\/primacover.com\/de\/#\/schema\/logo\/image\/"},"sameAs":["https:\/\/www.facebook.com\/PrimaverdeBV","https:\/\/nl.linkedin.com\/company\/primaverde","https:\/\/www.youtube.com\/channel\/UC3DwQqj8f8tatLdSFA0aWwA"]}]},"product_price_currency":"EUR","og_availability":"instock","product_availability":"instock","product_condition":"new"},"_links":{"self":[{"href":"https:\/\/primacover.com\/de\/wp-json\/wp\/v2\/product\/137833","targetHints":{"allow":["GET"]}}],"collection":[{"href":"https:\/\/primacover.com\/de\/wp-json\/wp\/v2\/product"}],"about":[{"href":"https:\/\/primacover.com\/de\/wp-json\/wp\/v2\/types\/product"}],"wp:featuredmedia":[{"embeddable":true,"href":"https:\/\/primacover.com\/de\/wp-json\/wp\/v2\/media\/139064"}],"wp:attachment":[{"href":"https:\/\/primacover.com\/de\/wp-json\/wp\/v2\/media?parent=137833"}],"wp:term":[{"taxonomy":"product_brand","embeddable":true,"href":"https:\/\/primacover.com\/de\/wp-json\/wp\/v2\/product_brand?post=137833"},{"taxonomy":"product_cat","embeddable":true,"href":"https:\/\/primacover.com\/de\/wp-json\/wp\/v2\/product_cat?post=137833"},{"taxonomy":"product_tag","embeddable":true,"href":"https:\/\/primacover.com\/de\/wp-json\/wp\/v2\/product_tag?post=137833"}],"curies":[{"name":"wp","href":"https:\/\/api.w.org\/{rel}","templated":true}]}}