{"id":138637,"date":"2024-09-27T14:21:49","date_gmt":"2024-09-27T12:21:49","guid":{"rendered":"https:\/\/primacover.com\/product\/primacover-magnetic-door-a\/"},"modified":"2026-04-03T11:36:23","modified_gmt":"2026-04-03T09:36:23","slug":"primacover-magnetic-door-a","status":"publish","type":"product","link":"https:\/\/primacover.com\/de\/product\/primacover-magnetic-door-a\/","title":{"rendered":"PrimaCover Magnetic Door A"},"content":{"rendered":"<h2>Staubschutzt\u00fcr mit Magnetverschluss<\/h2>\n<p>Verwandeln Sie jeden Durchgang im Handumdrehen mit der PrimaCover Magnetic Staubschutzt\u00fcr! Dank des innovativen A-Magnet-Verschlusses l\u00e4sst sich diese Staubschutzt\u00fcr m\u00fchelos und hands-free bedienen. PrimaCover Magnetic l\u00e4sst sich einfach mit Klebeband auf verschiedenen Untergr\u00fcnden befestigen. Perfekt f\u00fcr jede Baustelle, wo Effizienz und Komfort entscheidend sind.<\/p>\n<p><strong>Eigenschaften:<\/strong><\/p>\n<ul>\n<li>Sch\u00fctzt T\u00fcr- und Wand\u00f6ffnungen bis zu 1,20 x 2,40 m vor Schmutz und Staub.<\/li>\n<li>Einfach zu bedienen: Selbst mit vollen H\u00e4nden l\u00e4sst sich die T\u00fcr m\u00fchelos \u00f6ffnen und schlie\u00dfen.<\/li>\n<li>Wiederverwendbar: Magnetische Verschl\u00fcsse bleiben auch nach h\u00e4ufigem Gebrauch in einwandfreiem Zustand.<\/li>\n<\/ul>\n<p><strong>Anwendung:<\/strong><\/p>\n<ul>\n<li>Geeignet f\u00fcr verschiedenen \u00dcntergr\u00fcnden.<\/li>\n<li>F\u00fcr hochfrequentierte Bereiche und l\u00e4ngere Eins\u00e4tze.<\/li>\n<\/ul>\n<p><strong>Anleitung:<\/strong><\/p>\n<ul>\n<li>Mit doppelseitigem Klebeband (nicht mitgeliefert) auf die gew\u00fcnschte Untergrund befestigen<\/li>\n<li>Eignung des Klebeband im Voraus testen!<\/li>\n<\/ul>\n","protected":false},"excerpt":{"rendered":"<p>Staubschutzt\u00fcr mit Magnetverschluss Verwandeln Sie jeden Durchgang im Handumdrehen mit der PrimaCover Magnetic Staubschutzt\u00fcr! Dank des innovativen A-Magnet-Verschlusses l\u00e4sst sich<\/p>\n","protected":false},"featured_media":138285,"menu_order":3,"template":"","meta":{"generate_page_header":""},"product_brand":[],"product_cat":[462],"product_tag":[],"class_list":{"0":"post-138637","1":"product","2":"type-product","3":"status-publish","4":"has-post-thumbnail","6":"product_cat-staubschutztuer","7":"","8":"woocommerce-text-align-center","9":"woocommerce-image-align-center","10":"do-quantity-buttons","12":"first","13":"instock","14":"shipping-taxable","15":"product-type-simple"},"yoast_head":"<!-- This site is optimized with the Yoast SEO Premium plugin v26.7 (Yoast SEO v27.3) - https:\/\/yoast.com\/product\/yoast-seo-premium-wordpress\/ -->\n<title>PrimaCover Magnetic Door A<\/title>\n<meta name=\"robots\" content=\"index, follow, max-snippet:-1, max-image-preview:large, max-video-preview:-1\" \/>\n<link rel=\"canonical\" href=\"https:\/\/primacover.com\/de\/product\/primacover-magnetic-door-a\/\" \/>\n<meta property=\"og:locale\" content=\"de_DE\" \/>\n<meta property=\"og:type\" content=\"article\" \/>\n<meta property=\"og:title\" content=\"PrimaCover Magnetic Door A\" \/>\n<meta property=\"og:description\" content=\"Staubschutzt\u00fcr mit Magnetverschluss Verwandeln Sie jeden Durchgang im Handumdrehen mit der PrimaCover Magnetic Staubschutzt\u00fcr! Dank des innovativen A-Magnet-Verschlusses l\u00e4sst sich\" \/>\n<meta property=\"og:url\" content=\"https:\/\/primacover.com\/de\/product\/primacover-magnetic-door-a\/\" \/>\n<meta property=\"og:site_name\" content=\"PrimaCover\" \/>\n<meta property=\"article:publisher\" content=\"https:\/\/www.facebook.com\/PrimaverdeBV\" \/>\n<meta property=\"article:modified_time\" content=\"2026-04-03T09:36:23+00:00\" \/>\n<meta property=\"og:image\" content=\"https:\/\/primacover.com\/wp-content\/uploads\/2024\/09\/Praktijkfoto-Magnetic-Door-1024x1024.png\" \/>\n\t<meta property=\"og:image:width\" content=\"1024\" \/>\n\t<meta property=\"og:image:height\" content=\"1024\" \/>\n\t<meta property=\"og:image:type\" content=\"image\/png\" \/>\n<meta name=\"twitter:card\" content=\"summary_large_image\" \/>\n<meta name=\"twitter:label1\" content=\"Preis\" \/>\n\t<meta name=\"twitter:data1\" content=\"\" \/>\n\t<meta name=\"twitter:label2\" content=\"Verf\u00fcgbarkeit\" \/>\n\t<meta name=\"twitter:data2\" content=\"Auf Lager\" \/>\n<script type=\"application\/ld+json\" class=\"yoast-schema-graph\">{\"@context\":\"https:\\\/\\\/schema.org\",\"@graph\":[{\"@type\":\"WebPage\",\"@id\":\"https:\\\/\\\/primacover.com\\\/de\\\/product\\\/primacover-magnetic-door-a\\\/\",\"url\":\"https:\\\/\\\/primacover.com\\\/de\\\/product\\\/primacover-magnetic-door-a\\\/\",\"name\":\"PrimaCover Magnetic Door A\",\"isPartOf\":{\"@id\":\"https:\\\/\\\/primacover.com\\\/de\\\/#website\"},\"primaryImageOfPage\":{\"@id\":\"https:\\\/\\\/primacover.com\\\/de\\\/product\\\/primacover-magnetic-door-a\\\/#primaryimage\"},\"image\":{\"@id\":\"https:\\\/\\\/primacover.com\\\/de\\\/product\\\/primacover-magnetic-door-a\\\/#primaryimage\"},\"thumbnailUrl\":\"https:\\\/\\\/primacover.com\\\/wp-content\\\/uploads\\\/2024\\\/09\\\/Praktijkfoto-Magnetic-Door.png\",\"datePublished\":\"2024-09-27T12:21:49+00:00\",\"dateModified\":\"2026-04-03T09:36:23+00:00\",\"breadcrumb\":{\"@id\":\"https:\\\/\\\/primacover.com\\\/de\\\/product\\\/primacover-magnetic-door-a\\\/#breadcrumb\"},\"inLanguage\":\"de\",\"potentialAction\":[{\"@type\":\"ReadAction\",\"target\":[\"https:\\\/\\\/primacover.com\\\/de\\\/product\\\/primacover-magnetic-door-a\\\/\"]}]},{\"@type\":\"ImageObject\",\"inLanguage\":\"de\",\"@id\":\"https:\\\/\\\/primacover.com\\\/de\\\/product\\\/primacover-magnetic-door-a\\\/#primaryimage\",\"url\":\"https:\\\/\\\/primacover.com\\\/wp-content\\\/uploads\\\/2024\\\/09\\\/Praktijkfoto-Magnetic-Door.png\",\"contentUrl\":\"https:\\\/\\\/primacover.com\\\/wp-content\\\/uploads\\\/2024\\\/09\\\/Praktijkfoto-Magnetic-Door.png\",\"width\":4800,\"height\":4800},{\"@type\":\"BreadcrumbList\",\"@id\":\"https:\\\/\\\/primacover.com\\\/de\\\/product\\\/primacover-magnetic-door-a\\\/#breadcrumb\",\"itemListElement\":[{\"@type\":\"ListItem\",\"position\":1,\"name\":\"Home\",\"item\":\"https:\\\/\\\/primacover.com\\\/de\\\/\"},{\"@type\":\"ListItem\",\"position\":2,\"name\":\"Produkte\",\"item\":\"https:\\\/\\\/primacover.com\\\/de\\\/produkte\\\/\"},{\"@type\":\"ListItem\",\"position\":3,\"name\":\"PrimaCover Magnetic Door A\"}]},{\"@type\":\"WebSite\",\"@id\":\"https:\\\/\\\/primacover.com\\\/de\\\/#website\",\"url\":\"https:\\\/\\\/primacover.com\\\/de\\\/\",\"name\":\"PrimaCover\",\"description\":\"afdekvlies-afdekfolie-stofdeuren, coveringmaterials-dustdoors\",\"publisher\":{\"@id\":\"https:\\\/\\\/primacover.com\\\/de\\\/#organization\"},\"potentialAction\":[{\"@type\":\"SearchAction\",\"target\":{\"@type\":\"EntryPoint\",\"urlTemplate\":\"https:\\\/\\\/primacover.com\\\/de\\\/?s={search_term_string}\"},\"query-input\":{\"@type\":\"PropertyValueSpecification\",\"valueRequired\":true,\"valueName\":\"search_term_string\"}}],\"inLanguage\":\"de\"},{\"@type\":\"Organization\",\"@id\":\"https:\\\/\\\/primacover.com\\\/de\\\/#organization\",\"name\":\"PrimaCover\",\"url\":\"https:\\\/\\\/primacover.com\\\/de\\\/\",\"logo\":{\"@type\":\"ImageObject\",\"inLanguage\":\"de\",\"@id\":\"https:\\\/\\\/primacover.com\\\/de\\\/#\\\/schema\\\/logo\\\/image\\\/\",\"url\":\"\",\"contentUrl\":\"\",\"caption\":\"PrimaCover\"},\"image\":{\"@id\":\"https:\\\/\\\/primacover.com\\\/de\\\/#\\\/schema\\\/logo\\\/image\\\/\"},\"sameAs\":[\"https:\\\/\\\/www.facebook.com\\\/PrimaverdeBV\",\"https:\\\/\\\/nl.linkedin.com\\\/company\\\/primaverde\",\"https:\\\/\\\/www.youtube.com\\\/channel\\\/UC3DwQqj8f8tatLdSFA0aWwA\"]}]}<\/script>\n<meta property=\"product:price:currency\" content=\"EUR\" \/>\n<meta property=\"og:availability\" content=\"instock\" \/>\n<meta property=\"product:availability\" content=\"instock\" \/>\n<meta property=\"product:condition\" content=\"new\" \/>\n<!-- \/ Yoast SEO Premium plugin. -->","yoast_head_json":{"title":"PrimaCover Magnetic Door A","robots":{"index":"index","follow":"follow","max-snippet":"max-snippet:-1","max-image-preview":"max-image-preview:large","max-video-preview":"max-video-preview:-1"},"canonical":"https:\/\/primacover.com\/de\/product\/primacover-magnetic-door-a\/","og_locale":"de_DE","og_type":"article","og_title":"PrimaCover Magnetic Door A","og_description":"Staubschutzt\u00fcr mit Magnetverschluss Verwandeln Sie jeden Durchgang im Handumdrehen mit der PrimaCover Magnetic Staubschutzt\u00fcr! Dank des innovativen A-Magnet-Verschlusses l\u00e4sst sich","og_url":"https:\/\/primacover.com\/de\/product\/primacover-magnetic-door-a\/","og_site_name":"PrimaCover","article_publisher":"https:\/\/www.facebook.com\/PrimaverdeBV","article_modified_time":"2026-04-03T09:36:23+00:00","og_image":[{"width":1024,"height":1024,"url":"https:\/\/primacover.com\/wp-content\/uploads\/2024\/09\/Praktijkfoto-Magnetic-Door-1024x1024.png","type":"image\/png"}],"twitter_card":"summary_large_image","twitter_misc":{"Preis":"","Verf\u00fcgbarkeit":"Auf Lager"},"schema":{"@context":"https:\/\/schema.org","@graph":[{"@type":"WebPage","@id":"https:\/\/primacover.com\/de\/product\/primacover-magnetic-door-a\/","url":"https:\/\/primacover.com\/de\/product\/primacover-magnetic-door-a\/","name":"PrimaCover Magnetic Door A","isPartOf":{"@id":"https:\/\/primacover.com\/de\/#website"},"primaryImageOfPage":{"@id":"https:\/\/primacover.com\/de\/product\/primacover-magnetic-door-a\/#primaryimage"},"image":{"@id":"https:\/\/primacover.com\/de\/product\/primacover-magnetic-door-a\/#primaryimage"},"thumbnailUrl":"https:\/\/primacover.com\/wp-content\/uploads\/2024\/09\/Praktijkfoto-Magnetic-Door.png","datePublished":"2024-09-27T12:21:49+00:00","dateModified":"2026-04-03T09:36:23+00:00","breadcrumb":{"@id":"https:\/\/primacover.com\/de\/product\/primacover-magnetic-door-a\/#breadcrumb"},"inLanguage":"de","potentialAction":[{"@type":"ReadAction","target":["https:\/\/primacover.com\/de\/product\/primacover-magnetic-door-a\/"]}]},{"@type":"ImageObject","inLanguage":"de","@id":"https:\/\/primacover.com\/de\/product\/primacover-magnetic-door-a\/#primaryimage","url":"https:\/\/primacover.com\/wp-content\/uploads\/2024\/09\/Praktijkfoto-Magnetic-Door.png","contentUrl":"https:\/\/primacover.com\/wp-content\/uploads\/2024\/09\/Praktijkfoto-Magnetic-Door.png","width":4800,"height":4800},{"@type":"BreadcrumbList","@id":"https:\/\/primacover.com\/de\/product\/primacover-magnetic-door-a\/#breadcrumb","itemListElement":[{"@type":"ListItem","position":1,"name":"Home","item":"https:\/\/primacover.com\/de\/"},{"@type":"ListItem","position":2,"name":"Produkte","item":"https:\/\/primacover.com\/de\/produkte\/"},{"@type":"ListItem","position":3,"name":"PrimaCover Magnetic Door A"}]},{"@type":"WebSite","@id":"https:\/\/primacover.com\/de\/#website","url":"https:\/\/primacover.com\/de\/","name":"PrimaCover","description":"afdekvlies-afdekfolie-stofdeuren, coveringmaterials-dustdoors","publisher":{"@id":"https:\/\/primacover.com\/de\/#organization"},"potentialAction":[{"@type":"SearchAction","target":{"@type":"EntryPoint","urlTemplate":"https:\/\/primacover.com\/de\/?s={search_term_string}"},"query-input":{"@type":"PropertyValueSpecification","valueRequired":true,"valueName":"search_term_string"}}],"inLanguage":"de"},{"@type":"Organization","@id":"https:\/\/primacover.com\/de\/#organization","name":"PrimaCover","url":"https:\/\/primacover.com\/de\/","logo":{"@type":"ImageObject","inLanguage":"de","@id":"https:\/\/primacover.com\/de\/#\/schema\/logo\/image\/","url":"","contentUrl":"","caption":"PrimaCover"},"image":{"@id":"https:\/\/primacover.com\/de\/#\/schema\/logo\/image\/"},"sameAs":["https:\/\/www.facebook.com\/PrimaverdeBV","https:\/\/nl.linkedin.com\/company\/primaverde","https:\/\/www.youtube.com\/channel\/UC3DwQqj8f8tatLdSFA0aWwA"]}]},"product_price_currency":"EUR","og_availability":"instock","product_availability":"instock","product_condition":"new"},"_links":{"self":[{"href":"https:\/\/primacover.com\/de\/wp-json\/wp\/v2\/product\/138637","targetHints":{"allow":["GET"]}}],"collection":[{"href":"https:\/\/primacover.com\/de\/wp-json\/wp\/v2\/product"}],"about":[{"href":"https:\/\/primacover.com\/de\/wp-json\/wp\/v2\/types\/product"}],"wp:featuredmedia":[{"embeddable":true,"href":"https:\/\/primacover.com\/de\/wp-json\/wp\/v2\/media\/138285"}],"wp:attachment":[{"href":"https:\/\/primacover.com\/de\/wp-json\/wp\/v2\/media?parent=138637"}],"wp:term":[{"taxonomy":"product_brand","embeddable":true,"href":"https:\/\/primacover.com\/de\/wp-json\/wp\/v2\/product_brand?post=138637"},{"taxonomy":"product_cat","embeddable":true,"href":"https:\/\/primacover.com\/de\/wp-json\/wp\/v2\/product_cat?post=138637"},{"taxonomy":"product_tag","embeddable":true,"href":"https:\/\/primacover.com\/de\/wp-json\/wp\/v2\/product_tag?post=138637"}],"curies":[{"name":"wp","href":"https:\/\/api.w.org\/{rel}","templated":true}]}}