{"id":139077,"date":"2024-11-07T09:41:13","date_gmt":"2024-11-07T08:41:13","guid":{"rendered":"https:\/\/primacover.com\/?post_type=product&#038;p=139077"},"modified":"2025-10-24T11:12:26","modified_gmt":"2025-10-24T09:12:26","slug":"primacover-duct-tape","status":"publish","type":"product","link":"https:\/\/primacover.com\/de\/product\/primacover-duct-tape\/","title":{"rendered":"PrimaCover Duct Tape"},"content":{"rendered":"<h2>Klebeband f\u00fcr den Bau<\/h2>\n<p>PrimaCover Duct Tape ist ein vielseitiges, hochwertiges Klebeband, das speziell f\u00fcr die Baubranche entwickelt wurde. Dank seiner starken Klebkraft haftet das Band problemlos auf verschiedenen Untergr\u00fcnden wie rauen Oberfl\u00e4chen, Mauerwerk und Stein sowie auf PrimaCover Defend Vliesfaserrolle und Platten. Das Klebeband l\u00e4sst sich leicht von Hand abrei\u00dfen, was ein schnelles und effizientes Arbeiten ohne zus\u00e4tzliche Werkzeuge erm\u00f6glicht. Au\u00dferdem ist das PrimaCover Duct Tape absolut wasserdicht und kann daher sowohl in trockenen als auch in feuchten Umgebungen verwendet werden.<\/p>\n<p><strong>Eigenschaften:<\/strong><\/p>\n<ul>\n<li>Hohe Klebekraft <\/li>\n<li>Auch f\u00fcr raue Oberfl\u00e4chen geeignet (Mauerwerk, Stein, Filz, etc.)<\/li>\n<li>Wasserabweisende Oberschicht<\/li>\n<li>Leicht abzurei\u00dfen<\/li>\n<li>Abmessungen: 48mm x 50m<\/li>\n<li>Einzeln und pro Karton (96 St\u00fcck) erh\u00e4ltlich<\/li>\n<\/ul>\n<p><strong>Anwendung:<\/strong><\/p>\n<ul>\n<li>F\u00fcr trockene und feuchte Bedingungen<\/li>\n<li>Auch f\u00fcr raue Oberfl\u00e4chen geeignet (Mauerwerk, Stein, Filz, etc.)<\/li>\n<\/ul>\n<p><strong>Anleitung:<\/strong><\/p>\n<ul>\n<li>Pr\u00fcfe die Eignung des Bandes vorher!<\/li>\n<\/ul>\n","protected":false},"excerpt":{"rendered":"<p>Klebeband f\u00fcr den Bau PrimaCover Duct Tape ist ein vielseitiges, hochwertiges Klebeband, das speziell f\u00fcr die Baubranche entwickelt wurde. Dank<\/p>\n","protected":false},"featured_media":139045,"menu_order":2,"template":"","meta":{"generate_page_header":""},"product_brand":[],"product_cat":[1753],"product_tag":[],"class_list":{"0":"post-139077","1":"product","2":"type-product","3":"status-publish","4":"has-post-thumbnail","6":"product_cat-zubehoer","7":"","8":"woocommerce-text-align-center","9":"woocommerce-image-align-center","10":"do-quantity-buttons","12":"first","13":"instock","14":"shipping-taxable","15":"product-type-simple"},"yoast_head":"<!-- This site is optimized with the Yoast SEO Premium plugin v26.7 (Yoast SEO v27.2) - https:\/\/yoast.com\/product\/yoast-seo-premium-wordpress\/ -->\n<title>PrimaCover Duct Tape<\/title>\n<meta name=\"robots\" content=\"index, follow, max-snippet:-1, max-image-preview:large, max-video-preview:-1\" \/>\n<link rel=\"canonical\" href=\"https:\/\/primacover.com\/de\/product\/primacover-duct-tape\/\" \/>\n<meta property=\"og:locale\" content=\"de_DE\" \/>\n<meta property=\"og:type\" content=\"article\" \/>\n<meta property=\"og:title\" content=\"PrimaCover Duct Tape\" \/>\n<meta property=\"og:description\" content=\"Klebeband f\u00fcr den Bau PrimaCover Duct Tape ist ein vielseitiges, hochwertiges Klebeband, das speziell f\u00fcr die Baubranche entwickelt wurde. Dank\" \/>\n<meta property=\"og:url\" content=\"https:\/\/primacover.com\/de\/product\/primacover-duct-tape\/\" \/>\n<meta property=\"og:site_name\" content=\"PrimaCover\" \/>\n<meta property=\"article:publisher\" content=\"https:\/\/www.facebook.com\/PrimaverdeBV\" \/>\n<meta property=\"article:modified_time\" content=\"2025-10-24T09:12:26+00:00\" \/>\n<meta property=\"og:image\" content=\"https:\/\/primacover.com\/wp-content\/uploads\/2024\/11\/Duct-Tape_P0NZ_s01.jpg\" \/>\n\t<meta property=\"og:image:width\" content=\"600\" \/>\n\t<meta property=\"og:image:height\" content=\"600\" \/>\n\t<meta property=\"og:image:type\" content=\"image\/jpeg\" \/>\n<meta name=\"twitter:card\" content=\"summary_large_image\" \/>\n<meta name=\"twitter:label1\" content=\"Preis\" \/>\n\t<meta name=\"twitter:data1\" content=\"\" \/>\n\t<meta name=\"twitter:label2\" content=\"Verf\u00fcgbarkeit\" \/>\n\t<meta name=\"twitter:data2\" content=\"Auf Lager\" \/>\n<script type=\"application\/ld+json\" class=\"yoast-schema-graph\">{\"@context\":\"https:\/\/schema.org\",\"@graph\":[{\"@type\":\"WebPage\",\"@id\":\"https:\/\/primacover.com\/de\/product\/primacover-duct-tape\/\",\"url\":\"https:\/\/primacover.com\/de\/product\/primacover-duct-tape\/\",\"name\":\"PrimaCover Duct Tape\",\"isPartOf\":{\"@id\":\"https:\/\/primacover.com\/de\/#website\"},\"primaryImageOfPage\":{\"@id\":\"https:\/\/primacover.com\/de\/product\/primacover-duct-tape\/#primaryimage\"},\"image\":{\"@id\":\"https:\/\/primacover.com\/de\/product\/primacover-duct-tape\/#primaryimage\"},\"thumbnailUrl\":\"https:\/\/primacover.com\/wp-content\/uploads\/2024\/11\/Duct-Tape_P0NZ_s01.jpg\",\"datePublished\":\"2024-11-07T08:41:13+00:00\",\"dateModified\":\"2025-10-24T09:12:26+00:00\",\"breadcrumb\":{\"@id\":\"https:\/\/primacover.com\/de\/product\/primacover-duct-tape\/#breadcrumb\"},\"inLanguage\":\"de\",\"potentialAction\":[{\"@type\":\"ReadAction\",\"target\":[\"https:\/\/primacover.com\/de\/product\/primacover-duct-tape\/\"]}]},{\"@type\":\"ImageObject\",\"inLanguage\":\"de\",\"@id\":\"https:\/\/primacover.com\/de\/product\/primacover-duct-tape\/#primaryimage\",\"url\":\"https:\/\/primacover.com\/wp-content\/uploads\/2024\/11\/Duct-Tape_P0NZ_s01.jpg\",\"contentUrl\":\"https:\/\/primacover.com\/wp-content\/uploads\/2024\/11\/Duct-Tape_P0NZ_s01.jpg\",\"width\":600,\"height\":600,\"caption\":\"PrimaCover Duct Tape\"},{\"@type\":\"BreadcrumbList\",\"@id\":\"https:\/\/primacover.com\/de\/product\/primacover-duct-tape\/#breadcrumb\",\"itemListElement\":[{\"@type\":\"ListItem\",\"position\":1,\"name\":\"Home\",\"item\":\"https:\/\/primacover.com\/de\/\"},{\"@type\":\"ListItem\",\"position\":2,\"name\":\"Produkte\",\"item\":\"https:\/\/primacover.com\/de\/produkte\/\"},{\"@type\":\"ListItem\",\"position\":3,\"name\":\"PrimaCover Duct Tape\"}]},{\"@type\":\"WebSite\",\"@id\":\"https:\/\/primacover.com\/de\/#website\",\"url\":\"https:\/\/primacover.com\/de\/\",\"name\":\"PrimaCover\",\"description\":\"afdekvlies-afdekfolie-stofdeuren, coveringmaterials-dustdoors\",\"publisher\":{\"@id\":\"https:\/\/primacover.com\/de\/#organization\"},\"potentialAction\":[{\"@type\":\"SearchAction\",\"target\":{\"@type\":\"EntryPoint\",\"urlTemplate\":\"https:\/\/primacover.com\/de\/?s={search_term_string}\"},\"query-input\":{\"@type\":\"PropertyValueSpecification\",\"valueRequired\":true,\"valueName\":\"search_term_string\"}}],\"inLanguage\":\"de\"},{\"@type\":\"Organization\",\"@id\":\"https:\/\/primacover.com\/de\/#organization\",\"name\":\"PrimaCover\",\"url\":\"https:\/\/primacover.com\/de\/\",\"logo\":{\"@type\":\"ImageObject\",\"inLanguage\":\"de\",\"@id\":\"https:\/\/primacover.com\/de\/#\/schema\/logo\/image\/\",\"url\":\"\",\"contentUrl\":\"\",\"caption\":\"PrimaCover\"},\"image\":{\"@id\":\"https:\/\/primacover.com\/de\/#\/schema\/logo\/image\/\"},\"sameAs\":[\"https:\/\/www.facebook.com\/PrimaverdeBV\",\"https:\/\/nl.linkedin.com\/company\/primaverde\",\"https:\/\/www.youtube.com\/channel\/UC3DwQqj8f8tatLdSFA0aWwA\"]}]}<\/script>\n<meta property=\"product:price:currency\" content=\"EUR\" \/>\n<meta property=\"og:availability\" content=\"instock\" \/>\n<meta property=\"product:availability\" content=\"instock\" \/>\n<meta property=\"product:condition\" content=\"new\" \/>\n<!-- \/ Yoast SEO Premium plugin. -->","yoast_head_json":{"title":"PrimaCover Duct Tape","robots":{"index":"index","follow":"follow","max-snippet":"max-snippet:-1","max-image-preview":"max-image-preview:large","max-video-preview":"max-video-preview:-1"},"canonical":"https:\/\/primacover.com\/de\/product\/primacover-duct-tape\/","og_locale":"de_DE","og_type":"article","og_title":"PrimaCover Duct Tape","og_description":"Klebeband f\u00fcr den Bau PrimaCover Duct Tape ist ein vielseitiges, hochwertiges Klebeband, das speziell f\u00fcr die Baubranche entwickelt wurde. Dank","og_url":"https:\/\/primacover.com\/de\/product\/primacover-duct-tape\/","og_site_name":"PrimaCover","article_publisher":"https:\/\/www.facebook.com\/PrimaverdeBV","article_modified_time":"2025-10-24T09:12:26+00:00","og_image":[{"width":600,"height":600,"url":"https:\/\/primacover.com\/wp-content\/uploads\/2024\/11\/Duct-Tape_P0NZ_s01.jpg","type":"image\/jpeg"}],"twitter_card":"summary_large_image","twitter_misc":{"Preis":"","Verf\u00fcgbarkeit":"Auf Lager"},"schema":{"@context":"https:\/\/schema.org","@graph":[{"@type":"WebPage","@id":"https:\/\/primacover.com\/de\/product\/primacover-duct-tape\/","url":"https:\/\/primacover.com\/de\/product\/primacover-duct-tape\/","name":"PrimaCover Duct Tape","isPartOf":{"@id":"https:\/\/primacover.com\/de\/#website"},"primaryImageOfPage":{"@id":"https:\/\/primacover.com\/de\/product\/primacover-duct-tape\/#primaryimage"},"image":{"@id":"https:\/\/primacover.com\/de\/product\/primacover-duct-tape\/#primaryimage"},"thumbnailUrl":"https:\/\/primacover.com\/wp-content\/uploads\/2024\/11\/Duct-Tape_P0NZ_s01.jpg","datePublished":"2024-11-07T08:41:13+00:00","dateModified":"2025-10-24T09:12:26+00:00","breadcrumb":{"@id":"https:\/\/primacover.com\/de\/product\/primacover-duct-tape\/#breadcrumb"},"inLanguage":"de","potentialAction":[{"@type":"ReadAction","target":["https:\/\/primacover.com\/de\/product\/primacover-duct-tape\/"]}]},{"@type":"ImageObject","inLanguage":"de","@id":"https:\/\/primacover.com\/de\/product\/primacover-duct-tape\/#primaryimage","url":"https:\/\/primacover.com\/wp-content\/uploads\/2024\/11\/Duct-Tape_P0NZ_s01.jpg","contentUrl":"https:\/\/primacover.com\/wp-content\/uploads\/2024\/11\/Duct-Tape_P0NZ_s01.jpg","width":600,"height":600,"caption":"PrimaCover Duct Tape"},{"@type":"BreadcrumbList","@id":"https:\/\/primacover.com\/de\/product\/primacover-duct-tape\/#breadcrumb","itemListElement":[{"@type":"ListItem","position":1,"name":"Home","item":"https:\/\/primacover.com\/de\/"},{"@type":"ListItem","position":2,"name":"Produkte","item":"https:\/\/primacover.com\/de\/produkte\/"},{"@type":"ListItem","position":3,"name":"PrimaCover Duct Tape"}]},{"@type":"WebSite","@id":"https:\/\/primacover.com\/de\/#website","url":"https:\/\/primacover.com\/de\/","name":"PrimaCover","description":"afdekvlies-afdekfolie-stofdeuren, coveringmaterials-dustdoors","publisher":{"@id":"https:\/\/primacover.com\/de\/#organization"},"potentialAction":[{"@type":"SearchAction","target":{"@type":"EntryPoint","urlTemplate":"https:\/\/primacover.com\/de\/?s={search_term_string}"},"query-input":{"@type":"PropertyValueSpecification","valueRequired":true,"valueName":"search_term_string"}}],"inLanguage":"de"},{"@type":"Organization","@id":"https:\/\/primacover.com\/de\/#organization","name":"PrimaCover","url":"https:\/\/primacover.com\/de\/","logo":{"@type":"ImageObject","inLanguage":"de","@id":"https:\/\/primacover.com\/de\/#\/schema\/logo\/image\/","url":"","contentUrl":"","caption":"PrimaCover"},"image":{"@id":"https:\/\/primacover.com\/de\/#\/schema\/logo\/image\/"},"sameAs":["https:\/\/www.facebook.com\/PrimaverdeBV","https:\/\/nl.linkedin.com\/company\/primaverde","https:\/\/www.youtube.com\/channel\/UC3DwQqj8f8tatLdSFA0aWwA"]}]},"product_price_currency":"EUR","og_availability":"instock","product_availability":"instock","product_condition":"new"},"_links":{"self":[{"href":"https:\/\/primacover.com\/de\/wp-json\/wp\/v2\/product\/139077","targetHints":{"allow":["GET"]}}],"collection":[{"href":"https:\/\/primacover.com\/de\/wp-json\/wp\/v2\/product"}],"about":[{"href":"https:\/\/primacover.com\/de\/wp-json\/wp\/v2\/types\/product"}],"wp:featuredmedia":[{"embeddable":true,"href":"https:\/\/primacover.com\/de\/wp-json\/wp\/v2\/media\/139045"}],"wp:attachment":[{"href":"https:\/\/primacover.com\/de\/wp-json\/wp\/v2\/media?parent=139077"}],"wp:term":[{"taxonomy":"product_brand","embeddable":true,"href":"https:\/\/primacover.com\/de\/wp-json\/wp\/v2\/product_brand?post=139077"},{"taxonomy":"product_cat","embeddable":true,"href":"https:\/\/primacover.com\/de\/wp-json\/wp\/v2\/product_cat?post=139077"},{"taxonomy":"product_tag","embeddable":true,"href":"https:\/\/primacover.com\/de\/wp-json\/wp\/v2\/product_tag?post=139077"}],"curies":[{"name":"wp","href":"https:\/\/api.w.org\/{rel}","templated":true}]}}