{"id":139610,"date":"2025-05-08T15:03:51","date_gmt":"2025-05-08T13:03:51","guid":{"rendered":"https:\/\/primacover.com\/?post_type=product&#038;p=139610"},"modified":"2026-04-03T11:28:30","modified_gmt":"2026-04-03T09:28:30","slug":"primacover-film-dispenser","status":"publish","type":"product","link":"https:\/\/primacover.com\/de\/product\/primacover-film-dispenser\/","title":{"rendered":"PrimaCover Film Dispenser"},"content":{"rendered":"<h2>Ergonomischer Abrollhilfe<\/h2>\n<p>Mit dem PrimaCover Film Dispenser wird das Anbringen von Schutzfolie auf B\u00f6den und Treppen schneller, einfacher und komfortabler denn je. Dieses praktische Werkzeug wurde speziell f\u00fcr die effiziente Verarbeitung von PrimaCover Carpet und Hardfloor Folie entwickelt. Das m\u00fchsame Hantieren mit Rollen und anstrengende K\u00f6rperhaltungen geh\u00f6ren der Vergangenheit an.<\/p>\n<p>Dank des ergonomischen Designs arbeiten Sie nicht nur sauberer, sondern auch schneller. Ausserdem verringern Sie das Risiko von k\u00f6rperlichen Beschwerden. Der PrimaCover Film Dispenser bietet optimale Kontrolle und Griffigkeit f\u00fcr ein glattes Endergebnis mit einer fest angebrachten Schutzschicht.<\/p>\n<p><strong>Eigenschaften:<\/strong><\/p>\n<ul>\n<li>Geeignet f\u00fcr Folienrollen mit einer Breite von 62,5 cm (50 oder 100 Mikron)<\/li>\n<li>Teleskopstiel mit Klicksystem (verstellbar von 1 bis 2 m)<\/li>\n<li>Handgriff f\u00fcr den Einsatz auf Treppen (ohne Stiel)<\/li>\n<li>Geeignet f\u00fcr den Langzeit- und Intensivgebrauch<\/li>\n<li>Abmessungen: 115 x 20 x 25 cm (L x B x H)<\/li>\n<\/ul>\n<p><strong>Anwendung:<\/strong><\/p>\n<ul>\n<li>Geeignet f\u00fcr PrimaCover Carpet und PrimaCover Hardfloor<\/li>\n<li>F\u00fcr B\u00f6den und Treppen<\/li>\n<\/ul>\n<p><strong>Anleitung:<\/strong><\/p>\n<ul>\n<li>Eignung des Produktes im Voraus testen.<\/li>\n<li>Fussbodenheizung vor der Verlegung ausschalten.<\/li>\n<\/ul>\n","protected":false},"excerpt":{"rendered":"<p>Ergonomischer Abrollhilfe Mit dem PrimaCover Film Dispenser wird das Anbringen von Schutzfolie auf B\u00f6den und Treppen schneller, einfacher und komfortabler<\/p>\n","protected":false},"featured_media":139685,"menu_order":0,"template":"","meta":{"generate_page_header":""},"product_brand":[],"product_cat":[1753],"product_tag":[],"class_list":{"0":"post-139610","1":"product","2":"type-product","3":"status-publish","4":"has-post-thumbnail","6":"product_cat-zubehoer","7":"","8":"woocommerce-text-align-center","9":"woocommerce-image-align-center","10":"do-quantity-buttons","12":"first","13":"instock","14":"shipping-taxable","15":"product-type-simple"},"yoast_head":"<!-- This site is optimized with the Yoast SEO Premium plugin v26.7 (Yoast SEO v27.3) - https:\/\/yoast.com\/product\/yoast-seo-premium-wordpress\/ -->\n<title>PrimaCover Film Dispenser<\/title>\n<meta name=\"description\" content=\"Mit dem PrimaCover Film Dispenser wird das Anbringen von Schutzfolie auf B\u00f6den und Treppen schneller, einfacher und komfortabler.\" \/>\n<meta name=\"robots\" content=\"index, follow, max-snippet:-1, max-image-preview:large, max-video-preview:-1\" \/>\n<link rel=\"canonical\" href=\"https:\/\/primacover.com\/de\/product\/primacover-film-dispenser\/\" \/>\n<meta property=\"og:locale\" content=\"de_DE\" \/>\n<meta property=\"og:type\" content=\"article\" \/>\n<meta property=\"og:title\" content=\"PrimaCover Film Dispenser\" \/>\n<meta property=\"og:description\" content=\"Mit dem PrimaCover Film Dispenser wird das Anbringen von Schutzfolie auf B\u00f6den und Treppen schneller, einfacher und komfortabler.\" \/>\n<meta property=\"og:url\" content=\"https:\/\/primacover.com\/de\/product\/primacover-film-dispenser\/\" \/>\n<meta property=\"og:site_name\" content=\"PrimaCover\" \/>\n<meta property=\"article:publisher\" content=\"https:\/\/www.facebook.com\/PrimaverdeBV\" \/>\n<meta property=\"article:modified_time\" content=\"2026-04-03T09:28:30+00:00\" \/>\n<meta property=\"og:image\" content=\"https:\/\/primacover.com\/wp-content\/uploads\/2025\/05\/Film-Dispenser_P0NZ_s01.jpg\" \/>\n\t<meta property=\"og:image:width\" content=\"600\" \/>\n\t<meta property=\"og:image:height\" content=\"600\" \/>\n\t<meta property=\"og:image:type\" content=\"image\/jpeg\" \/>\n<meta name=\"twitter:card\" content=\"summary_large_image\" \/>\n<meta name=\"twitter:label1\" content=\"Preis\" \/>\n\t<meta name=\"twitter:data1\" content=\"\" \/>\n\t<meta name=\"twitter:label2\" content=\"Verf\u00fcgbarkeit\" \/>\n\t<meta name=\"twitter:data2\" content=\"Auf Lager\" \/>\n<script type=\"application\/ld+json\" class=\"yoast-schema-graph\">{\"@context\":\"https:\\\/\\\/schema.org\",\"@graph\":[{\"@type\":\"WebPage\",\"@id\":\"https:\\\/\\\/primacover.com\\\/de\\\/product\\\/primacover-film-dispenser\\\/\",\"url\":\"https:\\\/\\\/primacover.com\\\/de\\\/product\\\/primacover-film-dispenser\\\/\",\"name\":\"PrimaCover Film Dispenser\",\"isPartOf\":{\"@id\":\"https:\\\/\\\/primacover.com\\\/de\\\/#website\"},\"primaryImageOfPage\":{\"@id\":\"https:\\\/\\\/primacover.com\\\/de\\\/product\\\/primacover-film-dispenser\\\/#primaryimage\"},\"image\":{\"@id\":\"https:\\\/\\\/primacover.com\\\/de\\\/product\\\/primacover-film-dispenser\\\/#primaryimage\"},\"thumbnailUrl\":\"https:\\\/\\\/primacover.com\\\/wp-content\\\/uploads\\\/2025\\\/05\\\/Film-Dispenser_P0NZ_s01-1.jpg\",\"datePublished\":\"2025-05-08T13:03:51+00:00\",\"dateModified\":\"2026-04-03T09:28:30+00:00\",\"description\":\"Mit dem PrimaCover Film Dispenser wird das Anbringen von Schutzfolie auf B\u00f6den und Treppen schneller, einfacher und komfortabler.\",\"breadcrumb\":{\"@id\":\"https:\\\/\\\/primacover.com\\\/de\\\/product\\\/primacover-film-dispenser\\\/#breadcrumb\"},\"inLanguage\":\"de\",\"potentialAction\":[{\"@type\":\"ReadAction\",\"target\":[\"https:\\\/\\\/primacover.com\\\/de\\\/product\\\/primacover-film-dispenser\\\/\"]}]},{\"@type\":\"ImageObject\",\"inLanguage\":\"de\",\"@id\":\"https:\\\/\\\/primacover.com\\\/de\\\/product\\\/primacover-film-dispenser\\\/#primaryimage\",\"url\":\"https:\\\/\\\/primacover.com\\\/wp-content\\\/uploads\\\/2025\\\/05\\\/Film-Dispenser_P0NZ_s01-1.jpg\",\"contentUrl\":\"https:\\\/\\\/primacover.com\\\/wp-content\\\/uploads\\\/2025\\\/05\\\/Film-Dispenser_P0NZ_s01-1.jpg\",\"width\":600,\"height\":600},{\"@type\":\"BreadcrumbList\",\"@id\":\"https:\\\/\\\/primacover.com\\\/de\\\/product\\\/primacover-film-dispenser\\\/#breadcrumb\",\"itemListElement\":[{\"@type\":\"ListItem\",\"position\":1,\"name\":\"Home\",\"item\":\"https:\\\/\\\/primacover.com\\\/de\\\/\"},{\"@type\":\"ListItem\",\"position\":2,\"name\":\"Produkte\",\"item\":\"https:\\\/\\\/primacover.com\\\/de\\\/produkte\\\/\"},{\"@type\":\"ListItem\",\"position\":3,\"name\":\"PrimaCover Film Dispenser\"}]},{\"@type\":\"WebSite\",\"@id\":\"https:\\\/\\\/primacover.com\\\/de\\\/#website\",\"url\":\"https:\\\/\\\/primacover.com\\\/de\\\/\",\"name\":\"PrimaCover\",\"description\":\"afdekvlies-afdekfolie-stofdeuren, coveringmaterials-dustdoors\",\"publisher\":{\"@id\":\"https:\\\/\\\/primacover.com\\\/de\\\/#organization\"},\"potentialAction\":[{\"@type\":\"SearchAction\",\"target\":{\"@type\":\"EntryPoint\",\"urlTemplate\":\"https:\\\/\\\/primacover.com\\\/de\\\/?s={search_term_string}\"},\"query-input\":{\"@type\":\"PropertyValueSpecification\",\"valueRequired\":true,\"valueName\":\"search_term_string\"}}],\"inLanguage\":\"de\"},{\"@type\":\"Organization\",\"@id\":\"https:\\\/\\\/primacover.com\\\/de\\\/#organization\",\"name\":\"PrimaCover\",\"url\":\"https:\\\/\\\/primacover.com\\\/de\\\/\",\"logo\":{\"@type\":\"ImageObject\",\"inLanguage\":\"de\",\"@id\":\"https:\\\/\\\/primacover.com\\\/de\\\/#\\\/schema\\\/logo\\\/image\\\/\",\"url\":\"\",\"contentUrl\":\"\",\"caption\":\"PrimaCover\"},\"image\":{\"@id\":\"https:\\\/\\\/primacover.com\\\/de\\\/#\\\/schema\\\/logo\\\/image\\\/\"},\"sameAs\":[\"https:\\\/\\\/www.facebook.com\\\/PrimaverdeBV\",\"https:\\\/\\\/nl.linkedin.com\\\/company\\\/primaverde\",\"https:\\\/\\\/www.youtube.com\\\/channel\\\/UC3DwQqj8f8tatLdSFA0aWwA\"]}]}<\/script>\n<meta property=\"product:price:currency\" content=\"EUR\" \/>\n<meta property=\"og:availability\" content=\"instock\" \/>\n<meta property=\"product:availability\" content=\"instock\" \/>\n<meta property=\"product:condition\" content=\"new\" \/>\n<!-- \/ Yoast SEO Premium plugin. -->","yoast_head_json":{"title":"PrimaCover Film Dispenser","description":"Mit dem PrimaCover Film Dispenser wird das Anbringen von Schutzfolie auf B\u00f6den und Treppen schneller, einfacher und komfortabler.","robots":{"index":"index","follow":"follow","max-snippet":"max-snippet:-1","max-image-preview":"max-image-preview:large","max-video-preview":"max-video-preview:-1"},"canonical":"https:\/\/primacover.com\/de\/product\/primacover-film-dispenser\/","og_locale":"de_DE","og_type":"article","og_title":"PrimaCover Film Dispenser","og_description":"Mit dem PrimaCover Film Dispenser wird das Anbringen von Schutzfolie auf B\u00f6den und Treppen schneller, einfacher und komfortabler.","og_url":"https:\/\/primacover.com\/de\/product\/primacover-film-dispenser\/","og_site_name":"PrimaCover","article_publisher":"https:\/\/www.facebook.com\/PrimaverdeBV","article_modified_time":"2026-04-03T09:28:30+00:00","og_image":[{"width":600,"height":600,"url":"https:\/\/primacover.com\/wp-content\/uploads\/2025\/05\/Film-Dispenser_P0NZ_s01.jpg","type":"image\/jpeg"}],"twitter_card":"summary_large_image","twitter_misc":{"Preis":"","Verf\u00fcgbarkeit":"Auf Lager"},"schema":{"@context":"https:\/\/schema.org","@graph":[{"@type":"WebPage","@id":"https:\/\/primacover.com\/de\/product\/primacover-film-dispenser\/","url":"https:\/\/primacover.com\/de\/product\/primacover-film-dispenser\/","name":"PrimaCover Film Dispenser","isPartOf":{"@id":"https:\/\/primacover.com\/de\/#website"},"primaryImageOfPage":{"@id":"https:\/\/primacover.com\/de\/product\/primacover-film-dispenser\/#primaryimage"},"image":{"@id":"https:\/\/primacover.com\/de\/product\/primacover-film-dispenser\/#primaryimage"},"thumbnailUrl":"https:\/\/primacover.com\/wp-content\/uploads\/2025\/05\/Film-Dispenser_P0NZ_s01-1.jpg","datePublished":"2025-05-08T13:03:51+00:00","dateModified":"2026-04-03T09:28:30+00:00","description":"Mit dem PrimaCover Film Dispenser wird das Anbringen von Schutzfolie auf B\u00f6den und Treppen schneller, einfacher und komfortabler.","breadcrumb":{"@id":"https:\/\/primacover.com\/de\/product\/primacover-film-dispenser\/#breadcrumb"},"inLanguage":"de","potentialAction":[{"@type":"ReadAction","target":["https:\/\/primacover.com\/de\/product\/primacover-film-dispenser\/"]}]},{"@type":"ImageObject","inLanguage":"de","@id":"https:\/\/primacover.com\/de\/product\/primacover-film-dispenser\/#primaryimage","url":"https:\/\/primacover.com\/wp-content\/uploads\/2025\/05\/Film-Dispenser_P0NZ_s01-1.jpg","contentUrl":"https:\/\/primacover.com\/wp-content\/uploads\/2025\/05\/Film-Dispenser_P0NZ_s01-1.jpg","width":600,"height":600},{"@type":"BreadcrumbList","@id":"https:\/\/primacover.com\/de\/product\/primacover-film-dispenser\/#breadcrumb","itemListElement":[{"@type":"ListItem","position":1,"name":"Home","item":"https:\/\/primacover.com\/de\/"},{"@type":"ListItem","position":2,"name":"Produkte","item":"https:\/\/primacover.com\/de\/produkte\/"},{"@type":"ListItem","position":3,"name":"PrimaCover Film Dispenser"}]},{"@type":"WebSite","@id":"https:\/\/primacover.com\/de\/#website","url":"https:\/\/primacover.com\/de\/","name":"PrimaCover","description":"afdekvlies-afdekfolie-stofdeuren, coveringmaterials-dustdoors","publisher":{"@id":"https:\/\/primacover.com\/de\/#organization"},"potentialAction":[{"@type":"SearchAction","target":{"@type":"EntryPoint","urlTemplate":"https:\/\/primacover.com\/de\/?s={search_term_string}"},"query-input":{"@type":"PropertyValueSpecification","valueRequired":true,"valueName":"search_term_string"}}],"inLanguage":"de"},{"@type":"Organization","@id":"https:\/\/primacover.com\/de\/#organization","name":"PrimaCover","url":"https:\/\/primacover.com\/de\/","logo":{"@type":"ImageObject","inLanguage":"de","@id":"https:\/\/primacover.com\/de\/#\/schema\/logo\/image\/","url":"","contentUrl":"","caption":"PrimaCover"},"image":{"@id":"https:\/\/primacover.com\/de\/#\/schema\/logo\/image\/"},"sameAs":["https:\/\/www.facebook.com\/PrimaverdeBV","https:\/\/nl.linkedin.com\/company\/primaverde","https:\/\/www.youtube.com\/channel\/UC3DwQqj8f8tatLdSFA0aWwA"]}]},"product_price_currency":"EUR","og_availability":"instock","product_availability":"instock","product_condition":"new"},"_links":{"self":[{"href":"https:\/\/primacover.com\/de\/wp-json\/wp\/v2\/product\/139610","targetHints":{"allow":["GET"]}}],"collection":[{"href":"https:\/\/primacover.com\/de\/wp-json\/wp\/v2\/product"}],"about":[{"href":"https:\/\/primacover.com\/de\/wp-json\/wp\/v2\/types\/product"}],"wp:featuredmedia":[{"embeddable":true,"href":"https:\/\/primacover.com\/de\/wp-json\/wp\/v2\/media\/139685"}],"wp:attachment":[{"href":"https:\/\/primacover.com\/de\/wp-json\/wp\/v2\/media?parent=139610"}],"wp:term":[{"taxonomy":"product_brand","embeddable":true,"href":"https:\/\/primacover.com\/de\/wp-json\/wp\/v2\/product_brand?post=139610"},{"taxonomy":"product_cat","embeddable":true,"href":"https:\/\/primacover.com\/de\/wp-json\/wp\/v2\/product_cat?post=139610"},{"taxonomy":"product_tag","embeddable":true,"href":"https:\/\/primacover.com\/de\/wp-json\/wp\/v2\/product_tag?post=139610"}],"curies":[{"name":"wp","href":"https:\/\/api.w.org\/{rel}","templated":true}]}}