{"id":140139,"date":"2025-09-10T13:54:01","date_gmt":"2025-09-10T11:54:01","guid":{"rendered":"https:\/\/primacover.com\/?post_type=product&#038;p=140139"},"modified":"2026-04-03T11:42:14","modified_gmt":"2026-04-03T09:42:14","slug":"primacover-extension-door","status":"publish","type":"product","link":"https:\/\/primacover.com\/de\/product\/primacover-extension-door\/","title":{"rendered":"PrimaCover Extension Door"},"content":{"rendered":"<h2>Rei\u00dfverschlussdurchgang<\/h2>\n<p>Dustshield Extension Door ist ein Modul, das einfach mit dem Staubschutzsystem verbunden werden kann. Diese besteht aus einem Rei\u00dfverschlussdurchgang mit schwer entflammbarer Folie.<\/p>\n<p><strong>Teile<\/strong><\/p>\n<ul>\n<li>1x Teleskopstangen (Ho\u0308he 170 bis 400cm)<\/li>\n<li>1x Kopfleiste, 120cm, inkl. Schutzfolie (Ho\u0308he 400cm) mit Zip-Up Set (vormontiert)<\/li>\n<li>4x Rohrclips<\/li>\n<li>2x Universalklemmen<\/li>\n<\/ul>\n<p><strong>Eigenschaften:<\/strong><\/p>\n<ul>\n<li>Schnelle und einfache Montage<\/li>\n<li>Wiederverwendbar<\/li>\n<li>Feuerhemmende Folie (zertifiziert nach EN13501-1)<\/li>\n<li>Geeignet f\u00fcr alle Dustshield Kits<\/li>\n<\/ul>\n<p><strong>Anleitung:<\/strong><\/p>\n<ul>\n<li>Die Teleskopstange mit Ringaufsatz in die Ecke des abzuschirmenden Raums stellen. Ausziehen und mit Federspannung an der Decke festklemmen.<\/li>\n<li>Die Kopfleiste mit Schaumstoff und Folie zuerst in die erste Stange und dann in die folgende einklicken. Die zweite Stange an der richtigen Stelle aufstellen und festklemmen.<\/li>\n<li>Rollen Sie die Folie aus und befestigen Sie diese mit den mitgelieferten Clips an den St\u00e4ndern. Setzen Sie den Seitenschaum auf die \u00e4u\u00dferen St\u00e4nder und klemmen Sie ihn an die Wand.<\/li>\n<li>Dichten Sie den Raum ab, indem Sie mehrere Module miteinander verbinden. So k\u00f6nnen Sie die Stoffwand leicht an jeden Raum anpassen.<\/li>\n<\/ul>\n","protected":false},"excerpt":{"rendered":"<h2>Selbsthaftendes Abdeckvlies<\/h2>\n","protected":false},"featured_media":140223,"menu_order":7,"template":"","meta":{"generate_page_header":""},"product_brand":[],"product_cat":[4384],"product_tag":[],"class_list":{"0":"post-140139","1":"product","2":"type-product","3":"status-publish","4":"has-post-thumbnail","6":"product_cat-staubschutzwand-erweiterungsmodule","7":"pa_breedte-0-65-de","8":"pa_breedte-1-de","9":"pa_breedte-2-de","10":"pa_eenheid-m-de-2","11":"pa_foliedikte-40-de","12":"pa_frame-0-de","13":"pa_lengte-25-de-2","14":"pa_lengte-50-de-2","15":"pa_matten30-0-0x30-de","16":"pa_merk-primacover-de-2","17":"pa_objecttypen-staubkontrolle","18":"","19":"woocommerce-text-align-center","20":"woocommerce-image-align-center","21":"do-quantity-buttons","23":"first","24":"instock","25":"shipping-taxable","26":"product-type-simple"},"yoast_head":"<!-- This site is optimized with the Yoast SEO Premium plugin v26.7 (Yoast SEO v27.3) - https:\/\/yoast.com\/product\/yoast-seo-premium-wordpress\/ -->\n<title>Abdeckvlies PrimaCover Standard<\/title>\n<meta name=\"description\" content=\"PrimaCover Standard ist ein Abdeckvlies das w\u00e4hrend der Bauphase einen hervorragenden Schutz gegen Schmutz, Feuchtigkeit, Rollmaterial und fallenden Werkzeugen bietet.\" \/>\n<meta name=\"robots\" content=\"index, follow, max-snippet:-1, max-image-preview:large, max-video-preview:-1\" \/>\n<link rel=\"canonical\" href=\"https:\/\/primacover.com\/de\/product\/primacover-extension-door\/\" \/>\n<meta property=\"og:locale\" content=\"de_DE\" \/>\n<meta property=\"og:type\" content=\"article\" \/>\n<meta property=\"og:title\" content=\"PrimaCover Extension Door\" \/>\n<meta property=\"og:description\" content=\"PrimaCover Standard ist ein Abdeckvlies das w\u00e4hrend der Bauphase einen hervorragenden Schutz gegen Schmutz, Feuchtigkeit, Rollmaterial und fallenden Werkzeugen bietet.\" \/>\n<meta property=\"og:url\" content=\"https:\/\/primacover.com\/de\/product\/primacover-extension-door\/\" \/>\n<meta property=\"og:site_name\" content=\"PrimaCover\" \/>\n<meta property=\"article:publisher\" content=\"https:\/\/www.facebook.com\/PrimaverdeBV\" \/>\n<meta property=\"article:modified_time\" content=\"2026-04-03T09:42:14+00:00\" \/>\n<meta property=\"og:image\" content=\"https:\/\/primacover.com\/wp-content\/uploads\/2025\/09\/Extension-Door.png\" \/>\n\t<meta property=\"og:image:width\" content=\"1200\" \/>\n\t<meta property=\"og:image:height\" content=\"1200\" \/>\n\t<meta property=\"og:image:type\" content=\"image\/png\" \/>\n<meta name=\"twitter:card\" content=\"summary_large_image\" \/>\n<meta name=\"twitter:label1\" content=\"Preis\" \/>\n\t<meta name=\"twitter:data1\" content=\"\" \/>\n\t<meta name=\"twitter:label2\" content=\"Verf\u00fcgbarkeit\" \/>\n\t<meta name=\"twitter:data2\" content=\"Auf Lager\" \/>\n<script type=\"application\/ld+json\" class=\"yoast-schema-graph\">{\"@context\":\"https:\\\/\\\/schema.org\",\"@graph\":[{\"@type\":\"WebPage\",\"@id\":\"https:\\\/\\\/primacover.com\\\/de\\\/product\\\/primacover-extension-door\\\/\",\"url\":\"https:\\\/\\\/primacover.com\\\/de\\\/product\\\/primacover-extension-door\\\/\",\"name\":\"Abdeckvlies PrimaCover Standard\",\"isPartOf\":{\"@id\":\"https:\\\/\\\/primacover.com\\\/de\\\/#website\"},\"primaryImageOfPage\":{\"@id\":\"https:\\\/\\\/primacover.com\\\/de\\\/product\\\/primacover-extension-door\\\/#primaryimage\"},\"image\":{\"@id\":\"https:\\\/\\\/primacover.com\\\/de\\\/product\\\/primacover-extension-door\\\/#primaryimage\"},\"thumbnailUrl\":\"https:\\\/\\\/primacover.com\\\/wp-content\\\/uploads\\\/2025\\\/09\\\/Extension-Door.png\",\"datePublished\":\"2025-09-10T11:54:01+00:00\",\"dateModified\":\"2026-04-03T09:42:14+00:00\",\"description\":\"PrimaCover Standard ist ein Abdeckvlies das w\u00e4hrend der Bauphase einen hervorragenden Schutz gegen Schmutz, Feuchtigkeit, Rollmaterial und fallenden Werkzeugen bietet.\",\"breadcrumb\":{\"@id\":\"https:\\\/\\\/primacover.com\\\/de\\\/product\\\/primacover-extension-door\\\/#breadcrumb\"},\"inLanguage\":\"de\",\"potentialAction\":[{\"@type\":\"ReadAction\",\"target\":[\"https:\\\/\\\/primacover.com\\\/de\\\/product\\\/primacover-extension-door\\\/\"]}]},{\"@type\":\"ImageObject\",\"inLanguage\":\"de\",\"@id\":\"https:\\\/\\\/primacover.com\\\/de\\\/product\\\/primacover-extension-door\\\/#primaryimage\",\"url\":\"https:\\\/\\\/primacover.com\\\/wp-content\\\/uploads\\\/2025\\\/09\\\/Extension-Door.png\",\"contentUrl\":\"https:\\\/\\\/primacover.com\\\/wp-content\\\/uploads\\\/2025\\\/09\\\/Extension-Door.png\",\"width\":1200,\"height\":1200},{\"@type\":\"BreadcrumbList\",\"@id\":\"https:\\\/\\\/primacover.com\\\/de\\\/product\\\/primacover-extension-door\\\/#breadcrumb\",\"itemListElement\":[{\"@type\":\"ListItem\",\"position\":1,\"name\":\"Home\",\"item\":\"https:\\\/\\\/primacover.com\\\/de\\\/\"},{\"@type\":\"ListItem\",\"position\":2,\"name\":\"Produkte\",\"item\":\"https:\\\/\\\/primacover.com\\\/de\\\/produkte\\\/\"},{\"@type\":\"ListItem\",\"position\":3,\"name\":\"PrimaCover Extension Door\"}]},{\"@type\":\"WebSite\",\"@id\":\"https:\\\/\\\/primacover.com\\\/de\\\/#website\",\"url\":\"https:\\\/\\\/primacover.com\\\/de\\\/\",\"name\":\"PrimaCover\",\"description\":\"afdekvlies-afdekfolie-stofdeuren, coveringmaterials-dustdoors\",\"publisher\":{\"@id\":\"https:\\\/\\\/primacover.com\\\/de\\\/#organization\"},\"potentialAction\":[{\"@type\":\"SearchAction\",\"target\":{\"@type\":\"EntryPoint\",\"urlTemplate\":\"https:\\\/\\\/primacover.com\\\/de\\\/?s={search_term_string}\"},\"query-input\":{\"@type\":\"PropertyValueSpecification\",\"valueRequired\":true,\"valueName\":\"search_term_string\"}}],\"inLanguage\":\"de\"},{\"@type\":\"Organization\",\"@id\":\"https:\\\/\\\/primacover.com\\\/de\\\/#organization\",\"name\":\"PrimaCover\",\"url\":\"https:\\\/\\\/primacover.com\\\/de\\\/\",\"logo\":{\"@type\":\"ImageObject\",\"inLanguage\":\"de\",\"@id\":\"https:\\\/\\\/primacover.com\\\/de\\\/#\\\/schema\\\/logo\\\/image\\\/\",\"url\":\"\",\"contentUrl\":\"\",\"caption\":\"PrimaCover\"},\"image\":{\"@id\":\"https:\\\/\\\/primacover.com\\\/de\\\/#\\\/schema\\\/logo\\\/image\\\/\"},\"sameAs\":[\"https:\\\/\\\/www.facebook.com\\\/PrimaverdeBV\",\"https:\\\/\\\/nl.linkedin.com\\\/company\\\/primaverde\",\"https:\\\/\\\/www.youtube.com\\\/channel\\\/UC3DwQqj8f8tatLdSFA0aWwA\"]}]}<\/script>\n<meta property=\"product:brand\" content=\"PrimaCover\" \/>\n<meta property=\"product:price:currency\" content=\"EUR\" \/>\n<meta property=\"og:availability\" content=\"instock\" \/>\n<meta property=\"product:availability\" content=\"instock\" \/>\n<meta property=\"product:condition\" content=\"new\" \/>\n<!-- \/ Yoast SEO Premium plugin. -->","yoast_head_json":{"title":"Abdeckvlies PrimaCover Standard","description":"PrimaCover Standard ist ein Abdeckvlies das w\u00e4hrend der Bauphase einen hervorragenden Schutz gegen Schmutz, Feuchtigkeit, Rollmaterial und fallenden Werkzeugen bietet.","robots":{"index":"index","follow":"follow","max-snippet":"max-snippet:-1","max-image-preview":"max-image-preview:large","max-video-preview":"max-video-preview:-1"},"canonical":"https:\/\/primacover.com\/de\/product\/primacover-extension-door\/","og_locale":"de_DE","og_type":"article","og_title":"PrimaCover Extension Door","og_description":"PrimaCover Standard ist ein Abdeckvlies das w\u00e4hrend der Bauphase einen hervorragenden Schutz gegen Schmutz, Feuchtigkeit, Rollmaterial und fallenden Werkzeugen bietet.","og_url":"https:\/\/primacover.com\/de\/product\/primacover-extension-door\/","og_site_name":"PrimaCover","article_publisher":"https:\/\/www.facebook.com\/PrimaverdeBV","article_modified_time":"2026-04-03T09:42:14+00:00","og_image":[{"width":1200,"height":1200,"url":"https:\/\/primacover.com\/wp-content\/uploads\/2025\/09\/Extension-Door.png","type":"image\/png"}],"twitter_card":"summary_large_image","twitter_misc":{"Preis":"","Verf\u00fcgbarkeit":"Auf Lager"},"schema":{"@context":"https:\/\/schema.org","@graph":[{"@type":"WebPage","@id":"https:\/\/primacover.com\/de\/product\/primacover-extension-door\/","url":"https:\/\/primacover.com\/de\/product\/primacover-extension-door\/","name":"Abdeckvlies PrimaCover Standard","isPartOf":{"@id":"https:\/\/primacover.com\/de\/#website"},"primaryImageOfPage":{"@id":"https:\/\/primacover.com\/de\/product\/primacover-extension-door\/#primaryimage"},"image":{"@id":"https:\/\/primacover.com\/de\/product\/primacover-extension-door\/#primaryimage"},"thumbnailUrl":"https:\/\/primacover.com\/wp-content\/uploads\/2025\/09\/Extension-Door.png","datePublished":"2025-09-10T11:54:01+00:00","dateModified":"2026-04-03T09:42:14+00:00","description":"PrimaCover Standard ist ein Abdeckvlies das w\u00e4hrend der Bauphase einen hervorragenden Schutz gegen Schmutz, Feuchtigkeit, Rollmaterial und fallenden Werkzeugen bietet.","breadcrumb":{"@id":"https:\/\/primacover.com\/de\/product\/primacover-extension-door\/#breadcrumb"},"inLanguage":"de","potentialAction":[{"@type":"ReadAction","target":["https:\/\/primacover.com\/de\/product\/primacover-extension-door\/"]}]},{"@type":"ImageObject","inLanguage":"de","@id":"https:\/\/primacover.com\/de\/product\/primacover-extension-door\/#primaryimage","url":"https:\/\/primacover.com\/wp-content\/uploads\/2025\/09\/Extension-Door.png","contentUrl":"https:\/\/primacover.com\/wp-content\/uploads\/2025\/09\/Extension-Door.png","width":1200,"height":1200},{"@type":"BreadcrumbList","@id":"https:\/\/primacover.com\/de\/product\/primacover-extension-door\/#breadcrumb","itemListElement":[{"@type":"ListItem","position":1,"name":"Home","item":"https:\/\/primacover.com\/de\/"},{"@type":"ListItem","position":2,"name":"Produkte","item":"https:\/\/primacover.com\/de\/produkte\/"},{"@type":"ListItem","position":3,"name":"PrimaCover Extension Door"}]},{"@type":"WebSite","@id":"https:\/\/primacover.com\/de\/#website","url":"https:\/\/primacover.com\/de\/","name":"PrimaCover","description":"afdekvlies-afdekfolie-stofdeuren, coveringmaterials-dustdoors","publisher":{"@id":"https:\/\/primacover.com\/de\/#organization"},"potentialAction":[{"@type":"SearchAction","target":{"@type":"EntryPoint","urlTemplate":"https:\/\/primacover.com\/de\/?s={search_term_string}"},"query-input":{"@type":"PropertyValueSpecification","valueRequired":true,"valueName":"search_term_string"}}],"inLanguage":"de"},{"@type":"Organization","@id":"https:\/\/primacover.com\/de\/#organization","name":"PrimaCover","url":"https:\/\/primacover.com\/de\/","logo":{"@type":"ImageObject","inLanguage":"de","@id":"https:\/\/primacover.com\/de\/#\/schema\/logo\/image\/","url":"","contentUrl":"","caption":"PrimaCover"},"image":{"@id":"https:\/\/primacover.com\/de\/#\/schema\/logo\/image\/"},"sameAs":["https:\/\/www.facebook.com\/PrimaverdeBV","https:\/\/nl.linkedin.com\/company\/primaverde","https:\/\/www.youtube.com\/channel\/UC3DwQqj8f8tatLdSFA0aWwA"]}]},"product_brand":"PrimaCover","product_price_currency":"EUR","og_availability":"instock","product_availability":"instock","product_condition":"new"},"_links":{"self":[{"href":"https:\/\/primacover.com\/de\/wp-json\/wp\/v2\/product\/140139","targetHints":{"allow":["GET"]}}],"collection":[{"href":"https:\/\/primacover.com\/de\/wp-json\/wp\/v2\/product"}],"about":[{"href":"https:\/\/primacover.com\/de\/wp-json\/wp\/v2\/types\/product"}],"wp:featuredmedia":[{"embeddable":true,"href":"https:\/\/primacover.com\/de\/wp-json\/wp\/v2\/media\/140223"}],"wp:attachment":[{"href":"https:\/\/primacover.com\/de\/wp-json\/wp\/v2\/media?parent=140139"}],"wp:term":[{"taxonomy":"product_brand","embeddable":true,"href":"https:\/\/primacover.com\/de\/wp-json\/wp\/v2\/product_brand?post=140139"},{"taxonomy":"product_cat","embeddable":true,"href":"https:\/\/primacover.com\/de\/wp-json\/wp\/v2\/product_cat?post=140139"},{"taxonomy":"product_tag","embeddable":true,"href":"https:\/\/primacover.com\/de\/wp-json\/wp\/v2\/product_tag?post=140139"}],"curies":[{"name":"wp","href":"https:\/\/api.w.org\/{rel}","templated":true}]}}