{"id":141775,"date":"2026-05-13T11:13:24","date_gmt":"2026-05-13T09:13:24","guid":{"rendered":"https:\/\/primacover.com\/?post_type=product&#038;p=141775"},"modified":"2026-05-13T15:24:37","modified_gmt":"2026-05-13T13:24:37","slug":"primacover-carpet-fr","status":"publish","type":"product","link":"https:\/\/primacover.com\/de\/product\/primacover-carpet-fr\/","title":{"rendered":"PrimaCover Carpet FR"},"content":{"rendered":"<h2>Flammhemmende Teppichschutzfolie<\/h2>\n<p>PrimaCover Carpet FR ist eine starke, selbstklebende und flammhemmende Schutzfolie, speziell entwickelt f\u00fcr die sichere Abdeckung von Teppichen auf B\u00f6den und Treppen. Die Folie haftet zuverl\u00e4ssig, sch\u00fctzt effektiv und l\u00e4sst sich nach Gebrauch leicht und ohne Kleber\u00fcckst\u00e4nde entfernen. Ideal f\u00fcr den Einsatz bei der Projektgestaltung, in maritimen Anwendungen und bei Bau-, Ausbau-, Renovierungs- und Malerarbeiten, bei denen zus\u00e4tzliche Brandschutzma\u00dfnahmen erforderlich sind.<\/p>\n<p><strong>Eigenschaften:<\/strong><\/p>\n<ul>\n<li>Flammhemmend (nach EN 13501-1 Bfl s1)<\/li>\n<li>Selbstklebend<\/li>\n<li>Einfaches entfernen ohne R\u00fcckst\u00e4nde<\/li>\n<li>St\u00e4rke 50\u00b5m<\/li>\n<li>Geeignet f\u00fcr den PrimaCover Film Dispenser<\/li>\n<li>Abmessungen:<\/li>\n<li>62,5cm x 100m<\/li>\n<\/ul>\n<p><strong>Anwendung:<\/strong><\/p>\n<ul>\n<li>Speziell f\u00fcr textile B\u00f6denbel\u00e4ge.<\/li>\n<li>F\u00fcr B\u00f6den und Treppen.<\/li>\n<\/ul>\n<p><strong>Anleitung:<\/strong><\/p>\n<ul>\n<li>Eignung des Produktes im Voraus testen.<\/li>\n<li>Fussbodenheizung vor der Verlegung ausschalten.<\/li>\n<\/ul>\n","protected":false},"excerpt":{"rendered":"<h2>Selbstklebende Schutzfolie f\u00fcr Teppich<\/h2>\n","protected":false},"featured_media":142215,"menu_order":30,"template":"","meta":{"generate_page_header":""},"product_brand":[],"product_cat":[453],"product_tag":[3397,3119],"class_list":{"0":"post-141775","1":"product","2":"type-product","3":"status-publish","4":"has-post-thumbnail","6":"product_cat-abdeckfolie","7":"product_tag-bestehend-durchgetrocknet-enthalt-keine-feuchtigkeit","8":"product_tag-selbsthaftend-de","9":"pa_breedte-0-625-de","10":"pa_eenheid-m-de-2","11":"pa_foliedikte-100-de","12":"pa_foliedikte-50-de","13":"pa_frame-0-de","14":"pa_lengte-100-de","15":"pa_matten30-0-0x30-de","16":"pa_merk-primacover-de-2","17":"pa_objecttypen-boden","18":"pa_objecttypen-treppe","19":"pa_ondergrond-teppich-hochflor","20":"pa_ondergrond-teppich-niederflor","21":"","22":"woocommerce-text-align-center","23":"woocommerce-image-align-center","24":"do-quantity-buttons","26":"first","27":"instock","28":"shipping-taxable","29":"product-type-simple"},"yoast_head":"<!-- This site is optimized with the Yoast SEO Premium plugin v27.4 (Yoast SEO v27.6) - https:\/\/yoast.com\/product\/yoast-seo-premium-wordpress\/ -->\n<title>Abdeckfolie PrimaCover Carpet<\/title>\n<meta name=\"description\" content=\"PrimaCover Carpet ist eine starke, selbstklebende, wasserdichte Folie zum sicheren Abdecken von Teppichb\u00f6den und Treppen w\u00e4hrend der Projektplanung, Bau-, Ausbau-, Renovierungs- und Malerarbeiten. L\u00e4sst sich leicht entfernen, ohne Kleber\u00fcckst\u00e4nde zu hinterlassen (bis zu 4 Wochen).\" \/>\n<meta name=\"robots\" content=\"index, follow, max-snippet:-1, max-image-preview:large, max-video-preview:-1\" \/>\n<link rel=\"canonical\" href=\"https:\/\/primacover.com\/de\/product\/primacover-carpet-fr\/\" \/>\n<meta property=\"og:locale\" content=\"de_DE\" \/>\n<meta property=\"og:type\" content=\"article\" \/>\n<meta property=\"og:title\" content=\"PrimaCover Carpet FR\" \/>\n<meta property=\"og:description\" content=\"PrimaCover Carpet ist eine starke, selbstklebende, wasserdichte Folie zum sicheren Abdecken von Teppichb\u00f6den und Treppen w\u00e4hrend der Projektplanung, Bau-, Ausbau-, Renovierungs- und Malerarbeiten. L\u00e4sst sich leicht entfernen, ohne Kleber\u00fcckst\u00e4nde zu hinterlassen (bis zu 4 Wochen).\" \/>\n<meta property=\"og:url\" content=\"https:\/\/primacover.com\/de\/product\/primacover-carpet-fr\/\" \/>\n<meta property=\"og:site_name\" content=\"PrimaCover\" \/>\n<meta property=\"article:publisher\" content=\"https:\/\/www.facebook.com\/PrimaverdeBV\" \/>\n<meta property=\"article:modified_time\" content=\"2026-05-13T13:24:37+00:00\" \/>\n<meta property=\"og:image\" content=\"https:\/\/primacover.com\/wp-content\/uploads\/2026\/02\/CarpetFR_P0NZ_s02-scaled.jpg\" \/>\n\t<meta property=\"og:image:width\" content=\"2560\" \/>\n\t<meta property=\"og:image:height\" content=\"2560\" \/>\n\t<meta property=\"og:image:type\" content=\"image\/jpeg\" \/>\n<meta name=\"twitter:card\" content=\"summary_large_image\" \/>\n<meta name=\"twitter:label1\" content=\"Preis\" \/>\n\t<meta name=\"twitter:data1\" content=\"\" \/>\n\t<meta name=\"twitter:label2\" content=\"Verf\u00fcgbarkeit\" \/>\n\t<meta name=\"twitter:data2\" content=\"Auf Lager\" \/>\n<script type=\"application\/ld+json\" class=\"yoast-schema-graph\">{\"@context\":\"https:\\\/\\\/schema.org\",\"@graph\":[{\"@type\":\"WebPage\",\"@id\":\"https:\\\/\\\/primacover.com\\\/de\\\/product\\\/primacover-carpet-fr\\\/\",\"url\":\"https:\\\/\\\/primacover.com\\\/de\\\/product\\\/primacover-carpet-fr\\\/\",\"name\":\"Abdeckfolie PrimaCover Carpet\",\"isPartOf\":{\"@id\":\"https:\\\/\\\/primacover.com\\\/de\\\/#website\"},\"primaryImageOfPage\":{\"@id\":\"https:\\\/\\\/primacover.com\\\/de\\\/product\\\/primacover-carpet-fr\\\/#primaryimage\"},\"image\":{\"@id\":\"https:\\\/\\\/primacover.com\\\/de\\\/product\\\/primacover-carpet-fr\\\/#primaryimage\"},\"thumbnailUrl\":\"https:\\\/\\\/primacover.com\\\/wp-content\\\/uploads\\\/2026\\\/02\\\/CarpetFR_P0NZ_s02-scaled.jpg\",\"datePublished\":\"2026-05-13T09:13:24+00:00\",\"dateModified\":\"2026-05-13T13:24:37+00:00\",\"description\":\"PrimaCover Carpet ist eine starke, selbstklebende, wasserdichte Folie zum sicheren Abdecken von Teppichb\u00f6den und Treppen w\u00e4hrend der Projektplanung, Bau-, Ausbau-, Renovierungs- und Malerarbeiten. L\u00e4sst sich leicht entfernen, ohne Kleber\u00fcckst\u00e4nde zu hinterlassen (bis zu 4 Wochen).\",\"breadcrumb\":{\"@id\":\"https:\\\/\\\/primacover.com\\\/de\\\/product\\\/primacover-carpet-fr\\\/#breadcrumb\"},\"inLanguage\":\"de\",\"potentialAction\":[{\"@type\":\"ReadAction\",\"target\":[\"https:\\\/\\\/primacover.com\\\/de\\\/product\\\/primacover-carpet-fr\\\/\"]}]},{\"@type\":\"ImageObject\",\"inLanguage\":\"de\",\"@id\":\"https:\\\/\\\/primacover.com\\\/de\\\/product\\\/primacover-carpet-fr\\\/#primaryimage\",\"url\":\"https:\\\/\\\/primacover.com\\\/wp-content\\\/uploads\\\/2026\\\/02\\\/CarpetFR_P0NZ_s02-scaled.jpg\",\"contentUrl\":\"https:\\\/\\\/primacover.com\\\/wp-content\\\/uploads\\\/2026\\\/02\\\/CarpetFR_P0NZ_s02-scaled.jpg\",\"width\":2560,\"height\":2560},{\"@type\":\"BreadcrumbList\",\"@id\":\"https:\\\/\\\/primacover.com\\\/de\\\/product\\\/primacover-carpet-fr\\\/#breadcrumb\",\"itemListElement\":[{\"@type\":\"ListItem\",\"position\":1,\"name\":\"Home\",\"item\":\"https:\\\/\\\/primacover.com\\\/de\\\/\"},{\"@type\":\"ListItem\",\"position\":2,\"name\":\"Produkte\",\"item\":\"https:\\\/\\\/primacover.com\\\/de\\\/produkte\\\/\"},{\"@type\":\"ListItem\",\"position\":3,\"name\":\"PrimaCover Carpet FR\"}]},{\"@type\":\"WebSite\",\"@id\":\"https:\\\/\\\/primacover.com\\\/de\\\/#website\",\"url\":\"https:\\\/\\\/primacover.com\\\/de\\\/\",\"name\":\"PrimaCover\",\"description\":\"afdekvlies-afdekfolie-stofdeuren, coveringmaterials-dustdoors\",\"publisher\":{\"@id\":\"https:\\\/\\\/primacover.com\\\/de\\\/#organization\"},\"potentialAction\":[{\"@type\":\"SearchAction\",\"target\":{\"@type\":\"EntryPoint\",\"urlTemplate\":\"https:\\\/\\\/primacover.com\\\/de\\\/?s={search_term_string}\"},\"query-input\":{\"@type\":\"PropertyValueSpecification\",\"valueRequired\":true,\"valueName\":\"search_term_string\"}}],\"inLanguage\":\"de\"},{\"@type\":\"Organization\",\"@id\":\"https:\\\/\\\/primacover.com\\\/de\\\/#organization\",\"name\":\"PrimaCover\",\"url\":\"https:\\\/\\\/primacover.com\\\/de\\\/\",\"logo\":{\"@type\":\"ImageObject\",\"inLanguage\":\"de\",\"@id\":\"https:\\\/\\\/primacover.com\\\/de\\\/#\\\/schema\\\/logo\\\/image\\\/\",\"url\":\"\",\"contentUrl\":\"\",\"caption\":\"PrimaCover\"},\"image\":{\"@id\":\"https:\\\/\\\/primacover.com\\\/de\\\/#\\\/schema\\\/logo\\\/image\\\/\"},\"sameAs\":[\"https:\\\/\\\/www.facebook.com\\\/PrimaverdeBV\",\"https:\\\/\\\/nl.linkedin.com\\\/company\\\/primaverde\",\"https:\\\/\\\/www.youtube.com\\\/channel\\\/UC3DwQqj8f8tatLdSFA0aWwA\"]}]}<\/script>\n<meta property=\"product:brand\" content=\"PrimaCover\" \/>\n<meta property=\"product:price:currency\" content=\"EUR\" \/>\n<meta property=\"og:availability\" content=\"instock\" \/>\n<meta property=\"product:availability\" content=\"instock\" \/>\n<meta property=\"product:condition\" content=\"new\" \/>\n<!-- \/ Yoast SEO Premium plugin. -->","yoast_head_json":{"title":"Abdeckfolie PrimaCover Carpet","description":"PrimaCover Carpet ist eine starke, selbstklebende, wasserdichte Folie zum sicheren Abdecken von Teppichb\u00f6den und Treppen w\u00e4hrend der Projektplanung, Bau-, Ausbau-, Renovierungs- und Malerarbeiten. L\u00e4sst sich leicht entfernen, ohne Kleber\u00fcckst\u00e4nde zu hinterlassen (bis zu 4 Wochen).","robots":{"index":"index","follow":"follow","max-snippet":"max-snippet:-1","max-image-preview":"max-image-preview:large","max-video-preview":"max-video-preview:-1"},"canonical":"https:\/\/primacover.com\/de\/product\/primacover-carpet-fr\/","og_locale":"de_DE","og_type":"article","og_title":"PrimaCover Carpet FR","og_description":"PrimaCover Carpet ist eine starke, selbstklebende, wasserdichte Folie zum sicheren Abdecken von Teppichb\u00f6den und Treppen w\u00e4hrend der Projektplanung, Bau-, Ausbau-, Renovierungs- und Malerarbeiten. L\u00e4sst sich leicht entfernen, ohne Kleber\u00fcckst\u00e4nde zu hinterlassen (bis zu 4 Wochen).","og_url":"https:\/\/primacover.com\/de\/product\/primacover-carpet-fr\/","og_site_name":"PrimaCover","article_publisher":"https:\/\/www.facebook.com\/PrimaverdeBV","article_modified_time":"2026-05-13T13:24:37+00:00","og_image":[{"width":2560,"height":2560,"url":"https:\/\/primacover.com\/wp-content\/uploads\/2026\/02\/CarpetFR_P0NZ_s02-scaled.jpg","type":"image\/jpeg"}],"twitter_card":"summary_large_image","twitter_misc":{"Preis":"","Verf\u00fcgbarkeit":"Auf Lager"},"schema":{"@context":"https:\/\/schema.org","@graph":[{"@type":"WebPage","@id":"https:\/\/primacover.com\/de\/product\/primacover-carpet-fr\/","url":"https:\/\/primacover.com\/de\/product\/primacover-carpet-fr\/","name":"Abdeckfolie PrimaCover Carpet","isPartOf":{"@id":"https:\/\/primacover.com\/de\/#website"},"primaryImageOfPage":{"@id":"https:\/\/primacover.com\/de\/product\/primacover-carpet-fr\/#primaryimage"},"image":{"@id":"https:\/\/primacover.com\/de\/product\/primacover-carpet-fr\/#primaryimage"},"thumbnailUrl":"https:\/\/primacover.com\/wp-content\/uploads\/2026\/02\/CarpetFR_P0NZ_s02-scaled.jpg","datePublished":"2026-05-13T09:13:24+00:00","dateModified":"2026-05-13T13:24:37+00:00","description":"PrimaCover Carpet ist eine starke, selbstklebende, wasserdichte Folie zum sicheren Abdecken von Teppichb\u00f6den und Treppen w\u00e4hrend der Projektplanung, Bau-, Ausbau-, Renovierungs- und Malerarbeiten. L\u00e4sst sich leicht entfernen, ohne Kleber\u00fcckst\u00e4nde zu hinterlassen (bis zu 4 Wochen).","breadcrumb":{"@id":"https:\/\/primacover.com\/de\/product\/primacover-carpet-fr\/#breadcrumb"},"inLanguage":"de","potentialAction":[{"@type":"ReadAction","target":["https:\/\/primacover.com\/de\/product\/primacover-carpet-fr\/"]}]},{"@type":"ImageObject","inLanguage":"de","@id":"https:\/\/primacover.com\/de\/product\/primacover-carpet-fr\/#primaryimage","url":"https:\/\/primacover.com\/wp-content\/uploads\/2026\/02\/CarpetFR_P0NZ_s02-scaled.jpg","contentUrl":"https:\/\/primacover.com\/wp-content\/uploads\/2026\/02\/CarpetFR_P0NZ_s02-scaled.jpg","width":2560,"height":2560},{"@type":"BreadcrumbList","@id":"https:\/\/primacover.com\/de\/product\/primacover-carpet-fr\/#breadcrumb","itemListElement":[{"@type":"ListItem","position":1,"name":"Home","item":"https:\/\/primacover.com\/de\/"},{"@type":"ListItem","position":2,"name":"Produkte","item":"https:\/\/primacover.com\/de\/produkte\/"},{"@type":"ListItem","position":3,"name":"PrimaCover Carpet FR"}]},{"@type":"WebSite","@id":"https:\/\/primacover.com\/de\/#website","url":"https:\/\/primacover.com\/de\/","name":"PrimaCover","description":"afdekvlies-afdekfolie-stofdeuren, coveringmaterials-dustdoors","publisher":{"@id":"https:\/\/primacover.com\/de\/#organization"},"potentialAction":[{"@type":"SearchAction","target":{"@type":"EntryPoint","urlTemplate":"https:\/\/primacover.com\/de\/?s={search_term_string}"},"query-input":{"@type":"PropertyValueSpecification","valueRequired":true,"valueName":"search_term_string"}}],"inLanguage":"de"},{"@type":"Organization","@id":"https:\/\/primacover.com\/de\/#organization","name":"PrimaCover","url":"https:\/\/primacover.com\/de\/","logo":{"@type":"ImageObject","inLanguage":"de","@id":"https:\/\/primacover.com\/de\/#\/schema\/logo\/image\/","url":"","contentUrl":"","caption":"PrimaCover"},"image":{"@id":"https:\/\/primacover.com\/de\/#\/schema\/logo\/image\/"},"sameAs":["https:\/\/www.facebook.com\/PrimaverdeBV","https:\/\/nl.linkedin.com\/company\/primaverde","https:\/\/www.youtube.com\/channel\/UC3DwQqj8f8tatLdSFA0aWwA"]}]},"product_brand":"PrimaCover","product_price_currency":"EUR","og_availability":"instock","product_availability":"instock","product_condition":"new"},"_links":{"self":[{"href":"https:\/\/primacover.com\/de\/wp-json\/wp\/v2\/product\/141775","targetHints":{"allow":["GET"]}}],"collection":[{"href":"https:\/\/primacover.com\/de\/wp-json\/wp\/v2\/product"}],"about":[{"href":"https:\/\/primacover.com\/de\/wp-json\/wp\/v2\/types\/product"}],"wp:featuredmedia":[{"embeddable":true,"href":"https:\/\/primacover.com\/de\/wp-json\/wp\/v2\/media\/142215"}],"wp:attachment":[{"href":"https:\/\/primacover.com\/de\/wp-json\/wp\/v2\/media?parent=141775"}],"wp:term":[{"taxonomy":"product_brand","embeddable":true,"href":"https:\/\/primacover.com\/de\/wp-json\/wp\/v2\/product_brand?post=141775"},{"taxonomy":"product_cat","embeddable":true,"href":"https:\/\/primacover.com\/de\/wp-json\/wp\/v2\/product_cat?post=141775"},{"taxonomy":"product_tag","embeddable":true,"href":"https:\/\/primacover.com\/de\/wp-json\/wp\/v2\/product_tag?post=141775"}],"curies":[{"name":"wp","href":"https:\/\/api.w.org\/{rel}","templated":true}]}}