{"id":131595,"date":"2022-05-02T12:54:30","date_gmt":"2022-05-02T10:54:30","guid":{"rendered":"https:\/\/primacover.com\/product\/primacover-hardfloor\/"},"modified":"2026-04-03T11:39:03","modified_gmt":"2026-04-03T09:39:03","slug":"primacover-hardfloor","status":"publish","type":"product","link":"https:\/\/primacover.com\/fr\/product\/primacover-hardfloor\/","title":{"rendered":"PrimaCover Hardfloor"},"content":{"rendered":"<h2>Film autocollant pour sols durs<\/h2>\n<p>PrimaCover Hardfloor est un film solide, autocollant, \u00e9tanche aux liquides, pour une protection en toute s\u00e9curit\u00e9 des supports durs. Id\u00e9al pour les sols et les escaliers. Prot\u00e8ge des l\u00e9gers dommages et des mat\u00e9riaux pouvant \u00eatre renvers\u00e9s. Id\u00e9al lors de travaux d\u2019am\u00e9nagement, de construction, de transformation, d\u2019assainissement et de peinture.<\/p>\n<p><strong>Propri\u00e9t\u00e9s:<\/strong><\/p>\n<ul>\n<li>Sp\u00e9cialement \u00e9tudi\u00e9 pour les sols durs<\/li>\n<li>Auto-adh\u00e9sif<\/li>\n<li>Simple \u00e0 enlever<\/li>\n<li>\u00c9paisseur 50\u00b5m<\/li>\n<\/ul>\n<p><strong>Utilisation:<\/strong><\/p>\n<ul>\n<li>Pour les surfaces durs parfaitement s\u00e8ches.<\/li>\n<li>Sur les sols et les escaliers.<\/li>\n<\/ul>\n<p><strong>Instructions:<\/strong><\/p>\n<ul>\n<li>Tester au pr\u00e9alable l\u2019aptitude du produit. <\/li>\n<li>Arr\u00eater le chauffage au sol avant la pose.<\/li>\n<li>Retirer dans les 4 semaines.<\/li>\n<\/ul>\n","protected":false},"excerpt":{"rendered":"<h2>Film de protection autocollant pour sols durs<\/h2>\n","protected":false},"featured_media":129364,"menu_order":31,"template":"","meta":{"generate_page_header":""},"product_brand":[],"product_cat":[452],"product_tag":[3123,4035],"class_list":{"0":"post-131595","1":"product","2":"type-product","3":"status-publish","4":"has-post-thumbnail","6":"product_cat-film-protecteur","7":"product_tag-autoadhesif","8":"product_tag-existant-et-parfaitement-sechesne-contient-pas-dhumidite-fr","9":"pa_breedte-0-625-fr","10":"pa_eenheid-m-fr","11":"pa_foliedikte-50-fr","12":"pa_frame-0-fr","13":"pa_lengte-100-fr","14":"pa_matten30-0-0x30-fr","15":"pa_merk-primacover-fr","16":"pa_objecttypen-escaliers","17":"pa_objecttypen-sol","18":"pa_ondergrond-bois","19":"pa_ondergrond-ceramique","20":"pa_ondergrond-lamine","21":"pa_ondergrond-linoleum-fr","22":"pa_ondergrond-parquet-fr","23":"pa_ondergrond-plastique","24":"pa_ondergrond-pvc-couche-superieure-en-pu","25":"pa_ondergrond-sol-coule-en-plastique","26":"pa_ondergrond-vinyle","27":"","28":"woocommerce-text-align-center","29":"woocommerce-image-align-center","30":"do-quantity-buttons","32":"first","33":"instock","34":"shipping-taxable","35":"product-type-simple"},"yoast_head":"<!-- This site is optimized with the Yoast SEO Premium plugin v26.7 (Yoast SEO v27.3) - https:\/\/yoast.com\/product\/yoast-seo-premium-wordpress\/ -->\n<title>Film protecteur PrimaCover Hardfloor<\/title>\n<meta name=\"description\" content=\"PrimaCover Hardfloor est un film rigide, autocollant, \u00e9tanche \u00e0 l\u203aeau, pour une protection en toute s\u00e9curit\u00e9 des supports durs. Id\u00e9al pour les sols et les escaliers. Prot\u00e8ge de l\u00e9gers dommages et des mat\u00e9riaux pouvant \u00eatre renvers\u00e9s. Id\u00e9al lors de travaux d\u2019am\u00e9nagement, de construction, de transformation, d\u2019assainissement et de peinture.\" \/>\n<meta name=\"robots\" content=\"index, follow, max-snippet:-1, max-image-preview:large, max-video-preview:-1\" \/>\n<link rel=\"canonical\" href=\"https:\/\/primacover.com\/fr\/product\/primacover-hardfloor\/\" \/>\n<meta property=\"og:locale\" content=\"fr_FR\" \/>\n<meta property=\"og:type\" content=\"article\" \/>\n<meta property=\"og:title\" content=\"PrimaCover Hardfloor\" \/>\n<meta property=\"og:description\" content=\"PrimaCover Hardfloor est un film rigide, autocollant, \u00e9tanche \u00e0 l\u203aeau, pour une protection en toute s\u00e9curit\u00e9 des supports durs. Id\u00e9al pour les sols et les escaliers. Prot\u00e8ge de l\u00e9gers dommages et des mat\u00e9riaux pouvant \u00eatre renvers\u00e9s. Id\u00e9al lors de travaux d\u2019am\u00e9nagement, de construction, de transformation, d\u2019assainissement et de peinture.\" \/>\n<meta property=\"og:url\" content=\"https:\/\/primacover.com\/fr\/product\/primacover-hardfloor\/\" \/>\n<meta property=\"og:site_name\" content=\"PrimaCover\" \/>\n<meta property=\"article:publisher\" content=\"https:\/\/www.facebook.com\/PrimaverdeBV\" \/>\n<meta property=\"article:modified_time\" content=\"2026-04-03T09:39:03+00:00\" \/>\n<meta property=\"og:image\" content=\"https:\/\/primacover.com\/wp-content\/uploads\/2022\/04\/Hardfloor_P0NZ_s01.jpg\" \/>\n\t<meta property=\"og:image:width\" content=\"600\" \/>\n\t<meta property=\"og:image:height\" content=\"600\" \/>\n\t<meta property=\"og:image:type\" content=\"image\/jpeg\" \/>\n<meta name=\"twitter:card\" content=\"summary_large_image\" \/>\n<meta name=\"twitter:label1\" content=\"Prix\" \/>\n\t<meta name=\"twitter:data1\" content=\"\" \/>\n\t<meta name=\"twitter:label2\" content=\"Disponibilit\u00e9\" \/>\n\t<meta name=\"twitter:data2\" content=\"En stock\" \/>\n<script type=\"application\/ld+json\" class=\"yoast-schema-graph\">{\"@context\":\"https:\\\/\\\/schema.org\",\"@graph\":[{\"@type\":\"WebPage\",\"@id\":\"https:\\\/\\\/primacover.com\\\/fr\\\/product\\\/primacover-hardfloor\\\/\",\"url\":\"https:\\\/\\\/primacover.com\\\/fr\\\/product\\\/primacover-hardfloor\\\/\",\"name\":\"Film protecteur PrimaCover Hardfloor\",\"isPartOf\":{\"@id\":\"https:\\\/\\\/primacover.com\\\/fr\\\/#website\"},\"primaryImageOfPage\":{\"@id\":\"https:\\\/\\\/primacover.com\\\/fr\\\/product\\\/primacover-hardfloor\\\/#primaryimage\"},\"image\":{\"@id\":\"https:\\\/\\\/primacover.com\\\/fr\\\/product\\\/primacover-hardfloor\\\/#primaryimage\"},\"thumbnailUrl\":\"https:\\\/\\\/primacover.com\\\/wp-content\\\/uploads\\\/2022\\\/04\\\/Hardfloor_P0NZ_s01.jpg\",\"datePublished\":\"2022-05-02T10:54:30+00:00\",\"dateModified\":\"2026-04-03T09:39:03+00:00\",\"description\":\"PrimaCover Hardfloor est un film rigide, autocollant, \u00e9tanche \u00e0 l\u203aeau, pour une protection en toute s\u00e9curit\u00e9 des supports durs. Id\u00e9al pour les sols et les escaliers. Prot\u00e8ge de l\u00e9gers dommages et des mat\u00e9riaux pouvant \u00eatre renvers\u00e9s. Id\u00e9al lors de travaux d\u2019am\u00e9nagement, de construction, de transformation, d\u2019assainissement et de peinture.\",\"breadcrumb\":{\"@id\":\"https:\\\/\\\/primacover.com\\\/fr\\\/product\\\/primacover-hardfloor\\\/#breadcrumb\"},\"inLanguage\":\"fr-FR\",\"potentialAction\":[{\"@type\":\"ReadAction\",\"target\":[\"https:\\\/\\\/primacover.com\\\/fr\\\/product\\\/primacover-hardfloor\\\/\"]}]},{\"@type\":\"ImageObject\",\"inLanguage\":\"fr-FR\",\"@id\":\"https:\\\/\\\/primacover.com\\\/fr\\\/product\\\/primacover-hardfloor\\\/#primaryimage\",\"url\":\"https:\\\/\\\/primacover.com\\\/wp-content\\\/uploads\\\/2022\\\/04\\\/Hardfloor_P0NZ_s01.jpg\",\"contentUrl\":\"https:\\\/\\\/primacover.com\\\/wp-content\\\/uploads\\\/2022\\\/04\\\/Hardfloor_P0NZ_s01.jpg\",\"width\":600,\"height\":600,\"caption\":\"900090 PrimaCover Hardfloor Pratique gs1_01\"},{\"@type\":\"BreadcrumbList\",\"@id\":\"https:\\\/\\\/primacover.com\\\/fr\\\/product\\\/primacover-hardfloor\\\/#breadcrumb\",\"itemListElement\":[{\"@type\":\"ListItem\",\"position\":1,\"name\":\"Home\",\"item\":\"https:\\\/\\\/primacover.com\\\/fr\\\/\"},{\"@type\":\"ListItem\",\"position\":2,\"name\":\"Produits\",\"item\":\"https:\\\/\\\/primacover.com\\\/fr\\\/produits\\\/\"},{\"@type\":\"ListItem\",\"position\":3,\"name\":\"PrimaCover Hardfloor\"}]},{\"@type\":\"WebSite\",\"@id\":\"https:\\\/\\\/primacover.com\\\/fr\\\/#website\",\"url\":\"https:\\\/\\\/primacover.com\\\/fr\\\/\",\"name\":\"PrimaCover\",\"description\":\"afdekvlies-afdekfolie-stofdeuren, coveringmaterials-dustdoors\",\"publisher\":{\"@id\":\"https:\\\/\\\/primacover.com\\\/fr\\\/#organization\"},\"potentialAction\":[{\"@type\":\"SearchAction\",\"target\":{\"@type\":\"EntryPoint\",\"urlTemplate\":\"https:\\\/\\\/primacover.com\\\/fr\\\/?s={search_term_string}\"},\"query-input\":{\"@type\":\"PropertyValueSpecification\",\"valueRequired\":true,\"valueName\":\"search_term_string\"}}],\"inLanguage\":\"fr-FR\"},{\"@type\":\"Organization\",\"@id\":\"https:\\\/\\\/primacover.com\\\/fr\\\/#organization\",\"name\":\"PrimaCover\",\"url\":\"https:\\\/\\\/primacover.com\\\/fr\\\/\",\"logo\":{\"@type\":\"ImageObject\",\"inLanguage\":\"fr-FR\",\"@id\":\"https:\\\/\\\/primacover.com\\\/fr\\\/#\\\/schema\\\/logo\\\/image\\\/\",\"url\":\"\",\"contentUrl\":\"\",\"caption\":\"PrimaCover\"},\"image\":{\"@id\":\"https:\\\/\\\/primacover.com\\\/fr\\\/#\\\/schema\\\/logo\\\/image\\\/\"},\"sameAs\":[\"https:\\\/\\\/www.facebook.com\\\/PrimaverdeBV\",\"https:\\\/\\\/nl.linkedin.com\\\/company\\\/primaverde\",\"https:\\\/\\\/www.youtube.com\\\/channel\\\/UC3DwQqj8f8tatLdSFA0aWwA\"]}]}<\/script>\n<meta property=\"product:brand\" content=\"PrimaCover\" \/>\n<meta property=\"product:price:currency\" content=\"EUR\" \/>\n<meta property=\"og:availability\" content=\"instock\" \/>\n<meta property=\"product:availability\" content=\"instock\" \/>\n<meta property=\"product:retailer_item_id\" content=\"PC900090\" \/>\n<meta property=\"product:condition\" content=\"new\" \/>\n<!-- \/ Yoast SEO Premium plugin. -->","yoast_head_json":{"title":"Film protecteur PrimaCover Hardfloor","description":"PrimaCover Hardfloor est un film rigide, autocollant, \u00e9tanche \u00e0 l\u203aeau, pour une protection en toute s\u00e9curit\u00e9 des supports durs. Id\u00e9al pour les sols et les escaliers. Prot\u00e8ge de l\u00e9gers dommages et des mat\u00e9riaux pouvant \u00eatre renvers\u00e9s. Id\u00e9al lors de travaux d\u2019am\u00e9nagement, de construction, de transformation, d\u2019assainissement et de peinture.","robots":{"index":"index","follow":"follow","max-snippet":"max-snippet:-1","max-image-preview":"max-image-preview:large","max-video-preview":"max-video-preview:-1"},"canonical":"https:\/\/primacover.com\/fr\/product\/primacover-hardfloor\/","og_locale":"fr_FR","og_type":"article","og_title":"PrimaCover Hardfloor","og_description":"PrimaCover Hardfloor est un film rigide, autocollant, \u00e9tanche \u00e0 l\u203aeau, pour une protection en toute s\u00e9curit\u00e9 des supports durs. Id\u00e9al pour les sols et les escaliers. Prot\u00e8ge de l\u00e9gers dommages et des mat\u00e9riaux pouvant \u00eatre renvers\u00e9s. Id\u00e9al lors de travaux d\u2019am\u00e9nagement, de construction, de transformation, d\u2019assainissement et de peinture.","og_url":"https:\/\/primacover.com\/fr\/product\/primacover-hardfloor\/","og_site_name":"PrimaCover","article_publisher":"https:\/\/www.facebook.com\/PrimaverdeBV","article_modified_time":"2026-04-03T09:39:03+00:00","og_image":[{"width":600,"height":600,"url":"https:\/\/primacover.com\/wp-content\/uploads\/2022\/04\/Hardfloor_P0NZ_s01.jpg","type":"image\/jpeg"}],"twitter_card":"summary_large_image","twitter_misc":{"Prix":"","Disponibilit\u00e9":"En stock"},"schema":{"@context":"https:\/\/schema.org","@graph":[{"@type":"WebPage","@id":"https:\/\/primacover.com\/fr\/product\/primacover-hardfloor\/","url":"https:\/\/primacover.com\/fr\/product\/primacover-hardfloor\/","name":"Film protecteur PrimaCover Hardfloor","isPartOf":{"@id":"https:\/\/primacover.com\/fr\/#website"},"primaryImageOfPage":{"@id":"https:\/\/primacover.com\/fr\/product\/primacover-hardfloor\/#primaryimage"},"image":{"@id":"https:\/\/primacover.com\/fr\/product\/primacover-hardfloor\/#primaryimage"},"thumbnailUrl":"https:\/\/primacover.com\/wp-content\/uploads\/2022\/04\/Hardfloor_P0NZ_s01.jpg","datePublished":"2022-05-02T10:54:30+00:00","dateModified":"2026-04-03T09:39:03+00:00","description":"PrimaCover Hardfloor est un film rigide, autocollant, \u00e9tanche \u00e0 l\u203aeau, pour une protection en toute s\u00e9curit\u00e9 des supports durs. Id\u00e9al pour les sols et les escaliers. Prot\u00e8ge de l\u00e9gers dommages et des mat\u00e9riaux pouvant \u00eatre renvers\u00e9s. Id\u00e9al lors de travaux d\u2019am\u00e9nagement, de construction, de transformation, d\u2019assainissement et de peinture.","breadcrumb":{"@id":"https:\/\/primacover.com\/fr\/product\/primacover-hardfloor\/#breadcrumb"},"inLanguage":"fr-FR","potentialAction":[{"@type":"ReadAction","target":["https:\/\/primacover.com\/fr\/product\/primacover-hardfloor\/"]}]},{"@type":"ImageObject","inLanguage":"fr-FR","@id":"https:\/\/primacover.com\/fr\/product\/primacover-hardfloor\/#primaryimage","url":"https:\/\/primacover.com\/wp-content\/uploads\/2022\/04\/Hardfloor_P0NZ_s01.jpg","contentUrl":"https:\/\/primacover.com\/wp-content\/uploads\/2022\/04\/Hardfloor_P0NZ_s01.jpg","width":600,"height":600,"caption":"900090 PrimaCover Hardfloor Pratique gs1_01"},{"@type":"BreadcrumbList","@id":"https:\/\/primacover.com\/fr\/product\/primacover-hardfloor\/#breadcrumb","itemListElement":[{"@type":"ListItem","position":1,"name":"Home","item":"https:\/\/primacover.com\/fr\/"},{"@type":"ListItem","position":2,"name":"Produits","item":"https:\/\/primacover.com\/fr\/produits\/"},{"@type":"ListItem","position":3,"name":"PrimaCover Hardfloor"}]},{"@type":"WebSite","@id":"https:\/\/primacover.com\/fr\/#website","url":"https:\/\/primacover.com\/fr\/","name":"PrimaCover","description":"afdekvlies-afdekfolie-stofdeuren, coveringmaterials-dustdoors","publisher":{"@id":"https:\/\/primacover.com\/fr\/#organization"},"potentialAction":[{"@type":"SearchAction","target":{"@type":"EntryPoint","urlTemplate":"https:\/\/primacover.com\/fr\/?s={search_term_string}"},"query-input":{"@type":"PropertyValueSpecification","valueRequired":true,"valueName":"search_term_string"}}],"inLanguage":"fr-FR"},{"@type":"Organization","@id":"https:\/\/primacover.com\/fr\/#organization","name":"PrimaCover","url":"https:\/\/primacover.com\/fr\/","logo":{"@type":"ImageObject","inLanguage":"fr-FR","@id":"https:\/\/primacover.com\/fr\/#\/schema\/logo\/image\/","url":"","contentUrl":"","caption":"PrimaCover"},"image":{"@id":"https:\/\/primacover.com\/fr\/#\/schema\/logo\/image\/"},"sameAs":["https:\/\/www.facebook.com\/PrimaverdeBV","https:\/\/nl.linkedin.com\/company\/primaverde","https:\/\/www.youtube.com\/channel\/UC3DwQqj8f8tatLdSFA0aWwA"]}]},"product_brand":"PrimaCover","product_price_currency":"EUR","og_availability":"instock","product_availability":"instock","product_retailer_item_id":"PC900090","product_condition":"new"},"_links":{"self":[{"href":"https:\/\/primacover.com\/fr\/wp-json\/wp\/v2\/product\/131595","targetHints":{"allow":["GET"]}}],"collection":[{"href":"https:\/\/primacover.com\/fr\/wp-json\/wp\/v2\/product"}],"about":[{"href":"https:\/\/primacover.com\/fr\/wp-json\/wp\/v2\/types\/product"}],"wp:featuredmedia":[{"embeddable":true,"href":"https:\/\/primacover.com\/fr\/wp-json\/wp\/v2\/media\/129364"}],"wp:attachment":[{"href":"https:\/\/primacover.com\/fr\/wp-json\/wp\/v2\/media?parent=131595"}],"wp:term":[{"taxonomy":"product_brand","embeddable":true,"href":"https:\/\/primacover.com\/fr\/wp-json\/wp\/v2\/product_brand?post=131595"},{"taxonomy":"product_cat","embeddable":true,"href":"https:\/\/primacover.com\/fr\/wp-json\/wp\/v2\/product_cat?post=131595"},{"taxonomy":"product_tag","embeddable":true,"href":"https:\/\/primacover.com\/fr\/wp-json\/wp\/v2\/product_tag?post=131595"}],"curies":[{"name":"wp","href":"https:\/\/api.w.org\/{rel}","templated":true}]}}