{"id":131605,"date":"2022-05-02T12:54:39","date_gmt":"2022-05-02T10:54:39","guid":{"rendered":"https:\/\/primacover.com\/product\/primacover-active\/"},"modified":"2026-04-03T11:29:29","modified_gmt":"2026-04-03T09:29:29","slug":"primacover-active","status":"publish","type":"product","link":"https:\/\/primacover.com\/fr\/product\/primacover-active\/","title":{"rendered":"PrimaCover Active"},"content":{"rendered":"<h2>Non-tiss\u00e9 \u00e0 respiration active<\/h2>\n<p>PrimaCover Active est un non-tiss\u00e9 en polyester autoadh\u00e9sif et \u00e0 respiration active. La membrane multicouches situ\u00e9e sur la face sup\u00e9rieure laisse l\u2019humidit\u00e9 s\u2019\u00e9chapper et emp\u00eache toute p\u00e9n\u00e9tration de liquides. Ce produit r\u00e9gulateur d\u2019humidit\u00e9 est sp\u00e9cialement con\u00e7u pour les sols sensibles \u00e0 l\u2019humidit\u00e9, tels que les sols en pierre naturelle et b\u00e8ton brut, ou bien les rev\u00eatements de sol pos\u00e9s dans des endroits humides.<\/p>\n<p><strong>Propri\u00e9t\u00e9s:<\/strong><\/p>\n<ul>\n<li>Produit \u00e0 respiration active (1,2l\/ m\u00b2\/24h)<\/li>\n<li>\u00c9tanche aux liquides<\/li>\n<li>Antid\u00e9rapant<\/li>\n<li>Auto-adh\u00e9sif<\/li>\n<li>Amortit les chocs<\/li>\n<\/ul>\n<p><strong>Utilisation:<\/strong><\/p>\n<ul>\n<li>Sp\u00e9cialement pour les sols fra\u00eechement pos\u00e9s et trait\u00e9s. <\/li>\n<li>Pour des sols en pierre naturelle et b\u00e9ton brut. <\/li>\n<li>Sur les sols et les escaliers.<\/li>\n<\/ul>\n<p><strong>Instructions:<\/strong><\/p>\n<ul>\n<li>Tester au pr\u00e9alable l\u2019aptitude du produit.<\/li>\n<li>Arr\u00eater le chauffage au sol avant la pose.<\/li>\n<\/ul>\n","protected":false},"excerpt":{"rendered":"<h2>Non-tiss\u00e9 de protection \u00e0 respiration active<\/h2>\n","protected":false},"featured_media":129544,"menu_order":18,"template":"","meta":{"generate_page_header":""},"product_brand":[],"product_cat":[458],"product_tag":[3123,4035,3622,3623],"class_list":{"0":"post-131605","1":"product","2":"type-product","3":"status-publish","4":"has-post-thumbnail","6":"product_cat-non-tisse-de-protection","7":"product_tag-autoadhesif","8":"product_tag-existant-et-parfaitement-sechesne-contient-pas-dhumidite-fr","9":"product_tag-nouvellement-posee","10":"product_tag-traitement-recent","11":"pa_breedte-1-fr","12":"pa_breedte-2-fr","13":"pa_eenheid-m-fr","14":"pa_foliedikte-0-fr","15":"pa_frame-0-fr","16":"pa_lengte-25-fr","17":"pa_lengte-50-fr","18":"pa_matten30-0-0x30-fr","19":"pa_merk-primacover-fr","20":"pa_objecttypen-escaliers","21":"pa_objecttypen-sol","22":"pa_ondergrond-beton-prefabrique","23":"pa_ondergrond-bois-non-traite","24":"pa_ondergrond-pierre-naturelle","25":"pa_ondergrond-plastique","26":"pa_ondergrond-sol-coule-en-plastique","27":"pa_ondergrond-sol-en-ciment-coule","28":"pa_ondergrond-vinyle","29":"","30":"woocommerce-text-align-center","31":"woocommerce-image-align-center","32":"do-quantity-buttons","34":"first","35":"instock","36":"shipping-taxable","37":"product-type-simple"},"yoast_head":"<!-- This site is optimized with the Yoast SEO Premium plugin v26.7 (Yoast SEO v27.3) - https:\/\/yoast.com\/product\/yoast-seo-premium-wordpress\/ -->\n<title>Non-tiss\u00e9 de protection PrimaCover Active<\/title>\n<meta name=\"description\" content=\"PrimaCover Active est un non-tiss\u00e9 en polyester autoadh\u00e9sif et \u00e0 respiration active. La membrane multicouches situ\u00e9e sur la face sup\u00e9rieure laisse l\u2019humidit\u00e9 s\u2019\u00e9chapper et emp\u00eache toute p\u00e9n\u00e9tration de liquides. Ce produit r\u00e9gulateur d\u2019humidit\u00e9 est sp\u00e9cialement con\u00e7u pour les sols sensibles \u00e0 l\u2019humidit\u00e9, tels que les sols en pierre naturelle et sols coul\u00e9, ou bien les rev\u00eatements de sol pos\u00e9s dans des endroits humides.\" \/>\n<meta name=\"robots\" content=\"index, follow, max-snippet:-1, max-image-preview:large, max-video-preview:-1\" \/>\n<link rel=\"canonical\" href=\"https:\/\/primacover.com\/fr\/product\/primacover-active\/\" \/>\n<meta property=\"og:locale\" content=\"fr_FR\" \/>\n<meta property=\"og:type\" content=\"article\" \/>\n<meta property=\"og:title\" content=\"PrimaCover Active\" \/>\n<meta property=\"og:description\" content=\"PrimaCover Active est un non-tiss\u00e9 en polyester autoadh\u00e9sif et \u00e0 respiration active. La membrane multicouches situ\u00e9e sur la face sup\u00e9rieure laisse l\u2019humidit\u00e9 s\u2019\u00e9chapper et emp\u00eache toute p\u00e9n\u00e9tration de liquides. Ce produit r\u00e9gulateur d\u2019humidit\u00e9 est sp\u00e9cialement con\u00e7u pour les sols sensibles \u00e0 l\u2019humidit\u00e9, tels que les sols en pierre naturelle et sols coul\u00e9, ou bien les rev\u00eatements de sol pos\u00e9s dans des endroits humides.\" \/>\n<meta property=\"og:url\" content=\"https:\/\/primacover.com\/fr\/product\/primacover-active\/\" \/>\n<meta property=\"og:site_name\" content=\"PrimaCover\" \/>\n<meta property=\"article:publisher\" content=\"https:\/\/www.facebook.com\/PrimaverdeBV\" \/>\n<meta property=\"article:modified_time\" content=\"2026-04-03T09:29:29+00:00\" \/>\n<meta property=\"og:image\" content=\"https:\/\/primacover.com\/wp-content\/uploads\/2022\/04\/Active_P0NZ_s01.jpg\" \/>\n\t<meta property=\"og:image:width\" content=\"600\" \/>\n\t<meta property=\"og:image:height\" content=\"600\" \/>\n\t<meta property=\"og:image:type\" content=\"image\/jpeg\" \/>\n<meta name=\"twitter:card\" content=\"summary_large_image\" \/>\n<meta name=\"twitter:label1\" content=\"Prix\" \/>\n\t<meta name=\"twitter:data1\" content=\"\" \/>\n\t<meta name=\"twitter:label2\" content=\"Disponibilit\u00e9\" \/>\n\t<meta name=\"twitter:data2\" content=\"En stock\" \/>\n<script type=\"application\/ld+json\" class=\"yoast-schema-graph\">{\"@context\":\"https:\\\/\\\/schema.org\",\"@graph\":[{\"@type\":\"WebPage\",\"@id\":\"https:\\\/\\\/primacover.com\\\/fr\\\/product\\\/primacover-active\\\/\",\"url\":\"https:\\\/\\\/primacover.com\\\/fr\\\/product\\\/primacover-active\\\/\",\"name\":\"Non-tiss\u00e9 de protection PrimaCover Active\",\"isPartOf\":{\"@id\":\"https:\\\/\\\/primacover.com\\\/fr\\\/#website\"},\"primaryImageOfPage\":{\"@id\":\"https:\\\/\\\/primacover.com\\\/fr\\\/product\\\/primacover-active\\\/#primaryimage\"},\"image\":{\"@id\":\"https:\\\/\\\/primacover.com\\\/fr\\\/product\\\/primacover-active\\\/#primaryimage\"},\"thumbnailUrl\":\"https:\\\/\\\/primacover.com\\\/wp-content\\\/uploads\\\/2022\\\/04\\\/Active_P0NZ_s01.jpg\",\"datePublished\":\"2022-05-02T10:54:39+00:00\",\"dateModified\":\"2026-04-03T09:29:29+00:00\",\"description\":\"PrimaCover Active est un non-tiss\u00e9 en polyester autoadh\u00e9sif et \u00e0 respiration active. La membrane multicouches situ\u00e9e sur la face sup\u00e9rieure laisse l\u2019humidit\u00e9 s\u2019\u00e9chapper et emp\u00eache toute p\u00e9n\u00e9tration de liquides. Ce produit r\u00e9gulateur d\u2019humidit\u00e9 est sp\u00e9cialement con\u00e7u pour les sols sensibles \u00e0 l\u2019humidit\u00e9, tels que les sols en pierre naturelle et sols coul\u00e9, ou bien les rev\u00eatements de sol pos\u00e9s dans des endroits humides.\",\"breadcrumb\":{\"@id\":\"https:\\\/\\\/primacover.com\\\/fr\\\/product\\\/primacover-active\\\/#breadcrumb\"},\"inLanguage\":\"fr-FR\",\"potentialAction\":[{\"@type\":\"ReadAction\",\"target\":[\"https:\\\/\\\/primacover.com\\\/fr\\\/product\\\/primacover-active\\\/\"]}]},{\"@type\":\"ImageObject\",\"inLanguage\":\"fr-FR\",\"@id\":\"https:\\\/\\\/primacover.com\\\/fr\\\/product\\\/primacover-active\\\/#primaryimage\",\"url\":\"https:\\\/\\\/primacover.com\\\/wp-content\\\/uploads\\\/2022\\\/04\\\/Active_P0NZ_s01.jpg\",\"contentUrl\":\"https:\\\/\\\/primacover.com\\\/wp-content\\\/uploads\\\/2022\\\/04\\\/Active_P0NZ_s01.jpg\",\"width\":600,\"height\":600,\"caption\":\"900044 PrimaCover Active Pratique gs1_01\"},{\"@type\":\"BreadcrumbList\",\"@id\":\"https:\\\/\\\/primacover.com\\\/fr\\\/product\\\/primacover-active\\\/#breadcrumb\",\"itemListElement\":[{\"@type\":\"ListItem\",\"position\":1,\"name\":\"Home\",\"item\":\"https:\\\/\\\/primacover.com\\\/fr\\\/\"},{\"@type\":\"ListItem\",\"position\":2,\"name\":\"Produits\",\"item\":\"https:\\\/\\\/primacover.com\\\/fr\\\/produits\\\/\"},{\"@type\":\"ListItem\",\"position\":3,\"name\":\"PrimaCover Active\"}]},{\"@type\":\"WebSite\",\"@id\":\"https:\\\/\\\/primacover.com\\\/fr\\\/#website\",\"url\":\"https:\\\/\\\/primacover.com\\\/fr\\\/\",\"name\":\"PrimaCover\",\"description\":\"afdekvlies-afdekfolie-stofdeuren, coveringmaterials-dustdoors\",\"publisher\":{\"@id\":\"https:\\\/\\\/primacover.com\\\/fr\\\/#organization\"},\"potentialAction\":[{\"@type\":\"SearchAction\",\"target\":{\"@type\":\"EntryPoint\",\"urlTemplate\":\"https:\\\/\\\/primacover.com\\\/fr\\\/?s={search_term_string}\"},\"query-input\":{\"@type\":\"PropertyValueSpecification\",\"valueRequired\":true,\"valueName\":\"search_term_string\"}}],\"inLanguage\":\"fr-FR\"},{\"@type\":\"Organization\",\"@id\":\"https:\\\/\\\/primacover.com\\\/fr\\\/#organization\",\"name\":\"PrimaCover\",\"url\":\"https:\\\/\\\/primacover.com\\\/fr\\\/\",\"logo\":{\"@type\":\"ImageObject\",\"inLanguage\":\"fr-FR\",\"@id\":\"https:\\\/\\\/primacover.com\\\/fr\\\/#\\\/schema\\\/logo\\\/image\\\/\",\"url\":\"\",\"contentUrl\":\"\",\"caption\":\"PrimaCover\"},\"image\":{\"@id\":\"https:\\\/\\\/primacover.com\\\/fr\\\/#\\\/schema\\\/logo\\\/image\\\/\"},\"sameAs\":[\"https:\\\/\\\/www.facebook.com\\\/PrimaverdeBV\",\"https:\\\/\\\/nl.linkedin.com\\\/company\\\/primaverde\",\"https:\\\/\\\/www.youtube.com\\\/channel\\\/UC3DwQqj8f8tatLdSFA0aWwA\"]}]}<\/script>\n<meta property=\"product:brand\" content=\"PrimaCover\" \/>\n<meta property=\"product:price:currency\" content=\"EUR\" \/>\n<meta property=\"og:availability\" content=\"instock\" \/>\n<meta property=\"product:availability\" content=\"instock\" \/>\n<meta property=\"product:retailer_item_id\" content=\"PC900046\" \/>\n<meta property=\"product:condition\" content=\"new\" \/>\n<!-- \/ Yoast SEO Premium plugin. -->","yoast_head_json":{"title":"Non-tiss\u00e9 de protection PrimaCover Active","description":"PrimaCover Active est un non-tiss\u00e9 en polyester autoadh\u00e9sif et \u00e0 respiration active. La membrane multicouches situ\u00e9e sur la face sup\u00e9rieure laisse l\u2019humidit\u00e9 s\u2019\u00e9chapper et emp\u00eache toute p\u00e9n\u00e9tration de liquides. Ce produit r\u00e9gulateur d\u2019humidit\u00e9 est sp\u00e9cialement con\u00e7u pour les sols sensibles \u00e0 l\u2019humidit\u00e9, tels que les sols en pierre naturelle et sols coul\u00e9, ou bien les rev\u00eatements de sol pos\u00e9s dans des endroits humides.","robots":{"index":"index","follow":"follow","max-snippet":"max-snippet:-1","max-image-preview":"max-image-preview:large","max-video-preview":"max-video-preview:-1"},"canonical":"https:\/\/primacover.com\/fr\/product\/primacover-active\/","og_locale":"fr_FR","og_type":"article","og_title":"PrimaCover Active","og_description":"PrimaCover Active est un non-tiss\u00e9 en polyester autoadh\u00e9sif et \u00e0 respiration active. La membrane multicouches situ\u00e9e sur la face sup\u00e9rieure laisse l\u2019humidit\u00e9 s\u2019\u00e9chapper et emp\u00eache toute p\u00e9n\u00e9tration de liquides. Ce produit r\u00e9gulateur d\u2019humidit\u00e9 est sp\u00e9cialement con\u00e7u pour les sols sensibles \u00e0 l\u2019humidit\u00e9, tels que les sols en pierre naturelle et sols coul\u00e9, ou bien les rev\u00eatements de sol pos\u00e9s dans des endroits humides.","og_url":"https:\/\/primacover.com\/fr\/product\/primacover-active\/","og_site_name":"PrimaCover","article_publisher":"https:\/\/www.facebook.com\/PrimaverdeBV","article_modified_time":"2026-04-03T09:29:29+00:00","og_image":[{"width":600,"height":600,"url":"https:\/\/primacover.com\/wp-content\/uploads\/2022\/04\/Active_P0NZ_s01.jpg","type":"image\/jpeg"}],"twitter_card":"summary_large_image","twitter_misc":{"Prix":"","Disponibilit\u00e9":"En stock"},"schema":{"@context":"https:\/\/schema.org","@graph":[{"@type":"WebPage","@id":"https:\/\/primacover.com\/fr\/product\/primacover-active\/","url":"https:\/\/primacover.com\/fr\/product\/primacover-active\/","name":"Non-tiss\u00e9 de protection PrimaCover Active","isPartOf":{"@id":"https:\/\/primacover.com\/fr\/#website"},"primaryImageOfPage":{"@id":"https:\/\/primacover.com\/fr\/product\/primacover-active\/#primaryimage"},"image":{"@id":"https:\/\/primacover.com\/fr\/product\/primacover-active\/#primaryimage"},"thumbnailUrl":"https:\/\/primacover.com\/wp-content\/uploads\/2022\/04\/Active_P0NZ_s01.jpg","datePublished":"2022-05-02T10:54:39+00:00","dateModified":"2026-04-03T09:29:29+00:00","description":"PrimaCover Active est un non-tiss\u00e9 en polyester autoadh\u00e9sif et \u00e0 respiration active. La membrane multicouches situ\u00e9e sur la face sup\u00e9rieure laisse l\u2019humidit\u00e9 s\u2019\u00e9chapper et emp\u00eache toute p\u00e9n\u00e9tration de liquides. Ce produit r\u00e9gulateur d\u2019humidit\u00e9 est sp\u00e9cialement con\u00e7u pour les sols sensibles \u00e0 l\u2019humidit\u00e9, tels que les sols en pierre naturelle et sols coul\u00e9, ou bien les rev\u00eatements de sol pos\u00e9s dans des endroits humides.","breadcrumb":{"@id":"https:\/\/primacover.com\/fr\/product\/primacover-active\/#breadcrumb"},"inLanguage":"fr-FR","potentialAction":[{"@type":"ReadAction","target":["https:\/\/primacover.com\/fr\/product\/primacover-active\/"]}]},{"@type":"ImageObject","inLanguage":"fr-FR","@id":"https:\/\/primacover.com\/fr\/product\/primacover-active\/#primaryimage","url":"https:\/\/primacover.com\/wp-content\/uploads\/2022\/04\/Active_P0NZ_s01.jpg","contentUrl":"https:\/\/primacover.com\/wp-content\/uploads\/2022\/04\/Active_P0NZ_s01.jpg","width":600,"height":600,"caption":"900044 PrimaCover Active Pratique gs1_01"},{"@type":"BreadcrumbList","@id":"https:\/\/primacover.com\/fr\/product\/primacover-active\/#breadcrumb","itemListElement":[{"@type":"ListItem","position":1,"name":"Home","item":"https:\/\/primacover.com\/fr\/"},{"@type":"ListItem","position":2,"name":"Produits","item":"https:\/\/primacover.com\/fr\/produits\/"},{"@type":"ListItem","position":3,"name":"PrimaCover Active"}]},{"@type":"WebSite","@id":"https:\/\/primacover.com\/fr\/#website","url":"https:\/\/primacover.com\/fr\/","name":"PrimaCover","description":"afdekvlies-afdekfolie-stofdeuren, coveringmaterials-dustdoors","publisher":{"@id":"https:\/\/primacover.com\/fr\/#organization"},"potentialAction":[{"@type":"SearchAction","target":{"@type":"EntryPoint","urlTemplate":"https:\/\/primacover.com\/fr\/?s={search_term_string}"},"query-input":{"@type":"PropertyValueSpecification","valueRequired":true,"valueName":"search_term_string"}}],"inLanguage":"fr-FR"},{"@type":"Organization","@id":"https:\/\/primacover.com\/fr\/#organization","name":"PrimaCover","url":"https:\/\/primacover.com\/fr\/","logo":{"@type":"ImageObject","inLanguage":"fr-FR","@id":"https:\/\/primacover.com\/fr\/#\/schema\/logo\/image\/","url":"","contentUrl":"","caption":"PrimaCover"},"image":{"@id":"https:\/\/primacover.com\/fr\/#\/schema\/logo\/image\/"},"sameAs":["https:\/\/www.facebook.com\/PrimaverdeBV","https:\/\/nl.linkedin.com\/company\/primaverde","https:\/\/www.youtube.com\/channel\/UC3DwQqj8f8tatLdSFA0aWwA"]}]},"product_brand":"PrimaCover","product_price_currency":"EUR","og_availability":"instock","product_availability":"instock","product_retailer_item_id":"PC900046","product_condition":"new"},"_links":{"self":[{"href":"https:\/\/primacover.com\/fr\/wp-json\/wp\/v2\/product\/131605","targetHints":{"allow":["GET"]}}],"collection":[{"href":"https:\/\/primacover.com\/fr\/wp-json\/wp\/v2\/product"}],"about":[{"href":"https:\/\/primacover.com\/fr\/wp-json\/wp\/v2\/types\/product"}],"wp:featuredmedia":[{"embeddable":true,"href":"https:\/\/primacover.com\/fr\/wp-json\/wp\/v2\/media\/129544"}],"wp:attachment":[{"href":"https:\/\/primacover.com\/fr\/wp-json\/wp\/v2\/media?parent=131605"}],"wp:term":[{"taxonomy":"product_brand","embeddable":true,"href":"https:\/\/primacover.com\/fr\/wp-json\/wp\/v2\/product_brand?post=131605"},{"taxonomy":"product_cat","embeddable":true,"href":"https:\/\/primacover.com\/fr\/wp-json\/wp\/v2\/product_cat?post=131605"},{"taxonomy":"product_tag","embeddable":true,"href":"https:\/\/primacover.com\/fr\/wp-json\/wp\/v2\/product_tag?post=131605"}],"curies":[{"name":"wp","href":"https:\/\/api.w.org\/{rel}","templated":true}]}}