{"id":131622,"date":"2022-05-02T12:55:00","date_gmt":"2022-05-02T10:55:00","guid":{"rendered":"https:\/\/primacover.com\/product\/primacover-evapo\/"},"modified":"2026-04-03T11:31:27","modified_gmt":"2026-04-03T09:31:27","slug":"primacover-evapo","status":"publish","type":"product","link":"https:\/\/primacover.com\/fr\/product\/primacover-evapo\/","title":{"rendered":"PrimaCover Evapo"},"content":{"rendered":"<h2>Non-tiss\u00e9 de protection ouvert \u00e0 la vapeur<\/h2>\n<p>PrimaCover Evapo est un non-tiss\u00e9 autoadh\u00e9sif et ouvert \u00e0 la vapeur. Une membrane sp\u00e9ciale laisse l\u2019humidit\u00e9 s\u2019\u00e9chapper et emp\u00eache toute p\u00e9n\u00e9tration de liquides. Ce produit prot\u00e8ge les rev\u00eatements sensibles \u00e0 l\u2019humidit\u00e9, tels que les carreaux en c\u00e9ramique et les sols en bois.<\/p>\n<p><strong>Propri\u00e9t\u00e9s:<\/strong><\/p>\n<ul>\n<li>Produit ouvert \u00e0 la vapeur (70gr\/m\u00b2\/24h)<\/li>\n<li>\u00c9tanche aux liquides<\/li>\n<li>Antid\u00e9rapant<\/li>\n<li>Auto-adh\u00e9sif<\/li>\n<li>Amortit les chocs<\/li>\n<\/ul>\n<p><strong>Utilisation:<\/strong><\/p>\n<ul>\n<li>Sp\u00e9cialement pour les sols fra\u00eechement pos\u00e9s et trait\u00e9s. <\/li>\n<li>Pour carreaux en c\u00e9ramique et les sols en bois. <\/li>\n<li>Sur les sols et les escaliers.<\/li>\n<\/ul>\n<p><strong>Instructions:<\/strong><\/p>\n<ul>\n<li>Tester au pr\u00e9alable l\u2019aptitude du produit. <\/li>\n<li>Arr\u00eater le chauffage au sol avant la pose.<\/li>\n<\/ul>\n","protected":false},"excerpt":{"rendered":"<h2>Non-tiss\u00e9 de protection ouvert \u00e0 la vapeur<\/h2>\n","protected":false},"featured_media":136958,"menu_order":19,"template":"","meta":{"generate_page_header":""},"product_brand":[],"product_cat":[458],"product_tag":[3123,4035,3622,3623],"class_list":{"0":"post-131622","1":"product","2":"type-product","3":"status-publish","4":"has-post-thumbnail","6":"product_cat-non-tisse-de-protection","7":"product_tag-autoadhesif","8":"product_tag-existant-et-parfaitement-sechesne-contient-pas-dhumidite-fr","9":"product_tag-nouvellement-posee","10":"product_tag-traitement-recent","11":"pa_breedte-1-fr","12":"pa_eenheid-m-fr","13":"pa_foliedikte-25-fr","14":"pa_frame-0-fr","15":"pa_lengte-25-fr","16":"pa_lengte-50-fr","17":"pa_matten30-0-0x30-fr","18":"pa_merk-primacover-fr","19":"pa_objecttypen-escaliers","20":"pa_objecttypen-sol","21":"pa_ondergrond-bois","22":"pa_ondergrond-bois-non-traite","23":"pa_ondergrond-ceramique","24":"pa_ondergrond-lamine","25":"pa_ondergrond-linoleum-fr","26":"pa_ondergrond-parquet-fr","27":"pa_ondergrond-plastique","28":"pa_ondergrond-pvc-couche-superieure-en-pu","29":"pa_ondergrond-sol-coule-en-plastique","30":"pa_ondergrond-vinyle","31":"","32":"woocommerce-text-align-center","33":"woocommerce-image-align-center","34":"do-quantity-buttons","36":"first","37":"instock","38":"shipping-taxable","39":"product-type-simple"},"yoast_head":"<!-- This site is optimized with the Yoast SEO Premium plugin v26.7 (Yoast SEO v27.3) - https:\/\/yoast.com\/product\/yoast-seo-premium-wordpress\/ -->\n<title>Non-tiss\u00e9 de protection PrimaCover Evapo<\/title>\n<meta name=\"description\" content=\"PrimaCover Evapo est un non-tiss\u00e9 autoadh\u00e9sif et ouvert \u00e0 la vapeur. Une membrane sp\u00e9ciale laisse l\u2019humidit\u00e9 s\u2019\u00e9chapper et emp\u00eache toute p\u00e9n\u00e9tration de liquides. Ce produit prot\u00e8ge les rev\u00eatements sensibles \u00e0 l\u2019humidit\u00e9, tels que les carreaux en c\u00e9ramique et les sols en bois.\" \/>\n<meta name=\"robots\" content=\"index, follow, max-snippet:-1, max-image-preview:large, max-video-preview:-1\" \/>\n<link rel=\"canonical\" href=\"https:\/\/primacover.com\/fr\/product\/primacover-evapo\/\" \/>\n<meta property=\"og:locale\" content=\"fr_FR\" \/>\n<meta property=\"og:type\" content=\"article\" \/>\n<meta property=\"og:title\" content=\"PrimaCover Evapo\" \/>\n<meta property=\"og:description\" content=\"PrimaCover Evapo est un non-tiss\u00e9 autoadh\u00e9sif et ouvert \u00e0 la vapeur. Une membrane sp\u00e9ciale laisse l\u2019humidit\u00e9 s\u2019\u00e9chapper et emp\u00eache toute p\u00e9n\u00e9tration de liquides. Ce produit prot\u00e8ge les rev\u00eatements sensibles \u00e0 l\u2019humidit\u00e9, tels que les carreaux en c\u00e9ramique et les sols en bois.\" \/>\n<meta property=\"og:url\" content=\"https:\/\/primacover.com\/fr\/product\/primacover-evapo\/\" \/>\n<meta property=\"og:site_name\" content=\"PrimaCover\" \/>\n<meta property=\"article:publisher\" content=\"https:\/\/www.facebook.com\/PrimaverdeBV\" \/>\n<meta property=\"article:modified_time\" content=\"2026-04-03T09:31:27+00:00\" \/>\n<meta property=\"og:image\" content=\"https:\/\/primacover.com\/wp-content\/uploads\/2024\/01\/Evapo_P0NZ_s01.jpg\" \/>\n\t<meta property=\"og:image:width\" content=\"600\" \/>\n\t<meta property=\"og:image:height\" content=\"600\" \/>\n\t<meta property=\"og:image:type\" content=\"image\/jpeg\" \/>\n<meta name=\"twitter:card\" content=\"summary_large_image\" \/>\n<meta name=\"twitter:label1\" content=\"Prix\" \/>\n\t<meta name=\"twitter:data1\" content=\"\" \/>\n\t<meta name=\"twitter:label2\" content=\"Disponibilit\u00e9\" \/>\n\t<meta name=\"twitter:data2\" content=\"En stock\" \/>\n<script type=\"application\/ld+json\" class=\"yoast-schema-graph\">{\"@context\":\"https:\\\/\\\/schema.org\",\"@graph\":[{\"@type\":\"WebPage\",\"@id\":\"https:\\\/\\\/primacover.com\\\/fr\\\/product\\\/primacover-evapo\\\/\",\"url\":\"https:\\\/\\\/primacover.com\\\/fr\\\/product\\\/primacover-evapo\\\/\",\"name\":\"Non-tiss\u00e9 de protection PrimaCover Evapo\",\"isPartOf\":{\"@id\":\"https:\\\/\\\/primacover.com\\\/fr\\\/#website\"},\"primaryImageOfPage\":{\"@id\":\"https:\\\/\\\/primacover.com\\\/fr\\\/product\\\/primacover-evapo\\\/#primaryimage\"},\"image\":{\"@id\":\"https:\\\/\\\/primacover.com\\\/fr\\\/product\\\/primacover-evapo\\\/#primaryimage\"},\"thumbnailUrl\":\"https:\\\/\\\/primacover.com\\\/wp-content\\\/uploads\\\/2024\\\/01\\\/Evapo_P0NZ_s01.jpg\",\"datePublished\":\"2022-05-02T10:55:00+00:00\",\"dateModified\":\"2026-04-03T09:31:27+00:00\",\"description\":\"PrimaCover Evapo est un non-tiss\u00e9 autoadh\u00e9sif et ouvert \u00e0 la vapeur. Une membrane sp\u00e9ciale laisse l\u2019humidit\u00e9 s\u2019\u00e9chapper et emp\u00eache toute p\u00e9n\u00e9tration de liquides. Ce produit prot\u00e8ge les rev\u00eatements sensibles \u00e0 l\u2019humidit\u00e9, tels que les carreaux en c\u00e9ramique et les sols en bois.\",\"breadcrumb\":{\"@id\":\"https:\\\/\\\/primacover.com\\\/fr\\\/product\\\/primacover-evapo\\\/#breadcrumb\"},\"inLanguage\":\"fr-FR\",\"potentialAction\":[{\"@type\":\"ReadAction\",\"target\":[\"https:\\\/\\\/primacover.com\\\/fr\\\/product\\\/primacover-evapo\\\/\"]}]},{\"@type\":\"ImageObject\",\"inLanguage\":\"fr-FR\",\"@id\":\"https:\\\/\\\/primacover.com\\\/fr\\\/product\\\/primacover-evapo\\\/#primaryimage\",\"url\":\"https:\\\/\\\/primacover.com\\\/wp-content\\\/uploads\\\/2024\\\/01\\\/Evapo_P0NZ_s01.jpg\",\"contentUrl\":\"https:\\\/\\\/primacover.com\\\/wp-content\\\/uploads\\\/2024\\\/01\\\/Evapo_P0NZ_s01.jpg\",\"width\":600,\"height\":600,\"caption\":\"PrimaCover Evapo Praktijk gs1_01\"},{\"@type\":\"BreadcrumbList\",\"@id\":\"https:\\\/\\\/primacover.com\\\/fr\\\/product\\\/primacover-evapo\\\/#breadcrumb\",\"itemListElement\":[{\"@type\":\"ListItem\",\"position\":1,\"name\":\"Home\",\"item\":\"https:\\\/\\\/primacover.com\\\/fr\\\/\"},{\"@type\":\"ListItem\",\"position\":2,\"name\":\"Produits\",\"item\":\"https:\\\/\\\/primacover.com\\\/fr\\\/produits\\\/\"},{\"@type\":\"ListItem\",\"position\":3,\"name\":\"PrimaCover Evapo\"}]},{\"@type\":\"WebSite\",\"@id\":\"https:\\\/\\\/primacover.com\\\/fr\\\/#website\",\"url\":\"https:\\\/\\\/primacover.com\\\/fr\\\/\",\"name\":\"PrimaCover\",\"description\":\"afdekvlies-afdekfolie-stofdeuren, coveringmaterials-dustdoors\",\"publisher\":{\"@id\":\"https:\\\/\\\/primacover.com\\\/fr\\\/#organization\"},\"potentialAction\":[{\"@type\":\"SearchAction\",\"target\":{\"@type\":\"EntryPoint\",\"urlTemplate\":\"https:\\\/\\\/primacover.com\\\/fr\\\/?s={search_term_string}\"},\"query-input\":{\"@type\":\"PropertyValueSpecification\",\"valueRequired\":true,\"valueName\":\"search_term_string\"}}],\"inLanguage\":\"fr-FR\"},{\"@type\":\"Organization\",\"@id\":\"https:\\\/\\\/primacover.com\\\/fr\\\/#organization\",\"name\":\"PrimaCover\",\"url\":\"https:\\\/\\\/primacover.com\\\/fr\\\/\",\"logo\":{\"@type\":\"ImageObject\",\"inLanguage\":\"fr-FR\",\"@id\":\"https:\\\/\\\/primacover.com\\\/fr\\\/#\\\/schema\\\/logo\\\/image\\\/\",\"url\":\"\",\"contentUrl\":\"\",\"caption\":\"PrimaCover\"},\"image\":{\"@id\":\"https:\\\/\\\/primacover.com\\\/fr\\\/#\\\/schema\\\/logo\\\/image\\\/\"},\"sameAs\":[\"https:\\\/\\\/www.facebook.com\\\/PrimaverdeBV\",\"https:\\\/\\\/nl.linkedin.com\\\/company\\\/primaverde\",\"https:\\\/\\\/www.youtube.com\\\/channel\\\/UC3DwQqj8f8tatLdSFA0aWwA\"]}]}<\/script>\n<meta property=\"product:brand\" content=\"PrimaCover\" \/>\n<meta property=\"product:price:currency\" content=\"EUR\" \/>\n<meta property=\"og:availability\" content=\"instock\" \/>\n<meta property=\"product:availability\" content=\"instock\" \/>\n<meta property=\"product:retailer_item_id\" content=\"PC900039\" \/>\n<meta property=\"product:condition\" content=\"new\" \/>\n<!-- \/ Yoast SEO Premium plugin. -->","yoast_head_json":{"title":"Non-tiss\u00e9 de protection PrimaCover Evapo","description":"PrimaCover Evapo est un non-tiss\u00e9 autoadh\u00e9sif et ouvert \u00e0 la vapeur. Une membrane sp\u00e9ciale laisse l\u2019humidit\u00e9 s\u2019\u00e9chapper et emp\u00eache toute p\u00e9n\u00e9tration de liquides. Ce produit prot\u00e8ge les rev\u00eatements sensibles \u00e0 l\u2019humidit\u00e9, tels que les carreaux en c\u00e9ramique et les sols en bois.","robots":{"index":"index","follow":"follow","max-snippet":"max-snippet:-1","max-image-preview":"max-image-preview:large","max-video-preview":"max-video-preview:-1"},"canonical":"https:\/\/primacover.com\/fr\/product\/primacover-evapo\/","og_locale":"fr_FR","og_type":"article","og_title":"PrimaCover Evapo","og_description":"PrimaCover Evapo est un non-tiss\u00e9 autoadh\u00e9sif et ouvert \u00e0 la vapeur. Une membrane sp\u00e9ciale laisse l\u2019humidit\u00e9 s\u2019\u00e9chapper et emp\u00eache toute p\u00e9n\u00e9tration de liquides. Ce produit prot\u00e8ge les rev\u00eatements sensibles \u00e0 l\u2019humidit\u00e9, tels que les carreaux en c\u00e9ramique et les sols en bois.","og_url":"https:\/\/primacover.com\/fr\/product\/primacover-evapo\/","og_site_name":"PrimaCover","article_publisher":"https:\/\/www.facebook.com\/PrimaverdeBV","article_modified_time":"2026-04-03T09:31:27+00:00","og_image":[{"width":600,"height":600,"url":"https:\/\/primacover.com\/wp-content\/uploads\/2024\/01\/Evapo_P0NZ_s01.jpg","type":"image\/jpeg"}],"twitter_card":"summary_large_image","twitter_misc":{"Prix":"","Disponibilit\u00e9":"En stock"},"schema":{"@context":"https:\/\/schema.org","@graph":[{"@type":"WebPage","@id":"https:\/\/primacover.com\/fr\/product\/primacover-evapo\/","url":"https:\/\/primacover.com\/fr\/product\/primacover-evapo\/","name":"Non-tiss\u00e9 de protection PrimaCover Evapo","isPartOf":{"@id":"https:\/\/primacover.com\/fr\/#website"},"primaryImageOfPage":{"@id":"https:\/\/primacover.com\/fr\/product\/primacover-evapo\/#primaryimage"},"image":{"@id":"https:\/\/primacover.com\/fr\/product\/primacover-evapo\/#primaryimage"},"thumbnailUrl":"https:\/\/primacover.com\/wp-content\/uploads\/2024\/01\/Evapo_P0NZ_s01.jpg","datePublished":"2022-05-02T10:55:00+00:00","dateModified":"2026-04-03T09:31:27+00:00","description":"PrimaCover Evapo est un non-tiss\u00e9 autoadh\u00e9sif et ouvert \u00e0 la vapeur. Une membrane sp\u00e9ciale laisse l\u2019humidit\u00e9 s\u2019\u00e9chapper et emp\u00eache toute p\u00e9n\u00e9tration de liquides. Ce produit prot\u00e8ge les rev\u00eatements sensibles \u00e0 l\u2019humidit\u00e9, tels que les carreaux en c\u00e9ramique et les sols en bois.","breadcrumb":{"@id":"https:\/\/primacover.com\/fr\/product\/primacover-evapo\/#breadcrumb"},"inLanguage":"fr-FR","potentialAction":[{"@type":"ReadAction","target":["https:\/\/primacover.com\/fr\/product\/primacover-evapo\/"]}]},{"@type":"ImageObject","inLanguage":"fr-FR","@id":"https:\/\/primacover.com\/fr\/product\/primacover-evapo\/#primaryimage","url":"https:\/\/primacover.com\/wp-content\/uploads\/2024\/01\/Evapo_P0NZ_s01.jpg","contentUrl":"https:\/\/primacover.com\/wp-content\/uploads\/2024\/01\/Evapo_P0NZ_s01.jpg","width":600,"height":600,"caption":"PrimaCover Evapo Praktijk gs1_01"},{"@type":"BreadcrumbList","@id":"https:\/\/primacover.com\/fr\/product\/primacover-evapo\/#breadcrumb","itemListElement":[{"@type":"ListItem","position":1,"name":"Home","item":"https:\/\/primacover.com\/fr\/"},{"@type":"ListItem","position":2,"name":"Produits","item":"https:\/\/primacover.com\/fr\/produits\/"},{"@type":"ListItem","position":3,"name":"PrimaCover Evapo"}]},{"@type":"WebSite","@id":"https:\/\/primacover.com\/fr\/#website","url":"https:\/\/primacover.com\/fr\/","name":"PrimaCover","description":"afdekvlies-afdekfolie-stofdeuren, coveringmaterials-dustdoors","publisher":{"@id":"https:\/\/primacover.com\/fr\/#organization"},"potentialAction":[{"@type":"SearchAction","target":{"@type":"EntryPoint","urlTemplate":"https:\/\/primacover.com\/fr\/?s={search_term_string}"},"query-input":{"@type":"PropertyValueSpecification","valueRequired":true,"valueName":"search_term_string"}}],"inLanguage":"fr-FR"},{"@type":"Organization","@id":"https:\/\/primacover.com\/fr\/#organization","name":"PrimaCover","url":"https:\/\/primacover.com\/fr\/","logo":{"@type":"ImageObject","inLanguage":"fr-FR","@id":"https:\/\/primacover.com\/fr\/#\/schema\/logo\/image\/","url":"","contentUrl":"","caption":"PrimaCover"},"image":{"@id":"https:\/\/primacover.com\/fr\/#\/schema\/logo\/image\/"},"sameAs":["https:\/\/www.facebook.com\/PrimaverdeBV","https:\/\/nl.linkedin.com\/company\/primaverde","https:\/\/www.youtube.com\/channel\/UC3DwQqj8f8tatLdSFA0aWwA"]}]},"product_brand":"PrimaCover","product_price_currency":"EUR","og_availability":"instock","product_availability":"instock","product_retailer_item_id":"PC900039","product_condition":"new"},"_links":{"self":[{"href":"https:\/\/primacover.com\/fr\/wp-json\/wp\/v2\/product\/131622","targetHints":{"allow":["GET"]}}],"collection":[{"href":"https:\/\/primacover.com\/fr\/wp-json\/wp\/v2\/product"}],"about":[{"href":"https:\/\/primacover.com\/fr\/wp-json\/wp\/v2\/types\/product"}],"wp:featuredmedia":[{"embeddable":true,"href":"https:\/\/primacover.com\/fr\/wp-json\/wp\/v2\/media\/136958"}],"wp:attachment":[{"href":"https:\/\/primacover.com\/fr\/wp-json\/wp\/v2\/media?parent=131622"}],"wp:term":[{"taxonomy":"product_brand","embeddable":true,"href":"https:\/\/primacover.com\/fr\/wp-json\/wp\/v2\/product_brand?post=131622"},{"taxonomy":"product_cat","embeddable":true,"href":"https:\/\/primacover.com\/fr\/wp-json\/wp\/v2\/product_cat?post=131622"},{"taxonomy":"product_tag","embeddable":true,"href":"https:\/\/primacover.com\/fr\/wp-json\/wp\/v2\/product_tag?post=131622"}],"curies":[{"name":"wp","href":"https:\/\/api.w.org\/{rel}","templated":true}]}}