{"id":131625,"date":"2022-05-02T12:55:03","date_gmt":"2022-05-02T10:55:03","guid":{"rendered":"https:\/\/primacover.com\/product\/primacover-combi\/"},"modified":"2026-04-03T11:30:58","modified_gmt":"2026-04-03T09:30:58","slug":"primacover-combi","status":"publish","type":"product","link":"https:\/\/primacover.com\/fr\/product\/primacover-combi\/","title":{"rendered":"PrimaCover Combi"},"content":{"rendered":"<h2>Non-tiss\u00e9 universelle<\/h2>\n<p>PrimaCover Combi est un non-tiss\u00e9 universelle, \u00e9tanche \u00e0 l\u2019humidit\u00e9. Ce non-tiss\u00e9 l\u00e9ger et absorbant est muni sur sa face inf\u00e9rieure d\u2019un film fortement \u00e9tanche aux liquides. Il est parfaitement adapt\u00e9 aux travaux de construction, de transformation, de r\u00e9novation et de peinture. Par ailleurs, il peut \u00eatre \u00e9galement utilis\u00e9 dans l\u2019industrie, la production ainsi que dans les cabines de pulv\u00e9risation.<\/p>\n<p><strong>Propri\u00e9t\u00e9s:<\/strong><\/p>\n<ul>\n<li>Produit absorbant<\/li>\n<li>\u00c9tanche aux liquides<\/li>\n<li>Il est \u00e9galement r\u00e9sistant \u00e0 l\u2019usure et \u00e0 la d\u00e9chirure<\/li>\n<li>Non-pelucheux<\/li>\n<\/ul>\n<p><strong>Utilisation:<\/strong><\/p>\n<ul>\n<li>Pour les surfaces durs parfaitement s\u00e8ches.<\/li>\n<\/ul>\n<p><strong>Instructions:<\/strong><\/p>\n<ul>\n<li>Tester au pr\u00e9alable l\u2019aptitude du produit.<\/li>\n<li>Arr\u00eater le chauffage au sol avant la pose.<\/li>\n<\/ul>\n","protected":false},"excerpt":{"rendered":"<h2>Non-tiss\u00e9 absorbant<\/h2>\n","protected":false},"featured_media":130006,"menu_order":25,"template":"","meta":{"generate_page_header":""},"product_brand":[],"product_cat":[458],"product_tag":[4035],"class_list":{"0":"post-131625","1":"product","2":"type-product","3":"status-publish","4":"has-post-thumbnail","6":"product_cat-non-tisse-de-protection","7":"product_tag-existant-et-parfaitement-sechesne-contient-pas-dhumidite-fr","8":"pa_breedte-0-98-fr","9":"pa_eenheid-m-fr","10":"pa_foliedikte-0-fr","11":"pa_frame-0-fr","12":"pa_lengte-50-fr","13":"pa_matten30-0-0x30-fr","14":"pa_merk-primacover-fr","15":"pa_objecttypen-sol","16":"pa_ondergrond-beton-prefabrique","17":"pa_ondergrond-bois","18":"pa_ondergrond-ceramique","19":"pa_ondergrond-lamine","20":"pa_ondergrond-linoleum-fr","21":"pa_ondergrond-parquet-fr","22":"pa_ondergrond-pierre-naturelle","23":"pa_ondergrond-plastique","24":"pa_ondergrond-pvc-couche-superieure-en-pu","25":"pa_ondergrond-sol-coule-en-plastique","26":"pa_ondergrond-sol-en-ciment-coule","27":"pa_ondergrond-vinyle","28":"","29":"woocommerce-text-align-center","30":"woocommerce-image-align-center","31":"do-quantity-buttons","33":"first","34":"instock","35":"shipping-taxable","36":"product-type-simple"},"yoast_head":"<!-- This site is optimized with the Yoast SEO Premium plugin v26.7 (Yoast SEO v27.3) - https:\/\/yoast.com\/product\/yoast-seo-premium-wordpress\/ -->\n<title>Non-tiss\u00e9 de protection PrimaCover Combi<\/title>\n<meta name=\"description\" content=\"PrimaCover Combi est un non-tiss\u00e9 de protection universel, \u00e9tanche \u00e0 l\u2019humidit\u00e9. Ce non-tiss\u00e9 l\u00e9ger et absorbant est muni sur sa face inf\u00e9rieure d\u2019un film fortement \u00e9tanche aux liquides. Il est parfaitement adapt\u00e9 aux travaux de construction, de transformation, de r\u00e9novation et de peinture. Par ailleurs, il peut \u00eatre \u00e9galement utilis\u00e9 dans l\u2019industrie, la production ainsi que dans les cabines de pulv\u00e9risation.\" \/>\n<meta name=\"robots\" content=\"index, follow, max-snippet:-1, max-image-preview:large, max-video-preview:-1\" \/>\n<link rel=\"canonical\" href=\"https:\/\/primacover.com\/fr\/product\/primacover-combi\/\" \/>\n<meta property=\"og:locale\" content=\"fr_FR\" \/>\n<meta property=\"og:type\" content=\"article\" \/>\n<meta property=\"og:title\" content=\"PrimaCover Combi\" \/>\n<meta property=\"og:description\" content=\"PrimaCover Combi est un non-tiss\u00e9 de protection universel, \u00e9tanche \u00e0 l\u2019humidit\u00e9. Ce non-tiss\u00e9 l\u00e9ger et absorbant est muni sur sa face inf\u00e9rieure d\u2019un film fortement \u00e9tanche aux liquides. Il est parfaitement adapt\u00e9 aux travaux de construction, de transformation, de r\u00e9novation et de peinture. Par ailleurs, il peut \u00eatre \u00e9galement utilis\u00e9 dans l\u2019industrie, la production ainsi que dans les cabines de pulv\u00e9risation.\" \/>\n<meta property=\"og:url\" content=\"https:\/\/primacover.com\/fr\/product\/primacover-combi\/\" \/>\n<meta property=\"og:site_name\" content=\"PrimaCover\" \/>\n<meta property=\"article:publisher\" content=\"https:\/\/www.facebook.com\/PrimaverdeBV\" \/>\n<meta property=\"article:modified_time\" content=\"2026-04-03T09:30:58+00:00\" \/>\n<meta property=\"og:image\" content=\"https:\/\/primacover.com\/wp-content\/uploads\/2022\/04\/Combi_P0NZ_s01.jpg\" \/>\n\t<meta property=\"og:image:width\" content=\"600\" \/>\n\t<meta property=\"og:image:height\" content=\"600\" \/>\n\t<meta property=\"og:image:type\" content=\"image\/jpeg\" \/>\n<meta name=\"twitter:card\" content=\"summary_large_image\" \/>\n<meta name=\"twitter:label1\" content=\"Prix\" \/>\n\t<meta name=\"twitter:data1\" content=\"\" \/>\n\t<meta name=\"twitter:label2\" content=\"Disponibilit\u00e9\" \/>\n\t<meta name=\"twitter:data2\" content=\"En stock\" \/>\n<script type=\"application\/ld+json\" class=\"yoast-schema-graph\">{\"@context\":\"https:\\\/\\\/schema.org\",\"@graph\":[{\"@type\":\"WebPage\",\"@id\":\"https:\\\/\\\/primacover.com\\\/fr\\\/product\\\/primacover-combi\\\/\",\"url\":\"https:\\\/\\\/primacover.com\\\/fr\\\/product\\\/primacover-combi\\\/\",\"name\":\"Non-tiss\u00e9 de protection PrimaCover Combi\",\"isPartOf\":{\"@id\":\"https:\\\/\\\/primacover.com\\\/fr\\\/#website\"},\"primaryImageOfPage\":{\"@id\":\"https:\\\/\\\/primacover.com\\\/fr\\\/product\\\/primacover-combi\\\/#primaryimage\"},\"image\":{\"@id\":\"https:\\\/\\\/primacover.com\\\/fr\\\/product\\\/primacover-combi\\\/#primaryimage\"},\"thumbnailUrl\":\"https:\\\/\\\/primacover.com\\\/wp-content\\\/uploads\\\/2022\\\/04\\\/Combi_P0NZ_s01.jpg\",\"datePublished\":\"2022-05-02T10:55:03+00:00\",\"dateModified\":\"2026-04-03T09:30:58+00:00\",\"description\":\"PrimaCover Combi est un non-tiss\u00e9 de protection universel, \u00e9tanche \u00e0 l\u2019humidit\u00e9. Ce non-tiss\u00e9 l\u00e9ger et absorbant est muni sur sa face inf\u00e9rieure d\u2019un film fortement \u00e9tanche aux liquides. Il est parfaitement adapt\u00e9 aux travaux de construction, de transformation, de r\u00e9novation et de peinture. Par ailleurs, il peut \u00eatre \u00e9galement utilis\u00e9 dans l\u2019industrie, la production ainsi que dans les cabines de pulv\u00e9risation.\",\"breadcrumb\":{\"@id\":\"https:\\\/\\\/primacover.com\\\/fr\\\/product\\\/primacover-combi\\\/#breadcrumb\"},\"inLanguage\":\"fr-FR\",\"potentialAction\":[{\"@type\":\"ReadAction\",\"target\":[\"https:\\\/\\\/primacover.com\\\/fr\\\/product\\\/primacover-combi\\\/\"]}]},{\"@type\":\"ImageObject\",\"inLanguage\":\"fr-FR\",\"@id\":\"https:\\\/\\\/primacover.com\\\/fr\\\/product\\\/primacover-combi\\\/#primaryimage\",\"url\":\"https:\\\/\\\/primacover.com\\\/wp-content\\\/uploads\\\/2022\\\/04\\\/Combi_P0NZ_s01.jpg\",\"contentUrl\":\"https:\\\/\\\/primacover.com\\\/wp-content\\\/uploads\\\/2022\\\/04\\\/Combi_P0NZ_s01.jpg\",\"width\":600,\"height\":600,\"caption\":\"900047 PrimaCover Combi Pratique gs1_01\"},{\"@type\":\"BreadcrumbList\",\"@id\":\"https:\\\/\\\/primacover.com\\\/fr\\\/product\\\/primacover-combi\\\/#breadcrumb\",\"itemListElement\":[{\"@type\":\"ListItem\",\"position\":1,\"name\":\"Home\",\"item\":\"https:\\\/\\\/primacover.com\\\/fr\\\/\"},{\"@type\":\"ListItem\",\"position\":2,\"name\":\"Produits\",\"item\":\"https:\\\/\\\/primacover.com\\\/fr\\\/produits\\\/\"},{\"@type\":\"ListItem\",\"position\":3,\"name\":\"PrimaCover Combi\"}]},{\"@type\":\"WebSite\",\"@id\":\"https:\\\/\\\/primacover.com\\\/fr\\\/#website\",\"url\":\"https:\\\/\\\/primacover.com\\\/fr\\\/\",\"name\":\"PrimaCover\",\"description\":\"afdekvlies-afdekfolie-stofdeuren, coveringmaterials-dustdoors\",\"publisher\":{\"@id\":\"https:\\\/\\\/primacover.com\\\/fr\\\/#organization\"},\"potentialAction\":[{\"@type\":\"SearchAction\",\"target\":{\"@type\":\"EntryPoint\",\"urlTemplate\":\"https:\\\/\\\/primacover.com\\\/fr\\\/?s={search_term_string}\"},\"query-input\":{\"@type\":\"PropertyValueSpecification\",\"valueRequired\":true,\"valueName\":\"search_term_string\"}}],\"inLanguage\":\"fr-FR\"},{\"@type\":\"Organization\",\"@id\":\"https:\\\/\\\/primacover.com\\\/fr\\\/#organization\",\"name\":\"PrimaCover\",\"url\":\"https:\\\/\\\/primacover.com\\\/fr\\\/\",\"logo\":{\"@type\":\"ImageObject\",\"inLanguage\":\"fr-FR\",\"@id\":\"https:\\\/\\\/primacover.com\\\/fr\\\/#\\\/schema\\\/logo\\\/image\\\/\",\"url\":\"\",\"contentUrl\":\"\",\"caption\":\"PrimaCover\"},\"image\":{\"@id\":\"https:\\\/\\\/primacover.com\\\/fr\\\/#\\\/schema\\\/logo\\\/image\\\/\"},\"sameAs\":[\"https:\\\/\\\/www.facebook.com\\\/PrimaverdeBV\",\"https:\\\/\\\/nl.linkedin.com\\\/company\\\/primaverde\",\"https:\\\/\\\/www.youtube.com\\\/channel\\\/UC3DwQqj8f8tatLdSFA0aWwA\"]}]}<\/script>\n<meta property=\"product:brand\" content=\"PrimaCover\" \/>\n<meta property=\"product:price:currency\" content=\"EUR\" \/>\n<meta property=\"og:availability\" content=\"instock\" \/>\n<meta property=\"product:availability\" content=\"instock\" \/>\n<meta property=\"product:retailer_item_id\" content=\"PC900047\" \/>\n<meta property=\"product:condition\" content=\"new\" \/>\n<!-- \/ Yoast SEO Premium plugin. -->","yoast_head_json":{"title":"Non-tiss\u00e9 de protection PrimaCover Combi","description":"PrimaCover Combi est un non-tiss\u00e9 de protection universel, \u00e9tanche \u00e0 l\u2019humidit\u00e9. Ce non-tiss\u00e9 l\u00e9ger et absorbant est muni sur sa face inf\u00e9rieure d\u2019un film fortement \u00e9tanche aux liquides. Il est parfaitement adapt\u00e9 aux travaux de construction, de transformation, de r\u00e9novation et de peinture. Par ailleurs, il peut \u00eatre \u00e9galement utilis\u00e9 dans l\u2019industrie, la production ainsi que dans les cabines de pulv\u00e9risation.","robots":{"index":"index","follow":"follow","max-snippet":"max-snippet:-1","max-image-preview":"max-image-preview:large","max-video-preview":"max-video-preview:-1"},"canonical":"https:\/\/primacover.com\/fr\/product\/primacover-combi\/","og_locale":"fr_FR","og_type":"article","og_title":"PrimaCover Combi","og_description":"PrimaCover Combi est un non-tiss\u00e9 de protection universel, \u00e9tanche \u00e0 l\u2019humidit\u00e9. Ce non-tiss\u00e9 l\u00e9ger et absorbant est muni sur sa face inf\u00e9rieure d\u2019un film fortement \u00e9tanche aux liquides. Il est parfaitement adapt\u00e9 aux travaux de construction, de transformation, de r\u00e9novation et de peinture. Par ailleurs, il peut \u00eatre \u00e9galement utilis\u00e9 dans l\u2019industrie, la production ainsi que dans les cabines de pulv\u00e9risation.","og_url":"https:\/\/primacover.com\/fr\/product\/primacover-combi\/","og_site_name":"PrimaCover","article_publisher":"https:\/\/www.facebook.com\/PrimaverdeBV","article_modified_time":"2026-04-03T09:30:58+00:00","og_image":[{"width":600,"height":600,"url":"https:\/\/primacover.com\/wp-content\/uploads\/2022\/04\/Combi_P0NZ_s01.jpg","type":"image\/jpeg"}],"twitter_card":"summary_large_image","twitter_misc":{"Prix":"","Disponibilit\u00e9":"En stock"},"schema":{"@context":"https:\/\/schema.org","@graph":[{"@type":"WebPage","@id":"https:\/\/primacover.com\/fr\/product\/primacover-combi\/","url":"https:\/\/primacover.com\/fr\/product\/primacover-combi\/","name":"Non-tiss\u00e9 de protection PrimaCover Combi","isPartOf":{"@id":"https:\/\/primacover.com\/fr\/#website"},"primaryImageOfPage":{"@id":"https:\/\/primacover.com\/fr\/product\/primacover-combi\/#primaryimage"},"image":{"@id":"https:\/\/primacover.com\/fr\/product\/primacover-combi\/#primaryimage"},"thumbnailUrl":"https:\/\/primacover.com\/wp-content\/uploads\/2022\/04\/Combi_P0NZ_s01.jpg","datePublished":"2022-05-02T10:55:03+00:00","dateModified":"2026-04-03T09:30:58+00:00","description":"PrimaCover Combi est un non-tiss\u00e9 de protection universel, \u00e9tanche \u00e0 l\u2019humidit\u00e9. Ce non-tiss\u00e9 l\u00e9ger et absorbant est muni sur sa face inf\u00e9rieure d\u2019un film fortement \u00e9tanche aux liquides. Il est parfaitement adapt\u00e9 aux travaux de construction, de transformation, de r\u00e9novation et de peinture. Par ailleurs, il peut \u00eatre \u00e9galement utilis\u00e9 dans l\u2019industrie, la production ainsi que dans les cabines de pulv\u00e9risation.","breadcrumb":{"@id":"https:\/\/primacover.com\/fr\/product\/primacover-combi\/#breadcrumb"},"inLanguage":"fr-FR","potentialAction":[{"@type":"ReadAction","target":["https:\/\/primacover.com\/fr\/product\/primacover-combi\/"]}]},{"@type":"ImageObject","inLanguage":"fr-FR","@id":"https:\/\/primacover.com\/fr\/product\/primacover-combi\/#primaryimage","url":"https:\/\/primacover.com\/wp-content\/uploads\/2022\/04\/Combi_P0NZ_s01.jpg","contentUrl":"https:\/\/primacover.com\/wp-content\/uploads\/2022\/04\/Combi_P0NZ_s01.jpg","width":600,"height":600,"caption":"900047 PrimaCover Combi Pratique gs1_01"},{"@type":"BreadcrumbList","@id":"https:\/\/primacover.com\/fr\/product\/primacover-combi\/#breadcrumb","itemListElement":[{"@type":"ListItem","position":1,"name":"Home","item":"https:\/\/primacover.com\/fr\/"},{"@type":"ListItem","position":2,"name":"Produits","item":"https:\/\/primacover.com\/fr\/produits\/"},{"@type":"ListItem","position":3,"name":"PrimaCover Combi"}]},{"@type":"WebSite","@id":"https:\/\/primacover.com\/fr\/#website","url":"https:\/\/primacover.com\/fr\/","name":"PrimaCover","description":"afdekvlies-afdekfolie-stofdeuren, coveringmaterials-dustdoors","publisher":{"@id":"https:\/\/primacover.com\/fr\/#organization"},"potentialAction":[{"@type":"SearchAction","target":{"@type":"EntryPoint","urlTemplate":"https:\/\/primacover.com\/fr\/?s={search_term_string}"},"query-input":{"@type":"PropertyValueSpecification","valueRequired":true,"valueName":"search_term_string"}}],"inLanguage":"fr-FR"},{"@type":"Organization","@id":"https:\/\/primacover.com\/fr\/#organization","name":"PrimaCover","url":"https:\/\/primacover.com\/fr\/","logo":{"@type":"ImageObject","inLanguage":"fr-FR","@id":"https:\/\/primacover.com\/fr\/#\/schema\/logo\/image\/","url":"","contentUrl":"","caption":"PrimaCover"},"image":{"@id":"https:\/\/primacover.com\/fr\/#\/schema\/logo\/image\/"},"sameAs":["https:\/\/www.facebook.com\/PrimaverdeBV","https:\/\/nl.linkedin.com\/company\/primaverde","https:\/\/www.youtube.com\/channel\/UC3DwQqj8f8tatLdSFA0aWwA"]}]},"product_brand":"PrimaCover","product_price_currency":"EUR","og_availability":"instock","product_availability":"instock","product_retailer_item_id":"PC900047","product_condition":"new"},"_links":{"self":[{"href":"https:\/\/primacover.com\/fr\/wp-json\/wp\/v2\/product\/131625","targetHints":{"allow":["GET"]}}],"collection":[{"href":"https:\/\/primacover.com\/fr\/wp-json\/wp\/v2\/product"}],"about":[{"href":"https:\/\/primacover.com\/fr\/wp-json\/wp\/v2\/types\/product"}],"wp:featuredmedia":[{"embeddable":true,"href":"https:\/\/primacover.com\/fr\/wp-json\/wp\/v2\/media\/130006"}],"wp:attachment":[{"href":"https:\/\/primacover.com\/fr\/wp-json\/wp\/v2\/media?parent=131625"}],"wp:term":[{"taxonomy":"product_brand","embeddable":true,"href":"https:\/\/primacover.com\/fr\/wp-json\/wp\/v2\/product_brand?post=131625"},{"taxonomy":"product_cat","embeddable":true,"href":"https:\/\/primacover.com\/fr\/wp-json\/wp\/v2\/product_cat?post=131625"},{"taxonomy":"product_tag","embeddable":true,"href":"https:\/\/primacover.com\/fr\/wp-json\/wp\/v2\/product_tag?post=131625"}],"curies":[{"name":"wp","href":"https:\/\/api.w.org\/{rel}","templated":true}]}}