{"id":131627,"date":"2022-05-02T12:55:03","date_gmt":"2022-05-02T10:55:03","guid":{"rendered":"https:\/\/primacover.com\/product\/primacover-hardfloorsaver\/"},"modified":"2026-04-03T11:31:57","modified_gmt":"2026-04-03T09:31:57","slug":"primacover-hardfloorsaver","status":"publish","type":"product","link":"https:\/\/primacover.com\/fr\/product\/primacover-hardfloorsaver\/","title":{"rendered":"PrimaCover Hardfloorsaver"},"content":{"rendered":"<h2>Film auto-adh\u00e9sif avec couche non tiss\u00e9e (sols durs)<\/h2>\n<p>PrimaCover Hardfloorsaver se compose d&rsquo;un film r\u00e9sistant, auto-adh\u00e9sif et \u00e9tanche aux liquides avec une couche protectrice en non-tiss\u00e9 sur le dessus. Sp\u00e9cialement con\u00e7u pour la protection s\u00fbre des surfaces dures contre de peinture, les liquides et les dommages m\u00e9caniques.<\/p>\n<p><strong>Propri\u00e9t\u00e9s:<\/strong><\/p>\n<ul>\n<li>Combinaison d&rsquo;une protection imperm\u00e9able et d&rsquo;une couche de non-tiss\u00e9 absorbant protecteur.<\/li>\n<li>Auto-adh\u00e9sif.<\/li>\n<li>\u00c9tanche aux liquides.<\/li>\n<li>Prot\u00e8ge contre les dommages m\u00e9caniques.<\/li>\n<\/ul>\n<p><strong>Utilisation:<\/strong><\/p>\n<ul>\n<li>Sur des supports durs. <\/li>\n<li>Sur les sols et les escaliers.<\/li>\n<\/ul>\n<p><strong>Instructions:<\/strong><\/p>\n<ul>\n<li>Tester pr\u00e9alablement l\u2019ad\u00e9quation du produit. <\/li>\n<li>Arr\u00eater le chauffage par le sol avant utilisation.<\/li>\n<li>\u00c0 retirer dans les 3 mois suivant la demande.<\/li>\n<\/ul>\n","protected":false},"excerpt":{"rendered":"<h2>Film auto-adh\u00e9sif avec couche non tiss\u00e9e (sols durs)<\/h2>\n","protected":false},"featured_media":130053,"menu_order":23,"template":"","meta":{"generate_page_header":""},"product_brand":[],"product_cat":[458],"product_tag":[3123,4035],"class_list":{"0":"post-131627","1":"product","2":"type-product","3":"status-publish","4":"has-post-thumbnail","6":"product_cat-non-tisse-de-protection","7":"product_tag-autoadhesif","8":"product_tag-existant-et-parfaitement-sechesne-contient-pas-dhumidite-fr","9":"pa_breedte-0-65-fr","10":"pa_breedte-1-fr","11":"pa_eenheid-m-fr","12":"pa_foliedikte-0-fr","13":"pa_frame-0-fr","14":"pa_lengte-25-fr","15":"pa_lengte-50-fr","16":"pa_matten30-0-0x30-fr","17":"pa_merk-primacover-fr","18":"pa_objecttypen-escaliers","19":"pa_objecttypen-sol","20":"pa_ondergrond-bois","21":"pa_ondergrond-ceramique","22":"pa_ondergrond-lamine","23":"pa_ondergrond-linoleum-fr","24":"pa_ondergrond-parquet-fr","25":"pa_ondergrond-pierre-naturelle","26":"pa_ondergrond-plastique","27":"pa_ondergrond-pvc-couche-superieure-en-pu","28":"pa_ondergrond-sol-coule-en-plastique","29":"pa_ondergrond-vinyle","30":"","31":"woocommerce-text-align-center","32":"woocommerce-image-align-center","33":"do-quantity-buttons","35":"first","36":"instock","37":"shipping-taxable","38":"product-type-simple"},"yoast_head":"<!-- This site is optimized with the Yoast SEO Premium plugin v26.7 (Yoast SEO v27.3) - https:\/\/yoast.com\/product\/yoast-seo-premium-wordpress\/ -->\n<title>Non-tiss\u00e9 de protection PrimaCover Hardfloorsaver<\/title>\n<meta name=\"description\" content=\"S\u00e9curit\u00e9 lors de l&#039;utilisation les mat\u00e9riaux d&#039;escalade, gr\u00e2ce \u00e0 l&#039;adh\u00e9rence fiable \u00e0 la surface et \u00e0 la couche sup\u00e9rieure antid\u00e9rapante. Id\u00e9al pour la conception de projets, la construction, la finition, la r\u00e9novation et la peinture.\" \/>\n<meta name=\"robots\" content=\"index, follow, max-snippet:-1, max-image-preview:large, max-video-preview:-1\" \/>\n<link rel=\"canonical\" href=\"https:\/\/primacover.com\/fr\/product\/primacover-hardfloorsaver\/\" \/>\n<meta property=\"og:locale\" content=\"fr_FR\" \/>\n<meta property=\"og:type\" content=\"article\" \/>\n<meta property=\"og:title\" content=\"PrimaCover Hardfloorsaver\" \/>\n<meta property=\"og:description\" content=\"S\u00e9curit\u00e9 lors de l&#039;utilisation les mat\u00e9riaux d&#039;escalade, gr\u00e2ce \u00e0 l&#039;adh\u00e9rence fiable \u00e0 la surface et \u00e0 la couche sup\u00e9rieure antid\u00e9rapante. Id\u00e9al pour la conception de projets, la construction, la finition, la r\u00e9novation et la peinture.\" \/>\n<meta property=\"og:url\" content=\"https:\/\/primacover.com\/fr\/product\/primacover-hardfloorsaver\/\" \/>\n<meta property=\"og:site_name\" content=\"PrimaCover\" \/>\n<meta property=\"article:publisher\" content=\"https:\/\/www.facebook.com\/PrimaverdeBV\" \/>\n<meta property=\"article:modified_time\" content=\"2026-04-03T09:31:57+00:00\" \/>\n<meta property=\"og:image\" content=\"https:\/\/primacover.com\/wp-content\/uploads\/2022\/04\/Hardfloorsaver_P0NZ_s01.jpg\" \/>\n\t<meta property=\"og:image:width\" content=\"600\" \/>\n\t<meta property=\"og:image:height\" content=\"600\" \/>\n\t<meta property=\"og:image:type\" content=\"image\/jpeg\" \/>\n<meta name=\"twitter:card\" content=\"summary_large_image\" \/>\n<meta name=\"twitter:label1\" content=\"Prix\" \/>\n\t<meta name=\"twitter:data1\" content=\"\" \/>\n\t<meta name=\"twitter:label2\" content=\"Disponibilit\u00e9\" \/>\n\t<meta name=\"twitter:data2\" content=\"En stock\" \/>\n<script type=\"application\/ld+json\" class=\"yoast-schema-graph\">{\"@context\":\"https:\\\/\\\/schema.org\",\"@graph\":[{\"@type\":\"WebPage\",\"@id\":\"https:\\\/\\\/primacover.com\\\/fr\\\/product\\\/primacover-hardfloorsaver\\\/\",\"url\":\"https:\\\/\\\/primacover.com\\\/fr\\\/product\\\/primacover-hardfloorsaver\\\/\",\"name\":\"Non-tiss\u00e9 de protection PrimaCover Hardfloorsaver\",\"isPartOf\":{\"@id\":\"https:\\\/\\\/primacover.com\\\/fr\\\/#website\"},\"primaryImageOfPage\":{\"@id\":\"https:\\\/\\\/primacover.com\\\/fr\\\/product\\\/primacover-hardfloorsaver\\\/#primaryimage\"},\"image\":{\"@id\":\"https:\\\/\\\/primacover.com\\\/fr\\\/product\\\/primacover-hardfloorsaver\\\/#primaryimage\"},\"thumbnailUrl\":\"https:\\\/\\\/primacover.com\\\/wp-content\\\/uploads\\\/2022\\\/04\\\/Hardfloorsaver_P0NZ_s01.jpg\",\"datePublished\":\"2022-05-02T10:55:03+00:00\",\"dateModified\":\"2026-04-03T09:31:57+00:00\",\"description\":\"S\u00e9curit\u00e9 lors de l'utilisation les mat\u00e9riaux d'escalade, gr\u00e2ce \u00e0 l'adh\u00e9rence fiable \u00e0 la surface et \u00e0 la couche sup\u00e9rieure antid\u00e9rapante. Id\u00e9al pour la conception de projets, la construction, la finition, la r\u00e9novation et la peinture.\",\"breadcrumb\":{\"@id\":\"https:\\\/\\\/primacover.com\\\/fr\\\/product\\\/primacover-hardfloorsaver\\\/#breadcrumb\"},\"inLanguage\":\"fr-FR\",\"potentialAction\":[{\"@type\":\"ReadAction\",\"target\":[\"https:\\\/\\\/primacover.com\\\/fr\\\/product\\\/primacover-hardfloorsaver\\\/\"]}]},{\"@type\":\"ImageObject\",\"inLanguage\":\"fr-FR\",\"@id\":\"https:\\\/\\\/primacover.com\\\/fr\\\/product\\\/primacover-hardfloorsaver\\\/#primaryimage\",\"url\":\"https:\\\/\\\/primacover.com\\\/wp-content\\\/uploads\\\/2022\\\/04\\\/Hardfloorsaver_P0NZ_s01.jpg\",\"contentUrl\":\"https:\\\/\\\/primacover.com\\\/wp-content\\\/uploads\\\/2022\\\/04\\\/Hardfloorsaver_P0NZ_s01.jpg\",\"width\":600,\"height\":600,\"caption\":\"900514 PrimaCover Hardfloorsaver Pratique gs1_01\"},{\"@type\":\"BreadcrumbList\",\"@id\":\"https:\\\/\\\/primacover.com\\\/fr\\\/product\\\/primacover-hardfloorsaver\\\/#breadcrumb\",\"itemListElement\":[{\"@type\":\"ListItem\",\"position\":1,\"name\":\"Home\",\"item\":\"https:\\\/\\\/primacover.com\\\/fr\\\/\"},{\"@type\":\"ListItem\",\"position\":2,\"name\":\"Produits\",\"item\":\"https:\\\/\\\/primacover.com\\\/fr\\\/produits\\\/\"},{\"@type\":\"ListItem\",\"position\":3,\"name\":\"PrimaCover Hardfloorsaver\"}]},{\"@type\":\"WebSite\",\"@id\":\"https:\\\/\\\/primacover.com\\\/fr\\\/#website\",\"url\":\"https:\\\/\\\/primacover.com\\\/fr\\\/\",\"name\":\"PrimaCover\",\"description\":\"afdekvlies-afdekfolie-stofdeuren, coveringmaterials-dustdoors\",\"publisher\":{\"@id\":\"https:\\\/\\\/primacover.com\\\/fr\\\/#organization\"},\"potentialAction\":[{\"@type\":\"SearchAction\",\"target\":{\"@type\":\"EntryPoint\",\"urlTemplate\":\"https:\\\/\\\/primacover.com\\\/fr\\\/?s={search_term_string}\"},\"query-input\":{\"@type\":\"PropertyValueSpecification\",\"valueRequired\":true,\"valueName\":\"search_term_string\"}}],\"inLanguage\":\"fr-FR\"},{\"@type\":\"Organization\",\"@id\":\"https:\\\/\\\/primacover.com\\\/fr\\\/#organization\",\"name\":\"PrimaCover\",\"url\":\"https:\\\/\\\/primacover.com\\\/fr\\\/\",\"logo\":{\"@type\":\"ImageObject\",\"inLanguage\":\"fr-FR\",\"@id\":\"https:\\\/\\\/primacover.com\\\/fr\\\/#\\\/schema\\\/logo\\\/image\\\/\",\"url\":\"\",\"contentUrl\":\"\",\"caption\":\"PrimaCover\"},\"image\":{\"@id\":\"https:\\\/\\\/primacover.com\\\/fr\\\/#\\\/schema\\\/logo\\\/image\\\/\"},\"sameAs\":[\"https:\\\/\\\/www.facebook.com\\\/PrimaverdeBV\",\"https:\\\/\\\/nl.linkedin.com\\\/company\\\/primaverde\",\"https:\\\/\\\/www.youtube.com\\\/channel\\\/UC3DwQqj8f8tatLdSFA0aWwA\"]}]}<\/script>\n<meta property=\"product:brand\" content=\"PrimaCover\" \/>\n<meta property=\"product:price:currency\" content=\"EUR\" \/>\n<meta property=\"og:availability\" content=\"instock\" \/>\n<meta property=\"product:availability\" content=\"instock\" \/>\n<meta property=\"product:retailer_item_id\" content=\"PC900513\" \/>\n<meta property=\"product:condition\" content=\"new\" \/>\n<!-- \/ Yoast SEO Premium plugin. -->","yoast_head_json":{"title":"Non-tiss\u00e9 de protection PrimaCover Hardfloorsaver","description":"S\u00e9curit\u00e9 lors de l'utilisation les mat\u00e9riaux d'escalade, gr\u00e2ce \u00e0 l'adh\u00e9rence fiable \u00e0 la surface et \u00e0 la couche sup\u00e9rieure antid\u00e9rapante. Id\u00e9al pour la conception de projets, la construction, la finition, la r\u00e9novation et la peinture.","robots":{"index":"index","follow":"follow","max-snippet":"max-snippet:-1","max-image-preview":"max-image-preview:large","max-video-preview":"max-video-preview:-1"},"canonical":"https:\/\/primacover.com\/fr\/product\/primacover-hardfloorsaver\/","og_locale":"fr_FR","og_type":"article","og_title":"PrimaCover Hardfloorsaver","og_description":"S\u00e9curit\u00e9 lors de l'utilisation les mat\u00e9riaux d'escalade, gr\u00e2ce \u00e0 l'adh\u00e9rence fiable \u00e0 la surface et \u00e0 la couche sup\u00e9rieure antid\u00e9rapante. Id\u00e9al pour la conception de projets, la construction, la finition, la r\u00e9novation et la peinture.","og_url":"https:\/\/primacover.com\/fr\/product\/primacover-hardfloorsaver\/","og_site_name":"PrimaCover","article_publisher":"https:\/\/www.facebook.com\/PrimaverdeBV","article_modified_time":"2026-04-03T09:31:57+00:00","og_image":[{"width":600,"height":600,"url":"https:\/\/primacover.com\/wp-content\/uploads\/2022\/04\/Hardfloorsaver_P0NZ_s01.jpg","type":"image\/jpeg"}],"twitter_card":"summary_large_image","twitter_misc":{"Prix":"","Disponibilit\u00e9":"En stock"},"schema":{"@context":"https:\/\/schema.org","@graph":[{"@type":"WebPage","@id":"https:\/\/primacover.com\/fr\/product\/primacover-hardfloorsaver\/","url":"https:\/\/primacover.com\/fr\/product\/primacover-hardfloorsaver\/","name":"Non-tiss\u00e9 de protection PrimaCover Hardfloorsaver","isPartOf":{"@id":"https:\/\/primacover.com\/fr\/#website"},"primaryImageOfPage":{"@id":"https:\/\/primacover.com\/fr\/product\/primacover-hardfloorsaver\/#primaryimage"},"image":{"@id":"https:\/\/primacover.com\/fr\/product\/primacover-hardfloorsaver\/#primaryimage"},"thumbnailUrl":"https:\/\/primacover.com\/wp-content\/uploads\/2022\/04\/Hardfloorsaver_P0NZ_s01.jpg","datePublished":"2022-05-02T10:55:03+00:00","dateModified":"2026-04-03T09:31:57+00:00","description":"S\u00e9curit\u00e9 lors de l'utilisation les mat\u00e9riaux d'escalade, gr\u00e2ce \u00e0 l'adh\u00e9rence fiable \u00e0 la surface et \u00e0 la couche sup\u00e9rieure antid\u00e9rapante. Id\u00e9al pour la conception de projets, la construction, la finition, la r\u00e9novation et la peinture.","breadcrumb":{"@id":"https:\/\/primacover.com\/fr\/product\/primacover-hardfloorsaver\/#breadcrumb"},"inLanguage":"fr-FR","potentialAction":[{"@type":"ReadAction","target":["https:\/\/primacover.com\/fr\/product\/primacover-hardfloorsaver\/"]}]},{"@type":"ImageObject","inLanguage":"fr-FR","@id":"https:\/\/primacover.com\/fr\/product\/primacover-hardfloorsaver\/#primaryimage","url":"https:\/\/primacover.com\/wp-content\/uploads\/2022\/04\/Hardfloorsaver_P0NZ_s01.jpg","contentUrl":"https:\/\/primacover.com\/wp-content\/uploads\/2022\/04\/Hardfloorsaver_P0NZ_s01.jpg","width":600,"height":600,"caption":"900514 PrimaCover Hardfloorsaver Pratique gs1_01"},{"@type":"BreadcrumbList","@id":"https:\/\/primacover.com\/fr\/product\/primacover-hardfloorsaver\/#breadcrumb","itemListElement":[{"@type":"ListItem","position":1,"name":"Home","item":"https:\/\/primacover.com\/fr\/"},{"@type":"ListItem","position":2,"name":"Produits","item":"https:\/\/primacover.com\/fr\/produits\/"},{"@type":"ListItem","position":3,"name":"PrimaCover Hardfloorsaver"}]},{"@type":"WebSite","@id":"https:\/\/primacover.com\/fr\/#website","url":"https:\/\/primacover.com\/fr\/","name":"PrimaCover","description":"afdekvlies-afdekfolie-stofdeuren, coveringmaterials-dustdoors","publisher":{"@id":"https:\/\/primacover.com\/fr\/#organization"},"potentialAction":[{"@type":"SearchAction","target":{"@type":"EntryPoint","urlTemplate":"https:\/\/primacover.com\/fr\/?s={search_term_string}"},"query-input":{"@type":"PropertyValueSpecification","valueRequired":true,"valueName":"search_term_string"}}],"inLanguage":"fr-FR"},{"@type":"Organization","@id":"https:\/\/primacover.com\/fr\/#organization","name":"PrimaCover","url":"https:\/\/primacover.com\/fr\/","logo":{"@type":"ImageObject","inLanguage":"fr-FR","@id":"https:\/\/primacover.com\/fr\/#\/schema\/logo\/image\/","url":"","contentUrl":"","caption":"PrimaCover"},"image":{"@id":"https:\/\/primacover.com\/fr\/#\/schema\/logo\/image\/"},"sameAs":["https:\/\/www.facebook.com\/PrimaverdeBV","https:\/\/nl.linkedin.com\/company\/primaverde","https:\/\/www.youtube.com\/channel\/UC3DwQqj8f8tatLdSFA0aWwA"]}]},"product_brand":"PrimaCover","product_price_currency":"EUR","og_availability":"instock","product_availability":"instock","product_retailer_item_id":"PC900513","product_condition":"new"},"_links":{"self":[{"href":"https:\/\/primacover.com\/fr\/wp-json\/wp\/v2\/product\/131627","targetHints":{"allow":["GET"]}}],"collection":[{"href":"https:\/\/primacover.com\/fr\/wp-json\/wp\/v2\/product"}],"about":[{"href":"https:\/\/primacover.com\/fr\/wp-json\/wp\/v2\/types\/product"}],"wp:featuredmedia":[{"embeddable":true,"href":"https:\/\/primacover.com\/fr\/wp-json\/wp\/v2\/media\/130053"}],"wp:attachment":[{"href":"https:\/\/primacover.com\/fr\/wp-json\/wp\/v2\/media?parent=131627"}],"wp:term":[{"taxonomy":"product_brand","embeddable":true,"href":"https:\/\/primacover.com\/fr\/wp-json\/wp\/v2\/product_brand?post=131627"},{"taxonomy":"product_cat","embeddable":true,"href":"https:\/\/primacover.com\/fr\/wp-json\/wp\/v2\/product_cat?post=131627"},{"taxonomy":"product_tag","embeddable":true,"href":"https:\/\/primacover.com\/fr\/wp-json\/wp\/v2\/product_tag?post=131627"}],"curies":[{"name":"wp","href":"https:\/\/api.w.org\/{rel}","templated":true}]}}