{"id":131634,"date":"2022-05-02T12:55:12","date_gmt":"2022-05-02T10:55:12","guid":{"rendered":"https:\/\/primacover.com\/product\/primacover-absorb\/"},"modified":"2026-04-03T11:28:59","modified_gmt":"2026-04-03T09:28:59","slug":"primacover-absorb","status":"publish","type":"product","link":"https:\/\/primacover.com\/fr\/product\/primacover-absorb\/","title":{"rendered":"PrimaCover Absorb"},"content":{"rendered":"<h2>Non-tiss\u00e9 fortement absorbant<\/h2>\n<p>PrimaCover Absorb est un non-tiss\u00e9 autoadh\u00e9sif et imperm\u00e9able, muni d\u2019un film interm\u00e9diaire. Gr\u00e2ce \u00e0 sa surface en viscose, il est en mesure d\u2019absorber de grandes quantit\u00e9s de liquides. Produit r\u00e9sistant m\u00eame aux liquides contenant des solvants, tels que les peintures, les colles et les d\u00e9graissants.<\/p>\n<p><strong>Propri\u00e9t\u00e9s:<\/strong><\/p>\n<ul>\n<li>\u00c9norme capacit\u00e9 d&rsquo;absorption (1 litre\/m\u00b2)<\/li>\n<li>\u00c9tanche aux liquides et r\u00e9sistant aux solvants<\/li>\n<li>Antid\u00e9rapant<\/li>\n<li>Auto-adh\u00e9sif<\/li>\n<li>Amortit les chocs<\/li>\n<li>Non-pelucheux<\/li>\n<\/ul>\n<p><strong>Utilisation:<\/strong><\/p>\n<ul>\n<li>Pour les surfaces durs parfaitement secs.<\/li>\n<li>Sur les sols et les escaliers.<\/li>\n<\/ul>\n<p><strong>Instructions:<\/strong><\/p>\n<ul>\n<li>Tester au pr\u00e9alable l\u2019aptitude du produit. <\/li>\n<li>Arr\u00eater le chauffage au sol avant la pose.<\/li>\n<\/ul>\n","protected":false},"excerpt":{"rendered":"<h2>Non-tiss\u00e9 de protection fortement absorbant<\/h2>\n","protected":false},"featured_media":130185,"menu_order":22,"template":"","meta":{"generate_page_header":""},"product_brand":[],"product_cat":[458],"product_tag":[3123,4035],"class_list":{"0":"post-131634","1":"product","2":"type-product","3":"status-publish","4":"has-post-thumbnail","6":"product_cat-non-tisse-de-protection","7":"product_tag-autoadhesif","8":"product_tag-existant-et-parfaitement-sechesne-contient-pas-dhumidite-fr","9":"pa_breedte-1-fr","10":"pa_eenheid-m-fr","11":"pa_foliedikte-0-fr","12":"pa_frame-0-fr","13":"pa_lengte-25-fr","14":"pa_matten30-0-0x30-fr","15":"pa_merk-primacover-fr","16":"pa_objecttypen-escaliers","17":"pa_objecttypen-sol","18":"pa_ondergrond-beton-prefabrique","19":"pa_ondergrond-bois","20":"pa_ondergrond-ceramique","21":"pa_ondergrond-lamine","22":"pa_ondergrond-linoleum-fr","23":"pa_ondergrond-parquet-fr","24":"pa_ondergrond-pierre-naturelle","25":"pa_ondergrond-plastique","26":"pa_ondergrond-pvc-couche-superieure-en-pu","27":"pa_ondergrond-sol-coule-en-plastique","28":"pa_ondergrond-sol-en-ciment-coule","29":"pa_ondergrond-vinyle","30":"","31":"woocommerce-text-align-center","32":"woocommerce-image-align-center","33":"do-quantity-buttons","35":"first","36":"instock","37":"shipping-taxable","38":"product-type-simple"},"yoast_head":"<!-- This site is optimized with the Yoast SEO Premium plugin v26.7 (Yoast SEO v27.3) - https:\/\/yoast.com\/product\/yoast-seo-premium-wordpress\/ -->\n<title>Non-tiss\u00e9 de protection PrimaCover Absorb<\/title>\n<meta name=\"description\" content=\"PrimaCover Absorb est un non-tiss\u00e9 de protection autoadh\u00e9sif et imperm\u00e9able, muni d\u2019un film interm\u00e9diaire. Gr\u00e2ce \u00e0 sa surface en viscose, il est en mesure d\u2019absorber de grandes quantit\u00e9s de liquides. Produit r\u00e9sistant m\u00eame aux liquides contenant des solvants, tels que les peintures, les colles et les d\u00e9graissants.\" \/>\n<meta name=\"robots\" content=\"index, follow, max-snippet:-1, max-image-preview:large, max-video-preview:-1\" \/>\n<link rel=\"canonical\" href=\"https:\/\/primacover.com\/fr\/product\/primacover-absorb\/\" \/>\n<meta property=\"og:locale\" content=\"fr_FR\" \/>\n<meta property=\"og:type\" content=\"article\" \/>\n<meta property=\"og:title\" content=\"PrimaCover Absorb\" \/>\n<meta property=\"og:description\" content=\"PrimaCover Absorb est un non-tiss\u00e9 de protection autoadh\u00e9sif et imperm\u00e9able, muni d\u2019un film interm\u00e9diaire. Gr\u00e2ce \u00e0 sa surface en viscose, il est en mesure d\u2019absorber de grandes quantit\u00e9s de liquides. Produit r\u00e9sistant m\u00eame aux liquides contenant des solvants, tels que les peintures, les colles et les d\u00e9graissants.\" \/>\n<meta property=\"og:url\" content=\"https:\/\/primacover.com\/fr\/product\/primacover-absorb\/\" \/>\n<meta property=\"og:site_name\" content=\"PrimaCover\" \/>\n<meta property=\"article:publisher\" content=\"https:\/\/www.facebook.com\/PrimaverdeBV\" \/>\n<meta property=\"article:modified_time\" content=\"2026-04-03T09:28:59+00:00\" \/>\n<meta property=\"og:image\" content=\"https:\/\/primacover.com\/wp-content\/uploads\/2022\/04\/Absorb_P0NZ_s01.jpg\" \/>\n\t<meta property=\"og:image:width\" content=\"600\" \/>\n\t<meta property=\"og:image:height\" content=\"600\" \/>\n\t<meta property=\"og:image:type\" content=\"image\/jpeg\" \/>\n<meta name=\"twitter:card\" content=\"summary_large_image\" \/>\n<meta name=\"twitter:label1\" content=\"Prix\" \/>\n\t<meta name=\"twitter:data1\" content=\"\" \/>\n\t<meta name=\"twitter:label2\" content=\"Disponibilit\u00e9\" \/>\n\t<meta name=\"twitter:data2\" content=\"En stock\" \/>\n<script type=\"application\/ld+json\" class=\"yoast-schema-graph\">{\"@context\":\"https:\\\/\\\/schema.org\",\"@graph\":[{\"@type\":\"WebPage\",\"@id\":\"https:\\\/\\\/primacover.com\\\/fr\\\/product\\\/primacover-absorb\\\/\",\"url\":\"https:\\\/\\\/primacover.com\\\/fr\\\/product\\\/primacover-absorb\\\/\",\"name\":\"Non-tiss\u00e9 de protection PrimaCover Absorb\",\"isPartOf\":{\"@id\":\"https:\\\/\\\/primacover.com\\\/fr\\\/#website\"},\"primaryImageOfPage\":{\"@id\":\"https:\\\/\\\/primacover.com\\\/fr\\\/product\\\/primacover-absorb\\\/#primaryimage\"},\"image\":{\"@id\":\"https:\\\/\\\/primacover.com\\\/fr\\\/product\\\/primacover-absorb\\\/#primaryimage\"},\"thumbnailUrl\":\"https:\\\/\\\/primacover.com\\\/wp-content\\\/uploads\\\/2022\\\/04\\\/Absorb_P0NZ_s01.jpg\",\"datePublished\":\"2022-05-02T10:55:12+00:00\",\"dateModified\":\"2026-04-03T09:28:59+00:00\",\"description\":\"PrimaCover Absorb est un non-tiss\u00e9 de protection autoadh\u00e9sif et imperm\u00e9able, muni d\u2019un film interm\u00e9diaire. Gr\u00e2ce \u00e0 sa surface en viscose, il est en mesure d\u2019absorber de grandes quantit\u00e9s de liquides. Produit r\u00e9sistant m\u00eame aux liquides contenant des solvants, tels que les peintures, les colles et les d\u00e9graissants.\",\"breadcrumb\":{\"@id\":\"https:\\\/\\\/primacover.com\\\/fr\\\/product\\\/primacover-absorb\\\/#breadcrumb\"},\"inLanguage\":\"fr-FR\",\"potentialAction\":[{\"@type\":\"ReadAction\",\"target\":[\"https:\\\/\\\/primacover.com\\\/fr\\\/product\\\/primacover-absorb\\\/\"]}]},{\"@type\":\"ImageObject\",\"inLanguage\":\"fr-FR\",\"@id\":\"https:\\\/\\\/primacover.com\\\/fr\\\/product\\\/primacover-absorb\\\/#primaryimage\",\"url\":\"https:\\\/\\\/primacover.com\\\/wp-content\\\/uploads\\\/2022\\\/04\\\/Absorb_P0NZ_s01.jpg\",\"contentUrl\":\"https:\\\/\\\/primacover.com\\\/wp-content\\\/uploads\\\/2022\\\/04\\\/Absorb_P0NZ_s01.jpg\",\"width\":600,\"height\":600,\"caption\":\"900037 PrimaCover Absorb Pratique gs1_01\"},{\"@type\":\"BreadcrumbList\",\"@id\":\"https:\\\/\\\/primacover.com\\\/fr\\\/product\\\/primacover-absorb\\\/#breadcrumb\",\"itemListElement\":[{\"@type\":\"ListItem\",\"position\":1,\"name\":\"Home\",\"item\":\"https:\\\/\\\/primacover.com\\\/fr\\\/\"},{\"@type\":\"ListItem\",\"position\":2,\"name\":\"Produits\",\"item\":\"https:\\\/\\\/primacover.com\\\/fr\\\/produits\\\/\"},{\"@type\":\"ListItem\",\"position\":3,\"name\":\"PrimaCover Absorb\"}]},{\"@type\":\"WebSite\",\"@id\":\"https:\\\/\\\/primacover.com\\\/fr\\\/#website\",\"url\":\"https:\\\/\\\/primacover.com\\\/fr\\\/\",\"name\":\"PrimaCover\",\"description\":\"afdekvlies-afdekfolie-stofdeuren, coveringmaterials-dustdoors\",\"publisher\":{\"@id\":\"https:\\\/\\\/primacover.com\\\/fr\\\/#organization\"},\"potentialAction\":[{\"@type\":\"SearchAction\",\"target\":{\"@type\":\"EntryPoint\",\"urlTemplate\":\"https:\\\/\\\/primacover.com\\\/fr\\\/?s={search_term_string}\"},\"query-input\":{\"@type\":\"PropertyValueSpecification\",\"valueRequired\":true,\"valueName\":\"search_term_string\"}}],\"inLanguage\":\"fr-FR\"},{\"@type\":\"Organization\",\"@id\":\"https:\\\/\\\/primacover.com\\\/fr\\\/#organization\",\"name\":\"PrimaCover\",\"url\":\"https:\\\/\\\/primacover.com\\\/fr\\\/\",\"logo\":{\"@type\":\"ImageObject\",\"inLanguage\":\"fr-FR\",\"@id\":\"https:\\\/\\\/primacover.com\\\/fr\\\/#\\\/schema\\\/logo\\\/image\\\/\",\"url\":\"\",\"contentUrl\":\"\",\"caption\":\"PrimaCover\"},\"image\":{\"@id\":\"https:\\\/\\\/primacover.com\\\/fr\\\/#\\\/schema\\\/logo\\\/image\\\/\"},\"sameAs\":[\"https:\\\/\\\/www.facebook.com\\\/PrimaverdeBV\",\"https:\\\/\\\/nl.linkedin.com\\\/company\\\/primaverde\",\"https:\\\/\\\/www.youtube.com\\\/channel\\\/UC3DwQqj8f8tatLdSFA0aWwA\"]}]}<\/script>\n<meta property=\"product:brand\" content=\"PrimaCover\" \/>\n<meta property=\"product:price:currency\" content=\"EUR\" \/>\n<meta property=\"og:availability\" content=\"instock\" \/>\n<meta property=\"product:availability\" content=\"instock\" \/>\n<meta property=\"product:retailer_item_id\" content=\"PC900037\" \/>\n<meta property=\"product:condition\" content=\"new\" \/>\n<!-- \/ Yoast SEO Premium plugin. -->","yoast_head_json":{"title":"Non-tiss\u00e9 de protection PrimaCover Absorb","description":"PrimaCover Absorb est un non-tiss\u00e9 de protection autoadh\u00e9sif et imperm\u00e9able, muni d\u2019un film interm\u00e9diaire. Gr\u00e2ce \u00e0 sa surface en viscose, il est en mesure d\u2019absorber de grandes quantit\u00e9s de liquides. Produit r\u00e9sistant m\u00eame aux liquides contenant des solvants, tels que les peintures, les colles et les d\u00e9graissants.","robots":{"index":"index","follow":"follow","max-snippet":"max-snippet:-1","max-image-preview":"max-image-preview:large","max-video-preview":"max-video-preview:-1"},"canonical":"https:\/\/primacover.com\/fr\/product\/primacover-absorb\/","og_locale":"fr_FR","og_type":"article","og_title":"PrimaCover Absorb","og_description":"PrimaCover Absorb est un non-tiss\u00e9 de protection autoadh\u00e9sif et imperm\u00e9able, muni d\u2019un film interm\u00e9diaire. Gr\u00e2ce \u00e0 sa surface en viscose, il est en mesure d\u2019absorber de grandes quantit\u00e9s de liquides. Produit r\u00e9sistant m\u00eame aux liquides contenant des solvants, tels que les peintures, les colles et les d\u00e9graissants.","og_url":"https:\/\/primacover.com\/fr\/product\/primacover-absorb\/","og_site_name":"PrimaCover","article_publisher":"https:\/\/www.facebook.com\/PrimaverdeBV","article_modified_time":"2026-04-03T09:28:59+00:00","og_image":[{"width":600,"height":600,"url":"https:\/\/primacover.com\/wp-content\/uploads\/2022\/04\/Absorb_P0NZ_s01.jpg","type":"image\/jpeg"}],"twitter_card":"summary_large_image","twitter_misc":{"Prix":"","Disponibilit\u00e9":"En stock"},"schema":{"@context":"https:\/\/schema.org","@graph":[{"@type":"WebPage","@id":"https:\/\/primacover.com\/fr\/product\/primacover-absorb\/","url":"https:\/\/primacover.com\/fr\/product\/primacover-absorb\/","name":"Non-tiss\u00e9 de protection PrimaCover Absorb","isPartOf":{"@id":"https:\/\/primacover.com\/fr\/#website"},"primaryImageOfPage":{"@id":"https:\/\/primacover.com\/fr\/product\/primacover-absorb\/#primaryimage"},"image":{"@id":"https:\/\/primacover.com\/fr\/product\/primacover-absorb\/#primaryimage"},"thumbnailUrl":"https:\/\/primacover.com\/wp-content\/uploads\/2022\/04\/Absorb_P0NZ_s01.jpg","datePublished":"2022-05-02T10:55:12+00:00","dateModified":"2026-04-03T09:28:59+00:00","description":"PrimaCover Absorb est un non-tiss\u00e9 de protection autoadh\u00e9sif et imperm\u00e9able, muni d\u2019un film interm\u00e9diaire. Gr\u00e2ce \u00e0 sa surface en viscose, il est en mesure d\u2019absorber de grandes quantit\u00e9s de liquides. Produit r\u00e9sistant m\u00eame aux liquides contenant des solvants, tels que les peintures, les colles et les d\u00e9graissants.","breadcrumb":{"@id":"https:\/\/primacover.com\/fr\/product\/primacover-absorb\/#breadcrumb"},"inLanguage":"fr-FR","potentialAction":[{"@type":"ReadAction","target":["https:\/\/primacover.com\/fr\/product\/primacover-absorb\/"]}]},{"@type":"ImageObject","inLanguage":"fr-FR","@id":"https:\/\/primacover.com\/fr\/product\/primacover-absorb\/#primaryimage","url":"https:\/\/primacover.com\/wp-content\/uploads\/2022\/04\/Absorb_P0NZ_s01.jpg","contentUrl":"https:\/\/primacover.com\/wp-content\/uploads\/2022\/04\/Absorb_P0NZ_s01.jpg","width":600,"height":600,"caption":"900037 PrimaCover Absorb Pratique gs1_01"},{"@type":"BreadcrumbList","@id":"https:\/\/primacover.com\/fr\/product\/primacover-absorb\/#breadcrumb","itemListElement":[{"@type":"ListItem","position":1,"name":"Home","item":"https:\/\/primacover.com\/fr\/"},{"@type":"ListItem","position":2,"name":"Produits","item":"https:\/\/primacover.com\/fr\/produits\/"},{"@type":"ListItem","position":3,"name":"PrimaCover Absorb"}]},{"@type":"WebSite","@id":"https:\/\/primacover.com\/fr\/#website","url":"https:\/\/primacover.com\/fr\/","name":"PrimaCover","description":"afdekvlies-afdekfolie-stofdeuren, coveringmaterials-dustdoors","publisher":{"@id":"https:\/\/primacover.com\/fr\/#organization"},"potentialAction":[{"@type":"SearchAction","target":{"@type":"EntryPoint","urlTemplate":"https:\/\/primacover.com\/fr\/?s={search_term_string}"},"query-input":{"@type":"PropertyValueSpecification","valueRequired":true,"valueName":"search_term_string"}}],"inLanguage":"fr-FR"},{"@type":"Organization","@id":"https:\/\/primacover.com\/fr\/#organization","name":"PrimaCover","url":"https:\/\/primacover.com\/fr\/","logo":{"@type":"ImageObject","inLanguage":"fr-FR","@id":"https:\/\/primacover.com\/fr\/#\/schema\/logo\/image\/","url":"","contentUrl":"","caption":"PrimaCover"},"image":{"@id":"https:\/\/primacover.com\/fr\/#\/schema\/logo\/image\/"},"sameAs":["https:\/\/www.facebook.com\/PrimaverdeBV","https:\/\/nl.linkedin.com\/company\/primaverde","https:\/\/www.youtube.com\/channel\/UC3DwQqj8f8tatLdSFA0aWwA"]}]},"product_brand":"PrimaCover","product_price_currency":"EUR","og_availability":"instock","product_availability":"instock","product_retailer_item_id":"PC900037","product_condition":"new"},"_links":{"self":[{"href":"https:\/\/primacover.com\/fr\/wp-json\/wp\/v2\/product\/131634","targetHints":{"allow":["GET"]}}],"collection":[{"href":"https:\/\/primacover.com\/fr\/wp-json\/wp\/v2\/product"}],"about":[{"href":"https:\/\/primacover.com\/fr\/wp-json\/wp\/v2\/types\/product"}],"wp:featuredmedia":[{"embeddable":true,"href":"https:\/\/primacover.com\/fr\/wp-json\/wp\/v2\/media\/130185"}],"wp:attachment":[{"href":"https:\/\/primacover.com\/fr\/wp-json\/wp\/v2\/media?parent=131634"}],"wp:term":[{"taxonomy":"product_brand","embeddable":true,"href":"https:\/\/primacover.com\/fr\/wp-json\/wp\/v2\/product_brand?post=131634"},{"taxonomy":"product_cat","embeddable":true,"href":"https:\/\/primacover.com\/fr\/wp-json\/wp\/v2\/product_cat?post=131634"},{"taxonomy":"product_tag","embeddable":true,"href":"https:\/\/primacover.com\/fr\/wp-json\/wp\/v2\/product_tag?post=131634"}],"curies":[{"name":"wp","href":"https:\/\/api.w.org\/{rel}","templated":true}]}}