{"id":131636,"date":"2022-05-02T12:55:12","date_gmt":"2022-05-02T10:55:12","guid":{"rendered":"https:\/\/primacover.com\/product\/primacover-protection-board\/"},"modified":"2025-10-02T13:07:29","modified_gmt":"2025-10-02T11:07:29","slug":"primacover-protection-board","status":"publish","type":"product","link":"https:\/\/primacover.com\/fr\/product\/primacover-protection-board\/","title":{"rendered":"PrimaCover Protection board"},"content":{"rendered":"<h2>Carton de protection universelle<\/h2>\n<p>PrimaCover Protection Board est un carton de protection pour application universelle. Id\u00e9al pour les travaux de transformation ou de r\u00e9novation comme p.ex. cr\u00e9pissage, enduit d\u00e9pos\u00e9 par pulv\u00e9risation et travaux de peinture. Protection contre les salet\u00e9s , l\u2019humidit\u00e9 et les dommages m\u00e9caniques.<\/p>\n<p><strong>Propri\u00e9t\u00e9s:<\/strong><\/p>\n<ul>\n<li>Face sup\u00e9rieure antid\u00e9rapante.<\/li>\n<li>Ex\u00e9cution neutre, sans empreinte.<\/li>\n<li>Sans rev\u00eatement plastique, enti\u00e8rement recyclable.<\/li>\n<\/ul>\n<p><strong>Utilisation:<\/strong><\/p>\n<ul>\n<li>Pour les surfaces durs parfaitement secs.<\/li>\n<\/ul>\n<p><strong>Instructions:<\/strong><\/p>\n<ul>\n<li>Tester au pr\u00e9alable l\u2019aptitude du produit.<\/li>\n<\/ul>\n","protected":false},"excerpt":{"rendered":"<h2>Carton de protection universel<\/h2>\n","protected":false},"featured_media":130227,"menu_order":27,"template":"","meta":{"generate_page_header":""},"product_brand":[],"product_cat":[458],"product_tag":[4035],"class_list":{"0":"post-131636","1":"product","2":"type-product","3":"status-publish","4":"has-post-thumbnail","6":"product_cat-non-tisse-de-protection","7":"product_tag-existant-et-parfaitement-sechesne-contient-pas-dhumidite-fr","8":"pa_breedte-0-675-fr","9":"pa_breedte-1-3-fr","10":"pa_eenheid-m-fr","11":"pa_foliedikte-250-fr","12":"pa_frame-0-fr","13":"pa_lengte-38-fr","14":"pa_lengte-73-5-fr","15":"pa_matten30-0-0x30-fr","16":"pa_merk-primacover-fr","17":"pa_objecttypen-sol","18":"pa_ondergrond-beton-prefabrique","19":"pa_ondergrond-bois","20":"pa_ondergrond-ceramique","21":"pa_ondergrond-lamine","22":"pa_ondergrond-linoleum-fr","23":"pa_ondergrond-parquet-fr","24":"pa_ondergrond-pierre-naturelle","25":"pa_ondergrond-plastique","26":"pa_ondergrond-pvc-couche-superieure-en-pu","27":"pa_ondergrond-sol-coule-en-plastique","28":"pa_ondergrond-sol-en-ciment-coule","29":"pa_ondergrond-vinyle","30":"","31":"woocommerce-text-align-center","32":"woocommerce-image-align-center","33":"do-quantity-buttons","35":"first","36":"instock","37":"shipping-taxable","38":"product-type-simple"},"yoast_head":"<!-- This site is optimized with the Yoast SEO Premium plugin v26.7 (Yoast SEO v27.3) - https:\/\/yoast.com\/product\/yoast-seo-premium-wordpress\/ -->\n<title>Non-tiss\u00e9 de protection PrimaCover Protection board<\/title>\n<meta name=\"description\" content=\"PrimaCover Protection Board est un carton de protection pour application universelle. Id\u00e9al pour les travaux de transformation ou de r\u00e9novation comme p.ex. cr\u00e9pissage, enduit d\u00e9pos\u00e9 par pulv\u00e9risation et travaux de peinture. Protection contre les crasses, l\u2019humidit\u00e9 et les dommages m\u00e9caniques.\" \/>\n<meta name=\"robots\" content=\"index, follow, max-snippet:-1, max-image-preview:large, max-video-preview:-1\" \/>\n<link rel=\"canonical\" href=\"https:\/\/primacover.com\/fr\/product\/primacover-protection-board\/\" \/>\n<meta property=\"og:locale\" content=\"fr_FR\" \/>\n<meta property=\"og:type\" content=\"article\" \/>\n<meta property=\"og:title\" content=\"PrimaCover Protection board\" \/>\n<meta property=\"og:description\" content=\"PrimaCover Protection Board est un carton de protection pour application universelle. Id\u00e9al pour les travaux de transformation ou de r\u00e9novation comme p.ex. cr\u00e9pissage, enduit d\u00e9pos\u00e9 par pulv\u00e9risation et travaux de peinture. Protection contre les crasses, l\u2019humidit\u00e9 et les dommages m\u00e9caniques.\" \/>\n<meta property=\"og:url\" content=\"https:\/\/primacover.com\/fr\/product\/primacover-protection-board\/\" \/>\n<meta property=\"og:site_name\" content=\"PrimaCover\" \/>\n<meta property=\"article:publisher\" content=\"https:\/\/www.facebook.com\/PrimaverdeBV\" \/>\n<meta property=\"article:modified_time\" content=\"2025-10-02T11:07:29+00:00\" \/>\n<meta property=\"og:image\" content=\"https:\/\/primacover.com\/wp-content\/uploads\/2022\/04\/Protection-board_P0NZ_s01.jpg\" \/>\n\t<meta property=\"og:image:width\" content=\"600\" \/>\n\t<meta property=\"og:image:height\" content=\"600\" \/>\n\t<meta property=\"og:image:type\" content=\"image\/jpeg\" \/>\n<meta name=\"twitter:card\" content=\"summary_large_image\" \/>\n<meta name=\"twitter:label1\" content=\"Prix\" \/>\n\t<meta name=\"twitter:data1\" content=\"\" \/>\n\t<meta name=\"twitter:label2\" content=\"Disponibilit\u00e9\" \/>\n\t<meta name=\"twitter:data2\" content=\"En stock\" \/>\n<script type=\"application\/ld+json\" class=\"yoast-schema-graph\">{\"@context\":\"https:\\\/\\\/schema.org\",\"@graph\":[{\"@type\":\"WebPage\",\"@id\":\"https:\\\/\\\/primacover.com\\\/fr\\\/product\\\/primacover-protection-board\\\/\",\"url\":\"https:\\\/\\\/primacover.com\\\/fr\\\/product\\\/primacover-protection-board\\\/\",\"name\":\"Non-tiss\u00e9 de protection PrimaCover Protection board\",\"isPartOf\":{\"@id\":\"https:\\\/\\\/primacover.com\\\/fr\\\/#website\"},\"primaryImageOfPage\":{\"@id\":\"https:\\\/\\\/primacover.com\\\/fr\\\/product\\\/primacover-protection-board\\\/#primaryimage\"},\"image\":{\"@id\":\"https:\\\/\\\/primacover.com\\\/fr\\\/product\\\/primacover-protection-board\\\/#primaryimage\"},\"thumbnailUrl\":\"https:\\\/\\\/primacover.com\\\/wp-content\\\/uploads\\\/2022\\\/04\\\/Protection-board_P0NZ_s01.jpg\",\"datePublished\":\"2022-05-02T10:55:12+00:00\",\"dateModified\":\"2025-10-02T11:07:29+00:00\",\"description\":\"PrimaCover Protection Board est un carton de protection pour application universelle. Id\u00e9al pour les travaux de transformation ou de r\u00e9novation comme p.ex. cr\u00e9pissage, enduit d\u00e9pos\u00e9 par pulv\u00e9risation et travaux de peinture. Protection contre les crasses, l\u2019humidit\u00e9 et les dommages m\u00e9caniques.\",\"breadcrumb\":{\"@id\":\"https:\\\/\\\/primacover.com\\\/fr\\\/product\\\/primacover-protection-board\\\/#breadcrumb\"},\"inLanguage\":\"fr-FR\",\"potentialAction\":[{\"@type\":\"ReadAction\",\"target\":[\"https:\\\/\\\/primacover.com\\\/fr\\\/product\\\/primacover-protection-board\\\/\"]}]},{\"@type\":\"ImageObject\",\"inLanguage\":\"fr-FR\",\"@id\":\"https:\\\/\\\/primacover.com\\\/fr\\\/product\\\/primacover-protection-board\\\/#primaryimage\",\"url\":\"https:\\\/\\\/primacover.com\\\/wp-content\\\/uploads\\\/2022\\\/04\\\/Protection-board_P0NZ_s01.jpg\",\"contentUrl\":\"https:\\\/\\\/primacover.com\\\/wp-content\\\/uploads\\\/2022\\\/04\\\/Protection-board_P0NZ_s01.jpg\",\"width\":600,\"height\":600,\"caption\":\"900092 PrimaCover Protection board Pratique gs1_01\"},{\"@type\":\"BreadcrumbList\",\"@id\":\"https:\\\/\\\/primacover.com\\\/fr\\\/product\\\/primacover-protection-board\\\/#breadcrumb\",\"itemListElement\":[{\"@type\":\"ListItem\",\"position\":1,\"name\":\"Home\",\"item\":\"https:\\\/\\\/primacover.com\\\/fr\\\/\"},{\"@type\":\"ListItem\",\"position\":2,\"name\":\"Produits\",\"item\":\"https:\\\/\\\/primacover.com\\\/fr\\\/produits\\\/\"},{\"@type\":\"ListItem\",\"position\":3,\"name\":\"PrimaCover Protection board\"}]},{\"@type\":\"WebSite\",\"@id\":\"https:\\\/\\\/primacover.com\\\/fr\\\/#website\",\"url\":\"https:\\\/\\\/primacover.com\\\/fr\\\/\",\"name\":\"PrimaCover\",\"description\":\"afdekvlies-afdekfolie-stofdeuren, coveringmaterials-dustdoors\",\"publisher\":{\"@id\":\"https:\\\/\\\/primacover.com\\\/fr\\\/#organization\"},\"potentialAction\":[{\"@type\":\"SearchAction\",\"target\":{\"@type\":\"EntryPoint\",\"urlTemplate\":\"https:\\\/\\\/primacover.com\\\/fr\\\/?s={search_term_string}\"},\"query-input\":{\"@type\":\"PropertyValueSpecification\",\"valueRequired\":true,\"valueName\":\"search_term_string\"}}],\"inLanguage\":\"fr-FR\"},{\"@type\":\"Organization\",\"@id\":\"https:\\\/\\\/primacover.com\\\/fr\\\/#organization\",\"name\":\"PrimaCover\",\"url\":\"https:\\\/\\\/primacover.com\\\/fr\\\/\",\"logo\":{\"@type\":\"ImageObject\",\"inLanguage\":\"fr-FR\",\"@id\":\"https:\\\/\\\/primacover.com\\\/fr\\\/#\\\/schema\\\/logo\\\/image\\\/\",\"url\":\"\",\"contentUrl\":\"\",\"caption\":\"PrimaCover\"},\"image\":{\"@id\":\"https:\\\/\\\/primacover.com\\\/fr\\\/#\\\/schema\\\/logo\\\/image\\\/\"},\"sameAs\":[\"https:\\\/\\\/www.facebook.com\\\/PrimaverdeBV\",\"https:\\\/\\\/nl.linkedin.com\\\/company\\\/primaverde\",\"https:\\\/\\\/www.youtube.com\\\/channel\\\/UC3DwQqj8f8tatLdSFA0aWwA\"]}]}<\/script>\n<meta property=\"product:brand\" content=\"PrimaCover\" \/>\n<meta property=\"product:price:currency\" content=\"EUR\" \/>\n<meta property=\"og:availability\" content=\"instock\" \/>\n<meta property=\"product:availability\" content=\"instock\" \/>\n<meta property=\"product:retailer_item_id\" content=\"PC900633\" \/>\n<meta property=\"product:condition\" content=\"new\" \/>\n<!-- \/ Yoast SEO Premium plugin. -->","yoast_head_json":{"title":"Non-tiss\u00e9 de protection PrimaCover Protection board","description":"PrimaCover Protection Board est un carton de protection pour application universelle. Id\u00e9al pour les travaux de transformation ou de r\u00e9novation comme p.ex. cr\u00e9pissage, enduit d\u00e9pos\u00e9 par pulv\u00e9risation et travaux de peinture. Protection contre les crasses, l\u2019humidit\u00e9 et les dommages m\u00e9caniques.","robots":{"index":"index","follow":"follow","max-snippet":"max-snippet:-1","max-image-preview":"max-image-preview:large","max-video-preview":"max-video-preview:-1"},"canonical":"https:\/\/primacover.com\/fr\/product\/primacover-protection-board\/","og_locale":"fr_FR","og_type":"article","og_title":"PrimaCover Protection board","og_description":"PrimaCover Protection Board est un carton de protection pour application universelle. Id\u00e9al pour les travaux de transformation ou de r\u00e9novation comme p.ex. cr\u00e9pissage, enduit d\u00e9pos\u00e9 par pulv\u00e9risation et travaux de peinture. Protection contre les crasses, l\u2019humidit\u00e9 et les dommages m\u00e9caniques.","og_url":"https:\/\/primacover.com\/fr\/product\/primacover-protection-board\/","og_site_name":"PrimaCover","article_publisher":"https:\/\/www.facebook.com\/PrimaverdeBV","article_modified_time":"2025-10-02T11:07:29+00:00","og_image":[{"width":600,"height":600,"url":"https:\/\/primacover.com\/wp-content\/uploads\/2022\/04\/Protection-board_P0NZ_s01.jpg","type":"image\/jpeg"}],"twitter_card":"summary_large_image","twitter_misc":{"Prix":"","Disponibilit\u00e9":"En stock"},"schema":{"@context":"https:\/\/schema.org","@graph":[{"@type":"WebPage","@id":"https:\/\/primacover.com\/fr\/product\/primacover-protection-board\/","url":"https:\/\/primacover.com\/fr\/product\/primacover-protection-board\/","name":"Non-tiss\u00e9 de protection PrimaCover Protection board","isPartOf":{"@id":"https:\/\/primacover.com\/fr\/#website"},"primaryImageOfPage":{"@id":"https:\/\/primacover.com\/fr\/product\/primacover-protection-board\/#primaryimage"},"image":{"@id":"https:\/\/primacover.com\/fr\/product\/primacover-protection-board\/#primaryimage"},"thumbnailUrl":"https:\/\/primacover.com\/wp-content\/uploads\/2022\/04\/Protection-board_P0NZ_s01.jpg","datePublished":"2022-05-02T10:55:12+00:00","dateModified":"2025-10-02T11:07:29+00:00","description":"PrimaCover Protection Board est un carton de protection pour application universelle. Id\u00e9al pour les travaux de transformation ou de r\u00e9novation comme p.ex. cr\u00e9pissage, enduit d\u00e9pos\u00e9 par pulv\u00e9risation et travaux de peinture. Protection contre les crasses, l\u2019humidit\u00e9 et les dommages m\u00e9caniques.","breadcrumb":{"@id":"https:\/\/primacover.com\/fr\/product\/primacover-protection-board\/#breadcrumb"},"inLanguage":"fr-FR","potentialAction":[{"@type":"ReadAction","target":["https:\/\/primacover.com\/fr\/product\/primacover-protection-board\/"]}]},{"@type":"ImageObject","inLanguage":"fr-FR","@id":"https:\/\/primacover.com\/fr\/product\/primacover-protection-board\/#primaryimage","url":"https:\/\/primacover.com\/wp-content\/uploads\/2022\/04\/Protection-board_P0NZ_s01.jpg","contentUrl":"https:\/\/primacover.com\/wp-content\/uploads\/2022\/04\/Protection-board_P0NZ_s01.jpg","width":600,"height":600,"caption":"900092 PrimaCover Protection board Pratique gs1_01"},{"@type":"BreadcrumbList","@id":"https:\/\/primacover.com\/fr\/product\/primacover-protection-board\/#breadcrumb","itemListElement":[{"@type":"ListItem","position":1,"name":"Home","item":"https:\/\/primacover.com\/fr\/"},{"@type":"ListItem","position":2,"name":"Produits","item":"https:\/\/primacover.com\/fr\/produits\/"},{"@type":"ListItem","position":3,"name":"PrimaCover Protection board"}]},{"@type":"WebSite","@id":"https:\/\/primacover.com\/fr\/#website","url":"https:\/\/primacover.com\/fr\/","name":"PrimaCover","description":"afdekvlies-afdekfolie-stofdeuren, coveringmaterials-dustdoors","publisher":{"@id":"https:\/\/primacover.com\/fr\/#organization"},"potentialAction":[{"@type":"SearchAction","target":{"@type":"EntryPoint","urlTemplate":"https:\/\/primacover.com\/fr\/?s={search_term_string}"},"query-input":{"@type":"PropertyValueSpecification","valueRequired":true,"valueName":"search_term_string"}}],"inLanguage":"fr-FR"},{"@type":"Organization","@id":"https:\/\/primacover.com\/fr\/#organization","name":"PrimaCover","url":"https:\/\/primacover.com\/fr\/","logo":{"@type":"ImageObject","inLanguage":"fr-FR","@id":"https:\/\/primacover.com\/fr\/#\/schema\/logo\/image\/","url":"","contentUrl":"","caption":"PrimaCover"},"image":{"@id":"https:\/\/primacover.com\/fr\/#\/schema\/logo\/image\/"},"sameAs":["https:\/\/www.facebook.com\/PrimaverdeBV","https:\/\/nl.linkedin.com\/company\/primaverde","https:\/\/www.youtube.com\/channel\/UC3DwQqj8f8tatLdSFA0aWwA"]}]},"product_brand":"PrimaCover","product_price_currency":"EUR","og_availability":"instock","product_availability":"instock","product_retailer_item_id":"PC900633","product_condition":"new"},"_links":{"self":[{"href":"https:\/\/primacover.com\/fr\/wp-json\/wp\/v2\/product\/131636","targetHints":{"allow":["GET"]}}],"collection":[{"href":"https:\/\/primacover.com\/fr\/wp-json\/wp\/v2\/product"}],"about":[{"href":"https:\/\/primacover.com\/fr\/wp-json\/wp\/v2\/types\/product"}],"wp:featuredmedia":[{"embeddable":true,"href":"https:\/\/primacover.com\/fr\/wp-json\/wp\/v2\/media\/130227"}],"wp:attachment":[{"href":"https:\/\/primacover.com\/fr\/wp-json\/wp\/v2\/media?parent=131636"}],"wp:term":[{"taxonomy":"product_brand","embeddable":true,"href":"https:\/\/primacover.com\/fr\/wp-json\/wp\/v2\/product_brand?post=131636"},{"taxonomy":"product_cat","embeddable":true,"href":"https:\/\/primacover.com\/fr\/wp-json\/wp\/v2\/product_cat?post=131636"},{"taxonomy":"product_tag","embeddable":true,"href":"https:\/\/primacover.com\/fr\/wp-json\/wp\/v2\/product_tag?post=131636"}],"curies":[{"name":"wp","href":"https:\/\/api.w.org\/{rel}","templated":true}]}}