{"id":131643,"date":"2022-05-02T12:55:21","date_gmt":"2022-05-02T10:55:21","guid":{"rendered":"https:\/\/primacover.com\/product\/primacover-defend\/"},"modified":"2026-04-03T11:50:51","modified_gmt":"2026-04-03T09:50:51","slug":"primacover-defend","status":"publish","type":"product","link":"https:\/\/primacover.com\/fr\/product\/primacover-defend\/","title":{"rendered":"PrimaCover Defend"},"content":{"rendered":"<h2>Feutre de protection<\/h2>\n<p>PrimaCover Defend est un feutre de protection extra \u00e9pais, ultra r\u00e9sistant qui assure une protection maximale des sols durs. Prot\u00e8ge contre les dommages m\u00e9caniques dus aux travaux de d\u00e9molition, aux charges de pression, au mat\u00e9riel sur roues, etc. Gr\u00e2ce \u00e0 son format, il convient id\u00e9alement pour la protection de surfaces de grandes dimensions. D\u00e9coupe ais\u00e9e \u00e0 l&rsquo;aide de ciseaux ou d&rsquo;un cutter.<\/p>\n<p><strong>Propri\u00e9t\u00e9s:<\/strong><\/p>\n<ul>\n<li>Perm\u00e9able \u00e0 100 % \u00e0 la vapeur et peut \u00eatre ainsi pos\u00e9 sur des surfaces humides<\/li>\n<li>Adaptation ais\u00e9e<\/li>\n<li>Grand effet protecteur m\u00e9canique, m\u00eame avec des charges ponctuelles<\/li>\n<li>R\u00e9utilisable<\/li>\n<li>Pratiquement non-pelucheux<\/li>\n<li>\u00c9paisseur : env. 4 mm.<\/li>\n<li>Disponible en rouleaux ( 25m x 1m ) et en plaques individuelles ( 80cm x 120cm )<\/li>\n<\/ul>\n<p><strong>Utilisation:<\/strong><\/p>\n<ul>\n<li>Convient pour presque tous les supports, \u00e9galement pour la pierre naturelle et du parquet.<\/li>\n<\/ul>\n<p><strong>Instructions:<\/strong><\/p>\n<ul>\n<li>Connecter les panneaux avec un ruban appropri\u00e9 sous de fortes charges. Pour une protection \u00e9tanche aux liquides, il est possible d&rsquo;appliquer par exemple PrimaCover Standard ou PrimaCover Active en dessous.<\/li>\n<li>Tester au pr\u00e9alable l\u2019aptitude du produit.<\/li>\n<\/ul>\n","protected":false},"excerpt":{"rendered":"<h2>Panneau de feutre<\/h2>\n","protected":false},"featured_media":130344,"menu_order":26,"template":"","meta":{"generate_page_header":""},"product_brand":[],"product_cat":[458],"product_tag":[4035,3622,3623],"class_list":{"0":"post-131643","1":"product","2":"type-product","3":"status-publish","4":"has-post-thumbnail","6":"product_cat-non-tisse-de-protection","7":"product_tag-existant-et-parfaitement-sechesne-contient-pas-dhumidite-fr","8":"product_tag-nouvellement-posee","9":"product_tag-traitement-recent","10":"pa_breedte-1-2-fr","11":"pa_eenheid-m-fr","12":"pa_foliedikte-4000-fr","13":"pa_frame-0-fr","14":"pa_lengte-0-8-fr","15":"pa_matten30-0-0x30-fr","16":"pa_merk-primacover-fr","17":"pa_objecttypen-sol","18":"pa_ondergrond-beton-prefabrique","19":"pa_ondergrond-bois","20":"pa_ondergrond-bois-non-traite","21":"pa_ondergrond-ceramique","22":"pa_ondergrond-lamine","23":"pa_ondergrond-linoleum-fr","24":"pa_ondergrond-parquet-fr","25":"pa_ondergrond-pierre-naturelle","26":"pa_ondergrond-plastique","27":"pa_ondergrond-pvc-couche-superieure-en-pu","28":"pa_ondergrond-sol-coule-en-plastique","29":"pa_ondergrond-sol-en-ciment-coule","30":"pa_ondergrond-tapis-a-poils-longs","31":"pa_ondergrond-tapis-a-poils-ras","32":"pa_ondergrond-vinyle","33":"","34":"woocommerce-text-align-center","35":"woocommerce-image-align-center","36":"do-quantity-buttons","38":"first","39":"instock","40":"shipping-taxable","41":"product-type-simple"},"yoast_head":"<!-- This site is optimized with the Yoast SEO Premium plugin v26.7 (Yoast SEO v27.3) - https:\/\/yoast.com\/product\/yoast-seo-premium-wordpress\/ -->\n<title>Non-tiss\u00e9 de protection PrimaCover Defend<\/title>\n<meta name=\"description\" content=\"Panneau en fibres de forte \u00e9paisseur r\u00e9sistant \u00e0 de fortes sollicitations, pour la protection maximale de diff\u00e9rentes surfaces. Prot\u00e8ge contre les dommages m\u00e9caniques dus aux travaux de d\u00e9molition, aux charges de pression, au mat\u00e9riel sur roues, etc. Gr\u00e2ce \u00e0 son format, il convient id\u00e9alement pour la protection de surfaces de grandes dimensions. D\u00e9coupe ais\u00e9e \u00e0 l&#039;aide de ciseaux ou d&#039;un cutter.\" \/>\n<meta name=\"robots\" content=\"index, follow, max-snippet:-1, max-image-preview:large, max-video-preview:-1\" \/>\n<link rel=\"canonical\" href=\"https:\/\/primacover.com\/fr\/product\/primacover-defend\/\" \/>\n<meta property=\"og:locale\" content=\"fr_FR\" \/>\n<meta property=\"og:type\" content=\"article\" \/>\n<meta property=\"og:title\" content=\"PrimaCover Defend\" \/>\n<meta property=\"og:description\" content=\"Panneau en fibres de forte \u00e9paisseur r\u00e9sistant \u00e0 de fortes sollicitations, pour la protection maximale de diff\u00e9rentes surfaces. Prot\u00e8ge contre les dommages m\u00e9caniques dus aux travaux de d\u00e9molition, aux charges de pression, au mat\u00e9riel sur roues, etc. Gr\u00e2ce \u00e0 son format, il convient id\u00e9alement pour la protection de surfaces de grandes dimensions. D\u00e9coupe ais\u00e9e \u00e0 l&#039;aide de ciseaux ou d&#039;un cutter.\" \/>\n<meta property=\"og:url\" content=\"https:\/\/primacover.com\/fr\/product\/primacover-defend\/\" \/>\n<meta property=\"og:site_name\" content=\"PrimaCover\" \/>\n<meta property=\"article:publisher\" content=\"https:\/\/www.facebook.com\/PrimaverdeBV\" \/>\n<meta property=\"article:modified_time\" content=\"2026-04-03T09:50:51+00:00\" \/>\n<meta property=\"og:image\" content=\"https:\/\/primacover.com\/wp-content\/uploads\/2022\/04\/Defend_P0NZ_s01.jpg\" \/>\n\t<meta property=\"og:image:width\" content=\"600\" \/>\n\t<meta property=\"og:image:height\" content=\"600\" \/>\n\t<meta property=\"og:image:type\" content=\"image\/jpeg\" \/>\n<meta name=\"twitter:card\" content=\"summary_large_image\" \/>\n<meta name=\"twitter:label1\" content=\"Prix\" \/>\n\t<meta name=\"twitter:data1\" content=\"\" \/>\n\t<meta name=\"twitter:label2\" content=\"Disponibilit\u00e9\" \/>\n\t<meta name=\"twitter:data2\" content=\"En stock\" \/>\n<script type=\"application\/ld+json\" class=\"yoast-schema-graph\">{\"@context\":\"https:\\\/\\\/schema.org\",\"@graph\":[{\"@type\":\"WebPage\",\"@id\":\"https:\\\/\\\/primacover.com\\\/fr\\\/product\\\/primacover-defend\\\/\",\"url\":\"https:\\\/\\\/primacover.com\\\/fr\\\/product\\\/primacover-defend\\\/\",\"name\":\"Non-tiss\u00e9 de protection PrimaCover Defend\",\"isPartOf\":{\"@id\":\"https:\\\/\\\/primacover.com\\\/fr\\\/#website\"},\"primaryImageOfPage\":{\"@id\":\"https:\\\/\\\/primacover.com\\\/fr\\\/product\\\/primacover-defend\\\/#primaryimage\"},\"image\":{\"@id\":\"https:\\\/\\\/primacover.com\\\/fr\\\/product\\\/primacover-defend\\\/#primaryimage\"},\"thumbnailUrl\":\"https:\\\/\\\/primacover.com\\\/wp-content\\\/uploads\\\/2022\\\/04\\\/Defend_P0NZ_s01.jpg\",\"datePublished\":\"2022-05-02T10:55:21+00:00\",\"dateModified\":\"2026-04-03T09:50:51+00:00\",\"description\":\"Panneau en fibres de forte \u00e9paisseur r\u00e9sistant \u00e0 de fortes sollicitations, pour la protection maximale de diff\u00e9rentes surfaces. Prot\u00e8ge contre les dommages m\u00e9caniques dus aux travaux de d\u00e9molition, aux charges de pression, au mat\u00e9riel sur roues, etc. Gr\u00e2ce \u00e0 son format, il convient id\u00e9alement pour la protection de surfaces de grandes dimensions. D\u00e9coupe ais\u00e9e \u00e0 l'aide de ciseaux ou d'un cutter.\",\"breadcrumb\":{\"@id\":\"https:\\\/\\\/primacover.com\\\/fr\\\/product\\\/primacover-defend\\\/#breadcrumb\"},\"inLanguage\":\"fr-FR\",\"potentialAction\":[{\"@type\":\"ReadAction\",\"target\":[\"https:\\\/\\\/primacover.com\\\/fr\\\/product\\\/primacover-defend\\\/\"]}]},{\"@type\":\"ImageObject\",\"inLanguage\":\"fr-FR\",\"@id\":\"https:\\\/\\\/primacover.com\\\/fr\\\/product\\\/primacover-defend\\\/#primaryimage\",\"url\":\"https:\\\/\\\/primacover.com\\\/wp-content\\\/uploads\\\/2022\\\/04\\\/Defend_P0NZ_s01.jpg\",\"contentUrl\":\"https:\\\/\\\/primacover.com\\\/wp-content\\\/uploads\\\/2022\\\/04\\\/Defend_P0NZ_s01.jpg\",\"width\":600,\"height\":600,\"caption\":\"900029 PrimaCover Defend Pratique gs1_01\"},{\"@type\":\"BreadcrumbList\",\"@id\":\"https:\\\/\\\/primacover.com\\\/fr\\\/product\\\/primacover-defend\\\/#breadcrumb\",\"itemListElement\":[{\"@type\":\"ListItem\",\"position\":1,\"name\":\"Home\",\"item\":\"https:\\\/\\\/primacover.com\\\/fr\\\/\"},{\"@type\":\"ListItem\",\"position\":2,\"name\":\"Produits\",\"item\":\"https:\\\/\\\/primacover.com\\\/fr\\\/produits\\\/\"},{\"@type\":\"ListItem\",\"position\":3,\"name\":\"PrimaCover Defend\"}]},{\"@type\":\"WebSite\",\"@id\":\"https:\\\/\\\/primacover.com\\\/fr\\\/#website\",\"url\":\"https:\\\/\\\/primacover.com\\\/fr\\\/\",\"name\":\"PrimaCover\",\"description\":\"afdekvlies-afdekfolie-stofdeuren, coveringmaterials-dustdoors\",\"publisher\":{\"@id\":\"https:\\\/\\\/primacover.com\\\/fr\\\/#organization\"},\"potentialAction\":[{\"@type\":\"SearchAction\",\"target\":{\"@type\":\"EntryPoint\",\"urlTemplate\":\"https:\\\/\\\/primacover.com\\\/fr\\\/?s={search_term_string}\"},\"query-input\":{\"@type\":\"PropertyValueSpecification\",\"valueRequired\":true,\"valueName\":\"search_term_string\"}}],\"inLanguage\":\"fr-FR\"},{\"@type\":\"Organization\",\"@id\":\"https:\\\/\\\/primacover.com\\\/fr\\\/#organization\",\"name\":\"PrimaCover\",\"url\":\"https:\\\/\\\/primacover.com\\\/fr\\\/\",\"logo\":{\"@type\":\"ImageObject\",\"inLanguage\":\"fr-FR\",\"@id\":\"https:\\\/\\\/primacover.com\\\/fr\\\/#\\\/schema\\\/logo\\\/image\\\/\",\"url\":\"\",\"contentUrl\":\"\",\"caption\":\"PrimaCover\"},\"image\":{\"@id\":\"https:\\\/\\\/primacover.com\\\/fr\\\/#\\\/schema\\\/logo\\\/image\\\/\"},\"sameAs\":[\"https:\\\/\\\/www.facebook.com\\\/PrimaverdeBV\",\"https:\\\/\\\/nl.linkedin.com\\\/company\\\/primaverde\",\"https:\\\/\\\/www.youtube.com\\\/channel\\\/UC3DwQqj8f8tatLdSFA0aWwA\"]}]}<\/script>\n<meta property=\"product:brand\" content=\"PrimaCover\" \/>\n<meta property=\"product:price:currency\" content=\"EUR\" \/>\n<meta property=\"og:availability\" content=\"instock\" \/>\n<meta property=\"product:availability\" content=\"instock\" \/>\n<meta property=\"product:retailer_item_id\" content=\"PC900029\" \/>\n<meta property=\"product:condition\" content=\"new\" \/>\n<!-- \/ Yoast SEO Premium plugin. -->","yoast_head_json":{"title":"Non-tiss\u00e9 de protection PrimaCover Defend","description":"Panneau en fibres de forte \u00e9paisseur r\u00e9sistant \u00e0 de fortes sollicitations, pour la protection maximale de diff\u00e9rentes surfaces. Prot\u00e8ge contre les dommages m\u00e9caniques dus aux travaux de d\u00e9molition, aux charges de pression, au mat\u00e9riel sur roues, etc. Gr\u00e2ce \u00e0 son format, il convient id\u00e9alement pour la protection de surfaces de grandes dimensions. D\u00e9coupe ais\u00e9e \u00e0 l'aide de ciseaux ou d'un cutter.","robots":{"index":"index","follow":"follow","max-snippet":"max-snippet:-1","max-image-preview":"max-image-preview:large","max-video-preview":"max-video-preview:-1"},"canonical":"https:\/\/primacover.com\/fr\/product\/primacover-defend\/","og_locale":"fr_FR","og_type":"article","og_title":"PrimaCover Defend","og_description":"Panneau en fibres de forte \u00e9paisseur r\u00e9sistant \u00e0 de fortes sollicitations, pour la protection maximale de diff\u00e9rentes surfaces. Prot\u00e8ge contre les dommages m\u00e9caniques dus aux travaux de d\u00e9molition, aux charges de pression, au mat\u00e9riel sur roues, etc. Gr\u00e2ce \u00e0 son format, il convient id\u00e9alement pour la protection de surfaces de grandes dimensions. D\u00e9coupe ais\u00e9e \u00e0 l'aide de ciseaux ou d'un cutter.","og_url":"https:\/\/primacover.com\/fr\/product\/primacover-defend\/","og_site_name":"PrimaCover","article_publisher":"https:\/\/www.facebook.com\/PrimaverdeBV","article_modified_time":"2026-04-03T09:50:51+00:00","og_image":[{"width":600,"height":600,"url":"https:\/\/primacover.com\/wp-content\/uploads\/2022\/04\/Defend_P0NZ_s01.jpg","type":"image\/jpeg"}],"twitter_card":"summary_large_image","twitter_misc":{"Prix":"","Disponibilit\u00e9":"En stock"},"schema":{"@context":"https:\/\/schema.org","@graph":[{"@type":"WebPage","@id":"https:\/\/primacover.com\/fr\/product\/primacover-defend\/","url":"https:\/\/primacover.com\/fr\/product\/primacover-defend\/","name":"Non-tiss\u00e9 de protection PrimaCover Defend","isPartOf":{"@id":"https:\/\/primacover.com\/fr\/#website"},"primaryImageOfPage":{"@id":"https:\/\/primacover.com\/fr\/product\/primacover-defend\/#primaryimage"},"image":{"@id":"https:\/\/primacover.com\/fr\/product\/primacover-defend\/#primaryimage"},"thumbnailUrl":"https:\/\/primacover.com\/wp-content\/uploads\/2022\/04\/Defend_P0NZ_s01.jpg","datePublished":"2022-05-02T10:55:21+00:00","dateModified":"2026-04-03T09:50:51+00:00","description":"Panneau en fibres de forte \u00e9paisseur r\u00e9sistant \u00e0 de fortes sollicitations, pour la protection maximale de diff\u00e9rentes surfaces. Prot\u00e8ge contre les dommages m\u00e9caniques dus aux travaux de d\u00e9molition, aux charges de pression, au mat\u00e9riel sur roues, etc. Gr\u00e2ce \u00e0 son format, il convient id\u00e9alement pour la protection de surfaces de grandes dimensions. D\u00e9coupe ais\u00e9e \u00e0 l'aide de ciseaux ou d'un cutter.","breadcrumb":{"@id":"https:\/\/primacover.com\/fr\/product\/primacover-defend\/#breadcrumb"},"inLanguage":"fr-FR","potentialAction":[{"@type":"ReadAction","target":["https:\/\/primacover.com\/fr\/product\/primacover-defend\/"]}]},{"@type":"ImageObject","inLanguage":"fr-FR","@id":"https:\/\/primacover.com\/fr\/product\/primacover-defend\/#primaryimage","url":"https:\/\/primacover.com\/wp-content\/uploads\/2022\/04\/Defend_P0NZ_s01.jpg","contentUrl":"https:\/\/primacover.com\/wp-content\/uploads\/2022\/04\/Defend_P0NZ_s01.jpg","width":600,"height":600,"caption":"900029 PrimaCover Defend Pratique gs1_01"},{"@type":"BreadcrumbList","@id":"https:\/\/primacover.com\/fr\/product\/primacover-defend\/#breadcrumb","itemListElement":[{"@type":"ListItem","position":1,"name":"Home","item":"https:\/\/primacover.com\/fr\/"},{"@type":"ListItem","position":2,"name":"Produits","item":"https:\/\/primacover.com\/fr\/produits\/"},{"@type":"ListItem","position":3,"name":"PrimaCover Defend"}]},{"@type":"WebSite","@id":"https:\/\/primacover.com\/fr\/#website","url":"https:\/\/primacover.com\/fr\/","name":"PrimaCover","description":"afdekvlies-afdekfolie-stofdeuren, coveringmaterials-dustdoors","publisher":{"@id":"https:\/\/primacover.com\/fr\/#organization"},"potentialAction":[{"@type":"SearchAction","target":{"@type":"EntryPoint","urlTemplate":"https:\/\/primacover.com\/fr\/?s={search_term_string}"},"query-input":{"@type":"PropertyValueSpecification","valueRequired":true,"valueName":"search_term_string"}}],"inLanguage":"fr-FR"},{"@type":"Organization","@id":"https:\/\/primacover.com\/fr\/#organization","name":"PrimaCover","url":"https:\/\/primacover.com\/fr\/","logo":{"@type":"ImageObject","inLanguage":"fr-FR","@id":"https:\/\/primacover.com\/fr\/#\/schema\/logo\/image\/","url":"","contentUrl":"","caption":"PrimaCover"},"image":{"@id":"https:\/\/primacover.com\/fr\/#\/schema\/logo\/image\/"},"sameAs":["https:\/\/www.facebook.com\/PrimaverdeBV","https:\/\/nl.linkedin.com\/company\/primaverde","https:\/\/www.youtube.com\/channel\/UC3DwQqj8f8tatLdSFA0aWwA"]}]},"product_brand":"PrimaCover","product_price_currency":"EUR","og_availability":"instock","product_availability":"instock","product_retailer_item_id":"PC900029","product_condition":"new"},"_links":{"self":[{"href":"https:\/\/primacover.com\/fr\/wp-json\/wp\/v2\/product\/131643","targetHints":{"allow":["GET"]}}],"collection":[{"href":"https:\/\/primacover.com\/fr\/wp-json\/wp\/v2\/product"}],"about":[{"href":"https:\/\/primacover.com\/fr\/wp-json\/wp\/v2\/types\/product"}],"wp:featuredmedia":[{"embeddable":true,"href":"https:\/\/primacover.com\/fr\/wp-json\/wp\/v2\/media\/130344"}],"wp:attachment":[{"href":"https:\/\/primacover.com\/fr\/wp-json\/wp\/v2\/media?parent=131643"}],"wp:term":[{"taxonomy":"product_brand","embeddable":true,"href":"https:\/\/primacover.com\/fr\/wp-json\/wp\/v2\/product_brand?post=131643"},{"taxonomy":"product_cat","embeddable":true,"href":"https:\/\/primacover.com\/fr\/wp-json\/wp\/v2\/product_cat?post=131643"},{"taxonomy":"product_tag","embeddable":true,"href":"https:\/\/primacover.com\/fr\/wp-json\/wp\/v2\/product_tag?post=131643"}],"curies":[{"name":"wp","href":"https:\/\/api.w.org\/{rel}","templated":true}]}}