{"id":131646,"date":"2022-05-02T12:55:24","date_gmt":"2022-05-02T10:55:24","guid":{"rendered":"https:\/\/primacover.com\/product\/primacover-zipper\/"},"modified":"2026-04-03T11:36:42","modified_gmt":"2026-04-03T09:36:42","slug":"primacover-zipper","status":"publish","type":"product","link":"https:\/\/primacover.com\/fr\/product\/primacover-zipper\/","title":{"rendered":"PrimaCover Zipper"},"content":{"rendered":"<h2>Fermeture \u00e0 glissi\u00e8re auto-adh\u00e9sive (2 pi\u00e8ces)<\/h2>\n<p>Permet de r\u00e9aliser rapidement un passage dans votre syst\u00e8me de protection contre la poussi\u00e8re. Grande qualit\u00e9, id\u00e9alement con\u00e7u pour les utilisations de longue dur\u00e9e. Pour un passage normal, une fermeture \u00e0 glissi\u00e8re suffit. Pour un acc\u00e8s extra large, collez-en une seconde sur le film avec l\u2019\u00e9cartement souhait\u00e9. Coller \u2013 d\u00e9couper \u2013 c\u2019est pr\u00eat !<\/p>\n<p><strong>Propri\u00e9t\u00e9s:<\/strong><\/p>\n<ul>\n<li>Excellente adh\u00e9rence, zone de collage extra large<\/li>\n<li>Grande qualit\u00e9, bon coulissement<\/li>\n<li>Longueur 213 cm, largeur 7,6 cm<\/li>\n<\/ul>\n<p><strong>Utilisation:<\/strong><\/p>\n<ul>\n<li>Pour cr\u00e9er des portes \u00e0 glissi\u00e8re dans une  film ou en tissu<\/li>\n<\/ul>\n<p><strong>Instructions:<\/strong><\/p>\n<ul>\n<li>Posez le film ou le tissu mural sur une surface plane, collez la fermeture \u00e9clair \u00e0 l&rsquo;endroit souhait\u00e9 et appuyez dessus. D\u00e9coupez la paroi en aluminium ou en tissu \u00e0 travers la fermeture \u00e9clair ouverte. 2 zips parall\u00e8les pour une entr\u00e9e large.<\/li>\n<\/ul>\n","protected":false},"excerpt":{"rendered":"<h2>Fermeture \u00e0 glissi\u00e8re auto-adh\u00e9sive (2 pi\u00e8ces)<\/h2>\n","protected":false},"featured_media":130387,"menu_order":36,"template":"","meta":{"generate_page_header":""},"product_brand":[],"product_cat":[461],"product_tag":[3123],"class_list":{"0":"post-131646","1":"product","2":"type-product","3":"status-publish","4":"has-post-thumbnail","6":"product_cat-porte-anti-poussiere","7":"product_tag-autoadhesif","8":"pa_breedte-0-106-fr","9":"pa_eenheid-m-fr","10":"pa_foliedikte-150-fr","11":"pa_frame-0-fr","12":"pa_lengte-2-13-fr","13":"pa_matten30-0-0x30-fr","14":"pa_merk-primacover-fr","15":"pa_objecttypen-controle-de-la-poussiere","16":"pa_ondergrond-plastique","17":"","18":"woocommerce-text-align-center","19":"woocommerce-image-align-center","20":"do-quantity-buttons","22":"first","23":"instock","24":"shipping-taxable","25":"product-type-simple"},"yoast_head":"<!-- This site is optimized with the Yoast SEO Premium plugin v26.7 (Yoast SEO v27.3) - https:\/\/yoast.com\/product\/yoast-seo-premium-wordpress\/ -->\n<title>Porte anti-poussi\u00e8re PrimaCover Zipper<\/title>\n<meta name=\"description\" content=\"Permet de r\u00e9aliser rapidement un passage dans votre syst\u00e8me de protection contre la poussi\u00e8re. Grande qualit\u00e9, id\u00e9alement con\u00e7u pour les utilisations de longue dur\u00e9e. Pour un passage normal, une fermeture \u00e0 glissi\u00e8re suffit. Pour un acc\u00e8s extra large, collez-en une seconde sur le film avec l\u2019\u00e9cartement souhait\u00e9. Coller \u2013 d\u00e9couper \u2013 c\u2019est pr\u00eat !\" \/>\n<meta name=\"robots\" content=\"index, follow, max-snippet:-1, max-image-preview:large, max-video-preview:-1\" \/>\n<link rel=\"canonical\" href=\"https:\/\/primacover.com\/fr\/product\/primacover-zipper\/\" \/>\n<meta property=\"og:locale\" content=\"fr_FR\" \/>\n<meta property=\"og:type\" content=\"article\" \/>\n<meta property=\"og:title\" content=\"PrimaCover Zipper\" \/>\n<meta property=\"og:description\" content=\"Permet de r\u00e9aliser rapidement un passage dans votre syst\u00e8me de protection contre la poussi\u00e8re. Grande qualit\u00e9, id\u00e9alement con\u00e7u pour les utilisations de longue dur\u00e9e. Pour un passage normal, une fermeture \u00e0 glissi\u00e8re suffit. Pour un acc\u00e8s extra large, collez-en une seconde sur le film avec l\u2019\u00e9cartement souhait\u00e9. Coller \u2013 d\u00e9couper \u2013 c\u2019est pr\u00eat !\" \/>\n<meta property=\"og:url\" content=\"https:\/\/primacover.com\/fr\/product\/primacover-zipper\/\" \/>\n<meta property=\"og:site_name\" content=\"PrimaCover\" \/>\n<meta property=\"article:publisher\" content=\"https:\/\/www.facebook.com\/PrimaverdeBV\" \/>\n<meta property=\"article:modified_time\" content=\"2026-04-03T09:36:42+00:00\" \/>\n<meta property=\"og:image\" content=\"https:\/\/primacover.com\/wp-content\/uploads\/2022\/04\/Zipper_P0NZ_s03.jpg\" \/>\n\t<meta property=\"og:image:width\" content=\"600\" \/>\n\t<meta property=\"og:image:height\" content=\"600\" \/>\n\t<meta property=\"og:image:type\" content=\"image\/jpeg\" \/>\n<meta name=\"twitter:card\" content=\"summary_large_image\" \/>\n<meta name=\"twitter:label1\" content=\"Prix\" \/>\n\t<meta name=\"twitter:data1\" content=\"\" \/>\n\t<meta name=\"twitter:label2\" content=\"Disponibilit\u00e9\" \/>\n\t<meta name=\"twitter:data2\" content=\"En stock\" \/>\n<script type=\"application\/ld+json\" class=\"yoast-schema-graph\">{\"@context\":\"https:\\\/\\\/schema.org\",\"@graph\":[{\"@type\":\"WebPage\",\"@id\":\"https:\\\/\\\/primacover.com\\\/fr\\\/product\\\/primacover-zipper\\\/\",\"url\":\"https:\\\/\\\/primacover.com\\\/fr\\\/product\\\/primacover-zipper\\\/\",\"name\":\"Porte anti-poussi\u00e8re PrimaCover Zipper\",\"isPartOf\":{\"@id\":\"https:\\\/\\\/primacover.com\\\/fr\\\/#website\"},\"primaryImageOfPage\":{\"@id\":\"https:\\\/\\\/primacover.com\\\/fr\\\/product\\\/primacover-zipper\\\/#primaryimage\"},\"image\":{\"@id\":\"https:\\\/\\\/primacover.com\\\/fr\\\/product\\\/primacover-zipper\\\/#primaryimage\"},\"thumbnailUrl\":\"https:\\\/\\\/primacover.com\\\/wp-content\\\/uploads\\\/2022\\\/04\\\/Zipper_P0NZ_s03.jpg\",\"datePublished\":\"2022-05-02T10:55:24+00:00\",\"dateModified\":\"2026-04-03T09:36:42+00:00\",\"description\":\"Permet de r\u00e9aliser rapidement un passage dans votre syst\u00e8me de protection contre la poussi\u00e8re. Grande qualit\u00e9, id\u00e9alement con\u00e7u pour les utilisations de longue dur\u00e9e. Pour un passage normal, une fermeture \u00e0 glissi\u00e8re suffit. Pour un acc\u00e8s extra large, collez-en une seconde sur le film avec l\u2019\u00e9cartement souhait\u00e9. Coller \u2013 d\u00e9couper \u2013 c\u2019est pr\u00eat !\",\"breadcrumb\":{\"@id\":\"https:\\\/\\\/primacover.com\\\/fr\\\/product\\\/primacover-zipper\\\/#breadcrumb\"},\"inLanguage\":\"fr-FR\",\"potentialAction\":[{\"@type\":\"ReadAction\",\"target\":[\"https:\\\/\\\/primacover.com\\\/fr\\\/product\\\/primacover-zipper\\\/\"]}]},{\"@type\":\"ImageObject\",\"inLanguage\":\"fr-FR\",\"@id\":\"https:\\\/\\\/primacover.com\\\/fr\\\/product\\\/primacover-zipper\\\/#primaryimage\",\"url\":\"https:\\\/\\\/primacover.com\\\/wp-content\\\/uploads\\\/2022\\\/04\\\/Zipper_P0NZ_s03.jpg\",\"contentUrl\":\"https:\\\/\\\/primacover.com\\\/wp-content\\\/uploads\\\/2022\\\/04\\\/Zipper_P0NZ_s03.jpg\",\"width\":600,\"height\":600,\"caption\":\"900004 PrimaCover Zipper Pratique gs1_01\"},{\"@type\":\"BreadcrumbList\",\"@id\":\"https:\\\/\\\/primacover.com\\\/fr\\\/product\\\/primacover-zipper\\\/#breadcrumb\",\"itemListElement\":[{\"@type\":\"ListItem\",\"position\":1,\"name\":\"Home\",\"item\":\"https:\\\/\\\/primacover.com\\\/fr\\\/\"},{\"@type\":\"ListItem\",\"position\":2,\"name\":\"Produits\",\"item\":\"https:\\\/\\\/primacover.com\\\/fr\\\/produits\\\/\"},{\"@type\":\"ListItem\",\"position\":3,\"name\":\"PrimaCover Zipper\"}]},{\"@type\":\"WebSite\",\"@id\":\"https:\\\/\\\/primacover.com\\\/fr\\\/#website\",\"url\":\"https:\\\/\\\/primacover.com\\\/fr\\\/\",\"name\":\"PrimaCover\",\"description\":\"afdekvlies-afdekfolie-stofdeuren, coveringmaterials-dustdoors\",\"publisher\":{\"@id\":\"https:\\\/\\\/primacover.com\\\/fr\\\/#organization\"},\"potentialAction\":[{\"@type\":\"SearchAction\",\"target\":{\"@type\":\"EntryPoint\",\"urlTemplate\":\"https:\\\/\\\/primacover.com\\\/fr\\\/?s={search_term_string}\"},\"query-input\":{\"@type\":\"PropertyValueSpecification\",\"valueRequired\":true,\"valueName\":\"search_term_string\"}}],\"inLanguage\":\"fr-FR\"},{\"@type\":\"Organization\",\"@id\":\"https:\\\/\\\/primacover.com\\\/fr\\\/#organization\",\"name\":\"PrimaCover\",\"url\":\"https:\\\/\\\/primacover.com\\\/fr\\\/\",\"logo\":{\"@type\":\"ImageObject\",\"inLanguage\":\"fr-FR\",\"@id\":\"https:\\\/\\\/primacover.com\\\/fr\\\/#\\\/schema\\\/logo\\\/image\\\/\",\"url\":\"\",\"contentUrl\":\"\",\"caption\":\"PrimaCover\"},\"image\":{\"@id\":\"https:\\\/\\\/primacover.com\\\/fr\\\/#\\\/schema\\\/logo\\\/image\\\/\"},\"sameAs\":[\"https:\\\/\\\/www.facebook.com\\\/PrimaverdeBV\",\"https:\\\/\\\/nl.linkedin.com\\\/company\\\/primaverde\",\"https:\\\/\\\/www.youtube.com\\\/channel\\\/UC3DwQqj8f8tatLdSFA0aWwA\"]}]}<\/script>\n<meta property=\"product:brand\" content=\"PrimaCover\" \/>\n<meta property=\"product:price:currency\" content=\"EUR\" \/>\n<meta property=\"og:availability\" content=\"instock\" \/>\n<meta property=\"product:availability\" content=\"instock\" \/>\n<meta property=\"product:retailer_item_id\" content=\"PC900004\" \/>\n<meta property=\"product:condition\" content=\"new\" \/>\n<!-- \/ Yoast SEO Premium plugin. -->","yoast_head_json":{"title":"Porte anti-poussi\u00e8re PrimaCover Zipper","description":"Permet de r\u00e9aliser rapidement un passage dans votre syst\u00e8me de protection contre la poussi\u00e8re. Grande qualit\u00e9, id\u00e9alement con\u00e7u pour les utilisations de longue dur\u00e9e. Pour un passage normal, une fermeture \u00e0 glissi\u00e8re suffit. Pour un acc\u00e8s extra large, collez-en une seconde sur le film avec l\u2019\u00e9cartement souhait\u00e9. Coller \u2013 d\u00e9couper \u2013 c\u2019est pr\u00eat !","robots":{"index":"index","follow":"follow","max-snippet":"max-snippet:-1","max-image-preview":"max-image-preview:large","max-video-preview":"max-video-preview:-1"},"canonical":"https:\/\/primacover.com\/fr\/product\/primacover-zipper\/","og_locale":"fr_FR","og_type":"article","og_title":"PrimaCover Zipper","og_description":"Permet de r\u00e9aliser rapidement un passage dans votre syst\u00e8me de protection contre la poussi\u00e8re. Grande qualit\u00e9, id\u00e9alement con\u00e7u pour les utilisations de longue dur\u00e9e. Pour un passage normal, une fermeture \u00e0 glissi\u00e8re suffit. Pour un acc\u00e8s extra large, collez-en une seconde sur le film avec l\u2019\u00e9cartement souhait\u00e9. Coller \u2013 d\u00e9couper \u2013 c\u2019est pr\u00eat !","og_url":"https:\/\/primacover.com\/fr\/product\/primacover-zipper\/","og_site_name":"PrimaCover","article_publisher":"https:\/\/www.facebook.com\/PrimaverdeBV","article_modified_time":"2026-04-03T09:36:42+00:00","og_image":[{"width":600,"height":600,"url":"https:\/\/primacover.com\/wp-content\/uploads\/2022\/04\/Zipper_P0NZ_s03.jpg","type":"image\/jpeg"}],"twitter_card":"summary_large_image","twitter_misc":{"Prix":"","Disponibilit\u00e9":"En stock"},"schema":{"@context":"https:\/\/schema.org","@graph":[{"@type":"WebPage","@id":"https:\/\/primacover.com\/fr\/product\/primacover-zipper\/","url":"https:\/\/primacover.com\/fr\/product\/primacover-zipper\/","name":"Porte anti-poussi\u00e8re PrimaCover Zipper","isPartOf":{"@id":"https:\/\/primacover.com\/fr\/#website"},"primaryImageOfPage":{"@id":"https:\/\/primacover.com\/fr\/product\/primacover-zipper\/#primaryimage"},"image":{"@id":"https:\/\/primacover.com\/fr\/product\/primacover-zipper\/#primaryimage"},"thumbnailUrl":"https:\/\/primacover.com\/wp-content\/uploads\/2022\/04\/Zipper_P0NZ_s03.jpg","datePublished":"2022-05-02T10:55:24+00:00","dateModified":"2026-04-03T09:36:42+00:00","description":"Permet de r\u00e9aliser rapidement un passage dans votre syst\u00e8me de protection contre la poussi\u00e8re. Grande qualit\u00e9, id\u00e9alement con\u00e7u pour les utilisations de longue dur\u00e9e. Pour un passage normal, une fermeture \u00e0 glissi\u00e8re suffit. Pour un acc\u00e8s extra large, collez-en une seconde sur le film avec l\u2019\u00e9cartement souhait\u00e9. Coller \u2013 d\u00e9couper \u2013 c\u2019est pr\u00eat !","breadcrumb":{"@id":"https:\/\/primacover.com\/fr\/product\/primacover-zipper\/#breadcrumb"},"inLanguage":"fr-FR","potentialAction":[{"@type":"ReadAction","target":["https:\/\/primacover.com\/fr\/product\/primacover-zipper\/"]}]},{"@type":"ImageObject","inLanguage":"fr-FR","@id":"https:\/\/primacover.com\/fr\/product\/primacover-zipper\/#primaryimage","url":"https:\/\/primacover.com\/wp-content\/uploads\/2022\/04\/Zipper_P0NZ_s03.jpg","contentUrl":"https:\/\/primacover.com\/wp-content\/uploads\/2022\/04\/Zipper_P0NZ_s03.jpg","width":600,"height":600,"caption":"900004 PrimaCover Zipper Pratique gs1_01"},{"@type":"BreadcrumbList","@id":"https:\/\/primacover.com\/fr\/product\/primacover-zipper\/#breadcrumb","itemListElement":[{"@type":"ListItem","position":1,"name":"Home","item":"https:\/\/primacover.com\/fr\/"},{"@type":"ListItem","position":2,"name":"Produits","item":"https:\/\/primacover.com\/fr\/produits\/"},{"@type":"ListItem","position":3,"name":"PrimaCover Zipper"}]},{"@type":"WebSite","@id":"https:\/\/primacover.com\/fr\/#website","url":"https:\/\/primacover.com\/fr\/","name":"PrimaCover","description":"afdekvlies-afdekfolie-stofdeuren, coveringmaterials-dustdoors","publisher":{"@id":"https:\/\/primacover.com\/fr\/#organization"},"potentialAction":[{"@type":"SearchAction","target":{"@type":"EntryPoint","urlTemplate":"https:\/\/primacover.com\/fr\/?s={search_term_string}"},"query-input":{"@type":"PropertyValueSpecification","valueRequired":true,"valueName":"search_term_string"}}],"inLanguage":"fr-FR"},{"@type":"Organization","@id":"https:\/\/primacover.com\/fr\/#organization","name":"PrimaCover","url":"https:\/\/primacover.com\/fr\/","logo":{"@type":"ImageObject","inLanguage":"fr-FR","@id":"https:\/\/primacover.com\/fr\/#\/schema\/logo\/image\/","url":"","contentUrl":"","caption":"PrimaCover"},"image":{"@id":"https:\/\/primacover.com\/fr\/#\/schema\/logo\/image\/"},"sameAs":["https:\/\/www.facebook.com\/PrimaverdeBV","https:\/\/nl.linkedin.com\/company\/primaverde","https:\/\/www.youtube.com\/channel\/UC3DwQqj8f8tatLdSFA0aWwA"]}]},"product_brand":"PrimaCover","product_price_currency":"EUR","og_availability":"instock","product_availability":"instock","product_retailer_item_id":"PC900004","product_condition":"new"},"_links":{"self":[{"href":"https:\/\/primacover.com\/fr\/wp-json\/wp\/v2\/product\/131646","targetHints":{"allow":["GET"]}}],"collection":[{"href":"https:\/\/primacover.com\/fr\/wp-json\/wp\/v2\/product"}],"about":[{"href":"https:\/\/primacover.com\/fr\/wp-json\/wp\/v2\/types\/product"}],"wp:featuredmedia":[{"embeddable":true,"href":"https:\/\/primacover.com\/fr\/wp-json\/wp\/v2\/media\/130387"}],"wp:attachment":[{"href":"https:\/\/primacover.com\/fr\/wp-json\/wp\/v2\/media?parent=131646"}],"wp:term":[{"taxonomy":"product_brand","embeddable":true,"href":"https:\/\/primacover.com\/fr\/wp-json\/wp\/v2\/product_brand?post=131646"},{"taxonomy":"product_cat","embeddable":true,"href":"https:\/\/primacover.com\/fr\/wp-json\/wp\/v2\/product_cat?post=131646"},{"taxonomy":"product_tag","embeddable":true,"href":"https:\/\/primacover.com\/fr\/wp-json\/wp\/v2\/product_tag?post=131646"}],"curies":[{"name":"wp","href":"https:\/\/api.w.org\/{rel}","templated":true}]}}