{"id":131654,"date":"2022-05-02T12:55:30","date_gmt":"2022-05-02T10:55:30","guid":{"rendered":"https:\/\/primacover.com\/product\/primacover-zipper-door-a\/"},"modified":"2026-04-03T11:37:10","modified_gmt":"2026-04-03T09:37:10","slug":"primacover-zipper-door-a","status":"publish","type":"product","link":"https:\/\/primacover.com\/fr\/product\/primacover-zipper-door-a\/","title":{"rendered":"PrimaCover Zipper Door A"},"content":{"rendered":"<h2>Porte anti-poussi\u00e8re avec fermeture \u00e0 glissi\u00e8re de type A<\/h2>\n<p>Porte anti-poussi\u00e8re avec fermeture \u00e0 glissi\u00e8re en A pr\u00e9-assembl\u00e9e. Montage simple et rapide au niveau de chaque passage. Peut \u00eatre pos\u00e9e tr\u00e8s rapidement, sur les supports les plus divers, \u00e0 l\u2019aide d\u2019un ruban adh\u00e9sif double face (non fourni).<\/p>\n<p><strong>Propri\u00e9t\u00e9s:<\/strong><\/p>\n<ul>\n<li>Fermeture \u00e0 glissi\u00e8re cousue sur le film<\/li>\n<li>Dimension: 250cm x 120cm<\/li>\n<li>Film fort (150 \u00b5m)<\/li>\n<li>Montage simple et rapide<\/li>\n<li>Bon zip de glisse<\/li>\n<\/ul>\n<p><strong>Utilisation:<\/strong><\/p>\n<ul>\n<li>Peut \u00eatre appliqu\u00e9 sur diff\u00e9rentes surfaces.<\/li>\n<li>Pour les applications lourdes et une utilisation prolong\u00e9e.<\/li>\n<\/ul>\n<p><strong>Instructions:<\/strong><\/p>\n<ul>\n<li>Appliquer sur la surface souhait\u00e9e \u00e0 l&rsquo;aide d&rsquo;un ruban adh\u00e9sif double face (non inclus). <\/li>\n<li>Tester au pr\u00e9alable l\u2019aptitude du ruban adhesiv.<\/li>\n<\/ul>\n","protected":false},"excerpt":{"rendered":"<h2>Porte anti-poussi\u00e8re avec fermeture \u00e0 glissi\u00e8re de type A<\/h2>\n","protected":false},"featured_media":139026,"menu_order":34,"template":"","meta":{"generate_page_header":""},"product_brand":[],"product_cat":[461],"product_tag":[],"class_list":{"0":"post-131654","1":"product","2":"type-product","3":"status-publish","4":"has-post-thumbnail","6":"product_cat-porte-anti-poussiere","7":"pa_breedte-0-172-fr","8":"pa_eenheid-m-fr","9":"pa_foliedikte-150-fr","10":"pa_frame-0-fr","11":"pa_lengte-2-5-fr","12":"pa_matten30-0-0x30-fr","13":"pa_merk-primacover-fr","14":"pa_objecttypen-controle-de-la-poussiere","15":"pa_objecttypen-porte","16":"pa_ondergrond-plastique","17":"","18":"woocommerce-text-align-center","19":"woocommerce-image-align-center","20":"do-quantity-buttons","22":"first","23":"instock","24":"shipping-taxable","25":"product-type-simple"},"yoast_head":"<!-- This site is optimized with the Yoast SEO Premium plugin v26.7 (Yoast SEO v27.3) - https:\/\/yoast.com\/product\/yoast-seo-premium-wordpress\/ -->\n<title>Porte anti-poussi\u00e8re PrimaCover Zipper Door A<\/title>\n<meta name=\"description\" content=\"Avec son film extr\u00eamement robuste et sa fermeture \u00e0 glissi\u00e8re cousue, la porte PrimaCover Zipper Door A est id\u00e9alement con\u00e7ue pour les zones \u00e0 haute fr\u00e9quentation et les utilisations de longue dur\u00e9e.\" \/>\n<meta name=\"robots\" content=\"index, follow, max-snippet:-1, max-image-preview:large, max-video-preview:-1\" \/>\n<link rel=\"canonical\" href=\"https:\/\/primacover.com\/fr\/product\/primacover-zipper-door-a\/\" \/>\n<meta property=\"og:locale\" content=\"fr_FR\" \/>\n<meta property=\"og:type\" content=\"article\" \/>\n<meta property=\"og:title\" content=\"PrimaCover Zipper Door A\" \/>\n<meta property=\"og:description\" content=\"Avec son film extr\u00eamement robuste et sa fermeture \u00e0 glissi\u00e8re cousue, la porte PrimaCover Zipper Door A est id\u00e9alement con\u00e7ue pour les zones \u00e0 haute fr\u00e9quentation et les utilisations de longue dur\u00e9e.\" \/>\n<meta property=\"og:url\" content=\"https:\/\/primacover.com\/fr\/product\/primacover-zipper-door-a\/\" \/>\n<meta property=\"og:site_name\" content=\"PrimaCover\" \/>\n<meta property=\"article:publisher\" content=\"https:\/\/www.facebook.com\/PrimaverdeBV\" \/>\n<meta property=\"article:modified_time\" content=\"2026-04-03T09:37:10+00:00\" \/>\n<meta property=\"og:image\" content=\"https:\/\/primacover.com\/wp-content\/uploads\/2022\/05\/Zipper-Door-A_P0NZ_s01-1024x1024.png\" \/>\n\t<meta property=\"og:image:width\" content=\"1024\" \/>\n\t<meta property=\"og:image:height\" content=\"1024\" \/>\n\t<meta property=\"og:image:type\" content=\"image\/png\" \/>\n<meta name=\"twitter:card\" content=\"summary_large_image\" \/>\n<meta name=\"twitter:label1\" content=\"Prix\" \/>\n\t<meta name=\"twitter:data1\" content=\"\" \/>\n\t<meta name=\"twitter:label2\" content=\"Disponibilit\u00e9\" \/>\n\t<meta name=\"twitter:data2\" content=\"En stock\" \/>\n<script type=\"application\/ld+json\" class=\"yoast-schema-graph\">{\"@context\":\"https:\\\/\\\/schema.org\",\"@graph\":[{\"@type\":\"WebPage\",\"@id\":\"https:\\\/\\\/primacover.com\\\/fr\\\/product\\\/primacover-zipper-door-a\\\/\",\"url\":\"https:\\\/\\\/primacover.com\\\/fr\\\/product\\\/primacover-zipper-door-a\\\/\",\"name\":\"Porte anti-poussi\u00e8re PrimaCover Zipper Door A\",\"isPartOf\":{\"@id\":\"https:\\\/\\\/primacover.com\\\/fr\\\/#website\"},\"primaryImageOfPage\":{\"@id\":\"https:\\\/\\\/primacover.com\\\/fr\\\/product\\\/primacover-zipper-door-a\\\/#primaryimage\"},\"image\":{\"@id\":\"https:\\\/\\\/primacover.com\\\/fr\\\/product\\\/primacover-zipper-door-a\\\/#primaryimage\"},\"thumbnailUrl\":\"https:\\\/\\\/primacover.com\\\/wp-content\\\/uploads\\\/2022\\\/05\\\/Zipper-Door-A_P0NZ_s01.png\",\"datePublished\":\"2022-05-02T10:55:30+00:00\",\"dateModified\":\"2026-04-03T09:37:10+00:00\",\"description\":\"Avec son film extr\u00eamement robuste et sa fermeture \u00e0 glissi\u00e8re cousue, la porte PrimaCover Zipper Door A est id\u00e9alement con\u00e7ue pour les zones \u00e0 haute fr\u00e9quentation et les utilisations de longue dur\u00e9e.\",\"breadcrumb\":{\"@id\":\"https:\\\/\\\/primacover.com\\\/fr\\\/product\\\/primacover-zipper-door-a\\\/#breadcrumb\"},\"inLanguage\":\"fr-FR\",\"potentialAction\":[{\"@type\":\"ReadAction\",\"target\":[\"https:\\\/\\\/primacover.com\\\/fr\\\/product\\\/primacover-zipper-door-a\\\/\"]}]},{\"@type\":\"ImageObject\",\"inLanguage\":\"fr-FR\",\"@id\":\"https:\\\/\\\/primacover.com\\\/fr\\\/product\\\/primacover-zipper-door-a\\\/#primaryimage\",\"url\":\"https:\\\/\\\/primacover.com\\\/wp-content\\\/uploads\\\/2022\\\/05\\\/Zipper-Door-A_P0NZ_s01.png\",\"contentUrl\":\"https:\\\/\\\/primacover.com\\\/wp-content\\\/uploads\\\/2022\\\/05\\\/Zipper-Door-A_P0NZ_s01.png\",\"width\":4800,\"height\":4800},{\"@type\":\"BreadcrumbList\",\"@id\":\"https:\\\/\\\/primacover.com\\\/fr\\\/product\\\/primacover-zipper-door-a\\\/#breadcrumb\",\"itemListElement\":[{\"@type\":\"ListItem\",\"position\":1,\"name\":\"Home\",\"item\":\"https:\\\/\\\/primacover.com\\\/fr\\\/\"},{\"@type\":\"ListItem\",\"position\":2,\"name\":\"Produits\",\"item\":\"https:\\\/\\\/primacover.com\\\/fr\\\/produits\\\/\"},{\"@type\":\"ListItem\",\"position\":3,\"name\":\"PrimaCover Zipper Door A\"}]},{\"@type\":\"WebSite\",\"@id\":\"https:\\\/\\\/primacover.com\\\/fr\\\/#website\",\"url\":\"https:\\\/\\\/primacover.com\\\/fr\\\/\",\"name\":\"PrimaCover\",\"description\":\"afdekvlies-afdekfolie-stofdeuren, coveringmaterials-dustdoors\",\"publisher\":{\"@id\":\"https:\\\/\\\/primacover.com\\\/fr\\\/#organization\"},\"potentialAction\":[{\"@type\":\"SearchAction\",\"target\":{\"@type\":\"EntryPoint\",\"urlTemplate\":\"https:\\\/\\\/primacover.com\\\/fr\\\/?s={search_term_string}\"},\"query-input\":{\"@type\":\"PropertyValueSpecification\",\"valueRequired\":true,\"valueName\":\"search_term_string\"}}],\"inLanguage\":\"fr-FR\"},{\"@type\":\"Organization\",\"@id\":\"https:\\\/\\\/primacover.com\\\/fr\\\/#organization\",\"name\":\"PrimaCover\",\"url\":\"https:\\\/\\\/primacover.com\\\/fr\\\/\",\"logo\":{\"@type\":\"ImageObject\",\"inLanguage\":\"fr-FR\",\"@id\":\"https:\\\/\\\/primacover.com\\\/fr\\\/#\\\/schema\\\/logo\\\/image\\\/\",\"url\":\"\",\"contentUrl\":\"\",\"caption\":\"PrimaCover\"},\"image\":{\"@id\":\"https:\\\/\\\/primacover.com\\\/fr\\\/#\\\/schema\\\/logo\\\/image\\\/\"},\"sameAs\":[\"https:\\\/\\\/www.facebook.com\\\/PrimaverdeBV\",\"https:\\\/\\\/nl.linkedin.com\\\/company\\\/primaverde\",\"https:\\\/\\\/www.youtube.com\\\/channel\\\/UC3DwQqj8f8tatLdSFA0aWwA\"]}]}<\/script>\n<meta property=\"product:brand\" content=\"PrimaCover\" \/>\n<meta property=\"product:price:currency\" content=\"EUR\" \/>\n<meta property=\"og:availability\" content=\"instock\" \/>\n<meta property=\"product:availability\" content=\"instock\" \/>\n<meta property=\"product:retailer_item_id\" content=\"PC900005\" \/>\n<meta property=\"product:condition\" content=\"new\" \/>\n<!-- \/ Yoast SEO Premium plugin. -->","yoast_head_json":{"title":"Porte anti-poussi\u00e8re PrimaCover Zipper Door A","description":"Avec son film extr\u00eamement robuste et sa fermeture \u00e0 glissi\u00e8re cousue, la porte PrimaCover Zipper Door A est id\u00e9alement con\u00e7ue pour les zones \u00e0 haute fr\u00e9quentation et les utilisations de longue dur\u00e9e.","robots":{"index":"index","follow":"follow","max-snippet":"max-snippet:-1","max-image-preview":"max-image-preview:large","max-video-preview":"max-video-preview:-1"},"canonical":"https:\/\/primacover.com\/fr\/product\/primacover-zipper-door-a\/","og_locale":"fr_FR","og_type":"article","og_title":"PrimaCover Zipper Door A","og_description":"Avec son film extr\u00eamement robuste et sa fermeture \u00e0 glissi\u00e8re cousue, la porte PrimaCover Zipper Door A est id\u00e9alement con\u00e7ue pour les zones \u00e0 haute fr\u00e9quentation et les utilisations de longue dur\u00e9e.","og_url":"https:\/\/primacover.com\/fr\/product\/primacover-zipper-door-a\/","og_site_name":"PrimaCover","article_publisher":"https:\/\/www.facebook.com\/PrimaverdeBV","article_modified_time":"2026-04-03T09:37:10+00:00","og_image":[{"width":1024,"height":1024,"url":"https:\/\/primacover.com\/wp-content\/uploads\/2022\/05\/Zipper-Door-A_P0NZ_s01-1024x1024.png","type":"image\/png"}],"twitter_card":"summary_large_image","twitter_misc":{"Prix":"","Disponibilit\u00e9":"En stock"},"schema":{"@context":"https:\/\/schema.org","@graph":[{"@type":"WebPage","@id":"https:\/\/primacover.com\/fr\/product\/primacover-zipper-door-a\/","url":"https:\/\/primacover.com\/fr\/product\/primacover-zipper-door-a\/","name":"Porte anti-poussi\u00e8re PrimaCover Zipper Door A","isPartOf":{"@id":"https:\/\/primacover.com\/fr\/#website"},"primaryImageOfPage":{"@id":"https:\/\/primacover.com\/fr\/product\/primacover-zipper-door-a\/#primaryimage"},"image":{"@id":"https:\/\/primacover.com\/fr\/product\/primacover-zipper-door-a\/#primaryimage"},"thumbnailUrl":"https:\/\/primacover.com\/wp-content\/uploads\/2022\/05\/Zipper-Door-A_P0NZ_s01.png","datePublished":"2022-05-02T10:55:30+00:00","dateModified":"2026-04-03T09:37:10+00:00","description":"Avec son film extr\u00eamement robuste et sa fermeture \u00e0 glissi\u00e8re cousue, la porte PrimaCover Zipper Door A est id\u00e9alement con\u00e7ue pour les zones \u00e0 haute fr\u00e9quentation et les utilisations de longue dur\u00e9e.","breadcrumb":{"@id":"https:\/\/primacover.com\/fr\/product\/primacover-zipper-door-a\/#breadcrumb"},"inLanguage":"fr-FR","potentialAction":[{"@type":"ReadAction","target":["https:\/\/primacover.com\/fr\/product\/primacover-zipper-door-a\/"]}]},{"@type":"ImageObject","inLanguage":"fr-FR","@id":"https:\/\/primacover.com\/fr\/product\/primacover-zipper-door-a\/#primaryimage","url":"https:\/\/primacover.com\/wp-content\/uploads\/2022\/05\/Zipper-Door-A_P0NZ_s01.png","contentUrl":"https:\/\/primacover.com\/wp-content\/uploads\/2022\/05\/Zipper-Door-A_P0NZ_s01.png","width":4800,"height":4800},{"@type":"BreadcrumbList","@id":"https:\/\/primacover.com\/fr\/product\/primacover-zipper-door-a\/#breadcrumb","itemListElement":[{"@type":"ListItem","position":1,"name":"Home","item":"https:\/\/primacover.com\/fr\/"},{"@type":"ListItem","position":2,"name":"Produits","item":"https:\/\/primacover.com\/fr\/produits\/"},{"@type":"ListItem","position":3,"name":"PrimaCover Zipper Door A"}]},{"@type":"WebSite","@id":"https:\/\/primacover.com\/fr\/#website","url":"https:\/\/primacover.com\/fr\/","name":"PrimaCover","description":"afdekvlies-afdekfolie-stofdeuren, coveringmaterials-dustdoors","publisher":{"@id":"https:\/\/primacover.com\/fr\/#organization"},"potentialAction":[{"@type":"SearchAction","target":{"@type":"EntryPoint","urlTemplate":"https:\/\/primacover.com\/fr\/?s={search_term_string}"},"query-input":{"@type":"PropertyValueSpecification","valueRequired":true,"valueName":"search_term_string"}}],"inLanguage":"fr-FR"},{"@type":"Organization","@id":"https:\/\/primacover.com\/fr\/#organization","name":"PrimaCover","url":"https:\/\/primacover.com\/fr\/","logo":{"@type":"ImageObject","inLanguage":"fr-FR","@id":"https:\/\/primacover.com\/fr\/#\/schema\/logo\/image\/","url":"","contentUrl":"","caption":"PrimaCover"},"image":{"@id":"https:\/\/primacover.com\/fr\/#\/schema\/logo\/image\/"},"sameAs":["https:\/\/www.facebook.com\/PrimaverdeBV","https:\/\/nl.linkedin.com\/company\/primaverde","https:\/\/www.youtube.com\/channel\/UC3DwQqj8f8tatLdSFA0aWwA"]}]},"product_brand":"PrimaCover","product_price_currency":"EUR","og_availability":"instock","product_availability":"instock","product_retailer_item_id":"PC900005","product_condition":"new"},"_links":{"self":[{"href":"https:\/\/primacover.com\/fr\/wp-json\/wp\/v2\/product\/131654","targetHints":{"allow":["GET"]}}],"collection":[{"href":"https:\/\/primacover.com\/fr\/wp-json\/wp\/v2\/product"}],"about":[{"href":"https:\/\/primacover.com\/fr\/wp-json\/wp\/v2\/types\/product"}],"wp:featuredmedia":[{"embeddable":true,"href":"https:\/\/primacover.com\/fr\/wp-json\/wp\/v2\/media\/139026"}],"wp:attachment":[{"href":"https:\/\/primacover.com\/fr\/wp-json\/wp\/v2\/media?parent=131654"}],"wp:term":[{"taxonomy":"product_brand","embeddable":true,"href":"https:\/\/primacover.com\/fr\/wp-json\/wp\/v2\/product_brand?post=131654"},{"taxonomy":"product_cat","embeddable":true,"href":"https:\/\/primacover.com\/fr\/wp-json\/wp\/v2\/product_cat?post=131654"},{"taxonomy":"product_tag","embeddable":true,"href":"https:\/\/primacover.com\/fr\/wp-json\/wp\/v2\/product_tag?post=131654"}],"curies":[{"name":"wp","href":"https:\/\/api.w.org\/{rel}","templated":true}]}}