{"id":134112,"date":"2023-01-20T14:26:44","date_gmt":"2023-01-20T13:26:44","guid":{"rendered":"https:\/\/primacover.com\/?post_type=product&#038;p=134112"},"modified":"2026-04-03T11:32:27","modified_gmt":"2026-04-03T09:32:27","slug":"primacover-lite","status":"publish","type":"product","link":"https:\/\/primacover.com\/fr\/product\/primacover-lite\/","title":{"rendered":"PrimaCover Lite"},"content":{"rendered":"<h2>PrimaCover LITE<\/h2>\n<p>PrimaCover Lite est un non-tiss\u00e9 l\u00e9ger et auto-adh\u00e9sif. Il prot\u00e8ge pendant l&rsquo;assemblage, de peinture et d&rsquo;autres applications g\u00e9n\u00e9rales. La couche sup\u00e9rieure \u00e9tanche aux liquides emp\u00eache la peinture et la salet\u00e9 de p\u00e9n\u00e9trer. La sous-couche douce en molleton de polyester prot\u00e8ge contre les dommages l\u00e9gers \u00e0 moyens.<\/p>\n<p><strong>Propri\u00e9t\u00e9s:<\/strong><\/p>\n<ul>\n<li>\u00c9tanche aux liquides<\/li>\n<li>Auto-adh\u00e9sif<\/li>\n<li>R\u00e9utilisable<\/li>\n<li>Produit fabriqu\u00e9 \u00e0 partir de fibres de polyester recycl\u00e9s<\/li>\n<\/ul>\n<p><strong>Utilisation:<\/strong><\/p>\n<ul>\n<li>Pour les sols durs parfaitement secs<\/li>\n<\/ul>\n<p><strong>Instructions:<\/strong><\/p>\n<ul>\n<li>Tester au pr\u00e9alable l\u2019aptitude du produit.<\/li>\n<li>Arr\u00eater le chauffage au sol avant la pose.<\/li>\n<\/ul>\n","protected":false},"excerpt":{"rendered":"<h2>PrimaCover LITE<\/h2>\n","protected":false},"featured_media":134188,"menu_order":14,"template":"","meta":{"generate_page_header":""},"product_brand":[],"product_cat":[458],"product_tag":[3123,4035],"class_list":{"0":"post-134112","1":"product","2":"type-product","3":"status-publish","4":"has-post-thumbnail","6":"product_cat-non-tisse-de-protection","7":"product_tag-autoadhesif","8":"product_tag-existant-et-parfaitement-sechesne-contient-pas-dhumidite-fr","9":"pa_breedte-0-65-fr","10":"pa_breedte-1-fr","11":"pa_breedte-2-fr","12":"pa_eenheid-m-fr","13":"pa_foliedikte-40-fr","14":"pa_frame-0-fr","15":"pa_lengte-25-fr","16":"pa_lengte-50-fr","17":"pa_matten30-0-0x30-fr","18":"pa_merk-primacover-fr","19":"pa_objecttypen-escaliers","20":"pa_objecttypen-sol","21":"pa_ondergrond-beton-prefabrique","22":"pa_ondergrond-bois","23":"pa_ondergrond-ceramique","24":"pa_ondergrond-lamine","25":"pa_ondergrond-linoleum-fr","26":"pa_ondergrond-parquet-fr","27":"pa_ondergrond-pierre-naturelle","28":"pa_ondergrond-plastique","29":"pa_ondergrond-pvc-couche-superieure-en-pu","30":"pa_ondergrond-sol-coule-en-plastique","31":"pa_ondergrond-sol-en-ciment-coule","32":"pa_ondergrond-vinyle","33":"","34":"woocommerce-text-align-center","35":"woocommerce-image-align-center","36":"do-quantity-buttons","38":"first","39":"instock","40":"shipping-taxable","41":"product-type-simple"},"yoast_head":"<!-- This site is optimized with the Yoast SEO Premium plugin v26.7 (Yoast SEO v27.3) - https:\/\/yoast.com\/product\/yoast-seo-premium-wordpress\/ -->\n<title>Non-tiss\u00e9 de protection PrimaCover Lite<\/title>\n<meta name=\"description\" content=\"PrimaCover Lite est un non-tiss\u00e9 de protection, qui offre une remarquable r\u00e9sistance \u00e0 la salet\u00e9, \u00e0 l\u2019humidit\u00e9, aux roulettes et aux chutes d\u2019outils pendant la phase de construction. Convient pour les surfaces s\u00e8ches.\" \/>\n<meta name=\"robots\" content=\"index, follow, max-snippet:-1, max-image-preview:large, max-video-preview:-1\" \/>\n<link rel=\"canonical\" href=\"https:\/\/primacover.com\/fr\/product\/primacover-lite\/\" \/>\n<meta property=\"og:locale\" content=\"fr_FR\" \/>\n<meta property=\"og:type\" content=\"article\" \/>\n<meta property=\"og:title\" content=\"PrimaCover Lite\" \/>\n<meta property=\"og:description\" content=\"PrimaCover Lite est un non-tiss\u00e9 de protection, qui offre une remarquable r\u00e9sistance \u00e0 la salet\u00e9, \u00e0 l\u2019humidit\u00e9, aux roulettes et aux chutes d\u2019outils pendant la phase de construction. Convient pour les surfaces s\u00e8ches.\" \/>\n<meta property=\"og:url\" content=\"https:\/\/primacover.com\/fr\/product\/primacover-lite\/\" \/>\n<meta property=\"og:site_name\" content=\"PrimaCover\" \/>\n<meta property=\"article:publisher\" content=\"https:\/\/www.facebook.com\/PrimaverdeBV\" \/>\n<meta property=\"article:modified_time\" content=\"2026-04-03T09:32:27+00:00\" \/>\n<meta property=\"og:image\" content=\"https:\/\/primacover.com\/wp-content\/uploads\/2023\/01\/Lite_P0NZ_s01.png\" \/>\n\t<meta property=\"og:image:width\" content=\"625\" \/>\n\t<meta property=\"og:image:height\" content=\"625\" \/>\n\t<meta property=\"og:image:type\" content=\"image\/png\" \/>\n<meta name=\"twitter:card\" content=\"summary_large_image\" \/>\n<meta name=\"twitter:label1\" content=\"Prix\" \/>\n\t<meta name=\"twitter:data1\" content=\"\" \/>\n\t<meta name=\"twitter:label2\" content=\"Disponibilit\u00e9\" \/>\n\t<meta name=\"twitter:data2\" content=\"En stock\" \/>\n<script type=\"application\/ld+json\" class=\"yoast-schema-graph\">{\"@context\":\"https:\\\/\\\/schema.org\",\"@graph\":[{\"@type\":\"WebPage\",\"@id\":\"https:\\\/\\\/primacover.com\\\/fr\\\/product\\\/primacover-lite\\\/\",\"url\":\"https:\\\/\\\/primacover.com\\\/fr\\\/product\\\/primacover-lite\\\/\",\"name\":\"Non-tiss\u00e9 de protection PrimaCover Lite\",\"isPartOf\":{\"@id\":\"https:\\\/\\\/primacover.com\\\/fr\\\/#website\"},\"primaryImageOfPage\":{\"@id\":\"https:\\\/\\\/primacover.com\\\/fr\\\/product\\\/primacover-lite\\\/#primaryimage\"},\"image\":{\"@id\":\"https:\\\/\\\/primacover.com\\\/fr\\\/product\\\/primacover-lite\\\/#primaryimage\"},\"thumbnailUrl\":\"https:\\\/\\\/primacover.com\\\/wp-content\\\/uploads\\\/2023\\\/01\\\/Lite_P0NZ_s01.png\",\"datePublished\":\"2023-01-20T13:26:44+00:00\",\"dateModified\":\"2026-04-03T09:32:27+00:00\",\"description\":\"PrimaCover Lite est un non-tiss\u00e9 de protection, qui offre une remarquable r\u00e9sistance \u00e0 la salet\u00e9, \u00e0 l\u2019humidit\u00e9, aux roulettes et aux chutes d\u2019outils pendant la phase de construction. Convient pour les surfaces s\u00e8ches.\",\"breadcrumb\":{\"@id\":\"https:\\\/\\\/primacover.com\\\/fr\\\/product\\\/primacover-lite\\\/#breadcrumb\"},\"inLanguage\":\"fr-FR\",\"potentialAction\":[{\"@type\":\"ReadAction\",\"target\":[\"https:\\\/\\\/primacover.com\\\/fr\\\/product\\\/primacover-lite\\\/\"]}]},{\"@type\":\"ImageObject\",\"inLanguage\":\"fr-FR\",\"@id\":\"https:\\\/\\\/primacover.com\\\/fr\\\/product\\\/primacover-lite\\\/#primaryimage\",\"url\":\"https:\\\/\\\/primacover.com\\\/wp-content\\\/uploads\\\/2023\\\/01\\\/Lite_P0NZ_s01.png\",\"contentUrl\":\"https:\\\/\\\/primacover.com\\\/wp-content\\\/uploads\\\/2023\\\/01\\\/Lite_P0NZ_s01.png\",\"width\":625,\"height\":625,\"caption\":\"PrimaCover Lite 600x600 roll entree\"},{\"@type\":\"BreadcrumbList\",\"@id\":\"https:\\\/\\\/primacover.com\\\/fr\\\/product\\\/primacover-lite\\\/#breadcrumb\",\"itemListElement\":[{\"@type\":\"ListItem\",\"position\":1,\"name\":\"Home\",\"item\":\"https:\\\/\\\/primacover.com\\\/fr\\\/\"},{\"@type\":\"ListItem\",\"position\":2,\"name\":\"Produits\",\"item\":\"https:\\\/\\\/primacover.com\\\/fr\\\/produits\\\/\"},{\"@type\":\"ListItem\",\"position\":3,\"name\":\"PrimaCover Lite\"}]},{\"@type\":\"WebSite\",\"@id\":\"https:\\\/\\\/primacover.com\\\/fr\\\/#website\",\"url\":\"https:\\\/\\\/primacover.com\\\/fr\\\/\",\"name\":\"PrimaCover\",\"description\":\"afdekvlies-afdekfolie-stofdeuren, coveringmaterials-dustdoors\",\"publisher\":{\"@id\":\"https:\\\/\\\/primacover.com\\\/fr\\\/#organization\"},\"potentialAction\":[{\"@type\":\"SearchAction\",\"target\":{\"@type\":\"EntryPoint\",\"urlTemplate\":\"https:\\\/\\\/primacover.com\\\/fr\\\/?s={search_term_string}\"},\"query-input\":{\"@type\":\"PropertyValueSpecification\",\"valueRequired\":true,\"valueName\":\"search_term_string\"}}],\"inLanguage\":\"fr-FR\"},{\"@type\":\"Organization\",\"@id\":\"https:\\\/\\\/primacover.com\\\/fr\\\/#organization\",\"name\":\"PrimaCover\",\"url\":\"https:\\\/\\\/primacover.com\\\/fr\\\/\",\"logo\":{\"@type\":\"ImageObject\",\"inLanguage\":\"fr-FR\",\"@id\":\"https:\\\/\\\/primacover.com\\\/fr\\\/#\\\/schema\\\/logo\\\/image\\\/\",\"url\":\"\",\"contentUrl\":\"\",\"caption\":\"PrimaCover\"},\"image\":{\"@id\":\"https:\\\/\\\/primacover.com\\\/fr\\\/#\\\/schema\\\/logo\\\/image\\\/\"},\"sameAs\":[\"https:\\\/\\\/www.facebook.com\\\/PrimaverdeBV\",\"https:\\\/\\\/nl.linkedin.com\\\/company\\\/primaverde\",\"https:\\\/\\\/www.youtube.com\\\/channel\\\/UC3DwQqj8f8tatLdSFA0aWwA\"]}]}<\/script>\n<meta property=\"product:brand\" content=\"PrimaCover\" \/>\n<meta property=\"product:price:currency\" content=\"EUR\" \/>\n<meta property=\"og:availability\" content=\"instock\" \/>\n<meta property=\"product:availability\" content=\"instock\" \/>\n<meta property=\"product:retailer_item_id\" content=\"PC900718\" \/>\n<meta property=\"product:condition\" content=\"new\" \/>\n<!-- \/ Yoast SEO Premium plugin. -->","yoast_head_json":{"title":"Non-tiss\u00e9 de protection PrimaCover Lite","description":"PrimaCover Lite est un non-tiss\u00e9 de protection, qui offre une remarquable r\u00e9sistance \u00e0 la salet\u00e9, \u00e0 l\u2019humidit\u00e9, aux roulettes et aux chutes d\u2019outils pendant la phase de construction. Convient pour les surfaces s\u00e8ches.","robots":{"index":"index","follow":"follow","max-snippet":"max-snippet:-1","max-image-preview":"max-image-preview:large","max-video-preview":"max-video-preview:-1"},"canonical":"https:\/\/primacover.com\/fr\/product\/primacover-lite\/","og_locale":"fr_FR","og_type":"article","og_title":"PrimaCover Lite","og_description":"PrimaCover Lite est un non-tiss\u00e9 de protection, qui offre une remarquable r\u00e9sistance \u00e0 la salet\u00e9, \u00e0 l\u2019humidit\u00e9, aux roulettes et aux chutes d\u2019outils pendant la phase de construction. Convient pour les surfaces s\u00e8ches.","og_url":"https:\/\/primacover.com\/fr\/product\/primacover-lite\/","og_site_name":"PrimaCover","article_publisher":"https:\/\/www.facebook.com\/PrimaverdeBV","article_modified_time":"2026-04-03T09:32:27+00:00","og_image":[{"width":625,"height":625,"url":"https:\/\/primacover.com\/wp-content\/uploads\/2023\/01\/Lite_P0NZ_s01.png","type":"image\/png"}],"twitter_card":"summary_large_image","twitter_misc":{"Prix":"","Disponibilit\u00e9":"En stock"},"schema":{"@context":"https:\/\/schema.org","@graph":[{"@type":"WebPage","@id":"https:\/\/primacover.com\/fr\/product\/primacover-lite\/","url":"https:\/\/primacover.com\/fr\/product\/primacover-lite\/","name":"Non-tiss\u00e9 de protection PrimaCover Lite","isPartOf":{"@id":"https:\/\/primacover.com\/fr\/#website"},"primaryImageOfPage":{"@id":"https:\/\/primacover.com\/fr\/product\/primacover-lite\/#primaryimage"},"image":{"@id":"https:\/\/primacover.com\/fr\/product\/primacover-lite\/#primaryimage"},"thumbnailUrl":"https:\/\/primacover.com\/wp-content\/uploads\/2023\/01\/Lite_P0NZ_s01.png","datePublished":"2023-01-20T13:26:44+00:00","dateModified":"2026-04-03T09:32:27+00:00","description":"PrimaCover Lite est un non-tiss\u00e9 de protection, qui offre une remarquable r\u00e9sistance \u00e0 la salet\u00e9, \u00e0 l\u2019humidit\u00e9, aux roulettes et aux chutes d\u2019outils pendant la phase de construction. Convient pour les surfaces s\u00e8ches.","breadcrumb":{"@id":"https:\/\/primacover.com\/fr\/product\/primacover-lite\/#breadcrumb"},"inLanguage":"fr-FR","potentialAction":[{"@type":"ReadAction","target":["https:\/\/primacover.com\/fr\/product\/primacover-lite\/"]}]},{"@type":"ImageObject","inLanguage":"fr-FR","@id":"https:\/\/primacover.com\/fr\/product\/primacover-lite\/#primaryimage","url":"https:\/\/primacover.com\/wp-content\/uploads\/2023\/01\/Lite_P0NZ_s01.png","contentUrl":"https:\/\/primacover.com\/wp-content\/uploads\/2023\/01\/Lite_P0NZ_s01.png","width":625,"height":625,"caption":"PrimaCover Lite 600x600 roll entree"},{"@type":"BreadcrumbList","@id":"https:\/\/primacover.com\/fr\/product\/primacover-lite\/#breadcrumb","itemListElement":[{"@type":"ListItem","position":1,"name":"Home","item":"https:\/\/primacover.com\/fr\/"},{"@type":"ListItem","position":2,"name":"Produits","item":"https:\/\/primacover.com\/fr\/produits\/"},{"@type":"ListItem","position":3,"name":"PrimaCover Lite"}]},{"@type":"WebSite","@id":"https:\/\/primacover.com\/fr\/#website","url":"https:\/\/primacover.com\/fr\/","name":"PrimaCover","description":"afdekvlies-afdekfolie-stofdeuren, coveringmaterials-dustdoors","publisher":{"@id":"https:\/\/primacover.com\/fr\/#organization"},"potentialAction":[{"@type":"SearchAction","target":{"@type":"EntryPoint","urlTemplate":"https:\/\/primacover.com\/fr\/?s={search_term_string}"},"query-input":{"@type":"PropertyValueSpecification","valueRequired":true,"valueName":"search_term_string"}}],"inLanguage":"fr-FR"},{"@type":"Organization","@id":"https:\/\/primacover.com\/fr\/#organization","name":"PrimaCover","url":"https:\/\/primacover.com\/fr\/","logo":{"@type":"ImageObject","inLanguage":"fr-FR","@id":"https:\/\/primacover.com\/fr\/#\/schema\/logo\/image\/","url":"","contentUrl":"","caption":"PrimaCover"},"image":{"@id":"https:\/\/primacover.com\/fr\/#\/schema\/logo\/image\/"},"sameAs":["https:\/\/www.facebook.com\/PrimaverdeBV","https:\/\/nl.linkedin.com\/company\/primaverde","https:\/\/www.youtube.com\/channel\/UC3DwQqj8f8tatLdSFA0aWwA"]}]},"product_brand":"PrimaCover","product_price_currency":"EUR","og_availability":"instock","product_availability":"instock","product_retailer_item_id":"PC900718","product_condition":"new"},"_links":{"self":[{"href":"https:\/\/primacover.com\/fr\/wp-json\/wp\/v2\/product\/134112","targetHints":{"allow":["GET"]}}],"collection":[{"href":"https:\/\/primacover.com\/fr\/wp-json\/wp\/v2\/product"}],"about":[{"href":"https:\/\/primacover.com\/fr\/wp-json\/wp\/v2\/types\/product"}],"wp:featuredmedia":[{"embeddable":true,"href":"https:\/\/primacover.com\/fr\/wp-json\/wp\/v2\/media\/134188"}],"wp:attachment":[{"href":"https:\/\/primacover.com\/fr\/wp-json\/wp\/v2\/media?parent=134112"}],"wp:term":[{"taxonomy":"product_brand","embeddable":true,"href":"https:\/\/primacover.com\/fr\/wp-json\/wp\/v2\/product_brand?post=134112"},{"taxonomy":"product_cat","embeddable":true,"href":"https:\/\/primacover.com\/fr\/wp-json\/wp\/v2\/product_cat?post=134112"},{"taxonomy":"product_tag","embeddable":true,"href":"https:\/\/primacover.com\/fr\/wp-json\/wp\/v2\/product_tag?post=134112"}],"curies":[{"name":"wp","href":"https:\/\/api.w.org\/{rel}","templated":true}]}}