{"id":139562,"date":"2025-04-23T08:45:26","date_gmt":"2025-04-23T06:45:26","guid":{"rendered":"https:\/\/primacover.com\/?post_type=product&#038;p=139562"},"modified":"2026-04-03T11:50:28","modified_gmt":"2026-04-03T09:50:28","slug":"primacover-airtape","status":"publish","type":"product","link":"https:\/\/primacover.com\/fr\/product\/primacover-airtape\/","title":{"rendered":"PrimaCover Airtape"},"content":{"rendered":"<h2>Ruban adh\u00e9sif respirante pour les mat\u00e9riaux de recouvrement<\/h2>\n<p>PrimaCover Airtape est sp\u00e9cialement con\u00e7u pour coller solidement les mat\u00e9riaux de recouvrement perm\u00e9ables \u00e0 la vapeur et respirants (tels que PrimaCover Active, Ram Board et PrimaCover Defend). La couche adh\u00e9sive \u00e0 micropoints perm\u00e9able \u00e0 l&rsquo;air permet au support de s&rsquo;\u00e9vaporer et\/ou de durcir sans probl\u00e8me, tandis que les mat\u00e9riaux de recouvrement restent en place en toute s\u00e9curit\u00e9.<\/p>\n<p><strong>Propri\u00e9t\u00e9s:<\/strong><\/p>\n<ul>\n<li>Support : non-tiss\u00e9 PP respirant<\/li>\n<li>Couche adh\u00e9sive : caoutchouc synth\u00e9tique<\/li>\n<li>Perm\u00e9abilit\u00e9 \u00e0 l&rsquo;eau : 10 l\/m2\/min<\/li>\n<li>Perm\u00e9abilit\u00e9 \u00e0 l&rsquo;air : 750 l\/m2\/min<\/li>\n<li>R\u00e9sistance \u00e0 la traction : 70 N\/25 mm<\/li>\n<li>R\u00e9sistance \u00e0 la temp\u00e9rature : min. -20 \u00b0C \/ max. +80 \u00b0C<\/li>\n<li>Couche adh\u00e9sive micro-pointe unique <\/li>\n<li>Dimensions : 50 mm x 33 m<\/li>\n<\/ul>\n<p><strong>Utilisation:<\/strong><\/p>\n<ul>\n<li>Id\u00e9ale pour raccorder les mat\u00e9riaux de recouvrement sur le b\u00e9ton brut, la pierre naturelle, les sols coul\u00e9s, etc.<\/li>\n<\/ul>\n<p><strong>Instructions:<\/strong><\/p>\n<ul>\n<li>La surface doit \u00eatre propre et exempte de graisse. <\/li>\n<li>\u00c0 l&rsquo;exception de PrimaCover Active, les mat\u00e9riaux de recouvrement peuvent \u00eatre coll\u00e9s sans chevauchement. Appliquez les bandes PrimaCover Active avec un chevauchement de 10 cm avant de les relier avec Airtape. Appuyez fermement ! (2 kg par 25 mm).<\/li>\n<li>Tester au pr\u00e9alable l\u2019aptitude du produit.<\/li>\n<\/ul>\n","protected":false},"excerpt":{"rendered":"<p>Ruban adh\u00e9sif respirante pour les mat\u00e9riaux de recouvrement PrimaCover Airtape est sp\u00e9cialement con\u00e7u pour coller solidement les mat\u00e9riaux de recouvrement<\/p>\n","protected":false},"featured_media":139776,"menu_order":1,"template":"","meta":{"generate_page_header":""},"product_brand":[],"product_cat":[1752],"product_tag":[],"class_list":{"0":"post-139562","1":"product","2":"type-product","3":"status-publish","4":"has-post-thumbnail","6":"product_cat-accessoires-fr","7":"","8":"woocommerce-text-align-center","9":"woocommerce-image-align-center","10":"do-quantity-buttons","12":"first","13":"instock","14":"shipping-taxable","15":"product-type-simple"},"yoast_head":"<!-- This site is optimized with the Yoast SEO Premium plugin v26.7 (Yoast SEO v27.3) - https:\/\/yoast.com\/product\/yoast-seo-premium-wordpress\/ -->\n<title>PrimaCover Airtape<\/title>\n<meta name=\"robots\" content=\"index, follow, max-snippet:-1, max-image-preview:large, max-video-preview:-1\" \/>\n<link rel=\"canonical\" href=\"https:\/\/primacover.com\/fr\/product\/primacover-airtape\/\" \/>\n<meta property=\"og:locale\" content=\"fr_FR\" \/>\n<meta property=\"og:type\" content=\"article\" \/>\n<meta property=\"og:title\" content=\"PrimaCover Airtape\" \/>\n<meta property=\"og:description\" content=\"Ruban adh\u00e9sif respirante pour les mat\u00e9riaux de recouvrement PrimaCover Airtape est sp\u00e9cialement con\u00e7u pour coller solidement les mat\u00e9riaux de recouvrement\" \/>\n<meta property=\"og:url\" content=\"https:\/\/primacover.com\/fr\/product\/primacover-airtape\/\" \/>\n<meta property=\"og:site_name\" content=\"PrimaCover\" \/>\n<meta property=\"article:publisher\" content=\"https:\/\/www.facebook.com\/PrimaverdeBV\" \/>\n<meta property=\"article:modified_time\" content=\"2026-04-03T09:50:28+00:00\" \/>\n<meta property=\"og:image\" content=\"https:\/\/primacover.com\/wp-content\/uploads\/2025\/04\/Airtape_P0NZ_s01.jpg\" \/>\n\t<meta property=\"og:image:width\" content=\"600\" \/>\n\t<meta property=\"og:image:height\" content=\"400\" \/>\n\t<meta property=\"og:image:type\" content=\"image\/jpeg\" \/>\n<meta name=\"twitter:card\" content=\"summary_large_image\" \/>\n<meta name=\"twitter:label1\" content=\"Prix\" \/>\n\t<meta name=\"twitter:data1\" content=\"\" \/>\n\t<meta name=\"twitter:label2\" content=\"Disponibilit\u00e9\" \/>\n\t<meta name=\"twitter:data2\" content=\"En stock\" \/>\n<script type=\"application\/ld+json\" class=\"yoast-schema-graph\">{\"@context\":\"https:\\\/\\\/schema.org\",\"@graph\":[{\"@type\":\"WebPage\",\"@id\":\"https:\\\/\\\/primacover.com\\\/fr\\\/product\\\/primacover-airtape\\\/\",\"url\":\"https:\\\/\\\/primacover.com\\\/fr\\\/product\\\/primacover-airtape\\\/\",\"name\":\"PrimaCover Airtape\",\"isPartOf\":{\"@id\":\"https:\\\/\\\/primacover.com\\\/fr\\\/#website\"},\"primaryImageOfPage\":{\"@id\":\"https:\\\/\\\/primacover.com\\\/fr\\\/product\\\/primacover-airtape\\\/#primaryimage\"},\"image\":{\"@id\":\"https:\\\/\\\/primacover.com\\\/fr\\\/product\\\/primacover-airtape\\\/#primaryimage\"},\"thumbnailUrl\":\"https:\\\/\\\/primacover.com\\\/wp-content\\\/uploads\\\/2025\\\/04\\\/Airtape_P0NZ_s01.jpg\",\"datePublished\":\"2025-04-23T06:45:26+00:00\",\"dateModified\":\"2026-04-03T09:50:28+00:00\",\"breadcrumb\":{\"@id\":\"https:\\\/\\\/primacover.com\\\/fr\\\/product\\\/primacover-airtape\\\/#breadcrumb\"},\"inLanguage\":\"fr-FR\",\"potentialAction\":[{\"@type\":\"ReadAction\",\"target\":[\"https:\\\/\\\/primacover.com\\\/fr\\\/product\\\/primacover-airtape\\\/\"]}]},{\"@type\":\"ImageObject\",\"inLanguage\":\"fr-FR\",\"@id\":\"https:\\\/\\\/primacover.com\\\/fr\\\/product\\\/primacover-airtape\\\/#primaryimage\",\"url\":\"https:\\\/\\\/primacover.com\\\/wp-content\\\/uploads\\\/2025\\\/04\\\/Airtape_P0NZ_s01.jpg\",\"contentUrl\":\"https:\\\/\\\/primacover.com\\\/wp-content\\\/uploads\\\/2025\\\/04\\\/Airtape_P0NZ_s01.jpg\",\"width\":600,\"height\":400},{\"@type\":\"BreadcrumbList\",\"@id\":\"https:\\\/\\\/primacover.com\\\/fr\\\/product\\\/primacover-airtape\\\/#breadcrumb\",\"itemListElement\":[{\"@type\":\"ListItem\",\"position\":1,\"name\":\"Home\",\"item\":\"https:\\\/\\\/primacover.com\\\/fr\\\/\"},{\"@type\":\"ListItem\",\"position\":2,\"name\":\"Produits\",\"item\":\"https:\\\/\\\/primacover.com\\\/fr\\\/produits\\\/\"},{\"@type\":\"ListItem\",\"position\":3,\"name\":\"PrimaCover Airtape\"}]},{\"@type\":\"WebSite\",\"@id\":\"https:\\\/\\\/primacover.com\\\/fr\\\/#website\",\"url\":\"https:\\\/\\\/primacover.com\\\/fr\\\/\",\"name\":\"PrimaCover\",\"description\":\"afdekvlies-afdekfolie-stofdeuren, coveringmaterials-dustdoors\",\"publisher\":{\"@id\":\"https:\\\/\\\/primacover.com\\\/fr\\\/#organization\"},\"potentialAction\":[{\"@type\":\"SearchAction\",\"target\":{\"@type\":\"EntryPoint\",\"urlTemplate\":\"https:\\\/\\\/primacover.com\\\/fr\\\/?s={search_term_string}\"},\"query-input\":{\"@type\":\"PropertyValueSpecification\",\"valueRequired\":true,\"valueName\":\"search_term_string\"}}],\"inLanguage\":\"fr-FR\"},{\"@type\":\"Organization\",\"@id\":\"https:\\\/\\\/primacover.com\\\/fr\\\/#organization\",\"name\":\"PrimaCover\",\"url\":\"https:\\\/\\\/primacover.com\\\/fr\\\/\",\"logo\":{\"@type\":\"ImageObject\",\"inLanguage\":\"fr-FR\",\"@id\":\"https:\\\/\\\/primacover.com\\\/fr\\\/#\\\/schema\\\/logo\\\/image\\\/\",\"url\":\"\",\"contentUrl\":\"\",\"caption\":\"PrimaCover\"},\"image\":{\"@id\":\"https:\\\/\\\/primacover.com\\\/fr\\\/#\\\/schema\\\/logo\\\/image\\\/\"},\"sameAs\":[\"https:\\\/\\\/www.facebook.com\\\/PrimaverdeBV\",\"https:\\\/\\\/nl.linkedin.com\\\/company\\\/primaverde\",\"https:\\\/\\\/www.youtube.com\\\/channel\\\/UC3DwQqj8f8tatLdSFA0aWwA\"]}]}<\/script>\n<meta property=\"product:price:currency\" content=\"EUR\" \/>\n<meta property=\"og:availability\" content=\"instock\" \/>\n<meta property=\"product:availability\" content=\"instock\" \/>\n<meta property=\"product:condition\" content=\"new\" \/>\n<!-- \/ Yoast SEO Premium plugin. -->","yoast_head_json":{"title":"PrimaCover Airtape","robots":{"index":"index","follow":"follow","max-snippet":"max-snippet:-1","max-image-preview":"max-image-preview:large","max-video-preview":"max-video-preview:-1"},"canonical":"https:\/\/primacover.com\/fr\/product\/primacover-airtape\/","og_locale":"fr_FR","og_type":"article","og_title":"PrimaCover Airtape","og_description":"Ruban adh\u00e9sif respirante pour les mat\u00e9riaux de recouvrement PrimaCover Airtape est sp\u00e9cialement con\u00e7u pour coller solidement les mat\u00e9riaux de recouvrement","og_url":"https:\/\/primacover.com\/fr\/product\/primacover-airtape\/","og_site_name":"PrimaCover","article_publisher":"https:\/\/www.facebook.com\/PrimaverdeBV","article_modified_time":"2026-04-03T09:50:28+00:00","og_image":[{"width":600,"height":400,"url":"https:\/\/primacover.com\/wp-content\/uploads\/2025\/04\/Airtape_P0NZ_s01.jpg","type":"image\/jpeg"}],"twitter_card":"summary_large_image","twitter_misc":{"Prix":"","Disponibilit\u00e9":"En stock"},"schema":{"@context":"https:\/\/schema.org","@graph":[{"@type":"WebPage","@id":"https:\/\/primacover.com\/fr\/product\/primacover-airtape\/","url":"https:\/\/primacover.com\/fr\/product\/primacover-airtape\/","name":"PrimaCover Airtape","isPartOf":{"@id":"https:\/\/primacover.com\/fr\/#website"},"primaryImageOfPage":{"@id":"https:\/\/primacover.com\/fr\/product\/primacover-airtape\/#primaryimage"},"image":{"@id":"https:\/\/primacover.com\/fr\/product\/primacover-airtape\/#primaryimage"},"thumbnailUrl":"https:\/\/primacover.com\/wp-content\/uploads\/2025\/04\/Airtape_P0NZ_s01.jpg","datePublished":"2025-04-23T06:45:26+00:00","dateModified":"2026-04-03T09:50:28+00:00","breadcrumb":{"@id":"https:\/\/primacover.com\/fr\/product\/primacover-airtape\/#breadcrumb"},"inLanguage":"fr-FR","potentialAction":[{"@type":"ReadAction","target":["https:\/\/primacover.com\/fr\/product\/primacover-airtape\/"]}]},{"@type":"ImageObject","inLanguage":"fr-FR","@id":"https:\/\/primacover.com\/fr\/product\/primacover-airtape\/#primaryimage","url":"https:\/\/primacover.com\/wp-content\/uploads\/2025\/04\/Airtape_P0NZ_s01.jpg","contentUrl":"https:\/\/primacover.com\/wp-content\/uploads\/2025\/04\/Airtape_P0NZ_s01.jpg","width":600,"height":400},{"@type":"BreadcrumbList","@id":"https:\/\/primacover.com\/fr\/product\/primacover-airtape\/#breadcrumb","itemListElement":[{"@type":"ListItem","position":1,"name":"Home","item":"https:\/\/primacover.com\/fr\/"},{"@type":"ListItem","position":2,"name":"Produits","item":"https:\/\/primacover.com\/fr\/produits\/"},{"@type":"ListItem","position":3,"name":"PrimaCover Airtape"}]},{"@type":"WebSite","@id":"https:\/\/primacover.com\/fr\/#website","url":"https:\/\/primacover.com\/fr\/","name":"PrimaCover","description":"afdekvlies-afdekfolie-stofdeuren, coveringmaterials-dustdoors","publisher":{"@id":"https:\/\/primacover.com\/fr\/#organization"},"potentialAction":[{"@type":"SearchAction","target":{"@type":"EntryPoint","urlTemplate":"https:\/\/primacover.com\/fr\/?s={search_term_string}"},"query-input":{"@type":"PropertyValueSpecification","valueRequired":true,"valueName":"search_term_string"}}],"inLanguage":"fr-FR"},{"@type":"Organization","@id":"https:\/\/primacover.com\/fr\/#organization","name":"PrimaCover","url":"https:\/\/primacover.com\/fr\/","logo":{"@type":"ImageObject","inLanguage":"fr-FR","@id":"https:\/\/primacover.com\/fr\/#\/schema\/logo\/image\/","url":"","contentUrl":"","caption":"PrimaCover"},"image":{"@id":"https:\/\/primacover.com\/fr\/#\/schema\/logo\/image\/"},"sameAs":["https:\/\/www.facebook.com\/PrimaverdeBV","https:\/\/nl.linkedin.com\/company\/primaverde","https:\/\/www.youtube.com\/channel\/UC3DwQqj8f8tatLdSFA0aWwA"]}]},"product_price_currency":"EUR","og_availability":"instock","product_availability":"instock","product_condition":"new"},"_links":{"self":[{"href":"https:\/\/primacover.com\/fr\/wp-json\/wp\/v2\/product\/139562","targetHints":{"allow":["GET"]}}],"collection":[{"href":"https:\/\/primacover.com\/fr\/wp-json\/wp\/v2\/product"}],"about":[{"href":"https:\/\/primacover.com\/fr\/wp-json\/wp\/v2\/types\/product"}],"wp:featuredmedia":[{"embeddable":true,"href":"https:\/\/primacover.com\/fr\/wp-json\/wp\/v2\/media\/139776"}],"wp:attachment":[{"href":"https:\/\/primacover.com\/fr\/wp-json\/wp\/v2\/media?parent=139562"}],"wp:term":[{"taxonomy":"product_brand","embeddable":true,"href":"https:\/\/primacover.com\/fr\/wp-json\/wp\/v2\/product_brand?post=139562"},{"taxonomy":"product_cat","embeddable":true,"href":"https:\/\/primacover.com\/fr\/wp-json\/wp\/v2\/product_cat?post=139562"},{"taxonomy":"product_tag","embeddable":true,"href":"https:\/\/primacover.com\/fr\/wp-json\/wp\/v2\/product_tag?post=139562"}],"curies":[{"name":"wp","href":"https:\/\/api.w.org\/{rel}","templated":true}]}}