{"id":139613,"date":"2025-05-08T15:03:51","date_gmt":"2025-05-08T13:03:51","guid":{"rendered":"https:\/\/primacover.com\/?post_type=product&#038;p=139613"},"modified":"2026-04-03T11:28:39","modified_gmt":"2026-04-03T09:28:39","slug":"primacover-film-dispenser","status":"publish","type":"product","link":"https:\/\/primacover.com\/fr\/product\/primacover-film-dispenser\/","title":{"rendered":"PrimaCover Film Dispenser"},"content":{"rendered":"<h2>D\u00e9rouleur ergonomique<\/h2>\n<p>Avec le PrimaCover Film Dispenser, l&rsquo;application du film de protection sur les sols et les escaliers est plus rapide, plus simple et plus confortable que jamais. Cet outil \u00e9t\u00e9 sp\u00e9cialement con\u00e7u pour une utilisation efficace des films PrimaCover Carpet et Hardfloor. Termin\u00e9 les rouleaux encombrants et les positions de travail fatigantes.<\/p>\n<p>Gr\u00e2ce \u00e0 sa conception ergonomique, vous travaillez non seulement plus proprement, mais aussi plus rapidement. De plus, vous r\u00e9duisez le risque de troubles maux de dos. Le PrimaCover Film Dispenser offre un contr\u00f4le et une prise en main optimale pour un r\u00e9sultat final impeccable avec une couche de protection solidement fix\u00e9e.<\/p>\n<p><strong>Propri\u00e9t\u00e9s:<\/strong><\/p>\n<ul>\n<li>Convient pour les rouleaux de film de 62,5 cm de large (50 ou 100 microns)<\/li>\n<li>Manche t\u00e9lescopique avec syst\u00e8me de clic (r\u00e9glable de 1 \u00e0 2 m)<\/li>\n<li>Poign\u00e9e pour utilisation dans les escaliers (sans manche)<\/li>\n<li>Convient pour une utilisation intensive et prolong\u00e9e<\/li>\n<li>Dimensions : 115 x 20 x 25 cm (L x l x H)<\/li>\n<\/ul>\n<p><strong>Utilisation:<\/strong><\/p>\n<ul>\n<li>Convient pour PrimaCover Carpet et PrimaCover Hardfloor<\/li>\n<li>Sur les sols et les escaliers<\/li>\n<\/ul>\n<p><strong>Instructions:<\/strong><\/p>\n<ul>\n<li>Tester pr\u00e9alablement l\u2019ad\u00e9quation du produit.<\/li>\n<li>Arr\u00eater le chauffage par le sol avant utilisation.<\/li>\n<\/ul>\n","protected":false},"excerpt":{"rendered":"<p>D\u00e9rouleur ergonomique Avec le PrimaCover Film Dispenser, l&rsquo;application du film de protection sur les sols et les escaliers est plus<\/p>\n","protected":false},"featured_media":139684,"menu_order":0,"template":"","meta":{"generate_page_header":""},"product_brand":[],"product_cat":[1752],"product_tag":[],"class_list":{"0":"post-139613","1":"product","2":"type-product","3":"status-publish","4":"has-post-thumbnail","6":"product_cat-accessoires-fr","7":"","8":"woocommerce-text-align-center","9":"woocommerce-image-align-center","10":"do-quantity-buttons","12":"first","13":"instock","14":"shipping-taxable","15":"product-type-simple"},"yoast_head":"<!-- This site is optimized with the Yoast SEO Premium plugin v26.7 (Yoast SEO v27.3) - https:\/\/yoast.com\/product\/yoast-seo-premium-wordpress\/ -->\n<title>PrimaCover Film Dispenser<\/title>\n<meta name=\"description\" content=\"Avec le PrimaCover Film Dispenser, l&#039;application du film de protection sur les sols et les escaliers est plus rapide et plus simple.\" \/>\n<meta name=\"robots\" content=\"index, follow, max-snippet:-1, max-image-preview:large, max-video-preview:-1\" \/>\n<link rel=\"canonical\" href=\"https:\/\/primacover.com\/fr\/product\/primacover-film-dispenser\/\" \/>\n<meta property=\"og:locale\" content=\"fr_FR\" \/>\n<meta property=\"og:type\" content=\"article\" \/>\n<meta property=\"og:title\" content=\"PrimaCover Film Dispenser\" \/>\n<meta property=\"og:description\" content=\"Avec le PrimaCover Film Dispenser, l&#039;application du film de protection sur les sols et les escaliers est plus rapide et plus simple.\" \/>\n<meta property=\"og:url\" content=\"https:\/\/primacover.com\/fr\/product\/primacover-film-dispenser\/\" \/>\n<meta property=\"og:site_name\" content=\"PrimaCover\" \/>\n<meta property=\"article:publisher\" content=\"https:\/\/www.facebook.com\/PrimaverdeBV\" \/>\n<meta property=\"article:modified_time\" content=\"2026-04-03T09:28:39+00:00\" \/>\n<meta property=\"og:image\" content=\"https:\/\/primacover.com\/wp-content\/uploads\/2025\/05\/Film-Dispenser_P0NZ_s01-1.jpg\" \/>\n\t<meta property=\"og:image:width\" content=\"600\" \/>\n\t<meta property=\"og:image:height\" content=\"600\" \/>\n\t<meta property=\"og:image:type\" content=\"image\/jpeg\" \/>\n<meta name=\"twitter:card\" content=\"summary_large_image\" \/>\n<meta name=\"twitter:label1\" content=\"Prix\" \/>\n\t<meta name=\"twitter:data1\" content=\"\" \/>\n\t<meta name=\"twitter:label2\" content=\"Disponibilit\u00e9\" \/>\n\t<meta name=\"twitter:data2\" content=\"En stock\" \/>\n<script type=\"application\/ld+json\" class=\"yoast-schema-graph\">{\"@context\":\"https:\\\/\\\/schema.org\",\"@graph\":[{\"@type\":\"WebPage\",\"@id\":\"https:\\\/\\\/primacover.com\\\/fr\\\/product\\\/primacover-film-dispenser\\\/\",\"url\":\"https:\\\/\\\/primacover.com\\\/fr\\\/product\\\/primacover-film-dispenser\\\/\",\"name\":\"PrimaCover Film Dispenser\",\"isPartOf\":{\"@id\":\"https:\\\/\\\/primacover.com\\\/fr\\\/#website\"},\"primaryImageOfPage\":{\"@id\":\"https:\\\/\\\/primacover.com\\\/fr\\\/product\\\/primacover-film-dispenser\\\/#primaryimage\"},\"image\":{\"@id\":\"https:\\\/\\\/primacover.com\\\/fr\\\/product\\\/primacover-film-dispenser\\\/#primaryimage\"},\"thumbnailUrl\":\"https:\\\/\\\/primacover.com\\\/wp-content\\\/uploads\\\/2025\\\/05\\\/Film-Dispenser_P0NZ_s01-1.jpg\",\"datePublished\":\"2025-05-08T13:03:51+00:00\",\"dateModified\":\"2026-04-03T09:28:39+00:00\",\"description\":\"Avec le PrimaCover Film Dispenser, l'application du film de protection sur les sols et les escaliers est plus rapide et plus simple.\",\"breadcrumb\":{\"@id\":\"https:\\\/\\\/primacover.com\\\/fr\\\/product\\\/primacover-film-dispenser\\\/#breadcrumb\"},\"inLanguage\":\"fr-FR\",\"potentialAction\":[{\"@type\":\"ReadAction\",\"target\":[\"https:\\\/\\\/primacover.com\\\/fr\\\/product\\\/primacover-film-dispenser\\\/\"]}]},{\"@type\":\"ImageObject\",\"inLanguage\":\"fr-FR\",\"@id\":\"https:\\\/\\\/primacover.com\\\/fr\\\/product\\\/primacover-film-dispenser\\\/#primaryimage\",\"url\":\"https:\\\/\\\/primacover.com\\\/wp-content\\\/uploads\\\/2025\\\/05\\\/Film-Dispenser_P0NZ_s01-1.jpg\",\"contentUrl\":\"https:\\\/\\\/primacover.com\\\/wp-content\\\/uploads\\\/2025\\\/05\\\/Film-Dispenser_P0NZ_s01-1.jpg\",\"width\":600,\"height\":600},{\"@type\":\"BreadcrumbList\",\"@id\":\"https:\\\/\\\/primacover.com\\\/fr\\\/product\\\/primacover-film-dispenser\\\/#breadcrumb\",\"itemListElement\":[{\"@type\":\"ListItem\",\"position\":1,\"name\":\"Home\",\"item\":\"https:\\\/\\\/primacover.com\\\/fr\\\/\"},{\"@type\":\"ListItem\",\"position\":2,\"name\":\"Produits\",\"item\":\"https:\\\/\\\/primacover.com\\\/fr\\\/produits\\\/\"},{\"@type\":\"ListItem\",\"position\":3,\"name\":\"PrimaCover Film Dispenser\"}]},{\"@type\":\"WebSite\",\"@id\":\"https:\\\/\\\/primacover.com\\\/fr\\\/#website\",\"url\":\"https:\\\/\\\/primacover.com\\\/fr\\\/\",\"name\":\"PrimaCover\",\"description\":\"afdekvlies-afdekfolie-stofdeuren, coveringmaterials-dustdoors\",\"publisher\":{\"@id\":\"https:\\\/\\\/primacover.com\\\/fr\\\/#organization\"},\"potentialAction\":[{\"@type\":\"SearchAction\",\"target\":{\"@type\":\"EntryPoint\",\"urlTemplate\":\"https:\\\/\\\/primacover.com\\\/fr\\\/?s={search_term_string}\"},\"query-input\":{\"@type\":\"PropertyValueSpecification\",\"valueRequired\":true,\"valueName\":\"search_term_string\"}}],\"inLanguage\":\"fr-FR\"},{\"@type\":\"Organization\",\"@id\":\"https:\\\/\\\/primacover.com\\\/fr\\\/#organization\",\"name\":\"PrimaCover\",\"url\":\"https:\\\/\\\/primacover.com\\\/fr\\\/\",\"logo\":{\"@type\":\"ImageObject\",\"inLanguage\":\"fr-FR\",\"@id\":\"https:\\\/\\\/primacover.com\\\/fr\\\/#\\\/schema\\\/logo\\\/image\\\/\",\"url\":\"\",\"contentUrl\":\"\",\"caption\":\"PrimaCover\"},\"image\":{\"@id\":\"https:\\\/\\\/primacover.com\\\/fr\\\/#\\\/schema\\\/logo\\\/image\\\/\"},\"sameAs\":[\"https:\\\/\\\/www.facebook.com\\\/PrimaverdeBV\",\"https:\\\/\\\/nl.linkedin.com\\\/company\\\/primaverde\",\"https:\\\/\\\/www.youtube.com\\\/channel\\\/UC3DwQqj8f8tatLdSFA0aWwA\"]}]}<\/script>\n<meta property=\"product:price:currency\" content=\"EUR\" \/>\n<meta property=\"og:availability\" content=\"instock\" \/>\n<meta property=\"product:availability\" content=\"instock\" \/>\n<meta property=\"product:condition\" content=\"new\" \/>\n<!-- \/ Yoast SEO Premium plugin. -->","yoast_head_json":{"title":"PrimaCover Film Dispenser","description":"Avec le PrimaCover Film Dispenser, l'application du film de protection sur les sols et les escaliers est plus rapide et plus simple.","robots":{"index":"index","follow":"follow","max-snippet":"max-snippet:-1","max-image-preview":"max-image-preview:large","max-video-preview":"max-video-preview:-1"},"canonical":"https:\/\/primacover.com\/fr\/product\/primacover-film-dispenser\/","og_locale":"fr_FR","og_type":"article","og_title":"PrimaCover Film Dispenser","og_description":"Avec le PrimaCover Film Dispenser, l'application du film de protection sur les sols et les escaliers est plus rapide et plus simple.","og_url":"https:\/\/primacover.com\/fr\/product\/primacover-film-dispenser\/","og_site_name":"PrimaCover","article_publisher":"https:\/\/www.facebook.com\/PrimaverdeBV","article_modified_time":"2026-04-03T09:28:39+00:00","og_image":[{"width":600,"height":600,"url":"https:\/\/primacover.com\/wp-content\/uploads\/2025\/05\/Film-Dispenser_P0NZ_s01-1.jpg","type":"image\/jpeg"}],"twitter_card":"summary_large_image","twitter_misc":{"Prix":"","Disponibilit\u00e9":"En stock"},"schema":{"@context":"https:\/\/schema.org","@graph":[{"@type":"WebPage","@id":"https:\/\/primacover.com\/fr\/product\/primacover-film-dispenser\/","url":"https:\/\/primacover.com\/fr\/product\/primacover-film-dispenser\/","name":"PrimaCover Film Dispenser","isPartOf":{"@id":"https:\/\/primacover.com\/fr\/#website"},"primaryImageOfPage":{"@id":"https:\/\/primacover.com\/fr\/product\/primacover-film-dispenser\/#primaryimage"},"image":{"@id":"https:\/\/primacover.com\/fr\/product\/primacover-film-dispenser\/#primaryimage"},"thumbnailUrl":"https:\/\/primacover.com\/wp-content\/uploads\/2025\/05\/Film-Dispenser_P0NZ_s01-1.jpg","datePublished":"2025-05-08T13:03:51+00:00","dateModified":"2026-04-03T09:28:39+00:00","description":"Avec le PrimaCover Film Dispenser, l'application du film de protection sur les sols et les escaliers est plus rapide et plus simple.","breadcrumb":{"@id":"https:\/\/primacover.com\/fr\/product\/primacover-film-dispenser\/#breadcrumb"},"inLanguage":"fr-FR","potentialAction":[{"@type":"ReadAction","target":["https:\/\/primacover.com\/fr\/product\/primacover-film-dispenser\/"]}]},{"@type":"ImageObject","inLanguage":"fr-FR","@id":"https:\/\/primacover.com\/fr\/product\/primacover-film-dispenser\/#primaryimage","url":"https:\/\/primacover.com\/wp-content\/uploads\/2025\/05\/Film-Dispenser_P0NZ_s01-1.jpg","contentUrl":"https:\/\/primacover.com\/wp-content\/uploads\/2025\/05\/Film-Dispenser_P0NZ_s01-1.jpg","width":600,"height":600},{"@type":"BreadcrumbList","@id":"https:\/\/primacover.com\/fr\/product\/primacover-film-dispenser\/#breadcrumb","itemListElement":[{"@type":"ListItem","position":1,"name":"Home","item":"https:\/\/primacover.com\/fr\/"},{"@type":"ListItem","position":2,"name":"Produits","item":"https:\/\/primacover.com\/fr\/produits\/"},{"@type":"ListItem","position":3,"name":"PrimaCover Film Dispenser"}]},{"@type":"WebSite","@id":"https:\/\/primacover.com\/fr\/#website","url":"https:\/\/primacover.com\/fr\/","name":"PrimaCover","description":"afdekvlies-afdekfolie-stofdeuren, coveringmaterials-dustdoors","publisher":{"@id":"https:\/\/primacover.com\/fr\/#organization"},"potentialAction":[{"@type":"SearchAction","target":{"@type":"EntryPoint","urlTemplate":"https:\/\/primacover.com\/fr\/?s={search_term_string}"},"query-input":{"@type":"PropertyValueSpecification","valueRequired":true,"valueName":"search_term_string"}}],"inLanguage":"fr-FR"},{"@type":"Organization","@id":"https:\/\/primacover.com\/fr\/#organization","name":"PrimaCover","url":"https:\/\/primacover.com\/fr\/","logo":{"@type":"ImageObject","inLanguage":"fr-FR","@id":"https:\/\/primacover.com\/fr\/#\/schema\/logo\/image\/","url":"","contentUrl":"","caption":"PrimaCover"},"image":{"@id":"https:\/\/primacover.com\/fr\/#\/schema\/logo\/image\/"},"sameAs":["https:\/\/www.facebook.com\/PrimaverdeBV","https:\/\/nl.linkedin.com\/company\/primaverde","https:\/\/www.youtube.com\/channel\/UC3DwQqj8f8tatLdSFA0aWwA"]}]},"product_price_currency":"EUR","og_availability":"instock","product_availability":"instock","product_condition":"new"},"_links":{"self":[{"href":"https:\/\/primacover.com\/fr\/wp-json\/wp\/v2\/product\/139613","targetHints":{"allow":["GET"]}}],"collection":[{"href":"https:\/\/primacover.com\/fr\/wp-json\/wp\/v2\/product"}],"about":[{"href":"https:\/\/primacover.com\/fr\/wp-json\/wp\/v2\/types\/product"}],"wp:featuredmedia":[{"embeddable":true,"href":"https:\/\/primacover.com\/fr\/wp-json\/wp\/v2\/media\/139684"}],"wp:attachment":[{"href":"https:\/\/primacover.com\/fr\/wp-json\/wp\/v2\/media?parent=139613"}],"wp:term":[{"taxonomy":"product_brand","embeddable":true,"href":"https:\/\/primacover.com\/fr\/wp-json\/wp\/v2\/product_brand?post=139613"},{"taxonomy":"product_cat","embeddable":true,"href":"https:\/\/primacover.com\/fr\/wp-json\/wp\/v2\/product_cat?post=139613"},{"taxonomy":"product_tag","embeddable":true,"href":"https:\/\/primacover.com\/fr\/wp-json\/wp\/v2\/product_tag?post=139613"}],"curies":[{"name":"wp","href":"https:\/\/api.w.org\/{rel}","templated":true}]}}