{"id":140102,"date":"2025-09-02T15:58:07","date_gmt":"2025-09-02T13:58:07","guid":{"rendered":"https:\/\/primacover.com\/?post_type=product&#038;p=140102"},"modified":"2026-04-03T11:49:03","modified_gmt":"2026-04-03T09:49:03","slug":"primacover-starter-kit","status":"publish","type":"product","link":"https:\/\/primacover.com\/fr\/product\/primacover-starter-kit\/","title":{"rendered":"PrimaCover Starter Kit"},"content":{"rendered":"<h2>Syst\u00e8me de barri\u00e8re anti-poussi\u00e8re 4.5 m\u00e8tres<\/h2>\n<p>Le Dustshield Starter Kit est un kit de base compos\u00e9 de 3 panneaux. Le Dustshield Starter Kit est une alternative durable et r\u00e9utilisable aux cloisons anti-poussi\u00e8re provisoires. Avec une largeur pouvant atteindre 4.5 m\u00e8tres, le Dustshield Starter Kit convient comme protection anti-poussi\u00e8re pour les projets de construction et de r\u00e9novation de petite et moyenne envergure<\/p>\n<p>Le syst\u00e8me Dustshield est modulaire. Tous les kits peuvent donc \u00eatre compl\u00e9t\u00e9s par d&rsquo;autres modules si la situation l&rsquo;exige.<\/p>\n<p><strong>Parties<\/strong><\/p>\n<ul>\n<li>4x barres t\u00e9lescopiques (hauteur r\u00e9glable de 170 \u00e0 400 cm)<\/li>\n<li>3x barres \u00e0 te\u0302te (largeur 150 cm), enti\u00e8rement recouverts de film de protection (hauteur maximale 400 cm)<\/li>\n<li>16x clips de tube<\/li>\n<li>4x pinces universelles<\/li>\n<li>1x sac de transport<\/li>\n<li>1x Zip-Up Set (2 pi\u00e8ces)<\/li>\n<\/ul>\n<p><strong>Propri\u00e9t\u00e9s:<\/strong><\/p>\n<ul>\n<li>Flexible et adapt\u00e9 \u00e0 tous les espaces<\/li>\n<li>Montage rapide et facile<\/li>\n<li>R\u00e9utilisable<\/li>\n<li>Film ignifuge (certifi\u00e9 EN13501-1)<\/li>\n<li>Convient aux espaces jusqu&rsquo;\u00e0 4.5 m x 4.0 m (L x H)<\/li>\n<\/ul>\n<p><strong>Instructions:<\/strong><\/p>\n<ul>\n<li>Placez un barre t\u00e9lescopique avec un anneau sup\u00e9rieur dans le coin de l&rsquo;espace \u00e0 prot\u00e9ger. Faites-le glisser et fixez-le au plafond \u00e0 l&rsquo;aide d&rsquo;un ressort.<\/li>\n<li>Enclenchez la barre sup\u00e9rieure avec la mousse et le film protection d&rsquo;abord dans le premier montant, puis dans le suivant. Placez le deuxi\u00e8me montant au bon endroit et fixez-le.<\/li>\n<li>D\u00e9roulez le film et fixez-le aux montants \u00e0 l&rsquo;aide des clips fournis. Placez la mousse lat\u00e9rale sur les montants ext\u00e9rieurs et fixez-la au mur.<\/li>\n<li>Fermez l&rsquo;espace en reliant plusieurs modules. Vous pouvez ainsi facilement adapter la cloison en tissu \u00e0 n&rsquo;importe quel espace.<\/li>\n<\/ul>\n","protected":false},"excerpt":{"rendered":"<h2>Non-tiss\u00e9 de protection autoadh\u00e9sif<\/h2>\n","protected":false},"featured_media":140257,"menu_order":9,"template":"","meta":{"generate_page_header":""},"product_brand":[],"product_cat":[4370],"product_tag":[],"class_list":{"0":"post-140102","1":"product","2":"type-product","3":"status-publish","4":"has-post-thumbnail","6":"product_cat-systemes-anti-poussiere-kits","7":"pa_breedte-0-65-fr","8":"pa_breedte-1-fr","9":"pa_breedte-2-fr","10":"pa_eenheid-m-fr","11":"pa_foliedikte-40-fr","12":"pa_frame-0-fr","13":"pa_lengte-25-fr","14":"pa_lengte-50-fr","15":"pa_matten30-0-0x30-fr","16":"pa_merk-primacover-fr","17":"pa_objecttypen-controle-de-la-poussiere","18":"","19":"woocommerce-text-align-center","20":"woocommerce-image-align-center","21":"do-quantity-buttons","23":"first","24":"instock","25":"shipping-taxable","26":"product-type-simple"},"yoast_head":"<!-- This site is optimized with the Yoast SEO Premium plugin v26.7 (Yoast SEO v27.3) - https:\/\/yoast.com\/product\/yoast-seo-premium-wordpress\/ -->\n<title>Non-tiss\u00e9 de protection PrimaCover Standard<\/title>\n<meta name=\"description\" content=\"PrimaCover Standard est un non-tiss\u00e9 de protection, qui offre une remarquable r\u00e9sistance \u00e0 la salet\u00e9, \u00e0 l\u2019humidit\u00e9, aux roulettes et aux chutes d\u2019outils pendant la phase de construction. Convient pour les surfaces s\u00e8ches.\" \/>\n<meta name=\"robots\" content=\"index, follow, max-snippet:-1, max-image-preview:large, max-video-preview:-1\" \/>\n<link rel=\"canonical\" href=\"https:\/\/primacover.com\/fr\/product\/primacover-starter-kit\/\" \/>\n<meta property=\"og:locale\" content=\"fr_FR\" \/>\n<meta property=\"og:type\" content=\"article\" \/>\n<meta property=\"og:title\" content=\"PrimaCover Starter Kit\" \/>\n<meta property=\"og:description\" content=\"PrimaCover Standard est un non-tiss\u00e9 de protection, qui offre une remarquable r\u00e9sistance \u00e0 la salet\u00e9, \u00e0 l\u2019humidit\u00e9, aux roulettes et aux chutes d\u2019outils pendant la phase de construction. Convient pour les surfaces s\u00e8ches.\" \/>\n<meta property=\"og:url\" content=\"https:\/\/primacover.com\/fr\/product\/primacover-starter-kit\/\" \/>\n<meta property=\"og:site_name\" content=\"PrimaCover\" \/>\n<meta property=\"article:publisher\" content=\"https:\/\/www.facebook.com\/PrimaverdeBV\" \/>\n<meta property=\"article:modified_time\" content=\"2026-04-03T09:49:03+00:00\" \/>\n<meta property=\"og:image\" content=\"https:\/\/primacover.com\/wp-content\/uploads\/2025\/09\/Illustratie-STARTER-KIT_Tekengebied-1-scaled.png\" \/>\n\t<meta property=\"og:image:width\" content=\"2560\" \/>\n\t<meta property=\"og:image:height\" content=\"1810\" \/>\n\t<meta property=\"og:image:type\" content=\"image\/png\" \/>\n<meta name=\"twitter:card\" content=\"summary_large_image\" \/>\n<meta name=\"twitter:label1\" content=\"Prix\" \/>\n\t<meta name=\"twitter:data1\" content=\"\" \/>\n\t<meta name=\"twitter:label2\" content=\"Disponibilit\u00e9\" \/>\n\t<meta name=\"twitter:data2\" content=\"En stock\" \/>\n<script type=\"application\/ld+json\" class=\"yoast-schema-graph\">{\"@context\":\"https:\\\/\\\/schema.org\",\"@graph\":[{\"@type\":\"WebPage\",\"@id\":\"https:\\\/\\\/primacover.com\\\/fr\\\/product\\\/primacover-starter-kit\\\/\",\"url\":\"https:\\\/\\\/primacover.com\\\/fr\\\/product\\\/primacover-starter-kit\\\/\",\"name\":\"Non-tiss\u00e9 de protection PrimaCover Standard\",\"isPartOf\":{\"@id\":\"https:\\\/\\\/primacover.com\\\/fr\\\/#website\"},\"primaryImageOfPage\":{\"@id\":\"https:\\\/\\\/primacover.com\\\/fr\\\/product\\\/primacover-starter-kit\\\/#primaryimage\"},\"image\":{\"@id\":\"https:\\\/\\\/primacover.com\\\/fr\\\/product\\\/primacover-starter-kit\\\/#primaryimage\"},\"thumbnailUrl\":\"https:\\\/\\\/primacover.com\\\/wp-content\\\/uploads\\\/2025\\\/09\\\/Illustratie-STARTER-KIT_Tekengebied-1-scaled.png\",\"datePublished\":\"2025-09-02T13:58:07+00:00\",\"dateModified\":\"2026-04-03T09:49:03+00:00\",\"description\":\"PrimaCover Standard est un non-tiss\u00e9 de protection, qui offre une remarquable r\u00e9sistance \u00e0 la salet\u00e9, \u00e0 l\u2019humidit\u00e9, aux roulettes et aux chutes d\u2019outils pendant la phase de construction. Convient pour les surfaces s\u00e8ches.\",\"breadcrumb\":{\"@id\":\"https:\\\/\\\/primacover.com\\\/fr\\\/product\\\/primacover-starter-kit\\\/#breadcrumb\"},\"inLanguage\":\"fr-FR\",\"potentialAction\":[{\"@type\":\"ReadAction\",\"target\":[\"https:\\\/\\\/primacover.com\\\/fr\\\/product\\\/primacover-starter-kit\\\/\"]}]},{\"@type\":\"ImageObject\",\"inLanguage\":\"fr-FR\",\"@id\":\"https:\\\/\\\/primacover.com\\\/fr\\\/product\\\/primacover-starter-kit\\\/#primaryimage\",\"url\":\"https:\\\/\\\/primacover.com\\\/wp-content\\\/uploads\\\/2025\\\/09\\\/Illustratie-STARTER-KIT_Tekengebied-1-scaled.png\",\"contentUrl\":\"https:\\\/\\\/primacover.com\\\/wp-content\\\/uploads\\\/2025\\\/09\\\/Illustratie-STARTER-KIT_Tekengebied-1-scaled.png\",\"width\":2560,\"height\":1810},{\"@type\":\"BreadcrumbList\",\"@id\":\"https:\\\/\\\/primacover.com\\\/fr\\\/product\\\/primacover-starter-kit\\\/#breadcrumb\",\"itemListElement\":[{\"@type\":\"ListItem\",\"position\":1,\"name\":\"Home\",\"item\":\"https:\\\/\\\/primacover.com\\\/fr\\\/\"},{\"@type\":\"ListItem\",\"position\":2,\"name\":\"Produits\",\"item\":\"https:\\\/\\\/primacover.com\\\/fr\\\/produits\\\/\"},{\"@type\":\"ListItem\",\"position\":3,\"name\":\"PrimaCover Starter Kit\"}]},{\"@type\":\"WebSite\",\"@id\":\"https:\\\/\\\/primacover.com\\\/fr\\\/#website\",\"url\":\"https:\\\/\\\/primacover.com\\\/fr\\\/\",\"name\":\"PrimaCover\",\"description\":\"afdekvlies-afdekfolie-stofdeuren, coveringmaterials-dustdoors\",\"publisher\":{\"@id\":\"https:\\\/\\\/primacover.com\\\/fr\\\/#organization\"},\"potentialAction\":[{\"@type\":\"SearchAction\",\"target\":{\"@type\":\"EntryPoint\",\"urlTemplate\":\"https:\\\/\\\/primacover.com\\\/fr\\\/?s={search_term_string}\"},\"query-input\":{\"@type\":\"PropertyValueSpecification\",\"valueRequired\":true,\"valueName\":\"search_term_string\"}}],\"inLanguage\":\"fr-FR\"},{\"@type\":\"Organization\",\"@id\":\"https:\\\/\\\/primacover.com\\\/fr\\\/#organization\",\"name\":\"PrimaCover\",\"url\":\"https:\\\/\\\/primacover.com\\\/fr\\\/\",\"logo\":{\"@type\":\"ImageObject\",\"inLanguage\":\"fr-FR\",\"@id\":\"https:\\\/\\\/primacover.com\\\/fr\\\/#\\\/schema\\\/logo\\\/image\\\/\",\"url\":\"\",\"contentUrl\":\"\",\"caption\":\"PrimaCover\"},\"image\":{\"@id\":\"https:\\\/\\\/primacover.com\\\/fr\\\/#\\\/schema\\\/logo\\\/image\\\/\"},\"sameAs\":[\"https:\\\/\\\/www.facebook.com\\\/PrimaverdeBV\",\"https:\\\/\\\/nl.linkedin.com\\\/company\\\/primaverde\",\"https:\\\/\\\/www.youtube.com\\\/channel\\\/UC3DwQqj8f8tatLdSFA0aWwA\"]}]}<\/script>\n<meta property=\"product:brand\" content=\"PrimaCover\" \/>\n<meta property=\"product:price:currency\" content=\"EUR\" \/>\n<meta property=\"og:availability\" content=\"instock\" \/>\n<meta property=\"product:availability\" content=\"instock\" \/>\n<meta property=\"product:condition\" content=\"new\" \/>\n<!-- \/ Yoast SEO Premium plugin. -->","yoast_head_json":{"title":"Non-tiss\u00e9 de protection PrimaCover Standard","description":"PrimaCover Standard est un non-tiss\u00e9 de protection, qui offre une remarquable r\u00e9sistance \u00e0 la salet\u00e9, \u00e0 l\u2019humidit\u00e9, aux roulettes et aux chutes d\u2019outils pendant la phase de construction. Convient pour les surfaces s\u00e8ches.","robots":{"index":"index","follow":"follow","max-snippet":"max-snippet:-1","max-image-preview":"max-image-preview:large","max-video-preview":"max-video-preview:-1"},"canonical":"https:\/\/primacover.com\/fr\/product\/primacover-starter-kit\/","og_locale":"fr_FR","og_type":"article","og_title":"PrimaCover Starter Kit","og_description":"PrimaCover Standard est un non-tiss\u00e9 de protection, qui offre une remarquable r\u00e9sistance \u00e0 la salet\u00e9, \u00e0 l\u2019humidit\u00e9, aux roulettes et aux chutes d\u2019outils pendant la phase de construction. Convient pour les surfaces s\u00e8ches.","og_url":"https:\/\/primacover.com\/fr\/product\/primacover-starter-kit\/","og_site_name":"PrimaCover","article_publisher":"https:\/\/www.facebook.com\/PrimaverdeBV","article_modified_time":"2026-04-03T09:49:03+00:00","og_image":[{"width":2560,"height":1810,"url":"https:\/\/primacover.com\/wp-content\/uploads\/2025\/09\/Illustratie-STARTER-KIT_Tekengebied-1-scaled.png","type":"image\/png"}],"twitter_card":"summary_large_image","twitter_misc":{"Prix":"","Disponibilit\u00e9":"En stock"},"schema":{"@context":"https:\/\/schema.org","@graph":[{"@type":"WebPage","@id":"https:\/\/primacover.com\/fr\/product\/primacover-starter-kit\/","url":"https:\/\/primacover.com\/fr\/product\/primacover-starter-kit\/","name":"Non-tiss\u00e9 de protection PrimaCover Standard","isPartOf":{"@id":"https:\/\/primacover.com\/fr\/#website"},"primaryImageOfPage":{"@id":"https:\/\/primacover.com\/fr\/product\/primacover-starter-kit\/#primaryimage"},"image":{"@id":"https:\/\/primacover.com\/fr\/product\/primacover-starter-kit\/#primaryimage"},"thumbnailUrl":"https:\/\/primacover.com\/wp-content\/uploads\/2025\/09\/Illustratie-STARTER-KIT_Tekengebied-1-scaled.png","datePublished":"2025-09-02T13:58:07+00:00","dateModified":"2026-04-03T09:49:03+00:00","description":"PrimaCover Standard est un non-tiss\u00e9 de protection, qui offre une remarquable r\u00e9sistance \u00e0 la salet\u00e9, \u00e0 l\u2019humidit\u00e9, aux roulettes et aux chutes d\u2019outils pendant la phase de construction. Convient pour les surfaces s\u00e8ches.","breadcrumb":{"@id":"https:\/\/primacover.com\/fr\/product\/primacover-starter-kit\/#breadcrumb"},"inLanguage":"fr-FR","potentialAction":[{"@type":"ReadAction","target":["https:\/\/primacover.com\/fr\/product\/primacover-starter-kit\/"]}]},{"@type":"ImageObject","inLanguage":"fr-FR","@id":"https:\/\/primacover.com\/fr\/product\/primacover-starter-kit\/#primaryimage","url":"https:\/\/primacover.com\/wp-content\/uploads\/2025\/09\/Illustratie-STARTER-KIT_Tekengebied-1-scaled.png","contentUrl":"https:\/\/primacover.com\/wp-content\/uploads\/2025\/09\/Illustratie-STARTER-KIT_Tekengebied-1-scaled.png","width":2560,"height":1810},{"@type":"BreadcrumbList","@id":"https:\/\/primacover.com\/fr\/product\/primacover-starter-kit\/#breadcrumb","itemListElement":[{"@type":"ListItem","position":1,"name":"Home","item":"https:\/\/primacover.com\/fr\/"},{"@type":"ListItem","position":2,"name":"Produits","item":"https:\/\/primacover.com\/fr\/produits\/"},{"@type":"ListItem","position":3,"name":"PrimaCover Starter Kit"}]},{"@type":"WebSite","@id":"https:\/\/primacover.com\/fr\/#website","url":"https:\/\/primacover.com\/fr\/","name":"PrimaCover","description":"afdekvlies-afdekfolie-stofdeuren, coveringmaterials-dustdoors","publisher":{"@id":"https:\/\/primacover.com\/fr\/#organization"},"potentialAction":[{"@type":"SearchAction","target":{"@type":"EntryPoint","urlTemplate":"https:\/\/primacover.com\/fr\/?s={search_term_string}"},"query-input":{"@type":"PropertyValueSpecification","valueRequired":true,"valueName":"search_term_string"}}],"inLanguage":"fr-FR"},{"@type":"Organization","@id":"https:\/\/primacover.com\/fr\/#organization","name":"PrimaCover","url":"https:\/\/primacover.com\/fr\/","logo":{"@type":"ImageObject","inLanguage":"fr-FR","@id":"https:\/\/primacover.com\/fr\/#\/schema\/logo\/image\/","url":"","contentUrl":"","caption":"PrimaCover"},"image":{"@id":"https:\/\/primacover.com\/fr\/#\/schema\/logo\/image\/"},"sameAs":["https:\/\/www.facebook.com\/PrimaverdeBV","https:\/\/nl.linkedin.com\/company\/primaverde","https:\/\/www.youtube.com\/channel\/UC3DwQqj8f8tatLdSFA0aWwA"]}]},"product_brand":"PrimaCover","product_price_currency":"EUR","og_availability":"instock","product_availability":"instock","product_condition":"new"},"_links":{"self":[{"href":"https:\/\/primacover.com\/fr\/wp-json\/wp\/v2\/product\/140102","targetHints":{"allow":["GET"]}}],"collection":[{"href":"https:\/\/primacover.com\/fr\/wp-json\/wp\/v2\/product"}],"about":[{"href":"https:\/\/primacover.com\/fr\/wp-json\/wp\/v2\/types\/product"}],"wp:featuredmedia":[{"embeddable":true,"href":"https:\/\/primacover.com\/fr\/wp-json\/wp\/v2\/media\/140257"}],"wp:attachment":[{"href":"https:\/\/primacover.com\/fr\/wp-json\/wp\/v2\/media?parent=140102"}],"wp:term":[{"taxonomy":"product_brand","embeddable":true,"href":"https:\/\/primacover.com\/fr\/wp-json\/wp\/v2\/product_brand?post=140102"},{"taxonomy":"product_cat","embeddable":true,"href":"https:\/\/primacover.com\/fr\/wp-json\/wp\/v2\/product_cat?post=140102"},{"taxonomy":"product_tag","embeddable":true,"href":"https:\/\/primacover.com\/fr\/wp-json\/wp\/v2\/product_tag?post=140102"}],"curies":[{"name":"wp","href":"https:\/\/api.w.org\/{rel}","templated":true}]}}