{"id":141767,"date":"2026-02-12T16:09:54","date_gmt":"2026-02-12T15:09:54","guid":{"rendered":"https:\/\/primacover.com\/?post_type=product&#038;p=141767"},"modified":"2026-04-23T08:59:40","modified_gmt":"2026-04-23T06:59:40","slug":"primacover-glass-xt","status":"publish","type":"product","link":"https:\/\/primacover.com\/fr\/product\/primacover-glass-xt\/","title":{"rendered":"PrimaCover Glass XT"},"content":{"rendered":"<h2>Film protecteur jusqu&rsquo;\u00e0 12 mois, \u00e0 l&rsquo;int\u00e9rieur et \u00e0 l&rsquo;ext\u00e9rieur<\/h2>\n<p>Primacover Glass XT est la solution pour prot\u00e9ger durablement les surfaces vitr\u00e9es et les ch\u00e2ssis pendant les travaux de construction, de r\u00e9novation et d&rsquo;entretien. Ce film protecteur r\u00e9sistant offre la m\u00eame qualit\u00e9 sup\u00e9rieure que Primacover Glass, mais a \u00e9t\u00e9 sp\u00e9cialement d\u00e9velopp\u00e9 pour les projets n\u00e9cessitant une protection pouvant aller jusqu&rsquo;\u00e0 12 mois.<\/p>\n<p><strong>Propri\u00e9t\u00e9s:<\/strong><\/p>\n<ul>\n<li>\u00c9paisseur\u00a050\u00b5m<\/li>\n<li>Auto-adh\u00e9sif<\/li>\n<li>Facile \u00e0 mettre en \u0153uvre<\/li>\n<li>Translucide<\/li>\n<li>R\u00e9sistant aux UV<\/li>\n<li>Peut s\u2019utiliser pendant 12 mois<\/li>\n<li>S\u2019\u00e9limine sans laisser de r\u00e9sidus<\/li>\n<\/ul>\n<p><strong>Utilisation:<\/strong><\/p>\n<ul>\n<li>Sp\u00e9cialement con\u00e7u pour le verre et ch\u00e2ssis.<\/li>\n<li>Utilisation int\u00e9rieure et ext\u00e9rieure.<\/li>\n<\/ul>\n<p><strong>Instructions:<\/strong><\/p>\n<ul>\n<li>Tester au pr\u00e9alable l\u2019aptitude du produit.<\/li>\n<\/ul>\n","protected":false},"excerpt":{"rendered":"<h2>Film de protection autocollant pour verre<\/h2>\n","protected":false},"featured_media":142169,"menu_order":32,"template":"","meta":{"generate_page_header":""},"product_brand":[],"product_cat":[452],"product_tag":[3123,4035],"class_list":{"0":"post-141767","1":"product","2":"type-product","3":"status-publish","4":"has-post-thumbnail","6":"product_cat-film-protecteur","7":"product_tag-autoadhesif","8":"product_tag-existant-et-parfaitement-sechesne-contient-pas-dhumidite-fr","9":"pa_breedte-0-25-fr","10":"pa_breedte-0-5-fr","11":"pa_breedte-1-fr","12":"pa_eenheid-m-fr","13":"pa_foliedikte-50-fr","14":"pa_frame-0-fr","15":"pa_lengte-100-fr","16":"pa_matten30-0-0x30-fr","17":"pa_merk-primacover-fr","18":"pa_objecttypen-fenetre","19":"pa_ondergrond-plastique","20":"pa_ondergrond-verre","21":"","22":"woocommerce-text-align-center","23":"woocommerce-image-align-center","24":"do-quantity-buttons","26":"first","27":"instock","28":"shipping-taxable","29":"product-type-simple"},"yoast_head":"<!-- This site is optimized with the Yoast SEO Premium plugin v27.4 (Yoast SEO v27.4) - https:\/\/yoast.com\/product\/yoast-seo-premium-wordpress\/ -->\n<title>Film protecteur PrimaCover Glass<\/title>\n<meta name=\"description\" content=\"PrimaCover Glass est une film de protection translucide pour fen\u00eatres et vitres. Cette film en poly\u00e9thyl\u00e8ne bleu offre une excellente protection lors de nombreux travaux, comme les travaux de construction, d\u2019assainissement, de plafonnage ou de peinture. Film sp\u00e9ciale avec couche collante r\u00e9sistante aux UV. Peut \u00eatre pos\u00e9e aussi bien sur la face ext\u00e9rieure que sur la face int\u00e9rieure.\" \/>\n<meta name=\"robots\" content=\"index, follow, max-snippet:-1, max-image-preview:large, max-video-preview:-1\" \/>\n<link rel=\"canonical\" href=\"https:\/\/primacover.com\/fr\/product\/primacover-glass-xt\/\" \/>\n<meta property=\"og:locale\" content=\"fr_FR\" \/>\n<meta property=\"og:type\" content=\"article\" \/>\n<meta property=\"og:title\" content=\"PrimaCover Glass XT\" \/>\n<meta property=\"og:description\" content=\"PrimaCover Glass est une film de protection translucide pour fen\u00eatres et vitres. Cette film en poly\u00e9thyl\u00e8ne bleu offre une excellente protection lors de nombreux travaux, comme les travaux de construction, d\u2019assainissement, de plafonnage ou de peinture. Film sp\u00e9ciale avec couche collante r\u00e9sistante aux UV. Peut \u00eatre pos\u00e9e aussi bien sur la face ext\u00e9rieure que sur la face int\u00e9rieure.\" \/>\n<meta property=\"og:url\" content=\"https:\/\/primacover.com\/fr\/product\/primacover-glass-xt\/\" \/>\n<meta property=\"og:site_name\" content=\"PrimaCover\" \/>\n<meta property=\"article:publisher\" content=\"https:\/\/www.facebook.com\/PrimaverdeBV\" \/>\n<meta property=\"article:modified_time\" content=\"2026-04-23T06:59:40+00:00\" \/>\n<meta property=\"og:image\" content=\"https:\/\/primacover.com\/wp-content\/uploads\/2026\/02\/GlassXT_P0NZ_s01-scaled.jpg\" \/>\n\t<meta property=\"og:image:width\" content=\"2560\" \/>\n\t<meta property=\"og:image:height\" content=\"2560\" \/>\n\t<meta property=\"og:image:type\" content=\"image\/jpeg\" \/>\n<meta name=\"twitter:card\" content=\"summary_large_image\" \/>\n<meta name=\"twitter:label1\" content=\"Prix\" \/>\n\t<meta name=\"twitter:data1\" content=\"\" \/>\n\t<meta name=\"twitter:label2\" content=\"Disponibilit\u00e9\" \/>\n\t<meta name=\"twitter:data2\" content=\"En stock\" \/>\n<script type=\"application\/ld+json\" class=\"yoast-schema-graph\">{\"@context\":\"https:\\\/\\\/schema.org\",\"@graph\":[{\"@type\":\"WebPage\",\"@id\":\"https:\\\/\\\/primacover.com\\\/fr\\\/product\\\/primacover-glass-xt\\\/\",\"url\":\"https:\\\/\\\/primacover.com\\\/fr\\\/product\\\/primacover-glass-xt\\\/\",\"name\":\"Film protecteur PrimaCover Glass\",\"isPartOf\":{\"@id\":\"https:\\\/\\\/primacover.com\\\/fr\\\/#website\"},\"primaryImageOfPage\":{\"@id\":\"https:\\\/\\\/primacover.com\\\/fr\\\/product\\\/primacover-glass-xt\\\/#primaryimage\"},\"image\":{\"@id\":\"https:\\\/\\\/primacover.com\\\/fr\\\/product\\\/primacover-glass-xt\\\/#primaryimage\"},\"thumbnailUrl\":\"https:\\\/\\\/primacover.com\\\/wp-content\\\/uploads\\\/2026\\\/02\\\/GlassXT_P0NZ_s01-scaled.jpg\",\"datePublished\":\"2026-02-12T15:09:54+00:00\",\"dateModified\":\"2026-04-23T06:59:40+00:00\",\"description\":\"PrimaCover Glass est une film de protection translucide pour fen\u00eatres et vitres. Cette film en poly\u00e9thyl\u00e8ne bleu offre une excellente protection lors de nombreux travaux, comme les travaux de construction, d\u2019assainissement, de plafonnage ou de peinture. Film sp\u00e9ciale avec couche collante r\u00e9sistante aux UV. Peut \u00eatre pos\u00e9e aussi bien sur la face ext\u00e9rieure que sur la face int\u00e9rieure.\",\"breadcrumb\":{\"@id\":\"https:\\\/\\\/primacover.com\\\/fr\\\/product\\\/primacover-glass-xt\\\/#breadcrumb\"},\"inLanguage\":\"fr-FR\",\"potentialAction\":[{\"@type\":\"ReadAction\",\"target\":[\"https:\\\/\\\/primacover.com\\\/fr\\\/product\\\/primacover-glass-xt\\\/\"]}]},{\"@type\":\"ImageObject\",\"inLanguage\":\"fr-FR\",\"@id\":\"https:\\\/\\\/primacover.com\\\/fr\\\/product\\\/primacover-glass-xt\\\/#primaryimage\",\"url\":\"https:\\\/\\\/primacover.com\\\/wp-content\\\/uploads\\\/2026\\\/02\\\/GlassXT_P0NZ_s01-scaled.jpg\",\"contentUrl\":\"https:\\\/\\\/primacover.com\\\/wp-content\\\/uploads\\\/2026\\\/02\\\/GlassXT_P0NZ_s01-scaled.jpg\",\"width\":2560,\"height\":2560},{\"@type\":\"BreadcrumbList\",\"@id\":\"https:\\\/\\\/primacover.com\\\/fr\\\/product\\\/primacover-glass-xt\\\/#breadcrumb\",\"itemListElement\":[{\"@type\":\"ListItem\",\"position\":1,\"name\":\"Home\",\"item\":\"https:\\\/\\\/primacover.com\\\/fr\\\/\"},{\"@type\":\"ListItem\",\"position\":2,\"name\":\"Produits\",\"item\":\"https:\\\/\\\/primacover.com\\\/fr\\\/produits\\\/\"},{\"@type\":\"ListItem\",\"position\":3,\"name\":\"PrimaCover Glass XT\"}]},{\"@type\":\"WebSite\",\"@id\":\"https:\\\/\\\/primacover.com\\\/fr\\\/#website\",\"url\":\"https:\\\/\\\/primacover.com\\\/fr\\\/\",\"name\":\"PrimaCover\",\"description\":\"afdekvlies-afdekfolie-stofdeuren, coveringmaterials-dustdoors\",\"publisher\":{\"@id\":\"https:\\\/\\\/primacover.com\\\/fr\\\/#organization\"},\"potentialAction\":[{\"@type\":\"SearchAction\",\"target\":{\"@type\":\"EntryPoint\",\"urlTemplate\":\"https:\\\/\\\/primacover.com\\\/fr\\\/?s={search_term_string}\"},\"query-input\":{\"@type\":\"PropertyValueSpecification\",\"valueRequired\":true,\"valueName\":\"search_term_string\"}}],\"inLanguage\":\"fr-FR\"},{\"@type\":\"Organization\",\"@id\":\"https:\\\/\\\/primacover.com\\\/fr\\\/#organization\",\"name\":\"PrimaCover\",\"url\":\"https:\\\/\\\/primacover.com\\\/fr\\\/\",\"logo\":{\"@type\":\"ImageObject\",\"inLanguage\":\"fr-FR\",\"@id\":\"https:\\\/\\\/primacover.com\\\/fr\\\/#\\\/schema\\\/logo\\\/image\\\/\",\"url\":\"\",\"contentUrl\":\"\",\"caption\":\"PrimaCover\"},\"image\":{\"@id\":\"https:\\\/\\\/primacover.com\\\/fr\\\/#\\\/schema\\\/logo\\\/image\\\/\"},\"sameAs\":[\"https:\\\/\\\/www.facebook.com\\\/PrimaverdeBV\",\"https:\\\/\\\/nl.linkedin.com\\\/company\\\/primaverde\",\"https:\\\/\\\/www.youtube.com\\\/channel\\\/UC3DwQqj8f8tatLdSFA0aWwA\"]}]}<\/script>\n<meta property=\"product:brand\" content=\"PrimaCover\" \/>\n<meta property=\"product:price:currency\" content=\"EUR\" \/>\n<meta property=\"og:availability\" content=\"instock\" \/>\n<meta property=\"product:availability\" content=\"instock\" \/>\n<meta property=\"product:retailer_item_id\" content=\"PC900701-1\" \/>\n<meta property=\"product:condition\" content=\"new\" \/>\n<!-- \/ Yoast SEO Premium plugin. -->","yoast_head_json":{"title":"Film protecteur PrimaCover Glass","description":"PrimaCover Glass est une film de protection translucide pour fen\u00eatres et vitres. Cette film en poly\u00e9thyl\u00e8ne bleu offre une excellente protection lors de nombreux travaux, comme les travaux de construction, d\u2019assainissement, de plafonnage ou de peinture. Film sp\u00e9ciale avec couche collante r\u00e9sistante aux UV. Peut \u00eatre pos\u00e9e aussi bien sur la face ext\u00e9rieure que sur la face int\u00e9rieure.","robots":{"index":"index","follow":"follow","max-snippet":"max-snippet:-1","max-image-preview":"max-image-preview:large","max-video-preview":"max-video-preview:-1"},"canonical":"https:\/\/primacover.com\/fr\/product\/primacover-glass-xt\/","og_locale":"fr_FR","og_type":"article","og_title":"PrimaCover Glass XT","og_description":"PrimaCover Glass est une film de protection translucide pour fen\u00eatres et vitres. Cette film en poly\u00e9thyl\u00e8ne bleu offre une excellente protection lors de nombreux travaux, comme les travaux de construction, d\u2019assainissement, de plafonnage ou de peinture. Film sp\u00e9ciale avec couche collante r\u00e9sistante aux UV. Peut \u00eatre pos\u00e9e aussi bien sur la face ext\u00e9rieure que sur la face int\u00e9rieure.","og_url":"https:\/\/primacover.com\/fr\/product\/primacover-glass-xt\/","og_site_name":"PrimaCover","article_publisher":"https:\/\/www.facebook.com\/PrimaverdeBV","article_modified_time":"2026-04-23T06:59:40+00:00","og_image":[{"width":2560,"height":2560,"url":"https:\/\/primacover.com\/wp-content\/uploads\/2026\/02\/GlassXT_P0NZ_s01-scaled.jpg","type":"image\/jpeg"}],"twitter_card":"summary_large_image","twitter_misc":{"Prix":"","Disponibilit\u00e9":"En stock"},"schema":{"@context":"https:\/\/schema.org","@graph":[{"@type":"WebPage","@id":"https:\/\/primacover.com\/fr\/product\/primacover-glass-xt\/","url":"https:\/\/primacover.com\/fr\/product\/primacover-glass-xt\/","name":"Film protecteur PrimaCover Glass","isPartOf":{"@id":"https:\/\/primacover.com\/fr\/#website"},"primaryImageOfPage":{"@id":"https:\/\/primacover.com\/fr\/product\/primacover-glass-xt\/#primaryimage"},"image":{"@id":"https:\/\/primacover.com\/fr\/product\/primacover-glass-xt\/#primaryimage"},"thumbnailUrl":"https:\/\/primacover.com\/wp-content\/uploads\/2026\/02\/GlassXT_P0NZ_s01-scaled.jpg","datePublished":"2026-02-12T15:09:54+00:00","dateModified":"2026-04-23T06:59:40+00:00","description":"PrimaCover Glass est une film de protection translucide pour fen\u00eatres et vitres. Cette film en poly\u00e9thyl\u00e8ne bleu offre une excellente protection lors de nombreux travaux, comme les travaux de construction, d\u2019assainissement, de plafonnage ou de peinture. Film sp\u00e9ciale avec couche collante r\u00e9sistante aux UV. Peut \u00eatre pos\u00e9e aussi bien sur la face ext\u00e9rieure que sur la face int\u00e9rieure.","breadcrumb":{"@id":"https:\/\/primacover.com\/fr\/product\/primacover-glass-xt\/#breadcrumb"},"inLanguage":"fr-FR","potentialAction":[{"@type":"ReadAction","target":["https:\/\/primacover.com\/fr\/product\/primacover-glass-xt\/"]}]},{"@type":"ImageObject","inLanguage":"fr-FR","@id":"https:\/\/primacover.com\/fr\/product\/primacover-glass-xt\/#primaryimage","url":"https:\/\/primacover.com\/wp-content\/uploads\/2026\/02\/GlassXT_P0NZ_s01-scaled.jpg","contentUrl":"https:\/\/primacover.com\/wp-content\/uploads\/2026\/02\/GlassXT_P0NZ_s01-scaled.jpg","width":2560,"height":2560},{"@type":"BreadcrumbList","@id":"https:\/\/primacover.com\/fr\/product\/primacover-glass-xt\/#breadcrumb","itemListElement":[{"@type":"ListItem","position":1,"name":"Home","item":"https:\/\/primacover.com\/fr\/"},{"@type":"ListItem","position":2,"name":"Produits","item":"https:\/\/primacover.com\/fr\/produits\/"},{"@type":"ListItem","position":3,"name":"PrimaCover Glass XT"}]},{"@type":"WebSite","@id":"https:\/\/primacover.com\/fr\/#website","url":"https:\/\/primacover.com\/fr\/","name":"PrimaCover","description":"afdekvlies-afdekfolie-stofdeuren, coveringmaterials-dustdoors","publisher":{"@id":"https:\/\/primacover.com\/fr\/#organization"},"potentialAction":[{"@type":"SearchAction","target":{"@type":"EntryPoint","urlTemplate":"https:\/\/primacover.com\/fr\/?s={search_term_string}"},"query-input":{"@type":"PropertyValueSpecification","valueRequired":true,"valueName":"search_term_string"}}],"inLanguage":"fr-FR"},{"@type":"Organization","@id":"https:\/\/primacover.com\/fr\/#organization","name":"PrimaCover","url":"https:\/\/primacover.com\/fr\/","logo":{"@type":"ImageObject","inLanguage":"fr-FR","@id":"https:\/\/primacover.com\/fr\/#\/schema\/logo\/image\/","url":"","contentUrl":"","caption":"PrimaCover"},"image":{"@id":"https:\/\/primacover.com\/fr\/#\/schema\/logo\/image\/"},"sameAs":["https:\/\/www.facebook.com\/PrimaverdeBV","https:\/\/nl.linkedin.com\/company\/primaverde","https:\/\/www.youtube.com\/channel\/UC3DwQqj8f8tatLdSFA0aWwA"]}]},"product_brand":"PrimaCover","product_price_currency":"EUR","og_availability":"instock","product_availability":"instock","product_retailer_item_id":"PC900701-1","product_condition":"new"},"_links":{"self":[{"href":"https:\/\/primacover.com\/fr\/wp-json\/wp\/v2\/product\/141767","targetHints":{"allow":["GET"]}}],"collection":[{"href":"https:\/\/primacover.com\/fr\/wp-json\/wp\/v2\/product"}],"about":[{"href":"https:\/\/primacover.com\/fr\/wp-json\/wp\/v2\/types\/product"}],"wp:featuredmedia":[{"embeddable":true,"href":"https:\/\/primacover.com\/fr\/wp-json\/wp\/v2\/media\/142169"}],"wp:attachment":[{"href":"https:\/\/primacover.com\/fr\/wp-json\/wp\/v2\/media?parent=141767"}],"wp:term":[{"taxonomy":"product_brand","embeddable":true,"href":"https:\/\/primacover.com\/fr\/wp-json\/wp\/v2\/product_brand?post=141767"},{"taxonomy":"product_cat","embeddable":true,"href":"https:\/\/primacover.com\/fr\/wp-json\/wp\/v2\/product_cat?post=141767"},{"taxonomy":"product_tag","embeddable":true,"href":"https:\/\/primacover.com\/fr\/wp-json\/wp\/v2\/product_tag?post=141767"}],"curies":[{"name":"wp","href":"https:\/\/api.w.org\/{rel}","templated":true}]}}