{"id":141774,"date":"2026-05-13T11:13:24","date_gmt":"2026-05-13T09:13:24","guid":{"rendered":"https:\/\/primacover.com\/?post_type=product&#038;p=141774"},"modified":"2026-05-13T15:24:18","modified_gmt":"2026-05-13T13:24:18","slug":"primacover-carpet-fr","status":"publish","type":"product","link":"https:\/\/primacover.com\/fr\/product\/primacover-carpet-fr\/","title":{"rendered":"PrimaCover Carpet FR"},"content":{"rendered":"<h2>Protection pour tapis\/moquettes ignifuge<\/h2>\n<p>PrimaCover Carpet FR est un film de protection r\u00e9sistant, autocollant et ignifuge, sp\u00e9cialement con\u00e7u pour recouvrir en toute s\u00e9curit\u00e9 les moquettes sur les sols et les escaliers. Le film adh\u00e8re parfaitement, prot\u00e8ge efficacement et s&rsquo;enl\u00e8ve facilement apr\u00e8s utilisation sans laisser de r\u00e9sidus de colle. Id\u00e9al pour les am\u00e9nagements de projets, les applications maritimes et les travaux de construction, de finition, de r\u00e9novation et de peinture o\u00f9 une s\u00e9curit\u00e9 incendie suppl\u00e9mentaire est requise.<\/p>\n<p><strong>Propri\u00e9t\u00e9s:<\/strong><\/p>\n<ul>\n<li>Ignifuge (norme EN 13501-1 Bfl s1)<\/li>\n<li>Auto-adh\u00e9sif<\/li>\n<li>Facile \u00e0 retirer, sans r\u00e9sidus<\/li>\n<li>\u00c9paisseur\u00a050\u00b5m<\/li>\n<li>Compatible avec le PrimaCover Film Dispenser<\/li>\n<li>Dimensions :<\/li>\n<li>62,5cm x 100m<\/li>\n<\/ul>\n<p><strong>Utilisation:<\/strong><\/p>\n<ul>\n<li>Sp\u00e9cialement con\u00e7u pour les rev\u00eatements textiles.<\/li>\n<li>Sur les sols et les escaliers.<\/li>\n<\/ul>\n<p><strong>Instructions:<\/strong><\/p>\n<ul>\n<li>Tester pr\u00e9alablement l\u2019ad\u00e9quation du produit.<\/li>\n<li>Arr\u00eater le chauffage par le sol avant utilisation.<\/li>\n<\/ul>\n","protected":false},"excerpt":{"rendered":"<h2>Film de protection autocollant pour tapis<\/h2>\n","protected":false},"featured_media":142214,"menu_order":30,"template":"","meta":{"generate_page_header":""},"product_brand":[],"product_cat":[452],"product_tag":[3123,4035],"class_list":{"0":"post-141774","1":"product","2":"type-product","3":"status-publish","4":"has-post-thumbnail","6":"product_cat-film-protecteur","7":"product_tag-autoadhesif","8":"product_tag-existant-et-parfaitement-sechesne-contient-pas-dhumidite-fr","9":"pa_breedte-0-625-fr","10":"pa_eenheid-m-fr","11":"pa_foliedikte-100-fr","12":"pa_foliedikte-50-fr","13":"pa_frame-0-fr","14":"pa_lengte-100-fr","15":"pa_matten30-0-0x30-fr","16":"pa_merk-primacover-fr","17":"pa_objecttypen-escaliers","18":"pa_objecttypen-sol","19":"pa_ondergrond-tapis-a-poils-longs","20":"pa_ondergrond-tapis-a-poils-ras","21":"","22":"woocommerce-text-align-center","23":"woocommerce-image-align-center","24":"do-quantity-buttons","26":"first","27":"instock","28":"shipping-taxable","29":"product-type-simple"},"yoast_head":"<!-- This site is optimized with the Yoast SEO Premium plugin v27.4 (Yoast SEO v27.6) - https:\/\/yoast.com\/product\/yoast-seo-premium-wordpress\/ -->\n<title>Film protecteur PrimaCover Carpet<\/title>\n<meta name=\"description\" content=\"PrimaCover Carpet est une film rigide, autocollant, \u00e9tanche \u00e0 l\u2019eau, pour une protection en toute s\u00e9curit\u00e9 des moquettes pos\u00e9es sur les sols et les escaliers lors de travaux d\u2019am\u00e9nagement, de construction, de transformation, d\u2019assainissement et de peinture. Peut \u00eatre simplement enlev\u00e9 sans laisse aucune trace de colle (jusqu\u2019\u00e0 4 semaines).\" \/>\n<meta name=\"robots\" content=\"index, follow, max-snippet:-1, max-image-preview:large, max-video-preview:-1\" \/>\n<link rel=\"canonical\" href=\"https:\/\/primacover.com\/fr\/product\/primacover-carpet-fr\/\" \/>\n<meta property=\"og:locale\" content=\"fr_FR\" \/>\n<meta property=\"og:type\" content=\"article\" \/>\n<meta property=\"og:title\" content=\"PrimaCover Carpet FR\" \/>\n<meta property=\"og:description\" content=\"PrimaCover Carpet est une film rigide, autocollant, \u00e9tanche \u00e0 l\u2019eau, pour une protection en toute s\u00e9curit\u00e9 des moquettes pos\u00e9es sur les sols et les escaliers lors de travaux d\u2019am\u00e9nagement, de construction, de transformation, d\u2019assainissement et de peinture. Peut \u00eatre simplement enlev\u00e9 sans laisse aucune trace de colle (jusqu\u2019\u00e0 4 semaines).\" \/>\n<meta property=\"og:url\" content=\"https:\/\/primacover.com\/fr\/product\/primacover-carpet-fr\/\" \/>\n<meta property=\"og:site_name\" content=\"PrimaCover\" \/>\n<meta property=\"article:publisher\" content=\"https:\/\/www.facebook.com\/PrimaverdeBV\" \/>\n<meta property=\"article:modified_time\" content=\"2026-05-13T13:24:18+00:00\" \/>\n<meta property=\"og:image\" content=\"https:\/\/primacover.com\/wp-content\/uploads\/2026\/02\/CarpetFR_P0NZ_s02-scaled.jpg\" \/>\n\t<meta property=\"og:image:width\" content=\"2560\" \/>\n\t<meta property=\"og:image:height\" content=\"2560\" \/>\n\t<meta property=\"og:image:type\" content=\"image\/jpeg\" \/>\n<meta name=\"twitter:card\" content=\"summary_large_image\" \/>\n<meta name=\"twitter:label1\" content=\"Prix\" \/>\n\t<meta name=\"twitter:data1\" content=\"\" \/>\n\t<meta name=\"twitter:label2\" content=\"Disponibilit\u00e9\" \/>\n\t<meta name=\"twitter:data2\" content=\"En stock\" \/>\n<script type=\"application\/ld+json\" class=\"yoast-schema-graph\">{\"@context\":\"https:\\\/\\\/schema.org\",\"@graph\":[{\"@type\":\"WebPage\",\"@id\":\"https:\\\/\\\/primacover.com\\\/fr\\\/product\\\/primacover-carpet-fr\\\/\",\"url\":\"https:\\\/\\\/primacover.com\\\/fr\\\/product\\\/primacover-carpet-fr\\\/\",\"name\":\"Film protecteur PrimaCover Carpet\",\"isPartOf\":{\"@id\":\"https:\\\/\\\/primacover.com\\\/fr\\\/#website\"},\"primaryImageOfPage\":{\"@id\":\"https:\\\/\\\/primacover.com\\\/fr\\\/product\\\/primacover-carpet-fr\\\/#primaryimage\"},\"image\":{\"@id\":\"https:\\\/\\\/primacover.com\\\/fr\\\/product\\\/primacover-carpet-fr\\\/#primaryimage\"},\"thumbnailUrl\":\"https:\\\/\\\/primacover.com\\\/wp-content\\\/uploads\\\/2026\\\/02\\\/CarpetFR_P0NZ_s02-scaled.jpg\",\"datePublished\":\"2026-05-13T09:13:24+00:00\",\"dateModified\":\"2026-05-13T13:24:18+00:00\",\"description\":\"PrimaCover Carpet est une film rigide, autocollant, \u00e9tanche \u00e0 l\u2019eau, pour une protection en toute s\u00e9curit\u00e9 des moquettes pos\u00e9es sur les sols et les escaliers lors de travaux d\u2019am\u00e9nagement, de construction, de transformation, d\u2019assainissement et de peinture. Peut \u00eatre simplement enlev\u00e9 sans laisse aucune trace de colle (jusqu\u2019\u00e0 4 semaines).\",\"breadcrumb\":{\"@id\":\"https:\\\/\\\/primacover.com\\\/fr\\\/product\\\/primacover-carpet-fr\\\/#breadcrumb\"},\"inLanguage\":\"fr-FR\",\"potentialAction\":[{\"@type\":\"ReadAction\",\"target\":[\"https:\\\/\\\/primacover.com\\\/fr\\\/product\\\/primacover-carpet-fr\\\/\"]}]},{\"@type\":\"ImageObject\",\"inLanguage\":\"fr-FR\",\"@id\":\"https:\\\/\\\/primacover.com\\\/fr\\\/product\\\/primacover-carpet-fr\\\/#primaryimage\",\"url\":\"https:\\\/\\\/primacover.com\\\/wp-content\\\/uploads\\\/2026\\\/02\\\/CarpetFR_P0NZ_s02-scaled.jpg\",\"contentUrl\":\"https:\\\/\\\/primacover.com\\\/wp-content\\\/uploads\\\/2026\\\/02\\\/CarpetFR_P0NZ_s02-scaled.jpg\",\"width\":2560,\"height\":2560},{\"@type\":\"BreadcrumbList\",\"@id\":\"https:\\\/\\\/primacover.com\\\/fr\\\/product\\\/primacover-carpet-fr\\\/#breadcrumb\",\"itemListElement\":[{\"@type\":\"ListItem\",\"position\":1,\"name\":\"Home\",\"item\":\"https:\\\/\\\/primacover.com\\\/fr\\\/\"},{\"@type\":\"ListItem\",\"position\":2,\"name\":\"Produits\",\"item\":\"https:\\\/\\\/primacover.com\\\/fr\\\/produits\\\/\"},{\"@type\":\"ListItem\",\"position\":3,\"name\":\"PrimaCover Carpet FR\"}]},{\"@type\":\"WebSite\",\"@id\":\"https:\\\/\\\/primacover.com\\\/fr\\\/#website\",\"url\":\"https:\\\/\\\/primacover.com\\\/fr\\\/\",\"name\":\"PrimaCover\",\"description\":\"afdekvlies-afdekfolie-stofdeuren, coveringmaterials-dustdoors\",\"publisher\":{\"@id\":\"https:\\\/\\\/primacover.com\\\/fr\\\/#organization\"},\"potentialAction\":[{\"@type\":\"SearchAction\",\"target\":{\"@type\":\"EntryPoint\",\"urlTemplate\":\"https:\\\/\\\/primacover.com\\\/fr\\\/?s={search_term_string}\"},\"query-input\":{\"@type\":\"PropertyValueSpecification\",\"valueRequired\":true,\"valueName\":\"search_term_string\"}}],\"inLanguage\":\"fr-FR\"},{\"@type\":\"Organization\",\"@id\":\"https:\\\/\\\/primacover.com\\\/fr\\\/#organization\",\"name\":\"PrimaCover\",\"url\":\"https:\\\/\\\/primacover.com\\\/fr\\\/\",\"logo\":{\"@type\":\"ImageObject\",\"inLanguage\":\"fr-FR\",\"@id\":\"https:\\\/\\\/primacover.com\\\/fr\\\/#\\\/schema\\\/logo\\\/image\\\/\",\"url\":\"\",\"contentUrl\":\"\",\"caption\":\"PrimaCover\"},\"image\":{\"@id\":\"https:\\\/\\\/primacover.com\\\/fr\\\/#\\\/schema\\\/logo\\\/image\\\/\"},\"sameAs\":[\"https:\\\/\\\/www.facebook.com\\\/PrimaverdeBV\",\"https:\\\/\\\/nl.linkedin.com\\\/company\\\/primaverde\",\"https:\\\/\\\/www.youtube.com\\\/channel\\\/UC3DwQqj8f8tatLdSFA0aWwA\"]}]}<\/script>\n<meta property=\"product:brand\" content=\"PrimaCover\" \/>\n<meta property=\"product:price:currency\" content=\"EUR\" \/>\n<meta property=\"og:availability\" content=\"instock\" \/>\n<meta property=\"product:availability\" content=\"instock\" \/>\n<meta property=\"product:condition\" content=\"new\" \/>\n<!-- \/ Yoast SEO Premium plugin. -->","yoast_head_json":{"title":"Film protecteur PrimaCover Carpet","description":"PrimaCover Carpet est une film rigide, autocollant, \u00e9tanche \u00e0 l\u2019eau, pour une protection en toute s\u00e9curit\u00e9 des moquettes pos\u00e9es sur les sols et les escaliers lors de travaux d\u2019am\u00e9nagement, de construction, de transformation, d\u2019assainissement et de peinture. Peut \u00eatre simplement enlev\u00e9 sans laisse aucune trace de colle (jusqu\u2019\u00e0 4 semaines).","robots":{"index":"index","follow":"follow","max-snippet":"max-snippet:-1","max-image-preview":"max-image-preview:large","max-video-preview":"max-video-preview:-1"},"canonical":"https:\/\/primacover.com\/fr\/product\/primacover-carpet-fr\/","og_locale":"fr_FR","og_type":"article","og_title":"PrimaCover Carpet FR","og_description":"PrimaCover Carpet est une film rigide, autocollant, \u00e9tanche \u00e0 l\u2019eau, pour une protection en toute s\u00e9curit\u00e9 des moquettes pos\u00e9es sur les sols et les escaliers lors de travaux d\u2019am\u00e9nagement, de construction, de transformation, d\u2019assainissement et de peinture. Peut \u00eatre simplement enlev\u00e9 sans laisse aucune trace de colle (jusqu\u2019\u00e0 4 semaines).","og_url":"https:\/\/primacover.com\/fr\/product\/primacover-carpet-fr\/","og_site_name":"PrimaCover","article_publisher":"https:\/\/www.facebook.com\/PrimaverdeBV","article_modified_time":"2026-05-13T13:24:18+00:00","og_image":[{"width":2560,"height":2560,"url":"https:\/\/primacover.com\/wp-content\/uploads\/2026\/02\/CarpetFR_P0NZ_s02-scaled.jpg","type":"image\/jpeg"}],"twitter_card":"summary_large_image","twitter_misc":{"Prix":"","Disponibilit\u00e9":"En stock"},"schema":{"@context":"https:\/\/schema.org","@graph":[{"@type":"WebPage","@id":"https:\/\/primacover.com\/fr\/product\/primacover-carpet-fr\/","url":"https:\/\/primacover.com\/fr\/product\/primacover-carpet-fr\/","name":"Film protecteur PrimaCover Carpet","isPartOf":{"@id":"https:\/\/primacover.com\/fr\/#website"},"primaryImageOfPage":{"@id":"https:\/\/primacover.com\/fr\/product\/primacover-carpet-fr\/#primaryimage"},"image":{"@id":"https:\/\/primacover.com\/fr\/product\/primacover-carpet-fr\/#primaryimage"},"thumbnailUrl":"https:\/\/primacover.com\/wp-content\/uploads\/2026\/02\/CarpetFR_P0NZ_s02-scaled.jpg","datePublished":"2026-05-13T09:13:24+00:00","dateModified":"2026-05-13T13:24:18+00:00","description":"PrimaCover Carpet est une film rigide, autocollant, \u00e9tanche \u00e0 l\u2019eau, pour une protection en toute s\u00e9curit\u00e9 des moquettes pos\u00e9es sur les sols et les escaliers lors de travaux d\u2019am\u00e9nagement, de construction, de transformation, d\u2019assainissement et de peinture. Peut \u00eatre simplement enlev\u00e9 sans laisse aucune trace de colle (jusqu\u2019\u00e0 4 semaines).","breadcrumb":{"@id":"https:\/\/primacover.com\/fr\/product\/primacover-carpet-fr\/#breadcrumb"},"inLanguage":"fr-FR","potentialAction":[{"@type":"ReadAction","target":["https:\/\/primacover.com\/fr\/product\/primacover-carpet-fr\/"]}]},{"@type":"ImageObject","inLanguage":"fr-FR","@id":"https:\/\/primacover.com\/fr\/product\/primacover-carpet-fr\/#primaryimage","url":"https:\/\/primacover.com\/wp-content\/uploads\/2026\/02\/CarpetFR_P0NZ_s02-scaled.jpg","contentUrl":"https:\/\/primacover.com\/wp-content\/uploads\/2026\/02\/CarpetFR_P0NZ_s02-scaled.jpg","width":2560,"height":2560},{"@type":"BreadcrumbList","@id":"https:\/\/primacover.com\/fr\/product\/primacover-carpet-fr\/#breadcrumb","itemListElement":[{"@type":"ListItem","position":1,"name":"Home","item":"https:\/\/primacover.com\/fr\/"},{"@type":"ListItem","position":2,"name":"Produits","item":"https:\/\/primacover.com\/fr\/produits\/"},{"@type":"ListItem","position":3,"name":"PrimaCover Carpet FR"}]},{"@type":"WebSite","@id":"https:\/\/primacover.com\/fr\/#website","url":"https:\/\/primacover.com\/fr\/","name":"PrimaCover","description":"afdekvlies-afdekfolie-stofdeuren, coveringmaterials-dustdoors","publisher":{"@id":"https:\/\/primacover.com\/fr\/#organization"},"potentialAction":[{"@type":"SearchAction","target":{"@type":"EntryPoint","urlTemplate":"https:\/\/primacover.com\/fr\/?s={search_term_string}"},"query-input":{"@type":"PropertyValueSpecification","valueRequired":true,"valueName":"search_term_string"}}],"inLanguage":"fr-FR"},{"@type":"Organization","@id":"https:\/\/primacover.com\/fr\/#organization","name":"PrimaCover","url":"https:\/\/primacover.com\/fr\/","logo":{"@type":"ImageObject","inLanguage":"fr-FR","@id":"https:\/\/primacover.com\/fr\/#\/schema\/logo\/image\/","url":"","contentUrl":"","caption":"PrimaCover"},"image":{"@id":"https:\/\/primacover.com\/fr\/#\/schema\/logo\/image\/"},"sameAs":["https:\/\/www.facebook.com\/PrimaverdeBV","https:\/\/nl.linkedin.com\/company\/primaverde","https:\/\/www.youtube.com\/channel\/UC3DwQqj8f8tatLdSFA0aWwA"]}]},"product_brand":"PrimaCover","product_price_currency":"EUR","og_availability":"instock","product_availability":"instock","product_condition":"new"},"_links":{"self":[{"href":"https:\/\/primacover.com\/fr\/wp-json\/wp\/v2\/product\/141774","targetHints":{"allow":["GET"]}}],"collection":[{"href":"https:\/\/primacover.com\/fr\/wp-json\/wp\/v2\/product"}],"about":[{"href":"https:\/\/primacover.com\/fr\/wp-json\/wp\/v2\/types\/product"}],"wp:featuredmedia":[{"embeddable":true,"href":"https:\/\/primacover.com\/fr\/wp-json\/wp\/v2\/media\/142214"}],"wp:attachment":[{"href":"https:\/\/primacover.com\/fr\/wp-json\/wp\/v2\/media?parent=141774"}],"wp:term":[{"taxonomy":"product_brand","embeddable":true,"href":"https:\/\/primacover.com\/fr\/wp-json\/wp\/v2\/product_brand?post=141774"},{"taxonomy":"product_cat","embeddable":true,"href":"https:\/\/primacover.com\/fr\/wp-json\/wp\/v2\/product_cat?post=141774"},{"taxonomy":"product_tag","embeddable":true,"href":"https:\/\/primacover.com\/fr\/wp-json\/wp\/v2\/product_tag?post=141774"}],"curies":[{"name":"wp","href":"https:\/\/api.w.org\/{rel}","templated":true}]}}