{"id":11476,"date":"2016-08-14T17:39:09","date_gmt":"2016-08-14T15:39:09","guid":{"rendered":"https:\/\/primacover.com\/home\/"},"modified":"2025-05-06T11:43:47","modified_gmt":"2025-05-06T09:43:47","slug":"primacover","status":"publish","type":"page","link":"https:\/\/primacover.com\/no\/","title":{"rendered":"PrimaCover"},"content":{"rendered":"\n<h1 class=\"wp-block-heading has-text-align-center\" id=\"h-rent-og-sikkert-arbeid-med-primacover\">RenT og sikkert arbeid med PrimaCover<\/h1>\n\n\n\n<h2 class=\"wp-block-heading has-text-align-center\" id=\"h-primacover-tildekkingsmaterialer-stovdorer-og-effektiv-tape\">PrimaCover tildekkingsmaterialer, st\u00f8vd\u00f8rer og effektiv tape<\/h2>\n\n\n\n<p><\/p>\n\n\n\n<div class=\"wp-block-columns is-layout-flex wp-container-core-columns-is-layout-9d6595d7 wp-block-columns-is-layout-flex\">\n<div class=\"wp-block-column is-layout-flow wp-block-column-is-layout-flow\">\n<h3 class=\"wp-block-heading\" id=\"h-primacover-sklisikker-tildekking\">PrimaCover sklisikker tildekking<\/h3>\n\n\n\n<p><strong>Nybygg, renovasjon og oppussingsarbeid b\u00f8r v\u00e6re rent og sikkert.<\/strong> <strong>Du b\u00f8r derfor beskytte gulv og andre overflater med produkter fra PrimaCover.<\/strong> <strong>Som for eksempel med PrimaCover sklisikkre tildekkingsmaterialer og st\u00f8vd\u00f8rer.<\/strong><\/p>\n\n\n\n<p>Sortimentet til PrimaCover innen tildekkingsmaterialer, beskyttelsesfolie, st\u00f8vd\u00f8rer og tape fortsetter \u00e5 vokse, fort. Vi leverer disse kvalitative beskyttelsesmaterialene gjennom profesjonelle akt\u00f8rer innen byggvarehandel, malingsforretninger, renovasjons bransjen, VVS, murmestere og EL-grossister. Du kan v\u00e6re trygg p\u00e5 at tjenesten v\u00e5r, med tanke p\u00e5 v\u00e5r kunnskap og erfaring, ikke stopper ved \u00e5 kun levere produktene. V\u00e5re forhandlere &#8211; og dermed ogs\u00e5 sluttkundene &#8211; kan stole p\u00e5 solid st\u00f8tte fra v\u00e5re r\u00e5dgivere som kan forklare mange praktiske bruksomr\u00e5der for PrimaCover-produktene.<\/p>\n<\/div>\n\n\n\n<div class=\"wp-block-column is-layout-flow wp-block-column-is-layout-flow\">\n<h3 class=\"wp-block-heading\" id=\"h-fordelene-med-primacover\">Fordelene med PrimaCover<\/h3>\n\n\n\n<ul class=\"wp-block-list\">\n<li>Sikker beskyttelse av gulv, trapper og rom<\/li>\n\n\n\n<li>Unng\u00e5r un\u00f8dvendig p\u00e5kost og diskusjoner<\/li>\n\n\n\n<li>Produktutvikling drevet av kundefordeler<\/li>\n\n\n\n<li>Kvalitetsvare som er grundig testet<\/li>\n\n\n\n<li>Profesjonelt utseende<\/li>\n<\/ul>\n<\/div>\n\n\n\n<div class=\"wp-block-column is-layout-flow wp-block-column-is-layout-flow\">\n<figure class=\"wp-block-embed is-type-video is-provider-youtube wp-block-embed-youtube wp-embed-aspect-16-9 wp-has-aspect-ratio\"><div class=\"wp-block-embed__wrapper\">\n<iframe loading=\"lazy\" title=\"PrimaCover Standard Norsk\" width=\"1200\" height=\"675\" src=\"https:\/\/www.youtube.com\/embed\/XVQWZ78DzGs?list=PL92dR3zM1kDiqbPI_zmzTrYLDfsjR2Ad4\" frameborder=\"0\" allow=\"accelerometer; autoplay; clipboard-write; encrypted-media; gyroscope; picture-in-picture; web-share\" allowfullscreen><\/iframe>\n<\/div><\/figure>\n<\/div>\n<\/div>\n\n\n\n<div class=\"wp-block-columns has-base-background-color has-background is-layout-flex wp-container-core-columns-is-layout-9d6595d7 wp-block-columns-is-layout-flex\">\n<div class=\"wp-block-column is-layout-flow wp-block-column-is-layout-flow\">\n<h3 class=\"wp-block-heading\" id=\"h-primacover-product-oversikt\">PrimaCover product oversikt<\/h3>\n\n\n\n<p>Here i denne digitale brosyren finner du full oversikt over alle v\u00e5re dekkfilt og dekkfolie produkter.<\/p>\n\n\n\n<p><a data-type=\"page\" data-id=\"11699\" href=\"https:\/\/primacover.com\/no\/produkter\/\">Naar de Last den ned n\u00e5, kun et klikk unna! \u2026&gt;<\/a><\/p>\n\n\n\n<p><a href=\"https:\/\/primacover.com\/datasheets\/PC_Drieluik_NO_DIG_v03.pdf\">Last ned brosjyre<\/a> \u2026><\/p>\n<\/div>\n\n\n\n<div class=\"wp-block-column is-layout-flow wp-block-column-is-layout-flow\">\n<figure class=\"wp-block-image size-full\"><a href=\"https:\/\/primacover.com\/datasheets\/PC_Drieluik_NO_DIG_v03.pdf\"><img loading=\"lazy\" decoding=\"async\" width=\"600\" height=\"600\" src=\"https:\/\/primacover.com\/wp-content\/uploads\/2016\/08\/PrimaCover_promoblock_METR-1.png\" alt=\"PrimaCover Brochure NO\" class=\"wp-image-16052\" srcset=\"https:\/\/primacover.com\/wp-content\/uploads\/2016\/08\/PrimaCover_promoblock_METR-1.png 600w, https:\/\/primacover.com\/wp-content\/uploads\/2016\/08\/PrimaCover_promoblock_METR-1-300x300.png 300w, https:\/\/primacover.com\/wp-content\/uploads\/2016\/08\/PrimaCover_promoblock_METR-1-150x150.png 150w, https:\/\/primacover.com\/wp-content\/uploads\/2016\/08\/PrimaCover_promoblock_METR-1-100x100.png 100w\" sizes=\"auto, (max-width: 600px) 100vw, 600px\" \/><\/a><\/figure>\n<\/div>\n\n\n\n<div class=\"wp-block-column is-layout-flow wp-block-column-is-layout-flow\">\n<h3 class=\"wp-block-heading has-contrast-2-color has-text-color\" id=\"h-primacover-stovdorer\">PrimaCover St\u00f8vd\u00f8rer<\/h3>\n\n\n\n<p class=\"has-contrast-2-color has-text-color\"> Kjenner du PrimaCover St\u00f8vd\u00f8rer? <\/p>\n\n\n\n<p class=\"has-contrast-2-color has-text-color\">De kommer i to forkskjellige varianter: PrimaCover Zipper er et sett med to separate l\u00f8se selvklebende glidel\u00e5ser. Og PrimaCover Zipper Door A , er en st\u00f8vd\u00f8r med \u00e5pning p\u00e5 midten.<\/p>\n\n\n\n<p class=\"has-contrast-2-color has-text-color\"><a href=\"https:\/\/primacover.com\/datasheets\/PC_Drieluik_NO_DIG.pdf\">Klikk her for ytterligere informasjion.<\/a><\/p>\n<\/div>\n<\/div>\n\n\n\n<div class=\"wp-block-columns is-layout-flex wp-container-core-columns-is-layout-9d6595d7 wp-block-columns-is-layout-flex\">\n<div class=\"wp-block-column is-layout-flow wp-block-column-is-layout-flow\">\n<figure class=\"wp-block-image size-large\"><img loading=\"lazy\" decoding=\"async\" width=\"600\" height=\"399\" src=\"https:\/\/primacover.com\/wp-content\/uploads\/2021\/03\/PrimaCover-afdekvlies-Steiger-Praktijk.jpg\" alt=\"PrimaCover afdekvlies Steiger Praktijk\" class=\"wp-image-16322\" srcset=\"https:\/\/primacover.com\/wp-content\/uploads\/2021\/03\/PrimaCover-afdekvlies-Steiger-Praktijk.jpg 600w, https:\/\/primacover.com\/wp-content\/uploads\/2021\/03\/PrimaCover-afdekvlies-Steiger-Praktijk-300x200.jpg 300w\" sizes=\"auto, (max-width: 600px) 100vw, 600px\" \/><\/figure>\n\n\n\n<h3 class=\"wp-block-heading\" id=\"h-nybygg-renovering-oppussing-og-vedlikehold-av-eiendom\">Nybygg, renovering, oppussing og vedlikehold av eiendom<\/h3>\n\n\n\n<p>PrimaCover er den perfekte l\u00f8sningen for bygg, renovering og malings entrepren\u00f8rer. For nybygg, renovering, oppussing og vedlikeholdsarbeid, er PrimaCover det trygge valget n\u00e5r det kommer til \u00e5 beskytte og tildekke gulv og trapper.<\/p>\n\n\n\n<p><strong>Noen eksempler<\/strong><\/p>\n\n\n\n<ul class=\"wp-block-list\">\n<li>Tildekking av prefabrikerte betongelementer under et byggeprosjekt<\/li>\n\n\n\n<li>Tildekking av tregulv, fliser, naturstein, etc. under renoveringsarbeid<\/li>\n\n\n\n<li>Beskytter gulv og trapper under sparkel og malingsarbeid<\/li>\n<\/ul>\n<\/div>\n\n\n\n<div class=\"wp-block-column is-layout-flow wp-block-column-is-layout-flow\">\n<figure class=\"wp-block-image size-large\"><img loading=\"lazy\" decoding=\"async\" width=\"600\" height=\"399\" src=\"https:\/\/primacover.com\/wp-content\/uploads\/2021\/03\/PrimaCover-Evenementen-Sportvloer.jpg\" alt=\"PrimaCover Evenementen Sporthal\" class=\"wp-image-16323\" srcset=\"https:\/\/primacover.com\/wp-content\/uploads\/2021\/03\/PrimaCover-Evenementen-Sportvloer.jpg 600w, https:\/\/primacover.com\/wp-content\/uploads\/2021\/03\/PrimaCover-Evenementen-Sportvloer-300x200.jpg 300w\" sizes=\"auto, (max-width: 600px) 100vw, 600px\" \/><\/figure>\n\n\n\n<h3 class=\"wp-block-heading\" id=\"h-primacover-under-arrangementer\">PrimaCover under arrangementer<\/h3>\n\n\n\n<p>Du kan ogs\u00e5 bruke PrimaCover p\u00e5 forskjellige arrangementer. Ved \u00e5 dekke til gulvet kan du beskytte gulvet samtidig som du opprettholder behagelig akustikk.<\/p>\n\n\n\n<p><strong>Noen eksempler<\/strong><\/p>\n\n\n\n<ul class=\"wp-block-list\">\n<li>Tildekking av gulvet i gymsalen eller klasserommet under en eksamen<\/li>\n\n\n\n<li>Beskyttelse av gulv under bygging av messestand<\/li>\n\n\n\n<li>Skape en gangsti, selv p\u00e5 steder med mye trafikk<\/li>\n<\/ul>\n<\/div>\n\n\n\n<div class=\"wp-block-column is-layout-flow wp-block-column-is-layout-flow\">\n<figure class=\"wp-block-image size-large\"><img loading=\"lazy\" decoding=\"async\" width=\"600\" height=\"399\" src=\"https:\/\/primacover.com\/wp-content\/uploads\/2021\/03\/PrimaCover-trapje-huis-nieuwbouw.jpg\" alt=\"\" class=\"wp-image-16324\" srcset=\"https:\/\/primacover.com\/wp-content\/uploads\/2021\/03\/PrimaCover-trapje-huis-nieuwbouw.jpg 600w, https:\/\/primacover.com\/wp-content\/uploads\/2021\/03\/PrimaCover-trapje-huis-nieuwbouw-300x200.jpg 300w\" sizes=\"auto, (max-width: 600px) 100vw, 600px\" \/><\/figure>\n\n\n\n<h3 class=\"wp-block-heading\" id=\"h-primacover-tape\">PrimaCover tape<\/h3>\n\n\n\n<p>PrimaCover har utviklet tape for spesifikke bruk. PrimaCover-tape oppfyller de h\u00f8yeste standardene.Du kan finne mer informasjon p\u00e5 v\u00e5re produktsider.<\/p>\n<\/div>\n<\/div>\n\n\n\n<p><\/p>\n","protected":false},"excerpt":{"rendered":"<p>RenT og sikkert arbeid med PrimaCover PrimaCover tildekkingsmaterialer, st\u00f8vd\u00f8rer og effektiv tape PrimaCover sklisikker tildekking Nybygg, renovasjon og oppussingsarbeid b\u00f8r<\/p>\n","protected":false},"author":1,"featured_media":0,"parent":0,"menu_order":10,"comment_status":"closed","ping_status":"closed","template":"","meta":{"generate_page_header":"","footnotes":""},"class_list":["post-11476","page","type-page","status-publish"],"yoast_head":"<!-- This site is optimized with the Yoast SEO Premium plugin v26.7 (Yoast SEO v27.3) - https:\/\/yoast.com\/product\/yoast-seo-premium-wordpress\/ -->\n<title>PrimaCover. tildekkingsmaterialer, dekkfilt, dekkfilm, st\u00f8vd\u00f8rer<\/title>\n<meta name=\"description\" content=\"Rent og sikkert arbeid med PrimaCover. tildekkingsmaterialer, dekkfilt, dekkfilm, st\u00f8vd\u00f8rer og effektiv tape\" \/>\n<meta name=\"robots\" content=\"index, follow, max-snippet:-1, max-image-preview:large, max-video-preview:-1\" \/>\n<link rel=\"canonical\" href=\"https:\/\/primacover.com\/no\/\" \/>\n<meta property=\"og:locale\" content=\"nb_NO\" \/>\n<meta property=\"og:type\" content=\"article\" \/>\n<meta property=\"og:title\" content=\"PrimaCover\" \/>\n<meta property=\"og:description\" content=\"Rent og sikkert arbeid med PrimaCover. tildekkingsmaterialer, dekkfilt, dekkfilm, st\u00f8vd\u00f8rer og effektiv tape\" \/>\n<meta property=\"og:url\" content=\"https:\/\/primacover.com\/no\/\" \/>\n<meta property=\"og:site_name\" content=\"PrimaCover\" \/>\n<meta property=\"article:publisher\" content=\"https:\/\/www.facebook.com\/PrimaverdeBV\" \/>\n<meta property=\"article:modified_time\" content=\"2025-05-06T09:43:47+00:00\" \/>\n<meta property=\"og:image\" content=\"https:\/\/primacover.com\/wp-content\/uploads\/2016\/08\/PrimaCover_promoblock_METR-1.png\" \/>\n\t<meta property=\"og:image:width\" content=\"600\" \/>\n\t<meta property=\"og:image:height\" content=\"600\" \/>\n\t<meta property=\"og:image:type\" content=\"image\/png\" \/>\n<meta name=\"twitter:card\" content=\"summary_large_image\" \/>\n<meta name=\"twitter:label1\" content=\"Ansl. lesetid\" \/>\n\t<meta name=\"twitter:data1\" content=\"3 minutter\" \/>\n<script type=\"application\/ld+json\" class=\"yoast-schema-graph\">{\"@context\":\"https:\\\/\\\/schema.org\",\"@graph\":[{\"@type\":\"WebPage\",\"@id\":\"https:\\\/\\\/primacover.com\\\/no\\\/\",\"url\":\"https:\\\/\\\/primacover.com\\\/no\\\/\",\"name\":\"PrimaCover. tildekkingsmaterialer, dekkfilt, dekkfilm, st\u00f8vd\u00f8rer\",\"isPartOf\":{\"@id\":\"https:\\\/\\\/primacover.com\\\/no\\\/#website\"},\"primaryImageOfPage\":{\"@id\":\"https:\\\/\\\/primacover.com\\\/no\\\/#primaryimage\"},\"image\":{\"@id\":\"https:\\\/\\\/primacover.com\\\/no\\\/#primaryimage\"},\"thumbnailUrl\":\"https:\\\/\\\/primacover.com\\\/wp-content\\\/uploads\\\/2016\\\/08\\\/PrimaCover_promoblock_METR-1.png\",\"datePublished\":\"2016-08-14T15:39:09+00:00\",\"dateModified\":\"2025-05-06T09:43:47+00:00\",\"description\":\"Rent og sikkert arbeid med PrimaCover. tildekkingsmaterialer, dekkfilt, dekkfilm, st\u00f8vd\u00f8rer og effektiv tape\",\"breadcrumb\":{\"@id\":\"https:\\\/\\\/primacover.com\\\/no\\\/#breadcrumb\"},\"inLanguage\":\"nb-NO\",\"potentialAction\":[{\"@type\":\"ReadAction\",\"target\":[\"https:\\\/\\\/primacover.com\\\/no\\\/\"]}]},{\"@type\":\"ImageObject\",\"inLanguage\":\"nb-NO\",\"@id\":\"https:\\\/\\\/primacover.com\\\/no\\\/#primaryimage\",\"url\":\"https:\\\/\\\/primacover.com\\\/wp-content\\\/uploads\\\/2016\\\/08\\\/PrimaCover_promoblock_METR-1.png\",\"contentUrl\":\"https:\\\/\\\/primacover.com\\\/wp-content\\\/uploads\\\/2016\\\/08\\\/PrimaCover_promoblock_METR-1.png\"},{\"@type\":\"BreadcrumbList\",\"@id\":\"https:\\\/\\\/primacover.com\\\/no\\\/#breadcrumb\",\"itemListElement\":[{\"@type\":\"ListItem\",\"position\":1,\"name\":\"Home\",\"item\":\"https:\\\/\\\/primacover.com\\\/no\\\/\"},{\"@type\":\"ListItem\",\"position\":2,\"name\":\"PrimaCover\"}]},{\"@type\":\"WebSite\",\"@id\":\"https:\\\/\\\/primacover.com\\\/no\\\/#website\",\"url\":\"https:\\\/\\\/primacover.com\\\/no\\\/\",\"name\":\"PrimaCover\",\"description\":\"afdekvlies-afdekfolie-stofdeuren, coveringmaterials-dustdoors\",\"publisher\":{\"@id\":\"https:\\\/\\\/primacover.com\\\/no\\\/#organization\"},\"potentialAction\":[{\"@type\":\"SearchAction\",\"target\":{\"@type\":\"EntryPoint\",\"urlTemplate\":\"https:\\\/\\\/primacover.com\\\/no\\\/?s={search_term_string}\"},\"query-input\":{\"@type\":\"PropertyValueSpecification\",\"valueRequired\":true,\"valueName\":\"search_term_string\"}}],\"inLanguage\":\"nb-NO\"},{\"@type\":\"Organization\",\"@id\":\"https:\\\/\\\/primacover.com\\\/no\\\/#organization\",\"name\":\"PrimaCover\",\"url\":\"https:\\\/\\\/primacover.com\\\/no\\\/\",\"logo\":{\"@type\":\"ImageObject\",\"inLanguage\":\"nb-NO\",\"@id\":\"https:\\\/\\\/primacover.com\\\/no\\\/#\\\/schema\\\/logo\\\/image\\\/\",\"url\":\"\",\"contentUrl\":\"\",\"caption\":\"PrimaCover\"},\"image\":{\"@id\":\"https:\\\/\\\/primacover.com\\\/no\\\/#\\\/schema\\\/logo\\\/image\\\/\"},\"sameAs\":[\"https:\\\/\\\/www.facebook.com\\\/PrimaverdeBV\",\"https:\\\/\\\/nl.linkedin.com\\\/company\\\/primaverde\",\"https:\\\/\\\/www.youtube.com\\\/channel\\\/UC3DwQqj8f8tatLdSFA0aWwA\"]}]}<\/script>\n<!-- \/ Yoast SEO Premium plugin. -->","yoast_head_json":{"title":"PrimaCover. tildekkingsmaterialer, dekkfilt, dekkfilm, st\u00f8vd\u00f8rer","description":"Rent og sikkert arbeid med PrimaCover. tildekkingsmaterialer, dekkfilt, dekkfilm, st\u00f8vd\u00f8rer og effektiv tape","robots":{"index":"index","follow":"follow","max-snippet":"max-snippet:-1","max-image-preview":"max-image-preview:large","max-video-preview":"max-video-preview:-1"},"canonical":"https:\/\/primacover.com\/no\/","og_locale":"nb_NO","og_type":"article","og_title":"PrimaCover","og_description":"Rent og sikkert arbeid med PrimaCover. tildekkingsmaterialer, dekkfilt, dekkfilm, st\u00f8vd\u00f8rer og effektiv tape","og_url":"https:\/\/primacover.com\/no\/","og_site_name":"PrimaCover","article_publisher":"https:\/\/www.facebook.com\/PrimaverdeBV","article_modified_time":"2025-05-06T09:43:47+00:00","og_image":[{"width":600,"height":600,"url":"https:\/\/primacover.com\/wp-content\/uploads\/2016\/08\/PrimaCover_promoblock_METR-1.png","type":"image\/png"}],"twitter_card":"summary_large_image","twitter_misc":{"Ansl. lesetid":"3 minutter"},"schema":{"@context":"https:\/\/schema.org","@graph":[{"@type":"WebPage","@id":"https:\/\/primacover.com\/no\/","url":"https:\/\/primacover.com\/no\/","name":"PrimaCover. tildekkingsmaterialer, dekkfilt, dekkfilm, st\u00f8vd\u00f8rer","isPartOf":{"@id":"https:\/\/primacover.com\/no\/#website"},"primaryImageOfPage":{"@id":"https:\/\/primacover.com\/no\/#primaryimage"},"image":{"@id":"https:\/\/primacover.com\/no\/#primaryimage"},"thumbnailUrl":"https:\/\/primacover.com\/wp-content\/uploads\/2016\/08\/PrimaCover_promoblock_METR-1.png","datePublished":"2016-08-14T15:39:09+00:00","dateModified":"2025-05-06T09:43:47+00:00","description":"Rent og sikkert arbeid med PrimaCover. tildekkingsmaterialer, dekkfilt, dekkfilm, st\u00f8vd\u00f8rer og effektiv tape","breadcrumb":{"@id":"https:\/\/primacover.com\/no\/#breadcrumb"},"inLanguage":"nb-NO","potentialAction":[{"@type":"ReadAction","target":["https:\/\/primacover.com\/no\/"]}]},{"@type":"ImageObject","inLanguage":"nb-NO","@id":"https:\/\/primacover.com\/no\/#primaryimage","url":"https:\/\/primacover.com\/wp-content\/uploads\/2016\/08\/PrimaCover_promoblock_METR-1.png","contentUrl":"https:\/\/primacover.com\/wp-content\/uploads\/2016\/08\/PrimaCover_promoblock_METR-1.png"},{"@type":"BreadcrumbList","@id":"https:\/\/primacover.com\/no\/#breadcrumb","itemListElement":[{"@type":"ListItem","position":1,"name":"Home","item":"https:\/\/primacover.com\/no\/"},{"@type":"ListItem","position":2,"name":"PrimaCover"}]},{"@type":"WebSite","@id":"https:\/\/primacover.com\/no\/#website","url":"https:\/\/primacover.com\/no\/","name":"PrimaCover","description":"afdekvlies-afdekfolie-stofdeuren, coveringmaterials-dustdoors","publisher":{"@id":"https:\/\/primacover.com\/no\/#organization"},"potentialAction":[{"@type":"SearchAction","target":{"@type":"EntryPoint","urlTemplate":"https:\/\/primacover.com\/no\/?s={search_term_string}"},"query-input":{"@type":"PropertyValueSpecification","valueRequired":true,"valueName":"search_term_string"}}],"inLanguage":"nb-NO"},{"@type":"Organization","@id":"https:\/\/primacover.com\/no\/#organization","name":"PrimaCover","url":"https:\/\/primacover.com\/no\/","logo":{"@type":"ImageObject","inLanguage":"nb-NO","@id":"https:\/\/primacover.com\/no\/#\/schema\/logo\/image\/","url":"","contentUrl":"","caption":"PrimaCover"},"image":{"@id":"https:\/\/primacover.com\/no\/#\/schema\/logo\/image\/"},"sameAs":["https:\/\/www.facebook.com\/PrimaverdeBV","https:\/\/nl.linkedin.com\/company\/primaverde","https:\/\/www.youtube.com\/channel\/UC3DwQqj8f8tatLdSFA0aWwA"]}]}},"_links":{"self":[{"href":"https:\/\/primacover.com\/no\/wp-json\/wp\/v2\/pages\/11476","targetHints":{"allow":["GET"]}}],"collection":[{"href":"https:\/\/primacover.com\/no\/wp-json\/wp\/v2\/pages"}],"about":[{"href":"https:\/\/primacover.com\/no\/wp-json\/wp\/v2\/types\/page"}],"author":[{"embeddable":true,"href":"https:\/\/primacover.com\/no\/wp-json\/wp\/v2\/users\/1"}],"replies":[{"embeddable":true,"href":"https:\/\/primacover.com\/no\/wp-json\/wp\/v2\/comments?post=11476"}],"version-history":[{"count":0,"href":"https:\/\/primacover.com\/no\/wp-json\/wp\/v2\/pages\/11476\/revisions"}],"wp:attachment":[{"href":"https:\/\/primacover.com\/no\/wp-json\/wp\/v2\/media?parent=11476"}],"curies":[{"name":"wp","href":"https:\/\/api.w.org\/{rel}","templated":true}]}}