{"id":131866,"date":"2022-05-02T12:54:25","date_gmt":"2022-05-02T10:54:25","guid":{"rendered":"https:\/\/primacover.com\/product\/primacover-glass\/"},"modified":"2026-04-03T11:38:44","modified_gmt":"2026-04-03T09:38:44","slug":"primacover-glass","status":"publish","type":"product","link":"https:\/\/primacover.com\/no\/product\/primacover-glass\/","title":{"rendered":"PrimaCover Glass"},"content":{"rendered":"<h2>Beskyttelsesfolie for glass<\/h2>\n<p>PrimaCover Glass er en selvklebende beskyttelsesfolie for glass. Denne gjennomsiktige PE -folien er tilgjengelig i en bl\u00e5 og en gjennomsiktig versjon. Begge gir utmerket beskyttelse for et bredt spekter av arbeidsaktiviteter, som konstruksjon, renovering, pussing og maling. Spesielt utviklet med et UV-bestandig limlag. Kan p\u00e5f\u00f8res b\u00e5de p\u00e5 utsiden og innsiden.<\/p>\n<p><strong>Egenskaper:<\/strong><\/p>\n<ul>\n<li>Selvklebende<\/li>\n<li>Lett \u00e5 bruke<\/li>\n<li>Gennomsiktig<\/li>\n<li>Fjernes uten limrester<\/li>\n<li>Tykkelse  50\u00b5m<\/li>\n<\/ul>\n<p><strong>Bruk:<\/strong><\/p>\n<ul>\n<li>Spesielt utviklet for glass. <\/li>\n<li>For utend\u00f8rs og innend\u00f8rs bruk.<\/li>\n<\/ul>\n<p><strong>Instruksjoner:<\/strong><\/p>\n<ul>\n<li>Test produktets egnethet p\u00e5 forh\u00e5nd.<\/li>\n<\/ul>\n","protected":false},"excerpt":{"rendered":"<h2>Beskyttelsesfolie for glass<\/h2>\n","protected":false},"featured_media":129262,"menu_order":32,"template":"","meta":{"generate_page_header":""},"product_brand":[],"product_cat":[2044],"product_tag":[3400,3122],"class_list":{"0":"post-131866","1":"product","2":"type-product","3":"status-publish","4":"has-post-thumbnail","6":"product_cat-dekkfilm","7":"product_tag-eksisterende-gjennomtorre-inneholder-ingen-fuktighet","8":"product_tag-selvklebende","9":"pa_breedte-0-25-no","10":"pa_breedte-0-5-no","11":"pa_breedte-1-no","12":"pa_eenheid-m-no","13":"pa_foliedikte-50-no","14":"pa_frame-0-no","15":"pa_lengte-100-no","16":"pa_matten30-0-0x30-no","17":"pa_merk-primacover-no","18":"pa_objecttypen-vinduer","19":"pa_ondergrond-glass-no","20":"pa_ondergrond-plast","21":"","22":"woocommerce-text-align-center","23":"woocommerce-image-align-center","24":"do-quantity-buttons","26":"first","27":"instock","28":"shipping-taxable","29":"product-type-simple"},"yoast_head":"<!-- This site is optimized with the Yoast SEO Premium plugin v26.7 (Yoast SEO v27.3) - https:\/\/yoast.com\/product\/yoast-seo-premium-wordpress\/ -->\n<title>Dekkfilm PrimaCover Glass<\/title>\n<meta name=\"description\" content=\"PrimaCover Glass er en selvklebende beskyttelsesfolie for glass. Denne gjennomsiktige PE -folien er tilgjengelig i en bl\u00e5 og en gjennomsiktig versjon. Begge gir utmerket beskyttelse for et bredt spekter av arbeidsaktiviteter, som konstruksjon, renovering, pussing og maling. Spesielt utviklet med et UV-bestandig limlag. Kan p\u00e5f\u00f8res b\u00e5de p\u00e5 utsiden og innsiden.\" \/>\n<meta name=\"robots\" content=\"index, follow, max-snippet:-1, max-image-preview:large, max-video-preview:-1\" \/>\n<link rel=\"canonical\" href=\"https:\/\/primacover.com\/no\/product\/primacover-glass\/\" \/>\n<meta property=\"og:locale\" content=\"nb_NO\" \/>\n<meta property=\"og:type\" content=\"article\" \/>\n<meta property=\"og:title\" content=\"PrimaCover Glass\" \/>\n<meta property=\"og:description\" content=\"PrimaCover Glass er en selvklebende beskyttelsesfolie for glass. Denne gjennomsiktige PE -folien er tilgjengelig i en bl\u00e5 og en gjennomsiktig versjon. Begge gir utmerket beskyttelse for et bredt spekter av arbeidsaktiviteter, som konstruksjon, renovering, pussing og maling. Spesielt utviklet med et UV-bestandig limlag. Kan p\u00e5f\u00f8res b\u00e5de p\u00e5 utsiden og innsiden.\" \/>\n<meta property=\"og:url\" content=\"https:\/\/primacover.com\/no\/product\/primacover-glass\/\" \/>\n<meta property=\"og:site_name\" content=\"PrimaCover\" \/>\n<meta property=\"article:publisher\" content=\"https:\/\/www.facebook.com\/PrimaverdeBV\" \/>\n<meta property=\"article:modified_time\" content=\"2026-04-03T09:38:44+00:00\" \/>\n<meta property=\"og:image\" content=\"https:\/\/primacover.com\/wp-content\/uploads\/2022\/04\/Glass_P0NZ_s01.jpg\" \/>\n\t<meta property=\"og:image:width\" content=\"600\" \/>\n\t<meta property=\"og:image:height\" content=\"600\" \/>\n\t<meta property=\"og:image:type\" content=\"image\/jpeg\" \/>\n<meta name=\"twitter:card\" content=\"summary_large_image\" \/>\n<meta name=\"twitter:label1\" content=\"Pris\" \/>\n\t<meta name=\"twitter:data1\" content=\"\" \/>\n\t<meta name=\"twitter:label2\" content=\"Tilgjengelighet\" \/>\n\t<meta name=\"twitter:data2\" content=\"P\u00e5 lager\" \/>\n<script type=\"application\/ld+json\" class=\"yoast-schema-graph\">{\"@context\":\"https:\\\/\\\/schema.org\",\"@graph\":[{\"@type\":\"WebPage\",\"@id\":\"https:\\\/\\\/primacover.com\\\/no\\\/product\\\/primacover-glass\\\/\",\"url\":\"https:\\\/\\\/primacover.com\\\/no\\\/product\\\/primacover-glass\\\/\",\"name\":\"Dekkfilm PrimaCover Glass\",\"isPartOf\":{\"@id\":\"https:\\\/\\\/primacover.com\\\/no\\\/#website\"},\"primaryImageOfPage\":{\"@id\":\"https:\\\/\\\/primacover.com\\\/no\\\/product\\\/primacover-glass\\\/#primaryimage\"},\"image\":{\"@id\":\"https:\\\/\\\/primacover.com\\\/no\\\/product\\\/primacover-glass\\\/#primaryimage\"},\"thumbnailUrl\":\"https:\\\/\\\/primacover.com\\\/wp-content\\\/uploads\\\/2022\\\/04\\\/Glass_P0NZ_s01.jpg\",\"datePublished\":\"2022-05-02T10:54:25+00:00\",\"dateModified\":\"2026-04-03T09:38:44+00:00\",\"description\":\"PrimaCover Glass er en selvklebende beskyttelsesfolie for glass. Denne gjennomsiktige PE -folien er tilgjengelig i en bl\u00e5 og en gjennomsiktig versjon. Begge gir utmerket beskyttelse for et bredt spekter av arbeidsaktiviteter, som konstruksjon, renovering, pussing og maling. Spesielt utviklet med et UV-bestandig limlag. Kan p\u00e5f\u00f8res b\u00e5de p\u00e5 utsiden og innsiden.\",\"breadcrumb\":{\"@id\":\"https:\\\/\\\/primacover.com\\\/no\\\/product\\\/primacover-glass\\\/#breadcrumb\"},\"inLanguage\":\"nb-NO\",\"potentialAction\":[{\"@type\":\"ReadAction\",\"target\":[\"https:\\\/\\\/primacover.com\\\/no\\\/product\\\/primacover-glass\\\/\"]}]},{\"@type\":\"ImageObject\",\"inLanguage\":\"nb-NO\",\"@id\":\"https:\\\/\\\/primacover.com\\\/no\\\/product\\\/primacover-glass\\\/#primaryimage\",\"url\":\"https:\\\/\\\/primacover.com\\\/wp-content\\\/uploads\\\/2022\\\/04\\\/Glass_P0NZ_s01.jpg\",\"contentUrl\":\"https:\\\/\\\/primacover.com\\\/wp-content\\\/uploads\\\/2022\\\/04\\\/Glass_P0NZ_s01.jpg\",\"width\":600,\"height\":600,\"caption\":\"900611 PrimaCover Glass Praktisk gs1_01\"},{\"@type\":\"BreadcrumbList\",\"@id\":\"https:\\\/\\\/primacover.com\\\/no\\\/product\\\/primacover-glass\\\/#breadcrumb\",\"itemListElement\":[{\"@type\":\"ListItem\",\"position\":1,\"name\":\"Home\",\"item\":\"https:\\\/\\\/primacover.com\\\/no\\\/\"},{\"@type\":\"ListItem\",\"position\":2,\"name\":\"Produkter\",\"item\":\"https:\\\/\\\/primacover.com\\\/no\\\/produkter\\\/\"},{\"@type\":\"ListItem\",\"position\":3,\"name\":\"PrimaCover Glass\"}]},{\"@type\":\"WebSite\",\"@id\":\"https:\\\/\\\/primacover.com\\\/no\\\/#website\",\"url\":\"https:\\\/\\\/primacover.com\\\/no\\\/\",\"name\":\"PrimaCover\",\"description\":\"afdekvlies-afdekfolie-stofdeuren, coveringmaterials-dustdoors\",\"publisher\":{\"@id\":\"https:\\\/\\\/primacover.com\\\/no\\\/#organization\"},\"potentialAction\":[{\"@type\":\"SearchAction\",\"target\":{\"@type\":\"EntryPoint\",\"urlTemplate\":\"https:\\\/\\\/primacover.com\\\/no\\\/?s={search_term_string}\"},\"query-input\":{\"@type\":\"PropertyValueSpecification\",\"valueRequired\":true,\"valueName\":\"search_term_string\"}}],\"inLanguage\":\"nb-NO\"},{\"@type\":\"Organization\",\"@id\":\"https:\\\/\\\/primacover.com\\\/no\\\/#organization\",\"name\":\"PrimaCover\",\"url\":\"https:\\\/\\\/primacover.com\\\/no\\\/\",\"logo\":{\"@type\":\"ImageObject\",\"inLanguage\":\"nb-NO\",\"@id\":\"https:\\\/\\\/primacover.com\\\/no\\\/#\\\/schema\\\/logo\\\/image\\\/\",\"url\":\"\",\"contentUrl\":\"\",\"caption\":\"PrimaCover\"},\"image\":{\"@id\":\"https:\\\/\\\/primacover.com\\\/no\\\/#\\\/schema\\\/logo\\\/image\\\/\"},\"sameAs\":[\"https:\\\/\\\/www.facebook.com\\\/PrimaverdeBV\",\"https:\\\/\\\/nl.linkedin.com\\\/company\\\/primaverde\",\"https:\\\/\\\/www.youtube.com\\\/channel\\\/UC3DwQqj8f8tatLdSFA0aWwA\"]}]}<\/script>\n<meta property=\"product:brand\" content=\"PrimaCover\" \/>\n<meta property=\"product:price:currency\" content=\"EUR\" \/>\n<meta property=\"og:availability\" content=\"instock\" \/>\n<meta property=\"product:availability\" content=\"instock\" \/>\n<meta property=\"product:retailer_item_id\" content=\"PC900701\" \/>\n<meta property=\"product:condition\" content=\"new\" \/>\n<!-- \/ Yoast SEO Premium plugin. -->","yoast_head_json":{"title":"Dekkfilm PrimaCover Glass","description":"PrimaCover Glass er en selvklebende beskyttelsesfolie for glass. Denne gjennomsiktige PE -folien er tilgjengelig i en bl\u00e5 og en gjennomsiktig versjon. Begge gir utmerket beskyttelse for et bredt spekter av arbeidsaktiviteter, som konstruksjon, renovering, pussing og maling. Spesielt utviklet med et UV-bestandig limlag. Kan p\u00e5f\u00f8res b\u00e5de p\u00e5 utsiden og innsiden.","robots":{"index":"index","follow":"follow","max-snippet":"max-snippet:-1","max-image-preview":"max-image-preview:large","max-video-preview":"max-video-preview:-1"},"canonical":"https:\/\/primacover.com\/no\/product\/primacover-glass\/","og_locale":"nb_NO","og_type":"article","og_title":"PrimaCover Glass","og_description":"PrimaCover Glass er en selvklebende beskyttelsesfolie for glass. Denne gjennomsiktige PE -folien er tilgjengelig i en bl\u00e5 og en gjennomsiktig versjon. Begge gir utmerket beskyttelse for et bredt spekter av arbeidsaktiviteter, som konstruksjon, renovering, pussing og maling. Spesielt utviklet med et UV-bestandig limlag. Kan p\u00e5f\u00f8res b\u00e5de p\u00e5 utsiden og innsiden.","og_url":"https:\/\/primacover.com\/no\/product\/primacover-glass\/","og_site_name":"PrimaCover","article_publisher":"https:\/\/www.facebook.com\/PrimaverdeBV","article_modified_time":"2026-04-03T09:38:44+00:00","og_image":[{"width":600,"height":600,"url":"https:\/\/primacover.com\/wp-content\/uploads\/2022\/04\/Glass_P0NZ_s01.jpg","type":"image\/jpeg"}],"twitter_card":"summary_large_image","twitter_misc":{"Pris":"","Tilgjengelighet":"P\u00e5 lager"},"schema":{"@context":"https:\/\/schema.org","@graph":[{"@type":"WebPage","@id":"https:\/\/primacover.com\/no\/product\/primacover-glass\/","url":"https:\/\/primacover.com\/no\/product\/primacover-glass\/","name":"Dekkfilm PrimaCover Glass","isPartOf":{"@id":"https:\/\/primacover.com\/no\/#website"},"primaryImageOfPage":{"@id":"https:\/\/primacover.com\/no\/product\/primacover-glass\/#primaryimage"},"image":{"@id":"https:\/\/primacover.com\/no\/product\/primacover-glass\/#primaryimage"},"thumbnailUrl":"https:\/\/primacover.com\/wp-content\/uploads\/2022\/04\/Glass_P0NZ_s01.jpg","datePublished":"2022-05-02T10:54:25+00:00","dateModified":"2026-04-03T09:38:44+00:00","description":"PrimaCover Glass er en selvklebende beskyttelsesfolie for glass. Denne gjennomsiktige PE -folien er tilgjengelig i en bl\u00e5 og en gjennomsiktig versjon. Begge gir utmerket beskyttelse for et bredt spekter av arbeidsaktiviteter, som konstruksjon, renovering, pussing og maling. Spesielt utviklet med et UV-bestandig limlag. Kan p\u00e5f\u00f8res b\u00e5de p\u00e5 utsiden og innsiden.","breadcrumb":{"@id":"https:\/\/primacover.com\/no\/product\/primacover-glass\/#breadcrumb"},"inLanguage":"nb-NO","potentialAction":[{"@type":"ReadAction","target":["https:\/\/primacover.com\/no\/product\/primacover-glass\/"]}]},{"@type":"ImageObject","inLanguage":"nb-NO","@id":"https:\/\/primacover.com\/no\/product\/primacover-glass\/#primaryimage","url":"https:\/\/primacover.com\/wp-content\/uploads\/2022\/04\/Glass_P0NZ_s01.jpg","contentUrl":"https:\/\/primacover.com\/wp-content\/uploads\/2022\/04\/Glass_P0NZ_s01.jpg","width":600,"height":600,"caption":"900611 PrimaCover Glass Praktisk gs1_01"},{"@type":"BreadcrumbList","@id":"https:\/\/primacover.com\/no\/product\/primacover-glass\/#breadcrumb","itemListElement":[{"@type":"ListItem","position":1,"name":"Home","item":"https:\/\/primacover.com\/no\/"},{"@type":"ListItem","position":2,"name":"Produkter","item":"https:\/\/primacover.com\/no\/produkter\/"},{"@type":"ListItem","position":3,"name":"PrimaCover Glass"}]},{"@type":"WebSite","@id":"https:\/\/primacover.com\/no\/#website","url":"https:\/\/primacover.com\/no\/","name":"PrimaCover","description":"afdekvlies-afdekfolie-stofdeuren, coveringmaterials-dustdoors","publisher":{"@id":"https:\/\/primacover.com\/no\/#organization"},"potentialAction":[{"@type":"SearchAction","target":{"@type":"EntryPoint","urlTemplate":"https:\/\/primacover.com\/no\/?s={search_term_string}"},"query-input":{"@type":"PropertyValueSpecification","valueRequired":true,"valueName":"search_term_string"}}],"inLanguage":"nb-NO"},{"@type":"Organization","@id":"https:\/\/primacover.com\/no\/#organization","name":"PrimaCover","url":"https:\/\/primacover.com\/no\/","logo":{"@type":"ImageObject","inLanguage":"nb-NO","@id":"https:\/\/primacover.com\/no\/#\/schema\/logo\/image\/","url":"","contentUrl":"","caption":"PrimaCover"},"image":{"@id":"https:\/\/primacover.com\/no\/#\/schema\/logo\/image\/"},"sameAs":["https:\/\/www.facebook.com\/PrimaverdeBV","https:\/\/nl.linkedin.com\/company\/primaverde","https:\/\/www.youtube.com\/channel\/UC3DwQqj8f8tatLdSFA0aWwA"]}]},"product_brand":"PrimaCover","product_price_currency":"EUR","og_availability":"instock","product_availability":"instock","product_retailer_item_id":"PC900701","product_condition":"new"},"_links":{"self":[{"href":"https:\/\/primacover.com\/no\/wp-json\/wp\/v2\/product\/131866","targetHints":{"allow":["GET"]}}],"collection":[{"href":"https:\/\/primacover.com\/no\/wp-json\/wp\/v2\/product"}],"about":[{"href":"https:\/\/primacover.com\/no\/wp-json\/wp\/v2\/types\/product"}],"wp:featuredmedia":[{"embeddable":true,"href":"https:\/\/primacover.com\/no\/wp-json\/wp\/v2\/media\/129262"}],"wp:attachment":[{"href":"https:\/\/primacover.com\/no\/wp-json\/wp\/v2\/media?parent=131866"}],"wp:term":[{"taxonomy":"product_brand","embeddable":true,"href":"https:\/\/primacover.com\/no\/wp-json\/wp\/v2\/product_brand?post=131866"},{"taxonomy":"product_cat","embeddable":true,"href":"https:\/\/primacover.com\/no\/wp-json\/wp\/v2\/product_cat?post=131866"},{"taxonomy":"product_tag","embeddable":true,"href":"https:\/\/primacover.com\/no\/wp-json\/wp\/v2\/product_tag?post=131866"}],"curies":[{"name":"wp","href":"https:\/\/api.w.org\/{rel}","templated":true}]}}