{"id":131910,"date":"2022-05-02T12:55:03","date_gmt":"2022-05-02T10:55:03","guid":{"rendered":"https:\/\/primacover.com\/product\/primacover-combi\/"},"modified":"2026-04-03T11:31:08","modified_gmt":"2026-04-03T09:31:08","slug":"primacover-combi","status":"publish","type":"product","link":"https:\/\/primacover.com\/no\/product\/primacover-combi\/","title":{"rendered":"PrimaCover Combi"},"content":{"rendered":"<h2>Absorberende filtduk<\/h2>\n<p>PrimaCover Combi er en universal, vanntett dekkfilt. Den lette og absorberende filtduken er utstyrt med en sterk v\u00e6skeugjennomtrengelig folie p\u00e5 undersiden. Spesielt egnet for bygge, renovering og malearbeid. I tillegg ogs\u00e5 egnet for industri, produksjon og i lakkbokser.<\/p>\n<p><strong>Egenskaper:<\/strong><\/p>\n<ul>\n<li>Absorberende<\/li>\n<li>V\u00e6sketett<\/li>\n<li>slitesterkt og rivefast<\/li>\n<li>Lofri<\/li>\n<\/ul>\n<p><strong>Bruk:<\/strong><\/p>\n<ul>\n<li>For helt t\u00f8rre harde underlag.<\/li>\n<\/ul>\n<p><strong>Instruksjoner:<\/strong><\/p>\n<ul>\n<li>Test produktets egnethet p\u00e5 forh\u00e5nd.<\/li>\n<li>Sl\u00e5 av gulvvarme f\u00f8r bruk.<\/li>\n<\/ul>\n","protected":false},"excerpt":{"rendered":"<h2>Absorberende filtduk<\/h2>\n","protected":false},"featured_media":130008,"menu_order":25,"template":"","meta":{"generate_page_header":""},"product_brand":[],"product_cat":[2043],"product_tag":[3400],"class_list":{"0":"post-131910","1":"product","2":"type-product","3":"status-publish","4":"has-post-thumbnail","6":"product_cat-dekkfilt","7":"product_tag-eksisterende-gjennomtorre-inneholder-ingen-fuktighet","8":"pa_breedte-0-98-no","9":"pa_eenheid-m-no","10":"pa_foliedikte-0-no","11":"pa_frame-0-no","12":"pa_lengte-50-no","13":"pa_matten30-0-0x30-no","14":"pa_merk-primacover-no","15":"pa_objecttypen-gulv","16":"pa_ondergrond-keramisk-flis","17":"pa_ondergrond-laminat-no","18":"pa_ondergrond-linoleum-no","19":"pa_ondergrond-naturstein-no","20":"pa_ondergrond-parkett-no","21":"pa_ondergrond-plast","22":"pa_ondergrond-prefabbetong","23":"pa_ondergrond-pvc-polyuretan-topplag","24":"pa_ondergrond-sementstopt-gulv","25":"pa_ondergrond-stopt-gulv-i-plast","26":"pa_ondergrond-tre","27":"pa_ondergrond-vinyl-no","28":"","29":"woocommerce-text-align-center","30":"woocommerce-image-align-center","31":"do-quantity-buttons","33":"first","34":"instock","35":"shipping-taxable","36":"product-type-simple"},"yoast_head":"<!-- This site is optimized with the Yoast SEO Premium plugin v26.7 (Yoast SEO v27.3) - https:\/\/yoast.com\/product\/yoast-seo-premium-wordpress\/ -->\n<title>Dekkfilt PrimaCover Combi<\/title>\n<meta name=\"description\" content=\"PrimaCover Combi er en universal, vanntett dekkfilt. Den lette og absorberende filtduken er utstyrt med en sterk v\u00e6skeugjennomtrengelig folie p\u00e5 undersiden. Spesielt egnet for bygge, renovering og malearbeid. I tillegg ogs\u00e5 egnet for industri, produksjon og i lakkbokser.\" \/>\n<meta name=\"robots\" content=\"index, follow, max-snippet:-1, max-image-preview:large, max-video-preview:-1\" \/>\n<link rel=\"canonical\" href=\"https:\/\/primacover.com\/no\/product\/primacover-combi\/\" \/>\n<meta property=\"og:locale\" content=\"nb_NO\" \/>\n<meta property=\"og:type\" content=\"article\" \/>\n<meta property=\"og:title\" content=\"PrimaCover Combi\" \/>\n<meta property=\"og:description\" content=\"PrimaCover Combi er en universal, vanntett dekkfilt. Den lette og absorberende filtduken er utstyrt med en sterk v\u00e6skeugjennomtrengelig folie p\u00e5 undersiden. Spesielt egnet for bygge, renovering og malearbeid. I tillegg ogs\u00e5 egnet for industri, produksjon og i lakkbokser.\" \/>\n<meta property=\"og:url\" content=\"https:\/\/primacover.com\/no\/product\/primacover-combi\/\" \/>\n<meta property=\"og:site_name\" content=\"PrimaCover\" \/>\n<meta property=\"article:publisher\" content=\"https:\/\/www.facebook.com\/PrimaverdeBV\" \/>\n<meta property=\"article:modified_time\" content=\"2026-04-03T09:31:08+00:00\" \/>\n<meta property=\"og:image\" content=\"https:\/\/primacover.com\/wp-content\/uploads\/2022\/04\/Combi_P0NZ_s01.jpg\" \/>\n\t<meta property=\"og:image:width\" content=\"600\" \/>\n\t<meta property=\"og:image:height\" content=\"600\" \/>\n\t<meta property=\"og:image:type\" content=\"image\/jpeg\" \/>\n<meta name=\"twitter:card\" content=\"summary_large_image\" \/>\n<meta name=\"twitter:label1\" content=\"Pris\" \/>\n\t<meta name=\"twitter:data1\" content=\"\" \/>\n\t<meta name=\"twitter:label2\" content=\"Tilgjengelighet\" \/>\n\t<meta name=\"twitter:data2\" content=\"P\u00e5 lager\" \/>\n<script type=\"application\/ld+json\" class=\"yoast-schema-graph\">{\"@context\":\"https:\\\/\\\/schema.org\",\"@graph\":[{\"@type\":\"WebPage\",\"@id\":\"https:\\\/\\\/primacover.com\\\/no\\\/product\\\/primacover-combi\\\/\",\"url\":\"https:\\\/\\\/primacover.com\\\/no\\\/product\\\/primacover-combi\\\/\",\"name\":\"Dekkfilt PrimaCover Combi\",\"isPartOf\":{\"@id\":\"https:\\\/\\\/primacover.com\\\/no\\\/#website\"},\"primaryImageOfPage\":{\"@id\":\"https:\\\/\\\/primacover.com\\\/no\\\/product\\\/primacover-combi\\\/#primaryimage\"},\"image\":{\"@id\":\"https:\\\/\\\/primacover.com\\\/no\\\/product\\\/primacover-combi\\\/#primaryimage\"},\"thumbnailUrl\":\"https:\\\/\\\/primacover.com\\\/wp-content\\\/uploads\\\/2022\\\/04\\\/Combi_P0NZ_s01.jpg\",\"datePublished\":\"2022-05-02T10:55:03+00:00\",\"dateModified\":\"2026-04-03T09:31:08+00:00\",\"description\":\"PrimaCover Combi er en universal, vanntett dekkfilt. Den lette og absorberende filtduken er utstyrt med en sterk v\u00e6skeugjennomtrengelig folie p\u00e5 undersiden. Spesielt egnet for bygge, renovering og malearbeid. I tillegg ogs\u00e5 egnet for industri, produksjon og i lakkbokser.\",\"breadcrumb\":{\"@id\":\"https:\\\/\\\/primacover.com\\\/no\\\/product\\\/primacover-combi\\\/#breadcrumb\"},\"inLanguage\":\"nb-NO\",\"potentialAction\":[{\"@type\":\"ReadAction\",\"target\":[\"https:\\\/\\\/primacover.com\\\/no\\\/product\\\/primacover-combi\\\/\"]}]},{\"@type\":\"ImageObject\",\"inLanguage\":\"nb-NO\",\"@id\":\"https:\\\/\\\/primacover.com\\\/no\\\/product\\\/primacover-combi\\\/#primaryimage\",\"url\":\"https:\\\/\\\/primacover.com\\\/wp-content\\\/uploads\\\/2022\\\/04\\\/Combi_P0NZ_s01.jpg\",\"contentUrl\":\"https:\\\/\\\/primacover.com\\\/wp-content\\\/uploads\\\/2022\\\/04\\\/Combi_P0NZ_s01.jpg\",\"width\":600,\"height\":600,\"caption\":\"900047 PrimaCover Combi Praktisk gs1_01\"},{\"@type\":\"BreadcrumbList\",\"@id\":\"https:\\\/\\\/primacover.com\\\/no\\\/product\\\/primacover-combi\\\/#breadcrumb\",\"itemListElement\":[{\"@type\":\"ListItem\",\"position\":1,\"name\":\"Home\",\"item\":\"https:\\\/\\\/primacover.com\\\/no\\\/\"},{\"@type\":\"ListItem\",\"position\":2,\"name\":\"Produkter\",\"item\":\"https:\\\/\\\/primacover.com\\\/no\\\/produkter\\\/\"},{\"@type\":\"ListItem\",\"position\":3,\"name\":\"PrimaCover Combi\"}]},{\"@type\":\"WebSite\",\"@id\":\"https:\\\/\\\/primacover.com\\\/no\\\/#website\",\"url\":\"https:\\\/\\\/primacover.com\\\/no\\\/\",\"name\":\"PrimaCover\",\"description\":\"afdekvlies-afdekfolie-stofdeuren, coveringmaterials-dustdoors\",\"publisher\":{\"@id\":\"https:\\\/\\\/primacover.com\\\/no\\\/#organization\"},\"potentialAction\":[{\"@type\":\"SearchAction\",\"target\":{\"@type\":\"EntryPoint\",\"urlTemplate\":\"https:\\\/\\\/primacover.com\\\/no\\\/?s={search_term_string}\"},\"query-input\":{\"@type\":\"PropertyValueSpecification\",\"valueRequired\":true,\"valueName\":\"search_term_string\"}}],\"inLanguage\":\"nb-NO\"},{\"@type\":\"Organization\",\"@id\":\"https:\\\/\\\/primacover.com\\\/no\\\/#organization\",\"name\":\"PrimaCover\",\"url\":\"https:\\\/\\\/primacover.com\\\/no\\\/\",\"logo\":{\"@type\":\"ImageObject\",\"inLanguage\":\"nb-NO\",\"@id\":\"https:\\\/\\\/primacover.com\\\/no\\\/#\\\/schema\\\/logo\\\/image\\\/\",\"url\":\"\",\"contentUrl\":\"\",\"caption\":\"PrimaCover\"},\"image\":{\"@id\":\"https:\\\/\\\/primacover.com\\\/no\\\/#\\\/schema\\\/logo\\\/image\\\/\"},\"sameAs\":[\"https:\\\/\\\/www.facebook.com\\\/PrimaverdeBV\",\"https:\\\/\\\/nl.linkedin.com\\\/company\\\/primaverde\",\"https:\\\/\\\/www.youtube.com\\\/channel\\\/UC3DwQqj8f8tatLdSFA0aWwA\"]}]}<\/script>\n<meta property=\"product:brand\" content=\"PrimaCover\" \/>\n<meta property=\"product:price:currency\" content=\"EUR\" \/>\n<meta property=\"og:availability\" content=\"instock\" \/>\n<meta property=\"product:availability\" content=\"instock\" \/>\n<meta property=\"product:retailer_item_id\" content=\"PC900047\" \/>\n<meta property=\"product:condition\" content=\"new\" \/>\n<!-- \/ Yoast SEO Premium plugin. -->","yoast_head_json":{"title":"Dekkfilt PrimaCover Combi","description":"PrimaCover Combi er en universal, vanntett dekkfilt. Den lette og absorberende filtduken er utstyrt med en sterk v\u00e6skeugjennomtrengelig folie p\u00e5 undersiden. Spesielt egnet for bygge, renovering og malearbeid. I tillegg ogs\u00e5 egnet for industri, produksjon og i lakkbokser.","robots":{"index":"index","follow":"follow","max-snippet":"max-snippet:-1","max-image-preview":"max-image-preview:large","max-video-preview":"max-video-preview:-1"},"canonical":"https:\/\/primacover.com\/no\/product\/primacover-combi\/","og_locale":"nb_NO","og_type":"article","og_title":"PrimaCover Combi","og_description":"PrimaCover Combi er en universal, vanntett dekkfilt. Den lette og absorberende filtduken er utstyrt med en sterk v\u00e6skeugjennomtrengelig folie p\u00e5 undersiden. Spesielt egnet for bygge, renovering og malearbeid. I tillegg ogs\u00e5 egnet for industri, produksjon og i lakkbokser.","og_url":"https:\/\/primacover.com\/no\/product\/primacover-combi\/","og_site_name":"PrimaCover","article_publisher":"https:\/\/www.facebook.com\/PrimaverdeBV","article_modified_time":"2026-04-03T09:31:08+00:00","og_image":[{"width":600,"height":600,"url":"https:\/\/primacover.com\/wp-content\/uploads\/2022\/04\/Combi_P0NZ_s01.jpg","type":"image\/jpeg"}],"twitter_card":"summary_large_image","twitter_misc":{"Pris":"","Tilgjengelighet":"P\u00e5 lager"},"schema":{"@context":"https:\/\/schema.org","@graph":[{"@type":"WebPage","@id":"https:\/\/primacover.com\/no\/product\/primacover-combi\/","url":"https:\/\/primacover.com\/no\/product\/primacover-combi\/","name":"Dekkfilt PrimaCover Combi","isPartOf":{"@id":"https:\/\/primacover.com\/no\/#website"},"primaryImageOfPage":{"@id":"https:\/\/primacover.com\/no\/product\/primacover-combi\/#primaryimage"},"image":{"@id":"https:\/\/primacover.com\/no\/product\/primacover-combi\/#primaryimage"},"thumbnailUrl":"https:\/\/primacover.com\/wp-content\/uploads\/2022\/04\/Combi_P0NZ_s01.jpg","datePublished":"2022-05-02T10:55:03+00:00","dateModified":"2026-04-03T09:31:08+00:00","description":"PrimaCover Combi er en universal, vanntett dekkfilt. Den lette og absorberende filtduken er utstyrt med en sterk v\u00e6skeugjennomtrengelig folie p\u00e5 undersiden. Spesielt egnet for bygge, renovering og malearbeid. I tillegg ogs\u00e5 egnet for industri, produksjon og i lakkbokser.","breadcrumb":{"@id":"https:\/\/primacover.com\/no\/product\/primacover-combi\/#breadcrumb"},"inLanguage":"nb-NO","potentialAction":[{"@type":"ReadAction","target":["https:\/\/primacover.com\/no\/product\/primacover-combi\/"]}]},{"@type":"ImageObject","inLanguage":"nb-NO","@id":"https:\/\/primacover.com\/no\/product\/primacover-combi\/#primaryimage","url":"https:\/\/primacover.com\/wp-content\/uploads\/2022\/04\/Combi_P0NZ_s01.jpg","contentUrl":"https:\/\/primacover.com\/wp-content\/uploads\/2022\/04\/Combi_P0NZ_s01.jpg","width":600,"height":600,"caption":"900047 PrimaCover Combi Praktisk gs1_01"},{"@type":"BreadcrumbList","@id":"https:\/\/primacover.com\/no\/product\/primacover-combi\/#breadcrumb","itemListElement":[{"@type":"ListItem","position":1,"name":"Home","item":"https:\/\/primacover.com\/no\/"},{"@type":"ListItem","position":2,"name":"Produkter","item":"https:\/\/primacover.com\/no\/produkter\/"},{"@type":"ListItem","position":3,"name":"PrimaCover Combi"}]},{"@type":"WebSite","@id":"https:\/\/primacover.com\/no\/#website","url":"https:\/\/primacover.com\/no\/","name":"PrimaCover","description":"afdekvlies-afdekfolie-stofdeuren, coveringmaterials-dustdoors","publisher":{"@id":"https:\/\/primacover.com\/no\/#organization"},"potentialAction":[{"@type":"SearchAction","target":{"@type":"EntryPoint","urlTemplate":"https:\/\/primacover.com\/no\/?s={search_term_string}"},"query-input":{"@type":"PropertyValueSpecification","valueRequired":true,"valueName":"search_term_string"}}],"inLanguage":"nb-NO"},{"@type":"Organization","@id":"https:\/\/primacover.com\/no\/#organization","name":"PrimaCover","url":"https:\/\/primacover.com\/no\/","logo":{"@type":"ImageObject","inLanguage":"nb-NO","@id":"https:\/\/primacover.com\/no\/#\/schema\/logo\/image\/","url":"","contentUrl":"","caption":"PrimaCover"},"image":{"@id":"https:\/\/primacover.com\/no\/#\/schema\/logo\/image\/"},"sameAs":["https:\/\/www.facebook.com\/PrimaverdeBV","https:\/\/nl.linkedin.com\/company\/primaverde","https:\/\/www.youtube.com\/channel\/UC3DwQqj8f8tatLdSFA0aWwA"]}]},"product_brand":"PrimaCover","product_price_currency":"EUR","og_availability":"instock","product_availability":"instock","product_retailer_item_id":"PC900047","product_condition":"new"},"_links":{"self":[{"href":"https:\/\/primacover.com\/no\/wp-json\/wp\/v2\/product\/131910","targetHints":{"allow":["GET"]}}],"collection":[{"href":"https:\/\/primacover.com\/no\/wp-json\/wp\/v2\/product"}],"about":[{"href":"https:\/\/primacover.com\/no\/wp-json\/wp\/v2\/types\/product"}],"wp:featuredmedia":[{"embeddable":true,"href":"https:\/\/primacover.com\/no\/wp-json\/wp\/v2\/media\/130008"}],"wp:attachment":[{"href":"https:\/\/primacover.com\/no\/wp-json\/wp\/v2\/media?parent=131910"}],"wp:term":[{"taxonomy":"product_brand","embeddable":true,"href":"https:\/\/primacover.com\/no\/wp-json\/wp\/v2\/product_brand?post=131910"},{"taxonomy":"product_cat","embeddable":true,"href":"https:\/\/primacover.com\/no\/wp-json\/wp\/v2\/product_cat?post=131910"},{"taxonomy":"product_tag","embeddable":true,"href":"https:\/\/primacover.com\/no\/wp-json\/wp\/v2\/product_tag?post=131910"}],"curies":[{"name":"wp","href":"https:\/\/api.w.org\/{rel}","templated":true}]}}