{"id":131919,"date":"2022-05-02T12:55:12","date_gmt":"2022-05-02T10:55:12","guid":{"rendered":"https:\/\/primacover.com\/product\/primacover-absorb\/"},"modified":"2026-04-03T11:29:10","modified_gmt":"2026-04-03T09:29:10","slug":"primacover-absorb","status":"publish","type":"product","link":"https:\/\/primacover.com\/no\/product\/primacover-absorb\/","title":{"rendered":"PrimaCover Absorb"},"content":{"rendered":"<h2>Sterk absorberende dekkfilt<\/h2>\n<p>PrimaCover Absorb er en ugjennomtrengelig, selvklebende dekkfilt som er utstyrt med et foliemellomlag. Takket v\u00e6re viskoseoverflaten kan den ta opp store mengder v\u00e6ske. T\u00e5ler til og med v\u00e6sker som inneholder l\u00f8sningsmidler, slik som maling, lim og avfettingsmidler.<\/p>\n<p><strong>Egenskaper:<\/strong><\/p>\n<ul>\n<li>Enorm absorberingsevne (1 liter\/m\u00b2)<\/li>\n<li>V\u00e6sketett og bestandig mot l\u00f8sningsmidler<\/li>\n<li>Sklisikker<\/li>\n<li>Selvklebende<\/li>\n<li>St\u00f8tdempende<\/li>\n<li>Lofri<\/li>\n<\/ul>\n<p><strong>Bruk:<\/strong><\/p>\n<ul>\n<li>For helt t\u00f8rre harde underlag.<\/li>\n<li>Egnet for gulv og trapper.<\/li>\n<\/ul>\n<p><strong>Instruksjoner:<\/strong><\/p>\n<ul>\n<li>Test produktets egnethet p\u00e5 forh\u00e5nd. <\/li>\n<li>Sl\u00e5 av gulvvarme f\u00f8r bruk.<\/li>\n<\/ul>\n","protected":false},"excerpt":{"rendered":"<h2>Sterk absorberende dekkfilt<\/h2>\n","protected":false},"featured_media":130187,"menu_order":22,"template":"","meta":{"generate_page_header":""},"product_brand":[],"product_cat":[2043],"product_tag":[3400,3122],"class_list":{"0":"post-131919","1":"product","2":"type-product","3":"status-publish","4":"has-post-thumbnail","6":"product_cat-dekkfilt","7":"product_tag-eksisterende-gjennomtorre-inneholder-ingen-fuktighet","8":"product_tag-selvklebende","9":"pa_breedte-1-no","10":"pa_eenheid-m-no","11":"pa_foliedikte-0-no","12":"pa_frame-0-no","13":"pa_lengte-25-no","14":"pa_matten30-0-0x30-no","15":"pa_merk-primacover-no","16":"pa_objecttypen-gulv","17":"pa_objecttypen-trapper","18":"pa_ondergrond-keramisk-flis","19":"pa_ondergrond-laminat-no","20":"pa_ondergrond-linoleum-no","21":"pa_ondergrond-naturstein-no","22":"pa_ondergrond-parkett-no","23":"pa_ondergrond-plast","24":"pa_ondergrond-prefabbetong","25":"pa_ondergrond-pvc-polyuretan-topplag","26":"pa_ondergrond-sementstopt-gulv","27":"pa_ondergrond-stopt-gulv-i-plast","28":"pa_ondergrond-tre","29":"pa_ondergrond-vinyl-no","30":"","31":"woocommerce-text-align-center","32":"woocommerce-image-align-center","33":"do-quantity-buttons","35":"first","36":"instock","37":"shipping-taxable","38":"product-type-simple"},"yoast_head":"<!-- This site is optimized with the Yoast SEO Premium plugin v27.4 (Yoast SEO v27.4) - https:\/\/yoast.com\/product\/yoast-seo-premium-wordpress\/ -->\n<title>Dekkfilt PrimaCover Absorb<\/title>\n<meta name=\"description\" content=\"PrimaCover Absorb er en ugjennomtrengelig, selvklebende dekkfilt som er utstyrt med et foliemellomlag. Takket v\u00e6re viskoseoverflaten kan den ta opp store mengder v\u00e6ske. T\u00e5ler til og med v\u00e6sker som inneholder l\u00f8sningsmidler, slik som maling, lim og avfettingsmidler.\" \/>\n<meta name=\"robots\" content=\"index, follow, max-snippet:-1, max-image-preview:large, max-video-preview:-1\" \/>\n<link rel=\"canonical\" href=\"https:\/\/primacover.com\/no\/product\/primacover-absorb\/\" \/>\n<meta property=\"og:locale\" content=\"nb_NO\" \/>\n<meta property=\"og:type\" content=\"article\" \/>\n<meta property=\"og:title\" content=\"PrimaCover Absorb\" \/>\n<meta property=\"og:description\" content=\"PrimaCover Absorb er en ugjennomtrengelig, selvklebende dekkfilt som er utstyrt med et foliemellomlag. Takket v\u00e6re viskoseoverflaten kan den ta opp store mengder v\u00e6ske. T\u00e5ler til og med v\u00e6sker som inneholder l\u00f8sningsmidler, slik som maling, lim og avfettingsmidler.\" \/>\n<meta property=\"og:url\" content=\"https:\/\/primacover.com\/no\/product\/primacover-absorb\/\" \/>\n<meta property=\"og:site_name\" content=\"PrimaCover\" \/>\n<meta property=\"article:publisher\" content=\"https:\/\/www.facebook.com\/PrimaverdeBV\" \/>\n<meta property=\"article:modified_time\" content=\"2026-04-03T09:29:10+00:00\" \/>\n<meta property=\"og:image\" content=\"https:\/\/primacover.com\/wp-content\/uploads\/2022\/04\/Absorb_P0NZ_s01.jpg\" \/>\n\t<meta property=\"og:image:width\" content=\"600\" \/>\n\t<meta property=\"og:image:height\" content=\"600\" \/>\n\t<meta property=\"og:image:type\" content=\"image\/jpeg\" \/>\n<meta name=\"twitter:card\" content=\"summary_large_image\" \/>\n<meta name=\"twitter:label1\" content=\"Pris\" \/>\n\t<meta name=\"twitter:data1\" content=\"\" \/>\n\t<meta name=\"twitter:label2\" content=\"Tilgjengelighet\" \/>\n\t<meta name=\"twitter:data2\" content=\"P\u00e5 lager\" \/>\n<script type=\"application\/ld+json\" class=\"yoast-schema-graph\">{\"@context\":\"https:\\\/\\\/schema.org\",\"@graph\":[{\"@type\":\"WebPage\",\"@id\":\"https:\\\/\\\/primacover.com\\\/no\\\/product\\\/primacover-absorb\\\/\",\"url\":\"https:\\\/\\\/primacover.com\\\/no\\\/product\\\/primacover-absorb\\\/\",\"name\":\"Dekkfilt PrimaCover Absorb\",\"isPartOf\":{\"@id\":\"https:\\\/\\\/primacover.com\\\/no\\\/#website\"},\"primaryImageOfPage\":{\"@id\":\"https:\\\/\\\/primacover.com\\\/no\\\/product\\\/primacover-absorb\\\/#primaryimage\"},\"image\":{\"@id\":\"https:\\\/\\\/primacover.com\\\/no\\\/product\\\/primacover-absorb\\\/#primaryimage\"},\"thumbnailUrl\":\"https:\\\/\\\/primacover.com\\\/wp-content\\\/uploads\\\/2022\\\/04\\\/Absorb_P0NZ_s01.jpg\",\"datePublished\":\"2022-05-02T10:55:12+00:00\",\"dateModified\":\"2026-04-03T09:29:10+00:00\",\"description\":\"PrimaCover Absorb er en ugjennomtrengelig, selvklebende dekkfilt som er utstyrt med et foliemellomlag. Takket v\u00e6re viskoseoverflaten kan den ta opp store mengder v\u00e6ske. T\u00e5ler til og med v\u00e6sker som inneholder l\u00f8sningsmidler, slik som maling, lim og avfettingsmidler.\",\"breadcrumb\":{\"@id\":\"https:\\\/\\\/primacover.com\\\/no\\\/product\\\/primacover-absorb\\\/#breadcrumb\"},\"inLanguage\":\"nb-NO\",\"potentialAction\":[{\"@type\":\"ReadAction\",\"target\":[\"https:\\\/\\\/primacover.com\\\/no\\\/product\\\/primacover-absorb\\\/\"]}]},{\"@type\":\"ImageObject\",\"inLanguage\":\"nb-NO\",\"@id\":\"https:\\\/\\\/primacover.com\\\/no\\\/product\\\/primacover-absorb\\\/#primaryimage\",\"url\":\"https:\\\/\\\/primacover.com\\\/wp-content\\\/uploads\\\/2022\\\/04\\\/Absorb_P0NZ_s01.jpg\",\"contentUrl\":\"https:\\\/\\\/primacover.com\\\/wp-content\\\/uploads\\\/2022\\\/04\\\/Absorb_P0NZ_s01.jpg\",\"width\":600,\"height\":600,\"caption\":\"900037 PrimaCover Absorb Praktisk gs1_01\"},{\"@type\":\"BreadcrumbList\",\"@id\":\"https:\\\/\\\/primacover.com\\\/no\\\/product\\\/primacover-absorb\\\/#breadcrumb\",\"itemListElement\":[{\"@type\":\"ListItem\",\"position\":1,\"name\":\"Home\",\"item\":\"https:\\\/\\\/primacover.com\\\/no\\\/\"},{\"@type\":\"ListItem\",\"position\":2,\"name\":\"Produkter\",\"item\":\"https:\\\/\\\/primacover.com\\\/no\\\/produkter\\\/\"},{\"@type\":\"ListItem\",\"position\":3,\"name\":\"PrimaCover Absorb\"}]},{\"@type\":\"WebSite\",\"@id\":\"https:\\\/\\\/primacover.com\\\/no\\\/#website\",\"url\":\"https:\\\/\\\/primacover.com\\\/no\\\/\",\"name\":\"PrimaCover\",\"description\":\"afdekvlies-afdekfolie-stofdeuren, coveringmaterials-dustdoors\",\"publisher\":{\"@id\":\"https:\\\/\\\/primacover.com\\\/no\\\/#organization\"},\"potentialAction\":[{\"@type\":\"SearchAction\",\"target\":{\"@type\":\"EntryPoint\",\"urlTemplate\":\"https:\\\/\\\/primacover.com\\\/no\\\/?s={search_term_string}\"},\"query-input\":{\"@type\":\"PropertyValueSpecification\",\"valueRequired\":true,\"valueName\":\"search_term_string\"}}],\"inLanguage\":\"nb-NO\"},{\"@type\":\"Organization\",\"@id\":\"https:\\\/\\\/primacover.com\\\/no\\\/#organization\",\"name\":\"PrimaCover\",\"url\":\"https:\\\/\\\/primacover.com\\\/no\\\/\",\"logo\":{\"@type\":\"ImageObject\",\"inLanguage\":\"nb-NO\",\"@id\":\"https:\\\/\\\/primacover.com\\\/no\\\/#\\\/schema\\\/logo\\\/image\\\/\",\"url\":\"\",\"contentUrl\":\"\",\"caption\":\"PrimaCover\"},\"image\":{\"@id\":\"https:\\\/\\\/primacover.com\\\/no\\\/#\\\/schema\\\/logo\\\/image\\\/\"},\"sameAs\":[\"https:\\\/\\\/www.facebook.com\\\/PrimaverdeBV\",\"https:\\\/\\\/nl.linkedin.com\\\/company\\\/primaverde\",\"https:\\\/\\\/www.youtube.com\\\/channel\\\/UC3DwQqj8f8tatLdSFA0aWwA\"]}]}<\/script>\n<meta property=\"product:brand\" content=\"PrimaCover\" \/>\n<meta property=\"product:price:currency\" content=\"EUR\" \/>\n<meta property=\"og:availability\" content=\"instock\" \/>\n<meta property=\"product:availability\" content=\"instock\" \/>\n<meta property=\"product:retailer_item_id\" content=\"PC900037\" \/>\n<meta property=\"product:condition\" content=\"new\" \/>\n<!-- \/ Yoast SEO Premium plugin. -->","yoast_head_json":{"title":"Dekkfilt PrimaCover Absorb","description":"PrimaCover Absorb er en ugjennomtrengelig, selvklebende dekkfilt som er utstyrt med et foliemellomlag. Takket v\u00e6re viskoseoverflaten kan den ta opp store mengder v\u00e6ske. T\u00e5ler til og med v\u00e6sker som inneholder l\u00f8sningsmidler, slik som maling, lim og avfettingsmidler.","robots":{"index":"index","follow":"follow","max-snippet":"max-snippet:-1","max-image-preview":"max-image-preview:large","max-video-preview":"max-video-preview:-1"},"canonical":"https:\/\/primacover.com\/no\/product\/primacover-absorb\/","og_locale":"nb_NO","og_type":"article","og_title":"PrimaCover Absorb","og_description":"PrimaCover Absorb er en ugjennomtrengelig, selvklebende dekkfilt som er utstyrt med et foliemellomlag. Takket v\u00e6re viskoseoverflaten kan den ta opp store mengder v\u00e6ske. T\u00e5ler til og med v\u00e6sker som inneholder l\u00f8sningsmidler, slik som maling, lim og avfettingsmidler.","og_url":"https:\/\/primacover.com\/no\/product\/primacover-absorb\/","og_site_name":"PrimaCover","article_publisher":"https:\/\/www.facebook.com\/PrimaverdeBV","article_modified_time":"2026-04-03T09:29:10+00:00","og_image":[{"width":600,"height":600,"url":"https:\/\/primacover.com\/wp-content\/uploads\/2022\/04\/Absorb_P0NZ_s01.jpg","type":"image\/jpeg"}],"twitter_card":"summary_large_image","twitter_misc":{"Pris":"","Tilgjengelighet":"P\u00e5 lager"},"schema":{"@context":"https:\/\/schema.org","@graph":[{"@type":"WebPage","@id":"https:\/\/primacover.com\/no\/product\/primacover-absorb\/","url":"https:\/\/primacover.com\/no\/product\/primacover-absorb\/","name":"Dekkfilt PrimaCover Absorb","isPartOf":{"@id":"https:\/\/primacover.com\/no\/#website"},"primaryImageOfPage":{"@id":"https:\/\/primacover.com\/no\/product\/primacover-absorb\/#primaryimage"},"image":{"@id":"https:\/\/primacover.com\/no\/product\/primacover-absorb\/#primaryimage"},"thumbnailUrl":"https:\/\/primacover.com\/wp-content\/uploads\/2022\/04\/Absorb_P0NZ_s01.jpg","datePublished":"2022-05-02T10:55:12+00:00","dateModified":"2026-04-03T09:29:10+00:00","description":"PrimaCover Absorb er en ugjennomtrengelig, selvklebende dekkfilt som er utstyrt med et foliemellomlag. Takket v\u00e6re viskoseoverflaten kan den ta opp store mengder v\u00e6ske. T\u00e5ler til og med v\u00e6sker som inneholder l\u00f8sningsmidler, slik som maling, lim og avfettingsmidler.","breadcrumb":{"@id":"https:\/\/primacover.com\/no\/product\/primacover-absorb\/#breadcrumb"},"inLanguage":"nb-NO","potentialAction":[{"@type":"ReadAction","target":["https:\/\/primacover.com\/no\/product\/primacover-absorb\/"]}]},{"@type":"ImageObject","inLanguage":"nb-NO","@id":"https:\/\/primacover.com\/no\/product\/primacover-absorb\/#primaryimage","url":"https:\/\/primacover.com\/wp-content\/uploads\/2022\/04\/Absorb_P0NZ_s01.jpg","contentUrl":"https:\/\/primacover.com\/wp-content\/uploads\/2022\/04\/Absorb_P0NZ_s01.jpg","width":600,"height":600,"caption":"900037 PrimaCover Absorb Praktisk gs1_01"},{"@type":"BreadcrumbList","@id":"https:\/\/primacover.com\/no\/product\/primacover-absorb\/#breadcrumb","itemListElement":[{"@type":"ListItem","position":1,"name":"Home","item":"https:\/\/primacover.com\/no\/"},{"@type":"ListItem","position":2,"name":"Produkter","item":"https:\/\/primacover.com\/no\/produkter\/"},{"@type":"ListItem","position":3,"name":"PrimaCover Absorb"}]},{"@type":"WebSite","@id":"https:\/\/primacover.com\/no\/#website","url":"https:\/\/primacover.com\/no\/","name":"PrimaCover","description":"afdekvlies-afdekfolie-stofdeuren, coveringmaterials-dustdoors","publisher":{"@id":"https:\/\/primacover.com\/no\/#organization"},"potentialAction":[{"@type":"SearchAction","target":{"@type":"EntryPoint","urlTemplate":"https:\/\/primacover.com\/no\/?s={search_term_string}"},"query-input":{"@type":"PropertyValueSpecification","valueRequired":true,"valueName":"search_term_string"}}],"inLanguage":"nb-NO"},{"@type":"Organization","@id":"https:\/\/primacover.com\/no\/#organization","name":"PrimaCover","url":"https:\/\/primacover.com\/no\/","logo":{"@type":"ImageObject","inLanguage":"nb-NO","@id":"https:\/\/primacover.com\/no\/#\/schema\/logo\/image\/","url":"","contentUrl":"","caption":"PrimaCover"},"image":{"@id":"https:\/\/primacover.com\/no\/#\/schema\/logo\/image\/"},"sameAs":["https:\/\/www.facebook.com\/PrimaverdeBV","https:\/\/nl.linkedin.com\/company\/primaverde","https:\/\/www.youtube.com\/channel\/UC3DwQqj8f8tatLdSFA0aWwA"]}]},"product_brand":"PrimaCover","product_price_currency":"EUR","og_availability":"instock","product_availability":"instock","product_retailer_item_id":"PC900037","product_condition":"new"},"_links":{"self":[{"href":"https:\/\/primacover.com\/no\/wp-json\/wp\/v2\/product\/131919","targetHints":{"allow":["GET"]}}],"collection":[{"href":"https:\/\/primacover.com\/no\/wp-json\/wp\/v2\/product"}],"about":[{"href":"https:\/\/primacover.com\/no\/wp-json\/wp\/v2\/types\/product"}],"wp:featuredmedia":[{"embeddable":true,"href":"https:\/\/primacover.com\/no\/wp-json\/wp\/v2\/media\/130187"}],"wp:attachment":[{"href":"https:\/\/primacover.com\/no\/wp-json\/wp\/v2\/media?parent=131919"}],"wp:term":[{"taxonomy":"product_brand","embeddable":true,"href":"https:\/\/primacover.com\/no\/wp-json\/wp\/v2\/product_brand?post=131919"},{"taxonomy":"product_cat","embeddable":true,"href":"https:\/\/primacover.com\/no\/wp-json\/wp\/v2\/product_cat?post=131919"},{"taxonomy":"product_tag","embeddable":true,"href":"https:\/\/primacover.com\/no\/wp-json\/wp\/v2\/product_tag?post=131919"}],"curies":[{"name":"wp","href":"https:\/\/api.w.org\/{rel}","templated":true}]}}