{"id":131928,"date":"2022-05-02T12:55:21","date_gmt":"2022-05-02T10:55:21","guid":{"rendered":"https:\/\/primacover.com\/product\/primacover-defend\/"},"modified":"2026-04-03T11:51:01","modified_gmt":"2026-04-03T09:51:01","slug":"primacover-defend","status":"publish","type":"product","link":"https:\/\/primacover.com\/no\/product\/primacover-defend\/","title":{"rendered":"PrimaCover Defend"},"content":{"rendered":"<h2>Filtplate<\/h2>\n<p>PrimaCover Defend er en tykk, kraftig dekkfilt for maksimal beskyttelse av harde overflater. Forhindrer mekaniske skader for\u00e5rsaket av rusk, trykkbelastning, utstyr i bevegelse osv. P\u00e5 grunn av formatet kan store omr\u00e5der beskyttes effektivt. Skj\u00e6res lett til \u00f8nsket dimensjon med saks eller kniv.<\/p>\n<p><strong>Egenskaper:<\/strong><\/p>\n<ul>\n<li>100% diffusjons\u00e5pen, dermed egnet for fuktige underlag, naturstein og parkett<\/li>\n<li>Tilpassningsvennlig<\/li>\n<li>Sv\u00e6rt h\u00f8y mekanisk beskyttelsesvirkning, ogs\u00e5 ved punktbelastning<\/li>\n<li>Kan gjenbrukes<\/li>\n<li>Nesten helt lofri<\/li>\n<li>Tykkelse:  ca. 4mm.<\/li>\n<li>Tilgjengelig i ruller (25m x 1m)  og som l\u00f8se plater (80cm x 120cm)<\/li>\n<\/ul>\n<p><strong>Bruk:<\/strong><\/p>\n<ul>\n<li>Egnet for nesten alle overflater, inkludert naturstein og tregulv.<\/li>\n<\/ul>\n<p><strong>Instruksjoner:<\/strong><\/p>\n<ul>\n<li>I tilfeller ved tung vekt, beskytt hj\u00f8rnene med passende teip. For vanntett beskyttelse kan for eksempel PrimaCover Standard eller PrimaCover Active p\u00e5f\u00f8res p\u00e5 undersiden. <\/li>\n<li>Test produktets egnethet p\u00e5 forh\u00e5nd.<\/li>\n<\/ul>\n","protected":false},"excerpt":{"rendered":"<h2>Filtplate<\/h2>\n","protected":false},"featured_media":130346,"menu_order":26,"template":"","meta":{"generate_page_header":""},"product_brand":[],"product_cat":[2043],"product_tag":[3400,3401,3402],"class_list":{"0":"post-131928","1":"product","2":"type-product","3":"status-publish","4":"has-post-thumbnail","6":"product_cat-dekkfilt","7":"product_tag-eksisterende-gjennomtorre-inneholder-ingen-fuktighet","8":"product_tag-nylagt","9":"product_tag-nylig-behandlet","10":"pa_breedte-1-2-no","11":"pa_eenheid-m-no","12":"pa_foliedikte-4000-no","13":"pa_frame-0-no","14":"pa_lengte-0-8-no","15":"pa_matten30-0-0x30-no","16":"pa_merk-primacover-no","17":"pa_objecttypen-gulv","18":"pa_ondergrond-keramisk-flis","19":"pa_ondergrond-laminat-no","20":"pa_ondergrond-linoleum-no","21":"pa_ondergrond-naturstein-no","22":"pa_ondergrond-parkett-no","23":"pa_ondergrond-plast","24":"pa_ondergrond-prefabbetong","25":"pa_ondergrond-pvc-polyuretan-topplag","26":"pa_ondergrond-sementstopt-gulv","27":"pa_ondergrond-stopt-gulv-i-plast","28":"pa_ondergrond-teppe-hoy-haug","29":"pa_ondergrond-teppe-lav-haug","30":"pa_ondergrond-tre","31":"pa_ondergrond-tre-ubehandlet","32":"pa_ondergrond-vinyl-no","33":"","34":"woocommerce-text-align-center","35":"woocommerce-image-align-center","36":"do-quantity-buttons","38":"first","39":"instock","40":"shipping-taxable","41":"product-type-simple"},"yoast_head":"<!-- This site is optimized with the Yoast SEO Premium plugin v27.4 (Yoast SEO v27.4) - https:\/\/yoast.com\/product\/yoast-seo-premium-wordpress\/ -->\n<title>Dekkfilt PrimaCover Defend<\/title>\n<meta name=\"description\" content=\"Tykk filtfiberplate som kan belastes mye for maksimal beskyttelse p\u00e5 forskjellige overflater. Forhindrer st\u00f8tskader, trykkbelastning, osv. P\u00e5 grunn av formatet kan store omr\u00e5der beskyttes effektivt. Skj\u00e6res lett til \u00f8nsket dimensjon med saks eller kniv.\" \/>\n<meta name=\"robots\" content=\"index, follow, max-snippet:-1, max-image-preview:large, max-video-preview:-1\" \/>\n<link rel=\"canonical\" href=\"https:\/\/primacover.com\/no\/product\/primacover-defend\/\" \/>\n<meta property=\"og:locale\" content=\"nb_NO\" \/>\n<meta property=\"og:type\" content=\"article\" \/>\n<meta property=\"og:title\" content=\"PrimaCover Defend\" \/>\n<meta property=\"og:description\" content=\"Tykk filtfiberplate som kan belastes mye for maksimal beskyttelse p\u00e5 forskjellige overflater. Forhindrer st\u00f8tskader, trykkbelastning, osv. P\u00e5 grunn av formatet kan store omr\u00e5der beskyttes effektivt. Skj\u00e6res lett til \u00f8nsket dimensjon med saks eller kniv.\" \/>\n<meta property=\"og:url\" content=\"https:\/\/primacover.com\/no\/product\/primacover-defend\/\" \/>\n<meta property=\"og:site_name\" content=\"PrimaCover\" \/>\n<meta property=\"article:publisher\" content=\"https:\/\/www.facebook.com\/PrimaverdeBV\" \/>\n<meta property=\"article:modified_time\" content=\"2026-04-03T09:51:01+00:00\" \/>\n<meta property=\"og:image\" content=\"https:\/\/primacover.com\/wp-content\/uploads\/2022\/04\/Defend_P0NZ_s01.jpg\" \/>\n\t<meta property=\"og:image:width\" content=\"600\" \/>\n\t<meta property=\"og:image:height\" content=\"600\" \/>\n\t<meta property=\"og:image:type\" content=\"image\/jpeg\" \/>\n<meta name=\"twitter:card\" content=\"summary_large_image\" \/>\n<meta name=\"twitter:label1\" content=\"Pris\" \/>\n\t<meta name=\"twitter:data1\" content=\"\" \/>\n\t<meta name=\"twitter:label2\" content=\"Tilgjengelighet\" \/>\n\t<meta name=\"twitter:data2\" content=\"P\u00e5 lager\" \/>\n<script type=\"application\/ld+json\" class=\"yoast-schema-graph\">{\"@context\":\"https:\\\/\\\/schema.org\",\"@graph\":[{\"@type\":\"WebPage\",\"@id\":\"https:\\\/\\\/primacover.com\\\/no\\\/product\\\/primacover-defend\\\/\",\"url\":\"https:\\\/\\\/primacover.com\\\/no\\\/product\\\/primacover-defend\\\/\",\"name\":\"Dekkfilt PrimaCover Defend\",\"isPartOf\":{\"@id\":\"https:\\\/\\\/primacover.com\\\/no\\\/#website\"},\"primaryImageOfPage\":{\"@id\":\"https:\\\/\\\/primacover.com\\\/no\\\/product\\\/primacover-defend\\\/#primaryimage\"},\"image\":{\"@id\":\"https:\\\/\\\/primacover.com\\\/no\\\/product\\\/primacover-defend\\\/#primaryimage\"},\"thumbnailUrl\":\"https:\\\/\\\/primacover.com\\\/wp-content\\\/uploads\\\/2022\\\/04\\\/Defend_P0NZ_s01.jpg\",\"datePublished\":\"2022-05-02T10:55:21+00:00\",\"dateModified\":\"2026-04-03T09:51:01+00:00\",\"description\":\"Tykk filtfiberplate som kan belastes mye for maksimal beskyttelse p\u00e5 forskjellige overflater. Forhindrer st\u00f8tskader, trykkbelastning, osv. P\u00e5 grunn av formatet kan store omr\u00e5der beskyttes effektivt. Skj\u00e6res lett til \u00f8nsket dimensjon med saks eller kniv.\",\"breadcrumb\":{\"@id\":\"https:\\\/\\\/primacover.com\\\/no\\\/product\\\/primacover-defend\\\/#breadcrumb\"},\"inLanguage\":\"nb-NO\",\"potentialAction\":[{\"@type\":\"ReadAction\",\"target\":[\"https:\\\/\\\/primacover.com\\\/no\\\/product\\\/primacover-defend\\\/\"]}]},{\"@type\":\"ImageObject\",\"inLanguage\":\"nb-NO\",\"@id\":\"https:\\\/\\\/primacover.com\\\/no\\\/product\\\/primacover-defend\\\/#primaryimage\",\"url\":\"https:\\\/\\\/primacover.com\\\/wp-content\\\/uploads\\\/2022\\\/04\\\/Defend_P0NZ_s01.jpg\",\"contentUrl\":\"https:\\\/\\\/primacover.com\\\/wp-content\\\/uploads\\\/2022\\\/04\\\/Defend_P0NZ_s01.jpg\",\"width\":600,\"height\":600,\"caption\":\"900029 PrimaCover Defend Praktisk gs1_01\"},{\"@type\":\"BreadcrumbList\",\"@id\":\"https:\\\/\\\/primacover.com\\\/no\\\/product\\\/primacover-defend\\\/#breadcrumb\",\"itemListElement\":[{\"@type\":\"ListItem\",\"position\":1,\"name\":\"Home\",\"item\":\"https:\\\/\\\/primacover.com\\\/no\\\/\"},{\"@type\":\"ListItem\",\"position\":2,\"name\":\"Produkter\",\"item\":\"https:\\\/\\\/primacover.com\\\/no\\\/produkter\\\/\"},{\"@type\":\"ListItem\",\"position\":3,\"name\":\"PrimaCover Defend\"}]},{\"@type\":\"WebSite\",\"@id\":\"https:\\\/\\\/primacover.com\\\/no\\\/#website\",\"url\":\"https:\\\/\\\/primacover.com\\\/no\\\/\",\"name\":\"PrimaCover\",\"description\":\"afdekvlies-afdekfolie-stofdeuren, coveringmaterials-dustdoors\",\"publisher\":{\"@id\":\"https:\\\/\\\/primacover.com\\\/no\\\/#organization\"},\"potentialAction\":[{\"@type\":\"SearchAction\",\"target\":{\"@type\":\"EntryPoint\",\"urlTemplate\":\"https:\\\/\\\/primacover.com\\\/no\\\/?s={search_term_string}\"},\"query-input\":{\"@type\":\"PropertyValueSpecification\",\"valueRequired\":true,\"valueName\":\"search_term_string\"}}],\"inLanguage\":\"nb-NO\"},{\"@type\":\"Organization\",\"@id\":\"https:\\\/\\\/primacover.com\\\/no\\\/#organization\",\"name\":\"PrimaCover\",\"url\":\"https:\\\/\\\/primacover.com\\\/no\\\/\",\"logo\":{\"@type\":\"ImageObject\",\"inLanguage\":\"nb-NO\",\"@id\":\"https:\\\/\\\/primacover.com\\\/no\\\/#\\\/schema\\\/logo\\\/image\\\/\",\"url\":\"\",\"contentUrl\":\"\",\"caption\":\"PrimaCover\"},\"image\":{\"@id\":\"https:\\\/\\\/primacover.com\\\/no\\\/#\\\/schema\\\/logo\\\/image\\\/\"},\"sameAs\":[\"https:\\\/\\\/www.facebook.com\\\/PrimaverdeBV\",\"https:\\\/\\\/nl.linkedin.com\\\/company\\\/primaverde\",\"https:\\\/\\\/www.youtube.com\\\/channel\\\/UC3DwQqj8f8tatLdSFA0aWwA\"]}]}<\/script>\n<meta property=\"product:brand\" content=\"PrimaCover\" \/>\n<meta property=\"product:price:currency\" content=\"EUR\" \/>\n<meta property=\"og:availability\" content=\"instock\" \/>\n<meta property=\"product:availability\" content=\"instock\" \/>\n<meta property=\"product:retailer_item_id\" content=\"PC900029\" \/>\n<meta property=\"product:condition\" content=\"new\" \/>\n<!-- \/ Yoast SEO Premium plugin. -->","yoast_head_json":{"title":"Dekkfilt PrimaCover Defend","description":"Tykk filtfiberplate som kan belastes mye for maksimal beskyttelse p\u00e5 forskjellige overflater. Forhindrer st\u00f8tskader, trykkbelastning, osv. P\u00e5 grunn av formatet kan store omr\u00e5der beskyttes effektivt. Skj\u00e6res lett til \u00f8nsket dimensjon med saks eller kniv.","robots":{"index":"index","follow":"follow","max-snippet":"max-snippet:-1","max-image-preview":"max-image-preview:large","max-video-preview":"max-video-preview:-1"},"canonical":"https:\/\/primacover.com\/no\/product\/primacover-defend\/","og_locale":"nb_NO","og_type":"article","og_title":"PrimaCover Defend","og_description":"Tykk filtfiberplate som kan belastes mye for maksimal beskyttelse p\u00e5 forskjellige overflater. Forhindrer st\u00f8tskader, trykkbelastning, osv. P\u00e5 grunn av formatet kan store omr\u00e5der beskyttes effektivt. Skj\u00e6res lett til \u00f8nsket dimensjon med saks eller kniv.","og_url":"https:\/\/primacover.com\/no\/product\/primacover-defend\/","og_site_name":"PrimaCover","article_publisher":"https:\/\/www.facebook.com\/PrimaverdeBV","article_modified_time":"2026-04-03T09:51:01+00:00","og_image":[{"width":600,"height":600,"url":"https:\/\/primacover.com\/wp-content\/uploads\/2022\/04\/Defend_P0NZ_s01.jpg","type":"image\/jpeg"}],"twitter_card":"summary_large_image","twitter_misc":{"Pris":"","Tilgjengelighet":"P\u00e5 lager"},"schema":{"@context":"https:\/\/schema.org","@graph":[{"@type":"WebPage","@id":"https:\/\/primacover.com\/no\/product\/primacover-defend\/","url":"https:\/\/primacover.com\/no\/product\/primacover-defend\/","name":"Dekkfilt PrimaCover Defend","isPartOf":{"@id":"https:\/\/primacover.com\/no\/#website"},"primaryImageOfPage":{"@id":"https:\/\/primacover.com\/no\/product\/primacover-defend\/#primaryimage"},"image":{"@id":"https:\/\/primacover.com\/no\/product\/primacover-defend\/#primaryimage"},"thumbnailUrl":"https:\/\/primacover.com\/wp-content\/uploads\/2022\/04\/Defend_P0NZ_s01.jpg","datePublished":"2022-05-02T10:55:21+00:00","dateModified":"2026-04-03T09:51:01+00:00","description":"Tykk filtfiberplate som kan belastes mye for maksimal beskyttelse p\u00e5 forskjellige overflater. Forhindrer st\u00f8tskader, trykkbelastning, osv. P\u00e5 grunn av formatet kan store omr\u00e5der beskyttes effektivt. Skj\u00e6res lett til \u00f8nsket dimensjon med saks eller kniv.","breadcrumb":{"@id":"https:\/\/primacover.com\/no\/product\/primacover-defend\/#breadcrumb"},"inLanguage":"nb-NO","potentialAction":[{"@type":"ReadAction","target":["https:\/\/primacover.com\/no\/product\/primacover-defend\/"]}]},{"@type":"ImageObject","inLanguage":"nb-NO","@id":"https:\/\/primacover.com\/no\/product\/primacover-defend\/#primaryimage","url":"https:\/\/primacover.com\/wp-content\/uploads\/2022\/04\/Defend_P0NZ_s01.jpg","contentUrl":"https:\/\/primacover.com\/wp-content\/uploads\/2022\/04\/Defend_P0NZ_s01.jpg","width":600,"height":600,"caption":"900029 PrimaCover Defend Praktisk gs1_01"},{"@type":"BreadcrumbList","@id":"https:\/\/primacover.com\/no\/product\/primacover-defend\/#breadcrumb","itemListElement":[{"@type":"ListItem","position":1,"name":"Home","item":"https:\/\/primacover.com\/no\/"},{"@type":"ListItem","position":2,"name":"Produkter","item":"https:\/\/primacover.com\/no\/produkter\/"},{"@type":"ListItem","position":3,"name":"PrimaCover Defend"}]},{"@type":"WebSite","@id":"https:\/\/primacover.com\/no\/#website","url":"https:\/\/primacover.com\/no\/","name":"PrimaCover","description":"afdekvlies-afdekfolie-stofdeuren, coveringmaterials-dustdoors","publisher":{"@id":"https:\/\/primacover.com\/no\/#organization"},"potentialAction":[{"@type":"SearchAction","target":{"@type":"EntryPoint","urlTemplate":"https:\/\/primacover.com\/no\/?s={search_term_string}"},"query-input":{"@type":"PropertyValueSpecification","valueRequired":true,"valueName":"search_term_string"}}],"inLanguage":"nb-NO"},{"@type":"Organization","@id":"https:\/\/primacover.com\/no\/#organization","name":"PrimaCover","url":"https:\/\/primacover.com\/no\/","logo":{"@type":"ImageObject","inLanguage":"nb-NO","@id":"https:\/\/primacover.com\/no\/#\/schema\/logo\/image\/","url":"","contentUrl":"","caption":"PrimaCover"},"image":{"@id":"https:\/\/primacover.com\/no\/#\/schema\/logo\/image\/"},"sameAs":["https:\/\/www.facebook.com\/PrimaverdeBV","https:\/\/nl.linkedin.com\/company\/primaverde","https:\/\/www.youtube.com\/channel\/UC3DwQqj8f8tatLdSFA0aWwA"]}]},"product_brand":"PrimaCover","product_price_currency":"EUR","og_availability":"instock","product_availability":"instock","product_retailer_item_id":"PC900029","product_condition":"new"},"_links":{"self":[{"href":"https:\/\/primacover.com\/no\/wp-json\/wp\/v2\/product\/131928","targetHints":{"allow":["GET"]}}],"collection":[{"href":"https:\/\/primacover.com\/no\/wp-json\/wp\/v2\/product"}],"about":[{"href":"https:\/\/primacover.com\/no\/wp-json\/wp\/v2\/types\/product"}],"wp:featuredmedia":[{"embeddable":true,"href":"https:\/\/primacover.com\/no\/wp-json\/wp\/v2\/media\/130346"}],"wp:attachment":[{"href":"https:\/\/primacover.com\/no\/wp-json\/wp\/v2\/media?parent=131928"}],"wp:term":[{"taxonomy":"product_brand","embeddable":true,"href":"https:\/\/primacover.com\/no\/wp-json\/wp\/v2\/product_brand?post=131928"},{"taxonomy":"product_cat","embeddable":true,"href":"https:\/\/primacover.com\/no\/wp-json\/wp\/v2\/product_cat?post=131928"},{"taxonomy":"product_tag","embeddable":true,"href":"https:\/\/primacover.com\/no\/wp-json\/wp\/v2\/product_tag?post=131928"}],"curies":[{"name":"wp","href":"https:\/\/api.w.org\/{rel}","templated":true}]}}