{"id":131931,"date":"2022-05-02T12:55:24","date_gmt":"2022-05-02T10:55:24","guid":{"rendered":"https:\/\/primacover.com\/product\/primacover-zipper\/"},"modified":"2026-04-03T11:36:52","modified_gmt":"2026-04-03T09:36:52","slug":"primacover-zipper","status":"publish","type":"product","link":"https:\/\/primacover.com\/no\/product\/primacover-zipper\/","title":{"rendered":"PrimaCover Zipper"},"content":{"rendered":"<h2>Selvklebende glidel\u00e5s (2 stk)<\/h2>\n<p>Lag en d\u00f8r\u00e5pning i en st\u00f8vvegg raskt og enklet. H\u00f8y kvalitet, derfor egnet for langvarig bruk. For en normal passasje er 1 glidel\u00e5s nok. For en ekstra bred passasje, plasser 2 glidel\u00e5ser i en viss avstand fra hverandre. Klistre p\u00e5 &#8211; skj\u00e6r opp &#8211; ferdig!<\/p>\n<p><strong>Egenskaper:<\/strong><\/p>\n<ul>\n<li>Eksepsjonell klebeevne, ekstra bred selvklebende felt<\/li>\n<li>Glidel\u00e5s med h\u00f8y kvalitet<\/li>\n<li>7,6cm x 213cm<\/li>\n<\/ul>\n<p><strong>Bruk:<\/strong><\/p>\n<ul>\n<li>For \u00e5 lage glidel\u00e5sd\u00f8rer i folie eller stoffd\u00f8rer<\/li>\n<\/ul>\n<p><strong>Instruksjoner:<\/strong><\/p>\n<ul>\n<li>Legg plast ellerst\u00f8vveggen p\u00e5 en flat overflate, plasser glidel\u00e5sen p\u00e5 \u00f8nsket sted og trykk godt. Skj\u00e6r gjennom plast eller st\u00f8vveggen gjennom den \u00e5pne glidel\u00e5sen. Plaser 2 glidel\u00e5ser for bred inngang.<\/li>\n<\/ul>\n","protected":false},"excerpt":{"rendered":"<h2>Selvklebende glidel\u00e5s (2 stk)<\/h2>\n","protected":false},"featured_media":130389,"menu_order":36,"template":"","meta":{"generate_page_header":""},"product_brand":[],"product_cat":[2067],"product_tag":[3122],"class_list":{"0":"post-131931","1":"product","2":"type-product","3":"status-publish","4":"has-post-thumbnail","6":"product_cat-stovdor","7":"product_tag-selvklebende","8":"pa_breedte-0-106-no","9":"pa_eenheid-m-no","10":"pa_foliedikte-150-no","11":"pa_frame-0-no","12":"pa_lengte-2-13-no","13":"pa_matten30-0-0x30-no","14":"pa_merk-primacover-no","15":"pa_objecttypen-stovkontroll","16":"pa_ondergrond-plast","17":"","18":"woocommerce-text-align-center","19":"woocommerce-image-align-center","20":"do-quantity-buttons","22":"first","23":"instock","24":"shipping-taxable","25":"product-type-simple"},"yoast_head":"<!-- This site is optimized with the Yoast SEO Premium plugin v26.7 (Yoast SEO v27.3) - https:\/\/yoast.com\/product\/yoast-seo-premium-wordpress\/ -->\n<title>St\u00f8vd\u00f8r PrimaCover Zipper<\/title>\n<meta name=\"description\" content=\"Lag en d\u00f8r\u00e5pning i en st\u00f8vvegg raskt og enklet. H\u00f8y kvalitet, derfor egnet for langvarig bruk. For en normal passasje er 1 glidel\u00e5s nok. For en ekstra bred passasje, plasser 2 glidel\u00e5ser i en viss avstand fra hverandre. Klistre p\u00e5 - skj\u00e6r opp - ferdig!\" \/>\n<meta name=\"robots\" content=\"index, follow, max-snippet:-1, max-image-preview:large, max-video-preview:-1\" \/>\n<link rel=\"canonical\" href=\"https:\/\/primacover.com\/no\/product\/primacover-zipper\/\" \/>\n<meta property=\"og:locale\" content=\"nb_NO\" \/>\n<meta property=\"og:type\" content=\"article\" \/>\n<meta property=\"og:title\" content=\"PrimaCover Zipper\" \/>\n<meta property=\"og:description\" content=\"Lag en d\u00f8r\u00e5pning i en st\u00f8vvegg raskt og enklet. H\u00f8y kvalitet, derfor egnet for langvarig bruk. For en normal passasje er 1 glidel\u00e5s nok. For en ekstra bred passasje, plasser 2 glidel\u00e5ser i en viss avstand fra hverandre. Klistre p\u00e5 - skj\u00e6r opp - ferdig!\" \/>\n<meta property=\"og:url\" content=\"https:\/\/primacover.com\/no\/product\/primacover-zipper\/\" \/>\n<meta property=\"og:site_name\" content=\"PrimaCover\" \/>\n<meta property=\"article:publisher\" content=\"https:\/\/www.facebook.com\/PrimaverdeBV\" \/>\n<meta property=\"article:modified_time\" content=\"2026-04-03T09:36:52+00:00\" \/>\n<meta property=\"og:image\" content=\"https:\/\/primacover.com\/wp-content\/uploads\/2022\/04\/Zipper_P0NZ_s03.jpg\" \/>\n\t<meta property=\"og:image:width\" content=\"600\" \/>\n\t<meta property=\"og:image:height\" content=\"600\" \/>\n\t<meta property=\"og:image:type\" content=\"image\/jpeg\" \/>\n<meta name=\"twitter:card\" content=\"summary_large_image\" \/>\n<meta name=\"twitter:label1\" content=\"Pris\" \/>\n\t<meta name=\"twitter:data1\" content=\"\" \/>\n\t<meta name=\"twitter:label2\" content=\"Tilgjengelighet\" \/>\n\t<meta name=\"twitter:data2\" content=\"P\u00e5 lager\" \/>\n<script type=\"application\/ld+json\" class=\"yoast-schema-graph\">{\"@context\":\"https:\\\/\\\/schema.org\",\"@graph\":[{\"@type\":\"WebPage\",\"@id\":\"https:\\\/\\\/primacover.com\\\/no\\\/product\\\/primacover-zipper\\\/\",\"url\":\"https:\\\/\\\/primacover.com\\\/no\\\/product\\\/primacover-zipper\\\/\",\"name\":\"St\u00f8vd\u00f8r PrimaCover Zipper\",\"isPartOf\":{\"@id\":\"https:\\\/\\\/primacover.com\\\/no\\\/#website\"},\"primaryImageOfPage\":{\"@id\":\"https:\\\/\\\/primacover.com\\\/no\\\/product\\\/primacover-zipper\\\/#primaryimage\"},\"image\":{\"@id\":\"https:\\\/\\\/primacover.com\\\/no\\\/product\\\/primacover-zipper\\\/#primaryimage\"},\"thumbnailUrl\":\"https:\\\/\\\/primacover.com\\\/wp-content\\\/uploads\\\/2022\\\/04\\\/Zipper_P0NZ_s03.jpg\",\"datePublished\":\"2022-05-02T10:55:24+00:00\",\"dateModified\":\"2026-04-03T09:36:52+00:00\",\"description\":\"Lag en d\u00f8r\u00e5pning i en st\u00f8vvegg raskt og enklet. H\u00f8y kvalitet, derfor egnet for langvarig bruk. For en normal passasje er 1 glidel\u00e5s nok. For en ekstra bred passasje, plasser 2 glidel\u00e5ser i en viss avstand fra hverandre. Klistre p\u00e5 - skj\u00e6r opp - ferdig!\",\"breadcrumb\":{\"@id\":\"https:\\\/\\\/primacover.com\\\/no\\\/product\\\/primacover-zipper\\\/#breadcrumb\"},\"inLanguage\":\"nb-NO\",\"potentialAction\":[{\"@type\":\"ReadAction\",\"target\":[\"https:\\\/\\\/primacover.com\\\/no\\\/product\\\/primacover-zipper\\\/\"]}]},{\"@type\":\"ImageObject\",\"inLanguage\":\"nb-NO\",\"@id\":\"https:\\\/\\\/primacover.com\\\/no\\\/product\\\/primacover-zipper\\\/#primaryimage\",\"url\":\"https:\\\/\\\/primacover.com\\\/wp-content\\\/uploads\\\/2022\\\/04\\\/Zipper_P0NZ_s03.jpg\",\"contentUrl\":\"https:\\\/\\\/primacover.com\\\/wp-content\\\/uploads\\\/2022\\\/04\\\/Zipper_P0NZ_s03.jpg\",\"width\":600,\"height\":600,\"caption\":\"900004 PrimaCover Zipper Praktisk gs1_01\"},{\"@type\":\"BreadcrumbList\",\"@id\":\"https:\\\/\\\/primacover.com\\\/no\\\/product\\\/primacover-zipper\\\/#breadcrumb\",\"itemListElement\":[{\"@type\":\"ListItem\",\"position\":1,\"name\":\"Home\",\"item\":\"https:\\\/\\\/primacover.com\\\/no\\\/\"},{\"@type\":\"ListItem\",\"position\":2,\"name\":\"Produkter\",\"item\":\"https:\\\/\\\/primacover.com\\\/no\\\/produkter\\\/\"},{\"@type\":\"ListItem\",\"position\":3,\"name\":\"PrimaCover Zipper\"}]},{\"@type\":\"WebSite\",\"@id\":\"https:\\\/\\\/primacover.com\\\/no\\\/#website\",\"url\":\"https:\\\/\\\/primacover.com\\\/no\\\/\",\"name\":\"PrimaCover\",\"description\":\"afdekvlies-afdekfolie-stofdeuren, coveringmaterials-dustdoors\",\"publisher\":{\"@id\":\"https:\\\/\\\/primacover.com\\\/no\\\/#organization\"},\"potentialAction\":[{\"@type\":\"SearchAction\",\"target\":{\"@type\":\"EntryPoint\",\"urlTemplate\":\"https:\\\/\\\/primacover.com\\\/no\\\/?s={search_term_string}\"},\"query-input\":{\"@type\":\"PropertyValueSpecification\",\"valueRequired\":true,\"valueName\":\"search_term_string\"}}],\"inLanguage\":\"nb-NO\"},{\"@type\":\"Organization\",\"@id\":\"https:\\\/\\\/primacover.com\\\/no\\\/#organization\",\"name\":\"PrimaCover\",\"url\":\"https:\\\/\\\/primacover.com\\\/no\\\/\",\"logo\":{\"@type\":\"ImageObject\",\"inLanguage\":\"nb-NO\",\"@id\":\"https:\\\/\\\/primacover.com\\\/no\\\/#\\\/schema\\\/logo\\\/image\\\/\",\"url\":\"\",\"contentUrl\":\"\",\"caption\":\"PrimaCover\"},\"image\":{\"@id\":\"https:\\\/\\\/primacover.com\\\/no\\\/#\\\/schema\\\/logo\\\/image\\\/\"},\"sameAs\":[\"https:\\\/\\\/www.facebook.com\\\/PrimaverdeBV\",\"https:\\\/\\\/nl.linkedin.com\\\/company\\\/primaverde\",\"https:\\\/\\\/www.youtube.com\\\/channel\\\/UC3DwQqj8f8tatLdSFA0aWwA\"]}]}<\/script>\n<meta property=\"product:brand\" content=\"PrimaCover\" \/>\n<meta property=\"product:price:currency\" content=\"EUR\" \/>\n<meta property=\"og:availability\" content=\"instock\" \/>\n<meta property=\"product:availability\" content=\"instock\" \/>\n<meta property=\"product:retailer_item_id\" content=\"PC900004\" \/>\n<meta property=\"product:condition\" content=\"new\" \/>\n<!-- \/ Yoast SEO Premium plugin. -->","yoast_head_json":{"title":"St\u00f8vd\u00f8r PrimaCover Zipper","description":"Lag en d\u00f8r\u00e5pning i en st\u00f8vvegg raskt og enklet. H\u00f8y kvalitet, derfor egnet for langvarig bruk. For en normal passasje er 1 glidel\u00e5s nok. For en ekstra bred passasje, plasser 2 glidel\u00e5ser i en viss avstand fra hverandre. Klistre p\u00e5 - skj\u00e6r opp - ferdig!","robots":{"index":"index","follow":"follow","max-snippet":"max-snippet:-1","max-image-preview":"max-image-preview:large","max-video-preview":"max-video-preview:-1"},"canonical":"https:\/\/primacover.com\/no\/product\/primacover-zipper\/","og_locale":"nb_NO","og_type":"article","og_title":"PrimaCover Zipper","og_description":"Lag en d\u00f8r\u00e5pning i en st\u00f8vvegg raskt og enklet. H\u00f8y kvalitet, derfor egnet for langvarig bruk. For en normal passasje er 1 glidel\u00e5s nok. For en ekstra bred passasje, plasser 2 glidel\u00e5ser i en viss avstand fra hverandre. Klistre p\u00e5 - skj\u00e6r opp - ferdig!","og_url":"https:\/\/primacover.com\/no\/product\/primacover-zipper\/","og_site_name":"PrimaCover","article_publisher":"https:\/\/www.facebook.com\/PrimaverdeBV","article_modified_time":"2026-04-03T09:36:52+00:00","og_image":[{"width":600,"height":600,"url":"https:\/\/primacover.com\/wp-content\/uploads\/2022\/04\/Zipper_P0NZ_s03.jpg","type":"image\/jpeg"}],"twitter_card":"summary_large_image","twitter_misc":{"Pris":"","Tilgjengelighet":"P\u00e5 lager"},"schema":{"@context":"https:\/\/schema.org","@graph":[{"@type":"WebPage","@id":"https:\/\/primacover.com\/no\/product\/primacover-zipper\/","url":"https:\/\/primacover.com\/no\/product\/primacover-zipper\/","name":"St\u00f8vd\u00f8r PrimaCover Zipper","isPartOf":{"@id":"https:\/\/primacover.com\/no\/#website"},"primaryImageOfPage":{"@id":"https:\/\/primacover.com\/no\/product\/primacover-zipper\/#primaryimage"},"image":{"@id":"https:\/\/primacover.com\/no\/product\/primacover-zipper\/#primaryimage"},"thumbnailUrl":"https:\/\/primacover.com\/wp-content\/uploads\/2022\/04\/Zipper_P0NZ_s03.jpg","datePublished":"2022-05-02T10:55:24+00:00","dateModified":"2026-04-03T09:36:52+00:00","description":"Lag en d\u00f8r\u00e5pning i en st\u00f8vvegg raskt og enklet. H\u00f8y kvalitet, derfor egnet for langvarig bruk. For en normal passasje er 1 glidel\u00e5s nok. For en ekstra bred passasje, plasser 2 glidel\u00e5ser i en viss avstand fra hverandre. Klistre p\u00e5 - skj\u00e6r opp - ferdig!","breadcrumb":{"@id":"https:\/\/primacover.com\/no\/product\/primacover-zipper\/#breadcrumb"},"inLanguage":"nb-NO","potentialAction":[{"@type":"ReadAction","target":["https:\/\/primacover.com\/no\/product\/primacover-zipper\/"]}]},{"@type":"ImageObject","inLanguage":"nb-NO","@id":"https:\/\/primacover.com\/no\/product\/primacover-zipper\/#primaryimage","url":"https:\/\/primacover.com\/wp-content\/uploads\/2022\/04\/Zipper_P0NZ_s03.jpg","contentUrl":"https:\/\/primacover.com\/wp-content\/uploads\/2022\/04\/Zipper_P0NZ_s03.jpg","width":600,"height":600,"caption":"900004 PrimaCover Zipper Praktisk gs1_01"},{"@type":"BreadcrumbList","@id":"https:\/\/primacover.com\/no\/product\/primacover-zipper\/#breadcrumb","itemListElement":[{"@type":"ListItem","position":1,"name":"Home","item":"https:\/\/primacover.com\/no\/"},{"@type":"ListItem","position":2,"name":"Produkter","item":"https:\/\/primacover.com\/no\/produkter\/"},{"@type":"ListItem","position":3,"name":"PrimaCover Zipper"}]},{"@type":"WebSite","@id":"https:\/\/primacover.com\/no\/#website","url":"https:\/\/primacover.com\/no\/","name":"PrimaCover","description":"afdekvlies-afdekfolie-stofdeuren, coveringmaterials-dustdoors","publisher":{"@id":"https:\/\/primacover.com\/no\/#organization"},"potentialAction":[{"@type":"SearchAction","target":{"@type":"EntryPoint","urlTemplate":"https:\/\/primacover.com\/no\/?s={search_term_string}"},"query-input":{"@type":"PropertyValueSpecification","valueRequired":true,"valueName":"search_term_string"}}],"inLanguage":"nb-NO"},{"@type":"Organization","@id":"https:\/\/primacover.com\/no\/#organization","name":"PrimaCover","url":"https:\/\/primacover.com\/no\/","logo":{"@type":"ImageObject","inLanguage":"nb-NO","@id":"https:\/\/primacover.com\/no\/#\/schema\/logo\/image\/","url":"","contentUrl":"","caption":"PrimaCover"},"image":{"@id":"https:\/\/primacover.com\/no\/#\/schema\/logo\/image\/"},"sameAs":["https:\/\/www.facebook.com\/PrimaverdeBV","https:\/\/nl.linkedin.com\/company\/primaverde","https:\/\/www.youtube.com\/channel\/UC3DwQqj8f8tatLdSFA0aWwA"]}]},"product_brand":"PrimaCover","product_price_currency":"EUR","og_availability":"instock","product_availability":"instock","product_retailer_item_id":"PC900004","product_condition":"new"},"_links":{"self":[{"href":"https:\/\/primacover.com\/no\/wp-json\/wp\/v2\/product\/131931","targetHints":{"allow":["GET"]}}],"collection":[{"href":"https:\/\/primacover.com\/no\/wp-json\/wp\/v2\/product"}],"about":[{"href":"https:\/\/primacover.com\/no\/wp-json\/wp\/v2\/types\/product"}],"wp:featuredmedia":[{"embeddable":true,"href":"https:\/\/primacover.com\/no\/wp-json\/wp\/v2\/media\/130389"}],"wp:attachment":[{"href":"https:\/\/primacover.com\/no\/wp-json\/wp\/v2\/media?parent=131931"}],"wp:term":[{"taxonomy":"product_brand","embeddable":true,"href":"https:\/\/primacover.com\/no\/wp-json\/wp\/v2\/product_brand?post=131931"},{"taxonomy":"product_cat","embeddable":true,"href":"https:\/\/primacover.com\/no\/wp-json\/wp\/v2\/product_cat?post=131931"},{"taxonomy":"product_tag","embeddable":true,"href":"https:\/\/primacover.com\/no\/wp-json\/wp\/v2\/product_tag?post=131931"}],"curies":[{"name":"wp","href":"https:\/\/api.w.org\/{rel}","templated":true}]}}