{"id":131933,"date":"2022-05-02T12:55:24","date_gmt":"2022-05-02T10:55:24","guid":{"rendered":"https:\/\/primacover.com\/product\/primacover-dirt-keeper\/"},"modified":"2026-04-03T11:39:43","modified_gmt":"2026-04-03T09:39:43","slug":"primacover-dirt-keeper","status":"publish","type":"product","link":"https:\/\/primacover.com\/no\/product\/primacover-dirt-keeper\/","title":{"rendered":"PrimaCover Dirt-Keeper"},"content":{"rendered":"<h2>Klebematte (store og sm\u00e5)<\/h2>\n<p>PrimaCover Dirt-Keeper er en etterfyllbar klebematte i to st\u00f8rrelser. En Dirt-Keeper best\u00e5r av et sett med nummererte limlag. Kan brukes ekstra slitesterk i kombinasjon med plastrammen (valgfritt).<\/p>\n<p>P\u00e5fyllingssett er tilgjengelig for hver st\u00f8rrelse og kan enkelt p\u00e5f\u00f8res p\u00e5 den gjenbrukbare rammen.<\/p>\n<p><strong>Egenskaper:<\/strong><\/p>\n<ul>\n<li>Laget av lag med selvklebende plastfolie.<\/li>\n<li>Nummererte folielag gj\u00f8r jobben med fornying lettere og mer effektiv.<\/li>\n<li>Kan brukes med eller uten plastikk ramme.<\/li>\n<li>Rammen kan leveres med \u00f8nsket logo trykket p\u00e5.<\/li>\n<\/ul>\n<p><strong>Bruk:<\/strong><\/p>\n<ul>\n<li>For helt t\u00f8rre harde underlag.<\/li>\n<li>Idell for sm\u00e5 renoveringsjobber.<\/li>\n<\/ul>\n<p><strong>Instruksjoner:<\/strong><\/p>\n<ul>\n<li>S\u00f8rg for at produktet er egnet f\u00f8r bruk.<\/li>\n<\/ul>\n","protected":false},"excerpt":{"rendered":"<h2>Klebematte (store og sm\u00e5)<\/h2>\n","protected":false},"featured_media":130426,"menu_order":33,"template":"","meta":{"generate_page_header":""},"product_brand":[],"product_cat":[2069],"product_tag":[3400,3122],"class_list":{"0":"post-131933","1":"product","2":"type-product","3":"status-publish","4":"has-post-thumbnail","6":"product_cat-klebematte","7":"product_tag-eksisterende-gjennomtorre-inneholder-ingen-fuktighet","8":"product_tag-selvklebende","9":"pa_breedte-0-76-no","10":"pa_breedte-1-15-no","11":"pa_eenheid-m-no","12":"pa_foliedikte-40-no","13":"pa_frame-0-no","14":"pa_frame-1-no","15":"pa_lengte-0-61-no","16":"pa_lengte-0-75-no","17":"pa_matten30-30-1x30-no","18":"pa_matten30-60-2x30-no","19":"pa_merk-primacover-no","20":"pa_objecttypen-gulv","21":"pa_objecttypen-stovkontroll","22":"pa_ondergrond-plast","23":"pa_ondergrond-vinyl-no","24":"","25":"woocommerce-text-align-center","26":"woocommerce-image-align-center","27":"do-quantity-buttons","29":"first","30":"instock","31":"shipping-taxable","32":"product-type-simple"},"yoast_head":"<!-- This site is optimized with the Yoast SEO Premium plugin v26.7 (Yoast SEO v27.3) - https:\/\/yoast.com\/product\/yoast-seo-premium-wordpress\/ -->\n<title>Klebematte PrimaCover Dirt-Keeper<\/title>\n<meta name=\"description\" content=\"P\u00e5fyllingssett er tilgjengelig for hver st\u00f8rrelse og kan enkelt p\u00e5f\u00f8res p\u00e5 den gjenbrukbare rammen.\" \/>\n<meta name=\"robots\" content=\"index, follow, max-snippet:-1, max-image-preview:large, max-video-preview:-1\" \/>\n<link rel=\"canonical\" href=\"https:\/\/primacover.com\/no\/product\/primacover-dirt-keeper\/\" \/>\n<meta property=\"og:locale\" content=\"nb_NO\" \/>\n<meta property=\"og:type\" content=\"article\" \/>\n<meta property=\"og:title\" content=\"PrimaCover Dirt-Keeper\" \/>\n<meta property=\"og:description\" content=\"P\u00e5fyllingssett er tilgjengelig for hver st\u00f8rrelse og kan enkelt p\u00e5f\u00f8res p\u00e5 den gjenbrukbare rammen.\" \/>\n<meta property=\"og:url\" content=\"https:\/\/primacover.com\/no\/product\/primacover-dirt-keeper\/\" \/>\n<meta property=\"og:site_name\" content=\"PrimaCover\" \/>\n<meta property=\"article:publisher\" content=\"https:\/\/www.facebook.com\/PrimaverdeBV\" \/>\n<meta property=\"article:modified_time\" content=\"2026-04-03T09:39:43+00:00\" \/>\n<meta property=\"og:image\" content=\"https:\/\/primacover.com\/wp-content\/uploads\/2022\/04\/Dirt-Keeper_P0NZ_s01.jpg\" \/>\n\t<meta property=\"og:image:width\" content=\"600\" \/>\n\t<meta property=\"og:image:height\" content=\"600\" \/>\n\t<meta property=\"og:image:type\" content=\"image\/jpeg\" \/>\n<meta name=\"twitter:card\" content=\"summary_large_image\" \/>\n<meta name=\"twitter:label1\" content=\"Pris\" \/>\n\t<meta name=\"twitter:data1\" content=\"\" \/>\n\t<meta name=\"twitter:label2\" content=\"Tilgjengelighet\" \/>\n\t<meta name=\"twitter:data2\" content=\"P\u00e5 lager\" \/>\n<script type=\"application\/ld+json\" class=\"yoast-schema-graph\">{\"@context\":\"https:\\\/\\\/schema.org\",\"@graph\":[{\"@type\":\"WebPage\",\"@id\":\"https:\\\/\\\/primacover.com\\\/no\\\/product\\\/primacover-dirt-keeper\\\/\",\"url\":\"https:\\\/\\\/primacover.com\\\/no\\\/product\\\/primacover-dirt-keeper\\\/\",\"name\":\"Klebematte PrimaCover Dirt-Keeper\",\"isPartOf\":{\"@id\":\"https:\\\/\\\/primacover.com\\\/no\\\/#website\"},\"primaryImageOfPage\":{\"@id\":\"https:\\\/\\\/primacover.com\\\/no\\\/product\\\/primacover-dirt-keeper\\\/#primaryimage\"},\"image\":{\"@id\":\"https:\\\/\\\/primacover.com\\\/no\\\/product\\\/primacover-dirt-keeper\\\/#primaryimage\"},\"thumbnailUrl\":\"https:\\\/\\\/primacover.com\\\/wp-content\\\/uploads\\\/2022\\\/04\\\/Dirt-Keeper_P0NZ_s01.jpg\",\"datePublished\":\"2022-05-02T10:55:24+00:00\",\"dateModified\":\"2026-04-03T09:39:43+00:00\",\"description\":\"P\u00e5fyllingssett er tilgjengelig for hver st\u00f8rrelse og kan enkelt p\u00e5f\u00f8res p\u00e5 den gjenbrukbare rammen.\",\"breadcrumb\":{\"@id\":\"https:\\\/\\\/primacover.com\\\/no\\\/product\\\/primacover-dirt-keeper\\\/#breadcrumb\"},\"inLanguage\":\"nb-NO\",\"potentialAction\":[{\"@type\":\"ReadAction\",\"target\":[\"https:\\\/\\\/primacover.com\\\/no\\\/product\\\/primacover-dirt-keeper\\\/\"]}]},{\"@type\":\"ImageObject\",\"inLanguage\":\"nb-NO\",\"@id\":\"https:\\\/\\\/primacover.com\\\/no\\\/product\\\/primacover-dirt-keeper\\\/#primaryimage\",\"url\":\"https:\\\/\\\/primacover.com\\\/wp-content\\\/uploads\\\/2022\\\/04\\\/Dirt-Keeper_P0NZ_s01.jpg\",\"contentUrl\":\"https:\\\/\\\/primacover.com\\\/wp-content\\\/uploads\\\/2022\\\/04\\\/Dirt-Keeper_P0NZ_s01.jpg\",\"width\":600,\"height\":600,\"caption\":\"900364 PrimaCover Dirt-Keeper Praktisk gs1_01\"},{\"@type\":\"BreadcrumbList\",\"@id\":\"https:\\\/\\\/primacover.com\\\/no\\\/product\\\/primacover-dirt-keeper\\\/#breadcrumb\",\"itemListElement\":[{\"@type\":\"ListItem\",\"position\":1,\"name\":\"Home\",\"item\":\"https:\\\/\\\/primacover.com\\\/no\\\/\"},{\"@type\":\"ListItem\",\"position\":2,\"name\":\"Produkter\",\"item\":\"https:\\\/\\\/primacover.com\\\/no\\\/produkter\\\/\"},{\"@type\":\"ListItem\",\"position\":3,\"name\":\"PrimaCover Dirt-Keeper\"}]},{\"@type\":\"WebSite\",\"@id\":\"https:\\\/\\\/primacover.com\\\/no\\\/#website\",\"url\":\"https:\\\/\\\/primacover.com\\\/no\\\/\",\"name\":\"PrimaCover\",\"description\":\"afdekvlies-afdekfolie-stofdeuren, coveringmaterials-dustdoors\",\"publisher\":{\"@id\":\"https:\\\/\\\/primacover.com\\\/no\\\/#organization\"},\"potentialAction\":[{\"@type\":\"SearchAction\",\"target\":{\"@type\":\"EntryPoint\",\"urlTemplate\":\"https:\\\/\\\/primacover.com\\\/no\\\/?s={search_term_string}\"},\"query-input\":{\"@type\":\"PropertyValueSpecification\",\"valueRequired\":true,\"valueName\":\"search_term_string\"}}],\"inLanguage\":\"nb-NO\"},{\"@type\":\"Organization\",\"@id\":\"https:\\\/\\\/primacover.com\\\/no\\\/#organization\",\"name\":\"PrimaCover\",\"url\":\"https:\\\/\\\/primacover.com\\\/no\\\/\",\"logo\":{\"@type\":\"ImageObject\",\"inLanguage\":\"nb-NO\",\"@id\":\"https:\\\/\\\/primacover.com\\\/no\\\/#\\\/schema\\\/logo\\\/image\\\/\",\"url\":\"\",\"contentUrl\":\"\",\"caption\":\"PrimaCover\"},\"image\":{\"@id\":\"https:\\\/\\\/primacover.com\\\/no\\\/#\\\/schema\\\/logo\\\/image\\\/\"},\"sameAs\":[\"https:\\\/\\\/www.facebook.com\\\/PrimaverdeBV\",\"https:\\\/\\\/nl.linkedin.com\\\/company\\\/primaverde\",\"https:\\\/\\\/www.youtube.com\\\/channel\\\/UC3DwQqj8f8tatLdSFA0aWwA\"]}]}<\/script>\n<meta property=\"product:brand\" content=\"PrimaCover\" \/>\n<meta property=\"product:price:currency\" content=\"EUR\" \/>\n<meta property=\"og:availability\" content=\"instock\" \/>\n<meta property=\"product:availability\" content=\"instock\" \/>\n<meta property=\"product:retailer_item_id\" content=\"PC900362\" \/>\n<meta property=\"product:condition\" content=\"new\" \/>\n<!-- \/ Yoast SEO Premium plugin. -->","yoast_head_json":{"title":"Klebematte PrimaCover Dirt-Keeper","description":"P\u00e5fyllingssett er tilgjengelig for hver st\u00f8rrelse og kan enkelt p\u00e5f\u00f8res p\u00e5 den gjenbrukbare rammen.","robots":{"index":"index","follow":"follow","max-snippet":"max-snippet:-1","max-image-preview":"max-image-preview:large","max-video-preview":"max-video-preview:-1"},"canonical":"https:\/\/primacover.com\/no\/product\/primacover-dirt-keeper\/","og_locale":"nb_NO","og_type":"article","og_title":"PrimaCover Dirt-Keeper","og_description":"P\u00e5fyllingssett er tilgjengelig for hver st\u00f8rrelse og kan enkelt p\u00e5f\u00f8res p\u00e5 den gjenbrukbare rammen.","og_url":"https:\/\/primacover.com\/no\/product\/primacover-dirt-keeper\/","og_site_name":"PrimaCover","article_publisher":"https:\/\/www.facebook.com\/PrimaverdeBV","article_modified_time":"2026-04-03T09:39:43+00:00","og_image":[{"width":600,"height":600,"url":"https:\/\/primacover.com\/wp-content\/uploads\/2022\/04\/Dirt-Keeper_P0NZ_s01.jpg","type":"image\/jpeg"}],"twitter_card":"summary_large_image","twitter_misc":{"Pris":"","Tilgjengelighet":"P\u00e5 lager"},"schema":{"@context":"https:\/\/schema.org","@graph":[{"@type":"WebPage","@id":"https:\/\/primacover.com\/no\/product\/primacover-dirt-keeper\/","url":"https:\/\/primacover.com\/no\/product\/primacover-dirt-keeper\/","name":"Klebematte PrimaCover Dirt-Keeper","isPartOf":{"@id":"https:\/\/primacover.com\/no\/#website"},"primaryImageOfPage":{"@id":"https:\/\/primacover.com\/no\/product\/primacover-dirt-keeper\/#primaryimage"},"image":{"@id":"https:\/\/primacover.com\/no\/product\/primacover-dirt-keeper\/#primaryimage"},"thumbnailUrl":"https:\/\/primacover.com\/wp-content\/uploads\/2022\/04\/Dirt-Keeper_P0NZ_s01.jpg","datePublished":"2022-05-02T10:55:24+00:00","dateModified":"2026-04-03T09:39:43+00:00","description":"P\u00e5fyllingssett er tilgjengelig for hver st\u00f8rrelse og kan enkelt p\u00e5f\u00f8res p\u00e5 den gjenbrukbare rammen.","breadcrumb":{"@id":"https:\/\/primacover.com\/no\/product\/primacover-dirt-keeper\/#breadcrumb"},"inLanguage":"nb-NO","potentialAction":[{"@type":"ReadAction","target":["https:\/\/primacover.com\/no\/product\/primacover-dirt-keeper\/"]}]},{"@type":"ImageObject","inLanguage":"nb-NO","@id":"https:\/\/primacover.com\/no\/product\/primacover-dirt-keeper\/#primaryimage","url":"https:\/\/primacover.com\/wp-content\/uploads\/2022\/04\/Dirt-Keeper_P0NZ_s01.jpg","contentUrl":"https:\/\/primacover.com\/wp-content\/uploads\/2022\/04\/Dirt-Keeper_P0NZ_s01.jpg","width":600,"height":600,"caption":"900364 PrimaCover Dirt-Keeper Praktisk gs1_01"},{"@type":"BreadcrumbList","@id":"https:\/\/primacover.com\/no\/product\/primacover-dirt-keeper\/#breadcrumb","itemListElement":[{"@type":"ListItem","position":1,"name":"Home","item":"https:\/\/primacover.com\/no\/"},{"@type":"ListItem","position":2,"name":"Produkter","item":"https:\/\/primacover.com\/no\/produkter\/"},{"@type":"ListItem","position":3,"name":"PrimaCover Dirt-Keeper"}]},{"@type":"WebSite","@id":"https:\/\/primacover.com\/no\/#website","url":"https:\/\/primacover.com\/no\/","name":"PrimaCover","description":"afdekvlies-afdekfolie-stofdeuren, coveringmaterials-dustdoors","publisher":{"@id":"https:\/\/primacover.com\/no\/#organization"},"potentialAction":[{"@type":"SearchAction","target":{"@type":"EntryPoint","urlTemplate":"https:\/\/primacover.com\/no\/?s={search_term_string}"},"query-input":{"@type":"PropertyValueSpecification","valueRequired":true,"valueName":"search_term_string"}}],"inLanguage":"nb-NO"},{"@type":"Organization","@id":"https:\/\/primacover.com\/no\/#organization","name":"PrimaCover","url":"https:\/\/primacover.com\/no\/","logo":{"@type":"ImageObject","inLanguage":"nb-NO","@id":"https:\/\/primacover.com\/no\/#\/schema\/logo\/image\/","url":"","contentUrl":"","caption":"PrimaCover"},"image":{"@id":"https:\/\/primacover.com\/no\/#\/schema\/logo\/image\/"},"sameAs":["https:\/\/www.facebook.com\/PrimaverdeBV","https:\/\/nl.linkedin.com\/company\/primaverde","https:\/\/www.youtube.com\/channel\/UC3DwQqj8f8tatLdSFA0aWwA"]}]},"product_brand":"PrimaCover","product_price_currency":"EUR","og_availability":"instock","product_availability":"instock","product_retailer_item_id":"PC900362","product_condition":"new"},"_links":{"self":[{"href":"https:\/\/primacover.com\/no\/wp-json\/wp\/v2\/product\/131933","targetHints":{"allow":["GET"]}}],"collection":[{"href":"https:\/\/primacover.com\/no\/wp-json\/wp\/v2\/product"}],"about":[{"href":"https:\/\/primacover.com\/no\/wp-json\/wp\/v2\/types\/product"}],"wp:featuredmedia":[{"embeddable":true,"href":"https:\/\/primacover.com\/no\/wp-json\/wp\/v2\/media\/130426"}],"wp:attachment":[{"href":"https:\/\/primacover.com\/no\/wp-json\/wp\/v2\/media?parent=131933"}],"wp:term":[{"taxonomy":"product_brand","embeddable":true,"href":"https:\/\/primacover.com\/no\/wp-json\/wp\/v2\/product_brand?post=131933"},{"taxonomy":"product_cat","embeddable":true,"href":"https:\/\/primacover.com\/no\/wp-json\/wp\/v2\/product_cat?post=131933"},{"taxonomy":"product_tag","embeddable":true,"href":"https:\/\/primacover.com\/no\/wp-json\/wp\/v2\/product_tag?post=131933"}],"curies":[{"name":"wp","href":"https:\/\/api.w.org\/{rel}","templated":true}]}}