{"id":131937,"date":"2022-05-02T12:55:30","date_gmt":"2022-05-02T10:55:30","guid":{"rendered":"https:\/\/primacover.com\/product\/primacover-zipper-door-u\/"},"modified":"2026-04-03T11:37:48","modified_gmt":"2026-04-03T09:37:48","slug":"primacover-zipper-door-u","status":"publish","type":"product","link":"https:\/\/primacover.com\/no\/product\/primacover-zipper-door-u\/","title":{"rendered":"PrimaCover Zipper Door U"},"content":{"rendered":"<h2>St\u00f8vd\u00f8r med glidel\u00e5s i U format<\/h2>\n<p>St\u00f8vd\u00f8r med forh\u00e5ndsmontert U- glidel\u00e5s, med 2 stk glidel\u00e5ser for enkel \u00e5pning og ukking. Rask og enkel montering m\u00e5te ved bruk av dobbeltsidig tape (ikke inkludert).  Ved \u00e5 feste undersiden av denne st\u00f8vd\u00f8ren til gulv eller karm, s\u00e5 vil man unng\u00e5 at st\u00f8vpartikler bl\u00e5ser igjennom.<\/p>\n<p><strong>Egenskaper:<\/strong><\/p>\n<ul>\n<li>Glidel\u00e5s ( 2 stk ) sydd p\u00e5 folien<\/li>\n<li>Dimensjoner: 250cm x 120cm<\/li>\n<li>\u00c5pning: 180cm x 70cm<\/li>\n<li>Sterk folie (150 \u00b5m )<\/li>\n<\/ul>\n<p><strong>Bruk:<\/strong><\/p>\n<ul>\n<li>Kan p\u00e5f\u00f8res p\u00e5 forskjellige overflater.<\/li>\n<li>For intensivt brukte applikasjoner og lengre bruk.<\/li>\n<\/ul>\n<p><strong>Instruksjoner:<\/strong><\/p>\n<ul>\n<li>Plaser p\u00e5 \u00f8nsket overflate med dobbelsidig tape (ikke inkludert). <\/li>\n<li>S\u00f8rg for at produktet er egnet f\u00f8r bruk.<\/li>\n<\/ul>\n","protected":false},"excerpt":{"rendered":"<h2>St\u00f8vd\u00f8r med glidel\u00e5s i U format<\/h2>\n","protected":false},"featured_media":139022,"menu_order":35,"template":"","meta":{"generate_page_header":""},"product_brand":[],"product_cat":[2067],"product_tag":[],"class_list":{"0":"post-131937","1":"product","2":"type-product","3":"status-publish","4":"has-post-thumbnail","6":"product_cat-stovdor","7":"pa_breedte-0-172-no","8":"pa_eenheid-m-no","9":"pa_foliedikte-150-no","10":"pa_frame-0-no","11":"pa_lengte-2-5-no","12":"pa_matten30-0-0x30-no","13":"pa_merk-primacover-no","14":"pa_objecttypen-dor","15":"pa_objecttypen-stovkontroll","16":"pa_ondergrond-plast","17":"","18":"woocommerce-text-align-center","19":"woocommerce-image-align-center","20":"do-quantity-buttons","22":"first","23":"instock","24":"shipping-taxable","25":"product-type-simple"},"yoast_head":"<!-- This site is optimized with the Yoast SEO Premium plugin v26.7 (Yoast SEO v27.3) - https:\/\/yoast.com\/product\/yoast-seo-premium-wordpress\/ -->\n<title>St\u00f8vd\u00f8r PrimaCover Zipper Door U<\/title>\n<meta name=\"description\" content=\"PrimaCover Zipper Door U kan enkelt p\u00e5f\u00f8res p\u00e5 en rekke overflater med dobbeltsidig tape (ikke inkludert). P\u00e5 grunn av den ekstra sterke plasten og den syede glidel\u00e5s, er PrimaCover Zipper-Door U ideell for intensiv bruk og langvarige bruksomr\u00e5der.\" \/>\n<meta name=\"robots\" content=\"index, follow, max-snippet:-1, max-image-preview:large, max-video-preview:-1\" \/>\n<link rel=\"canonical\" href=\"https:\/\/primacover.com\/no\/product\/primacover-zipper-door-u\/\" \/>\n<meta property=\"og:locale\" content=\"nb_NO\" \/>\n<meta property=\"og:type\" content=\"article\" \/>\n<meta property=\"og:title\" content=\"PrimaCover Zipper Door U\" \/>\n<meta property=\"og:description\" content=\"PrimaCover Zipper Door U kan enkelt p\u00e5f\u00f8res p\u00e5 en rekke overflater med dobbeltsidig tape (ikke inkludert). P\u00e5 grunn av den ekstra sterke plasten og den syede glidel\u00e5s, er PrimaCover Zipper-Door U ideell for intensiv bruk og langvarige bruksomr\u00e5der.\" \/>\n<meta property=\"og:url\" content=\"https:\/\/primacover.com\/no\/product\/primacover-zipper-door-u\/\" \/>\n<meta property=\"og:site_name\" content=\"PrimaCover\" \/>\n<meta property=\"article:publisher\" content=\"https:\/\/www.facebook.com\/PrimaverdeBV\" \/>\n<meta property=\"article:modified_time\" content=\"2026-04-03T09:37:48+00:00\" \/>\n<meta property=\"og:image\" content=\"https:\/\/primacover.com\/wp-content\/uploads\/2022\/04\/08719439005129_A1N1_s01.jpg\" \/>\n\t<meta property=\"og:image:width\" content=\"600\" \/>\n\t<meta property=\"og:image:height\" content=\"600\" \/>\n\t<meta property=\"og:image:type\" content=\"image\/jpeg\" \/>\n<meta name=\"twitter:card\" content=\"summary_large_image\" \/>\n<meta name=\"twitter:label1\" content=\"Pris\" \/>\n\t<meta name=\"twitter:data1\" content=\"\" \/>\n\t<meta name=\"twitter:label2\" content=\"Tilgjengelighet\" \/>\n\t<meta name=\"twitter:data2\" content=\"P\u00e5 lager\" \/>\n<script type=\"application\/ld+json\" class=\"yoast-schema-graph\">{\"@context\":\"https:\\\/\\\/schema.org\",\"@graph\":[{\"@type\":\"WebPage\",\"@id\":\"https:\\\/\\\/primacover.com\\\/no\\\/product\\\/primacover-zipper-door-u\\\/\",\"url\":\"https:\\\/\\\/primacover.com\\\/no\\\/product\\\/primacover-zipper-door-u\\\/\",\"name\":\"St\u00f8vd\u00f8r PrimaCover Zipper Door U\",\"isPartOf\":{\"@id\":\"https:\\\/\\\/primacover.com\\\/no\\\/#website\"},\"primaryImageOfPage\":{\"@id\":\"https:\\\/\\\/primacover.com\\\/no\\\/product\\\/primacover-zipper-door-u\\\/#primaryimage\"},\"image\":{\"@id\":\"https:\\\/\\\/primacover.com\\\/no\\\/product\\\/primacover-zipper-door-u\\\/#primaryimage\"},\"thumbnailUrl\":\"https:\\\/\\\/primacover.com\\\/wp-content\\\/uploads\\\/2022\\\/05\\\/Zipper-Door-U_P0NZ_s01.png\",\"datePublished\":\"2022-05-02T10:55:30+00:00\",\"dateModified\":\"2026-04-03T09:37:48+00:00\",\"description\":\"PrimaCover Zipper Door U kan enkelt p\u00e5f\u00f8res p\u00e5 en rekke overflater med dobbeltsidig tape (ikke inkludert). P\u00e5 grunn av den ekstra sterke plasten og den syede glidel\u00e5s, er PrimaCover Zipper-Door U ideell for intensiv bruk og langvarige bruksomr\u00e5der.\",\"breadcrumb\":{\"@id\":\"https:\\\/\\\/primacover.com\\\/no\\\/product\\\/primacover-zipper-door-u\\\/#breadcrumb\"},\"inLanguage\":\"nb-NO\",\"potentialAction\":[{\"@type\":\"ReadAction\",\"target\":[\"https:\\\/\\\/primacover.com\\\/no\\\/product\\\/primacover-zipper-door-u\\\/\"]}]},{\"@type\":\"ImageObject\",\"inLanguage\":\"nb-NO\",\"@id\":\"https:\\\/\\\/primacover.com\\\/no\\\/product\\\/primacover-zipper-door-u\\\/#primaryimage\",\"url\":\"https:\\\/\\\/primacover.com\\\/wp-content\\\/uploads\\\/2022\\\/05\\\/Zipper-Door-U_P0NZ_s01.png\",\"contentUrl\":\"https:\\\/\\\/primacover.com\\\/wp-content\\\/uploads\\\/2022\\\/05\\\/Zipper-Door-U_P0NZ_s01.png\",\"width\":4800,\"height\":4800},{\"@type\":\"BreadcrumbList\",\"@id\":\"https:\\\/\\\/primacover.com\\\/no\\\/product\\\/primacover-zipper-door-u\\\/#breadcrumb\",\"itemListElement\":[{\"@type\":\"ListItem\",\"position\":1,\"name\":\"Home\",\"item\":\"https:\\\/\\\/primacover.com\\\/no\\\/\"},{\"@type\":\"ListItem\",\"position\":2,\"name\":\"Produkter\",\"item\":\"https:\\\/\\\/primacover.com\\\/no\\\/produkter\\\/\"},{\"@type\":\"ListItem\",\"position\":3,\"name\":\"PrimaCover Zipper Door U\"}]},{\"@type\":\"WebSite\",\"@id\":\"https:\\\/\\\/primacover.com\\\/no\\\/#website\",\"url\":\"https:\\\/\\\/primacover.com\\\/no\\\/\",\"name\":\"PrimaCover\",\"description\":\"afdekvlies-afdekfolie-stofdeuren, coveringmaterials-dustdoors\",\"publisher\":{\"@id\":\"https:\\\/\\\/primacover.com\\\/no\\\/#organization\"},\"potentialAction\":[{\"@type\":\"SearchAction\",\"target\":{\"@type\":\"EntryPoint\",\"urlTemplate\":\"https:\\\/\\\/primacover.com\\\/no\\\/?s={search_term_string}\"},\"query-input\":{\"@type\":\"PropertyValueSpecification\",\"valueRequired\":true,\"valueName\":\"search_term_string\"}}],\"inLanguage\":\"nb-NO\"},{\"@type\":\"Organization\",\"@id\":\"https:\\\/\\\/primacover.com\\\/no\\\/#organization\",\"name\":\"PrimaCover\",\"url\":\"https:\\\/\\\/primacover.com\\\/no\\\/\",\"logo\":{\"@type\":\"ImageObject\",\"inLanguage\":\"nb-NO\",\"@id\":\"https:\\\/\\\/primacover.com\\\/no\\\/#\\\/schema\\\/logo\\\/image\\\/\",\"url\":\"\",\"contentUrl\":\"\",\"caption\":\"PrimaCover\"},\"image\":{\"@id\":\"https:\\\/\\\/primacover.com\\\/no\\\/#\\\/schema\\\/logo\\\/image\\\/\"},\"sameAs\":[\"https:\\\/\\\/www.facebook.com\\\/PrimaverdeBV\",\"https:\\\/\\\/nl.linkedin.com\\\/company\\\/primaverde\",\"https:\\\/\\\/www.youtube.com\\\/channel\\\/UC3DwQqj8f8tatLdSFA0aWwA\"]}]}<\/script>\n<meta property=\"product:brand\" content=\"PrimaCover\" \/>\n<meta property=\"product:price:currency\" content=\"EUR\" \/>\n<meta property=\"og:availability\" content=\"instock\" \/>\n<meta property=\"product:availability\" content=\"instock\" \/>\n<meta property=\"product:retailer_item_id\" content=\"PC900512\" \/>\n<meta property=\"product:condition\" content=\"new\" \/>\n<!-- \/ Yoast SEO Premium plugin. -->","yoast_head_json":{"title":"St\u00f8vd\u00f8r PrimaCover Zipper Door U","description":"PrimaCover Zipper Door U kan enkelt p\u00e5f\u00f8res p\u00e5 en rekke overflater med dobbeltsidig tape (ikke inkludert). P\u00e5 grunn av den ekstra sterke plasten og den syede glidel\u00e5s, er PrimaCover Zipper-Door U ideell for intensiv bruk og langvarige bruksomr\u00e5der.","robots":{"index":"index","follow":"follow","max-snippet":"max-snippet:-1","max-image-preview":"max-image-preview:large","max-video-preview":"max-video-preview:-1"},"canonical":"https:\/\/primacover.com\/no\/product\/primacover-zipper-door-u\/","og_locale":"nb_NO","og_type":"article","og_title":"PrimaCover Zipper Door U","og_description":"PrimaCover Zipper Door U kan enkelt p\u00e5f\u00f8res p\u00e5 en rekke overflater med dobbeltsidig tape (ikke inkludert). P\u00e5 grunn av den ekstra sterke plasten og den syede glidel\u00e5s, er PrimaCover Zipper-Door U ideell for intensiv bruk og langvarige bruksomr\u00e5der.","og_url":"https:\/\/primacover.com\/no\/product\/primacover-zipper-door-u\/","og_site_name":"PrimaCover","article_publisher":"https:\/\/www.facebook.com\/PrimaverdeBV","article_modified_time":"2026-04-03T09:37:48+00:00","og_image":[{"width":600,"height":600,"url":"https:\/\/primacover.com\/wp-content\/uploads\/2022\/04\/08719439005129_A1N1_s01.jpg","type":"image\/jpeg"}],"twitter_card":"summary_large_image","twitter_misc":{"Pris":"","Tilgjengelighet":"P\u00e5 lager"},"schema":{"@context":"https:\/\/schema.org","@graph":[{"@type":"WebPage","@id":"https:\/\/primacover.com\/no\/product\/primacover-zipper-door-u\/","url":"https:\/\/primacover.com\/no\/product\/primacover-zipper-door-u\/","name":"St\u00f8vd\u00f8r PrimaCover Zipper Door U","isPartOf":{"@id":"https:\/\/primacover.com\/no\/#website"},"primaryImageOfPage":{"@id":"https:\/\/primacover.com\/no\/product\/primacover-zipper-door-u\/#primaryimage"},"image":{"@id":"https:\/\/primacover.com\/no\/product\/primacover-zipper-door-u\/#primaryimage"},"thumbnailUrl":"https:\/\/primacover.com\/wp-content\/uploads\/2022\/05\/Zipper-Door-U_P0NZ_s01.png","datePublished":"2022-05-02T10:55:30+00:00","dateModified":"2026-04-03T09:37:48+00:00","description":"PrimaCover Zipper Door U kan enkelt p\u00e5f\u00f8res p\u00e5 en rekke overflater med dobbeltsidig tape (ikke inkludert). P\u00e5 grunn av den ekstra sterke plasten og den syede glidel\u00e5s, er PrimaCover Zipper-Door U ideell for intensiv bruk og langvarige bruksomr\u00e5der.","breadcrumb":{"@id":"https:\/\/primacover.com\/no\/product\/primacover-zipper-door-u\/#breadcrumb"},"inLanguage":"nb-NO","potentialAction":[{"@type":"ReadAction","target":["https:\/\/primacover.com\/no\/product\/primacover-zipper-door-u\/"]}]},{"@type":"ImageObject","inLanguage":"nb-NO","@id":"https:\/\/primacover.com\/no\/product\/primacover-zipper-door-u\/#primaryimage","url":"https:\/\/primacover.com\/wp-content\/uploads\/2022\/05\/Zipper-Door-U_P0NZ_s01.png","contentUrl":"https:\/\/primacover.com\/wp-content\/uploads\/2022\/05\/Zipper-Door-U_P0NZ_s01.png","width":4800,"height":4800},{"@type":"BreadcrumbList","@id":"https:\/\/primacover.com\/no\/product\/primacover-zipper-door-u\/#breadcrumb","itemListElement":[{"@type":"ListItem","position":1,"name":"Home","item":"https:\/\/primacover.com\/no\/"},{"@type":"ListItem","position":2,"name":"Produkter","item":"https:\/\/primacover.com\/no\/produkter\/"},{"@type":"ListItem","position":3,"name":"PrimaCover Zipper Door U"}]},{"@type":"WebSite","@id":"https:\/\/primacover.com\/no\/#website","url":"https:\/\/primacover.com\/no\/","name":"PrimaCover","description":"afdekvlies-afdekfolie-stofdeuren, coveringmaterials-dustdoors","publisher":{"@id":"https:\/\/primacover.com\/no\/#organization"},"potentialAction":[{"@type":"SearchAction","target":{"@type":"EntryPoint","urlTemplate":"https:\/\/primacover.com\/no\/?s={search_term_string}"},"query-input":{"@type":"PropertyValueSpecification","valueRequired":true,"valueName":"search_term_string"}}],"inLanguage":"nb-NO"},{"@type":"Organization","@id":"https:\/\/primacover.com\/no\/#organization","name":"PrimaCover","url":"https:\/\/primacover.com\/no\/","logo":{"@type":"ImageObject","inLanguage":"nb-NO","@id":"https:\/\/primacover.com\/no\/#\/schema\/logo\/image\/","url":"","contentUrl":"","caption":"PrimaCover"},"image":{"@id":"https:\/\/primacover.com\/no\/#\/schema\/logo\/image\/"},"sameAs":["https:\/\/www.facebook.com\/PrimaverdeBV","https:\/\/nl.linkedin.com\/company\/primaverde","https:\/\/www.youtube.com\/channel\/UC3DwQqj8f8tatLdSFA0aWwA"]}]},"product_brand":"PrimaCover","product_price_currency":"EUR","og_availability":"instock","product_availability":"instock","product_retailer_item_id":"PC900512","product_condition":"new"},"_links":{"self":[{"href":"https:\/\/primacover.com\/no\/wp-json\/wp\/v2\/product\/131937","targetHints":{"allow":["GET"]}}],"collection":[{"href":"https:\/\/primacover.com\/no\/wp-json\/wp\/v2\/product"}],"about":[{"href":"https:\/\/primacover.com\/no\/wp-json\/wp\/v2\/types\/product"}],"wp:featuredmedia":[{"embeddable":true,"href":"https:\/\/primacover.com\/no\/wp-json\/wp\/v2\/media\/139022"}],"wp:attachment":[{"href":"https:\/\/primacover.com\/no\/wp-json\/wp\/v2\/media?parent=131937"}],"wp:term":[{"taxonomy":"product_brand","embeddable":true,"href":"https:\/\/primacover.com\/no\/wp-json\/wp\/v2\/product_brand?post=131937"},{"taxonomy":"product_cat","embeddable":true,"href":"https:\/\/primacover.com\/no\/wp-json\/wp\/v2\/product_cat?post=131937"},{"taxonomy":"product_tag","embeddable":true,"href":"https:\/\/primacover.com\/no\/wp-json\/wp\/v2\/product_tag?post=131937"}],"curies":[{"name":"wp","href":"https:\/\/api.w.org\/{rel}","templated":true}]}}