{"id":134115,"date":"2023-01-20T14:26:44","date_gmt":"2023-01-20T13:26:44","guid":{"rendered":"https:\/\/primacover.com\/?post_type=product&#038;p=134115"},"modified":"2026-04-03T11:32:38","modified_gmt":"2026-04-03T09:32:38","slug":"primacover-lite","status":"publish","type":"product","link":"https:\/\/primacover.com\/no\/product\/primacover-lite\/","title":{"rendered":"PrimaCover Lite"},"content":{"rendered":"<h2>PRIMACOVER LITE<\/h2>\n<p>PrimaCover Lite er en selvklebende og lett dekkfilt. Den beskytter under montering, maling og andre generelle bruksomr\u00e5der. Det v\u00e6sketette topplaget s\u00f8rger for at maling og skitt ikke kan trenge inn. Den myke polyesterfleece-baksiden beskytter mot lett til middels skade.<\/p>\n<p><strong>Egenskaper:<\/strong><\/p>\n<ul>\n<li>V\u00e6sketett<\/li>\n<li>Selvklebende<\/li>\n<li>Kan gjenbrukes<\/li>\n<li>Produsert av resirkulert polyesterfibre<\/li>\n<\/ul>\n<p><strong>Bruk:<\/strong><\/p>\n<ul>\n<li>For helt t\u00f8rre harde gulv<\/li>\n<\/ul>\n<p><strong>Instruksjoner:<\/strong><\/p>\n<ul>\n<li>Test produktets egnethet p\u00e5 forh\u00e5nd. <\/li>\n<li>Sl\u00e5 av gulvvarme f\u00f8r bruk.<\/li>\n<\/ul>\n","protected":false},"excerpt":{"rendered":"<h2>PRIMACOVER LITE<\/h2>\n","protected":false},"featured_media":134190,"menu_order":14,"template":"","meta":{"generate_page_header":""},"product_brand":[],"product_cat":[2043],"product_tag":[3400,3122],"class_list":{"0":"post-134115","1":"product","2":"type-product","3":"status-publish","4":"has-post-thumbnail","6":"product_cat-dekkfilt","7":"product_tag-eksisterende-gjennomtorre-inneholder-ingen-fuktighet","8":"product_tag-selvklebende","9":"pa_breedte-0-65-no","10":"pa_breedte-1-no","11":"pa_breedte-2-no","12":"pa_eenheid-m-no","13":"pa_foliedikte-40-no","14":"pa_frame-0-no","15":"pa_lengte-25-no","16":"pa_lengte-50-no","17":"pa_matten30-0-0x30-no","18":"pa_merk-primacover-no","19":"pa_objecttypen-gulv","20":"pa_objecttypen-trapper","21":"pa_ondergrond-keramisk-flis","22":"pa_ondergrond-laminat-no","23":"pa_ondergrond-linoleum-no","24":"pa_ondergrond-naturstein-no","25":"pa_ondergrond-parkett-no","26":"pa_ondergrond-plast","27":"pa_ondergrond-prefabbetong","28":"pa_ondergrond-pvc-polyuretan-topplag","29":"pa_ondergrond-sementstopt-gulv","30":"pa_ondergrond-stopt-gulv-i-plast","31":"pa_ondergrond-tre","32":"pa_ondergrond-vinyl-no","33":"","34":"woocommerce-text-align-center","35":"woocommerce-image-align-center","36":"do-quantity-buttons","38":"first","39":"instock","40":"shipping-taxable","41":"product-type-simple"},"yoast_head":"<!-- This site is optimized with the Yoast SEO Premium plugin v26.7 (Yoast SEO v27.3) - https:\/\/yoast.com\/product\/yoast-seo-premium-wordpress\/ -->\n<title>Dekkfilt PrimaCover Lite<\/title>\n<meta name=\"description\" content=\"PrimaCover Lite er en dekkfilt som gir utmerket beskyttelse i byggefasen mot smuss, fuktighet og fallende objekter under hele byggeprosessen. Egnet for t\u00f8rre overflater.\" \/>\n<meta name=\"robots\" content=\"index, follow, max-snippet:-1, max-image-preview:large, max-video-preview:-1\" \/>\n<link rel=\"canonical\" href=\"https:\/\/primacover.com\/no\/product\/primacover-lite\/\" \/>\n<meta property=\"og:locale\" content=\"nb_NO\" \/>\n<meta property=\"og:type\" content=\"article\" \/>\n<meta property=\"og:title\" content=\"PrimaCover Lite\" \/>\n<meta property=\"og:description\" content=\"PrimaCover Lite er en dekkfilt som gir utmerket beskyttelse i byggefasen mot smuss, fuktighet og fallende objekter under hele byggeprosessen. Egnet for t\u00f8rre overflater.\" \/>\n<meta property=\"og:url\" content=\"https:\/\/primacover.com\/no\/product\/primacover-lite\/\" \/>\n<meta property=\"og:site_name\" content=\"PrimaCover\" \/>\n<meta property=\"article:publisher\" content=\"https:\/\/www.facebook.com\/PrimaverdeBV\" \/>\n<meta property=\"article:modified_time\" content=\"2026-04-03T09:32:38+00:00\" \/>\n<meta property=\"og:image\" content=\"https:\/\/primacover.com\/wp-content\/uploads\/2023\/01\/Lite_P0NZ_s01.png\" \/>\n\t<meta property=\"og:image:width\" content=\"625\" \/>\n\t<meta property=\"og:image:height\" content=\"625\" \/>\n\t<meta property=\"og:image:type\" content=\"image\/png\" \/>\n<meta name=\"twitter:card\" content=\"summary_large_image\" \/>\n<meta name=\"twitter:label1\" content=\"Pris\" \/>\n\t<meta name=\"twitter:data1\" content=\"\" \/>\n\t<meta name=\"twitter:label2\" content=\"Tilgjengelighet\" \/>\n\t<meta name=\"twitter:data2\" content=\"P\u00e5 lager\" \/>\n<script type=\"application\/ld+json\" class=\"yoast-schema-graph\">{\"@context\":\"https:\\\/\\\/schema.org\",\"@graph\":[{\"@type\":\"WebPage\",\"@id\":\"https:\\\/\\\/primacover.com\\\/no\\\/product\\\/primacover-lite\\\/\",\"url\":\"https:\\\/\\\/primacover.com\\\/no\\\/product\\\/primacover-lite\\\/\",\"name\":\"Dekkfilt PrimaCover Lite\",\"isPartOf\":{\"@id\":\"https:\\\/\\\/primacover.com\\\/no\\\/#website\"},\"primaryImageOfPage\":{\"@id\":\"https:\\\/\\\/primacover.com\\\/no\\\/product\\\/primacover-lite\\\/#primaryimage\"},\"image\":{\"@id\":\"https:\\\/\\\/primacover.com\\\/no\\\/product\\\/primacover-lite\\\/#primaryimage\"},\"thumbnailUrl\":\"https:\\\/\\\/primacover.com\\\/wp-content\\\/uploads\\\/2023\\\/01\\\/Lite_P0NZ_s01.png\",\"datePublished\":\"2023-01-20T13:26:44+00:00\",\"dateModified\":\"2026-04-03T09:32:38+00:00\",\"description\":\"PrimaCover Lite er en dekkfilt som gir utmerket beskyttelse i byggefasen mot smuss, fuktighet og fallende objekter under hele byggeprosessen. Egnet for t\u00f8rre overflater.\",\"breadcrumb\":{\"@id\":\"https:\\\/\\\/primacover.com\\\/no\\\/product\\\/primacover-lite\\\/#breadcrumb\"},\"inLanguage\":\"nb-NO\",\"potentialAction\":[{\"@type\":\"ReadAction\",\"target\":[\"https:\\\/\\\/primacover.com\\\/no\\\/product\\\/primacover-lite\\\/\"]}]},{\"@type\":\"ImageObject\",\"inLanguage\":\"nb-NO\",\"@id\":\"https:\\\/\\\/primacover.com\\\/no\\\/product\\\/primacover-lite\\\/#primaryimage\",\"url\":\"https:\\\/\\\/primacover.com\\\/wp-content\\\/uploads\\\/2023\\\/01\\\/Lite_P0NZ_s01.png\",\"contentUrl\":\"https:\\\/\\\/primacover.com\\\/wp-content\\\/uploads\\\/2023\\\/01\\\/Lite_P0NZ_s01.png\",\"width\":625,\"height\":625,\"caption\":\"PrimaCover Lite 600x600 roll entree\"},{\"@type\":\"BreadcrumbList\",\"@id\":\"https:\\\/\\\/primacover.com\\\/no\\\/product\\\/primacover-lite\\\/#breadcrumb\",\"itemListElement\":[{\"@type\":\"ListItem\",\"position\":1,\"name\":\"Home\",\"item\":\"https:\\\/\\\/primacover.com\\\/no\\\/\"},{\"@type\":\"ListItem\",\"position\":2,\"name\":\"Produkter\",\"item\":\"https:\\\/\\\/primacover.com\\\/no\\\/produkter\\\/\"},{\"@type\":\"ListItem\",\"position\":3,\"name\":\"PrimaCover Lite\"}]},{\"@type\":\"WebSite\",\"@id\":\"https:\\\/\\\/primacover.com\\\/no\\\/#website\",\"url\":\"https:\\\/\\\/primacover.com\\\/no\\\/\",\"name\":\"PrimaCover\",\"description\":\"afdekvlies-afdekfolie-stofdeuren, coveringmaterials-dustdoors\",\"publisher\":{\"@id\":\"https:\\\/\\\/primacover.com\\\/no\\\/#organization\"},\"potentialAction\":[{\"@type\":\"SearchAction\",\"target\":{\"@type\":\"EntryPoint\",\"urlTemplate\":\"https:\\\/\\\/primacover.com\\\/no\\\/?s={search_term_string}\"},\"query-input\":{\"@type\":\"PropertyValueSpecification\",\"valueRequired\":true,\"valueName\":\"search_term_string\"}}],\"inLanguage\":\"nb-NO\"},{\"@type\":\"Organization\",\"@id\":\"https:\\\/\\\/primacover.com\\\/no\\\/#organization\",\"name\":\"PrimaCover\",\"url\":\"https:\\\/\\\/primacover.com\\\/no\\\/\",\"logo\":{\"@type\":\"ImageObject\",\"inLanguage\":\"nb-NO\",\"@id\":\"https:\\\/\\\/primacover.com\\\/no\\\/#\\\/schema\\\/logo\\\/image\\\/\",\"url\":\"\",\"contentUrl\":\"\",\"caption\":\"PrimaCover\"},\"image\":{\"@id\":\"https:\\\/\\\/primacover.com\\\/no\\\/#\\\/schema\\\/logo\\\/image\\\/\"},\"sameAs\":[\"https:\\\/\\\/www.facebook.com\\\/PrimaverdeBV\",\"https:\\\/\\\/nl.linkedin.com\\\/company\\\/primaverde\",\"https:\\\/\\\/www.youtube.com\\\/channel\\\/UC3DwQqj8f8tatLdSFA0aWwA\"]}]}<\/script>\n<meta property=\"product:brand\" content=\"PrimaCover\" \/>\n<meta property=\"product:price:currency\" content=\"EUR\" \/>\n<meta property=\"og:availability\" content=\"instock\" \/>\n<meta property=\"product:availability\" content=\"instock\" \/>\n<meta property=\"product:retailer_item_id\" content=\"PC900718\" \/>\n<meta property=\"product:condition\" content=\"new\" \/>\n<!-- \/ Yoast SEO Premium plugin. -->","yoast_head_json":{"title":"Dekkfilt PrimaCover Lite","description":"PrimaCover Lite er en dekkfilt som gir utmerket beskyttelse i byggefasen mot smuss, fuktighet og fallende objekter under hele byggeprosessen. Egnet for t\u00f8rre overflater.","robots":{"index":"index","follow":"follow","max-snippet":"max-snippet:-1","max-image-preview":"max-image-preview:large","max-video-preview":"max-video-preview:-1"},"canonical":"https:\/\/primacover.com\/no\/product\/primacover-lite\/","og_locale":"nb_NO","og_type":"article","og_title":"PrimaCover Lite","og_description":"PrimaCover Lite er en dekkfilt som gir utmerket beskyttelse i byggefasen mot smuss, fuktighet og fallende objekter under hele byggeprosessen. Egnet for t\u00f8rre overflater.","og_url":"https:\/\/primacover.com\/no\/product\/primacover-lite\/","og_site_name":"PrimaCover","article_publisher":"https:\/\/www.facebook.com\/PrimaverdeBV","article_modified_time":"2026-04-03T09:32:38+00:00","og_image":[{"width":625,"height":625,"url":"https:\/\/primacover.com\/wp-content\/uploads\/2023\/01\/Lite_P0NZ_s01.png","type":"image\/png"}],"twitter_card":"summary_large_image","twitter_misc":{"Pris":"","Tilgjengelighet":"P\u00e5 lager"},"schema":{"@context":"https:\/\/schema.org","@graph":[{"@type":"WebPage","@id":"https:\/\/primacover.com\/no\/product\/primacover-lite\/","url":"https:\/\/primacover.com\/no\/product\/primacover-lite\/","name":"Dekkfilt PrimaCover Lite","isPartOf":{"@id":"https:\/\/primacover.com\/no\/#website"},"primaryImageOfPage":{"@id":"https:\/\/primacover.com\/no\/product\/primacover-lite\/#primaryimage"},"image":{"@id":"https:\/\/primacover.com\/no\/product\/primacover-lite\/#primaryimage"},"thumbnailUrl":"https:\/\/primacover.com\/wp-content\/uploads\/2023\/01\/Lite_P0NZ_s01.png","datePublished":"2023-01-20T13:26:44+00:00","dateModified":"2026-04-03T09:32:38+00:00","description":"PrimaCover Lite er en dekkfilt som gir utmerket beskyttelse i byggefasen mot smuss, fuktighet og fallende objekter under hele byggeprosessen. Egnet for t\u00f8rre overflater.","breadcrumb":{"@id":"https:\/\/primacover.com\/no\/product\/primacover-lite\/#breadcrumb"},"inLanguage":"nb-NO","potentialAction":[{"@type":"ReadAction","target":["https:\/\/primacover.com\/no\/product\/primacover-lite\/"]}]},{"@type":"ImageObject","inLanguage":"nb-NO","@id":"https:\/\/primacover.com\/no\/product\/primacover-lite\/#primaryimage","url":"https:\/\/primacover.com\/wp-content\/uploads\/2023\/01\/Lite_P0NZ_s01.png","contentUrl":"https:\/\/primacover.com\/wp-content\/uploads\/2023\/01\/Lite_P0NZ_s01.png","width":625,"height":625,"caption":"PrimaCover Lite 600x600 roll entree"},{"@type":"BreadcrumbList","@id":"https:\/\/primacover.com\/no\/product\/primacover-lite\/#breadcrumb","itemListElement":[{"@type":"ListItem","position":1,"name":"Home","item":"https:\/\/primacover.com\/no\/"},{"@type":"ListItem","position":2,"name":"Produkter","item":"https:\/\/primacover.com\/no\/produkter\/"},{"@type":"ListItem","position":3,"name":"PrimaCover Lite"}]},{"@type":"WebSite","@id":"https:\/\/primacover.com\/no\/#website","url":"https:\/\/primacover.com\/no\/","name":"PrimaCover","description":"afdekvlies-afdekfolie-stofdeuren, coveringmaterials-dustdoors","publisher":{"@id":"https:\/\/primacover.com\/no\/#organization"},"potentialAction":[{"@type":"SearchAction","target":{"@type":"EntryPoint","urlTemplate":"https:\/\/primacover.com\/no\/?s={search_term_string}"},"query-input":{"@type":"PropertyValueSpecification","valueRequired":true,"valueName":"search_term_string"}}],"inLanguage":"nb-NO"},{"@type":"Organization","@id":"https:\/\/primacover.com\/no\/#organization","name":"PrimaCover","url":"https:\/\/primacover.com\/no\/","logo":{"@type":"ImageObject","inLanguage":"nb-NO","@id":"https:\/\/primacover.com\/no\/#\/schema\/logo\/image\/","url":"","contentUrl":"","caption":"PrimaCover"},"image":{"@id":"https:\/\/primacover.com\/no\/#\/schema\/logo\/image\/"},"sameAs":["https:\/\/www.facebook.com\/PrimaverdeBV","https:\/\/nl.linkedin.com\/company\/primaverde","https:\/\/www.youtube.com\/channel\/UC3DwQqj8f8tatLdSFA0aWwA"]}]},"product_brand":"PrimaCover","product_price_currency":"EUR","og_availability":"instock","product_availability":"instock","product_retailer_item_id":"PC900718","product_condition":"new"},"_links":{"self":[{"href":"https:\/\/primacover.com\/no\/wp-json\/wp\/v2\/product\/134115","targetHints":{"allow":["GET"]}}],"collection":[{"href":"https:\/\/primacover.com\/no\/wp-json\/wp\/v2\/product"}],"about":[{"href":"https:\/\/primacover.com\/no\/wp-json\/wp\/v2\/types\/product"}],"wp:featuredmedia":[{"embeddable":true,"href":"https:\/\/primacover.com\/no\/wp-json\/wp\/v2\/media\/134190"}],"wp:attachment":[{"href":"https:\/\/primacover.com\/no\/wp-json\/wp\/v2\/media?parent=134115"}],"wp:term":[{"taxonomy":"product_brand","embeddable":true,"href":"https:\/\/primacover.com\/no\/wp-json\/wp\/v2\/product_brand?post=134115"},{"taxonomy":"product_cat","embeddable":true,"href":"https:\/\/primacover.com\/no\/wp-json\/wp\/v2\/product_cat?post=134115"},{"taxonomy":"product_tag","embeddable":true,"href":"https:\/\/primacover.com\/no\/wp-json\/wp\/v2\/product_tag?post=134115"}],"curies":[{"name":"wp","href":"https:\/\/api.w.org\/{rel}","templated":true}]}}