{"id":140105,"date":"2025-09-02T15:58:07","date_gmt":"2025-09-02T13:58:07","guid":{"rendered":"https:\/\/primacover.com\/?post_type=product&#038;p=140105"},"modified":"2026-04-03T11:49:13","modified_gmt":"2026-04-03T09:49:13","slug":"primacover-starter-kit","status":"publish","type":"product","link":"https:\/\/primacover.com\/no\/product\/primacover-starter-kit\/","title":{"rendered":"PrimaCover Starter Kit"},"content":{"rendered":"<h2>St\u00f8vvegg 4.5 meter<\/h2>\n<p>Dustshield Starter Kit er et basissett som best\u00e5r av 3 paneler. Dustshield Starter Kit er et slitesterkt og gjenbrukbart alternativ til midlertidige, provisoriske st\u00f8vvegger. Med en bredde p\u00e5 opptil 4.5 meter egner Dustshield Starter Kit seg som et st\u00f8vtett avskjermingssystem for mindre og mellomstore bygg- og renoveringsprosjekter.<\/p>\n<p>Dustshield systemet er bygget opp i moduler. Alle sett kan derfor utvides med andre moduler hvis situasjonen krever det.<\/p>\n<p><strong>Deler<\/strong><\/p>\n<ul>\n<li>4x teleskopstenger (h\u00f8ydejusterbar fra 170 til 400 cm)<\/li>\n<li>3x toppstykke (bredde 150 cm), komplett med folie (maksimal h\u00f8yde 400 cm)<\/li>\n<li>16x stangklemmer<\/li>\n<li>4x multiklips<\/li>\n<li>1x b\u00e6rebag<\/li>\n<li>1x Zip-Up-sett (2 stk.)<\/li>\n<\/ul>\n<p><strong>Egenskaper:<\/strong><\/p>\n<ul>\n<li>Fleksibel og tilpasningsdyktig, passer i de fleste rom<\/li>\n<li>Rask og enkel montering<\/li>\n<li>Gjenbrukbar l\u00f8sning<\/li>\n<li>Brannhemmende folie (sertifisert i henhold til EN 13501-1)<\/li>\n<li>Egnet for rom opptil 4.5 m x 4.0 m (BxH)<\/li>\n<\/ul>\n<p><strong>Instruksjoner:<\/strong><\/p>\n<ul>\n<li>Plasser en teleskopstang med ringtopp i hj\u00f8rnet av rommet som skal skjermes. Skyv ut stangen og fest den mot taket ved hjelp av fj\u00e6rspenning.<\/li>\n<li>Klikk toppsvill med skum og folie f\u00f8rst inn i den ene stolpen, deretter i den neste.<\/li>\n<li>Plasser den andre stangen p\u00e5 \u00f8nsket sted og fest den.<\/li>\n<li>Rull ut folien og fest den til stolpene med de medf\u00f8lgende klipsene.<\/li>\n<li>Plasser sidebeskyttelsen (skum) p\u00e5 de ytterste stolpene og fest disse mot veggen.<\/li>\n<li>For \u00e5 skjerme av st\u00f8rre omr\u00e5der, kan flere moduler kobles sammen. P\u00e5 denne m\u00e5ten kan st\u00f8vveggen enkelt tilpasses ulike rom og behov.<\/li>\n<\/ul>\n","protected":false},"excerpt":{"rendered":"<h2>Zelfklevend afdekvlies<\/h2>\n","protected":false},"featured_media":140259,"menu_order":9,"template":"","meta":{"generate_page_header":""},"product_brand":[],"product_cat":[4366],"product_tag":[],"class_list":{"0":"post-140105","1":"product","2":"type-product","3":"status-publish","4":"has-post-thumbnail","6":"product_cat-stovvegg-sett","7":"pa_breedte-0-65-no","8":"pa_breedte-1-no","9":"pa_breedte-2-no","10":"pa_eenheid-m-no","11":"pa_foliedikte-40-no","12":"pa_frame-0-no","13":"pa_lengte-25-no","14":"pa_lengte-50-no","15":"pa_matten30-0-0x30-no","16":"pa_merk-primacover-no","17":"pa_objecttypen-stovkontroll","18":"","19":"woocommerce-text-align-center","20":"woocommerce-image-align-center","21":"do-quantity-buttons","23":"first","24":"instock","25":"shipping-taxable","26":"product-type-simple"},"yoast_head":"<!-- This site is optimized with the Yoast SEO Premium plugin v26.7 (Yoast SEO v27.3) - https:\/\/yoast.com\/product\/yoast-seo-premium-wordpress\/ -->\n<title>PrimaCover Standard Afdekvlies<\/title>\n<meta name=\"description\" content=\"PrimaCover Standard is een afdekvlies dat een uitstekende bescherming biedt tijdens de bouwfase tegen vuil, vocht, rollend materieel en vallende gereedschappen.\" \/>\n<meta name=\"robots\" content=\"index, follow, max-snippet:-1, max-image-preview:large, max-video-preview:-1\" \/>\n<link rel=\"canonical\" href=\"https:\/\/primacover.com\/no\/product\/primacover-starter-kit\/\" \/>\n<meta property=\"og:locale\" content=\"nb_NO\" \/>\n<meta property=\"og:type\" content=\"article\" \/>\n<meta property=\"og:title\" content=\"PrimaCover Starter Kit\" \/>\n<meta property=\"og:description\" content=\"PrimaCover Standard is een afdekvlies dat een uitstekende bescherming biedt tijdens de bouwfase tegen vuil, vocht, rollend materieel en vallende gereedschappen.\" \/>\n<meta property=\"og:url\" content=\"https:\/\/primacover.com\/no\/product\/primacover-starter-kit\/\" \/>\n<meta property=\"og:site_name\" content=\"PrimaCover\" \/>\n<meta property=\"article:publisher\" content=\"https:\/\/www.facebook.com\/PrimaverdeBV\" \/>\n<meta property=\"article:modified_time\" content=\"2026-04-03T09:49:13+00:00\" \/>\n<meta property=\"og:image\" content=\"https:\/\/primacover.com\/wp-content\/uploads\/2025\/09\/Illustratie-STARTER-KIT_Tekengebied-1-scaled.png\" \/>\n\t<meta property=\"og:image:width\" content=\"2560\" \/>\n\t<meta property=\"og:image:height\" content=\"1810\" \/>\n\t<meta property=\"og:image:type\" content=\"image\/png\" \/>\n<meta name=\"twitter:card\" content=\"summary_large_image\" \/>\n<meta name=\"twitter:label1\" content=\"Pris\" \/>\n\t<meta name=\"twitter:data1\" content=\"\" \/>\n\t<meta name=\"twitter:label2\" content=\"Tilgjengelighet\" \/>\n\t<meta name=\"twitter:data2\" content=\"P\u00e5 lager\" \/>\n<script type=\"application\/ld+json\" class=\"yoast-schema-graph\">{\"@context\":\"https:\\\/\\\/schema.org\",\"@graph\":[{\"@type\":\"WebPage\",\"@id\":\"https:\\\/\\\/primacover.com\\\/no\\\/product\\\/primacover-starter-kit\\\/\",\"url\":\"https:\\\/\\\/primacover.com\\\/no\\\/product\\\/primacover-starter-kit\\\/\",\"name\":\"PrimaCover Standard Afdekvlies\",\"isPartOf\":{\"@id\":\"https:\\\/\\\/primacover.com\\\/no\\\/#website\"},\"primaryImageOfPage\":{\"@id\":\"https:\\\/\\\/primacover.com\\\/no\\\/product\\\/primacover-starter-kit\\\/#primaryimage\"},\"image\":{\"@id\":\"https:\\\/\\\/primacover.com\\\/no\\\/product\\\/primacover-starter-kit\\\/#primaryimage\"},\"thumbnailUrl\":\"https:\\\/\\\/primacover.com\\\/wp-content\\\/uploads\\\/2025\\\/09\\\/Illustratie-STARTER-KIT_Tekengebied-1-scaled.png\",\"datePublished\":\"2025-09-02T13:58:07+00:00\",\"dateModified\":\"2026-04-03T09:49:13+00:00\",\"description\":\"PrimaCover Standard is een afdekvlies dat een uitstekende bescherming biedt tijdens de bouwfase tegen vuil, vocht, rollend materieel en vallende gereedschappen.\",\"breadcrumb\":{\"@id\":\"https:\\\/\\\/primacover.com\\\/no\\\/product\\\/primacover-starter-kit\\\/#breadcrumb\"},\"inLanguage\":\"nb-NO\",\"potentialAction\":[{\"@type\":\"ReadAction\",\"target\":[\"https:\\\/\\\/primacover.com\\\/no\\\/product\\\/primacover-starter-kit\\\/\"]}]},{\"@type\":\"ImageObject\",\"inLanguage\":\"nb-NO\",\"@id\":\"https:\\\/\\\/primacover.com\\\/no\\\/product\\\/primacover-starter-kit\\\/#primaryimage\",\"url\":\"https:\\\/\\\/primacover.com\\\/wp-content\\\/uploads\\\/2025\\\/09\\\/Illustratie-STARTER-KIT_Tekengebied-1-scaled.png\",\"contentUrl\":\"https:\\\/\\\/primacover.com\\\/wp-content\\\/uploads\\\/2025\\\/09\\\/Illustratie-STARTER-KIT_Tekengebied-1-scaled.png\",\"width\":2560,\"height\":1810},{\"@type\":\"BreadcrumbList\",\"@id\":\"https:\\\/\\\/primacover.com\\\/no\\\/product\\\/primacover-starter-kit\\\/#breadcrumb\",\"itemListElement\":[{\"@type\":\"ListItem\",\"position\":1,\"name\":\"Home\",\"item\":\"https:\\\/\\\/primacover.com\\\/no\\\/\"},{\"@type\":\"ListItem\",\"position\":2,\"name\":\"Produkter\",\"item\":\"https:\\\/\\\/primacover.com\\\/no\\\/produkter\\\/\"},{\"@type\":\"ListItem\",\"position\":3,\"name\":\"PrimaCover Starter Kit\"}]},{\"@type\":\"WebSite\",\"@id\":\"https:\\\/\\\/primacover.com\\\/no\\\/#website\",\"url\":\"https:\\\/\\\/primacover.com\\\/no\\\/\",\"name\":\"PrimaCover\",\"description\":\"afdekvlies-afdekfolie-stofdeuren, coveringmaterials-dustdoors\",\"publisher\":{\"@id\":\"https:\\\/\\\/primacover.com\\\/no\\\/#organization\"},\"potentialAction\":[{\"@type\":\"SearchAction\",\"target\":{\"@type\":\"EntryPoint\",\"urlTemplate\":\"https:\\\/\\\/primacover.com\\\/no\\\/?s={search_term_string}\"},\"query-input\":{\"@type\":\"PropertyValueSpecification\",\"valueRequired\":true,\"valueName\":\"search_term_string\"}}],\"inLanguage\":\"nb-NO\"},{\"@type\":\"Organization\",\"@id\":\"https:\\\/\\\/primacover.com\\\/no\\\/#organization\",\"name\":\"PrimaCover\",\"url\":\"https:\\\/\\\/primacover.com\\\/no\\\/\",\"logo\":{\"@type\":\"ImageObject\",\"inLanguage\":\"nb-NO\",\"@id\":\"https:\\\/\\\/primacover.com\\\/no\\\/#\\\/schema\\\/logo\\\/image\\\/\",\"url\":\"\",\"contentUrl\":\"\",\"caption\":\"PrimaCover\"},\"image\":{\"@id\":\"https:\\\/\\\/primacover.com\\\/no\\\/#\\\/schema\\\/logo\\\/image\\\/\"},\"sameAs\":[\"https:\\\/\\\/www.facebook.com\\\/PrimaverdeBV\",\"https:\\\/\\\/nl.linkedin.com\\\/company\\\/primaverde\",\"https:\\\/\\\/www.youtube.com\\\/channel\\\/UC3DwQqj8f8tatLdSFA0aWwA\"]}]}<\/script>\n<meta property=\"product:brand\" content=\"PrimaCover\" \/>\n<meta property=\"product:price:currency\" content=\"EUR\" \/>\n<meta property=\"og:availability\" content=\"instock\" \/>\n<meta property=\"product:availability\" content=\"instock\" \/>\n<meta property=\"product:condition\" content=\"new\" \/>\n<!-- \/ Yoast SEO Premium plugin. -->","yoast_head_json":{"title":"PrimaCover Standard Afdekvlies","description":"PrimaCover Standard is een afdekvlies dat een uitstekende bescherming biedt tijdens de bouwfase tegen vuil, vocht, rollend materieel en vallende gereedschappen.","robots":{"index":"index","follow":"follow","max-snippet":"max-snippet:-1","max-image-preview":"max-image-preview:large","max-video-preview":"max-video-preview:-1"},"canonical":"https:\/\/primacover.com\/no\/product\/primacover-starter-kit\/","og_locale":"nb_NO","og_type":"article","og_title":"PrimaCover Starter Kit","og_description":"PrimaCover Standard is een afdekvlies dat een uitstekende bescherming biedt tijdens de bouwfase tegen vuil, vocht, rollend materieel en vallende gereedschappen.","og_url":"https:\/\/primacover.com\/no\/product\/primacover-starter-kit\/","og_site_name":"PrimaCover","article_publisher":"https:\/\/www.facebook.com\/PrimaverdeBV","article_modified_time":"2026-04-03T09:49:13+00:00","og_image":[{"width":2560,"height":1810,"url":"https:\/\/primacover.com\/wp-content\/uploads\/2025\/09\/Illustratie-STARTER-KIT_Tekengebied-1-scaled.png","type":"image\/png"}],"twitter_card":"summary_large_image","twitter_misc":{"Pris":"","Tilgjengelighet":"P\u00e5 lager"},"schema":{"@context":"https:\/\/schema.org","@graph":[{"@type":"WebPage","@id":"https:\/\/primacover.com\/no\/product\/primacover-starter-kit\/","url":"https:\/\/primacover.com\/no\/product\/primacover-starter-kit\/","name":"PrimaCover Standard Afdekvlies","isPartOf":{"@id":"https:\/\/primacover.com\/no\/#website"},"primaryImageOfPage":{"@id":"https:\/\/primacover.com\/no\/product\/primacover-starter-kit\/#primaryimage"},"image":{"@id":"https:\/\/primacover.com\/no\/product\/primacover-starter-kit\/#primaryimage"},"thumbnailUrl":"https:\/\/primacover.com\/wp-content\/uploads\/2025\/09\/Illustratie-STARTER-KIT_Tekengebied-1-scaled.png","datePublished":"2025-09-02T13:58:07+00:00","dateModified":"2026-04-03T09:49:13+00:00","description":"PrimaCover Standard is een afdekvlies dat een uitstekende bescherming biedt tijdens de bouwfase tegen vuil, vocht, rollend materieel en vallende gereedschappen.","breadcrumb":{"@id":"https:\/\/primacover.com\/no\/product\/primacover-starter-kit\/#breadcrumb"},"inLanguage":"nb-NO","potentialAction":[{"@type":"ReadAction","target":["https:\/\/primacover.com\/no\/product\/primacover-starter-kit\/"]}]},{"@type":"ImageObject","inLanguage":"nb-NO","@id":"https:\/\/primacover.com\/no\/product\/primacover-starter-kit\/#primaryimage","url":"https:\/\/primacover.com\/wp-content\/uploads\/2025\/09\/Illustratie-STARTER-KIT_Tekengebied-1-scaled.png","contentUrl":"https:\/\/primacover.com\/wp-content\/uploads\/2025\/09\/Illustratie-STARTER-KIT_Tekengebied-1-scaled.png","width":2560,"height":1810},{"@type":"BreadcrumbList","@id":"https:\/\/primacover.com\/no\/product\/primacover-starter-kit\/#breadcrumb","itemListElement":[{"@type":"ListItem","position":1,"name":"Home","item":"https:\/\/primacover.com\/no\/"},{"@type":"ListItem","position":2,"name":"Produkter","item":"https:\/\/primacover.com\/no\/produkter\/"},{"@type":"ListItem","position":3,"name":"PrimaCover Starter Kit"}]},{"@type":"WebSite","@id":"https:\/\/primacover.com\/no\/#website","url":"https:\/\/primacover.com\/no\/","name":"PrimaCover","description":"afdekvlies-afdekfolie-stofdeuren, coveringmaterials-dustdoors","publisher":{"@id":"https:\/\/primacover.com\/no\/#organization"},"potentialAction":[{"@type":"SearchAction","target":{"@type":"EntryPoint","urlTemplate":"https:\/\/primacover.com\/no\/?s={search_term_string}"},"query-input":{"@type":"PropertyValueSpecification","valueRequired":true,"valueName":"search_term_string"}}],"inLanguage":"nb-NO"},{"@type":"Organization","@id":"https:\/\/primacover.com\/no\/#organization","name":"PrimaCover","url":"https:\/\/primacover.com\/no\/","logo":{"@type":"ImageObject","inLanguage":"nb-NO","@id":"https:\/\/primacover.com\/no\/#\/schema\/logo\/image\/","url":"","contentUrl":"","caption":"PrimaCover"},"image":{"@id":"https:\/\/primacover.com\/no\/#\/schema\/logo\/image\/"},"sameAs":["https:\/\/www.facebook.com\/PrimaverdeBV","https:\/\/nl.linkedin.com\/company\/primaverde","https:\/\/www.youtube.com\/channel\/UC3DwQqj8f8tatLdSFA0aWwA"]}]},"product_brand":"PrimaCover","product_price_currency":"EUR","og_availability":"instock","product_availability":"instock","product_condition":"new"},"_links":{"self":[{"href":"https:\/\/primacover.com\/no\/wp-json\/wp\/v2\/product\/140105","targetHints":{"allow":["GET"]}}],"collection":[{"href":"https:\/\/primacover.com\/no\/wp-json\/wp\/v2\/product"}],"about":[{"href":"https:\/\/primacover.com\/no\/wp-json\/wp\/v2\/types\/product"}],"wp:featuredmedia":[{"embeddable":true,"href":"https:\/\/primacover.com\/no\/wp-json\/wp\/v2\/media\/140259"}],"wp:attachment":[{"href":"https:\/\/primacover.com\/no\/wp-json\/wp\/v2\/media?parent=140105"}],"wp:term":[{"taxonomy":"product_brand","embeddable":true,"href":"https:\/\/primacover.com\/no\/wp-json\/wp\/v2\/product_brand?post=140105"},{"taxonomy":"product_cat","embeddable":true,"href":"https:\/\/primacover.com\/no\/wp-json\/wp\/v2\/product_cat?post=140105"},{"taxonomy":"product_tag","embeddable":true,"href":"https:\/\/primacover.com\/no\/wp-json\/wp\/v2\/product_tag?post=140105"}],"curies":[{"name":"wp","href":"https:\/\/api.w.org\/{rel}","templated":true}]}}