{"id":135851,"date":"2023-06-28T09:02:48","date_gmt":"2023-06-28T07:02:48","guid":{"rendered":"https:\/\/primacover.com\/?page_id=135851"},"modified":"2025-05-05T09:05:18","modified_gmt":"2025-05-05T07:05:18","slug":"primacover","status":"publish","type":"page","link":"https:\/\/primacover.com\/pl\/","title":{"rendered":"PrimaCover"},"content":{"rendered":"\n<div class=\"wp-block-group\"><div class=\"wp-block-group__inner-container is-layout-flow wp-block-group-is-layout-flow\">\n<h1 class=\"wp-block-heading has-text-align-center\" id=\"h-czystsza-oraz-bezpieczna-budowa-i-remont-z-primacover\">CZYSTSZA ORAZ BEZPIECZNA BUDOWA I REMONT Z PRIMACOVER<\/h1>\n\n\n\n<h2 class=\"wp-block-heading has-text-align-center\" id=\"h-material-ochronna-wloknina-ochronna-folia-ochronna-nbsp-drzwi-przeciwpylowe-i-tasmy-specjalistyczne\">Materia\u0142 ochronna, w\u0142\u00f3knina ochronna, folia ochronna&nbsp;, drzwi przeciwpy\u0142owe i ta\u015bmy specjalistyczne<\/h2>\n<\/div><\/div>\n\n\n\n<div class=\"wp-block-group\"><div class=\"wp-block-group__inner-container is-layout-flow wp-block-group-is-layout-flow\">\n<div class=\"wp-block-columns has-3-columns is-layout-flex wp-container-core-columns-is-layout-9d6595d7 wp-block-columns-is-layout-flex\">\n<div class=\"wp-block-column is-layout-flow wp-block-column-is-layout-flow\">\n<h3 class=\"wp-block-heading\" id=\"h-wloknina-ochronna-folia-ochronna-nbsp-i-drzwi-przeciwpylowe\">W\u0142\u00f3knina ochronna, folia ochronna&nbsp;i drzwi przeciwpy\u0142owe<\/h3>\n\n\n\n<p>Budowa, przebudowa czy remont musz\u0105 przebiega\u0107 czysto i bezpiecznie. Dlatego te\u017c zach\u0119camy do skorzystania z produkt\u00f3w PrimaCover celem ochrony pod\u0142o\u017ca i otoczenia.&nbsp;<\/p>\n\n\n\n<p>Oferujemy szybko powi\u0119kszaj\u0105cy si\u0119 asortyment w\u0142\u00f3knina ochronna, folia ochronna&nbsp;, drzwi przeciwpy\u0142owe i ta\u015bmy specjalistyczne. Poniewa\u017c wyroby PrimaCover s\u0105 opracowywane i produkowane we w\u0142asnym zakresie, wszyscy u\u017cytkownicy mog\u0105 cieszy\u0107 si\u0119 przemy\u015blanymi produktami wysokiej jako\u015bci. Te najwy\u017cszej klasy materia\u0142y ochronne s\u0105 codziennie wykorzystywane w praktyce przez przedsi\u0119biorstwa, pracownik\u00f3w czy firmy jednoosobowe w najr\u00f3\u017cniejszych bran\u017cach, takich jak:<\/p>\n\n\n\n<ul class=\"wp-block-list\">\n<li>Budownictwo<\/li>\n\n\n\n<li>Remonty<\/li>\n\n\n\n<li>Wyko\u0144czenia<\/li>\n\n\n\n<li>Przebudowy<\/li>\n\n\n\n<li>Prace malarskie<\/li>\n\n\n\n<li>Majsterkowanie<\/li>\n\n\n\n<li>Utrzymanie techniczne<\/li>\n\n\n\n<li>Imprezy<\/li>\n\n\n\n<li>Bran\u017ca morska<\/li>\n\n\n\n<li>itd.<\/li>\n<\/ul>\n<\/div>\n\n\n\n<div class=\"wp-block-column is-layout-flow wp-block-column-is-layout-flow\">\n<h3 class=\"wp-block-heading\" id=\"h-zalety-primacover\">Zalety PrimaCover<\/h3>\n\n\n\n<ul class=\"wp-block-list\">\n<li>Bezpieczna ochrona posadzek, schod\u00f3w i pomieszcze\u0144<\/li>\n\n\n\n<li>Zapobieganie wydatkom zwi\u0105zanym z naprawami oraz sporom<\/li>\n\n\n\n<li>Opracowywanie produkt\u00f3w z naciskiem na korzy\u015bci dla u\u017cytkownika<\/li>\n\n\n\n<li>Jako\u015b\u0107 sprawdzona w praktyce<\/li>\n\n\n\n<li>Profesjonalny wygl\u0105d<\/li>\n<\/ul>\n<\/div>\n\n\n\n<div class=\"wp-block-column is-layout-flow wp-block-column-is-layout-flow\">\n<figure class=\"wp-block-image size-large\"><img loading=\"lazy\" decoding=\"async\" width=\"600\" height=\"399\" src=\"https:\/\/primacover.com\/wp-content\/uploads\/2021\/03\/PrimaCover-Robust-Prefab-Trap.jpg\" alt=\"PrimaCover Robust Prefab Trap\" class=\"wp-image-14659\" srcset=\"https:\/\/primacover.com\/wp-content\/uploads\/2021\/03\/PrimaCover-Robust-Prefab-Trap.jpg 600w, https:\/\/primacover.com\/wp-content\/uploads\/2021\/03\/PrimaCover-Robust-Prefab-Trap-300x200.jpg 300w\" sizes=\"auto, (max-width: 600px) 100vw, 600px\" \/><\/figure>\n\n\n\n<figure class=\"wp-block-embed is-type-video is-provider-youtube wp-block-embed-youtube wp-embed-aspect-16-9 wp-has-aspect-ratio\"><div class=\"wp-block-embed__wrapper\">\n<iframe loading=\"lazy\" title=\"PrimaCover afdekvlies - Beschermt tegen vallend gereedschap\" width=\"1200\" height=\"675\" src=\"https:\/\/www.youtube.com\/embed\/TsP2ez8h7IU?feature=oembed&#038;enablejsapi=1&#038;origin=https:\/\/primacover.com\" frameborder=\"0\" allow=\"accelerometer; autoplay; clipboard-write; encrypted-media; gyroscope; picture-in-picture; web-share\" referrerpolicy=\"strict-origin-when-cross-origin\" allowfullscreen><\/iframe>\n<\/div><\/figure>\n\n\n\n<p><\/p>\n<\/div>\n<\/div>\n<\/div><\/div>\n\n\n\n<div class=\"wp-block-columns has-base-background-color has-background is-layout-flex wp-container-core-columns-is-layout-9d6595d7 wp-block-columns-is-layout-flex\">\n<div class=\"wp-block-column is-layout-flow wp-block-column-is-layout-flow\" style=\"flex-basis:33%\">\n<h3 class=\"wp-block-heading\">Przegl\u0105d produkt\u00f3w PrimaCover<\/h3>\n\n\n\n<p class=\"has-contrast-color has-text-color\">Produkty PrimaCover s\u0105 dobrze znane w\u015br\u00f3d przedsi\u0119biorstw budowlanych, remontowych czy malarskich. To bezpieczny wyb\u00f3r w zakresie zabezpieczenia i okrywania posadzek oraz schod\u00f3w na potrzeby projekt\u00f3w budowlanych, budowy nowych obiekt\u00f3w, remont\u00f3w czy konserwacji nieruchomo\u015bci.<\/p>\n\n\n\n<p><a data-type=\"URL\" data-id=\"\/producten\" href=\"\/producten\">Do produkt\u00f3w \u2026&gt;<\/a><\/p>\n\n\n\n<p><a href=\"https:\/\/primacover.com\/datasheets\/PC_Drieluik_PO_DIG_v05.pdf\">Pobierz broszur\u0119 \u2026><\/a><\/p>\n<\/div>\n\n\n\n<div class=\"wp-block-column is-layout-flow wp-block-column-is-layout-flow\" style=\"flex-basis:33%\">\n<figure class=\"wp-block-image\"><a href=\"https:\/\/primacover.com\/datasheets\/PC_Drieluik_PO_DIG_v05.pdf\"><img decoding=\"async\" src=\"https:\/\/primacover.com\/wp-content\/uploads\/2020\/11\/PrimaCover_promoblock_METR.png\" alt=\"PrimaCover Brochure NL\"\/><\/a><\/figure>\n<\/div>\n\n\n\n<div class=\"wp-block-column is-layout-flow wp-block-column-is-layout-flow\" style=\"flex-basis:33%\">\n<h3 class=\"wp-block-heading has-contrast-2-color has-text-color\" id=\"h-nasze-produkty-daja-pewnosc\">Nasze produkty daj\u0105 pewno\u015b\u0107<\/h3>\n\n\n\n<p>To, jak wa\u017cne jest zabezpieczenie pod\u0142o\u017cy oraz otoczenia w trakcie prac, okazuje si\u0119 dopiero w\u00f3wczas, gdy plama z farby pojawia si\u0119 tam, gdzie nie powinna. Albo gdy przewr\u00f3ci si\u0119 kanister z olejem. Nasze produkty s\u0105 ka\u017cdego dnia stosowane na budowach i statkach, w mieszkaniach, szpitalach, obiektach zabytkowych czy muzeach.<\/p>\n\n\n\n<p class=\"has-contrast-2-color has-text-color\">Nasze produkty daj\u0105 pewno\u015b\u0107. Co mo\u017cemy dla Pa\u0144stwa zrobi\u0107?&nbsp;Prosimy o kontakt!<\/p>\n<\/div>\n<\/div>\n\n\n\n\n\n<div class=\"wp-block-group\"><div class=\"wp-block-group__inner-container is-layout-flow wp-block-group-is-layout-flow\">\n<div class=\"wp-block-columns has-3-columns is-layout-flex wp-container-core-columns-is-layout-9d6595d7 wp-block-columns-is-layout-flex\">\n<div class=\"wp-block-column is-layout-flow wp-block-column-is-layout-flow\">\n<figure class=\"wp-block-image size-large\"><img loading=\"lazy\" decoding=\"async\" width=\"600\" height=\"399\" src=\"https:\/\/primacover.com\/wp-content\/uploads\/2021\/03\/PrimaCover-afdekvlies-Steiger-Praktijk.jpg\" alt=\"PrimaCover afdekvlies Steiger Praktijk\" class=\"wp-image-14660\" srcset=\"https:\/\/primacover.com\/wp-content\/uploads\/2021\/03\/PrimaCover-afdekvlies-Steiger-Praktijk.jpg 600w, https:\/\/primacover.com\/wp-content\/uploads\/2021\/03\/PrimaCover-afdekvlies-Steiger-Praktijk-300x200.jpg 300w\" sizes=\"auto, (max-width: 600px) 100vw, 600px\" \/><\/figure>\n\n\n\n<h3 class=\"wp-block-heading\" id=\"h-budownictwo-budowa-nowych-obiektow-remonty-i-konserwacja-nieruchomosci\">Budownictwo, budowa nowych obiekt\u00f3w, remonty i konserwacja nieruchomo\u015bci<\/h3>\n\n\n\n<p>Produkty PrimaCover s\u0105 dobrze znane w\u015br\u00f3d przedsi\u0119biorstw budowlanych, remontowych czy malarskich. To bezpieczny wyb\u00f3r w zakresie zabezpieczenia i okrywania posadzek oraz schod\u00f3w na potrzeby projekt\u00f3w budowlanych, budowy nowych obiekt\u00f3w, remont\u00f3w czy konserwacji nieruchomo\u015bci.<\/p>\n\n\n\n<p><strong>Oto kilka przyk\u0142ad\u00f3w:<\/strong><\/p>\n\n\n\n<ul class=\"wp-block-list\">\n<li>Okrywanie prefabrykowanych element\u00f3w betonowych w trakcie budowy<\/li>\n\n\n\n<li>Okrywanie parkiet\u00f3w, p\u0142ytek, kamienia naturalnego itd. w trakcie remontu<\/li>\n\n\n\n<li>Ochrona posadzek i schod\u00f3w w trakcie tynkowania i malowania<\/li>\n<\/ul>\n<\/div>\n\n\n\n<div class=\"wp-block-column is-layout-flow wp-block-column-is-layout-flow\">\n<figure class=\"wp-block-image size-large\"><img loading=\"lazy\" decoding=\"async\" width=\"600\" height=\"399\" src=\"https:\/\/primacover.com\/wp-content\/uploads\/2021\/03\/PrimaCover-Evenementen-Sportvloer.jpg\" alt=\"PrimaCover Evenementen Sporthal\" class=\"wp-image-14661\" srcset=\"https:\/\/primacover.com\/wp-content\/uploads\/2021\/03\/PrimaCover-Evenementen-Sportvloer.jpg 600w, https:\/\/primacover.com\/wp-content\/uploads\/2021\/03\/PrimaCover-Evenementen-Sportvloer-300x200.jpg 300w\" sizes=\"auto, (max-width: 600px) 100vw, 600px\" \/><\/figure>\n\n\n\n<h3 class=\"wp-block-heading\" id=\"h-imprezy\">Imprezy<\/h3>\n\n\n\n<p>Produkty PrimaCover sprawdz\u0105 si\u0119 r\u00f3wnie\u017c podczas imprez. Okrywaj\u0105c pod\u0142og\u0119, chroni\u0105 j\u0105 Pa\u0144stwo i zapewniaj\u0105 przyjemn\u0105 akustyk\u0119.<\/p>\n\n\n\n<p><strong>Oto kilka przyk\u0142ad\u00f3w:<\/strong><\/p>\n\n\n\n<ul class=\"wp-block-list\">\n<li>Okrywanie posadzek w salach gimnastycznych w trakcie egzamin\u00f3w<\/li>\n\n\n\n<li>Ochrona posadzek w trakcie budowy stoisk targowych<\/li>\n\n\n\n<li>Tworzenie alejek pieszych, nawet w bardzo ruchliwych miejscach<\/li>\n<\/ul>\n<\/div>\n\n\n\n<div class=\"wp-block-column is-layout-flow wp-block-column-is-layout-flow\">\n<figure class=\"wp-block-image size-large\"><img loading=\"lazy\" decoding=\"async\" width=\"600\" height=\"399\" src=\"https:\/\/primacover.com\/wp-content\/uploads\/2021\/03\/PrimaCover-trapje-huis-nieuwbouw.jpg\" alt=\"\" class=\"wp-image-14662\" srcset=\"https:\/\/primacover.com\/wp-content\/uploads\/2021\/03\/PrimaCover-trapje-huis-nieuwbouw.jpg 600w, https:\/\/primacover.com\/wp-content\/uploads\/2021\/03\/PrimaCover-trapje-huis-nieuwbouw-300x200.jpg 300w\" sizes=\"auto, (max-width: 600px) 100vw, 600px\" \/><\/figure>\n<\/div>\n<\/div>\n<\/div><\/div>\n\n\n\n<div class=\"wp-block-group has-very-light-gray-background-color has-background\"><div class=\"wp-block-group__inner-container is-layout-flow wp-block-group-is-layout-flow\">\n<h3 class=\"wp-block-heading\" id=\"h-wszystko-o-materialach-okrywowych-primacover\">Wszystko o materia\u0142ach okrywowych PrimaCover:<\/h3>\n\n\n<style>.slick-slider#wpsp-2582 {margin-left: 0px; }.slick-slider#wpsp-2582 .wp-show-posts-inner {margin-left: 1em; margin-right: 1em; }#wpsp-2582.wpsp-card .wp-show-posts-single {margin-bottom: 2em; }.slick-slider#wpsp-2582 .wp-show-posts-single {margin-bottom: 0px; }<\/style><style>.wp-show-posts-columns#wpsp-2582 {margin-left: -2em; }.wp-show-posts-columns#wpsp-2582 .wp-show-posts-inner {margin: 0 0 2em 2em; }<\/style><section id=\"wpsp-2582\" class=\" wp-show-posts-columns wp-show-posts\" style=\"\"><div class=\"wpsp-no-results\" style=\"margin-left: 2em;\"><p>Sorry, no posts were found.<\/p>\n<\/div><div class=\"wpsp-clear\"><\/div><\/section><!-- .wp-show-posts -->\n\n\n\n<p><a href=\"https:\/\/primacover.com\/actueel\/\">Wszystkie wiadomo\u015bci na temat PrimaCover &#8230;&gt;<\/a><\/p>\n<\/div><\/div>\n","protected":false},"excerpt":{"rendered":"<p>CZYSTSZA ORAZ BEZPIECZNA BUDOWA I REMONT Z PRIMACOVER Materia\u0142 ochronna, w\u0142\u00f3knina ochronna, folia ochronna&nbsp;, drzwi przeciwpy\u0142owe i ta\u015bmy specjalistyczne W\u0142\u00f3knina<\/p>\n","protected":false},"author":8,"featured_media":0,"parent":0,"menu_order":10,"comment_status":"closed","ping_status":"closed","template":"","meta":{"generate_page_header":"","footnotes":""},"class_list":["post-135851","page","type-page","status-publish"],"yoast_head":"<!-- This site is optimized with the Yoast SEO Premium plugin v26.7 (Yoast SEO v27.4) - https:\/\/yoast.com\/product\/yoast-seo-premium-wordpress\/ -->\n<title>PrimaCover Afdekvlies, afdekfolie tapes en ritsdoorgangen<\/title>\n<meta name=\"description\" content=\"PrimaCover afdekmaterialen, afdekvliezen, afdekfolies, ritsdoorgangen en tapes om vloeren en trappen te beschermen tijdens ombouw, renovatie en onderhoud.\" \/>\n<meta name=\"robots\" content=\"index, follow, max-snippet:-1, max-image-preview:large, max-video-preview:-1\" \/>\n<link rel=\"canonical\" href=\"https:\/\/primacover.com\/pl\/\" \/>\n<meta property=\"og:locale\" content=\"pl_PL\" \/>\n<meta property=\"og:type\" content=\"article\" \/>\n<meta property=\"og:title\" content=\"PrimaCover\" \/>\n<meta property=\"og:description\" content=\"PrimaCover afdekmaterialen, afdekvliezen, afdekfolies, ritsdoorgangen en tapes om vloeren en trappen te beschermen tijdens ombouw, renovatie en onderhoud.\" \/>\n<meta property=\"og:url\" content=\"https:\/\/primacover.com\/pl\/\" \/>\n<meta property=\"og:site_name\" content=\"PrimaCover\" \/>\n<meta property=\"article:publisher\" content=\"https:\/\/www.facebook.com\/PrimaverdeBV\" \/>\n<meta property=\"article:modified_time\" content=\"2025-05-05T07:05:18+00:00\" \/>\n<meta property=\"og:image\" content=\"https:\/\/primacover.com\/wp-content\/uploads\/2021\/03\/PrimaCover-Robust-Prefab-Trap.jpg\" \/>\n\t<meta property=\"og:image:width\" content=\"600\" \/>\n\t<meta property=\"og:image:height\" content=\"399\" \/>\n\t<meta property=\"og:image:type\" content=\"image\/jpeg\" \/>\n<meta name=\"twitter:card\" content=\"summary_large_image\" \/>\n<meta name=\"twitter:label1\" content=\"Szacowany czas czytania\" \/>\n\t<meta name=\"twitter:data1\" content=\"6 minut\" \/>\n<script type=\"application\/ld+json\" class=\"yoast-schema-graph\">{\"@context\":\"https:\\\/\\\/schema.org\",\"@graph\":[{\"@type\":\"WebPage\",\"@id\":\"https:\\\/\\\/primacover.com\\\/pl\\\/\",\"url\":\"https:\\\/\\\/primacover.com\\\/pl\\\/\",\"name\":\"PrimaCover Afdekvlies, afdekfolie tapes en ritsdoorgangen\",\"isPartOf\":{\"@id\":\"https:\\\/\\\/primacover.com\\\/pl\\\/#website\"},\"primaryImageOfPage\":{\"@id\":\"https:\\\/\\\/primacover.com\\\/pl\\\/#primaryimage\"},\"image\":{\"@id\":\"https:\\\/\\\/primacover.com\\\/pl\\\/#primaryimage\"},\"thumbnailUrl\":\"https:\\\/\\\/primacover.com\\\/wp-content\\\/uploads\\\/2021\\\/03\\\/PrimaCover-Robust-Prefab-Trap.jpg\",\"datePublished\":\"2023-06-28T07:02:48+00:00\",\"dateModified\":\"2025-05-05T07:05:18+00:00\",\"description\":\"PrimaCover afdekmaterialen, afdekvliezen, afdekfolies, ritsdoorgangen en tapes om vloeren en trappen te beschermen tijdens ombouw, renovatie en onderhoud.\",\"breadcrumb\":{\"@id\":\"https:\\\/\\\/primacover.com\\\/pl\\\/#breadcrumb\"},\"inLanguage\":\"pl-PL\",\"potentialAction\":[{\"@type\":\"ReadAction\",\"target\":[\"https:\\\/\\\/primacover.com\\\/pl\\\/\"]}]},{\"@type\":\"ImageObject\",\"inLanguage\":\"pl-PL\",\"@id\":\"https:\\\/\\\/primacover.com\\\/pl\\\/#primaryimage\",\"url\":\"https:\\\/\\\/primacover.com\\\/wp-content\\\/uploads\\\/2021\\\/03\\\/PrimaCover-Robust-Prefab-Trap.jpg\",\"contentUrl\":\"https:\\\/\\\/primacover.com\\\/wp-content\\\/uploads\\\/2021\\\/03\\\/PrimaCover-Robust-Prefab-Trap.jpg\"},{\"@type\":\"BreadcrumbList\",\"@id\":\"https:\\\/\\\/primacover.com\\\/pl\\\/#breadcrumb\",\"itemListElement\":[{\"@type\":\"ListItem\",\"position\":1,\"name\":\"Home\",\"item\":\"https:\\\/\\\/primacover.com\\\/pl\\\/\"},{\"@type\":\"ListItem\",\"position\":2,\"name\":\"PrimaCover\"}]},{\"@type\":\"WebSite\",\"@id\":\"https:\\\/\\\/primacover.com\\\/pl\\\/#website\",\"url\":\"https:\\\/\\\/primacover.com\\\/pl\\\/\",\"name\":\"PrimaCover\",\"description\":\"afdekvlies-afdekfolie-stofdeuren, coveringmaterials-dustdoors\",\"publisher\":{\"@id\":\"https:\\\/\\\/primacover.com\\\/pl\\\/#organization\"},\"potentialAction\":[{\"@type\":\"SearchAction\",\"target\":{\"@type\":\"EntryPoint\",\"urlTemplate\":\"https:\\\/\\\/primacover.com\\\/pl\\\/?s={search_term_string}\"},\"query-input\":{\"@type\":\"PropertyValueSpecification\",\"valueRequired\":true,\"valueName\":\"search_term_string\"}}],\"inLanguage\":\"pl-PL\"},{\"@type\":\"Organization\",\"@id\":\"https:\\\/\\\/primacover.com\\\/pl\\\/#organization\",\"name\":\"PrimaCover\",\"url\":\"https:\\\/\\\/primacover.com\\\/pl\\\/\",\"logo\":{\"@type\":\"ImageObject\",\"inLanguage\":\"pl-PL\",\"@id\":\"https:\\\/\\\/primacover.com\\\/pl\\\/#\\\/schema\\\/logo\\\/image\\\/\",\"url\":\"\",\"contentUrl\":\"\",\"caption\":\"PrimaCover\"},\"image\":{\"@id\":\"https:\\\/\\\/primacover.com\\\/pl\\\/#\\\/schema\\\/logo\\\/image\\\/\"},\"sameAs\":[\"https:\\\/\\\/www.facebook.com\\\/PrimaverdeBV\",\"https:\\\/\\\/nl.linkedin.com\\\/company\\\/primaverde\",\"https:\\\/\\\/www.youtube.com\\\/channel\\\/UC3DwQqj8f8tatLdSFA0aWwA\"]}]}<\/script>\n<!-- \/ Yoast SEO Premium plugin. -->","yoast_head_json":{"title":"PrimaCover Afdekvlies, afdekfolie tapes en ritsdoorgangen","description":"PrimaCover afdekmaterialen, afdekvliezen, afdekfolies, ritsdoorgangen en tapes om vloeren en trappen te beschermen tijdens ombouw, renovatie en onderhoud.","robots":{"index":"index","follow":"follow","max-snippet":"max-snippet:-1","max-image-preview":"max-image-preview:large","max-video-preview":"max-video-preview:-1"},"canonical":"https:\/\/primacover.com\/pl\/","og_locale":"pl_PL","og_type":"article","og_title":"PrimaCover","og_description":"PrimaCover afdekmaterialen, afdekvliezen, afdekfolies, ritsdoorgangen en tapes om vloeren en trappen te beschermen tijdens ombouw, renovatie en onderhoud.","og_url":"https:\/\/primacover.com\/pl\/","og_site_name":"PrimaCover","article_publisher":"https:\/\/www.facebook.com\/PrimaverdeBV","article_modified_time":"2025-05-05T07:05:18+00:00","og_image":[{"width":600,"height":399,"url":"https:\/\/primacover.com\/wp-content\/uploads\/2021\/03\/PrimaCover-Robust-Prefab-Trap.jpg","type":"image\/jpeg"}],"twitter_card":"summary_large_image","twitter_misc":{"Szacowany czas czytania":"6 minut"},"schema":{"@context":"https:\/\/schema.org","@graph":[{"@type":"WebPage","@id":"https:\/\/primacover.com\/pl\/","url":"https:\/\/primacover.com\/pl\/","name":"PrimaCover Afdekvlies, afdekfolie tapes en ritsdoorgangen","isPartOf":{"@id":"https:\/\/primacover.com\/pl\/#website"},"primaryImageOfPage":{"@id":"https:\/\/primacover.com\/pl\/#primaryimage"},"image":{"@id":"https:\/\/primacover.com\/pl\/#primaryimage"},"thumbnailUrl":"https:\/\/primacover.com\/wp-content\/uploads\/2021\/03\/PrimaCover-Robust-Prefab-Trap.jpg","datePublished":"2023-06-28T07:02:48+00:00","dateModified":"2025-05-05T07:05:18+00:00","description":"PrimaCover afdekmaterialen, afdekvliezen, afdekfolies, ritsdoorgangen en tapes om vloeren en trappen te beschermen tijdens ombouw, renovatie en onderhoud.","breadcrumb":{"@id":"https:\/\/primacover.com\/pl\/#breadcrumb"},"inLanguage":"pl-PL","potentialAction":[{"@type":"ReadAction","target":["https:\/\/primacover.com\/pl\/"]}]},{"@type":"ImageObject","inLanguage":"pl-PL","@id":"https:\/\/primacover.com\/pl\/#primaryimage","url":"https:\/\/primacover.com\/wp-content\/uploads\/2021\/03\/PrimaCover-Robust-Prefab-Trap.jpg","contentUrl":"https:\/\/primacover.com\/wp-content\/uploads\/2021\/03\/PrimaCover-Robust-Prefab-Trap.jpg"},{"@type":"BreadcrumbList","@id":"https:\/\/primacover.com\/pl\/#breadcrumb","itemListElement":[{"@type":"ListItem","position":1,"name":"Home","item":"https:\/\/primacover.com\/pl\/"},{"@type":"ListItem","position":2,"name":"PrimaCover"}]},{"@type":"WebSite","@id":"https:\/\/primacover.com\/pl\/#website","url":"https:\/\/primacover.com\/pl\/","name":"PrimaCover","description":"afdekvlies-afdekfolie-stofdeuren, coveringmaterials-dustdoors","publisher":{"@id":"https:\/\/primacover.com\/pl\/#organization"},"potentialAction":[{"@type":"SearchAction","target":{"@type":"EntryPoint","urlTemplate":"https:\/\/primacover.com\/pl\/?s={search_term_string}"},"query-input":{"@type":"PropertyValueSpecification","valueRequired":true,"valueName":"search_term_string"}}],"inLanguage":"pl-PL"},{"@type":"Organization","@id":"https:\/\/primacover.com\/pl\/#organization","name":"PrimaCover","url":"https:\/\/primacover.com\/pl\/","logo":{"@type":"ImageObject","inLanguage":"pl-PL","@id":"https:\/\/primacover.com\/pl\/#\/schema\/logo\/image\/","url":"","contentUrl":"","caption":"PrimaCover"},"image":{"@id":"https:\/\/primacover.com\/pl\/#\/schema\/logo\/image\/"},"sameAs":["https:\/\/www.facebook.com\/PrimaverdeBV","https:\/\/nl.linkedin.com\/company\/primaverde","https:\/\/www.youtube.com\/channel\/UC3DwQqj8f8tatLdSFA0aWwA"]}]}},"_links":{"self":[{"href":"https:\/\/primacover.com\/pl\/wp-json\/wp\/v2\/pages\/135851","targetHints":{"allow":["GET"]}}],"collection":[{"href":"https:\/\/primacover.com\/pl\/wp-json\/wp\/v2\/pages"}],"about":[{"href":"https:\/\/primacover.com\/pl\/wp-json\/wp\/v2\/types\/page"}],"author":[{"embeddable":true,"href":"https:\/\/primacover.com\/pl\/wp-json\/wp\/v2\/users\/8"}],"replies":[{"embeddable":true,"href":"https:\/\/primacover.com\/pl\/wp-json\/wp\/v2\/comments?post=135851"}],"version-history":[{"count":0,"href":"https:\/\/primacover.com\/pl\/wp-json\/wp\/v2\/pages\/135851\/revisions"}],"wp:attachment":[{"href":"https:\/\/primacover.com\/pl\/wp-json\/wp\/v2\/media?parent=135851"}],"curies":[{"name":"wp","href":"https:\/\/api.w.org\/{rel}","templated":true}]}}