{"id":135881,"date":"2022-05-02T12:55:16","date_gmt":"2022-05-02T10:55:16","guid":{"rendered":"https:\/\/primacover.com\/?post_type=product&#038;p=135881"},"modified":"2026-04-03T11:34:13","modified_gmt":"2026-04-03T09:34:13","slug":"primacover-standard","status":"publish","type":"product","link":"https:\/\/primacover.com\/pl\/product\/primacover-standard\/","title":{"rendered":"PrimaCover Standard"},"content":{"rendered":"<h2>Samoprzylepna w\u0142\u00f3knina ochronna<\/h2>\n<p>PrimaCover Standard to w\u0142\u00f3knina ochronna kt\u00f3ry zapewnia doskona\u0142\u0105 ochron\u0119 podczas fazy budowy przed brudem, wilgoci\u0105, taborem kolejowym i spadaj\u0105cymi narz\u0119dziami.<\/p>\n<p><strong>W\u0142a\u015bciwo\u015bci:<\/strong><\/p>\n<ul>\n<li>Nieprzepuszczaj\u0105ca cieczy<\/li>\n<li>Amortyzuj\u0105ca<\/li>\n<li>Samoprzylepna<\/li>\n<li>Mo\u017cliwo\u015b\u0107 wielokrotnego u\u017cytku<\/li>\n<li>Wykonana z poliestrowych w\u0142\u00f3kien pochodz\u0105cych z recyklingu<\/li>\n<\/ul>\n<p><strong>Aplikacje:<\/strong><\/p>\n<ul>\n<li>Do wszystkich suchych, twardych pod\u0142o\u017cy<\/li>\n<li>Do pod\u0142\u00f3g i schod\u00f3w<\/li>\n<\/ul>\n<p><strong>Instrukcje:<\/strong><\/p>\n<ul>\n<li>Nale\u017cy sprawdzi\u0107 wcze\u015bniej, czy produkt nadaje si\u0119 do danego zastosowania.<\/li>\n<li>Przed u\u017cyciem nale\u017cy wy\u0142\u0105czy\u0107 ogrzewanie pod\u0142ogowe.<\/li>\n<\/ul>\n","protected":false},"excerpt":{"rendered":"<h2>Samoprzylepna w\u0142\u00f3knina ochronna<\/h2>\n","protected":false},"featured_media":135392,"menu_order":15,"template":"","meta":{"generate_page_header":""},"product_brand":[],"product_cat":[4079],"product_tag":[4101,4126],"class_list":{"0":"post-135881","1":"product","2":"type-product","3":"status-publish","4":"has-post-thumbnail","6":"product_cat-wloknina-ochronna","7":"product_tag-ace-dokladnie-wysuszone-nie-zawieraja-wilgoci","8":"product_tag-samoprzylepny","9":"pa_breedte-0-65-pl","10":"pa_breedte-1-pl","11":"pa_breedte-2-pl","12":"pa_eenheid-m-pl-2","13":"pa_foliedikte-40-pl","14":"pa_frame-0-pl","15":"pa_lengte-25-pl","16":"pa_lengte-50-pl","17":"pa_matten30-0-0x30-pl-2","18":"pa_merk-primacover-pl-2","19":"pa_objecttypen-podloga","20":"pa_objecttypen-schody","21":"pa_ondergrond-beton-architektoniczny","22":"pa_ondergrond-drewno","23":"pa_ondergrond-kamien-naturalny","24":"pa_ondergrond-laminat-pl","25":"pa_ondergrond-linoleum-pl-2","26":"pa_ondergrond-odlewana-podloga-z-tworzywa-sztucznego","27":"pa_ondergrond-parkiet","28":"pa_ondergrond-plytka-ceramiczna","29":"pa_ondergrond-prefabrykaty-betonowe","30":"pa_ondergrond-pvc-wierzchnia-warstwa-pu","31":"pa_ondergrond-tworzywo-sztuczne","32":"pa_ondergrond-winyl","33":"","34":"woocommerce-text-align-center","35":"woocommerce-image-align-center","36":"do-quantity-buttons","38":"first","39":"instock","40":"shipping-taxable","41":"product-type-simple"},"yoast_head":"<!-- This site is optimized with the Yoast SEO Premium plugin v26.7 (Yoast SEO v27.2) - https:\/\/yoast.com\/product\/yoast-seo-premium-wordpress\/ -->\n<title>PrimaCover Standard<\/title>\n<meta name=\"robots\" content=\"index, follow, max-snippet:-1, max-image-preview:large, max-video-preview:-1\" \/>\n<link rel=\"canonical\" href=\"https:\/\/primacover.com\/pl\/product\/primacover-standard\/\" \/>\n<meta property=\"og:locale\" content=\"pl_PL\" \/>\n<meta property=\"og:type\" content=\"article\" \/>\n<meta property=\"og:title\" content=\"PrimaCover Standard\" \/>\n<meta property=\"og:description\" content=\"Samoprzylepna w\u0142\u00f3knina ochronna\" \/>\n<meta property=\"og:url\" content=\"https:\/\/primacover.com\/pl\/product\/primacover-standard\/\" \/>\n<meta property=\"og:site_name\" content=\"PrimaCover\" \/>\n<meta property=\"article:publisher\" content=\"https:\/\/www.facebook.com\/PrimaverdeBV\" \/>\n<meta property=\"article:modified_time\" content=\"2026-04-03T09:34:13+00:00\" \/>\n<meta property=\"og:image\" content=\"https:\/\/primacover.com\/wp-content\/uploads\/2022\/04\/Standard_P0NZ_s01.jpg\" \/>\n\t<meta property=\"og:image:width\" content=\"600\" \/>\n\t<meta property=\"og:image:height\" content=\"600\" \/>\n\t<meta property=\"og:image:type\" content=\"image\/jpeg\" \/>\n<meta name=\"twitter:card\" content=\"summary_large_image\" \/>\n<meta name=\"twitter:label1\" content=\"Cena\" \/>\n\t<meta name=\"twitter:data1\" content=\"\" \/>\n\t<meta name=\"twitter:label2\" content=\"Dost\u0119pno\u015b\u0107\" \/>\n\t<meta name=\"twitter:data2\" content=\"Dost\u0119pny\" \/>\n<script type=\"application\/ld+json\" class=\"yoast-schema-graph\">{\"@context\":\"https:\/\/schema.org\",\"@graph\":[{\"@type\":\"WebPage\",\"@id\":\"https:\/\/primacover.com\/pl\/product\/primacover-standard\/\",\"url\":\"https:\/\/primacover.com\/pl\/product\/primacover-standard\/\",\"name\":\"PrimaCover Standard\",\"isPartOf\":{\"@id\":\"https:\/\/primacover.com\/pl\/#website\"},\"primaryImageOfPage\":{\"@id\":\"https:\/\/primacover.com\/pl\/product\/primacover-standard\/#primaryimage\"},\"image\":{\"@id\":\"https:\/\/primacover.com\/pl\/product\/primacover-standard\/#primaryimage\"},\"thumbnailUrl\":\"https:\/\/primacover.com\/wp-content\/uploads\/2022\/04\/Standard_P0NZ_s01.jpg\",\"datePublished\":\"2022-05-02T10:55:16+00:00\",\"dateModified\":\"2026-04-03T09:34:13+00:00\",\"breadcrumb\":{\"@id\":\"https:\/\/primacover.com\/pl\/product\/primacover-standard\/#breadcrumb\"},\"inLanguage\":\"pl-PL\",\"potentialAction\":[{\"@type\":\"ReadAction\",\"target\":[\"https:\/\/primacover.com\/pl\/product\/primacover-standard\/\"]}]},{\"@type\":\"ImageObject\",\"inLanguage\":\"pl-PL\",\"@id\":\"https:\/\/primacover.com\/pl\/product\/primacover-standard\/#primaryimage\",\"url\":\"https:\/\/primacover.com\/wp-content\/uploads\/2022\/04\/Standard_P0NZ_s01.jpg\",\"contentUrl\":\"https:\/\/primacover.com\/wp-content\/uploads\/2022\/04\/Standard_P0NZ_s01.jpg\",\"width\":600,\"height\":600},{\"@type\":\"BreadcrumbList\",\"@id\":\"https:\/\/primacover.com\/pl\/product\/primacover-standard\/#breadcrumb\",\"itemListElement\":[{\"@type\":\"ListItem\",\"position\":1,\"name\":\"Home\",\"item\":\"https:\/\/primacover.com\/pl\/\"},{\"@type\":\"ListItem\",\"position\":2,\"name\":\"Produkty\",\"item\":\"https:\/\/primacover.com\/pl\/producten\/\"},{\"@type\":\"ListItem\",\"position\":3,\"name\":\"PrimaCover Standard\"}]},{\"@type\":\"WebSite\",\"@id\":\"https:\/\/primacover.com\/pl\/#website\",\"url\":\"https:\/\/primacover.com\/pl\/\",\"name\":\"PrimaCover\",\"description\":\"afdekvlies-afdekfolie-stofdeuren, coveringmaterials-dustdoors\",\"publisher\":{\"@id\":\"https:\/\/primacover.com\/pl\/#organization\"},\"potentialAction\":[{\"@type\":\"SearchAction\",\"target\":{\"@type\":\"EntryPoint\",\"urlTemplate\":\"https:\/\/primacover.com\/pl\/?s={search_term_string}\"},\"query-input\":{\"@type\":\"PropertyValueSpecification\",\"valueRequired\":true,\"valueName\":\"search_term_string\"}}],\"inLanguage\":\"pl-PL\"},{\"@type\":\"Organization\",\"@id\":\"https:\/\/primacover.com\/pl\/#organization\",\"name\":\"PrimaCover\",\"url\":\"https:\/\/primacover.com\/pl\/\",\"logo\":{\"@type\":\"ImageObject\",\"inLanguage\":\"pl-PL\",\"@id\":\"https:\/\/primacover.com\/pl\/#\/schema\/logo\/image\/\",\"url\":\"\",\"contentUrl\":\"\",\"caption\":\"PrimaCover\"},\"image\":{\"@id\":\"https:\/\/primacover.com\/pl\/#\/schema\/logo\/image\/\"},\"sameAs\":[\"https:\/\/www.facebook.com\/PrimaverdeBV\",\"https:\/\/nl.linkedin.com\/company\/primaverde\",\"https:\/\/www.youtube.com\/channel\/UC3DwQqj8f8tatLdSFA0aWwA\"]}]}<\/script>\n<meta property=\"product:brand\" content=\"PrimaCover\" \/>\n<meta property=\"product:price:currency\" content=\"EUR\" \/>\n<meta property=\"og:availability\" content=\"instock\" \/>\n<meta property=\"product:availability\" content=\"instock\" \/>\n<meta property=\"product:retailer_item_id\" content=\"PC900033\" \/>\n<meta property=\"product:condition\" content=\"new\" \/>\n<!-- \/ Yoast SEO Premium plugin. -->","yoast_head_json":{"title":"PrimaCover Standard","robots":{"index":"index","follow":"follow","max-snippet":"max-snippet:-1","max-image-preview":"max-image-preview:large","max-video-preview":"max-video-preview:-1"},"canonical":"https:\/\/primacover.com\/pl\/product\/primacover-standard\/","og_locale":"pl_PL","og_type":"article","og_title":"PrimaCover Standard","og_description":"Samoprzylepna w\u0142\u00f3knina ochronna","og_url":"https:\/\/primacover.com\/pl\/product\/primacover-standard\/","og_site_name":"PrimaCover","article_publisher":"https:\/\/www.facebook.com\/PrimaverdeBV","article_modified_time":"2026-04-03T09:34:13+00:00","og_image":[{"width":600,"height":600,"url":"https:\/\/primacover.com\/wp-content\/uploads\/2022\/04\/Standard_P0NZ_s01.jpg","type":"image\/jpeg"}],"twitter_card":"summary_large_image","twitter_misc":{"Cena":"","Dost\u0119pno\u015b\u0107":"Dost\u0119pny"},"schema":{"@context":"https:\/\/schema.org","@graph":[{"@type":"WebPage","@id":"https:\/\/primacover.com\/pl\/product\/primacover-standard\/","url":"https:\/\/primacover.com\/pl\/product\/primacover-standard\/","name":"PrimaCover Standard","isPartOf":{"@id":"https:\/\/primacover.com\/pl\/#website"},"primaryImageOfPage":{"@id":"https:\/\/primacover.com\/pl\/product\/primacover-standard\/#primaryimage"},"image":{"@id":"https:\/\/primacover.com\/pl\/product\/primacover-standard\/#primaryimage"},"thumbnailUrl":"https:\/\/primacover.com\/wp-content\/uploads\/2022\/04\/Standard_P0NZ_s01.jpg","datePublished":"2022-05-02T10:55:16+00:00","dateModified":"2026-04-03T09:34:13+00:00","breadcrumb":{"@id":"https:\/\/primacover.com\/pl\/product\/primacover-standard\/#breadcrumb"},"inLanguage":"pl-PL","potentialAction":[{"@type":"ReadAction","target":["https:\/\/primacover.com\/pl\/product\/primacover-standard\/"]}]},{"@type":"ImageObject","inLanguage":"pl-PL","@id":"https:\/\/primacover.com\/pl\/product\/primacover-standard\/#primaryimage","url":"https:\/\/primacover.com\/wp-content\/uploads\/2022\/04\/Standard_P0NZ_s01.jpg","contentUrl":"https:\/\/primacover.com\/wp-content\/uploads\/2022\/04\/Standard_P0NZ_s01.jpg","width":600,"height":600},{"@type":"BreadcrumbList","@id":"https:\/\/primacover.com\/pl\/product\/primacover-standard\/#breadcrumb","itemListElement":[{"@type":"ListItem","position":1,"name":"Home","item":"https:\/\/primacover.com\/pl\/"},{"@type":"ListItem","position":2,"name":"Produkty","item":"https:\/\/primacover.com\/pl\/producten\/"},{"@type":"ListItem","position":3,"name":"PrimaCover Standard"}]},{"@type":"WebSite","@id":"https:\/\/primacover.com\/pl\/#website","url":"https:\/\/primacover.com\/pl\/","name":"PrimaCover","description":"afdekvlies-afdekfolie-stofdeuren, coveringmaterials-dustdoors","publisher":{"@id":"https:\/\/primacover.com\/pl\/#organization"},"potentialAction":[{"@type":"SearchAction","target":{"@type":"EntryPoint","urlTemplate":"https:\/\/primacover.com\/pl\/?s={search_term_string}"},"query-input":{"@type":"PropertyValueSpecification","valueRequired":true,"valueName":"search_term_string"}}],"inLanguage":"pl-PL"},{"@type":"Organization","@id":"https:\/\/primacover.com\/pl\/#organization","name":"PrimaCover","url":"https:\/\/primacover.com\/pl\/","logo":{"@type":"ImageObject","inLanguage":"pl-PL","@id":"https:\/\/primacover.com\/pl\/#\/schema\/logo\/image\/","url":"","contentUrl":"","caption":"PrimaCover"},"image":{"@id":"https:\/\/primacover.com\/pl\/#\/schema\/logo\/image\/"},"sameAs":["https:\/\/www.facebook.com\/PrimaverdeBV","https:\/\/nl.linkedin.com\/company\/primaverde","https:\/\/www.youtube.com\/channel\/UC3DwQqj8f8tatLdSFA0aWwA"]}]},"product_brand":"PrimaCover","product_price_currency":"EUR","og_availability":"instock","product_availability":"instock","product_retailer_item_id":"PC900033","product_condition":"new"},"_links":{"self":[{"href":"https:\/\/primacover.com\/pl\/wp-json\/wp\/v2\/product\/135881","targetHints":{"allow":["GET"]}}],"collection":[{"href":"https:\/\/primacover.com\/pl\/wp-json\/wp\/v2\/product"}],"about":[{"href":"https:\/\/primacover.com\/pl\/wp-json\/wp\/v2\/types\/product"}],"wp:featuredmedia":[{"embeddable":true,"href":"https:\/\/primacover.com\/pl\/wp-json\/wp\/v2\/media\/135392"}],"wp:attachment":[{"href":"https:\/\/primacover.com\/pl\/wp-json\/wp\/v2\/media?parent=135881"}],"wp:term":[{"taxonomy":"product_brand","embeddable":true,"href":"https:\/\/primacover.com\/pl\/wp-json\/wp\/v2\/product_brand?post=135881"},{"taxonomy":"product_cat","embeddable":true,"href":"https:\/\/primacover.com\/pl\/wp-json\/wp\/v2\/product_cat?post=135881"},{"taxonomy":"product_tag","embeddable":true,"href":"https:\/\/primacover.com\/pl\/wp-json\/wp\/v2\/product_tag?post=135881"}],"curies":[{"name":"wp","href":"https:\/\/api.w.org\/{rel}","templated":true}]}}