{"id":135884,"date":"2022-05-02T12:54:39","date_gmt":"2022-05-02T10:54:39","guid":{"rendered":"https:\/\/primacover.com\/?post_type=product&#038;p=135884"},"modified":"2026-04-03T11:29:43","modified_gmt":"2026-04-03T09:29:43","slug":"primacover-active","status":"publish","type":"product","link":"https:\/\/primacover.com\/pl\/product\/primacover-active\/","title":{"rendered":"PrimaCover Active"},"content":{"rendered":"<h2>Oddychaj\u0105ca w\u0142\u00f3knina ochronna<\/h2>\n<p>PrimaCover Active to samoprzylepna i aktywnie oddychaj\u0105ca w\u0142\u00f3knina ochronna. Membrana u g\u00f3ry pozwala na odprowadzanie wilgoci, jednocze\u015bnie zapobiegaj\u0105c przenikaniu cieczy do \u015brodka. Opracowana specjalnie do \u015bwie\u017co po\u0142o\u017conych lub poddanych obr\u00f3bce pod\u0142\u00f3g z kamienia naturalnego, wyeksponowany beton itp.<\/p>\n<p><strong>W\u0142a\u015bciwo\u015bci:<\/strong><\/p>\n<ul>\n<li>Aktywnie oddychaj\u0105ca (1,2l\/m\u00b2\/24h)<\/li>\n<li>Nieprzepuszczaj\u0105ca cieczy<\/li>\n<li>Antypo\u015blizgowa<\/li>\n<li>Samoprzylepna<\/li>\n<li>Amortyzuj\u0105ca wstrz\u0105sy<\/li>\n<\/ul>\n<p><strong>Aplikacje:<\/strong><\/p>\n<ul>\n<li>Opracowana specjalnie do \u015bwie\u017co po\u0142o\u017conych lub poddanych obr\u00f3bce pod\u0142\u00f3g z kamienia naturalnego, wyeksponowany beton itp.<\/li>\n<\/ul>\n<p><strong>Instrukcje:<\/strong><\/p>\n<ul>\n<li>Nale\u017cy sprawdzi\u0107 wcze\u015bniej, czy produkt nadaje si\u0119 do danego zastosowania.<\/li>\n<li>Przed u\u017cyciem nale\u017cy wy\u0142\u0105czy\u0107 ogrzewanie pod\u0142ogowe.<\/li>\n<\/ul>\n","protected":false},"excerpt":{"rendered":"<h2>Oddychaj\u0105ca w\u0142\u00f3knina ochronna<\/h2>\n","protected":false},"featured_media":135263,"menu_order":18,"template":"","meta":{"generate_page_header":""},"product_brand":[],"product_cat":[4079],"product_tag":[4101,4125,4126,4124],"class_list":{"0":"post-135884","1":"product","2":"type-product","3":"status-publish","4":"has-post-thumbnail","6":"product_cat-wloknina-ochronna","7":"product_tag-ace-dokladnie-wysuszone-nie-zawieraja-wilgoci","8":"product_tag-poddanych-obrobce","9":"product_tag-samoprzylepny","10":"product_tag-swiezo-polozonych","11":"pa_breedte-1-pl","12":"pa_breedte-2-pl","13":"pa_eenheid-m-pl-2","14":"pa_foliedikte-0-pl","15":"pa_frame-0-pl","16":"pa_lengte-25-pl","17":"pa_lengte-50-pl","18":"pa_matten30-0-0x30-pl-2","19":"pa_merk-primacover-pl-2","20":"pa_objecttypen-podloga","21":"pa_objecttypen-schody","22":"pa_ondergrond-beton-architektoniczny","23":"pa_ondergrond-drewno-nieobrobione","24":"pa_ondergrond-kamien-naturalny","25":"pa_ondergrond-odlewana-podloga-z-tworzywa-sztucznego","26":"pa_ondergrond-prefabrykaty-betonowe","27":"pa_ondergrond-tworzywo-sztuczne","28":"pa_ondergrond-winyl","29":"","30":"woocommerce-text-align-center","31":"woocommerce-image-align-center","32":"do-quantity-buttons","34":"first","35":"instock","36":"shipping-taxable","37":"product-type-simple"},"yoast_head":"<!-- This site is optimized with the Yoast SEO Premium plugin v26.7 (Yoast SEO v27.3) - https:\/\/yoast.com\/product\/yoast-seo-premium-wordpress\/ -->\n<title>PrimaCover Active Afdekvlies<\/title>\n<meta name=\"description\" content=\"PrimaCover Active is een zelfklevend en ademingsactief polyester afdekvlies. Aan de bovenzijde voorzien van een meerlagig membraan dat vocht laat ontsnappen en het binnendringen van vloeistoffen verhindert. Vochtregulerend en speciaal ontwikkeld voor vloeren die gevoelig zijn voor vocht zoals natuursteen- en zichtbeton vloeren.\" \/>\n<meta name=\"robots\" content=\"index, follow, max-snippet:-1, max-image-preview:large, max-video-preview:-1\" \/>\n<link rel=\"canonical\" href=\"https:\/\/primacover.com\/pl\/product\/primacover-active\/\" \/>\n<meta property=\"og:locale\" content=\"pl_PL\" \/>\n<meta property=\"og:type\" content=\"article\" \/>\n<meta property=\"og:title\" content=\"PrimaCover Active\" \/>\n<meta property=\"og:description\" content=\"PrimaCover Active is een zelfklevend en ademingsactief polyester afdekvlies. Aan de bovenzijde voorzien van een meerlagig membraan dat vocht laat ontsnappen en het binnendringen van vloeistoffen verhindert. Vochtregulerend en speciaal ontwikkeld voor vloeren die gevoelig zijn voor vocht zoals natuursteen- en zichtbeton vloeren.\" \/>\n<meta property=\"og:url\" content=\"https:\/\/primacover.com\/pl\/product\/primacover-active\/\" \/>\n<meta property=\"og:site_name\" content=\"PrimaCover\" \/>\n<meta property=\"article:publisher\" content=\"https:\/\/www.facebook.com\/PrimaverdeBV\" \/>\n<meta property=\"article:modified_time\" content=\"2026-04-03T09:29:43+00:00\" \/>\n<meta property=\"og:image\" content=\"https:\/\/primacover.com\/wp-content\/uploads\/2022\/04\/Active_P0NZ_s01.jpg\" \/>\n\t<meta property=\"og:image:width\" content=\"600\" \/>\n\t<meta property=\"og:image:height\" content=\"600\" \/>\n\t<meta property=\"og:image:type\" content=\"image\/jpeg\" \/>\n<meta name=\"twitter:card\" content=\"summary_large_image\" \/>\n<meta name=\"twitter:label1\" content=\"Cena\" \/>\n\t<meta name=\"twitter:data1\" content=\"\" \/>\n\t<meta name=\"twitter:label2\" content=\"Dost\u0119pno\u015b\u0107\" \/>\n\t<meta name=\"twitter:data2\" content=\"Dost\u0119pny\" \/>\n<script type=\"application\/ld+json\" class=\"yoast-schema-graph\">{\"@context\":\"https:\\\/\\\/schema.org\",\"@graph\":[{\"@type\":\"WebPage\",\"@id\":\"https:\\\/\\\/primacover.com\\\/pl\\\/product\\\/primacover-active\\\/\",\"url\":\"https:\\\/\\\/primacover.com\\\/pl\\\/product\\\/primacover-active\\\/\",\"name\":\"PrimaCover Active Afdekvlies\",\"isPartOf\":{\"@id\":\"https:\\\/\\\/primacover.com\\\/pl\\\/#website\"},\"primaryImageOfPage\":{\"@id\":\"https:\\\/\\\/primacover.com\\\/pl\\\/product\\\/primacover-active\\\/#primaryimage\"},\"image\":{\"@id\":\"https:\\\/\\\/primacover.com\\\/pl\\\/product\\\/primacover-active\\\/#primaryimage\"},\"thumbnailUrl\":\"https:\\\/\\\/primacover.com\\\/wp-content\\\/uploads\\\/2022\\\/04\\\/Active_P0NZ_s01.jpg\",\"datePublished\":\"2022-05-02T10:54:39+00:00\",\"dateModified\":\"2026-04-03T09:29:43+00:00\",\"description\":\"PrimaCover Active is een zelfklevend en ademingsactief polyester afdekvlies. Aan de bovenzijde voorzien van een meerlagig membraan dat vocht laat ontsnappen en het binnendringen van vloeistoffen verhindert. Vochtregulerend en speciaal ontwikkeld voor vloeren die gevoelig zijn voor vocht zoals natuursteen- en zichtbeton vloeren.\",\"breadcrumb\":{\"@id\":\"https:\\\/\\\/primacover.com\\\/pl\\\/product\\\/primacover-active\\\/#breadcrumb\"},\"inLanguage\":\"pl-PL\",\"potentialAction\":[{\"@type\":\"ReadAction\",\"target\":[\"https:\\\/\\\/primacover.com\\\/pl\\\/product\\\/primacover-active\\\/\"]}]},{\"@type\":\"ImageObject\",\"inLanguage\":\"pl-PL\",\"@id\":\"https:\\\/\\\/primacover.com\\\/pl\\\/product\\\/primacover-active\\\/#primaryimage\",\"url\":\"https:\\\/\\\/primacover.com\\\/wp-content\\\/uploads\\\/2022\\\/04\\\/Active_P0NZ_s01.jpg\",\"contentUrl\":\"https:\\\/\\\/primacover.com\\\/wp-content\\\/uploads\\\/2022\\\/04\\\/Active_P0NZ_s01.jpg\",\"width\":600,\"height\":600},{\"@type\":\"BreadcrumbList\",\"@id\":\"https:\\\/\\\/primacover.com\\\/pl\\\/product\\\/primacover-active\\\/#breadcrumb\",\"itemListElement\":[{\"@type\":\"ListItem\",\"position\":1,\"name\":\"Home\",\"item\":\"https:\\\/\\\/primacover.com\\\/pl\\\/\"},{\"@type\":\"ListItem\",\"position\":2,\"name\":\"Produkty\",\"item\":\"https:\\\/\\\/primacover.com\\\/pl\\\/producten\\\/\"},{\"@type\":\"ListItem\",\"position\":3,\"name\":\"PrimaCover Active\"}]},{\"@type\":\"WebSite\",\"@id\":\"https:\\\/\\\/primacover.com\\\/pl\\\/#website\",\"url\":\"https:\\\/\\\/primacover.com\\\/pl\\\/\",\"name\":\"PrimaCover\",\"description\":\"afdekvlies-afdekfolie-stofdeuren, coveringmaterials-dustdoors\",\"publisher\":{\"@id\":\"https:\\\/\\\/primacover.com\\\/pl\\\/#organization\"},\"potentialAction\":[{\"@type\":\"SearchAction\",\"target\":{\"@type\":\"EntryPoint\",\"urlTemplate\":\"https:\\\/\\\/primacover.com\\\/pl\\\/?s={search_term_string}\"},\"query-input\":{\"@type\":\"PropertyValueSpecification\",\"valueRequired\":true,\"valueName\":\"search_term_string\"}}],\"inLanguage\":\"pl-PL\"},{\"@type\":\"Organization\",\"@id\":\"https:\\\/\\\/primacover.com\\\/pl\\\/#organization\",\"name\":\"PrimaCover\",\"url\":\"https:\\\/\\\/primacover.com\\\/pl\\\/\",\"logo\":{\"@type\":\"ImageObject\",\"inLanguage\":\"pl-PL\",\"@id\":\"https:\\\/\\\/primacover.com\\\/pl\\\/#\\\/schema\\\/logo\\\/image\\\/\",\"url\":\"\",\"contentUrl\":\"\",\"caption\":\"PrimaCover\"},\"image\":{\"@id\":\"https:\\\/\\\/primacover.com\\\/pl\\\/#\\\/schema\\\/logo\\\/image\\\/\"},\"sameAs\":[\"https:\\\/\\\/www.facebook.com\\\/PrimaverdeBV\",\"https:\\\/\\\/nl.linkedin.com\\\/company\\\/primaverde\",\"https:\\\/\\\/www.youtube.com\\\/channel\\\/UC3DwQqj8f8tatLdSFA0aWwA\"]}]}<\/script>\n<meta property=\"product:brand\" content=\"PrimaCover\" \/>\n<meta property=\"product:price:currency\" content=\"EUR\" \/>\n<meta property=\"og:availability\" content=\"instock\" \/>\n<meta property=\"product:availability\" content=\"instock\" \/>\n<meta property=\"product:retailer_item_id\" content=\"PC900046\" \/>\n<meta property=\"product:condition\" content=\"new\" \/>\n<!-- \/ Yoast SEO Premium plugin. -->","yoast_head_json":{"title":"PrimaCover Active Afdekvlies","description":"PrimaCover Active is een zelfklevend en ademingsactief polyester afdekvlies. Aan de bovenzijde voorzien van een meerlagig membraan dat vocht laat ontsnappen en het binnendringen van vloeistoffen verhindert. Vochtregulerend en speciaal ontwikkeld voor vloeren die gevoelig zijn voor vocht zoals natuursteen- en zichtbeton vloeren.","robots":{"index":"index","follow":"follow","max-snippet":"max-snippet:-1","max-image-preview":"max-image-preview:large","max-video-preview":"max-video-preview:-1"},"canonical":"https:\/\/primacover.com\/pl\/product\/primacover-active\/","og_locale":"pl_PL","og_type":"article","og_title":"PrimaCover Active","og_description":"PrimaCover Active is een zelfklevend en ademingsactief polyester afdekvlies. Aan de bovenzijde voorzien van een meerlagig membraan dat vocht laat ontsnappen en het binnendringen van vloeistoffen verhindert. Vochtregulerend en speciaal ontwikkeld voor vloeren die gevoelig zijn voor vocht zoals natuursteen- en zichtbeton vloeren.","og_url":"https:\/\/primacover.com\/pl\/product\/primacover-active\/","og_site_name":"PrimaCover","article_publisher":"https:\/\/www.facebook.com\/PrimaverdeBV","article_modified_time":"2026-04-03T09:29:43+00:00","og_image":[{"width":600,"height":600,"url":"https:\/\/primacover.com\/wp-content\/uploads\/2022\/04\/Active_P0NZ_s01.jpg","type":"image\/jpeg"}],"twitter_card":"summary_large_image","twitter_misc":{"Cena":"","Dost\u0119pno\u015b\u0107":"Dost\u0119pny"},"schema":{"@context":"https:\/\/schema.org","@graph":[{"@type":"WebPage","@id":"https:\/\/primacover.com\/pl\/product\/primacover-active\/","url":"https:\/\/primacover.com\/pl\/product\/primacover-active\/","name":"PrimaCover Active Afdekvlies","isPartOf":{"@id":"https:\/\/primacover.com\/pl\/#website"},"primaryImageOfPage":{"@id":"https:\/\/primacover.com\/pl\/product\/primacover-active\/#primaryimage"},"image":{"@id":"https:\/\/primacover.com\/pl\/product\/primacover-active\/#primaryimage"},"thumbnailUrl":"https:\/\/primacover.com\/wp-content\/uploads\/2022\/04\/Active_P0NZ_s01.jpg","datePublished":"2022-05-02T10:54:39+00:00","dateModified":"2026-04-03T09:29:43+00:00","description":"PrimaCover Active is een zelfklevend en ademingsactief polyester afdekvlies. Aan de bovenzijde voorzien van een meerlagig membraan dat vocht laat ontsnappen en het binnendringen van vloeistoffen verhindert. Vochtregulerend en speciaal ontwikkeld voor vloeren die gevoelig zijn voor vocht zoals natuursteen- en zichtbeton vloeren.","breadcrumb":{"@id":"https:\/\/primacover.com\/pl\/product\/primacover-active\/#breadcrumb"},"inLanguage":"pl-PL","potentialAction":[{"@type":"ReadAction","target":["https:\/\/primacover.com\/pl\/product\/primacover-active\/"]}]},{"@type":"ImageObject","inLanguage":"pl-PL","@id":"https:\/\/primacover.com\/pl\/product\/primacover-active\/#primaryimage","url":"https:\/\/primacover.com\/wp-content\/uploads\/2022\/04\/Active_P0NZ_s01.jpg","contentUrl":"https:\/\/primacover.com\/wp-content\/uploads\/2022\/04\/Active_P0NZ_s01.jpg","width":600,"height":600},{"@type":"BreadcrumbList","@id":"https:\/\/primacover.com\/pl\/product\/primacover-active\/#breadcrumb","itemListElement":[{"@type":"ListItem","position":1,"name":"Home","item":"https:\/\/primacover.com\/pl\/"},{"@type":"ListItem","position":2,"name":"Produkty","item":"https:\/\/primacover.com\/pl\/producten\/"},{"@type":"ListItem","position":3,"name":"PrimaCover Active"}]},{"@type":"WebSite","@id":"https:\/\/primacover.com\/pl\/#website","url":"https:\/\/primacover.com\/pl\/","name":"PrimaCover","description":"afdekvlies-afdekfolie-stofdeuren, coveringmaterials-dustdoors","publisher":{"@id":"https:\/\/primacover.com\/pl\/#organization"},"potentialAction":[{"@type":"SearchAction","target":{"@type":"EntryPoint","urlTemplate":"https:\/\/primacover.com\/pl\/?s={search_term_string}"},"query-input":{"@type":"PropertyValueSpecification","valueRequired":true,"valueName":"search_term_string"}}],"inLanguage":"pl-PL"},{"@type":"Organization","@id":"https:\/\/primacover.com\/pl\/#organization","name":"PrimaCover","url":"https:\/\/primacover.com\/pl\/","logo":{"@type":"ImageObject","inLanguage":"pl-PL","@id":"https:\/\/primacover.com\/pl\/#\/schema\/logo\/image\/","url":"","contentUrl":"","caption":"PrimaCover"},"image":{"@id":"https:\/\/primacover.com\/pl\/#\/schema\/logo\/image\/"},"sameAs":["https:\/\/www.facebook.com\/PrimaverdeBV","https:\/\/nl.linkedin.com\/company\/primaverde","https:\/\/www.youtube.com\/channel\/UC3DwQqj8f8tatLdSFA0aWwA"]}]},"product_brand":"PrimaCover","product_price_currency":"EUR","og_availability":"instock","product_availability":"instock","product_retailer_item_id":"PC900046","product_condition":"new"},"_links":{"self":[{"href":"https:\/\/primacover.com\/pl\/wp-json\/wp\/v2\/product\/135884","targetHints":{"allow":["GET"]}}],"collection":[{"href":"https:\/\/primacover.com\/pl\/wp-json\/wp\/v2\/product"}],"about":[{"href":"https:\/\/primacover.com\/pl\/wp-json\/wp\/v2\/types\/product"}],"wp:featuredmedia":[{"embeddable":true,"href":"https:\/\/primacover.com\/pl\/wp-json\/wp\/v2\/media\/135263"}],"wp:attachment":[{"href":"https:\/\/primacover.com\/pl\/wp-json\/wp\/v2\/media?parent=135884"}],"wp:term":[{"taxonomy":"product_brand","embeddable":true,"href":"https:\/\/primacover.com\/pl\/wp-json\/wp\/v2\/product_brand?post=135884"},{"taxonomy":"product_cat","embeddable":true,"href":"https:\/\/primacover.com\/pl\/wp-json\/wp\/v2\/product_cat?post=135884"},{"taxonomy":"product_tag","embeddable":true,"href":"https:\/\/primacover.com\/pl\/wp-json\/wp\/v2\/product_tag?post=135884"}],"curies":[{"name":"wp","href":"https:\/\/api.w.org\/{rel}","templated":true}]}}